{"id":9008,"date":"2022-10-17T16:51:18","date_gmt":"2022-10-17T14:51:18","guid":{"rendered":"https:\/\/www.lraloeverashop.eu\/product\/racine-q10-serum-collagene-visage\/"},"modified":"2026-02-02T19:26:01","modified_gmt":"2026-02-02T18:26:01","slug":"racine-q10-serum-collagene-visage","status":"publish","type":"product","link":"https:\/\/www.lraloeverashop.eu\/fr\/produit\/racine-q10-serum-collagene-visage\/","title":{"rendered":"Serum Visage Racine Q10 Collag\u00e8ne"},"content":{"rendered":"<h2><span style=\"font-size: 16pt;\"><strong>Serum Visage Racine Q10 Collag\u00e8ne<\/strong><\/span><\/h2>\n<p><span style=\"font-size: 14pt;\"><strong>Serum Visage Racine Q10 Collag\u00e8ne Pour une peau fra\u00eeche, jeune et lisse<\/strong><\/span><\/p>\n<p>Une hydratation intense avec un effet sp\u00e9cial : Le Racine Q10 a \u00e9t\u00e9 d\u00e9velopp\u00e9 pour att\u00e9nuer les rides et renforcer la structure de la peau. Les lin\u00e9aments du visage peuvent \u00eatre plus d\u00e9tendus apr\u00e8s utilisation. Les principes actifs concentr\u00e9s nourrissent intens\u00e9ment la peau et favorisent sa <a href=\"https:\/\/www.lraloeverashop.eu\/fr\/produit\/serum-pour-le-visage-skin-balance\/\">r\u00e9g\u00e9n\u00e9ration naturelle<\/a>.<\/p>\n<p>Le collag\u00e8ne est une prot\u00e9ine corporelle qui maintient la peau tendue et \u00e9lastique. Utilis\u00e9 comme ingr\u00e9dient dans les cosm\u00e9tiques, le <a href=\"https:\/\/www.lraloeverashop.eu\/fr\/produit\/racine-q10-energy-creme-de-jour\/\">collag\u00e8ne hydrate<\/a> rapidement la peau, qui devient ferme et lisse.<\/p>\n<p>&nbsp;<\/p>\n<h3><strong><span style=\"font-size: 16pt;\">Comment l&rsquo;utiliser<\/span><\/strong><\/h3>\n<p>Appliquer Serum Visage Racine Q10 Collag\u00e8ne le matin apr\u00e8s nettoyage sur le visage, le cou et le d\u00e9collet\u00e9. Choisissez ensuite la cr\u00e8me de soin adapt\u00e9e \u00e0 votre type de peau.<\/p>\n<p>&nbsp;<\/p>\n<h4><strong><span style=\"font-size: 16pt;\">Le saviez-vous ?<\/span><\/strong><\/h4>\n<p>Si vous sentez que la peau a l&rsquo;air un <a href=\"https:\/\/www.lraloeverashop.eu\/fr\/produit\/aloe-vera-gel-concentre-hydratant\/\">peu fatigu\u00e9e et s\u00e8che<\/a>, apr\u00e8s une longue nuit de f\u00eate ou \u00e0 travers l&rsquo;air chauff\u00e9 en hiver. Le Serum Visage Q10 Collag\u00e8ne convient bien comme soutien pour r\u00e9g\u00e9n\u00e9rer la peau.<\/p>\n","protected":false},"excerpt":{"rendered":"<ul>\n<li>Booster d\u2019hydratation anti-\u00e2ge<\/li>\n<li>S\u00e9rum hautement concentr\u00e9<\/li>\n<li>Apporte plus de r\u00e9silience et d\u2019\u00e9lasticit\u00e9<\/li>\n<li>Convient \u00e9galement aux peaux fatigu\u00e9es et s\u00e8ches<\/li>\n<li>Produit fabriqu\u00e9 en Allemagne<\/li>\n<li>Contenu : 30 ml<\/li>\n<\/ul>\n<p style=\"text-align: left;\"><span style=\"color: #ff0000;\"><a style=\"color: #ff0000;\" href=\"https:\/\/shop.lrworld.com\/openpao?PHP=0vFlt7jT938BEnBI3a6e9w%3D%3D\"><span style=\"font-size: 14pt;\"><strong>Inscrivez-vous et \u00e9conomisez 35% sur chaque commande<\/strong><\/span><\/a><\/span><\/p>\n","protected":false},"featured_media":5886,"comment_status":"open","ping_status":"closed","template":"","meta":{"_kad_blocks_custom_css":"","_kad_blocks_head_custom_js":"","_kad_blocks_body_custom_js":"","_kad_blocks_footer_custom_js":"","_kadence_starter_templates_imported_post":false,"_kad_post_transparent":"default","_kad_post_title":"","_kad_post_layout":"default","_kad_post_sidebar_id":"","_kad_post_content_style":"default","_kad_post_vertical_padding":"default","_kad_post_feature":"","_kad_post_feature_position":"","_kad_post_header":false,"_kad_post_footer":false,"_kad_post_classname":""},"product_brand":[],"product_cat":[284,327,380,266,351],"product_tag":[],"class_list":{"0":"post-9008","1":"product","2":"type-product","3":"status-publish","4":"has-post-thumbnail","6":"product_cat-femmes-jusqua-40-ans","7":"product_cat-produits-anti-age","8":"product_cat-racine-fr","9":"product_cat-soins-anti-age","10":"product_cat-soldes","12":"first","13":"instock","14":"sale","15":"taxable","16":"shipping-taxable","17":"purchasable","18":"product-type-simple","19":"entry","20":"content-bg","21":"loop-entry"},"yoast_head":"<!-- This site is optimized with the Yoast SEO Premium plugin v27.4 (Yoast SEO v27.4) - https:\/\/yoast.com\/product\/yoast-seo-premium-wordpress\/ -->\n<title>Serum Visage Racine Q10 Collag\u00e8ne Pour une peau jeune et lisse<\/title>\n<meta name=\"description\" content=\"Serum Visage Racine Q10 Collag\u00e8ne hautement concentr\u00e9 apporte plus de r\u00e9silience et d\u2019\u00e9lasticit\u00e9. Convient \u00e9galement aux peaux fatigu\u00e9es et s\u00e8ches\" \/>\n<meta name=\"robots\" content=\"index, follow, max-snippet:-1, max-image-preview:large, max-video-preview:-1\" \/>\n<link rel=\"canonical\" href=\"https:\/\/www.lraloeverashop.eu\/fr\/produit\/racine-q10-serum-collagene-visage\/\" \/>\n<meta property=\"og:locale\" content=\"fr_FR\" \/>\n<meta property=\"og:type\" content=\"article\" \/>\n<meta property=\"og:title\" content=\"Serum Visage Racine Q10 Collag\u00e8ne\" \/>\n<meta property=\"og:description\" content=\"Serum Visage Racine Q10 Collag\u00e8ne hautement concentr\u00e9 apporte plus de r\u00e9silience et d\u2019\u00e9lasticit\u00e9. Convient \u00e9galement aux peaux fatigu\u00e9es et s\u00e8ches\" \/>\n<meta property=\"og:url\" content=\"https:\/\/www.lraloeverashop.eu\/fr\/produit\/racine-q10-serum-collagene-visage\/\" \/>\n<meta property=\"og:site_name\" content=\"Boutique Lr Aloe Vera\" \/>\n<meta property=\"article:publisher\" content=\"https:\/\/www.facebook.com\/lraloeverashop.eu\" \/>\n<meta property=\"article:modified_time\" content=\"2026-02-02T18:26:01+00:00\" \/>\n<meta property=\"og:image\" content=\"https:\/\/www.lraloeverashop.eu\/wp-content\/uploads\/2022\/10\/Racine-Collagen-Serum.jpg\" \/>\n\t<meta property=\"og:image:width\" content=\"1200\" \/>\n\t<meta property=\"og:image:height\" content=\"1200\" \/>\n\t<meta property=\"og:image:type\" content=\"image\/jpeg\" \/>\n<meta name=\"twitter:card\" content=\"summary_large_image\" \/>\n<meta name=\"twitter:site\" content=\"@natur__kosmetik\" \/>\n<script type=\"application\/ld+json\" class=\"yoast-schema-graph\">{\"@context\":\"https:\\\/\\\/schema.org\",\"@graph\":[{\"@type\":[\"WebPage\",\"ItemPage\"],\"@id\":\"https:\\\/\\\/www.lraloeverashop.eu\\\/fr\\\/produit\\\/racine-q10-serum-collagene-visage\\\/\",\"url\":\"https:\\\/\\\/www.lraloeverashop.eu\\\/fr\\\/produit\\\/racine-q10-serum-collagene-visage\\\/\",\"name\":\"Serum Visage Racine Q10 Collag\u00e8ne Pour une peau jeune et lisse\",\"isPartOf\":{\"@id\":\"https:\\\/\\\/www.lraloeverashop.eu\\\/fr\\\/#website\"},\"primaryImageOfPage\":{\"@id\":\"https:\\\/\\\/www.lraloeverashop.eu\\\/fr\\\/produit\\\/racine-q10-serum-collagene-visage\\\/#primaryimage\"},\"image\":{\"@id\":\"https:\\\/\\\/www.lraloeverashop.eu\\\/fr\\\/produit\\\/racine-q10-serum-collagene-visage\\\/#primaryimage\"},\"thumbnailUrl\":\"https:\\\/\\\/www.lraloeverashop.eu\\\/wp-content\\\/uploads\\\/2022\\\/10\\\/Racine-Collagen-Serum.jpg\",\"datePublished\":\"2022-10-17T14:51:18+00:00\",\"dateModified\":\"2026-02-02T18:26:01+00:00\",\"description\":\"Serum Visage Racine Q10 Collag\u00e8ne hautement concentr\u00e9 apporte plus de r\u00e9silience et d\u2019\u00e9lasticit\u00e9. Convient \u00e9galement aux peaux fatigu\u00e9es et s\u00e8ches\",\"breadcrumb\":{\"@id\":\"https:\\\/\\\/www.lraloeverashop.eu\\\/fr\\\/produit\\\/racine-q10-serum-collagene-visage\\\/#breadcrumb\"},\"inLanguage\":\"fr-FR\",\"potentialAction\":[{\"@type\":\"ReadAction\",\"target\":[\"https:\\\/\\\/www.lraloeverashop.eu\\\/fr\\\/produit\\\/racine-q10-serum-collagene-visage\\\/\"]}]},{\"@type\":\"ImageObject\",\"inLanguage\":\"fr-FR\",\"@id\":\"https:\\\/\\\/www.lraloeverashop.eu\\\/fr\\\/produit\\\/racine-q10-serum-collagene-visage\\\/#primaryimage\",\"url\":\"https:\\\/\\\/www.lraloeverashop.eu\\\/wp-content\\\/uploads\\\/2022\\\/10\\\/Racine-Collagen-Serum.jpg\",\"contentUrl\":\"https:\\\/\\\/www.lraloeverashop.eu\\\/wp-content\\\/uploads\\\/2022\\\/10\\\/Racine-Collagen-Serum.jpg\",\"width\":1200,\"height\":1200,\"caption\":\"S\u00e9rum au Collag\u00e8ne Racine avec Panth\u00e9nol\"},{\"@type\":\"BreadcrumbList\",\"@id\":\"https:\\\/\\\/www.lraloeverashop.eu\\\/fr\\\/produit\\\/racine-q10-serum-collagene-visage\\\/#breadcrumb\",\"itemListElement\":[{\"@type\":\"ListItem\",\"position\":1,\"name\":\"Home\",\"item\":\"https:\\\/\\\/www.lraloeverashop.eu\\\/fr\\\/\"},{\"@type\":\"ListItem\",\"position\":2,\"name\":\"Boutique\",\"item\":\"https:\\\/\\\/www.lraloeverashop.eu\\\/fr\\\/boutique\\\/\"},{\"@type\":\"ListItem\",\"position\":3,\"name\":\"Serum Visage Racine Q10 Collag\u00e8ne\"}]},{\"@type\":\"WebSite\",\"@id\":\"https:\\\/\\\/www.lraloeverashop.eu\\\/fr\\\/#website\",\"url\":\"https:\\\/\\\/www.lraloeverashop.eu\\\/fr\\\/\",\"name\":\"Boutique Lr Aloe Vera\",\"description\":\"High Quality Lr Aloe Vera Gel, Aloe Vera Cream and Shampoo\",\"publisher\":{\"@id\":\"https:\\\/\\\/www.lraloeverashop.eu\\\/fr\\\/#organization\"},\"potentialAction\":[{\"@type\":\"SearchAction\",\"target\":{\"@type\":\"EntryPoint\",\"urlTemplate\":\"https:\\\/\\\/www.lraloeverashop.eu\\\/fr\\\/?s={search_term_string}\"},\"query-input\":{\"@type\":\"PropertyValueSpecification\",\"valueRequired\":true,\"valueName\":\"search_term_string\"}}],\"inLanguage\":\"fr-FR\"},{\"@type\":\"Organization\",\"@id\":\"https:\\\/\\\/www.lraloeverashop.eu\\\/fr\\\/#organization\",\"name\":\"Boutique Lr Aloe Vera\",\"alternateName\":\"LR\",\"url\":\"https:\\\/\\\/www.lraloeverashop.eu\\\/fr\\\/\",\"logo\":{\"@type\":\"ImageObject\",\"inLanguage\":\"fr-FR\",\"@id\":\"https:\\\/\\\/www.lraloeverashop.eu\\\/fr\\\/#\\\/schema\\\/logo\\\/image\\\/\",\"url\":\"https:\\\/\\\/www.lraloeverashop.eu\\\/wp-content\\\/uploads\\\/2022\\\/09\\\/cropped-Lr-Aloe-Vera-Shop.jpg\",\"contentUrl\":\"https:\\\/\\\/www.lraloeverashop.eu\\\/wp-content\\\/uploads\\\/2022\\\/09\\\/cropped-Lr-Aloe-Vera-Shop.jpg\",\"width\":228,\"height\":76,\"caption\":\"Boutique Lr Aloe Vera\"},\"image\":{\"@id\":\"https:\\\/\\\/www.lraloeverashop.eu\\\/fr\\\/#\\\/schema\\\/logo\\\/image\\\/\"},\"sameAs\":[\"https:\\\/\\\/www.facebook.com\\\/lraloeverashop.eu\",\"https:\\\/\\\/x.com\\\/natur__kosmetik\",\"https:\\\/\\\/www.youtube.com\\\/channel\\\/UC5oN7BJ8nfYb8RpVtjwDEBA\",\"https:\\\/\\\/www.instagram.com\\\/lrbeautyeu\\\/\"],\"description\":\"La boutique LR Aloe Vera est votre destination de confiance pour les produits de sant\u00e9 et de beaut\u00e9 haut de gamme LR, fabriqu\u00e9s en Allemagne. Nous proposons des soins de la peau, des compl\u00e9ments nutritionnels et des solutions anti-\u00e2ge \u00e0 l'aloe vera de haute qualit\u00e9, \u00e9labor\u00e9s \u00e0 partir d'ingr\u00e9dients purs et valid\u00e9s par la recherche scientifique. D\u00e9couvrez des soins naturels qui r\u00e9g\u00e9n\u00e8rent, prot\u00e8gent et revitalisent votre peau, et profitez d'offres mensuelles exclusives sur nos produits LR Aloe Vera les plus vendus.\\n\\nCommencez d\u00e8s aujourd'hui votre parcours vers des soins naturels et constatez la diff\u00e9rence.\",\"email\":\"info@lraloeverashop.eu\",\"telephone\":\"+49 17670609653\",\"legalName\":\"Lr Aloe Vera Shop\",\"foundingDate\":\"2018-04-21\",\"numberOfEmployees\":{\"@type\":\"QuantitativeValue\",\"minValue\":\"1\",\"maxValue\":\"10\"}}]}<\/script>\n<meta property=\"product:price:amount\" content=\"22.59\" \/>\n<meta property=\"product:price:currency\" content=\"EUR\" \/>\n<meta property=\"og:availability\" content=\"instock\" \/>\n<meta property=\"product:availability\" content=\"instock\" \/>\n<meta property=\"product:retailer_item_id\" content=\"28504-1FR\" \/>\n<meta property=\"product:condition\" content=\"new\" \/>\n<!-- \/ Yoast SEO Premium plugin. -->","yoast_head_json":{"title":"Serum Visage Racine Q10 Collag\u00e8ne Pour une peau jeune et lisse","description":"Serum Visage Racine Q10 Collag\u00e8ne hautement concentr\u00e9 apporte plus de r\u00e9silience et d\u2019\u00e9lasticit\u00e9. Convient \u00e9galement aux peaux fatigu\u00e9es et s\u00e8ches","robots":{"index":"index","follow":"follow","max-snippet":"max-snippet:-1","max-image-preview":"max-image-preview:large","max-video-preview":"max-video-preview:-1"},"canonical":"https:\/\/www.lraloeverashop.eu\/fr\/produit\/racine-q10-serum-collagene-visage\/","og_locale":"fr_FR","og_type":"article","og_title":"Serum Visage Racine Q10 Collag\u00e8ne","og_description":"Serum Visage Racine Q10 Collag\u00e8ne hautement concentr\u00e9 apporte plus de r\u00e9silience et d\u2019\u00e9lasticit\u00e9. Convient \u00e9galement aux peaux fatigu\u00e9es et s\u00e8ches","og_url":"https:\/\/www.lraloeverashop.eu\/fr\/produit\/racine-q10-serum-collagene-visage\/","og_site_name":"Boutique Lr Aloe Vera","article_publisher":"https:\/\/www.facebook.com\/lraloeverashop.eu","article_modified_time":"2026-02-02T18:26:01+00:00","og_image":[{"width":1200,"height":1200,"url":"https:\/\/www.lraloeverashop.eu\/wp-content\/uploads\/2022\/10\/Racine-Collagen-Serum.jpg","type":"image\/jpeg"}],"twitter_card":"summary_large_image","twitter_site":"@natur__kosmetik","schema":{"@context":"https:\/\/schema.org","@graph":[{"@type":["WebPage","ItemPage"],"@id":"https:\/\/www.lraloeverashop.eu\/fr\/produit\/racine-q10-serum-collagene-visage\/","url":"https:\/\/www.lraloeverashop.eu\/fr\/produit\/racine-q10-serum-collagene-visage\/","name":"Serum Visage Racine Q10 Collag\u00e8ne Pour une peau jeune et lisse","isPartOf":{"@id":"https:\/\/www.lraloeverashop.eu\/fr\/#website"},"primaryImageOfPage":{"@id":"https:\/\/www.lraloeverashop.eu\/fr\/produit\/racine-q10-serum-collagene-visage\/#primaryimage"},"image":{"@id":"https:\/\/www.lraloeverashop.eu\/fr\/produit\/racine-q10-serum-collagene-visage\/#primaryimage"},"thumbnailUrl":"https:\/\/www.lraloeverashop.eu\/wp-content\/uploads\/2022\/10\/Racine-Collagen-Serum.jpg","datePublished":"2022-10-17T14:51:18+00:00","dateModified":"2026-02-02T18:26:01+00:00","description":"Serum Visage Racine Q10 Collag\u00e8ne hautement concentr\u00e9 apporte plus de r\u00e9silience et d\u2019\u00e9lasticit\u00e9. Convient \u00e9galement aux peaux fatigu\u00e9es et s\u00e8ches","breadcrumb":{"@id":"https:\/\/www.lraloeverashop.eu\/fr\/produit\/racine-q10-serum-collagene-visage\/#breadcrumb"},"inLanguage":"fr-FR","potentialAction":[{"@type":"ReadAction","target":["https:\/\/www.lraloeverashop.eu\/fr\/produit\/racine-q10-serum-collagene-visage\/"]}]},{"@type":"ImageObject","inLanguage":"fr-FR","@id":"https:\/\/www.lraloeverashop.eu\/fr\/produit\/racine-q10-serum-collagene-visage\/#primaryimage","url":"https:\/\/www.lraloeverashop.eu\/wp-content\/uploads\/2022\/10\/Racine-Collagen-Serum.jpg","contentUrl":"https:\/\/www.lraloeverashop.eu\/wp-content\/uploads\/2022\/10\/Racine-Collagen-Serum.jpg","width":1200,"height":1200,"caption":"S\u00e9rum au Collag\u00e8ne Racine avec Panth\u00e9nol"},{"@type":"BreadcrumbList","@id":"https:\/\/www.lraloeverashop.eu\/fr\/produit\/racine-q10-serum-collagene-visage\/#breadcrumb","itemListElement":[{"@type":"ListItem","position":1,"name":"Home","item":"https:\/\/www.lraloeverashop.eu\/fr\/"},{"@type":"ListItem","position":2,"name":"Boutique","item":"https:\/\/www.lraloeverashop.eu\/fr\/boutique\/"},{"@type":"ListItem","position":3,"name":"Serum Visage Racine Q10 Collag\u00e8ne"}]},{"@type":"WebSite","@id":"https:\/\/www.lraloeverashop.eu\/fr\/#website","url":"https:\/\/www.lraloeverashop.eu\/fr\/","name":"Boutique Lr Aloe Vera","description":"High Quality Lr Aloe Vera Gel, Aloe Vera Cream and Shampoo","publisher":{"@id":"https:\/\/www.lraloeverashop.eu\/fr\/#organization"},"potentialAction":[{"@type":"SearchAction","target":{"@type":"EntryPoint","urlTemplate":"https:\/\/www.lraloeverashop.eu\/fr\/?s={search_term_string}"},"query-input":{"@type":"PropertyValueSpecification","valueRequired":true,"valueName":"search_term_string"}}],"inLanguage":"fr-FR"},{"@type":"Organization","@id":"https:\/\/www.lraloeverashop.eu\/fr\/#organization","name":"Boutique Lr Aloe Vera","alternateName":"LR","url":"https:\/\/www.lraloeverashop.eu\/fr\/","logo":{"@type":"ImageObject","inLanguage":"fr-FR","@id":"https:\/\/www.lraloeverashop.eu\/fr\/#\/schema\/logo\/image\/","url":"https:\/\/www.lraloeverashop.eu\/wp-content\/uploads\/2022\/09\/cropped-Lr-Aloe-Vera-Shop.jpg","contentUrl":"https:\/\/www.lraloeverashop.eu\/wp-content\/uploads\/2022\/09\/cropped-Lr-Aloe-Vera-Shop.jpg","width":228,"height":76,"caption":"Boutique Lr Aloe Vera"},"image":{"@id":"https:\/\/www.lraloeverashop.eu\/fr\/#\/schema\/logo\/image\/"},"sameAs":["https:\/\/www.facebook.com\/lraloeverashop.eu","https:\/\/x.com\/natur__kosmetik","https:\/\/www.youtube.com\/channel\/UC5oN7BJ8nfYb8RpVtjwDEBA","https:\/\/www.instagram.com\/lrbeautyeu\/"],"description":"La boutique LR Aloe Vera est votre destination de confiance pour les produits de sant\u00e9 et de beaut\u00e9 haut de gamme LR, fabriqu\u00e9s en Allemagne. Nous proposons des soins de la peau, des compl\u00e9ments nutritionnels et des solutions anti-\u00e2ge \u00e0 l'aloe vera de haute qualit\u00e9, \u00e9labor\u00e9s \u00e0 partir d'ingr\u00e9dients purs et valid\u00e9s par la recherche scientifique. D\u00e9couvrez des soins naturels qui r\u00e9g\u00e9n\u00e8rent, prot\u00e8gent et revitalisent votre peau, et profitez d'offres mensuelles exclusives sur nos produits LR Aloe Vera les plus vendus.\n\nCommencez d\u00e8s aujourd'hui votre parcours vers des soins naturels et constatez la diff\u00e9rence.","email":"info@lraloeverashop.eu","telephone":"+49 17670609653","legalName":"Lr Aloe Vera Shop","foundingDate":"2018-04-21","numberOfEmployees":{"@type":"QuantitativeValue","minValue":"1","maxValue":"10"}}]},"product_price_amount":"22.59","product_price_currency":"EUR","og_availability":"instock","product_availability":"instock","product_retailer_item_id":"28504-1FR","product_condition":"new"},"taxonomy_info":{"product_cat":[{"value":284,"label":"Femmes jusqu'\u00e0 40 ans"},{"value":327,"label":"Produits anti-\u00e2ge"},{"value":380,"label":"Racine"},{"value":266,"label":"Soins anti-\u00e2ge"},{"value":351,"label":"Soldes"}]},"featured_image_src_large":["https:\/\/www.lraloeverashop.eu\/wp-content\/uploads\/2022\/10\/Racine-Collagen-Serum-1024x1024.jpg",1024,1024,true],"author_info":[],"comment_info":0,"_links":{"self":[{"href":"https:\/\/www.lraloeverashop.eu\/fr\/wp-json\/wp\/v2\/product\/9008","targetHints":{"allow":["GET"]}}],"collection":[{"href":"https:\/\/www.lraloeverashop.eu\/fr\/wp-json\/wp\/v2\/product"}],"about":[{"href":"https:\/\/www.lraloeverashop.eu\/fr\/wp-json\/wp\/v2\/types\/product"}],"replies":[{"embeddable":true,"href":"https:\/\/www.lraloeverashop.eu\/fr\/wp-json\/wp\/v2\/comments?post=9008"}],"wp:featuredmedia":[{"embeddable":true,"href":"https:\/\/www.lraloeverashop.eu\/fr\/wp-json\/wp\/v2\/media\/5886"}],"wp:attachment":[{"href":"https:\/\/www.lraloeverashop.eu\/fr\/wp-json\/wp\/v2\/media?parent=9008"}],"wp:term":[{"taxonomy":"product_brand","embeddable":true,"href":"https:\/\/www.lraloeverashop.eu\/fr\/wp-json\/wp\/v2\/product_brand?post=9008"},{"taxonomy":"product_cat","embeddable":true,"href":"https:\/\/www.lraloeverashop.eu\/fr\/wp-json\/wp\/v2\/product_cat?post=9008"},{"taxonomy":"product_tag","embeddable":true,"href":"https:\/\/www.lraloeverashop.eu\/fr\/wp-json\/wp\/v2\/product_tag?post=9008"}],"curies":[{"name":"wp","href":"https:\/\/api.w.org\/{rel}","templated":true}]}}