{"id":8990,"date":"2022-10-17T17:33:29","date_gmt":"2022-10-17T15:33:29","guid":{"rendered":"https:\/\/www.lraloeverashop.eu\/product\/creme-de-nuit-anti-age-nanogold\/"},"modified":"2026-04-18T21:43:40","modified_gmt":"2026-04-18T19:43:40","slug":"creme-de-nuit-anti-age-nanogold","status":"publish","type":"product","link":"https:\/\/www.lraloeverashop.eu\/fr\/produit\/creme-de-nuit-anti-age-nanogold\/","title":{"rendered":"Cr\u00e8me de nuit anti-\u00e2ge Nanogold"},"content":{"rendered":"<h2><span style=\"font-size: 16pt;\"><strong>Cr\u00e8me de nuit anti-\u00e2ge Nanogold<\/strong><\/span><\/h2>\n<p><span style=\"font-size: 14pt;\"><strong>Cr\u00e8me de Nuit Anti-\u00e2ge Nanogold Pour celles qui veulent pr\u00e9venir les premi\u00e8res rides.<\/strong><\/span><\/p>\n<p>Combattez les signes de fatigue cutan\u00e9e et r\u00e9veillez-vous avec une peau visiblement plus belle \u2013 tous les jours ! Gr\u00e2ce \u00e0 l&#8217;extrait d&#8217;Euglena Gracilis de la micro-algue, la <a href=\"https:\/\/www.lraloeverashop.eu\/fr\/produit\/racine-q10-energy-creme-de-nuit\/\">cr\u00e8me de nuit riche<\/a> aide \u00e0 soutenir la r\u00e9g\u00e9n\u00e9ration naturelle de la peau et \u00e0 am\u00e9liorer la structure de la peau, de sorte que les rides et ridules sont visiblement r\u00e9duites.<br \/>\nLa combinaison d&#8217;huile de jojoba et d&#8217;huile d&#8217;olive, de beurre de karit\u00e9 et de vitamine E rend votre <a href=\"https:\/\/www.lraloeverashop.eu\/fr\/produit\/masque-de-nuit-anti-age\/\">peau plus lisse<\/a>, plus fra\u00eeche et plus d\u00e9tendue, comme si vous aviez dormi un peu plus longtemps. Pour une <a href=\"https:\/\/www.lraloeverashop.eu\/fr\/produit\/aloe-vera-creme-de-nuit\/\">peau r\u00e9g\u00e9n\u00e9r\u00e9e<\/a> et liss\u00e9e au teint frais.<\/p>\n<p>Cr\u00e8me de Nuit Anti-\u00e2ge Nanogold aux particules d&#8217;or et \u00e0 la soie pour les peaux jusqu&#8217;\u00e0 40 ans r\u00e9duisent visiblement les rides &#8211; pour un teint \u00e9clatant de beaut\u00e9. Des particules d&#8217;or \u00e0 base d&#8217;un booster de collag\u00e8ne <a href=\"https:\/\/www.lraloeverashop.eu\/fr\/produit\/beauty-diamonds-creme-de-nuit-anti-age\/\">am\u00e9liorent l&#8217;\u00e9lasticit\u00e9 de la peau<\/a>. Les prot\u00e9ines de soie assurent une sensation de peau visiblement douce et prot\u00e8gent la peau des influences environnementales.<\/p>\n<p>Maintenant reformul\u00e9 avec le syst\u00e8me de transport d&#8217;ingr\u00e9dients actifs innovant et un ingr\u00e9dient actif encapsul\u00e9 sp\u00e9cial qui <a href=\"https:\/\/www.lraloeverashop.eu\/fr\/produit\/beauty-diamonds-creme-de-jour-anti-age\/\">r\u00e9duit les rides<\/a> d&#8217;expression.<\/p>\n<p>&nbsp;<\/p>\n<h3><strong><span style=\"font-size: 16pt;\">Comment utiliser<\/span><\/strong><\/h3>\n<p>La cr\u00e8me de nuit Nanogold doit \u00eatre appliqu\u00e9e g\u00e9n\u00e9reusement chaque soir apr\u00e8s avoir nettoy\u00e9 le <a href=\"https:\/\/www.lraloeverashop.eu\/fr\/produit\/kit-soins-visage-nanogold\/\">visage<\/a> et masser doucement.<\/p>\n<p><strong>Pour une efficacit\u00e9 maximale en combinaison avec Zeitgard Pro Kit Anti-Rides:<\/strong><\/p>\n<p><strong>\u00c9TAPE 1:<\/strong> Nettoyez la peau de votre visage avec de l\u2019eau ou Zeitgard Pro Set Nettoyant ou Zeitgard Pro Accessoire Peeling Visage.<\/p>\n<p><strong>\u00c9TAPE 2:<\/strong> Appliquez votre Cr\u00e8me de Nuit Anti-\u00e2ge Nanogold avec les mains ou \u00e0 l\u2019aide de Zeitgard Pro Kit Anti-Rides. Traitez les c\u00f4t\u00e9s gauche et droit du visage et le front pendant 30 secondes chacun. Faites attention aux mouvements circulaires de l\u2019int\u00e9rieur vers l\u2019ext\u00e9rieur et du bas vers le haut.<\/p>\n","protected":false},"excerpt":{"rendered":"<ul>\n<li>Cr\u00e8me luxueuse anti-\u00e2ge<\/li>\n<li>Soigne et reconstruit la peau pendant la nuit<\/li>\n<li>L&#8217;extrait de micro-algues favorise la r\u00e9g\u00e9n\u00e9ration de la peau et am\u00e9liore la structure de la peau<\/li>\n<li>Pour un meilleur r\u00e9sultat, utilisez avec l&#8217;outil de lissage du visage<\/li>\n<li>Quantit\u00e9 : 50 ml<\/li>\n<\/ul>\n<p style=\"text-align: left;\"><span style=\"color: #ff0000;\"><a style=\"color: #ff0000;\" href=\"https:\/\/shop.lrworld.com\/openpao?PHP=0vFlt7jT938BEnBI3a6e9w%3D%3D\"><span style=\"font-size: 14pt;\"><strong>Inscrivez-vous et \u00e9conomisez 35% sur chaque commande<\/strong><\/span><\/a><\/span><\/p>\n","protected":false},"featured_media":5946,"comment_status":"open","ping_status":"closed","template":"","meta":{"_kad_blocks_custom_css":"","_kad_blocks_head_custom_js":"","_kad_blocks_body_custom_js":"","_kad_blocks_footer_custom_js":"","_kadence_starter_templates_imported_post":false,"_kad_post_transparent":"default","_kad_post_title":"","_kad_post_layout":"default","_kad_post_sidebar_id":"","_kad_post_content_style":"default","_kad_post_vertical_padding":"default","_kad_post_feature":"","_kad_post_feature_position":"","_kad_post_header":false,"_kad_post_footer":false,"_kad_post_classname":""},"product_brand":[],"product_cat":[284,368,327,266],"product_tag":[698],"class_list":{"0":"post-8990","1":"product","2":"type-product","3":"status-publish","4":"has-post-thumbnail","6":"product_cat-femmes-jusqua-40-ans","7":"product_cat-nano-gold-fr","8":"product_cat-produits-anti-age","9":"product_cat-soins-anti-age","10":"product_tag-pour-les-rides-du-visage","12":"first","13":"instock","14":"taxable","15":"shipping-taxable","16":"purchasable","17":"product-type-simple","18":"entry","19":"content-bg","20":"loop-entry"},"yoast_head":"<!-- This site is optimized with the Yoast SEO Premium plugin v27.5 (Yoast SEO v27.5) - https:\/\/yoast.com\/product\/yoast-seo-premium-wordpress\/ -->\n<title>Cr\u00e8me de Nuit Anti-\u00e2ge NanoGold contre le vieillissement cutan\u00e9<\/title>\n<meta name=\"description\" content=\"Cr\u00e8me de Nuit Anti-\u00e2ge Nanogold avec extrait de micro-algues favorise la r\u00e9g\u00e9n\u00e9ration de la peau et am\u00e9liore la structure de la peau. Pour rides et ridules\" \/>\n<meta name=\"robots\" content=\"index, follow, max-snippet:-1, max-image-preview:large, max-video-preview:-1\" \/>\n<link rel=\"canonical\" href=\"https:\/\/www.lraloeverashop.eu\/fr\/produit\/creme-de-nuit-anti-age-nanogold\/\" \/>\n<meta property=\"og:locale\" content=\"fr_FR\" \/>\n<meta property=\"og:type\" content=\"article\" \/>\n<meta property=\"og:title\" content=\"Cr\u00e8me de nuit anti-\u00e2ge Nanogold\" \/>\n<meta property=\"og:description\" content=\"Cr\u00e8me de Nuit Anti-\u00e2ge Nanogold avec extrait de micro-algues favorise la r\u00e9g\u00e9n\u00e9ration de la peau et am\u00e9liore la structure de la peau. Pour rides et ridules\" \/>\n<meta property=\"og:url\" content=\"https:\/\/www.lraloeverashop.eu\/fr\/produit\/creme-de-nuit-anti-age-nanogold\/\" \/>\n<meta property=\"og:site_name\" content=\"Boutique Lr Aloe Vera\" \/>\n<meta property=\"article:publisher\" content=\"https:\/\/www.facebook.com\/lraloeverashop.eu\" \/>\n<meta property=\"article:modified_time\" content=\"2026-04-18T19:43:40+00:00\" \/>\n<meta property=\"og:image\" content=\"https:\/\/www.lraloeverashop.eu\/wp-content\/uploads\/2022\/10\/Nano-Gold-Night-Cream.jpg\" \/>\n\t<meta property=\"og:image:width\" content=\"1200\" \/>\n\t<meta property=\"og:image:height\" content=\"1200\" \/>\n\t<meta property=\"og:image:type\" content=\"image\/jpeg\" \/>\n<meta name=\"twitter:card\" content=\"summary_large_image\" \/>\n<meta name=\"twitter:site\" content=\"@natur__kosmetik\" \/>\n<script type=\"application\/ld+json\" class=\"yoast-schema-graph\">{\"@context\":\"https:\\\/\\\/schema.org\",\"@graph\":[{\"@type\":[\"WebPage\",\"ItemPage\"],\"@id\":\"https:\\\/\\\/www.lraloeverashop.eu\\\/fr\\\/produit\\\/creme-de-nuit-anti-age-nanogold\\\/\",\"url\":\"https:\\\/\\\/www.lraloeverashop.eu\\\/fr\\\/produit\\\/creme-de-nuit-anti-age-nanogold\\\/\",\"name\":\"Cr\u00e8me de Nuit Anti-\u00e2ge NanoGold contre le vieillissement cutan\u00e9\",\"isPartOf\":{\"@id\":\"https:\\\/\\\/www.lraloeverashop.eu\\\/fr\\\/#website\"},\"primaryImageOfPage\":{\"@id\":\"https:\\\/\\\/www.lraloeverashop.eu\\\/fr\\\/produit\\\/creme-de-nuit-anti-age-nanogold\\\/#primaryimage\"},\"image\":{\"@id\":\"https:\\\/\\\/www.lraloeverashop.eu\\\/fr\\\/produit\\\/creme-de-nuit-anti-age-nanogold\\\/#primaryimage\"},\"thumbnailUrl\":\"https:\\\/\\\/www.lraloeverashop.eu\\\/wp-content\\\/uploads\\\/2022\\\/10\\\/Nano-Gold-Night-Cream.jpg\",\"datePublished\":\"2022-10-17T15:33:29+00:00\",\"dateModified\":\"2026-04-18T19:43:40+00:00\",\"description\":\"Cr\u00e8me de Nuit Anti-\u00e2ge Nanogold avec extrait de micro-algues favorise la r\u00e9g\u00e9n\u00e9ration de la peau et am\u00e9liore la structure de la peau. Pour rides et ridules\",\"breadcrumb\":{\"@id\":\"https:\\\/\\\/www.lraloeverashop.eu\\\/fr\\\/produit\\\/creme-de-nuit-anti-age-nanogold\\\/#breadcrumb\"},\"inLanguage\":\"fr-FR\",\"potentialAction\":[{\"@type\":\"ReadAction\",\"target\":[\"https:\\\/\\\/www.lraloeverashop.eu\\\/fr\\\/produit\\\/creme-de-nuit-anti-age-nanogold\\\/\"]}]},{\"@type\":\"ImageObject\",\"inLanguage\":\"fr-FR\",\"@id\":\"https:\\\/\\\/www.lraloeverashop.eu\\\/fr\\\/produit\\\/creme-de-nuit-anti-age-nanogold\\\/#primaryimage\",\"url\":\"https:\\\/\\\/www.lraloeverashop.eu\\\/wp-content\\\/uploads\\\/2022\\\/10\\\/Nano-Gold-Night-Cream.jpg\",\"contentUrl\":\"https:\\\/\\\/www.lraloeverashop.eu\\\/wp-content\\\/uploads\\\/2022\\\/10\\\/Nano-Gold-Night-Cream.jpg\",\"width\":1200,\"height\":1200,\"caption\":\"Cr\u00e8me de nuit anti-\u00e2ge Nano Gold\"},{\"@type\":\"BreadcrumbList\",\"@id\":\"https:\\\/\\\/www.lraloeverashop.eu\\\/fr\\\/produit\\\/creme-de-nuit-anti-age-nanogold\\\/#breadcrumb\",\"itemListElement\":[{\"@type\":\"ListItem\",\"position\":1,\"name\":\"Home\",\"item\":\"https:\\\/\\\/www.lraloeverashop.eu\\\/fr\\\/home\\\/\"},{\"@type\":\"ListItem\",\"position\":2,\"name\":\"Boutique\",\"item\":\"https:\\\/\\\/www.lraloeverashop.eu\\\/fr\\\/boutique\\\/\"},{\"@type\":\"ListItem\",\"position\":3,\"name\":\"Cr\u00e8me de nuit anti-\u00e2ge Nanogold\"}]},{\"@type\":\"WebSite\",\"@id\":\"https:\\\/\\\/www.lraloeverashop.eu\\\/fr\\\/#website\",\"url\":\"https:\\\/\\\/www.lraloeverashop.eu\\\/fr\\\/\",\"name\":\"Boutique Lr Aloe Vera\",\"description\":\"High Quality Lr Aloe Vera Gel, Aloe Vera Cream and Shampoo\",\"publisher\":{\"@id\":\"https:\\\/\\\/www.lraloeverashop.eu\\\/fr\\\/#organization\"},\"alternateName\":\"LR\",\"potentialAction\":[{\"@type\":\"SearchAction\",\"target\":{\"@type\":\"EntryPoint\",\"urlTemplate\":\"https:\\\/\\\/www.lraloeverashop.eu\\\/fr\\\/?s={search_term_string}\"},\"query-input\":{\"@type\":\"PropertyValueSpecification\",\"valueRequired\":true,\"valueName\":\"search_term_string\"}}],\"inLanguage\":\"fr-FR\"},{\"@type\":\"Organization\",\"@id\":\"https:\\\/\\\/www.lraloeverashop.eu\\\/fr\\\/#organization\",\"name\":\"Boutique Lr Aloe Vera\",\"alternateName\":\"LR\",\"url\":\"https:\\\/\\\/www.lraloeverashop.eu\\\/fr\\\/\",\"logo\":{\"@type\":\"ImageObject\",\"inLanguage\":\"fr-FR\",\"@id\":\"https:\\\/\\\/www.lraloeverashop.eu\\\/fr\\\/#\\\/schema\\\/logo\\\/image\\\/\",\"url\":\"https:\\\/\\\/www.lraloeverashop.eu\\\/wp-content\\\/uploads\\\/2022\\\/09\\\/cropped-Lr-Aloe-Vera-Shop.jpg\",\"contentUrl\":\"https:\\\/\\\/www.lraloeverashop.eu\\\/wp-content\\\/uploads\\\/2022\\\/09\\\/cropped-Lr-Aloe-Vera-Shop.jpg\",\"width\":228,\"height\":76,\"caption\":\"Boutique Lr Aloe Vera\"},\"image\":{\"@id\":\"https:\\\/\\\/www.lraloeverashop.eu\\\/fr\\\/#\\\/schema\\\/logo\\\/image\\\/\"},\"sameAs\":[\"https:\\\/\\\/www.facebook.com\\\/lraloeverashop.eu\",\"https:\\\/\\\/x.com\\\/natur__kosmetik\",\"https:\\\/\\\/www.youtube.com\\\/channel\\\/UC5oN7BJ8nfYb8RpVtjwDEBA\",\"https:\\\/\\\/www.instagram.com\\\/lrbeautyeu\\\/\"],\"description\":\"La boutique LR Aloe Vera est votre destination de confiance pour les produits de sant\u00e9 et de beaut\u00e9 haut de gamme LR, fabriqu\u00e9s en Allemagne. Nous proposons des soins de la peau, des compl\u00e9ments nutritionnels et des solutions anti-\u00e2ge \u00e0 l'aloe vera de haute qualit\u00e9, \u00e9labor\u00e9s \u00e0 partir d'ingr\u00e9dients purs et valid\u00e9s par la recherche scientifique. D\u00e9couvrez des soins naturels qui r\u00e9g\u00e9n\u00e8rent, prot\u00e8gent et revitalisent votre peau, et profitez d'offres mensuelles exclusives sur nos produits LR Aloe Vera les plus vendus.\\n\\nCommencez d\u00e8s aujourd'hui votre parcours vers des soins naturels et constatez la diff\u00e9rence.\",\"email\":\"info@lraloeverashop.eu\",\"telephone\":\"+49 17670609653\",\"legalName\":\"Lr Aloe Vera Shop\",\"foundingDate\":\"2018-04-21\",\"numberOfEmployees\":{\"@type\":\"QuantitativeValue\",\"minValue\":\"1\",\"maxValue\":\"10\"}}]}<\/script>\n<meta property=\"product:price:amount\" content=\"48.59\" \/>\n<meta property=\"product:price:currency\" content=\"EUR\" \/>\n<meta property=\"og:availability\" content=\"instock\" \/>\n<meta property=\"product:availability\" content=\"instock\" \/>\n<meta property=\"product:retailer_item_id\" content=\"28193-1FR\" \/>\n<meta property=\"product:condition\" content=\"new\" \/>\n<!-- \/ Yoast SEO Premium plugin. -->","yoast_head_json":{"title":"Cr\u00e8me de Nuit Anti-\u00e2ge NanoGold contre le vieillissement cutan\u00e9","description":"Cr\u00e8me de Nuit Anti-\u00e2ge Nanogold avec extrait de micro-algues favorise la r\u00e9g\u00e9n\u00e9ration de la peau et am\u00e9liore la structure de la peau. Pour rides et ridules","robots":{"index":"index","follow":"follow","max-snippet":"max-snippet:-1","max-image-preview":"max-image-preview:large","max-video-preview":"max-video-preview:-1"},"canonical":"https:\/\/www.lraloeverashop.eu\/fr\/produit\/creme-de-nuit-anti-age-nanogold\/","og_locale":"fr_FR","og_type":"article","og_title":"Cr\u00e8me de nuit anti-\u00e2ge Nanogold","og_description":"Cr\u00e8me de Nuit Anti-\u00e2ge Nanogold avec extrait de micro-algues favorise la r\u00e9g\u00e9n\u00e9ration de la peau et am\u00e9liore la structure de la peau. Pour rides et ridules","og_url":"https:\/\/www.lraloeverashop.eu\/fr\/produit\/creme-de-nuit-anti-age-nanogold\/","og_site_name":"Boutique Lr Aloe Vera","article_publisher":"https:\/\/www.facebook.com\/lraloeverashop.eu","article_modified_time":"2026-04-18T19:43:40+00:00","og_image":[{"width":1200,"height":1200,"url":"https:\/\/www.lraloeverashop.eu\/wp-content\/uploads\/2022\/10\/Nano-Gold-Night-Cream.jpg","type":"image\/jpeg"}],"twitter_card":"summary_large_image","twitter_site":"@natur__kosmetik","schema":{"@context":"https:\/\/schema.org","@graph":[{"@type":["WebPage","ItemPage"],"@id":"https:\/\/www.lraloeverashop.eu\/fr\/produit\/creme-de-nuit-anti-age-nanogold\/","url":"https:\/\/www.lraloeverashop.eu\/fr\/produit\/creme-de-nuit-anti-age-nanogold\/","name":"Cr\u00e8me de Nuit Anti-\u00e2ge NanoGold contre le vieillissement cutan\u00e9","isPartOf":{"@id":"https:\/\/www.lraloeverashop.eu\/fr\/#website"},"primaryImageOfPage":{"@id":"https:\/\/www.lraloeverashop.eu\/fr\/produit\/creme-de-nuit-anti-age-nanogold\/#primaryimage"},"image":{"@id":"https:\/\/www.lraloeverashop.eu\/fr\/produit\/creme-de-nuit-anti-age-nanogold\/#primaryimage"},"thumbnailUrl":"https:\/\/www.lraloeverashop.eu\/wp-content\/uploads\/2022\/10\/Nano-Gold-Night-Cream.jpg","datePublished":"2022-10-17T15:33:29+00:00","dateModified":"2026-04-18T19:43:40+00:00","description":"Cr\u00e8me de Nuit Anti-\u00e2ge Nanogold avec extrait de micro-algues favorise la r\u00e9g\u00e9n\u00e9ration de la peau et am\u00e9liore la structure de la peau. Pour rides et ridules","breadcrumb":{"@id":"https:\/\/www.lraloeverashop.eu\/fr\/produit\/creme-de-nuit-anti-age-nanogold\/#breadcrumb"},"inLanguage":"fr-FR","potentialAction":[{"@type":"ReadAction","target":["https:\/\/www.lraloeverashop.eu\/fr\/produit\/creme-de-nuit-anti-age-nanogold\/"]}]},{"@type":"ImageObject","inLanguage":"fr-FR","@id":"https:\/\/www.lraloeverashop.eu\/fr\/produit\/creme-de-nuit-anti-age-nanogold\/#primaryimage","url":"https:\/\/www.lraloeverashop.eu\/wp-content\/uploads\/2022\/10\/Nano-Gold-Night-Cream.jpg","contentUrl":"https:\/\/www.lraloeverashop.eu\/wp-content\/uploads\/2022\/10\/Nano-Gold-Night-Cream.jpg","width":1200,"height":1200,"caption":"Cr\u00e8me de nuit anti-\u00e2ge Nano Gold"},{"@type":"BreadcrumbList","@id":"https:\/\/www.lraloeverashop.eu\/fr\/produit\/creme-de-nuit-anti-age-nanogold\/#breadcrumb","itemListElement":[{"@type":"ListItem","position":1,"name":"Home","item":"https:\/\/www.lraloeverashop.eu\/fr\/home\/"},{"@type":"ListItem","position":2,"name":"Boutique","item":"https:\/\/www.lraloeverashop.eu\/fr\/boutique\/"},{"@type":"ListItem","position":3,"name":"Cr\u00e8me de nuit anti-\u00e2ge Nanogold"}]},{"@type":"WebSite","@id":"https:\/\/www.lraloeverashop.eu\/fr\/#website","url":"https:\/\/www.lraloeverashop.eu\/fr\/","name":"Boutique Lr Aloe Vera","description":"High Quality Lr Aloe Vera Gel, Aloe Vera Cream and Shampoo","publisher":{"@id":"https:\/\/www.lraloeverashop.eu\/fr\/#organization"},"alternateName":"LR","potentialAction":[{"@type":"SearchAction","target":{"@type":"EntryPoint","urlTemplate":"https:\/\/www.lraloeverashop.eu\/fr\/?s={search_term_string}"},"query-input":{"@type":"PropertyValueSpecification","valueRequired":true,"valueName":"search_term_string"}}],"inLanguage":"fr-FR"},{"@type":"Organization","@id":"https:\/\/www.lraloeverashop.eu\/fr\/#organization","name":"Boutique Lr Aloe Vera","alternateName":"LR","url":"https:\/\/www.lraloeverashop.eu\/fr\/","logo":{"@type":"ImageObject","inLanguage":"fr-FR","@id":"https:\/\/www.lraloeverashop.eu\/fr\/#\/schema\/logo\/image\/","url":"https:\/\/www.lraloeverashop.eu\/wp-content\/uploads\/2022\/09\/cropped-Lr-Aloe-Vera-Shop.jpg","contentUrl":"https:\/\/www.lraloeverashop.eu\/wp-content\/uploads\/2022\/09\/cropped-Lr-Aloe-Vera-Shop.jpg","width":228,"height":76,"caption":"Boutique Lr Aloe Vera"},"image":{"@id":"https:\/\/www.lraloeverashop.eu\/fr\/#\/schema\/logo\/image\/"},"sameAs":["https:\/\/www.facebook.com\/lraloeverashop.eu","https:\/\/x.com\/natur__kosmetik","https:\/\/www.youtube.com\/channel\/UC5oN7BJ8nfYb8RpVtjwDEBA","https:\/\/www.instagram.com\/lrbeautyeu\/"],"description":"La boutique LR Aloe Vera est votre destination de confiance pour les produits de sant\u00e9 et de beaut\u00e9 haut de gamme LR, fabriqu\u00e9s en Allemagne. Nous proposons des soins de la peau, des compl\u00e9ments nutritionnels et des solutions anti-\u00e2ge \u00e0 l'aloe vera de haute qualit\u00e9, \u00e9labor\u00e9s \u00e0 partir d'ingr\u00e9dients purs et valid\u00e9s par la recherche scientifique. D\u00e9couvrez des soins naturels qui r\u00e9g\u00e9n\u00e8rent, prot\u00e8gent et revitalisent votre peau, et profitez d'offres mensuelles exclusives sur nos produits LR Aloe Vera les plus vendus.\n\nCommencez d\u00e8s aujourd'hui votre parcours vers des soins naturels et constatez la diff\u00e9rence.","email":"info@lraloeverashop.eu","telephone":"+49 17670609653","legalName":"Lr Aloe Vera Shop","foundingDate":"2018-04-21","numberOfEmployees":{"@type":"QuantitativeValue","minValue":"1","maxValue":"10"}}]},"product_price_amount":"48.59","product_price_currency":"EUR","og_availability":"instock","product_availability":"instock","product_retailer_item_id":"28193-1FR","product_condition":"new"},"taxonomy_info":{"product_cat":[{"value":284,"label":"Femmes jusqu'\u00e0 40 ans"},{"value":368,"label":"Nano Gold"},{"value":327,"label":"Produits anti-\u00e2ge"},{"value":266,"label":"Soins anti-\u00e2ge"}],"product_tag":[{"value":698,"label":"pour les rides du visage"}]},"featured_image_src_large":["https:\/\/www.lraloeverashop.eu\/wp-content\/uploads\/2022\/10\/Nano-Gold-Night-Cream-1024x1024.jpg",1024,1024,true],"author_info":[],"comment_info":0,"_links":{"self":[{"href":"https:\/\/www.lraloeverashop.eu\/fr\/wp-json\/wp\/v2\/product\/8990","targetHints":{"allow":["GET"]}}],"collection":[{"href":"https:\/\/www.lraloeverashop.eu\/fr\/wp-json\/wp\/v2\/product"}],"about":[{"href":"https:\/\/www.lraloeverashop.eu\/fr\/wp-json\/wp\/v2\/types\/product"}],"replies":[{"embeddable":true,"href":"https:\/\/www.lraloeverashop.eu\/fr\/wp-json\/wp\/v2\/comments?post=8990"}],"wp:featuredmedia":[{"embeddable":true,"href":"https:\/\/www.lraloeverashop.eu\/fr\/wp-json\/wp\/v2\/media\/5946"}],"wp:attachment":[{"href":"https:\/\/www.lraloeverashop.eu\/fr\/wp-json\/wp\/v2\/media?parent=8990"}],"wp:term":[{"taxonomy":"product_brand","embeddable":true,"href":"https:\/\/www.lraloeverashop.eu\/fr\/wp-json\/wp\/v2\/product_brand?post=8990"},{"taxonomy":"product_cat","embeddable":true,"href":"https:\/\/www.lraloeverashop.eu\/fr\/wp-json\/wp\/v2\/product_cat?post=8990"},{"taxonomy":"product_tag","embeddable":true,"href":"https:\/\/www.lraloeverashop.eu\/fr\/wp-json\/wp\/v2\/product_tag?post=8990"}],"curies":[{"name":"wp","href":"https:\/\/api.w.org\/{rel}","templated":true}]}}