{"id":8972,"date":"2022-10-17T20:04:35","date_gmt":"2022-10-17T18:04:35","guid":{"rendered":"https:\/\/www.lraloeverashop.eu\/product\/cremes-anti-rides-nanogold-set\/"},"modified":"2026-02-02T19:25:05","modified_gmt":"2026-02-02T18:25:05","slug":"nanogold-set-creme-anti-age","status":"publish","type":"product","link":"https:\/\/www.lraloeverashop.eu\/fr\/produit\/nanogold-set-creme-anti-age\/","title":{"rendered":"Cr\u00e8mes Anti Rides Nanogold Set"},"content":{"rendered":"<h2><span style=\"font-size: 16pt;\"><strong>Cr\u00e8mes Anti Rides Nanogold Set<\/strong><\/span><\/h2>\n<p><span style=\"font-size: 14pt;\"><strong>Cr\u00e8mes Anti Rides Nanogold Set &#8211; Cr\u00e8me de jour et de nuit pour des soins du visage de haute qualit\u00e9<\/strong><\/span><\/p>\n<p>La cr\u00e8me de jour anti-\u00e2ge Nanogold prot\u00e8ge la peau et pr\u00e9vient le vieillissement pr\u00e9matur\u00e9. La texture cr\u00e8me soyeuse et luxueuse augmente l&rsquo;\u00e9lasticit\u00e9 et la r\u00e9silience de la peau et renforce sa barri\u00e8re d&rsquo;hydratation. L&rsquo;huile de noyau d&rsquo;abricot, les prot\u00e9ines, les glycoprot\u00e9ines et les polysaccharides du soja stimulent les fonctions r\u00e9g\u00e9n\u00e9ratrices de la peau et favorisent la formation de collag\u00e8ne, ce qui am\u00e9liore la <a href=\"https:\/\/www.lraloeverashop.eu\/fr\/produit\/beauty-diamonds-creme-de-jour-anti-age\/\">r\u00e9sistance de la peau<\/a>.<\/p>\n<p>La cr\u00e8me de nuit anti-\u00e2ge Nanogold est une cr\u00e8me de haute qualit\u00e9 qui nourrit et r\u00e9g\u00e9n\u00e8re la peau pendant la nuit. Gr\u00e2ce \u00e0 l&rsquo;extrait d&rsquo;Euglena Gracilis de la micro-algue, la cr\u00e8me de nuit riche aide \u00e0 soutenir la r\u00e9g\u00e9n\u00e9ration naturelle de la peau et \u00e0 am\u00e9liorer la structure de la peau, de sorte que les <a href=\"https:\/\/www.lraloeverashop.eu\/fr\/produit\/serox-creme-anti-age\/\">rides et ridules<\/a> sont visiblement r\u00e9duites.<\/p>\n<p>La combinaison d&rsquo;huile de jojoba et d&rsquo;huile d&rsquo;olive, de beurre de karit\u00e9 et de vitamine E rend votre peau plus lisse, plus fra\u00eeche et plus d\u00e9tendue, comme si vous aviez dormi un peu plus longtemps. Pour une peau r\u00e9g\u00e9n\u00e9r\u00e9e et liss\u00e9e au <a href=\"https:\/\/www.lraloeverashop.eu\/fr\/produit\/creme-anti-rides-yeux\/\">teint frais<\/a>.<\/p>\n<h3><span style=\"font-size: 16pt;\"><strong>Cr\u00e8mes pour femme<\/strong><\/span><\/h3>\n<p>\u2026 \u00e0 partir de 30<br \/>\n\u2026 qui veulent pr\u00e9venir les premi\u00e8res rides<br \/>\n\u2026 qui veulent prot\u00e9ger la peau de leur visage contre le vieillissement cutan\u00e9<br \/>\n\u2026 qui accordent de l&rsquo;importance aux soins du visage de haute qualit\u00e9<\/p>\n<p>&nbsp;<\/p>\n<h4><strong><span style=\"font-size: 16pt;\">Comment utiliser Cr\u00e8mes Anti Rides Nanogold<\/span><\/strong><\/h4>\n<p>Appliquez la cr\u00e8me de jour anti-\u00e2ge Nanogold tous les matins apr\u00e8s le nettoyage du visage. Apr\u00e8s vous pouvez continuer avec votre maquillage<br \/>\nLa cr\u00e8me de nuit Nanogold s&rsquo;applique g\u00e9n\u00e9reusement tous les soirs sur le visage propre.<\/p>\n<p><span style=\"font-size: 14pt;\"><strong>Pour une efficacit\u00e9 maximale, utilisez en combinaison avec Zeitgard Pro Kit Anti-rides:<\/strong><\/span><\/p>\n<p><strong>\u00c9TAPE 1:<\/strong> Nettoyez la peau de votre visage avec de l\u2019eau ou utilisez la brosse nettoyante pour le visage Zeitgard Pro ou l\u2019outil de gommage pour le visage Zeitgard Pro.<\/p>\n<p><strong>\u00c9TAPE 2:<\/strong> Appliquez vos Cr\u00e8mes Anti Rides Nanogold et massez-les avec les mains ou Zeitgard Pro Kit Anti-Rides. Traitez les c\u00f4t\u00e9s gauche et droit du visage et le front pendant 30 secondes chacun. Faites attention aux mouvements circulaires de l\u2019int\u00e9rieur vers l\u2019ext\u00e9rieur et du bas vers le haut.<\/p>\n","protected":false},"excerpt":{"rendered":"<ul>\n<li>Set luxueux anti-\u00e2ge<\/li>\n<li>Contre le vieillissement pr\u00e9matur\u00e9 de la peau<\/li>\n<li>Contient 1x cr\u00e8me de jour, 1x cr\u00e8me de nuit<\/li>\n<li>Soin de haute qualit\u00e9 aux prot\u00e9ines d&rsquo;or et de soie<\/li>\n<li>Ensemble de la s\u00e9rie ZEITGARD Care System<\/li>\n<li>Fabriqu\u00e9 en Allemagne<\/li>\n<\/ul>\n<p style=\"text-align: left;\"><span style=\"color: #ff0000;\"><a style=\"color: #ff0000;\" href=\"https:\/\/shop.lrworld.com\/openpao?PHP=0vFlt7jT938BEnBI3a6e9w%3D%3D\"><span style=\"font-size: 14pt;\"><strong>Inscrivez-vous et \u00e9conomisez 35% sur chaque commande<\/strong><\/span><\/a><\/span><\/p>\n","protected":false},"featured_media":5952,"comment_status":"open","ping_status":"closed","template":"","meta":{"_kad_blocks_custom_css":"","_kad_blocks_head_custom_js":"","_kad_blocks_body_custom_js":"","_kad_blocks_footer_custom_js":"","_kadence_starter_templates_imported_post":false,"_kad_post_transparent":"default","_kad_post_title":"","_kad_post_layout":"default","_kad_post_sidebar_id":"","_kad_post_content_style":"default","_kad_post_vertical_padding":"default","_kad_post_feature":"","_kad_post_feature_position":"","_kad_post_header":false,"_kad_post_footer":false,"_kad_post_classname":""},"product_brand":[],"product_cat":[284,368,327,266,351],"product_tag":[698],"class_list":{"0":"post-8972","1":"product","2":"type-product","3":"status-publish","4":"has-post-thumbnail","6":"product_cat-femmes-jusqua-40-ans","7":"product_cat-nano-gold-fr","8":"product_cat-produits-anti-age","9":"product_cat-soins-anti-age","10":"product_cat-soldes","11":"product_tag-pour-les-rides-du-visage","13":"first","14":"outofstock","15":"sale","16":"taxable","17":"shipping-taxable","18":"purchasable","19":"product-type-simple","20":"entry","21":"content-bg","22":"loop-entry"},"yoast_head":"<!-- This site is optimized with the Yoast SEO Premium plugin v27.4 (Yoast SEO v27.4) - https:\/\/yoast.com\/product\/yoast-seo-premium-wordpress\/ -->\n<title>Cr\u00e8mes Anti Rides Nanogold Set - Soins du visage de haute qualit\u00e9<\/title>\n<meta name=\"description\" content=\"Cr\u00e8mes Anti Rides Nanogold contre le vieillissement pr\u00e9matur\u00e9 de la peau. Soin de haute qualit\u00e9 aux prot\u00e9ines d&#039;or et de soie. Zeitgard Pro Kit Anti-rides\" \/>\n<meta name=\"robots\" content=\"index, follow, max-snippet:-1, max-image-preview:large, max-video-preview:-1\" \/>\n<link rel=\"canonical\" href=\"https:\/\/www.lraloeverashop.eu\/fr\/produit\/nanogold-set-creme-anti-age\/\" \/>\n<meta property=\"og:locale\" content=\"fr_FR\" \/>\n<meta property=\"og:type\" content=\"article\" \/>\n<meta property=\"og:title\" content=\"Cr\u00e8mes Anti Rides Nanogold Set\" \/>\n<meta property=\"og:description\" content=\"Cr\u00e8mes Anti Rides Nanogold contre le vieillissement pr\u00e9matur\u00e9 de la peau. Soin de haute qualit\u00e9 aux prot\u00e9ines d&#039;or et de soie. Zeitgard Pro Kit Anti-rides\" \/>\n<meta property=\"og:url\" content=\"https:\/\/www.lraloeverashop.eu\/fr\/produit\/nanogold-set-creme-anti-age\/\" \/>\n<meta property=\"og:site_name\" content=\"Boutique Lr Aloe Vera\" \/>\n<meta property=\"article:publisher\" content=\"https:\/\/www.facebook.com\/lraloeverashop.eu\" \/>\n<meta property=\"article:modified_time\" content=\"2026-02-02T18:25:05+00:00\" \/>\n<meta property=\"og:image\" content=\"https:\/\/www.lraloeverashop.eu\/wp-content\/uploads\/2022\/10\/Nano-Gold-set.jpg\" \/>\n\t<meta property=\"og:image:width\" content=\"1200\" \/>\n\t<meta property=\"og:image:height\" content=\"1200\" \/>\n\t<meta property=\"og:image:type\" content=\"image\/jpeg\" \/>\n<meta name=\"twitter:card\" content=\"summary_large_image\" \/>\n<meta name=\"twitter:site\" content=\"@natur__kosmetik\" \/>\n<script type=\"application\/ld+json\" class=\"yoast-schema-graph\">{\"@context\":\"https:\\\/\\\/schema.org\",\"@graph\":[{\"@type\":[\"WebPage\",\"ItemPage\"],\"@id\":\"https:\\\/\\\/www.lraloeverashop.eu\\\/fr\\\/produit\\\/nanogold-set-creme-anti-age\\\/\",\"url\":\"https:\\\/\\\/www.lraloeverashop.eu\\\/fr\\\/produit\\\/nanogold-set-creme-anti-age\\\/\",\"name\":\"Cr\u00e8mes Anti Rides Nanogold Set - Soins du visage de haute qualit\u00e9\",\"isPartOf\":{\"@id\":\"https:\\\/\\\/www.lraloeverashop.eu\\\/fr\\\/#website\"},\"primaryImageOfPage\":{\"@id\":\"https:\\\/\\\/www.lraloeverashop.eu\\\/fr\\\/produit\\\/nanogold-set-creme-anti-age\\\/#primaryimage\"},\"image\":{\"@id\":\"https:\\\/\\\/www.lraloeverashop.eu\\\/fr\\\/produit\\\/nanogold-set-creme-anti-age\\\/#primaryimage\"},\"thumbnailUrl\":\"https:\\\/\\\/www.lraloeverashop.eu\\\/wp-content\\\/uploads\\\/2022\\\/10\\\/Nano-Gold-set.jpg\",\"datePublished\":\"2022-10-17T18:04:35+00:00\",\"dateModified\":\"2026-02-02T18:25:05+00:00\",\"description\":\"Cr\u00e8mes Anti Rides Nanogold contre le vieillissement pr\u00e9matur\u00e9 de la peau. Soin de haute qualit\u00e9 aux prot\u00e9ines d'or et de soie. Zeitgard Pro Kit Anti-rides\",\"breadcrumb\":{\"@id\":\"https:\\\/\\\/www.lraloeverashop.eu\\\/fr\\\/produit\\\/nanogold-set-creme-anti-age\\\/#breadcrumb\"},\"inLanguage\":\"fr-FR\",\"potentialAction\":[{\"@type\":\"ReadAction\",\"target\":[\"https:\\\/\\\/www.lraloeverashop.eu\\\/fr\\\/produit\\\/nanogold-set-creme-anti-age\\\/\"]}]},{\"@type\":\"ImageObject\",\"inLanguage\":\"fr-FR\",\"@id\":\"https:\\\/\\\/www.lraloeverashop.eu\\\/fr\\\/produit\\\/nanogold-set-creme-anti-age\\\/#primaryimage\",\"url\":\"https:\\\/\\\/www.lraloeverashop.eu\\\/wp-content\\\/uploads\\\/2022\\\/10\\\/Nano-Gold-set.jpg\",\"contentUrl\":\"https:\\\/\\\/www.lraloeverashop.eu\\\/wp-content\\\/uploads\\\/2022\\\/10\\\/Nano-Gold-set.jpg\",\"width\":1200,\"height\":1200,\"caption\":\"Ensemble anti-\u00e2ge Nano Gold\"},{\"@type\":\"BreadcrumbList\",\"@id\":\"https:\\\/\\\/www.lraloeverashop.eu\\\/fr\\\/produit\\\/nanogold-set-creme-anti-age\\\/#breadcrumb\",\"itemListElement\":[{\"@type\":\"ListItem\",\"position\":1,\"name\":\"Home\",\"item\":\"https:\\\/\\\/www.lraloeverashop.eu\\\/fr\\\/\"},{\"@type\":\"ListItem\",\"position\":2,\"name\":\"Boutique\",\"item\":\"https:\\\/\\\/www.lraloeverashop.eu\\\/fr\\\/boutique\\\/\"},{\"@type\":\"ListItem\",\"position\":3,\"name\":\"Cr\u00e8mes Anti Rides Nanogold Set\"}]},{\"@type\":\"WebSite\",\"@id\":\"https:\\\/\\\/www.lraloeverashop.eu\\\/fr\\\/#website\",\"url\":\"https:\\\/\\\/www.lraloeverashop.eu\\\/fr\\\/\",\"name\":\"Boutique Lr Aloe Vera\",\"description\":\"High Quality Lr Aloe Vera Gel, Aloe Vera Cream and Shampoo\",\"publisher\":{\"@id\":\"https:\\\/\\\/www.lraloeverashop.eu\\\/fr\\\/#organization\"},\"potentialAction\":[{\"@type\":\"SearchAction\",\"target\":{\"@type\":\"EntryPoint\",\"urlTemplate\":\"https:\\\/\\\/www.lraloeverashop.eu\\\/fr\\\/?s={search_term_string}\"},\"query-input\":{\"@type\":\"PropertyValueSpecification\",\"valueRequired\":true,\"valueName\":\"search_term_string\"}}],\"inLanguage\":\"fr-FR\"},{\"@type\":\"Organization\",\"@id\":\"https:\\\/\\\/www.lraloeverashop.eu\\\/fr\\\/#organization\",\"name\":\"Boutique Lr Aloe Vera\",\"alternateName\":\"LR\",\"url\":\"https:\\\/\\\/www.lraloeverashop.eu\\\/fr\\\/\",\"logo\":{\"@type\":\"ImageObject\",\"inLanguage\":\"fr-FR\",\"@id\":\"https:\\\/\\\/www.lraloeverashop.eu\\\/fr\\\/#\\\/schema\\\/logo\\\/image\\\/\",\"url\":\"https:\\\/\\\/www.lraloeverashop.eu\\\/wp-content\\\/uploads\\\/2022\\\/09\\\/cropped-Lr-Aloe-Vera-Shop.jpg\",\"contentUrl\":\"https:\\\/\\\/www.lraloeverashop.eu\\\/wp-content\\\/uploads\\\/2022\\\/09\\\/cropped-Lr-Aloe-Vera-Shop.jpg\",\"width\":228,\"height\":76,\"caption\":\"Boutique Lr Aloe Vera\"},\"image\":{\"@id\":\"https:\\\/\\\/www.lraloeverashop.eu\\\/fr\\\/#\\\/schema\\\/logo\\\/image\\\/\"},\"sameAs\":[\"https:\\\/\\\/www.facebook.com\\\/lraloeverashop.eu\",\"https:\\\/\\\/x.com\\\/natur__kosmetik\",\"https:\\\/\\\/www.youtube.com\\\/channel\\\/UC5oN7BJ8nfYb8RpVtjwDEBA\",\"https:\\\/\\\/www.instagram.com\\\/lrbeautyeu\\\/\"],\"description\":\"La boutique LR Aloe Vera est votre destination de confiance pour les produits de sant\u00e9 et de beaut\u00e9 haut de gamme LR, fabriqu\u00e9s en Allemagne. Nous proposons des soins de la peau, des compl\u00e9ments nutritionnels et des solutions anti-\u00e2ge \u00e0 l'aloe vera de haute qualit\u00e9, \u00e9labor\u00e9s \u00e0 partir d'ingr\u00e9dients purs et valid\u00e9s par la recherche scientifique. D\u00e9couvrez des soins naturels qui r\u00e9g\u00e9n\u00e8rent, prot\u00e8gent et revitalisent votre peau, et profitez d'offres mensuelles exclusives sur nos produits LR Aloe Vera les plus vendus.\\n\\nCommencez d\u00e8s aujourd'hui votre parcours vers des soins naturels et constatez la diff\u00e9rence.\",\"email\":\"info@lraloeverashop.eu\",\"telephone\":\"+49 17670609653\",\"legalName\":\"Lr Aloe Vera Shop\",\"foundingDate\":\"2018-04-21\",\"numberOfEmployees\":{\"@type\":\"QuantitativeValue\",\"minValue\":\"1\",\"maxValue\":\"10\"}}]}<\/script>\n<meta property=\"product:price:amount\" content=\"65.99\" \/>\n<meta property=\"product:price:currency\" content=\"EUR\" \/>\n<meta property=\"og:availability\" content=\"out of stock\" \/>\n<meta property=\"product:availability\" content=\"out of stock\" \/>\n<meta property=\"product:retailer_item_id\" content=\"28196-1FR\" \/>\n<meta property=\"product:condition\" content=\"new\" \/>\n<!-- \/ Yoast SEO Premium plugin. -->","yoast_head_json":{"title":"Cr\u00e8mes Anti Rides Nanogold Set - Soins du visage de haute qualit\u00e9","description":"Cr\u00e8mes Anti Rides Nanogold contre le vieillissement pr\u00e9matur\u00e9 de la peau. Soin de haute qualit\u00e9 aux prot\u00e9ines d'or et de soie. Zeitgard Pro Kit Anti-rides","robots":{"index":"index","follow":"follow","max-snippet":"max-snippet:-1","max-image-preview":"max-image-preview:large","max-video-preview":"max-video-preview:-1"},"canonical":"https:\/\/www.lraloeverashop.eu\/fr\/produit\/nanogold-set-creme-anti-age\/","og_locale":"fr_FR","og_type":"article","og_title":"Cr\u00e8mes Anti Rides Nanogold Set","og_description":"Cr\u00e8mes Anti Rides Nanogold contre le vieillissement pr\u00e9matur\u00e9 de la peau. Soin de haute qualit\u00e9 aux prot\u00e9ines d'or et de soie. Zeitgard Pro Kit Anti-rides","og_url":"https:\/\/www.lraloeverashop.eu\/fr\/produit\/nanogold-set-creme-anti-age\/","og_site_name":"Boutique Lr Aloe Vera","article_publisher":"https:\/\/www.facebook.com\/lraloeverashop.eu","article_modified_time":"2026-02-02T18:25:05+00:00","og_image":[{"width":1200,"height":1200,"url":"https:\/\/www.lraloeverashop.eu\/wp-content\/uploads\/2022\/10\/Nano-Gold-set.jpg","type":"image\/jpeg"}],"twitter_card":"summary_large_image","twitter_site":"@natur__kosmetik","schema":{"@context":"https:\/\/schema.org","@graph":[{"@type":["WebPage","ItemPage"],"@id":"https:\/\/www.lraloeverashop.eu\/fr\/produit\/nanogold-set-creme-anti-age\/","url":"https:\/\/www.lraloeverashop.eu\/fr\/produit\/nanogold-set-creme-anti-age\/","name":"Cr\u00e8mes Anti Rides Nanogold Set - Soins du visage de haute qualit\u00e9","isPartOf":{"@id":"https:\/\/www.lraloeverashop.eu\/fr\/#website"},"primaryImageOfPage":{"@id":"https:\/\/www.lraloeverashop.eu\/fr\/produit\/nanogold-set-creme-anti-age\/#primaryimage"},"image":{"@id":"https:\/\/www.lraloeverashop.eu\/fr\/produit\/nanogold-set-creme-anti-age\/#primaryimage"},"thumbnailUrl":"https:\/\/www.lraloeverashop.eu\/wp-content\/uploads\/2022\/10\/Nano-Gold-set.jpg","datePublished":"2022-10-17T18:04:35+00:00","dateModified":"2026-02-02T18:25:05+00:00","description":"Cr\u00e8mes Anti Rides Nanogold contre le vieillissement pr\u00e9matur\u00e9 de la peau. Soin de haute qualit\u00e9 aux prot\u00e9ines d'or et de soie. Zeitgard Pro Kit Anti-rides","breadcrumb":{"@id":"https:\/\/www.lraloeverashop.eu\/fr\/produit\/nanogold-set-creme-anti-age\/#breadcrumb"},"inLanguage":"fr-FR","potentialAction":[{"@type":"ReadAction","target":["https:\/\/www.lraloeverashop.eu\/fr\/produit\/nanogold-set-creme-anti-age\/"]}]},{"@type":"ImageObject","inLanguage":"fr-FR","@id":"https:\/\/www.lraloeverashop.eu\/fr\/produit\/nanogold-set-creme-anti-age\/#primaryimage","url":"https:\/\/www.lraloeverashop.eu\/wp-content\/uploads\/2022\/10\/Nano-Gold-set.jpg","contentUrl":"https:\/\/www.lraloeverashop.eu\/wp-content\/uploads\/2022\/10\/Nano-Gold-set.jpg","width":1200,"height":1200,"caption":"Ensemble anti-\u00e2ge Nano Gold"},{"@type":"BreadcrumbList","@id":"https:\/\/www.lraloeverashop.eu\/fr\/produit\/nanogold-set-creme-anti-age\/#breadcrumb","itemListElement":[{"@type":"ListItem","position":1,"name":"Home","item":"https:\/\/www.lraloeverashop.eu\/fr\/"},{"@type":"ListItem","position":2,"name":"Boutique","item":"https:\/\/www.lraloeverashop.eu\/fr\/boutique\/"},{"@type":"ListItem","position":3,"name":"Cr\u00e8mes Anti Rides Nanogold Set"}]},{"@type":"WebSite","@id":"https:\/\/www.lraloeverashop.eu\/fr\/#website","url":"https:\/\/www.lraloeverashop.eu\/fr\/","name":"Boutique Lr Aloe Vera","description":"High Quality Lr Aloe Vera Gel, Aloe Vera Cream and Shampoo","publisher":{"@id":"https:\/\/www.lraloeverashop.eu\/fr\/#organization"},"potentialAction":[{"@type":"SearchAction","target":{"@type":"EntryPoint","urlTemplate":"https:\/\/www.lraloeverashop.eu\/fr\/?s={search_term_string}"},"query-input":{"@type":"PropertyValueSpecification","valueRequired":true,"valueName":"search_term_string"}}],"inLanguage":"fr-FR"},{"@type":"Organization","@id":"https:\/\/www.lraloeverashop.eu\/fr\/#organization","name":"Boutique Lr Aloe Vera","alternateName":"LR","url":"https:\/\/www.lraloeverashop.eu\/fr\/","logo":{"@type":"ImageObject","inLanguage":"fr-FR","@id":"https:\/\/www.lraloeverashop.eu\/fr\/#\/schema\/logo\/image\/","url":"https:\/\/www.lraloeverashop.eu\/wp-content\/uploads\/2022\/09\/cropped-Lr-Aloe-Vera-Shop.jpg","contentUrl":"https:\/\/www.lraloeverashop.eu\/wp-content\/uploads\/2022\/09\/cropped-Lr-Aloe-Vera-Shop.jpg","width":228,"height":76,"caption":"Boutique Lr Aloe Vera"},"image":{"@id":"https:\/\/www.lraloeverashop.eu\/fr\/#\/schema\/logo\/image\/"},"sameAs":["https:\/\/www.facebook.com\/lraloeverashop.eu","https:\/\/x.com\/natur__kosmetik","https:\/\/www.youtube.com\/channel\/UC5oN7BJ8nfYb8RpVtjwDEBA","https:\/\/www.instagram.com\/lrbeautyeu\/"],"description":"La boutique LR Aloe Vera est votre destination de confiance pour les produits de sant\u00e9 et de beaut\u00e9 haut de gamme LR, fabriqu\u00e9s en Allemagne. Nous proposons des soins de la peau, des compl\u00e9ments nutritionnels et des solutions anti-\u00e2ge \u00e0 l'aloe vera de haute qualit\u00e9, \u00e9labor\u00e9s \u00e0 partir d'ingr\u00e9dients purs et valid\u00e9s par la recherche scientifique. D\u00e9couvrez des soins naturels qui r\u00e9g\u00e9n\u00e8rent, prot\u00e8gent et revitalisent votre peau, et profitez d'offres mensuelles exclusives sur nos produits LR Aloe Vera les plus vendus.\n\nCommencez d\u00e8s aujourd'hui votre parcours vers des soins naturels et constatez la diff\u00e9rence.","email":"info@lraloeverashop.eu","telephone":"+49 17670609653","legalName":"Lr Aloe Vera Shop","foundingDate":"2018-04-21","numberOfEmployees":{"@type":"QuantitativeValue","minValue":"1","maxValue":"10"}}]},"product_price_amount":"65.99","product_price_currency":"EUR","og_availability":"out of stock","product_availability":"out of stock","product_retailer_item_id":"28196-1FR","product_condition":"new"},"taxonomy_info":{"product_cat":[{"value":284,"label":"Femmes jusqu'\u00e0 40 ans"},{"value":368,"label":"Nano Gold"},{"value":327,"label":"Produits anti-\u00e2ge"},{"value":266,"label":"Soins anti-\u00e2ge"},{"value":351,"label":"Soldes"}],"product_tag":[{"value":698,"label":"pour les rides du visage"}]},"featured_image_src_large":["https:\/\/www.lraloeverashop.eu\/wp-content\/uploads\/2022\/10\/Nano-Gold-set-1024x1024.jpg",1024,1024,true],"author_info":[],"comment_info":0,"_links":{"self":[{"href":"https:\/\/www.lraloeverashop.eu\/fr\/wp-json\/wp\/v2\/product\/8972","targetHints":{"allow":["GET"]}}],"collection":[{"href":"https:\/\/www.lraloeverashop.eu\/fr\/wp-json\/wp\/v2\/product"}],"about":[{"href":"https:\/\/www.lraloeverashop.eu\/fr\/wp-json\/wp\/v2\/types\/product"}],"replies":[{"embeddable":true,"href":"https:\/\/www.lraloeverashop.eu\/fr\/wp-json\/wp\/v2\/comments?post=8972"}],"wp:featuredmedia":[{"embeddable":true,"href":"https:\/\/www.lraloeverashop.eu\/fr\/wp-json\/wp\/v2\/media\/5952"}],"wp:attachment":[{"href":"https:\/\/www.lraloeverashop.eu\/fr\/wp-json\/wp\/v2\/media?parent=8972"}],"wp:term":[{"taxonomy":"product_brand","embeddable":true,"href":"https:\/\/www.lraloeverashop.eu\/fr\/wp-json\/wp\/v2\/product_brand?post=8972"},{"taxonomy":"product_cat","embeddable":true,"href":"https:\/\/www.lraloeverashop.eu\/fr\/wp-json\/wp\/v2\/product_cat?post=8972"},{"taxonomy":"product_tag","embeddable":true,"href":"https:\/\/www.lraloeverashop.eu\/fr\/wp-json\/wp\/v2\/product_tag?post=8972"}],"curies":[{"name":"wp","href":"https:\/\/api.w.org\/{rel}","templated":true}]}}