{"id":8650,"date":"2022-12-03T18:43:25","date_gmt":"2022-12-03T17:43:25","guid":{"rendered":"https:\/\/www.lraloeverashop.eu\/product\/serum-visage-hydratant-aloe-vera\/"},"modified":"2026-02-02T18:30:45","modified_gmt":"2026-02-02T17:30:45","slug":"serum-visage-hydratant-aloe-vera","status":"publish","type":"product","link":"https:\/\/www.lraloeverashop.eu\/fr\/produit\/serum-visage-hydratant-aloe-vera\/","title":{"rendered":"S\u00e9rum Visage Hydratant Aloe Vera"},"content":{"rendered":"<h2><span style=\"font-size: 16pt;\"><strong>S\u00e9rum Visage Hydratant Aloe Vera<\/strong><\/span><\/h2>\n<p><span style=\"font-size: 14pt;\"><strong>S\u00e9rum Visage Hydratant Aloe Vera pour un look frais toute la journ\u00e9e<\/strong><\/span><\/p>\n<p>Le s\u00e9rum visage hydratant 24 heures \u00e0 l&rsquo;aloe vera avec 50% de gel de feuilles d&rsquo;aloe vera assure une hydratation optimale de la peau. Le s\u00e9rum hydratant donne \u00e0 la peau plus d&rsquo;\u00e9lasticit\u00e9, de vitalit\u00e9 et un \u00e9clat frais. La technologie innovante Moisture Trap\u2122 soutient la capacit\u00e9 de la peau \u00e0 retenir l&rsquo;humidit\u00e9 pendant 24 heures et constitue ainsi une base id\u00e9ale pour les <a href=\"https:\/\/www.lraloeverashop.eu\/fr\/produit\/aloe-vera-gel-creme-hydratant\/\">soins de jour<\/a>.<\/p>\n<p>&nbsp;<\/p>\n<h3><strong><span style=\"font-size: 16pt;\">Comment utiliser<\/span><\/strong><\/h3>\n<p><strong>\u00c9tape 1:<\/strong> Appliquez le s\u00e9rum hydratant pour le visage Aloe Vera sur le visage une fois par jour apr\u00e8s le nettoyage. Si vous avez la peau plut\u00f4t d\u00e9shydrat\u00e9e, deux fois par jour, par ex. le matin et le soir apr\u00e8s le nettoyage.<\/p>\n<p><strong>\u00c9tape 2:<\/strong> Appliquez le Gel Cr\u00e8me Rafra\u00eechissant Lr Aloe Vera ou la Cr\u00e8me de Jour Aloe Vera. Pour la nuit, la cr\u00e8me de nuit \u00e0 l&rsquo;aloe vera est <a href=\"https:\/\/www.lraloeverashop.eu\/fr\/produit\/aloe-vera-masque-pour-le-visage\/\">id\u00e9ale pour les soins<\/a>.<\/p>\n<p>&nbsp;<\/p>\n<h4><strong><span style=\"font-size: 16pt;\">Le saviez-vous?<\/span><\/strong><\/h4>\n<p>Il y a quelques ann\u00e9es, <a href=\"https:\/\/www.lraloeverashop.eu\/fr\/produit\/aloe-vera-gel-concentre-hydratant\/\">l&rsquo;aloe vera<\/a> a \u00e9galement \u00e9t\u00e9 d\u00e9couvert pour une utilisation dans les produits de soins. Entre-temps, les propri\u00e9t\u00e9s positives de la plante sont devenues partie int\u00e9grante des programmes de soins de nombreuses personnes.<\/p>\n<p>Au cours de nos nombreuses ann\u00e9es d&rsquo;exp\u00e9rience dans le traitement de cette plante polyvalente, nous avons d\u00e9velopp\u00e9 des proc\u00e9d\u00e9s permettant d&rsquo;utiliser de mani\u00e8re optimale les pr\u00e9cieux ingr\u00e9dients de l&rsquo;aloe vera dans nos produits de soin.<\/p>\n<p>Cela inclut, par exemple, que <a href=\"https:\/\/lrworld.com\/join-me\">LR<\/a> ne traite que des plantes d&rsquo;aloe vera des hautes terres mexicaines, qui sont cultiv\u00e9es avec une attention stricte aux conditions de croissance optimales. La r\u00e9colte se fait exclusivement \u00e0 la main pour ne pas ab\u00eemer le pr\u00e9cieux filet de feuilles.<\/p>\n<p>Les produits Aloe Vera sont fabriqu\u00e9s en Allemagne. C&rsquo;est ainsi que nous garantissons la meilleure qualit\u00e9.<\/p>\n","protected":false},"excerpt":{"rendered":"<ul>\n<li>Avec 50% de gel de feuilles d&rsquo;aloe vera et d&rsquo;extrait d&rsquo;olive bio<\/li>\n<li>Assure une p\u00e9n\u00e9tration optimale de l&rsquo;humidit\u00e9 de la peau<\/li>\n<li>Aide la peau \u00e0 retenir l&rsquo;hydratation pendant 24 heures<\/li>\n<li>Pour un look frais toute la journ\u00e9e<\/li>\n<li>Am\u00e9liorer l&rsquo;\u00e9lasticit\u00e9 de la peau<\/li>\n<li>Quantit\u00e9 : 30 ml<\/li>\n<\/ul>\n<p style=\"text-align: left;\"><span style=\"color: #ff0000;\"><a style=\"color: #ff0000;\" href=\"https:\/\/shop.lrworld.com\/openpao?PHP=0vFlt7jT938BEnBI3a6e9w%3D%3D\"><span style=\"font-size: 14pt;\"><strong>Inscrivez-vous et \u00e9conomisez 35% sur chaque commande<\/strong><\/span><\/a><\/span><\/p>\n","protected":false},"featured_media":8460,"comment_status":"open","ping_status":"closed","template":"","meta":{"_kad_blocks_custom_css":"","_kad_blocks_head_custom_js":"","_kad_blocks_body_custom_js":"","_kad_blocks_footer_custom_js":"","_kadence_starter_templates_imported_post":false,"_kad_post_transparent":"default","_kad_post_title":"","_kad_post_layout":"default","_kad_post_sidebar_id":"","_kad_post_content_style":"default","_kad_post_vertical_padding":"default","_kad_post_feature":"","_kad_post_feature_position":"","_kad_post_header":false,"_kad_post_footer":false,"_kad_post_classname":""},"product_brand":[],"product_cat":[212,226,351],"product_tag":[584],"class_list":{"0":"post-8650","1":"product","2":"type-product","3":"status-publish","4":"has-post-thumbnail","6":"product_cat-aloe-vera-fr","7":"product_cat-soins-du-visage","8":"product_cat-soldes","9":"product_tag-visage-sec","11":"first","12":"outofstock","13":"sale","14":"taxable","15":"shipping-taxable","16":"purchasable","17":"product-type-simple","18":"entry","19":"content-bg","20":"loop-entry"},"yoast_head":"<!-- This site is optimized with the Yoast SEO Premium plugin v27.3 (Yoast SEO v27.3) - https:\/\/yoast.com\/product\/yoast-seo-premium-wordpress\/ -->\n<title>S\u00e9rum Visage hydratant aloe vera hydrat\u00e9 pendant 24 heures<\/title>\n<meta name=\"description\" content=\"S\u00e9rum Visage Hydratant 24 Heures avec 50% de aloe vera donne \u00e0 la peau plus d&#039;\u00e9lasticit\u00e9, de vitalit\u00e9 et un \u00e9clat frais. Avec Moisture Trap\u2122\" \/>\n<meta name=\"robots\" content=\"index, follow, max-snippet:-1, max-image-preview:large, max-video-preview:-1\" \/>\n<link rel=\"canonical\" href=\"https:\/\/www.lraloeverashop.eu\/fr\/produit\/serum-visage-hydratant-aloe-vera\/\" \/>\n<meta property=\"og:locale\" content=\"fr_FR\" \/>\n<meta property=\"og:type\" content=\"article\" \/>\n<meta property=\"og:title\" content=\"S\u00e9rum Visage Hydratant Aloe Vera\" \/>\n<meta property=\"og:description\" content=\"S\u00e9rum Visage Hydratant 24 Heures avec 50% de aloe vera donne \u00e0 la peau plus d&#039;\u00e9lasticit\u00e9, de vitalit\u00e9 et un \u00e9clat frais. Avec Moisture Trap\u2122\" \/>\n<meta property=\"og:url\" content=\"https:\/\/www.lraloeverashop.eu\/fr\/produit\/serum-visage-hydratant-aloe-vera\/\" \/>\n<meta property=\"og:site_name\" content=\"Boutique Lr Aloe Vera\" \/>\n<meta property=\"article:publisher\" content=\"https:\/\/www.facebook.com\/lraloeverashop.eu\" \/>\n<meta property=\"article:modified_time\" content=\"2026-02-02T17:30:45+00:00\" \/>\n<meta property=\"og:image\" content=\"https:\/\/www.lraloeverashop.eu\/wp-content\/uploads\/2022\/12\/Aloe-Vera-Face-Serum.jpg\" \/>\n\t<meta property=\"og:image:width\" content=\"1200\" \/>\n\t<meta property=\"og:image:height\" content=\"1200\" \/>\n\t<meta property=\"og:image:type\" content=\"image\/jpeg\" \/>\n<meta name=\"twitter:card\" content=\"summary_large_image\" \/>\n<meta name=\"twitter:site\" content=\"@natur__kosmetik\" \/>\n<script type=\"application\/ld+json\" class=\"yoast-schema-graph\">{\"@context\":\"https:\\\/\\\/schema.org\",\"@graph\":[{\"@type\":[\"WebPage\",\"ItemPage\"],\"@id\":\"https:\\\/\\\/www.lraloeverashop.eu\\\/fr\\\/produit\\\/serum-visage-hydratant-aloe-vera\\\/\",\"url\":\"https:\\\/\\\/www.lraloeverashop.eu\\\/fr\\\/produit\\\/serum-visage-hydratant-aloe-vera\\\/\",\"name\":\"S\u00e9rum Visage hydratant aloe vera hydrat\u00e9 pendant 24 heures\",\"isPartOf\":{\"@id\":\"https:\\\/\\\/www.lraloeverashop.eu\\\/fr\\\/#website\"},\"primaryImageOfPage\":{\"@id\":\"https:\\\/\\\/www.lraloeverashop.eu\\\/fr\\\/produit\\\/serum-visage-hydratant-aloe-vera\\\/#primaryimage\"},\"image\":{\"@id\":\"https:\\\/\\\/www.lraloeverashop.eu\\\/fr\\\/produit\\\/serum-visage-hydratant-aloe-vera\\\/#primaryimage\"},\"thumbnailUrl\":\"https:\\\/\\\/www.lraloeverashop.eu\\\/wp-content\\\/uploads\\\/2022\\\/12\\\/Aloe-Vera-Face-Serum.jpg\",\"datePublished\":\"2022-12-03T17:43:25+00:00\",\"dateModified\":\"2026-02-02T17:30:45+00:00\",\"description\":\"S\u00e9rum Visage Hydratant 24 Heures avec 50% de aloe vera donne \u00e0 la peau plus d'\u00e9lasticit\u00e9, de vitalit\u00e9 et un \u00e9clat frais. Avec Moisture Trap\u2122\",\"breadcrumb\":{\"@id\":\"https:\\\/\\\/www.lraloeverashop.eu\\\/fr\\\/produit\\\/serum-visage-hydratant-aloe-vera\\\/#breadcrumb\"},\"inLanguage\":\"fr-FR\",\"potentialAction\":[{\"@type\":\"ReadAction\",\"target\":[\"https:\\\/\\\/www.lraloeverashop.eu\\\/fr\\\/produit\\\/serum-visage-hydratant-aloe-vera\\\/\"]}]},{\"@type\":\"ImageObject\",\"inLanguage\":\"fr-FR\",\"@id\":\"https:\\\/\\\/www.lraloeverashop.eu\\\/fr\\\/produit\\\/serum-visage-hydratant-aloe-vera\\\/#primaryimage\",\"url\":\"https:\\\/\\\/www.lraloeverashop.eu\\\/wp-content\\\/uploads\\\/2022\\\/12\\\/Aloe-Vera-Face-Serum.jpg\",\"contentUrl\":\"https:\\\/\\\/www.lraloeverashop.eu\\\/wp-content\\\/uploads\\\/2022\\\/12\\\/Aloe-Vera-Face-Serum.jpg\",\"width\":1200,\"height\":1200,\"caption\":\"S\u00e9rum Visage Hydratant Aloe Vera\"},{\"@type\":\"BreadcrumbList\",\"@id\":\"https:\\\/\\\/www.lraloeverashop.eu\\\/fr\\\/produit\\\/serum-visage-hydratant-aloe-vera\\\/#breadcrumb\",\"itemListElement\":[{\"@type\":\"ListItem\",\"position\":1,\"name\":\"Home\",\"item\":\"https:\\\/\\\/www.lraloeverashop.eu\\\/fr\\\/\"},{\"@type\":\"ListItem\",\"position\":2,\"name\":\"Boutique\",\"item\":\"https:\\\/\\\/www.lraloeverashop.eu\\\/fr\\\/boutique\\\/\"},{\"@type\":\"ListItem\",\"position\":3,\"name\":\"S\u00e9rum Visage Hydratant Aloe Vera\"}]},{\"@type\":\"WebSite\",\"@id\":\"https:\\\/\\\/www.lraloeverashop.eu\\\/fr\\\/#website\",\"url\":\"https:\\\/\\\/www.lraloeverashop.eu\\\/fr\\\/\",\"name\":\"Boutique Lr Aloe Vera\",\"description\":\"High Quality Lr Aloe Vera Gel, Aloe Vera Cream and Shampoo\",\"publisher\":{\"@id\":\"https:\\\/\\\/www.lraloeverashop.eu\\\/fr\\\/#organization\"},\"potentialAction\":[{\"@type\":\"SearchAction\",\"target\":{\"@type\":\"EntryPoint\",\"urlTemplate\":\"https:\\\/\\\/www.lraloeverashop.eu\\\/fr\\\/?s={search_term_string}\"},\"query-input\":{\"@type\":\"PropertyValueSpecification\",\"valueRequired\":true,\"valueName\":\"search_term_string\"}}],\"inLanguage\":\"fr-FR\"},{\"@type\":\"Organization\",\"@id\":\"https:\\\/\\\/www.lraloeverashop.eu\\\/fr\\\/#organization\",\"name\":\"Boutique Lr Aloe Vera\",\"alternateName\":\"LR\",\"url\":\"https:\\\/\\\/www.lraloeverashop.eu\\\/fr\\\/\",\"logo\":{\"@type\":\"ImageObject\",\"inLanguage\":\"fr-FR\",\"@id\":\"https:\\\/\\\/www.lraloeverashop.eu\\\/fr\\\/#\\\/schema\\\/logo\\\/image\\\/\",\"url\":\"https:\\\/\\\/www.lraloeverashop.eu\\\/wp-content\\\/uploads\\\/2022\\\/09\\\/cropped-Lr-Aloe-Vera-Shop.jpg\",\"contentUrl\":\"https:\\\/\\\/www.lraloeverashop.eu\\\/wp-content\\\/uploads\\\/2022\\\/09\\\/cropped-Lr-Aloe-Vera-Shop.jpg\",\"width\":228,\"height\":76,\"caption\":\"Boutique Lr Aloe Vera\"},\"image\":{\"@id\":\"https:\\\/\\\/www.lraloeverashop.eu\\\/fr\\\/#\\\/schema\\\/logo\\\/image\\\/\"},\"sameAs\":[\"https:\\\/\\\/www.facebook.com\\\/lraloeverashop.eu\",\"https:\\\/\\\/x.com\\\/natur__kosmetik\",\"https:\\\/\\\/www.youtube.com\\\/channel\\\/UC5oN7BJ8nfYb8RpVtjwDEBA\",\"https:\\\/\\\/www.instagram.com\\\/lrbeautyeu\\\/\"]}]}<\/script>\n<meta property=\"product:price:amount\" content=\"19.99\" \/>\n<meta property=\"product:price:currency\" content=\"EUR\" \/>\n<meta property=\"og:availability\" content=\"out of stock\" \/>\n<meta property=\"product:availability\" content=\"out of stock\" \/>\n<meta property=\"product:retailer_item_id\" content=\"20685-201FR\" \/>\n<meta property=\"product:condition\" content=\"new\" \/>\n<!-- \/ Yoast SEO Premium plugin. -->","yoast_head_json":{"title":"S\u00e9rum Visage hydratant aloe vera hydrat\u00e9 pendant 24 heures","description":"S\u00e9rum Visage Hydratant 24 Heures avec 50% de aloe vera donne \u00e0 la peau plus d'\u00e9lasticit\u00e9, de vitalit\u00e9 et un \u00e9clat frais. Avec Moisture Trap\u2122","robots":{"index":"index","follow":"follow","max-snippet":"max-snippet:-1","max-image-preview":"max-image-preview:large","max-video-preview":"max-video-preview:-1"},"canonical":"https:\/\/www.lraloeverashop.eu\/fr\/produit\/serum-visage-hydratant-aloe-vera\/","og_locale":"fr_FR","og_type":"article","og_title":"S\u00e9rum Visage Hydratant Aloe Vera","og_description":"S\u00e9rum Visage Hydratant 24 Heures avec 50% de aloe vera donne \u00e0 la peau plus d'\u00e9lasticit\u00e9, de vitalit\u00e9 et un \u00e9clat frais. Avec Moisture Trap\u2122","og_url":"https:\/\/www.lraloeverashop.eu\/fr\/produit\/serum-visage-hydratant-aloe-vera\/","og_site_name":"Boutique Lr Aloe Vera","article_publisher":"https:\/\/www.facebook.com\/lraloeverashop.eu","article_modified_time":"2026-02-02T17:30:45+00:00","og_image":[{"width":1200,"height":1200,"url":"https:\/\/www.lraloeverashop.eu\/wp-content\/uploads\/2022\/12\/Aloe-Vera-Face-Serum.jpg","type":"image\/jpeg"}],"twitter_card":"summary_large_image","twitter_site":"@natur__kosmetik","schema":{"@context":"https:\/\/schema.org","@graph":[{"@type":["WebPage","ItemPage"],"@id":"https:\/\/www.lraloeverashop.eu\/fr\/produit\/serum-visage-hydratant-aloe-vera\/","url":"https:\/\/www.lraloeverashop.eu\/fr\/produit\/serum-visage-hydratant-aloe-vera\/","name":"S\u00e9rum Visage hydratant aloe vera hydrat\u00e9 pendant 24 heures","isPartOf":{"@id":"https:\/\/www.lraloeverashop.eu\/fr\/#website"},"primaryImageOfPage":{"@id":"https:\/\/www.lraloeverashop.eu\/fr\/produit\/serum-visage-hydratant-aloe-vera\/#primaryimage"},"image":{"@id":"https:\/\/www.lraloeverashop.eu\/fr\/produit\/serum-visage-hydratant-aloe-vera\/#primaryimage"},"thumbnailUrl":"https:\/\/www.lraloeverashop.eu\/wp-content\/uploads\/2022\/12\/Aloe-Vera-Face-Serum.jpg","datePublished":"2022-12-03T17:43:25+00:00","dateModified":"2026-02-02T17:30:45+00:00","description":"S\u00e9rum Visage Hydratant 24 Heures avec 50% de aloe vera donne \u00e0 la peau plus d'\u00e9lasticit\u00e9, de vitalit\u00e9 et un \u00e9clat frais. Avec Moisture Trap\u2122","breadcrumb":{"@id":"https:\/\/www.lraloeverashop.eu\/fr\/produit\/serum-visage-hydratant-aloe-vera\/#breadcrumb"},"inLanguage":"fr-FR","potentialAction":[{"@type":"ReadAction","target":["https:\/\/www.lraloeverashop.eu\/fr\/produit\/serum-visage-hydratant-aloe-vera\/"]}]},{"@type":"ImageObject","inLanguage":"fr-FR","@id":"https:\/\/www.lraloeverashop.eu\/fr\/produit\/serum-visage-hydratant-aloe-vera\/#primaryimage","url":"https:\/\/www.lraloeverashop.eu\/wp-content\/uploads\/2022\/12\/Aloe-Vera-Face-Serum.jpg","contentUrl":"https:\/\/www.lraloeverashop.eu\/wp-content\/uploads\/2022\/12\/Aloe-Vera-Face-Serum.jpg","width":1200,"height":1200,"caption":"S\u00e9rum Visage Hydratant Aloe Vera"},{"@type":"BreadcrumbList","@id":"https:\/\/www.lraloeverashop.eu\/fr\/produit\/serum-visage-hydratant-aloe-vera\/#breadcrumb","itemListElement":[{"@type":"ListItem","position":1,"name":"Home","item":"https:\/\/www.lraloeverashop.eu\/fr\/"},{"@type":"ListItem","position":2,"name":"Boutique","item":"https:\/\/www.lraloeverashop.eu\/fr\/boutique\/"},{"@type":"ListItem","position":3,"name":"S\u00e9rum Visage Hydratant Aloe Vera"}]},{"@type":"WebSite","@id":"https:\/\/www.lraloeverashop.eu\/fr\/#website","url":"https:\/\/www.lraloeverashop.eu\/fr\/","name":"Boutique Lr Aloe Vera","description":"High Quality Lr Aloe Vera Gel, Aloe Vera Cream and Shampoo","publisher":{"@id":"https:\/\/www.lraloeverashop.eu\/fr\/#organization"},"potentialAction":[{"@type":"SearchAction","target":{"@type":"EntryPoint","urlTemplate":"https:\/\/www.lraloeverashop.eu\/fr\/?s={search_term_string}"},"query-input":{"@type":"PropertyValueSpecification","valueRequired":true,"valueName":"search_term_string"}}],"inLanguage":"fr-FR"},{"@type":"Organization","@id":"https:\/\/www.lraloeverashop.eu\/fr\/#organization","name":"Boutique Lr Aloe Vera","alternateName":"LR","url":"https:\/\/www.lraloeverashop.eu\/fr\/","logo":{"@type":"ImageObject","inLanguage":"fr-FR","@id":"https:\/\/www.lraloeverashop.eu\/fr\/#\/schema\/logo\/image\/","url":"https:\/\/www.lraloeverashop.eu\/wp-content\/uploads\/2022\/09\/cropped-Lr-Aloe-Vera-Shop.jpg","contentUrl":"https:\/\/www.lraloeverashop.eu\/wp-content\/uploads\/2022\/09\/cropped-Lr-Aloe-Vera-Shop.jpg","width":228,"height":76,"caption":"Boutique Lr Aloe Vera"},"image":{"@id":"https:\/\/www.lraloeverashop.eu\/fr\/#\/schema\/logo\/image\/"},"sameAs":["https:\/\/www.facebook.com\/lraloeverashop.eu","https:\/\/x.com\/natur__kosmetik","https:\/\/www.youtube.com\/channel\/UC5oN7BJ8nfYb8RpVtjwDEBA","https:\/\/www.instagram.com\/lrbeautyeu\/"]}]},"product_price_amount":"19.99","product_price_currency":"EUR","og_availability":"out of stock","product_availability":"out of stock","product_retailer_item_id":"20685-201FR","product_condition":"new"},"taxonomy_info":{"product_cat":[{"value":212,"label":"Aloe Vera"},{"value":226,"label":"Soins du visage"},{"value":351,"label":"Soldes"}],"product_tag":[{"value":584,"label":"Visage sec"}]},"featured_image_src_large":["https:\/\/www.lraloeverashop.eu\/wp-content\/uploads\/2022\/12\/Aloe-Vera-Face-Serum-1024x1024.jpg",1024,1024,true],"author_info":[],"comment_info":0,"_links":{"self":[{"href":"https:\/\/www.lraloeverashop.eu\/fr\/wp-json\/wp\/v2\/product\/8650","targetHints":{"allow":["GET"]}}],"collection":[{"href":"https:\/\/www.lraloeverashop.eu\/fr\/wp-json\/wp\/v2\/product"}],"about":[{"href":"https:\/\/www.lraloeverashop.eu\/fr\/wp-json\/wp\/v2\/types\/product"}],"replies":[{"embeddable":true,"href":"https:\/\/www.lraloeverashop.eu\/fr\/wp-json\/wp\/v2\/comments?post=8650"}],"wp:featuredmedia":[{"embeddable":true,"href":"https:\/\/www.lraloeverashop.eu\/fr\/wp-json\/wp\/v2\/media\/8460"}],"wp:attachment":[{"href":"https:\/\/www.lraloeverashop.eu\/fr\/wp-json\/wp\/v2\/media?parent=8650"}],"wp:term":[{"taxonomy":"product_brand","embeddable":true,"href":"https:\/\/www.lraloeverashop.eu\/fr\/wp-json\/wp\/v2\/product_brand?post=8650"},{"taxonomy":"product_cat","embeddable":true,"href":"https:\/\/www.lraloeverashop.eu\/fr\/wp-json\/wp\/v2\/product_cat?post=8650"},{"taxonomy":"product_tag","embeddable":true,"href":"https:\/\/www.lraloeverashop.eu\/fr\/wp-json\/wp\/v2\/product_tag?post=8650"}],"curies":[{"name":"wp","href":"https:\/\/api.w.org\/{rel}","templated":true}]}}