{"id":8626,"date":"2022-12-03T19:35:56","date_gmt":"2022-12-03T18:35:56","guid":{"rendered":"https:\/\/www.lraloeverashop.eu\/product\/lait-solaire-ip-50\/"},"modified":"2026-04-18T21:33:55","modified_gmt":"2026-04-18T19:33:55","slug":"lait-solaire-ip-50","status":"publish","type":"product","link":"https:\/\/www.lraloeverashop.eu\/fr\/produit\/lait-solaire-ip-50\/","title":{"rendered":"Lait Solaire IP 50 Aloe Vera"},"content":{"rendered":"<h2><span style=\"font-size: 16pt;\"><strong>Lait Solaire IP 50 Aloe Vera<\/strong><\/span><\/h2>\n<p><span style=\"font-size: 14pt;\"><strong>Lait Solaire IP 50 Aloe Vera &#8211; \u00e0 haute protection solaire pour les peaux sensibles<\/strong><\/span><\/p>\n<p>Le beau temps s&rsquo;annonce, le sac de bain est pr\u00eat ! Avez-vous aussi pens\u00e9 \u00e0 la protection solaire ? Les personnes \u00e0 la peau sensible sujette aux coups de soleil et les enfants en particulier ont besoin d&rsquo;une <a href=\"https:\/\/www.lraloeverashop.eu\/fr\/produit\/set-de-protection-solaire-aloe-vera\/\">protection solaire<\/a> fiable avec le facteur de protection solaire le plus \u00e9lev\u00e9 possible. Le compagnon id\u00e9al des chaudes journ\u00e9es d&rsquo;\u00e9t\u00e9 : la lotion solaire \u00e0 l&rsquo;aloe vera IP 50.<\/p>\n<p>Gr\u00e2ce \u00e0 son facteur de <a href=\"https:\/\/www.lraloeverashop.eu\/fr\/produit\/creme-apres-soleil-aloe-vera\/\">protection solaire<\/a> \u00e9lev\u00e9 et \u00e0 ses 40 % de composants de soin \u00e0 l&rsquo;aloe vera, la Lait Solaire IP 50 \u00e0 l&rsquo;aloe vera prot\u00e8ge et soigne id\u00e9alement les peaux sensibles pendant les chaudes journ\u00e9es d&rsquo;\u00e9t\u00e9. L&rsquo;ananas est connu pour ses enzymes, ses min\u00e9raux et ses vitamines qui peuvent aider \u00e0 favoriser la r\u00e9g\u00e9n\u00e9ration de la peau.<\/p>\n<p>La texture innovante au toucher sec garantit que la lotion est <a href=\"https:\/\/www.lraloeverashop.eu\/fr\/produit\/aloe-vera-lait-solaire-spray-ip-30\/\">rapidement absorb\u00e9e<\/a>, ne brille pas, ne colle pas et ne laisse pas de r\u00e9sidu blanc sur la peau.<\/p>\n<p>&nbsp;<\/p>\n<h3><strong><span style=\"font-size: 16pt;\">Comment utiliser<\/span><\/strong><\/h3>\n<p>Appliquer g\u00e9n\u00e9reusement au moins 30 minutes avant l&rsquo;exposition au soleil. Compl\u00e9tez si n\u00e9cessaire.<\/p>\n<p>&nbsp;<\/p>\n<h4><strong><span style=\"font-size: 16pt;\">Le saviez-vous?<\/span><\/strong><\/h4>\n<p>Le facteur de protection solaire indique combien de temps vous pouvez th\u00e9oriquement prendre un bain de soleil avec de la cr\u00e8me solaire sans attraper de coup de soleil que sans <a href=\"https:\/\/www.lraloeverashop.eu\/fr\/produit\/aloe-vera-creme-solaire-anti-age-ip-50\/\">cr\u00e8me solaire<\/a>.<\/p>\n<p>Vous pouvez calculer : SPF * temps d&rsquo;autoprotection. Par exemple, si votre temps d&rsquo;autoprotection est de 5 minutes, calculez : 20 x 5 minutes = 100 minutes.<br \/>\nImportant : Chaque type de peau est diff\u00e9rent, tout comme l&rsquo;exposition au soleil. La lotion solaire ne remplace pas un parapluie, un t-shirt ou un chapeau de soleil.<\/p>\n<p>Afin de vous prot\u00e9ger \u00e9galement des dommages du soleil \u00e0 long terme, vous ne devez jamais utiliser pleinement la p\u00e9riode de <a href=\"https:\/\/www.lraloeverashop.eu\/fr\/produit\/aloe-vera-lotion-solaire-ip-30\/\">protection solaire<\/a> et rechercher l&rsquo;ombre plus souvent.<\/p>\n","protected":false},"excerpt":{"rendered":"<ul>\n<li>Lotion pour peaux claires et sensibles<\/li>\n<li>Avec 40% d&rsquo;aloe vera et extrait d&rsquo;ananas bio<\/li>\n<li>Prot\u00e8ge la peau des rayons UVA et UVB<\/li>\n<li>Nourrit et hydrate intens\u00e9ment<\/li>\n<li>Avec effet toucher sec : p\u00e9n\u00e8tre rapidement, ne brille pas, ne colle pas, ne blanchit pas<\/li>\n<li>Quantit\u00e9: 75 ml<\/li>\n<\/ul>\n<p style=\"text-align: left;\"><span style=\"color: #ff0000;\"><a style=\"color: #ff0000;\" href=\"https:\/\/shop.lrworld.com\/openpao?PHP=0vFlt7jT938BEnBI3a6e9w%3D%3D\"><span style=\"font-size: 14pt;\"><strong>Inscrivez-vous et \u00e9conomisez 35% sur chaque commande<\/strong><\/span><\/a><\/span><\/p>\n","protected":false},"featured_media":8467,"comment_status":"open","ping_status":"closed","template":"","meta":{"_kad_blocks_custom_css":"","_kad_blocks_head_custom_js":"","_kad_blocks_body_custom_js":"","_kad_blocks_footer_custom_js":"","_kadence_starter_templates_imported_post":false,"_kad_post_transparent":"default","_kad_post_title":"","_kad_post_layout":"default","_kad_post_sidebar_id":"","_kad_post_content_style":"default","_kad_post_vertical_padding":"default","_kad_post_feature":"","_kad_post_feature_position":"","_kad_post_header":false,"_kad_post_footer":false,"_kad_post_classname":""},"product_brand":[],"product_cat":[212,1006],"product_tag":[1013],"class_list":{"0":"post-8626","1":"product","2":"type-product","3":"status-publish","4":"has-post-thumbnail","6":"product_cat-aloe-vera-fr","7":"product_cat-protection-solaire","8":"product_tag-creme-solaire","10":"first","11":"instock","12":"taxable","13":"shipping-taxable","14":"purchasable","15":"product-type-simple","16":"entry","17":"content-bg","18":"loop-entry"},"yoast_head":"<!-- This site is optimized with the Yoast SEO Premium plugin v27.4 (Yoast SEO v27.4) - https:\/\/yoast.com\/product\/yoast-seo-premium-wordpress\/ -->\n<title>Lait Solaire IP 50 - haute protection peaux claires et sensibles<\/title>\n<meta name=\"description\" content=\"Lait Solaire IP 50 Aloe Vera Avec 40% d&#039;aloe vera gel et extrait d&#039;ananas bio. Prot\u00e8ge la peau des rayons UVA et UVB. Nourrit et hydrate intens\u00e9ment\" \/>\n<meta name=\"robots\" content=\"index, follow, max-snippet:-1, max-image-preview:large, max-video-preview:-1\" \/>\n<link rel=\"canonical\" href=\"https:\/\/www.lraloeverashop.eu\/fr\/produit\/lait-solaire-ip-50\/\" \/>\n<meta property=\"og:locale\" content=\"fr_FR\" \/>\n<meta property=\"og:type\" content=\"article\" \/>\n<meta property=\"og:title\" content=\"Lait Solaire IP 50 Aloe Vera\" \/>\n<meta property=\"og:description\" content=\"Lait Solaire IP 50 Aloe Vera Avec 40% d&#039;aloe vera gel et extrait d&#039;ananas bio. Prot\u00e8ge la peau des rayons UVA et UVB. Nourrit et hydrate intens\u00e9ment\" \/>\n<meta property=\"og:url\" content=\"https:\/\/www.lraloeverashop.eu\/fr\/produit\/lait-solaire-ip-50\/\" \/>\n<meta property=\"og:site_name\" content=\"Boutique Lr Aloe Vera\" \/>\n<meta property=\"article:publisher\" content=\"https:\/\/www.facebook.com\/lraloeverashop.eu\" \/>\n<meta property=\"article:modified_time\" content=\"2026-04-18T19:33:55+00:00\" \/>\n<meta property=\"og:image\" content=\"https:\/\/www.lraloeverashop.eu\/wp-content\/uploads\/2022\/12\/Aloe-Vera-High-Protection-Sun-Lotion.jpg\" \/>\n\t<meta property=\"og:image:width\" content=\"1200\" \/>\n\t<meta property=\"og:image:height\" content=\"1200\" \/>\n\t<meta property=\"og:image:type\" content=\"image\/jpeg\" \/>\n<meta name=\"twitter:card\" content=\"summary_large_image\" \/>\n<meta name=\"twitter:site\" content=\"@natur__kosmetik\" \/>\n<script type=\"application\/ld+json\" class=\"yoast-schema-graph\">{\"@context\":\"https:\\\/\\\/schema.org\",\"@graph\":[{\"@type\":[\"WebPage\",\"ItemPage\"],\"@id\":\"https:\\\/\\\/www.lraloeverashop.eu\\\/fr\\\/produit\\\/lait-solaire-ip-50\\\/\",\"url\":\"https:\\\/\\\/www.lraloeverashop.eu\\\/fr\\\/produit\\\/lait-solaire-ip-50\\\/\",\"name\":\"Lait Solaire IP 50 - haute protection peaux claires et sensibles\",\"isPartOf\":{\"@id\":\"https:\\\/\\\/www.lraloeverashop.eu\\\/fr\\\/#website\"},\"primaryImageOfPage\":{\"@id\":\"https:\\\/\\\/www.lraloeverashop.eu\\\/fr\\\/produit\\\/lait-solaire-ip-50\\\/#primaryimage\"},\"image\":{\"@id\":\"https:\\\/\\\/www.lraloeverashop.eu\\\/fr\\\/produit\\\/lait-solaire-ip-50\\\/#primaryimage\"},\"thumbnailUrl\":\"https:\\\/\\\/www.lraloeverashop.eu\\\/wp-content\\\/uploads\\\/2022\\\/12\\\/Aloe-Vera-High-Protection-Sun-Lotion.jpg\",\"datePublished\":\"2022-12-03T18:35:56+00:00\",\"dateModified\":\"2026-04-18T19:33:55+00:00\",\"description\":\"Lait Solaire IP 50 Aloe Vera Avec 40% d'aloe vera gel et extrait d'ananas bio. Prot\u00e8ge la peau des rayons UVA et UVB. Nourrit et hydrate intens\u00e9ment\",\"breadcrumb\":{\"@id\":\"https:\\\/\\\/www.lraloeverashop.eu\\\/fr\\\/produit\\\/lait-solaire-ip-50\\\/#breadcrumb\"},\"inLanguage\":\"fr-FR\",\"potentialAction\":[{\"@type\":\"ReadAction\",\"target\":[\"https:\\\/\\\/www.lraloeverashop.eu\\\/fr\\\/produit\\\/lait-solaire-ip-50\\\/\"]}]},{\"@type\":\"ImageObject\",\"inLanguage\":\"fr-FR\",\"@id\":\"https:\\\/\\\/www.lraloeverashop.eu\\\/fr\\\/produit\\\/lait-solaire-ip-50\\\/#primaryimage\",\"url\":\"https:\\\/\\\/www.lraloeverashop.eu\\\/wp-content\\\/uploads\\\/2022\\\/12\\\/Aloe-Vera-High-Protection-Sun-Lotion.jpg\",\"contentUrl\":\"https:\\\/\\\/www.lraloeverashop.eu\\\/wp-content\\\/uploads\\\/2022\\\/12\\\/Aloe-Vera-High-Protection-Sun-Lotion.jpg\",\"width\":1200,\"height\":1200,\"caption\":\"Lotion Solaire Haute Protection IP 50 \u00e0 l'Aloe Vera\"},{\"@type\":\"BreadcrumbList\",\"@id\":\"https:\\\/\\\/www.lraloeverashop.eu\\\/fr\\\/produit\\\/lait-solaire-ip-50\\\/#breadcrumb\",\"itemListElement\":[{\"@type\":\"ListItem\",\"position\":1,\"name\":\"Home\",\"item\":\"https:\\\/\\\/www.lraloeverashop.eu\\\/fr\\\/\"},{\"@type\":\"ListItem\",\"position\":2,\"name\":\"Boutique\",\"item\":\"https:\\\/\\\/www.lraloeverashop.eu\\\/fr\\\/boutique\\\/\"},{\"@type\":\"ListItem\",\"position\":3,\"name\":\"Lait Solaire IP 50 Aloe Vera\"}]},{\"@type\":\"WebSite\",\"@id\":\"https:\\\/\\\/www.lraloeverashop.eu\\\/fr\\\/#website\",\"url\":\"https:\\\/\\\/www.lraloeverashop.eu\\\/fr\\\/\",\"name\":\"Boutique Lr Aloe Vera\",\"description\":\"High Quality Lr Aloe Vera Gel, Aloe Vera Cream and Shampoo\",\"publisher\":{\"@id\":\"https:\\\/\\\/www.lraloeverashop.eu\\\/fr\\\/#organization\"},\"potentialAction\":[{\"@type\":\"SearchAction\",\"target\":{\"@type\":\"EntryPoint\",\"urlTemplate\":\"https:\\\/\\\/www.lraloeverashop.eu\\\/fr\\\/?s={search_term_string}\"},\"query-input\":{\"@type\":\"PropertyValueSpecification\",\"valueRequired\":true,\"valueName\":\"search_term_string\"}}],\"inLanguage\":\"fr-FR\"},{\"@type\":\"Organization\",\"@id\":\"https:\\\/\\\/www.lraloeverashop.eu\\\/fr\\\/#organization\",\"name\":\"Boutique Lr Aloe Vera\",\"alternateName\":\"LR\",\"url\":\"https:\\\/\\\/www.lraloeverashop.eu\\\/fr\\\/\",\"logo\":{\"@type\":\"ImageObject\",\"inLanguage\":\"fr-FR\",\"@id\":\"https:\\\/\\\/www.lraloeverashop.eu\\\/fr\\\/#\\\/schema\\\/logo\\\/image\\\/\",\"url\":\"https:\\\/\\\/www.lraloeverashop.eu\\\/wp-content\\\/uploads\\\/2022\\\/09\\\/cropped-Lr-Aloe-Vera-Shop.jpg\",\"contentUrl\":\"https:\\\/\\\/www.lraloeverashop.eu\\\/wp-content\\\/uploads\\\/2022\\\/09\\\/cropped-Lr-Aloe-Vera-Shop.jpg\",\"width\":228,\"height\":76,\"caption\":\"Boutique Lr Aloe Vera\"},\"image\":{\"@id\":\"https:\\\/\\\/www.lraloeverashop.eu\\\/fr\\\/#\\\/schema\\\/logo\\\/image\\\/\"},\"sameAs\":[\"https:\\\/\\\/www.facebook.com\\\/lraloeverashop.eu\",\"https:\\\/\\\/x.com\\\/natur__kosmetik\",\"https:\\\/\\\/www.youtube.com\\\/channel\\\/UC5oN7BJ8nfYb8RpVtjwDEBA\",\"https:\\\/\\\/www.instagram.com\\\/lrbeautyeu\\\/\"],\"description\":\"La boutique LR Aloe Vera est votre destination de confiance pour les produits de sant\u00e9 et de beaut\u00e9 haut de gamme LR, fabriqu\u00e9s en Allemagne. Nous proposons des soins de la peau, des compl\u00e9ments nutritionnels et des solutions anti-\u00e2ge \u00e0 l'aloe vera de haute qualit\u00e9, \u00e9labor\u00e9s \u00e0 partir d'ingr\u00e9dients purs et valid\u00e9s par la recherche scientifique. D\u00e9couvrez des soins naturels qui r\u00e9g\u00e9n\u00e8rent, prot\u00e8gent et revitalisent votre peau, et profitez d'offres mensuelles exclusives sur nos produits LR Aloe Vera les plus vendus.\\n\\nCommencez d\u00e8s aujourd'hui votre parcours vers des soins naturels et constatez la diff\u00e9rence.\",\"email\":\"info@lraloeverashop.eu\",\"telephone\":\"+49 17670609653\",\"legalName\":\"Lr Aloe Vera Shop\",\"foundingDate\":\"2018-04-21\",\"numberOfEmployees\":{\"@type\":\"QuantitativeValue\",\"minValue\":\"1\",\"maxValue\":\"10\"}}]}<\/script>\n<meta property=\"product:price:amount\" content=\"33.99\" \/>\n<meta property=\"product:price:currency\" content=\"EUR\" \/>\n<meta property=\"og:availability\" content=\"instock\" \/>\n<meta property=\"product:availability\" content=\"instock\" \/>\n<meta property=\"product:retailer_item_id\" content=\"23113-101FR\" \/>\n<meta property=\"product:condition\" content=\"new\" \/>\n<!-- \/ Yoast SEO Premium plugin. -->","yoast_head_json":{"title":"Lait Solaire IP 50 - haute protection peaux claires et sensibles","description":"Lait Solaire IP 50 Aloe Vera Avec 40% d'aloe vera gel et extrait d'ananas bio. Prot\u00e8ge la peau des rayons UVA et UVB. Nourrit et hydrate intens\u00e9ment","robots":{"index":"index","follow":"follow","max-snippet":"max-snippet:-1","max-image-preview":"max-image-preview:large","max-video-preview":"max-video-preview:-1"},"canonical":"https:\/\/www.lraloeverashop.eu\/fr\/produit\/lait-solaire-ip-50\/","og_locale":"fr_FR","og_type":"article","og_title":"Lait Solaire IP 50 Aloe Vera","og_description":"Lait Solaire IP 50 Aloe Vera Avec 40% d'aloe vera gel et extrait d'ananas bio. Prot\u00e8ge la peau des rayons UVA et UVB. Nourrit et hydrate intens\u00e9ment","og_url":"https:\/\/www.lraloeverashop.eu\/fr\/produit\/lait-solaire-ip-50\/","og_site_name":"Boutique Lr Aloe Vera","article_publisher":"https:\/\/www.facebook.com\/lraloeverashop.eu","article_modified_time":"2026-04-18T19:33:55+00:00","og_image":[{"width":1200,"height":1200,"url":"https:\/\/www.lraloeverashop.eu\/wp-content\/uploads\/2022\/12\/Aloe-Vera-High-Protection-Sun-Lotion.jpg","type":"image\/jpeg"}],"twitter_card":"summary_large_image","twitter_site":"@natur__kosmetik","schema":{"@context":"https:\/\/schema.org","@graph":[{"@type":["WebPage","ItemPage"],"@id":"https:\/\/www.lraloeverashop.eu\/fr\/produit\/lait-solaire-ip-50\/","url":"https:\/\/www.lraloeverashop.eu\/fr\/produit\/lait-solaire-ip-50\/","name":"Lait Solaire IP 50 - haute protection peaux claires et sensibles","isPartOf":{"@id":"https:\/\/www.lraloeverashop.eu\/fr\/#website"},"primaryImageOfPage":{"@id":"https:\/\/www.lraloeverashop.eu\/fr\/produit\/lait-solaire-ip-50\/#primaryimage"},"image":{"@id":"https:\/\/www.lraloeverashop.eu\/fr\/produit\/lait-solaire-ip-50\/#primaryimage"},"thumbnailUrl":"https:\/\/www.lraloeverashop.eu\/wp-content\/uploads\/2022\/12\/Aloe-Vera-High-Protection-Sun-Lotion.jpg","datePublished":"2022-12-03T18:35:56+00:00","dateModified":"2026-04-18T19:33:55+00:00","description":"Lait Solaire IP 50 Aloe Vera Avec 40% d'aloe vera gel et extrait d'ananas bio. Prot\u00e8ge la peau des rayons UVA et UVB. Nourrit et hydrate intens\u00e9ment","breadcrumb":{"@id":"https:\/\/www.lraloeverashop.eu\/fr\/produit\/lait-solaire-ip-50\/#breadcrumb"},"inLanguage":"fr-FR","potentialAction":[{"@type":"ReadAction","target":["https:\/\/www.lraloeverashop.eu\/fr\/produit\/lait-solaire-ip-50\/"]}]},{"@type":"ImageObject","inLanguage":"fr-FR","@id":"https:\/\/www.lraloeverashop.eu\/fr\/produit\/lait-solaire-ip-50\/#primaryimage","url":"https:\/\/www.lraloeverashop.eu\/wp-content\/uploads\/2022\/12\/Aloe-Vera-High-Protection-Sun-Lotion.jpg","contentUrl":"https:\/\/www.lraloeverashop.eu\/wp-content\/uploads\/2022\/12\/Aloe-Vera-High-Protection-Sun-Lotion.jpg","width":1200,"height":1200,"caption":"Lotion Solaire Haute Protection IP 50 \u00e0 l'Aloe Vera"},{"@type":"BreadcrumbList","@id":"https:\/\/www.lraloeverashop.eu\/fr\/produit\/lait-solaire-ip-50\/#breadcrumb","itemListElement":[{"@type":"ListItem","position":1,"name":"Home","item":"https:\/\/www.lraloeverashop.eu\/fr\/"},{"@type":"ListItem","position":2,"name":"Boutique","item":"https:\/\/www.lraloeverashop.eu\/fr\/boutique\/"},{"@type":"ListItem","position":3,"name":"Lait Solaire IP 50 Aloe Vera"}]},{"@type":"WebSite","@id":"https:\/\/www.lraloeverashop.eu\/fr\/#website","url":"https:\/\/www.lraloeverashop.eu\/fr\/","name":"Boutique Lr Aloe Vera","description":"High Quality Lr Aloe Vera Gel, Aloe Vera Cream and Shampoo","publisher":{"@id":"https:\/\/www.lraloeverashop.eu\/fr\/#organization"},"potentialAction":[{"@type":"SearchAction","target":{"@type":"EntryPoint","urlTemplate":"https:\/\/www.lraloeverashop.eu\/fr\/?s={search_term_string}"},"query-input":{"@type":"PropertyValueSpecification","valueRequired":true,"valueName":"search_term_string"}}],"inLanguage":"fr-FR"},{"@type":"Organization","@id":"https:\/\/www.lraloeverashop.eu\/fr\/#organization","name":"Boutique Lr Aloe Vera","alternateName":"LR","url":"https:\/\/www.lraloeverashop.eu\/fr\/","logo":{"@type":"ImageObject","inLanguage":"fr-FR","@id":"https:\/\/www.lraloeverashop.eu\/fr\/#\/schema\/logo\/image\/","url":"https:\/\/www.lraloeverashop.eu\/wp-content\/uploads\/2022\/09\/cropped-Lr-Aloe-Vera-Shop.jpg","contentUrl":"https:\/\/www.lraloeverashop.eu\/wp-content\/uploads\/2022\/09\/cropped-Lr-Aloe-Vera-Shop.jpg","width":228,"height":76,"caption":"Boutique Lr Aloe Vera"},"image":{"@id":"https:\/\/www.lraloeverashop.eu\/fr\/#\/schema\/logo\/image\/"},"sameAs":["https:\/\/www.facebook.com\/lraloeverashop.eu","https:\/\/x.com\/natur__kosmetik","https:\/\/www.youtube.com\/channel\/UC5oN7BJ8nfYb8RpVtjwDEBA","https:\/\/www.instagram.com\/lrbeautyeu\/"],"description":"La boutique LR Aloe Vera est votre destination de confiance pour les produits de sant\u00e9 et de beaut\u00e9 haut de gamme LR, fabriqu\u00e9s en Allemagne. Nous proposons des soins de la peau, des compl\u00e9ments nutritionnels et des solutions anti-\u00e2ge \u00e0 l'aloe vera de haute qualit\u00e9, \u00e9labor\u00e9s \u00e0 partir d'ingr\u00e9dients purs et valid\u00e9s par la recherche scientifique. D\u00e9couvrez des soins naturels qui r\u00e9g\u00e9n\u00e8rent, prot\u00e8gent et revitalisent votre peau, et profitez d'offres mensuelles exclusives sur nos produits LR Aloe Vera les plus vendus.\n\nCommencez d\u00e8s aujourd'hui votre parcours vers des soins naturels et constatez la diff\u00e9rence.","email":"info@lraloeverashop.eu","telephone":"+49 17670609653","legalName":"Lr Aloe Vera Shop","foundingDate":"2018-04-21","numberOfEmployees":{"@type":"QuantitativeValue","minValue":"1","maxValue":"10"}}]},"product_price_amount":"33.99","product_price_currency":"EUR","og_availability":"instock","product_availability":"instock","product_retailer_item_id":"23113-101FR","product_condition":"new"},"taxonomy_info":{"product_cat":[{"value":212,"label":"Aloe Vera"},{"value":1006,"label":"Protection solaire"}],"product_tag":[{"value":1013,"label":"cr\u00e8me solaire"}]},"featured_image_src_large":["https:\/\/www.lraloeverashop.eu\/wp-content\/uploads\/2022\/12\/Aloe-Vera-High-Protection-Sun-Lotion-1024x1024.jpg",1024,1024,true],"author_info":[],"comment_info":0,"_links":{"self":[{"href":"https:\/\/www.lraloeverashop.eu\/fr\/wp-json\/wp\/v2\/product\/8626","targetHints":{"allow":["GET"]}}],"collection":[{"href":"https:\/\/www.lraloeverashop.eu\/fr\/wp-json\/wp\/v2\/product"}],"about":[{"href":"https:\/\/www.lraloeverashop.eu\/fr\/wp-json\/wp\/v2\/types\/product"}],"replies":[{"embeddable":true,"href":"https:\/\/www.lraloeverashop.eu\/fr\/wp-json\/wp\/v2\/comments?post=8626"}],"wp:featuredmedia":[{"embeddable":true,"href":"https:\/\/www.lraloeverashop.eu\/fr\/wp-json\/wp\/v2\/media\/8467"}],"wp:attachment":[{"href":"https:\/\/www.lraloeverashop.eu\/fr\/wp-json\/wp\/v2\/media?parent=8626"}],"wp:term":[{"taxonomy":"product_brand","embeddable":true,"href":"https:\/\/www.lraloeverashop.eu\/fr\/wp-json\/wp\/v2\/product_brand?post=8626"},{"taxonomy":"product_cat","embeddable":true,"href":"https:\/\/www.lraloeverashop.eu\/fr\/wp-json\/wp\/v2\/product_cat?post=8626"},{"taxonomy":"product_tag","embeddable":true,"href":"https:\/\/www.lraloeverashop.eu\/fr\/wp-json\/wp\/v2\/product_tag?post=8626"}],"curies":[{"name":"wp","href":"https:\/\/api.w.org\/{rel}","templated":true}]}}