{"id":8612,"date":"2022-12-03T19:57:24","date_gmt":"2022-12-03T18:57:24","guid":{"rendered":"https:\/\/www.lraloeverashop.eu\/product\/spray-solaire-enfants-ip-50\/"},"modified":"2026-02-02T18:29:54","modified_gmt":"2026-02-02T17:29:54","slug":"spray-solaire-enfants-ip-50","status":"publish","type":"product","link":"https:\/\/www.lraloeverashop.eu\/fr\/produit\/spray-solaire-enfants-ip-50\/","title":{"rendered":"Spray Solaire Enfants IP 50"},"content":{"rendered":"<h2><span style=\"font-size: 16pt;\"><strong>Spray Solaire Enfants IP 50<\/strong><\/span><\/h2>\n<p><span style=\"font-size: 14pt;\"><strong>Spray Solaire Enfants IP 50 Nourrit et hydrate intens\u00e9ment<\/strong><\/span><\/p>\n<p>Protection UVA\/UVB waterproof avec indice de protection solaire 50 particuli\u00e8rement douce pour la peau sensible des enfants. La formule vaporis\u00e9e l\u00e9g\u00e8re glisse facilement sur la peau humide ou s\u00e8che.<\/p>\n<p>Avec 40% d&rsquo;aloe vera, il est particuli\u00e8rement adapt\u00e9 aux <a href=\"https:\/\/www.lraloeverashop.eu\/fr\/produit\/aloe-vera-lotion-solaire-ip-30\/\">peaux sensibles<\/a> : il hydrate intens\u00e9ment et favorise la r\u00e9g\u00e9n\u00e9ration de la peau. L&rsquo;ananas est connu pour ses enzymes, ses min\u00e9raux et ses vitamines qui peuvent aider \u00e0 favoriser la r\u00e9g\u00e9n\u00e9ration de la peau.<\/p>\n<p>&nbsp;<\/p>\n<h3><strong><span style=\"font-size: 16pt;\">Comment utiliser<\/span><\/strong><\/h3>\n<p>Appliquez un \u00e9cran solaire 30 minutes avant de vous exposer au soleil. Le spray lait solaire enfant peut \u00e9galement \u00eatre rafra\u00eechi en barbotant sur une peau mouill\u00e9e.<\/p>\n<p><strong>Attention:<\/strong> Le Spray Solaire Enfants IP 50 est sous pression. Prot\u00e9ger des rayons directs du soleil et des temp\u00e9ratures sup\u00e9rieures \u00e0 50\u00b0C. Ne pas ouvrir ou mettre le feu apr\u00e8s utilisation. Ne pas vaporiser sur une flamme nue ou sur tout mat\u00e9riau incandescent. Tenir \u00e0 l&rsquo;\u00e9cart des sources d&rsquo;ignition \u2013 Ne pas fumer. Tenir hors de port\u00e9e des ENFANTS. Ne pas vaporiser dans les yeux.<\/p>\n<p>&nbsp;<\/p>\n<h4><strong><span style=\"font-size: 16pt;\">Le saviez-vous?<\/span><\/strong><\/h4>\n<p>Les enfants doivent \u00e9viter le soleil intense de midi. Les b\u00e9b\u00e9s et les jeunes enfants doivent \u00eatre prot\u00e9g\u00e9s des rayons directs du soleil. Utilisez des v\u00eatements de <a href=\"https:\/\/www.lraloeverashop.eu\/fr\/produit\/lait-solaire-ip-50\/\">protection<\/a> et un \u00e9cran solaire avec un indice de protection solaire tr\u00e8s \u00e9lev\u00e9 pour les b\u00e9b\u00e9s et les jeunes enfants.<\/p>\n<p>Le facteur de <a href=\"https:\/\/www.lraloeverashop.eu\/fr\/produit\/aloe-vera-lait-solaire-spray-ip-30\/\">protection solaire<\/a> sp\u00e9cifi\u00e9 pour les produits de protection solaire et donc la dur\u00e9e d&rsquo;exposition au soleil par jour ne peuvent pas \u00eatre prolong\u00e9s par une utilisation r\u00e9p\u00e9t\u00e9e.<\/p>\n","protected":false},"excerpt":{"rendered":"<ul>\n<li>Spray sp\u00e9cialement con\u00e7u pour la peau sensible des enfants<\/li>\n<li>Formule l\u00e9g\u00e8re pour brumisation sur peau humide et s\u00e8che<\/li>\n<li>Avec 40% d&rsquo;aloe vera et extrait d&rsquo;ananas bio<\/li>\n<li>Prot\u00e8ge la peau des rayons UVA et UVB<\/li>\n<li>Nourrit et hydrate intens\u00e9ment<\/li>\n<li>Quantit\u00e9: 150 ml<\/li>\n<\/ul>\n<p style=\"text-align: left;\"><span style=\"color: #ff0000;\"><a style=\"color: #ff0000;\" href=\"https:\/\/shop.lrworld.com\/openpao?PHP=0vFlt7jT938BEnBI3a6e9w%3D%3D\"><span style=\"font-size: 14pt;\"><strong>Inscrivez-vous et \u00e9conomisez 35% sur chaque commande<\/strong><\/span><\/a><\/span><\/p>\n","protected":false},"featured_media":8439,"comment_status":"open","ping_status":"closed","template":"","meta":{"_kad_blocks_custom_css":"","_kad_blocks_head_custom_js":"","_kad_blocks_body_custom_js":"","_kad_blocks_footer_custom_js":"","_kadence_starter_templates_imported_post":false,"_kad_post_transparent":"default","_kad_post_title":"","_kad_post_layout":"default","_kad_post_sidebar_id":"","_kad_post_content_style":"default","_kad_post_vertical_padding":"default","_kad_post_feature":"","_kad_post_feature_position":"","_kad_post_header":false,"_kad_post_footer":false,"_kad_post_classname":""},"product_brand":[],"product_cat":[212,1006,218],"product_tag":[1013],"class_list":{"0":"post-8612","1":"product","2":"type-product","3":"status-publish","4":"has-post-thumbnail","6":"product_cat-aloe-vera-fr","7":"product_cat-protection-solaire","8":"product_cat-soins-bebe","9":"product_tag-creme-solaire","11":"first","12":"instock","13":"taxable","14":"shipping-taxable","15":"purchasable","16":"product-type-simple","17":"entry","18":"content-bg","19":"loop-entry"},"yoast_head":"<!-- This site is optimized with the Yoast SEO Premium plugin v27.4 (Yoast SEO v27.4) - https:\/\/yoast.com\/product\/yoast-seo-premium-wordpress\/ -->\n<title>Spray Solaire Enfants IP 50 Nourrit et hydrate intens\u00e9ment<\/title>\n<meta name=\"description\" content=\"Spray Solaire Enfants IP 50 avec 40% aloe vera est particuli\u00e8rement adapt\u00e9 aux peaux sensibles. Hydrate intens\u00e9ment et favorise la r\u00e9g\u00e9n\u00e9ration de la peau\" \/>\n<meta name=\"robots\" content=\"index, follow, max-snippet:-1, max-image-preview:large, max-video-preview:-1\" \/>\n<link rel=\"canonical\" href=\"https:\/\/www.lraloeverashop.eu\/fr\/produit\/spray-solaire-enfants-ip-50\/\" \/>\n<meta property=\"og:locale\" content=\"fr_FR\" \/>\n<meta property=\"og:type\" content=\"article\" \/>\n<meta property=\"og:title\" content=\"Spray Solaire Enfants IP 50\" \/>\n<meta property=\"og:description\" content=\"Spray Solaire Enfants IP 50 avec 40% aloe vera est particuli\u00e8rement adapt\u00e9 aux peaux sensibles. Hydrate intens\u00e9ment et favorise la r\u00e9g\u00e9n\u00e9ration de la peau\" \/>\n<meta property=\"og:url\" content=\"https:\/\/www.lraloeverashop.eu\/fr\/produit\/spray-solaire-enfants-ip-50\/\" \/>\n<meta property=\"og:site_name\" content=\"Boutique Lr Aloe Vera\" \/>\n<meta property=\"article:publisher\" content=\"https:\/\/www.facebook.com\/lraloeverashop.eu\" \/>\n<meta property=\"article:modified_time\" content=\"2026-02-02T17:29:54+00:00\" \/>\n<meta property=\"og:image\" content=\"https:\/\/www.lraloeverashop.eu\/wp-content\/uploads\/2022\/12\/Aloe-Vera-Sun-Spray-for-kids.jpeg\" \/>\n\t<meta property=\"og:image:width\" content=\"1200\" \/>\n\t<meta property=\"og:image:height\" content=\"1200\" \/>\n\t<meta property=\"og:image:type\" content=\"image\/jpeg\" \/>\n<meta name=\"twitter:card\" content=\"summary_large_image\" \/>\n<meta name=\"twitter:site\" content=\"@natur__kosmetik\" \/>\n<script type=\"application\/ld+json\" class=\"yoast-schema-graph\">{\"@context\":\"https:\\\/\\\/schema.org\",\"@graph\":[{\"@type\":[\"WebPage\",\"ItemPage\"],\"@id\":\"https:\\\/\\\/www.lraloeverashop.eu\\\/fr\\\/produit\\\/spray-solaire-enfants-ip-50\\\/\",\"url\":\"https:\\\/\\\/www.lraloeverashop.eu\\\/fr\\\/produit\\\/spray-solaire-enfants-ip-50\\\/\",\"name\":\"Spray Solaire Enfants IP 50 Nourrit et hydrate intens\u00e9ment\",\"isPartOf\":{\"@id\":\"https:\\\/\\\/www.lraloeverashop.eu\\\/fr\\\/#website\"},\"primaryImageOfPage\":{\"@id\":\"https:\\\/\\\/www.lraloeverashop.eu\\\/fr\\\/produit\\\/spray-solaire-enfants-ip-50\\\/#primaryimage\"},\"image\":{\"@id\":\"https:\\\/\\\/www.lraloeverashop.eu\\\/fr\\\/produit\\\/spray-solaire-enfants-ip-50\\\/#primaryimage\"},\"thumbnailUrl\":\"https:\\\/\\\/www.lraloeverashop.eu\\\/wp-content\\\/uploads\\\/2022\\\/12\\\/Aloe-Vera-Sun-Spray-for-kids.jpeg\",\"datePublished\":\"2022-12-03T18:57:24+00:00\",\"dateModified\":\"2026-02-02T17:29:54+00:00\",\"description\":\"Spray Solaire Enfants IP 50 avec 40% aloe vera est particuli\u00e8rement adapt\u00e9 aux peaux sensibles. Hydrate intens\u00e9ment et favorise la r\u00e9g\u00e9n\u00e9ration de la peau\",\"breadcrumb\":{\"@id\":\"https:\\\/\\\/www.lraloeverashop.eu\\\/fr\\\/produit\\\/spray-solaire-enfants-ip-50\\\/#breadcrumb\"},\"inLanguage\":\"fr-FR\",\"potentialAction\":[{\"@type\":\"ReadAction\",\"target\":[\"https:\\\/\\\/www.lraloeverashop.eu\\\/fr\\\/produit\\\/spray-solaire-enfants-ip-50\\\/\"]}]},{\"@type\":\"ImageObject\",\"inLanguage\":\"fr-FR\",\"@id\":\"https:\\\/\\\/www.lraloeverashop.eu\\\/fr\\\/produit\\\/spray-solaire-enfants-ip-50\\\/#primaryimage\",\"url\":\"https:\\\/\\\/www.lraloeverashop.eu\\\/wp-content\\\/uploads\\\/2022\\\/12\\\/Aloe-Vera-Sun-Spray-for-kids.jpeg\",\"contentUrl\":\"https:\\\/\\\/www.lraloeverashop.eu\\\/wp-content\\\/uploads\\\/2022\\\/12\\\/Aloe-Vera-Sun-Spray-for-kids.jpeg\",\"width\":1200,\"height\":1200,\"caption\":\"Haute Protection Spray solaire \u00e0 l'aloe vera pour les enfants\"},{\"@type\":\"BreadcrumbList\",\"@id\":\"https:\\\/\\\/www.lraloeverashop.eu\\\/fr\\\/produit\\\/spray-solaire-enfants-ip-50\\\/#breadcrumb\",\"itemListElement\":[{\"@type\":\"ListItem\",\"position\":1,\"name\":\"Home\",\"item\":\"https:\\\/\\\/www.lraloeverashop.eu\\\/fr\\\/\"},{\"@type\":\"ListItem\",\"position\":2,\"name\":\"Boutique\",\"item\":\"https:\\\/\\\/www.lraloeverashop.eu\\\/fr\\\/boutique\\\/\"},{\"@type\":\"ListItem\",\"position\":3,\"name\":\"Spray Solaire Enfants IP 50\"}]},{\"@type\":\"WebSite\",\"@id\":\"https:\\\/\\\/www.lraloeverashop.eu\\\/fr\\\/#website\",\"url\":\"https:\\\/\\\/www.lraloeverashop.eu\\\/fr\\\/\",\"name\":\"Boutique Lr Aloe Vera\",\"description\":\"High Quality Lr Aloe Vera Gel, Aloe Vera Cream and Shampoo\",\"publisher\":{\"@id\":\"https:\\\/\\\/www.lraloeverashop.eu\\\/fr\\\/#organization\"},\"potentialAction\":[{\"@type\":\"SearchAction\",\"target\":{\"@type\":\"EntryPoint\",\"urlTemplate\":\"https:\\\/\\\/www.lraloeverashop.eu\\\/fr\\\/?s={search_term_string}\"},\"query-input\":{\"@type\":\"PropertyValueSpecification\",\"valueRequired\":true,\"valueName\":\"search_term_string\"}}],\"inLanguage\":\"fr-FR\"},{\"@type\":\"Organization\",\"@id\":\"https:\\\/\\\/www.lraloeverashop.eu\\\/fr\\\/#organization\",\"name\":\"Boutique Lr Aloe Vera\",\"alternateName\":\"LR\",\"url\":\"https:\\\/\\\/www.lraloeverashop.eu\\\/fr\\\/\",\"logo\":{\"@type\":\"ImageObject\",\"inLanguage\":\"fr-FR\",\"@id\":\"https:\\\/\\\/www.lraloeverashop.eu\\\/fr\\\/#\\\/schema\\\/logo\\\/image\\\/\",\"url\":\"https:\\\/\\\/www.lraloeverashop.eu\\\/wp-content\\\/uploads\\\/2022\\\/09\\\/cropped-Lr-Aloe-Vera-Shop.jpg\",\"contentUrl\":\"https:\\\/\\\/www.lraloeverashop.eu\\\/wp-content\\\/uploads\\\/2022\\\/09\\\/cropped-Lr-Aloe-Vera-Shop.jpg\",\"width\":228,\"height\":76,\"caption\":\"Boutique Lr Aloe Vera\"},\"image\":{\"@id\":\"https:\\\/\\\/www.lraloeverashop.eu\\\/fr\\\/#\\\/schema\\\/logo\\\/image\\\/\"},\"sameAs\":[\"https:\\\/\\\/www.facebook.com\\\/lraloeverashop.eu\",\"https:\\\/\\\/x.com\\\/natur__kosmetik\",\"https:\\\/\\\/www.youtube.com\\\/channel\\\/UC5oN7BJ8nfYb8RpVtjwDEBA\",\"https:\\\/\\\/www.instagram.com\\\/lrbeautyeu\\\/\"],\"description\":\"La boutique LR Aloe Vera est votre destination de confiance pour les produits de sant\u00e9 et de beaut\u00e9 haut de gamme LR, fabriqu\u00e9s en Allemagne. Nous proposons des soins de la peau, des compl\u00e9ments nutritionnels et des solutions anti-\u00e2ge \u00e0 l'aloe vera de haute qualit\u00e9, \u00e9labor\u00e9s \u00e0 partir d'ingr\u00e9dients purs et valid\u00e9s par la recherche scientifique. D\u00e9couvrez des soins naturels qui r\u00e9g\u00e9n\u00e8rent, prot\u00e8gent et revitalisent votre peau, et profitez d'offres mensuelles exclusives sur nos produits LR Aloe Vera les plus vendus.\\n\\nCommencez d\u00e8s aujourd'hui votre parcours vers des soins naturels et constatez la diff\u00e9rence.\",\"email\":\"info@lraloeverashop.eu\",\"telephone\":\"+49 17670609653\",\"legalName\":\"Lr Aloe Vera Shop\",\"foundingDate\":\"2018-04-21\",\"numberOfEmployees\":{\"@type\":\"QuantitativeValue\",\"minValue\":\"1\",\"maxValue\":\"10\"}}]}<\/script>\n<meta property=\"product:price:amount\" content=\"29.99\" \/>\n<meta property=\"product:price:currency\" content=\"EUR\" \/>\n<meta property=\"og:availability\" content=\"instock\" \/>\n<meta property=\"product:availability\" content=\"instock\" \/>\n<meta property=\"product:retailer_item_id\" content=\"23110-101FR\" \/>\n<meta property=\"product:condition\" content=\"new\" \/>\n<!-- \/ Yoast SEO Premium plugin. -->","yoast_head_json":{"title":"Spray Solaire Enfants IP 50 Nourrit et hydrate intens\u00e9ment","description":"Spray Solaire Enfants IP 50 avec 40% aloe vera est particuli\u00e8rement adapt\u00e9 aux peaux sensibles. Hydrate intens\u00e9ment et favorise la r\u00e9g\u00e9n\u00e9ration de la peau","robots":{"index":"index","follow":"follow","max-snippet":"max-snippet:-1","max-image-preview":"max-image-preview:large","max-video-preview":"max-video-preview:-1"},"canonical":"https:\/\/www.lraloeverashop.eu\/fr\/produit\/spray-solaire-enfants-ip-50\/","og_locale":"fr_FR","og_type":"article","og_title":"Spray Solaire Enfants IP 50","og_description":"Spray Solaire Enfants IP 50 avec 40% aloe vera est particuli\u00e8rement adapt\u00e9 aux peaux sensibles. Hydrate intens\u00e9ment et favorise la r\u00e9g\u00e9n\u00e9ration de la peau","og_url":"https:\/\/www.lraloeverashop.eu\/fr\/produit\/spray-solaire-enfants-ip-50\/","og_site_name":"Boutique Lr Aloe Vera","article_publisher":"https:\/\/www.facebook.com\/lraloeverashop.eu","article_modified_time":"2026-02-02T17:29:54+00:00","og_image":[{"width":1200,"height":1200,"url":"https:\/\/www.lraloeverashop.eu\/wp-content\/uploads\/2022\/12\/Aloe-Vera-Sun-Spray-for-kids.jpeg","type":"image\/jpeg"}],"twitter_card":"summary_large_image","twitter_site":"@natur__kosmetik","schema":{"@context":"https:\/\/schema.org","@graph":[{"@type":["WebPage","ItemPage"],"@id":"https:\/\/www.lraloeverashop.eu\/fr\/produit\/spray-solaire-enfants-ip-50\/","url":"https:\/\/www.lraloeverashop.eu\/fr\/produit\/spray-solaire-enfants-ip-50\/","name":"Spray Solaire Enfants IP 50 Nourrit et hydrate intens\u00e9ment","isPartOf":{"@id":"https:\/\/www.lraloeverashop.eu\/fr\/#website"},"primaryImageOfPage":{"@id":"https:\/\/www.lraloeverashop.eu\/fr\/produit\/spray-solaire-enfants-ip-50\/#primaryimage"},"image":{"@id":"https:\/\/www.lraloeverashop.eu\/fr\/produit\/spray-solaire-enfants-ip-50\/#primaryimage"},"thumbnailUrl":"https:\/\/www.lraloeverashop.eu\/wp-content\/uploads\/2022\/12\/Aloe-Vera-Sun-Spray-for-kids.jpeg","datePublished":"2022-12-03T18:57:24+00:00","dateModified":"2026-02-02T17:29:54+00:00","description":"Spray Solaire Enfants IP 50 avec 40% aloe vera est particuli\u00e8rement adapt\u00e9 aux peaux sensibles. Hydrate intens\u00e9ment et favorise la r\u00e9g\u00e9n\u00e9ration de la peau","breadcrumb":{"@id":"https:\/\/www.lraloeverashop.eu\/fr\/produit\/spray-solaire-enfants-ip-50\/#breadcrumb"},"inLanguage":"fr-FR","potentialAction":[{"@type":"ReadAction","target":["https:\/\/www.lraloeverashop.eu\/fr\/produit\/spray-solaire-enfants-ip-50\/"]}]},{"@type":"ImageObject","inLanguage":"fr-FR","@id":"https:\/\/www.lraloeverashop.eu\/fr\/produit\/spray-solaire-enfants-ip-50\/#primaryimage","url":"https:\/\/www.lraloeverashop.eu\/wp-content\/uploads\/2022\/12\/Aloe-Vera-Sun-Spray-for-kids.jpeg","contentUrl":"https:\/\/www.lraloeverashop.eu\/wp-content\/uploads\/2022\/12\/Aloe-Vera-Sun-Spray-for-kids.jpeg","width":1200,"height":1200,"caption":"Haute Protection Spray solaire \u00e0 l'aloe vera pour les enfants"},{"@type":"BreadcrumbList","@id":"https:\/\/www.lraloeverashop.eu\/fr\/produit\/spray-solaire-enfants-ip-50\/#breadcrumb","itemListElement":[{"@type":"ListItem","position":1,"name":"Home","item":"https:\/\/www.lraloeverashop.eu\/fr\/"},{"@type":"ListItem","position":2,"name":"Boutique","item":"https:\/\/www.lraloeverashop.eu\/fr\/boutique\/"},{"@type":"ListItem","position":3,"name":"Spray Solaire Enfants IP 50"}]},{"@type":"WebSite","@id":"https:\/\/www.lraloeverashop.eu\/fr\/#website","url":"https:\/\/www.lraloeverashop.eu\/fr\/","name":"Boutique Lr Aloe Vera","description":"High Quality Lr Aloe Vera Gel, Aloe Vera Cream and Shampoo","publisher":{"@id":"https:\/\/www.lraloeverashop.eu\/fr\/#organization"},"potentialAction":[{"@type":"SearchAction","target":{"@type":"EntryPoint","urlTemplate":"https:\/\/www.lraloeverashop.eu\/fr\/?s={search_term_string}"},"query-input":{"@type":"PropertyValueSpecification","valueRequired":true,"valueName":"search_term_string"}}],"inLanguage":"fr-FR"},{"@type":"Organization","@id":"https:\/\/www.lraloeverashop.eu\/fr\/#organization","name":"Boutique Lr Aloe Vera","alternateName":"LR","url":"https:\/\/www.lraloeverashop.eu\/fr\/","logo":{"@type":"ImageObject","inLanguage":"fr-FR","@id":"https:\/\/www.lraloeverashop.eu\/fr\/#\/schema\/logo\/image\/","url":"https:\/\/www.lraloeverashop.eu\/wp-content\/uploads\/2022\/09\/cropped-Lr-Aloe-Vera-Shop.jpg","contentUrl":"https:\/\/www.lraloeverashop.eu\/wp-content\/uploads\/2022\/09\/cropped-Lr-Aloe-Vera-Shop.jpg","width":228,"height":76,"caption":"Boutique Lr Aloe Vera"},"image":{"@id":"https:\/\/www.lraloeverashop.eu\/fr\/#\/schema\/logo\/image\/"},"sameAs":["https:\/\/www.facebook.com\/lraloeverashop.eu","https:\/\/x.com\/natur__kosmetik","https:\/\/www.youtube.com\/channel\/UC5oN7BJ8nfYb8RpVtjwDEBA","https:\/\/www.instagram.com\/lrbeautyeu\/"],"description":"La boutique LR Aloe Vera est votre destination de confiance pour les produits de sant\u00e9 et de beaut\u00e9 haut de gamme LR, fabriqu\u00e9s en Allemagne. Nous proposons des soins de la peau, des compl\u00e9ments nutritionnels et des solutions anti-\u00e2ge \u00e0 l'aloe vera de haute qualit\u00e9, \u00e9labor\u00e9s \u00e0 partir d'ingr\u00e9dients purs et valid\u00e9s par la recherche scientifique. D\u00e9couvrez des soins naturels qui r\u00e9g\u00e9n\u00e8rent, prot\u00e8gent et revitalisent votre peau, et profitez d'offres mensuelles exclusives sur nos produits LR Aloe Vera les plus vendus.\n\nCommencez d\u00e8s aujourd'hui votre parcours vers des soins naturels et constatez la diff\u00e9rence.","email":"info@lraloeverashop.eu","telephone":"+49 17670609653","legalName":"Lr Aloe Vera Shop","foundingDate":"2018-04-21","numberOfEmployees":{"@type":"QuantitativeValue","minValue":"1","maxValue":"10"}}]},"product_price_amount":"29.99","product_price_currency":"EUR","og_availability":"instock","product_availability":"instock","product_retailer_item_id":"23110-101FR","product_condition":"new"},"taxonomy_info":{"product_cat":[{"value":212,"label":"Aloe Vera"},{"value":1006,"label":"Protection solaire"},{"value":218,"label":"Soins b\u00e9b\u00e9"}],"product_tag":[{"value":1013,"label":"cr\u00e8me solaire"}]},"featured_image_src_large":["https:\/\/www.lraloeverashop.eu\/wp-content\/uploads\/2022\/12\/Aloe-Vera-Sun-Spray-for-kids-1024x1024.jpeg",1024,1024,true],"author_info":[],"comment_info":0,"_links":{"self":[{"href":"https:\/\/www.lraloeverashop.eu\/fr\/wp-json\/wp\/v2\/product\/8612","targetHints":{"allow":["GET"]}}],"collection":[{"href":"https:\/\/www.lraloeverashop.eu\/fr\/wp-json\/wp\/v2\/product"}],"about":[{"href":"https:\/\/www.lraloeverashop.eu\/fr\/wp-json\/wp\/v2\/types\/product"}],"replies":[{"embeddable":true,"href":"https:\/\/www.lraloeverashop.eu\/fr\/wp-json\/wp\/v2\/comments?post=8612"}],"wp:featuredmedia":[{"embeddable":true,"href":"https:\/\/www.lraloeverashop.eu\/fr\/wp-json\/wp\/v2\/media\/8439"}],"wp:attachment":[{"href":"https:\/\/www.lraloeverashop.eu\/fr\/wp-json\/wp\/v2\/media?parent=8612"}],"wp:term":[{"taxonomy":"product_brand","embeddable":true,"href":"https:\/\/www.lraloeverashop.eu\/fr\/wp-json\/wp\/v2\/product_brand?post=8612"},{"taxonomy":"product_cat","embeddable":true,"href":"https:\/\/www.lraloeverashop.eu\/fr\/wp-json\/wp\/v2\/product_cat?post=8612"},{"taxonomy":"product_tag","embeddable":true,"href":"https:\/\/www.lraloeverashop.eu\/fr\/wp-json\/wp\/v2\/product_tag?post=8612"}],"curies":[{"name":"wp","href":"https:\/\/api.w.org\/{rel}","templated":true}]}}