{"id":8362,"date":"2022-10-19T19:34:09","date_gmt":"2022-10-19T17:34:09","guid":{"rendered":"https:\/\/www.lraloeverashop.eu\/product\/blue-light-defender-pour-le-visage\/"},"modified":"2026-02-02T19:23:07","modified_gmt":"2026-02-02T18:23:07","slug":"blue-light-defender-pour-le-visage","status":"publish","type":"product","link":"https:\/\/www.lraloeverashop.eu\/fr\/produit\/blue-light-defender-pour-le-visage\/","title":{"rendered":"Blue Light Defender pour le visage"},"content":{"rendered":"<h2><span style=\"font-size: 16pt;\"><strong>Blue Light Defender pour le visage<\/strong><\/span><\/h2>\n<p><span style=\"font-size: 14pt;\"><strong>Blue Light Defender pour le visage r\u00e9duit les rides existantes<\/strong><\/span><\/p>\n<p>Le s\u00e9rum intelligent contre le vieillissement num\u00e9rique ! La lumi\u00e8re bleue \u00e9mise par les afficheurs et les \u00e9crans fait vieillir pr\u00e9matur\u00e9ment notre peau. L&rsquo;innovant Blue Light Defender contre le VIEILLISSEMENT DIGITAL prot\u00e8ge votre peau activement et pr\u00e9ventivement des effets de la lumi\u00e8re bleue.<\/p>\n<p>&nbsp;<\/p>\n<h3><span style=\"font-size: 16pt;\"><strong>Triple effet unique<\/strong><\/span><\/h3>\n<p><strong>1. R\u00e9flexion:<\/strong> Le pigment de couleur phycocyanine contenu dans l&rsquo;extrait de spiruline absorbe la lumi\u00e8re bleue et att\u00e9nue les rayons lumineux \u00e0 haute \u00e9nergie en les r\u00e9fl\u00e9chissant comme un bouclier protecteur &#8211; pour une protection id\u00e9ale <a href=\"https:\/\/www.lraloeverashop.eu\/fr\/produit\/nanogold-set-creme-anti-age\/\">contre le vieillissement cutan\u00e9<\/a> pr\u00e9matur\u00e9 et les irritations cutan\u00e9es<br \/>\n<strong>2. Capteur de radicaux:<\/strong> Le lotus bleu est un symbole d&rsquo;immortalit\u00e9 &#8211; son extrait est un capteur de radicaux optimal et contrecarre ainsi le stress oxydatif &#8211; pour une apparence jeune et radieuse<\/p>\n<p><strong>3. R\u00e9parer:<\/strong> L&rsquo;enzyme photolyase contenue dans l&rsquo;extrait de spiruline r\u00e9pare les dommages cellulaires de la peau d\u00e9j\u00e0 caus\u00e9s par la lumi\u00e8re bleue &#8211; pour une r\u00e9duction significative des <a href=\"https:\/\/www.lraloeverashop.eu\/fr\/produit\/creme-de-jour-anti-age-nanogold\/\">rides existantes<\/a>.<\/p>\n<p>&nbsp;<\/p>\n<h4><span style=\"font-size: 16pt;\"><strong>Comment utiliser<\/strong><\/span><\/h4>\n<p><strong>\u00c9TAPE 1:<\/strong> Nettoyez la peau de votre visage avec de l\u2019eau ou Zeitgard Pro Set Nettoyant ou Zeitgard Pro Accessoire Peeling Visage.<\/p>\n<p><strong>\u00c9TAPE 2:<\/strong> Appliquez le Blue Light Defender pour le visage uniform\u00e9ment sur la peau du visage nettoy\u00e9e le matin.<\/p>\n<p><strong>\u00c9TAPE 3:<\/strong> Apr\u00e8s environ une minute, vous pouvez appliquer votre soin de jour individuel (Nanogold, Beauty Diamonds ou Platinum) avec Zeitgard Pro Kit Anti-Rides.<\/p>\n","protected":false},"excerpt":{"rendered":"<ul>\n<li>S\u00e9rum intelligent contre le vieillissement digital<\/li>\n<li>Prot\u00e8ge contre le vieillissement cutan\u00e9 et les irritations cutan\u00e9es caus\u00e9es par la lumi\u00e8re bleue<\/li>\n<li>R\u00e9duit les rides existantes et a un effet antioxydant<\/li>\n<li>Pour une apparence jeune et radieuse<\/li>\n<li>A l&rsquo;extrait de spiruline et \u00e0 l&rsquo;extrait de lotus bleu<\/li>\n<li>Contenu: 30 ml<\/li>\n<\/ul>\n<p style=\"text-align: left;\"><span style=\"color: #ff0000;\"><a style=\"color: #ff0000;\" href=\"https:\/\/shop.lrworld.com\/openpao?PHP=0vFlt7jT938BEnBI3a6e9w%3D%3D\"><span style=\"font-size: 14pt;\"><strong>Inscrivez-vous et \u00e9conomisez 35% sur chaque commande<\/strong><\/span><\/a><\/span><\/p>\n","protected":false},"featured_media":5916,"comment_status":"open","ping_status":"closed","template":"","meta":{"_kad_blocks_custom_css":"","_kad_blocks_head_custom_js":"","_kad_blocks_body_custom_js":"","_kad_blocks_footer_custom_js":"","_kadence_starter_templates_imported_post":false,"_kad_post_transparent":"default","_kad_post_title":"","_kad_post_layout":"default","_kad_post_sidebar_id":"","_kad_post_content_style":"default","_kad_post_vertical_padding":"default","_kad_post_feature":"","_kad_post_feature_position":"","_kad_post_header":false,"_kad_post_footer":false,"_kad_post_classname":""},"product_brand":[],"product_cat":[278,284,272,327,266,392],"product_tag":[],"class_list":{"0":"post-8362","1":"product","2":"type-product","3":"status-publish","4":"has-post-thumbnail","6":"product_cat-femmes-de-plus-de-40-ans","7":"product_cat-femmes-jusqua-40-ans","8":"product_cat-hommes-a-partir-de-25-ans","9":"product_cat-produits-anti-age","10":"product_cat-soins-anti-age","11":"product_cat-zeitgard-fr","13":"first","14":"instock","15":"taxable","16":"shipping-taxable","17":"purchasable","18":"product-type-simple","19":"entry","20":"content-bg","21":"loop-entry"},"yoast_head":"<!-- This site is optimized with the Yoast SEO Premium plugin v27.4 (Yoast SEO v27.4) - https:\/\/yoast.com\/product\/yoast-seo-premium-wordpress\/ -->\n<title>Blue Light Defender pour le visage r\u00e9duit les rides existantes<\/title>\n<meta name=\"description\" content=\"Innovant Blue Light Defender pour le visage contre le vieillissement digital prot\u00e8ge votre peau activement et pr\u00e9ventivement des effets de la lumi\u00e8re bleue\" \/>\n<meta name=\"robots\" content=\"index, follow, max-snippet:-1, max-image-preview:large, max-video-preview:-1\" \/>\n<link rel=\"canonical\" href=\"https:\/\/www.lraloeverashop.eu\/fr\/produit\/blue-light-defender-pour-le-visage\/\" \/>\n<meta property=\"og:locale\" content=\"fr_FR\" \/>\n<meta property=\"og:type\" content=\"article\" \/>\n<meta property=\"og:title\" content=\"Blue Light Defender pour le visage\" \/>\n<meta property=\"og:description\" content=\"Innovant Blue Light Defender pour le visage contre le vieillissement digital prot\u00e8ge votre peau activement et pr\u00e9ventivement des effets de la lumi\u00e8re bleue\" \/>\n<meta property=\"og:url\" content=\"https:\/\/www.lraloeverashop.eu\/fr\/produit\/blue-light-defender-pour-le-visage\/\" \/>\n<meta property=\"og:site_name\" content=\"Boutique Lr Aloe Vera\" \/>\n<meta property=\"article:publisher\" content=\"https:\/\/www.facebook.com\/lraloeverashop.eu\" \/>\n<meta property=\"article:modified_time\" content=\"2026-02-02T18:23:07+00:00\" \/>\n<meta property=\"og:image\" content=\"https:\/\/www.lraloeverashop.eu\/wp-content\/uploads\/2022\/10\/Blue-Light-Defender.jpg\" \/>\n\t<meta property=\"og:image:width\" content=\"1200\" \/>\n\t<meta property=\"og:image:height\" content=\"1200\" \/>\n\t<meta property=\"og:image:type\" content=\"image\/jpeg\" \/>\n<meta name=\"twitter:card\" content=\"summary_large_image\" \/>\n<meta name=\"twitter:site\" content=\"@natur__kosmetik\" \/>\n<script type=\"application\/ld+json\" class=\"yoast-schema-graph\">{\"@context\":\"https:\\\/\\\/schema.org\",\"@graph\":[{\"@type\":[\"WebPage\",\"ItemPage\"],\"@id\":\"https:\\\/\\\/www.lraloeverashop.eu\\\/fr\\\/produit\\\/blue-light-defender-pour-le-visage\\\/\",\"url\":\"https:\\\/\\\/www.lraloeverashop.eu\\\/fr\\\/produit\\\/blue-light-defender-pour-le-visage\\\/\",\"name\":\"Blue Light Defender pour le visage r\u00e9duit les rides existantes\",\"isPartOf\":{\"@id\":\"https:\\\/\\\/www.lraloeverashop.eu\\\/fr\\\/#website\"},\"primaryImageOfPage\":{\"@id\":\"https:\\\/\\\/www.lraloeverashop.eu\\\/fr\\\/produit\\\/blue-light-defender-pour-le-visage\\\/#primaryimage\"},\"image\":{\"@id\":\"https:\\\/\\\/www.lraloeverashop.eu\\\/fr\\\/produit\\\/blue-light-defender-pour-le-visage\\\/#primaryimage\"},\"thumbnailUrl\":\"https:\\\/\\\/www.lraloeverashop.eu\\\/wp-content\\\/uploads\\\/2022\\\/10\\\/Blue-Light-Defender.jpg\",\"datePublished\":\"2022-10-19T17:34:09+00:00\",\"dateModified\":\"2026-02-02T18:23:07+00:00\",\"description\":\"Innovant Blue Light Defender pour le visage contre le vieillissement digital prot\u00e8ge votre peau activement et pr\u00e9ventivement des effets de la lumi\u00e8re bleue\",\"breadcrumb\":{\"@id\":\"https:\\\/\\\/www.lraloeverashop.eu\\\/fr\\\/produit\\\/blue-light-defender-pour-le-visage\\\/#breadcrumb\"},\"inLanguage\":\"fr-FR\",\"potentialAction\":[{\"@type\":\"ReadAction\",\"target\":[\"https:\\\/\\\/www.lraloeverashop.eu\\\/fr\\\/produit\\\/blue-light-defender-pour-le-visage\\\/\"]}]},{\"@type\":\"ImageObject\",\"inLanguage\":\"fr-FR\",\"@id\":\"https:\\\/\\\/www.lraloeverashop.eu\\\/fr\\\/produit\\\/blue-light-defender-pour-le-visage\\\/#primaryimage\",\"url\":\"https:\\\/\\\/www.lraloeverashop.eu\\\/wp-content\\\/uploads\\\/2022\\\/10\\\/Blue-Light-Defender.jpg\",\"contentUrl\":\"https:\\\/\\\/www.lraloeverashop.eu\\\/wp-content\\\/uploads\\\/2022\\\/10\\\/Blue-Light-Defender.jpg\",\"width\":1200,\"height\":1200,\"caption\":\"Blue Light Defender Serum contre le vieillissement digital\"},{\"@type\":\"BreadcrumbList\",\"@id\":\"https:\\\/\\\/www.lraloeverashop.eu\\\/fr\\\/produit\\\/blue-light-defender-pour-le-visage\\\/#breadcrumb\",\"itemListElement\":[{\"@type\":\"ListItem\",\"position\":1,\"name\":\"Home\",\"item\":\"https:\\\/\\\/www.lraloeverashop.eu\\\/fr\\\/\"},{\"@type\":\"ListItem\",\"position\":2,\"name\":\"Boutique\",\"item\":\"https:\\\/\\\/www.lraloeverashop.eu\\\/fr\\\/boutique\\\/\"},{\"@type\":\"ListItem\",\"position\":3,\"name\":\"Blue Light Defender pour le visage\"}]},{\"@type\":\"WebSite\",\"@id\":\"https:\\\/\\\/www.lraloeverashop.eu\\\/fr\\\/#website\",\"url\":\"https:\\\/\\\/www.lraloeverashop.eu\\\/fr\\\/\",\"name\":\"Boutique Lr Aloe Vera\",\"description\":\"High Quality Lr Aloe Vera Gel, Aloe Vera Cream and Shampoo\",\"publisher\":{\"@id\":\"https:\\\/\\\/www.lraloeverashop.eu\\\/fr\\\/#organization\"},\"potentialAction\":[{\"@type\":\"SearchAction\",\"target\":{\"@type\":\"EntryPoint\",\"urlTemplate\":\"https:\\\/\\\/www.lraloeverashop.eu\\\/fr\\\/?s={search_term_string}\"},\"query-input\":{\"@type\":\"PropertyValueSpecification\",\"valueRequired\":true,\"valueName\":\"search_term_string\"}}],\"inLanguage\":\"fr-FR\"},{\"@type\":\"Organization\",\"@id\":\"https:\\\/\\\/www.lraloeverashop.eu\\\/fr\\\/#organization\",\"name\":\"Boutique Lr Aloe Vera\",\"alternateName\":\"LR\",\"url\":\"https:\\\/\\\/www.lraloeverashop.eu\\\/fr\\\/\",\"logo\":{\"@type\":\"ImageObject\",\"inLanguage\":\"fr-FR\",\"@id\":\"https:\\\/\\\/www.lraloeverashop.eu\\\/fr\\\/#\\\/schema\\\/logo\\\/image\\\/\",\"url\":\"https:\\\/\\\/www.lraloeverashop.eu\\\/wp-content\\\/uploads\\\/2022\\\/09\\\/cropped-Lr-Aloe-Vera-Shop.jpg\",\"contentUrl\":\"https:\\\/\\\/www.lraloeverashop.eu\\\/wp-content\\\/uploads\\\/2022\\\/09\\\/cropped-Lr-Aloe-Vera-Shop.jpg\",\"width\":228,\"height\":76,\"caption\":\"Boutique Lr Aloe Vera\"},\"image\":{\"@id\":\"https:\\\/\\\/www.lraloeverashop.eu\\\/fr\\\/#\\\/schema\\\/logo\\\/image\\\/\"},\"sameAs\":[\"https:\\\/\\\/www.facebook.com\\\/lraloeverashop.eu\",\"https:\\\/\\\/x.com\\\/natur__kosmetik\",\"https:\\\/\\\/www.youtube.com\\\/channel\\\/UC5oN7BJ8nfYb8RpVtjwDEBA\",\"https:\\\/\\\/www.instagram.com\\\/lrbeautyeu\\\/\"],\"description\":\"La boutique LR Aloe Vera est votre destination de confiance pour les produits de sant\u00e9 et de beaut\u00e9 haut de gamme LR, fabriqu\u00e9s en Allemagne. Nous proposons des soins de la peau, des compl\u00e9ments nutritionnels et des solutions anti-\u00e2ge \u00e0 l'aloe vera de haute qualit\u00e9, \u00e9labor\u00e9s \u00e0 partir d'ingr\u00e9dients purs et valid\u00e9s par la recherche scientifique. D\u00e9couvrez des soins naturels qui r\u00e9g\u00e9n\u00e8rent, prot\u00e8gent et revitalisent votre peau, et profitez d'offres mensuelles exclusives sur nos produits LR Aloe Vera les plus vendus.\\n\\nCommencez d\u00e8s aujourd'hui votre parcours vers des soins naturels et constatez la diff\u00e9rence.\",\"email\":\"info@lraloeverashop.eu\",\"telephone\":\"+49 17670609653\",\"legalName\":\"Lr Aloe Vera Shop\",\"foundingDate\":\"2018-04-21\",\"numberOfEmployees\":{\"@type\":\"QuantitativeValue\",\"minValue\":\"1\",\"maxValue\":\"10\"}}]}<\/script>\n<meta property=\"product:price:amount\" content=\"48.59\" \/>\n<meta property=\"product:price:currency\" content=\"EUR\" \/>\n<meta property=\"og:availability\" content=\"instock\" \/>\n<meta property=\"product:availability\" content=\"instock\" \/>\n<meta property=\"product:retailer_item_id\" content=\"71060-1FR\" \/>\n<meta property=\"product:condition\" content=\"new\" \/>\n<!-- \/ Yoast SEO Premium plugin. -->","yoast_head_json":{"title":"Blue Light Defender pour le visage r\u00e9duit les rides existantes","description":"Innovant Blue Light Defender pour le visage contre le vieillissement digital prot\u00e8ge votre peau activement et pr\u00e9ventivement des effets de la lumi\u00e8re bleue","robots":{"index":"index","follow":"follow","max-snippet":"max-snippet:-1","max-image-preview":"max-image-preview:large","max-video-preview":"max-video-preview:-1"},"canonical":"https:\/\/www.lraloeverashop.eu\/fr\/produit\/blue-light-defender-pour-le-visage\/","og_locale":"fr_FR","og_type":"article","og_title":"Blue Light Defender pour le visage","og_description":"Innovant Blue Light Defender pour le visage contre le vieillissement digital prot\u00e8ge votre peau activement et pr\u00e9ventivement des effets de la lumi\u00e8re bleue","og_url":"https:\/\/www.lraloeverashop.eu\/fr\/produit\/blue-light-defender-pour-le-visage\/","og_site_name":"Boutique Lr Aloe Vera","article_publisher":"https:\/\/www.facebook.com\/lraloeverashop.eu","article_modified_time":"2026-02-02T18:23:07+00:00","og_image":[{"width":1200,"height":1200,"url":"https:\/\/www.lraloeverashop.eu\/wp-content\/uploads\/2022\/10\/Blue-Light-Defender.jpg","type":"image\/jpeg"}],"twitter_card":"summary_large_image","twitter_site":"@natur__kosmetik","schema":{"@context":"https:\/\/schema.org","@graph":[{"@type":["WebPage","ItemPage"],"@id":"https:\/\/www.lraloeverashop.eu\/fr\/produit\/blue-light-defender-pour-le-visage\/","url":"https:\/\/www.lraloeverashop.eu\/fr\/produit\/blue-light-defender-pour-le-visage\/","name":"Blue Light Defender pour le visage r\u00e9duit les rides existantes","isPartOf":{"@id":"https:\/\/www.lraloeverashop.eu\/fr\/#website"},"primaryImageOfPage":{"@id":"https:\/\/www.lraloeverashop.eu\/fr\/produit\/blue-light-defender-pour-le-visage\/#primaryimage"},"image":{"@id":"https:\/\/www.lraloeverashop.eu\/fr\/produit\/blue-light-defender-pour-le-visage\/#primaryimage"},"thumbnailUrl":"https:\/\/www.lraloeverashop.eu\/wp-content\/uploads\/2022\/10\/Blue-Light-Defender.jpg","datePublished":"2022-10-19T17:34:09+00:00","dateModified":"2026-02-02T18:23:07+00:00","description":"Innovant Blue Light Defender pour le visage contre le vieillissement digital prot\u00e8ge votre peau activement et pr\u00e9ventivement des effets de la lumi\u00e8re bleue","breadcrumb":{"@id":"https:\/\/www.lraloeverashop.eu\/fr\/produit\/blue-light-defender-pour-le-visage\/#breadcrumb"},"inLanguage":"fr-FR","potentialAction":[{"@type":"ReadAction","target":["https:\/\/www.lraloeverashop.eu\/fr\/produit\/blue-light-defender-pour-le-visage\/"]}]},{"@type":"ImageObject","inLanguage":"fr-FR","@id":"https:\/\/www.lraloeverashop.eu\/fr\/produit\/blue-light-defender-pour-le-visage\/#primaryimage","url":"https:\/\/www.lraloeverashop.eu\/wp-content\/uploads\/2022\/10\/Blue-Light-Defender.jpg","contentUrl":"https:\/\/www.lraloeverashop.eu\/wp-content\/uploads\/2022\/10\/Blue-Light-Defender.jpg","width":1200,"height":1200,"caption":"Blue Light Defender Serum contre le vieillissement digital"},{"@type":"BreadcrumbList","@id":"https:\/\/www.lraloeverashop.eu\/fr\/produit\/blue-light-defender-pour-le-visage\/#breadcrumb","itemListElement":[{"@type":"ListItem","position":1,"name":"Home","item":"https:\/\/www.lraloeverashop.eu\/fr\/"},{"@type":"ListItem","position":2,"name":"Boutique","item":"https:\/\/www.lraloeverashop.eu\/fr\/boutique\/"},{"@type":"ListItem","position":3,"name":"Blue Light Defender pour le visage"}]},{"@type":"WebSite","@id":"https:\/\/www.lraloeverashop.eu\/fr\/#website","url":"https:\/\/www.lraloeverashop.eu\/fr\/","name":"Boutique Lr Aloe Vera","description":"High Quality Lr Aloe Vera Gel, Aloe Vera Cream and Shampoo","publisher":{"@id":"https:\/\/www.lraloeverashop.eu\/fr\/#organization"},"potentialAction":[{"@type":"SearchAction","target":{"@type":"EntryPoint","urlTemplate":"https:\/\/www.lraloeverashop.eu\/fr\/?s={search_term_string}"},"query-input":{"@type":"PropertyValueSpecification","valueRequired":true,"valueName":"search_term_string"}}],"inLanguage":"fr-FR"},{"@type":"Organization","@id":"https:\/\/www.lraloeverashop.eu\/fr\/#organization","name":"Boutique Lr Aloe Vera","alternateName":"LR","url":"https:\/\/www.lraloeverashop.eu\/fr\/","logo":{"@type":"ImageObject","inLanguage":"fr-FR","@id":"https:\/\/www.lraloeverashop.eu\/fr\/#\/schema\/logo\/image\/","url":"https:\/\/www.lraloeverashop.eu\/wp-content\/uploads\/2022\/09\/cropped-Lr-Aloe-Vera-Shop.jpg","contentUrl":"https:\/\/www.lraloeverashop.eu\/wp-content\/uploads\/2022\/09\/cropped-Lr-Aloe-Vera-Shop.jpg","width":228,"height":76,"caption":"Boutique Lr Aloe Vera"},"image":{"@id":"https:\/\/www.lraloeverashop.eu\/fr\/#\/schema\/logo\/image\/"},"sameAs":["https:\/\/www.facebook.com\/lraloeverashop.eu","https:\/\/x.com\/natur__kosmetik","https:\/\/www.youtube.com\/channel\/UC5oN7BJ8nfYb8RpVtjwDEBA","https:\/\/www.instagram.com\/lrbeautyeu\/"],"description":"La boutique LR Aloe Vera est votre destination de confiance pour les produits de sant\u00e9 et de beaut\u00e9 haut de gamme LR, fabriqu\u00e9s en Allemagne. Nous proposons des soins de la peau, des compl\u00e9ments nutritionnels et des solutions anti-\u00e2ge \u00e0 l'aloe vera de haute qualit\u00e9, \u00e9labor\u00e9s \u00e0 partir d'ingr\u00e9dients purs et valid\u00e9s par la recherche scientifique. D\u00e9couvrez des soins naturels qui r\u00e9g\u00e9n\u00e8rent, prot\u00e8gent et revitalisent votre peau, et profitez d'offres mensuelles exclusives sur nos produits LR Aloe Vera les plus vendus.\n\nCommencez d\u00e8s aujourd'hui votre parcours vers des soins naturels et constatez la diff\u00e9rence.","email":"info@lraloeverashop.eu","telephone":"+49 17670609653","legalName":"Lr Aloe Vera Shop","foundingDate":"2018-04-21","numberOfEmployees":{"@type":"QuantitativeValue","minValue":"1","maxValue":"10"}}]},"product_price_amount":"48.59","product_price_currency":"EUR","og_availability":"instock","product_availability":"instock","product_retailer_item_id":"71060-1FR","product_condition":"new"},"taxonomy_info":{"product_cat":[{"value":278,"label":"Femmes de plus de 40 ans"},{"value":284,"label":"Femmes jusqu'\u00e0 40 ans"},{"value":272,"label":"Hommes \u00e0 partir de 25 ans"},{"value":327,"label":"Produits anti-\u00e2ge"},{"value":266,"label":"Soins anti-\u00e2ge"},{"value":392,"label":"Zeitgard"}]},"featured_image_src_large":["https:\/\/www.lraloeverashop.eu\/wp-content\/uploads\/2022\/10\/Blue-Light-Defender-1024x1024.jpg",1024,1024,true],"author_info":[],"comment_info":0,"_links":{"self":[{"href":"https:\/\/www.lraloeverashop.eu\/fr\/wp-json\/wp\/v2\/product\/8362","targetHints":{"allow":["GET"]}}],"collection":[{"href":"https:\/\/www.lraloeverashop.eu\/fr\/wp-json\/wp\/v2\/product"}],"about":[{"href":"https:\/\/www.lraloeverashop.eu\/fr\/wp-json\/wp\/v2\/types\/product"}],"replies":[{"embeddable":true,"href":"https:\/\/www.lraloeverashop.eu\/fr\/wp-json\/wp\/v2\/comments?post=8362"}],"wp:featuredmedia":[{"embeddable":true,"href":"https:\/\/www.lraloeverashop.eu\/fr\/wp-json\/wp\/v2\/media\/5916"}],"wp:attachment":[{"href":"https:\/\/www.lraloeverashop.eu\/fr\/wp-json\/wp\/v2\/media?parent=8362"}],"wp:term":[{"taxonomy":"product_brand","embeddable":true,"href":"https:\/\/www.lraloeverashop.eu\/fr\/wp-json\/wp\/v2\/product_brand?post=8362"},{"taxonomy":"product_cat","embeddable":true,"href":"https:\/\/www.lraloeverashop.eu\/fr\/wp-json\/wp\/v2\/product_cat?post=8362"},{"taxonomy":"product_tag","embeddable":true,"href":"https:\/\/www.lraloeverashop.eu\/fr\/wp-json\/wp\/v2\/product_tag?post=8362"}],"curies":[{"name":"wp","href":"https:\/\/api.w.org\/{rel}","templated":true}]}}