{"id":8360,"date":"2022-10-19T20:05:25","date_gmt":"2022-10-19T18:05:25","guid":{"rendered":"https:\/\/www.lraloeverashop.eu\/product\/perfecteur-de-peau-instantane-serox\/"},"modified":"2026-02-02T19:22:54","modified_gmt":"2026-02-02T18:22:54","slug":"perfecteur-de-peau-instantane-serox","status":"publish","type":"product","link":"https:\/\/www.lraloeverashop.eu\/fr\/produit\/perfecteur-de-peau-instantane-serox\/","title":{"rendered":"Perfecteur de Teint Instantan\u00e9 Serox"},"content":{"rendered":"<h2><span style=\"font-size: 16pt;\"><strong>Perfecteur de Teint Instantan\u00e9 Serox<\/strong><\/span><\/h2>\n<p><span style=\"font-size: 14pt;\"><strong>Perfecteur de Teint Instantan\u00e9 Serox &#8211; Rajeunissement optique du teint en quelques secondes!<\/strong><\/span><\/p>\n<p>Pour les femmes, pour qui l&#8217;\u00e2ge est une question mineure, mais pas la bonne mine.<br \/>\nPour celles qui veulent un <a href=\"https:\/\/www.lraloeverashop.eu\/fr\/produit\/set-anti-rides-serox\/\">soin de la peau<\/a> au quotidien, qui assure en quelques secondes une apparence parfaite de la peau et fait dispara\u00eetre les petites rides et les bosses.<\/p>\n<p>Une peau sans d\u00e9faut, avec peu de <a href=\"https:\/\/www.lraloeverashop.eu\/fr\/produit\/serox-creme-anti-age\/\">rides<\/a> et joliment tendue, ce sont les signes d&#8217;une apparence jeune, que nous voulons pr\u00e9server ou restaurer.<\/p>\n<p>L&#8217;apparence de la peau change avec l&#8217;\u00e2ge, les irr\u00e9gularit\u00e9s cutan\u00e9es augmentent et les pores deviennent plus larges. En outre, la peau perd de plus en plus d&#8217;\u00e9lasticit\u00e9 et de fermet\u00e9. Pour contrer les <a href=\"https:\/\/www.lraloeverashop.eu\/fr\/produit\/beauty-diamonds-creme-de-jour-anti-age\/\">signes du vieillissement cutan\u00e9<\/a>, le Serox Perfector de Lr Zeitgard est le compagnon id\u00e9al des soins quotidiens du visage.<\/p>\n<p>La technologie \u00e0 double effet anti-\u00e2ge impressionne par sa perfection imm\u00e9diate &#8211; un rajeunissement visuel de la peau en quelques secondes ! La formule du perfecteur laminaire doux et velout\u00e9, aux pigments de couleur subtils, laisse la teint comme transform\u00e9e.<\/p>\n<p>Les pores, les bosses et les rides sont minimis\u00e9s et la peau brillante est matifi\u00e9e. D&#8217;autre part par une perfection durable &#8211; une <a href=\"https:\/\/www.lraloeverashop.eu\/fr\/produit\/creme-de-nuit-anti-age-nanogold\/\">r\u00e9g\u00e9n\u00e9ration<\/a> de la structure de la peau jour apr\u00e8s jour!<\/p>\n<p>Ceci est possible gr\u00e2ce aux principes actifs anti-\u00e2ge \u00e0 action profonde Gatuline\u00ae In-Tense et aux Ultra Filling SpheresTM. Ils renforcent durablement la fermet\u00e9 et l&#8217;\u00e9lasticit\u00e9 de la peau, la rendant plus lisse, plus souple et plus ferme.<\/p>\n<p>Pour soutenir l&#8217;effet anti-\u00e2ge, le rituel de soin suivant est recommand\u00e9 : Commencez par le <a href=\"https:\/\/www.lraloeverashop.eu\/fr\/produit\/serox-serum-a-effet-instantane\/\">S\u00e9rum R\u00e9sultat Instantan\u00e9 Serox<\/a>, suivi de la Cr\u00e8me Intensive Anti-Age et terminez par le Perfecteur de Teint Instantan\u00e9.<\/p>\n<p>&nbsp;<\/p>\n<h3><span style=\"font-size: 16pt;\"><strong>Mode d&#8217;application<\/strong><\/span><\/h3>\n<p>Perfecteur de Teint Instantan\u00e9 Serox peut \u00eatre utilis\u00e9 \u00e0 tout moment de la journ\u00e9e. Appliquez votre cr\u00e8me de jour habituelle, puis appliquez une noix de Perfecteur Teint Instantan\u00e9 en la r\u00e9partissant bien sur l&#8217;ensemble du visage. Attendez quelques secondes avant de continuer \u00e0 vous maquiller.<\/p>\n<p>&nbsp;<\/p>\n<h4><span style=\"font-size: 16pt;\"><strong>Le saviez-vous?<\/strong><\/span><\/h4>\n<p><strong>Gatuline\u00ae In-Tense<\/strong><br \/>\nIl s&#8217;agit d&#8217;un extrait huileux concentr\u00e9 de la plante Spilanthes Acmella, \u00e9galement appel\u00e9e Paracress.<br \/>\nLa Gatuline\u00ae In-Tense agit en stimulant les fibroblastes (cellules du tissu conjonctif), r\u00e9organisant la structure et la densit\u00e9 de la couche dermique. La densit\u00e9 et la fermet\u00e9 de la peau sont augment\u00e9es et rendent la peau uniform\u00e9ment brillante.<\/p>\n<p><strong>Sph\u00e8res ultra-remplissantes<\/strong><br \/>\nCette technologie utilise la capacit\u00e9 des sph\u00e8res d\u00e9shydrat\u00e9es et r\u00e9ticul\u00e9es (compos\u00e9es de biopolym\u00e8res), qui p\u00e9n\u00e8trent dans la couche sup\u00e9rieure de la peau (\u00e9piderme) pour absorber l&#8217;eau qui s&#8217;\u00e9vapore de la couche cutan\u00e9e sous-jacente (derme). Le volume des sph\u00e8res augmente et la peau est ainsi retendue, liss\u00e9e et hydrat\u00e9e.<\/p>\n","protected":false},"excerpt":{"rendered":"<ul>\n<li>Technologie innovante \u00e0 double effet anti-\u00e2ge<\/li>\n<li>Perfectionnement durable de la structure de la peau<\/li>\n<li>Convient en combinaison avec le maquillage<\/li>\n<li>Perfectionnement imm\u00e9diat de la peau<\/li>\n<li>Soin anti-\u00e2ge \u00e0 usage quotidien<\/li>\n<li>Ingr\u00e9dients de haute qualit\u00e9<\/li>\n<li>Quantit\u00e9: 30ml<\/li>\n<\/ul>\n<p style=\"text-align: left;\"><span style=\"color: #ff0000;\"><a style=\"color: #ff0000;\" href=\"https:\/\/shop.lrworld.com\/openpao?PHP=0vFlt7jT938BEnBI3a6e9w%3D%3D\"><span style=\"font-size: 14pt;\"><strong>Inscrivez-vous et \u00e9conomisez 35% sur chaque commande<\/strong><\/span><\/a><\/span><\/p>\n","protected":false},"featured_media":5856,"comment_status":"open","ping_status":"closed","template":"","meta":{"_kad_blocks_custom_css":"","_kad_blocks_head_custom_js":"","_kad_blocks_body_custom_js":"","_kad_blocks_footer_custom_js":"","_kadence_starter_templates_imported_post":false,"_kad_post_transparent":"default","_kad_post_title":"","_kad_post_layout":"default","_kad_post_sidebar_id":"","_kad_post_content_style":"default","_kad_post_vertical_padding":"default","_kad_post_feature":"","_kad_post_feature_position":"","_kad_post_header":false,"_kad_post_footer":false,"_kad_post_classname":""},"product_brand":[],"product_cat":[278,284,327,386,266],"product_tag":[698],"class_list":{"0":"post-8360","1":"product","2":"type-product","3":"status-publish","4":"has-post-thumbnail","6":"product_cat-femmes-de-plus-de-40-ans","7":"product_cat-femmes-jusqua-40-ans","8":"product_cat-produits-anti-age","9":"product_cat-serox-fr","10":"product_cat-soins-anti-age","11":"product_tag-pour-les-rides-du-visage","13":"first","14":"instock","15":"taxable","16":"shipping-taxable","17":"purchasable","18":"product-type-simple","19":"entry","20":"content-bg","21":"loop-entry"},"yoast_head":"<!-- This site is optimized with the Yoast SEO Premium plugin v27.5 (Yoast SEO v27.5) - https:\/\/yoast.com\/product\/yoast-seo-premium-wordpress\/ -->\n<title>Perfecteur de Teint Instantan\u00e9 Serox - Double effet anti-\u00e2ge<\/title>\n<meta name=\"description\" content=\"Perfecteur de Teint Instantan\u00e9 Serox pour les femmes, pour qui \u00e2ge est une question mineure, mais pas l&#039;apparence. Perfectionnement imm\u00e9diat\" \/>\n<meta name=\"robots\" content=\"index, follow, max-snippet:-1, max-image-preview:large, max-video-preview:-1\" \/>\n<link rel=\"canonical\" href=\"https:\/\/www.lraloeverashop.eu\/fr\/produit\/perfecteur-de-peau-instantane-serox\/\" \/>\n<meta property=\"og:locale\" content=\"fr_FR\" \/>\n<meta property=\"og:type\" content=\"article\" \/>\n<meta property=\"og:title\" content=\"Perfecteur de Teint Instantan\u00e9 Serox\" \/>\n<meta property=\"og:description\" content=\"Perfecteur de Teint Instantan\u00e9 Serox pour les femmes, pour qui \u00e2ge est une question mineure, mais pas l&#039;apparence. Perfectionnement imm\u00e9diat\" \/>\n<meta property=\"og:url\" content=\"https:\/\/www.lraloeverashop.eu\/fr\/produit\/perfecteur-de-peau-instantane-serox\/\" \/>\n<meta property=\"og:site_name\" content=\"Boutique Lr Aloe Vera\" \/>\n<meta property=\"article:publisher\" content=\"https:\/\/www.facebook.com\/lraloeverashop.eu\" \/>\n<meta property=\"article:modified_time\" content=\"2026-02-02T18:22:54+00:00\" \/>\n<meta property=\"og:image\" content=\"https:\/\/www.lraloeverashop.eu\/wp-content\/uploads\/2022\/10\/Serox-Instant-Skin-Perfector.jpg\" \/>\n\t<meta property=\"og:image:width\" content=\"1200\" \/>\n\t<meta property=\"og:image:height\" content=\"1200\" \/>\n\t<meta property=\"og:image:type\" content=\"image\/jpeg\" \/>\n<meta name=\"twitter:card\" content=\"summary_large_image\" \/>\n<meta name=\"twitter:site\" content=\"@natur__kosmetik\" \/>\n<script type=\"application\/ld+json\" class=\"yoast-schema-graph\">{\"@context\":\"https:\\\/\\\/schema.org\",\"@graph\":[{\"@type\":[\"WebPage\",\"ItemPage\"],\"@id\":\"https:\\\/\\\/www.lraloeverashop.eu\\\/fr\\\/produit\\\/perfecteur-de-peau-instantane-serox\\\/\",\"url\":\"https:\\\/\\\/www.lraloeverashop.eu\\\/fr\\\/produit\\\/perfecteur-de-peau-instantane-serox\\\/\",\"name\":\"Perfecteur de Teint Instantan\u00e9 Serox - Double effet anti-\u00e2ge\",\"isPartOf\":{\"@id\":\"https:\\\/\\\/www.lraloeverashop.eu\\\/fr\\\/#website\"},\"primaryImageOfPage\":{\"@id\":\"https:\\\/\\\/www.lraloeverashop.eu\\\/fr\\\/produit\\\/perfecteur-de-peau-instantane-serox\\\/#primaryimage\"},\"image\":{\"@id\":\"https:\\\/\\\/www.lraloeverashop.eu\\\/fr\\\/produit\\\/perfecteur-de-peau-instantane-serox\\\/#primaryimage\"},\"thumbnailUrl\":\"https:\\\/\\\/www.lraloeverashop.eu\\\/wp-content\\\/uploads\\\/2022\\\/10\\\/Serox-Instant-Skin-Perfector.jpg\",\"datePublished\":\"2022-10-19T18:05:25+00:00\",\"dateModified\":\"2026-02-02T18:22:54+00:00\",\"description\":\"Perfecteur de Teint Instantan\u00e9 Serox pour les femmes, pour qui \u00e2ge est une question mineure, mais pas l'apparence. Perfectionnement imm\u00e9diat\",\"breadcrumb\":{\"@id\":\"https:\\\/\\\/www.lraloeverashop.eu\\\/fr\\\/produit\\\/perfecteur-de-peau-instantane-serox\\\/#breadcrumb\"},\"inLanguage\":\"fr-FR\",\"potentialAction\":[{\"@type\":\"ReadAction\",\"target\":[\"https:\\\/\\\/www.lraloeverashop.eu\\\/fr\\\/produit\\\/perfecteur-de-peau-instantane-serox\\\/\"]}]},{\"@type\":\"ImageObject\",\"inLanguage\":\"fr-FR\",\"@id\":\"https:\\\/\\\/www.lraloeverashop.eu\\\/fr\\\/produit\\\/perfecteur-de-peau-instantane-serox\\\/#primaryimage\",\"url\":\"https:\\\/\\\/www.lraloeverashop.eu\\\/wp-content\\\/uploads\\\/2022\\\/10\\\/Serox-Instant-Skin-Perfector.jpg\",\"contentUrl\":\"https:\\\/\\\/www.lraloeverashop.eu\\\/wp-content\\\/uploads\\\/2022\\\/10\\\/Serox-Instant-Skin-Perfector.jpg\",\"width\":1200,\"height\":1200,\"caption\":\"Perfecteur de peau instantan\u00e9 Serox\"},{\"@type\":\"BreadcrumbList\",\"@id\":\"https:\\\/\\\/www.lraloeverashop.eu\\\/fr\\\/produit\\\/perfecteur-de-peau-instantane-serox\\\/#breadcrumb\",\"itemListElement\":[{\"@type\":\"ListItem\",\"position\":1,\"name\":\"Home\",\"item\":\"https:\\\/\\\/www.lraloeverashop.eu\\\/fr\\\/home\\\/\"},{\"@type\":\"ListItem\",\"position\":2,\"name\":\"Boutique\",\"item\":\"https:\\\/\\\/www.lraloeverashop.eu\\\/fr\\\/boutique\\\/\"},{\"@type\":\"ListItem\",\"position\":3,\"name\":\"Perfecteur de Teint Instantan\u00e9 Serox\"}]},{\"@type\":\"WebSite\",\"@id\":\"https:\\\/\\\/www.lraloeverashop.eu\\\/fr\\\/#website\",\"url\":\"https:\\\/\\\/www.lraloeverashop.eu\\\/fr\\\/\",\"name\":\"Boutique Lr Aloe Vera\",\"description\":\"High Quality Lr Aloe Vera Gel, Aloe Vera Cream and Shampoo\",\"publisher\":{\"@id\":\"https:\\\/\\\/www.lraloeverashop.eu\\\/fr\\\/#organization\"},\"alternateName\":\"LR\",\"potentialAction\":[{\"@type\":\"SearchAction\",\"target\":{\"@type\":\"EntryPoint\",\"urlTemplate\":\"https:\\\/\\\/www.lraloeverashop.eu\\\/fr\\\/?s={search_term_string}\"},\"query-input\":{\"@type\":\"PropertyValueSpecification\",\"valueRequired\":true,\"valueName\":\"search_term_string\"}}],\"inLanguage\":\"fr-FR\"},{\"@type\":\"Organization\",\"@id\":\"https:\\\/\\\/www.lraloeverashop.eu\\\/fr\\\/#organization\",\"name\":\"Boutique Lr Aloe Vera\",\"alternateName\":\"LR\",\"url\":\"https:\\\/\\\/www.lraloeverashop.eu\\\/fr\\\/\",\"logo\":{\"@type\":\"ImageObject\",\"inLanguage\":\"fr-FR\",\"@id\":\"https:\\\/\\\/www.lraloeverashop.eu\\\/fr\\\/#\\\/schema\\\/logo\\\/image\\\/\",\"url\":\"https:\\\/\\\/www.lraloeverashop.eu\\\/wp-content\\\/uploads\\\/2022\\\/09\\\/cropped-Lr-Aloe-Vera-Shop.jpg\",\"contentUrl\":\"https:\\\/\\\/www.lraloeverashop.eu\\\/wp-content\\\/uploads\\\/2022\\\/09\\\/cropped-Lr-Aloe-Vera-Shop.jpg\",\"width\":228,\"height\":76,\"caption\":\"Boutique Lr Aloe Vera\"},\"image\":{\"@id\":\"https:\\\/\\\/www.lraloeverashop.eu\\\/fr\\\/#\\\/schema\\\/logo\\\/image\\\/\"},\"sameAs\":[\"https:\\\/\\\/www.facebook.com\\\/lraloeverashop.eu\",\"https:\\\/\\\/x.com\\\/natur__kosmetik\",\"https:\\\/\\\/www.youtube.com\\\/channel\\\/UC5oN7BJ8nfYb8RpVtjwDEBA\",\"https:\\\/\\\/www.instagram.com\\\/lrbeautyeu\\\/\"],\"description\":\"La boutique LR Aloe Vera est votre destination de confiance pour les produits de sant\u00e9 et de beaut\u00e9 haut de gamme LR, fabriqu\u00e9s en Allemagne. Nous proposons des soins de la peau, des compl\u00e9ments nutritionnels et des solutions anti-\u00e2ge \u00e0 l'aloe vera de haute qualit\u00e9, \u00e9labor\u00e9s \u00e0 partir d'ingr\u00e9dients purs et valid\u00e9s par la recherche scientifique. D\u00e9couvrez des soins naturels qui r\u00e9g\u00e9n\u00e8rent, prot\u00e8gent et revitalisent votre peau, et profitez d'offres mensuelles exclusives sur nos produits LR Aloe Vera les plus vendus.\\n\\nCommencez d\u00e8s aujourd'hui votre parcours vers des soins naturels et constatez la diff\u00e9rence.\",\"email\":\"info@lraloeverashop.eu\",\"telephone\":\"+49 17670609653\",\"legalName\":\"Lr Aloe Vera Shop\",\"foundingDate\":\"2018-04-21\",\"numberOfEmployees\":{\"@type\":\"QuantitativeValue\",\"minValue\":\"1\",\"maxValue\":\"10\"}}]}<\/script>\n<meta property=\"product:price:amount\" content=\"58.10\" \/>\n<meta property=\"product:price:currency\" content=\"EUR\" \/>\n<meta property=\"og:availability\" content=\"instock\" \/>\n<meta property=\"product:availability\" content=\"instock\" \/>\n<meta property=\"product:retailer_item_id\" content=\"28250-1FR\" \/>\n<meta property=\"product:condition\" content=\"new\" \/>\n<!-- \/ Yoast SEO Premium plugin. -->","yoast_head_json":{"title":"Perfecteur de Teint Instantan\u00e9 Serox - Double effet anti-\u00e2ge","description":"Perfecteur de Teint Instantan\u00e9 Serox pour les femmes, pour qui \u00e2ge est une question mineure, mais pas l'apparence. Perfectionnement imm\u00e9diat","robots":{"index":"index","follow":"follow","max-snippet":"max-snippet:-1","max-image-preview":"max-image-preview:large","max-video-preview":"max-video-preview:-1"},"canonical":"https:\/\/www.lraloeverashop.eu\/fr\/produit\/perfecteur-de-peau-instantane-serox\/","og_locale":"fr_FR","og_type":"article","og_title":"Perfecteur de Teint Instantan\u00e9 Serox","og_description":"Perfecteur de Teint Instantan\u00e9 Serox pour les femmes, pour qui \u00e2ge est une question mineure, mais pas l'apparence. Perfectionnement imm\u00e9diat","og_url":"https:\/\/www.lraloeverashop.eu\/fr\/produit\/perfecteur-de-peau-instantane-serox\/","og_site_name":"Boutique Lr Aloe Vera","article_publisher":"https:\/\/www.facebook.com\/lraloeverashop.eu","article_modified_time":"2026-02-02T18:22:54+00:00","og_image":[{"width":1200,"height":1200,"url":"https:\/\/www.lraloeverashop.eu\/wp-content\/uploads\/2022\/10\/Serox-Instant-Skin-Perfector.jpg","type":"image\/jpeg"}],"twitter_card":"summary_large_image","twitter_site":"@natur__kosmetik","schema":{"@context":"https:\/\/schema.org","@graph":[{"@type":["WebPage","ItemPage"],"@id":"https:\/\/www.lraloeverashop.eu\/fr\/produit\/perfecteur-de-peau-instantane-serox\/","url":"https:\/\/www.lraloeverashop.eu\/fr\/produit\/perfecteur-de-peau-instantane-serox\/","name":"Perfecteur de Teint Instantan\u00e9 Serox - Double effet anti-\u00e2ge","isPartOf":{"@id":"https:\/\/www.lraloeverashop.eu\/fr\/#website"},"primaryImageOfPage":{"@id":"https:\/\/www.lraloeverashop.eu\/fr\/produit\/perfecteur-de-peau-instantane-serox\/#primaryimage"},"image":{"@id":"https:\/\/www.lraloeverashop.eu\/fr\/produit\/perfecteur-de-peau-instantane-serox\/#primaryimage"},"thumbnailUrl":"https:\/\/www.lraloeverashop.eu\/wp-content\/uploads\/2022\/10\/Serox-Instant-Skin-Perfector.jpg","datePublished":"2022-10-19T18:05:25+00:00","dateModified":"2026-02-02T18:22:54+00:00","description":"Perfecteur de Teint Instantan\u00e9 Serox pour les femmes, pour qui \u00e2ge est une question mineure, mais pas l'apparence. Perfectionnement imm\u00e9diat","breadcrumb":{"@id":"https:\/\/www.lraloeverashop.eu\/fr\/produit\/perfecteur-de-peau-instantane-serox\/#breadcrumb"},"inLanguage":"fr-FR","potentialAction":[{"@type":"ReadAction","target":["https:\/\/www.lraloeverashop.eu\/fr\/produit\/perfecteur-de-peau-instantane-serox\/"]}]},{"@type":"ImageObject","inLanguage":"fr-FR","@id":"https:\/\/www.lraloeverashop.eu\/fr\/produit\/perfecteur-de-peau-instantane-serox\/#primaryimage","url":"https:\/\/www.lraloeverashop.eu\/wp-content\/uploads\/2022\/10\/Serox-Instant-Skin-Perfector.jpg","contentUrl":"https:\/\/www.lraloeverashop.eu\/wp-content\/uploads\/2022\/10\/Serox-Instant-Skin-Perfector.jpg","width":1200,"height":1200,"caption":"Perfecteur de peau instantan\u00e9 Serox"},{"@type":"BreadcrumbList","@id":"https:\/\/www.lraloeverashop.eu\/fr\/produit\/perfecteur-de-peau-instantane-serox\/#breadcrumb","itemListElement":[{"@type":"ListItem","position":1,"name":"Home","item":"https:\/\/www.lraloeverashop.eu\/fr\/home\/"},{"@type":"ListItem","position":2,"name":"Boutique","item":"https:\/\/www.lraloeverashop.eu\/fr\/boutique\/"},{"@type":"ListItem","position":3,"name":"Perfecteur de Teint Instantan\u00e9 Serox"}]},{"@type":"WebSite","@id":"https:\/\/www.lraloeverashop.eu\/fr\/#website","url":"https:\/\/www.lraloeverashop.eu\/fr\/","name":"Boutique Lr Aloe Vera","description":"High Quality Lr Aloe Vera Gel, Aloe Vera Cream and Shampoo","publisher":{"@id":"https:\/\/www.lraloeverashop.eu\/fr\/#organization"},"alternateName":"LR","potentialAction":[{"@type":"SearchAction","target":{"@type":"EntryPoint","urlTemplate":"https:\/\/www.lraloeverashop.eu\/fr\/?s={search_term_string}"},"query-input":{"@type":"PropertyValueSpecification","valueRequired":true,"valueName":"search_term_string"}}],"inLanguage":"fr-FR"},{"@type":"Organization","@id":"https:\/\/www.lraloeverashop.eu\/fr\/#organization","name":"Boutique Lr Aloe Vera","alternateName":"LR","url":"https:\/\/www.lraloeverashop.eu\/fr\/","logo":{"@type":"ImageObject","inLanguage":"fr-FR","@id":"https:\/\/www.lraloeverashop.eu\/fr\/#\/schema\/logo\/image\/","url":"https:\/\/www.lraloeverashop.eu\/wp-content\/uploads\/2022\/09\/cropped-Lr-Aloe-Vera-Shop.jpg","contentUrl":"https:\/\/www.lraloeverashop.eu\/wp-content\/uploads\/2022\/09\/cropped-Lr-Aloe-Vera-Shop.jpg","width":228,"height":76,"caption":"Boutique Lr Aloe Vera"},"image":{"@id":"https:\/\/www.lraloeverashop.eu\/fr\/#\/schema\/logo\/image\/"},"sameAs":["https:\/\/www.facebook.com\/lraloeverashop.eu","https:\/\/x.com\/natur__kosmetik","https:\/\/www.youtube.com\/channel\/UC5oN7BJ8nfYb8RpVtjwDEBA","https:\/\/www.instagram.com\/lrbeautyeu\/"],"description":"La boutique LR Aloe Vera est votre destination de confiance pour les produits de sant\u00e9 et de beaut\u00e9 haut de gamme LR, fabriqu\u00e9s en Allemagne. Nous proposons des soins de la peau, des compl\u00e9ments nutritionnels et des solutions anti-\u00e2ge \u00e0 l'aloe vera de haute qualit\u00e9, \u00e9labor\u00e9s \u00e0 partir d'ingr\u00e9dients purs et valid\u00e9s par la recherche scientifique. D\u00e9couvrez des soins naturels qui r\u00e9g\u00e9n\u00e8rent, prot\u00e8gent et revitalisent votre peau, et profitez d'offres mensuelles exclusives sur nos produits LR Aloe Vera les plus vendus.\n\nCommencez d\u00e8s aujourd'hui votre parcours vers des soins naturels et constatez la diff\u00e9rence.","email":"info@lraloeverashop.eu","telephone":"+49 17670609653","legalName":"Lr Aloe Vera Shop","foundingDate":"2018-04-21","numberOfEmployees":{"@type":"QuantitativeValue","minValue":"1","maxValue":"10"}}]},"product_price_amount":"58.10","product_price_currency":"EUR","og_availability":"instock","product_availability":"instock","product_retailer_item_id":"28250-1FR","product_condition":"new"},"taxonomy_info":{"product_cat":[{"value":278,"label":"Femmes de plus de 40 ans"},{"value":284,"label":"Femmes jusqu'\u00e0 40 ans"},{"value":327,"label":"Produits anti-\u00e2ge"},{"value":386,"label":"Serox"},{"value":266,"label":"Soins anti-\u00e2ge"}],"product_tag":[{"value":698,"label":"pour les rides du visage"}]},"featured_image_src_large":["https:\/\/www.lraloeverashop.eu\/wp-content\/uploads\/2022\/10\/Serox-Instant-Skin-Perfector-1024x1024.jpg",1024,1024,true],"author_info":[],"comment_info":0,"_links":{"self":[{"href":"https:\/\/www.lraloeverashop.eu\/fr\/wp-json\/wp\/v2\/product\/8360","targetHints":{"allow":["GET"]}}],"collection":[{"href":"https:\/\/www.lraloeverashop.eu\/fr\/wp-json\/wp\/v2\/product"}],"about":[{"href":"https:\/\/www.lraloeverashop.eu\/fr\/wp-json\/wp\/v2\/types\/product"}],"replies":[{"embeddable":true,"href":"https:\/\/www.lraloeverashop.eu\/fr\/wp-json\/wp\/v2\/comments?post=8360"}],"wp:featuredmedia":[{"embeddable":true,"href":"https:\/\/www.lraloeverashop.eu\/fr\/wp-json\/wp\/v2\/media\/5856"}],"wp:attachment":[{"href":"https:\/\/www.lraloeverashop.eu\/fr\/wp-json\/wp\/v2\/media?parent=8360"}],"wp:term":[{"taxonomy":"product_brand","embeddable":true,"href":"https:\/\/www.lraloeverashop.eu\/fr\/wp-json\/wp\/v2\/product_brand?post=8360"},{"taxonomy":"product_cat","embeddable":true,"href":"https:\/\/www.lraloeverashop.eu\/fr\/wp-json\/wp\/v2\/product_cat?post=8360"},{"taxonomy":"product_tag","embeddable":true,"href":"https:\/\/www.lraloeverashop.eu\/fr\/wp-json\/wp\/v2\/product_tag?post=8360"}],"curies":[{"name":"wp","href":"https:\/\/api.w.org\/{rel}","templated":true}]}}