{"id":8354,"date":"2022-10-20T04:38:20","date_gmt":"2022-10-20T02:38:20","guid":{"rendered":"https:\/\/www.lraloeverashop.eu\/product\/serox-serum-a-effet-instantane\/"},"modified":"2026-02-02T19:22:40","modified_gmt":"2026-02-02T18:22:40","slug":"serox-serum-a-effet-instantane","status":"publish","type":"product","link":"https:\/\/www.lraloeverashop.eu\/fr\/produit\/serox-serum-a-effet-instantane\/","title":{"rendered":"Serox S\u00e9rum \u00e0 Effet Instantan\u00e9"},"content":{"rendered":"<h2><span style=\"font-size: 16pt;\"><strong>Serox S\u00e9rum \u00e0 Effet Instantan\u00e9<\/strong><\/span><\/h2>\n<p><span style=\"font-size: 14pt;\"><strong>Serox S\u00e9rum \u00e0 Effet Instantan\u00e9 R\u00e9duit significativement l&rsquo;apparence des rides et ridules<\/strong><\/span><\/p>\n<p>Serox s\u00e9rum apporte \u00e0 la peau des ingr\u00e9dients actifs exclusifs. La peau devient plus \u00e9lastique et conserve un aspect frais. Le s\u00e9rum apaise la peau gr\u00e2ce \u00e0 des <a href=\"https:\/\/www.lraloeverashop.eu\/fr\/elixir-beaute-boisson-naturell-pour-une-apparence-jeune\/\">principes actifs<\/a> innovants.<\/p>\n<p>Le s\u00e9rum intensif fait partie du concept anti-\u00e2ge La s\u00e9rie de soins en qualit\u00e9 beauty studio. Sa texture soyeuse envahit imm\u00e9diatement la peau et lui donne une <a href=\"https:\/\/www.lraloeverashop.eu\/fr\/produit\/serum-pour-le-visage-skin-balance\/\">sensation de fra\u00eecheur<\/a>. La formule sp\u00e9ciale anti-\u00e2ge \u00e0 l&rsquo;Argireline\u00ae, avec une utilisation r\u00e9guli\u00e8re, r\u00e9duit significativement l&rsquo;apparence des rides et ridules. Les contours du <a href=\"https:\/\/www.lraloeverashop.eu\/fr\/produit\/perfecteur-de-peau-instantane-serox\/\">visage apparaissent<\/a> visiblement d\u00e9tendus et liss\u00e9s.<\/p>\n<p>&nbsp;<\/p>\n<h3><span style=\"font-size: 16pt;\"><strong>Comment Utiliser<\/strong><\/span><\/h3>\n<p>Appliquer le Serox \u00e0 effet instantan\u00e9 deux fois par jour apr\u00e8s le nettoyage, en particulier dans les <a href=\"https:\/\/www.lraloeverashop.eu\/fr\/produit\/beauty-diamonds-set-cremes-anti-rides\/\">zones de rides<\/a> d&rsquo;expression, et masser l\u00e9g\u00e8rement.<\/p>\n<p>Pour une apparence optimale, nous recommandons d&rsquo;utiliser le S\u00e9rum en association avec la <a href=\"https:\/\/www.lraloeverashop.eu\/fr\/produit\/serox-creme-anti-age\/\">Serox Cr\u00e8me Anti-\u00c2ge<\/a>. Le s\u00e9rum apaise la peau gr\u00e2ce \u00e0 des principes actifs innovants, la cr\u00e8me assure une sensation de peau d\u00e9tendue et lisse.<\/p>\n","protected":false},"excerpt":{"rendered":"<ul>\n<li>Formule antirides intensive avec composition de s\u00e9rum soyeux<\/li>\n<li>Avec des ingr\u00e9dients de haute qualit\u00e9 : Argireline\u00ae, Ameliox\u00ae et Polylift\u00ae.<\/li>\n<li>Avec un effet relaxant et hydratant pour une peau plus lisse et uniforme<\/li>\n<li>Id\u00e9al en combinaison avec la Cr\u00e8me R\u00e9sultat Intensif Serox<\/li>\n<li>Fabriqu\u00e9 en Allemagne<\/li>\n<li>Contenu: 30 ml<\/li>\n<\/ul>\n<p style=\"text-align: left;\"><span style=\"color: #ff0000;\"><a style=\"color: #ff0000;\" href=\"https:\/\/shop.lrworld.com\/openpao?PHP=0vFlt7jT938BEnBI3a6e9w%3D%3D\"><span style=\"font-size: 14pt;\"><strong>Inscrivez-vous et \u00e9conomisez 35% sur chaque commande<\/strong><\/span><\/a><\/span><\/p>\n","protected":false},"featured_media":5850,"comment_status":"open","ping_status":"closed","template":"","meta":{"_kad_blocks_custom_css":"","_kad_blocks_head_custom_js":"","_kad_blocks_body_custom_js":"","_kad_blocks_footer_custom_js":"","_kadence_starter_templates_imported_post":false,"_kad_post_transparent":"default","_kad_post_title":"","_kad_post_layout":"default","_kad_post_sidebar_id":"","_kad_post_content_style":"default","_kad_post_vertical_padding":"default","_kad_post_feature":"","_kad_post_feature_position":"","_kad_post_header":false,"_kad_post_footer":false,"_kad_post_classname":""},"product_brand":[],"product_cat":[278,327,386,266],"product_tag":[698],"class_list":{"0":"post-8354","1":"product","2":"type-product","3":"status-publish","4":"has-post-thumbnail","6":"product_cat-femmes-de-plus-de-40-ans","7":"product_cat-produits-anti-age","8":"product_cat-serox-fr","9":"product_cat-soins-anti-age","10":"product_tag-pour-les-rides-du-visage","12":"first","13":"instock","14":"taxable","15":"shipping-taxable","16":"purchasable","17":"product-type-simple","18":"entry","19":"content-bg","20":"loop-entry"},"yoast_head":"<!-- This site is optimized with the Yoast SEO Premium plugin v27.4 (Yoast SEO v27.4) - https:\/\/yoast.com\/product\/yoast-seo-premium-wordpress\/ -->\n<title>Serox S\u00e9rum Effet Instantan\u00e9 r\u00e9duit apparence des rides<\/title>\n<meta name=\"description\" content=\"Serox S\u00e9rum Effet Instantan\u00e9 apporte \u00e0 la peau des principes actifs exclusifs. Argireline, Ameliox et Polylift avec formule anti-rides.\" \/>\n<meta name=\"robots\" content=\"index, follow, max-snippet:-1, max-image-preview:large, max-video-preview:-1\" \/>\n<link rel=\"canonical\" href=\"https:\/\/www.lraloeverashop.eu\/fr\/produit\/serox-serum-a-effet-instantane\/\" \/>\n<meta property=\"og:locale\" content=\"fr_FR\" \/>\n<meta property=\"og:type\" content=\"article\" \/>\n<meta property=\"og:title\" content=\"Serox S\u00e9rum \u00e0 Effet Instantan\u00e9\" \/>\n<meta property=\"og:description\" content=\"Serox S\u00e9rum Effet Instantan\u00e9 apporte \u00e0 la peau des principes actifs exclusifs. Argireline, Ameliox et Polylift avec formule anti-rides.\" \/>\n<meta property=\"og:url\" content=\"https:\/\/www.lraloeverashop.eu\/fr\/produit\/serox-serum-a-effet-instantane\/\" \/>\n<meta property=\"og:site_name\" content=\"Boutique Lr Aloe Vera\" \/>\n<meta property=\"article:publisher\" content=\"https:\/\/www.facebook.com\/lraloeverashop.eu\" \/>\n<meta property=\"article:modified_time\" content=\"2026-02-02T18:22:40+00:00\" \/>\n<meta property=\"og:image\" content=\"https:\/\/www.lraloeverashop.eu\/wp-content\/uploads\/2022\/10\/Serox-Instant-Result-Serum.jpg\" \/>\n\t<meta property=\"og:image:width\" content=\"1200\" \/>\n\t<meta property=\"og:image:height\" content=\"1200\" \/>\n\t<meta property=\"og:image:type\" content=\"image\/jpeg\" \/>\n<meta name=\"twitter:card\" content=\"summary_large_image\" \/>\n<meta name=\"twitter:site\" content=\"@natur__kosmetik\" \/>\n<script type=\"application\/ld+json\" class=\"yoast-schema-graph\">{\"@context\":\"https:\\\/\\\/schema.org\",\"@graph\":[{\"@type\":[\"WebPage\",\"ItemPage\"],\"@id\":\"https:\\\/\\\/www.lraloeverashop.eu\\\/fr\\\/produit\\\/serox-serum-a-effet-instantane\\\/\",\"url\":\"https:\\\/\\\/www.lraloeverashop.eu\\\/fr\\\/produit\\\/serox-serum-a-effet-instantane\\\/\",\"name\":\"Serox S\u00e9rum Effet Instantan\u00e9 r\u00e9duit apparence des rides\",\"isPartOf\":{\"@id\":\"https:\\\/\\\/www.lraloeverashop.eu\\\/fr\\\/#website\"},\"primaryImageOfPage\":{\"@id\":\"https:\\\/\\\/www.lraloeverashop.eu\\\/fr\\\/produit\\\/serox-serum-a-effet-instantane\\\/#primaryimage\"},\"image\":{\"@id\":\"https:\\\/\\\/www.lraloeverashop.eu\\\/fr\\\/produit\\\/serox-serum-a-effet-instantane\\\/#primaryimage\"},\"thumbnailUrl\":\"https:\\\/\\\/www.lraloeverashop.eu\\\/wp-content\\\/uploads\\\/2022\\\/10\\\/Serox-Instant-Result-Serum.jpg\",\"datePublished\":\"2022-10-20T02:38:20+00:00\",\"dateModified\":\"2026-02-02T18:22:40+00:00\",\"description\":\"Serox S\u00e9rum Effet Instantan\u00e9 apporte \u00e0 la peau des principes actifs exclusifs. Argireline, Ameliox et Polylift avec formule anti-rides.\",\"breadcrumb\":{\"@id\":\"https:\\\/\\\/www.lraloeverashop.eu\\\/fr\\\/produit\\\/serox-serum-a-effet-instantane\\\/#breadcrumb\"},\"inLanguage\":\"fr-FR\",\"potentialAction\":[{\"@type\":\"ReadAction\",\"target\":[\"https:\\\/\\\/www.lraloeverashop.eu\\\/fr\\\/produit\\\/serox-serum-a-effet-instantane\\\/\"]}]},{\"@type\":\"ImageObject\",\"inLanguage\":\"fr-FR\",\"@id\":\"https:\\\/\\\/www.lraloeverashop.eu\\\/fr\\\/produit\\\/serox-serum-a-effet-instantane\\\/#primaryimage\",\"url\":\"https:\\\/\\\/www.lraloeverashop.eu\\\/wp-content\\\/uploads\\\/2022\\\/10\\\/Serox-Instant-Result-Serum.jpg\",\"contentUrl\":\"https:\\\/\\\/www.lraloeverashop.eu\\\/wp-content\\\/uploads\\\/2022\\\/10\\\/Serox-Instant-Result-Serum.jpg\",\"width\":1200,\"height\":1200,\"caption\":\"Serox s\u00e9rum r\u00e9sultat instantan\u00e9\"},{\"@type\":\"BreadcrumbList\",\"@id\":\"https:\\\/\\\/www.lraloeverashop.eu\\\/fr\\\/produit\\\/serox-serum-a-effet-instantane\\\/#breadcrumb\",\"itemListElement\":[{\"@type\":\"ListItem\",\"position\":1,\"name\":\"Home\",\"item\":\"https:\\\/\\\/www.lraloeverashop.eu\\\/fr\\\/\"},{\"@type\":\"ListItem\",\"position\":2,\"name\":\"Boutique\",\"item\":\"https:\\\/\\\/www.lraloeverashop.eu\\\/fr\\\/boutique\\\/\"},{\"@type\":\"ListItem\",\"position\":3,\"name\":\"Serox S\u00e9rum \u00e0 Effet Instantan\u00e9\"}]},{\"@type\":\"WebSite\",\"@id\":\"https:\\\/\\\/www.lraloeverashop.eu\\\/fr\\\/#website\",\"url\":\"https:\\\/\\\/www.lraloeverashop.eu\\\/fr\\\/\",\"name\":\"Boutique Lr Aloe Vera\",\"description\":\"High Quality Lr Aloe Vera Gel, Aloe Vera Cream and Shampoo\",\"publisher\":{\"@id\":\"https:\\\/\\\/www.lraloeverashop.eu\\\/fr\\\/#organization\"},\"potentialAction\":[{\"@type\":\"SearchAction\",\"target\":{\"@type\":\"EntryPoint\",\"urlTemplate\":\"https:\\\/\\\/www.lraloeverashop.eu\\\/fr\\\/?s={search_term_string}\"},\"query-input\":{\"@type\":\"PropertyValueSpecification\",\"valueRequired\":true,\"valueName\":\"search_term_string\"}}],\"inLanguage\":\"fr-FR\"},{\"@type\":\"Organization\",\"@id\":\"https:\\\/\\\/www.lraloeverashop.eu\\\/fr\\\/#organization\",\"name\":\"Boutique Lr Aloe Vera\",\"alternateName\":\"LR\",\"url\":\"https:\\\/\\\/www.lraloeverashop.eu\\\/fr\\\/\",\"logo\":{\"@type\":\"ImageObject\",\"inLanguage\":\"fr-FR\",\"@id\":\"https:\\\/\\\/www.lraloeverashop.eu\\\/fr\\\/#\\\/schema\\\/logo\\\/image\\\/\",\"url\":\"https:\\\/\\\/www.lraloeverashop.eu\\\/wp-content\\\/uploads\\\/2022\\\/09\\\/cropped-Lr-Aloe-Vera-Shop.jpg\",\"contentUrl\":\"https:\\\/\\\/www.lraloeverashop.eu\\\/wp-content\\\/uploads\\\/2022\\\/09\\\/cropped-Lr-Aloe-Vera-Shop.jpg\",\"width\":228,\"height\":76,\"caption\":\"Boutique Lr Aloe Vera\"},\"image\":{\"@id\":\"https:\\\/\\\/www.lraloeverashop.eu\\\/fr\\\/#\\\/schema\\\/logo\\\/image\\\/\"},\"sameAs\":[\"https:\\\/\\\/www.facebook.com\\\/lraloeverashop.eu\",\"https:\\\/\\\/x.com\\\/natur__kosmetik\",\"https:\\\/\\\/www.youtube.com\\\/channel\\\/UC5oN7BJ8nfYb8RpVtjwDEBA\",\"https:\\\/\\\/www.instagram.com\\\/lrbeautyeu\\\/\"],\"description\":\"La boutique LR Aloe Vera est votre destination de confiance pour les produits de sant\u00e9 et de beaut\u00e9 haut de gamme LR, fabriqu\u00e9s en Allemagne. Nous proposons des soins de la peau, des compl\u00e9ments nutritionnels et des solutions anti-\u00e2ge \u00e0 l'aloe vera de haute qualit\u00e9, \u00e9labor\u00e9s \u00e0 partir d'ingr\u00e9dients purs et valid\u00e9s par la recherche scientifique. D\u00e9couvrez des soins naturels qui r\u00e9g\u00e9n\u00e8rent, prot\u00e8gent et revitalisent votre peau, et profitez d'offres mensuelles exclusives sur nos produits LR Aloe Vera les plus vendus.\\n\\nCommencez d\u00e8s aujourd'hui votre parcours vers des soins naturels et constatez la diff\u00e9rence.\",\"email\":\"info@lraloeverashop.eu\",\"telephone\":\"+49 17670609653\",\"legalName\":\"Lr Aloe Vera Shop\",\"foundingDate\":\"2018-04-21\",\"numberOfEmployees\":{\"@type\":\"QuantitativeValue\",\"minValue\":\"1\",\"maxValue\":\"10\"}}]}<\/script>\n<meta property=\"product:price:amount\" content=\"85.99\" \/>\n<meta property=\"product:price:currency\" content=\"EUR\" \/>\n<meta property=\"og:availability\" content=\"instock\" \/>\n<meta property=\"product:availability\" content=\"instock\" \/>\n<meta property=\"product:retailer_item_id\" content=\"28251-1FR\" \/>\n<meta property=\"product:condition\" content=\"new\" \/>\n<!-- \/ Yoast SEO Premium plugin. -->","yoast_head_json":{"title":"Serox S\u00e9rum Effet Instantan\u00e9 r\u00e9duit apparence des rides","description":"Serox S\u00e9rum Effet Instantan\u00e9 apporte \u00e0 la peau des principes actifs exclusifs. Argireline, Ameliox et Polylift avec formule anti-rides.","robots":{"index":"index","follow":"follow","max-snippet":"max-snippet:-1","max-image-preview":"max-image-preview:large","max-video-preview":"max-video-preview:-1"},"canonical":"https:\/\/www.lraloeverashop.eu\/fr\/produit\/serox-serum-a-effet-instantane\/","og_locale":"fr_FR","og_type":"article","og_title":"Serox S\u00e9rum \u00e0 Effet Instantan\u00e9","og_description":"Serox S\u00e9rum Effet Instantan\u00e9 apporte \u00e0 la peau des principes actifs exclusifs. Argireline, Ameliox et Polylift avec formule anti-rides.","og_url":"https:\/\/www.lraloeverashop.eu\/fr\/produit\/serox-serum-a-effet-instantane\/","og_site_name":"Boutique Lr Aloe Vera","article_publisher":"https:\/\/www.facebook.com\/lraloeverashop.eu","article_modified_time":"2026-02-02T18:22:40+00:00","og_image":[{"width":1200,"height":1200,"url":"https:\/\/www.lraloeverashop.eu\/wp-content\/uploads\/2022\/10\/Serox-Instant-Result-Serum.jpg","type":"image\/jpeg"}],"twitter_card":"summary_large_image","twitter_site":"@natur__kosmetik","schema":{"@context":"https:\/\/schema.org","@graph":[{"@type":["WebPage","ItemPage"],"@id":"https:\/\/www.lraloeverashop.eu\/fr\/produit\/serox-serum-a-effet-instantane\/","url":"https:\/\/www.lraloeverashop.eu\/fr\/produit\/serox-serum-a-effet-instantane\/","name":"Serox S\u00e9rum Effet Instantan\u00e9 r\u00e9duit apparence des rides","isPartOf":{"@id":"https:\/\/www.lraloeverashop.eu\/fr\/#website"},"primaryImageOfPage":{"@id":"https:\/\/www.lraloeverashop.eu\/fr\/produit\/serox-serum-a-effet-instantane\/#primaryimage"},"image":{"@id":"https:\/\/www.lraloeverashop.eu\/fr\/produit\/serox-serum-a-effet-instantane\/#primaryimage"},"thumbnailUrl":"https:\/\/www.lraloeverashop.eu\/wp-content\/uploads\/2022\/10\/Serox-Instant-Result-Serum.jpg","datePublished":"2022-10-20T02:38:20+00:00","dateModified":"2026-02-02T18:22:40+00:00","description":"Serox S\u00e9rum Effet Instantan\u00e9 apporte \u00e0 la peau des principes actifs exclusifs. Argireline, Ameliox et Polylift avec formule anti-rides.","breadcrumb":{"@id":"https:\/\/www.lraloeverashop.eu\/fr\/produit\/serox-serum-a-effet-instantane\/#breadcrumb"},"inLanguage":"fr-FR","potentialAction":[{"@type":"ReadAction","target":["https:\/\/www.lraloeverashop.eu\/fr\/produit\/serox-serum-a-effet-instantane\/"]}]},{"@type":"ImageObject","inLanguage":"fr-FR","@id":"https:\/\/www.lraloeverashop.eu\/fr\/produit\/serox-serum-a-effet-instantane\/#primaryimage","url":"https:\/\/www.lraloeverashop.eu\/wp-content\/uploads\/2022\/10\/Serox-Instant-Result-Serum.jpg","contentUrl":"https:\/\/www.lraloeverashop.eu\/wp-content\/uploads\/2022\/10\/Serox-Instant-Result-Serum.jpg","width":1200,"height":1200,"caption":"Serox s\u00e9rum r\u00e9sultat instantan\u00e9"},{"@type":"BreadcrumbList","@id":"https:\/\/www.lraloeverashop.eu\/fr\/produit\/serox-serum-a-effet-instantane\/#breadcrumb","itemListElement":[{"@type":"ListItem","position":1,"name":"Home","item":"https:\/\/www.lraloeverashop.eu\/fr\/"},{"@type":"ListItem","position":2,"name":"Boutique","item":"https:\/\/www.lraloeverashop.eu\/fr\/boutique\/"},{"@type":"ListItem","position":3,"name":"Serox S\u00e9rum \u00e0 Effet Instantan\u00e9"}]},{"@type":"WebSite","@id":"https:\/\/www.lraloeverashop.eu\/fr\/#website","url":"https:\/\/www.lraloeverashop.eu\/fr\/","name":"Boutique Lr Aloe Vera","description":"High Quality Lr Aloe Vera Gel, Aloe Vera Cream and Shampoo","publisher":{"@id":"https:\/\/www.lraloeverashop.eu\/fr\/#organization"},"potentialAction":[{"@type":"SearchAction","target":{"@type":"EntryPoint","urlTemplate":"https:\/\/www.lraloeverashop.eu\/fr\/?s={search_term_string}"},"query-input":{"@type":"PropertyValueSpecification","valueRequired":true,"valueName":"search_term_string"}}],"inLanguage":"fr-FR"},{"@type":"Organization","@id":"https:\/\/www.lraloeverashop.eu\/fr\/#organization","name":"Boutique Lr Aloe Vera","alternateName":"LR","url":"https:\/\/www.lraloeverashop.eu\/fr\/","logo":{"@type":"ImageObject","inLanguage":"fr-FR","@id":"https:\/\/www.lraloeverashop.eu\/fr\/#\/schema\/logo\/image\/","url":"https:\/\/www.lraloeverashop.eu\/wp-content\/uploads\/2022\/09\/cropped-Lr-Aloe-Vera-Shop.jpg","contentUrl":"https:\/\/www.lraloeverashop.eu\/wp-content\/uploads\/2022\/09\/cropped-Lr-Aloe-Vera-Shop.jpg","width":228,"height":76,"caption":"Boutique Lr Aloe Vera"},"image":{"@id":"https:\/\/www.lraloeverashop.eu\/fr\/#\/schema\/logo\/image\/"},"sameAs":["https:\/\/www.facebook.com\/lraloeverashop.eu","https:\/\/x.com\/natur__kosmetik","https:\/\/www.youtube.com\/channel\/UC5oN7BJ8nfYb8RpVtjwDEBA","https:\/\/www.instagram.com\/lrbeautyeu\/"],"description":"La boutique LR Aloe Vera est votre destination de confiance pour les produits de sant\u00e9 et de beaut\u00e9 haut de gamme LR, fabriqu\u00e9s en Allemagne. Nous proposons des soins de la peau, des compl\u00e9ments nutritionnels et des solutions anti-\u00e2ge \u00e0 l'aloe vera de haute qualit\u00e9, \u00e9labor\u00e9s \u00e0 partir d'ingr\u00e9dients purs et valid\u00e9s par la recherche scientifique. D\u00e9couvrez des soins naturels qui r\u00e9g\u00e9n\u00e8rent, prot\u00e8gent et revitalisent votre peau, et profitez d'offres mensuelles exclusives sur nos produits LR Aloe Vera les plus vendus.\n\nCommencez d\u00e8s aujourd'hui votre parcours vers des soins naturels et constatez la diff\u00e9rence.","email":"info@lraloeverashop.eu","telephone":"+49 17670609653","legalName":"Lr Aloe Vera Shop","foundingDate":"2018-04-21","numberOfEmployees":{"@type":"QuantitativeValue","minValue":"1","maxValue":"10"}}]},"product_price_amount":"85.99","product_price_currency":"EUR","og_availability":"instock","product_availability":"instock","product_retailer_item_id":"28251-1FR","product_condition":"new"},"taxonomy_info":{"product_cat":[{"value":278,"label":"Femmes de plus de 40 ans"},{"value":327,"label":"Produits anti-\u00e2ge"},{"value":386,"label":"Serox"},{"value":266,"label":"Soins anti-\u00e2ge"}],"product_tag":[{"value":698,"label":"pour les rides du visage"}]},"featured_image_src_large":["https:\/\/www.lraloeverashop.eu\/wp-content\/uploads\/2022\/10\/Serox-Instant-Result-Serum-1024x1024.jpg",1024,1024,true],"author_info":[],"comment_info":0,"_links":{"self":[{"href":"https:\/\/www.lraloeverashop.eu\/fr\/wp-json\/wp\/v2\/product\/8354","targetHints":{"allow":["GET"]}}],"collection":[{"href":"https:\/\/www.lraloeverashop.eu\/fr\/wp-json\/wp\/v2\/product"}],"about":[{"href":"https:\/\/www.lraloeverashop.eu\/fr\/wp-json\/wp\/v2\/types\/product"}],"replies":[{"embeddable":true,"href":"https:\/\/www.lraloeverashop.eu\/fr\/wp-json\/wp\/v2\/comments?post=8354"}],"wp:featuredmedia":[{"embeddable":true,"href":"https:\/\/www.lraloeverashop.eu\/fr\/wp-json\/wp\/v2\/media\/5850"}],"wp:attachment":[{"href":"https:\/\/www.lraloeverashop.eu\/fr\/wp-json\/wp\/v2\/media?parent=8354"}],"wp:term":[{"taxonomy":"product_brand","embeddable":true,"href":"https:\/\/www.lraloeverashop.eu\/fr\/wp-json\/wp\/v2\/product_brand?post=8354"},{"taxonomy":"product_cat","embeddable":true,"href":"https:\/\/www.lraloeverashop.eu\/fr\/wp-json\/wp\/v2\/product_cat?post=8354"},{"taxonomy":"product_tag","embeddable":true,"href":"https:\/\/www.lraloeverashop.eu\/fr\/wp-json\/wp\/v2\/product_tag?post=8354"}],"curies":[{"name":"wp","href":"https:\/\/api.w.org\/{rel}","templated":true}]}}