{"id":8352,"date":"2022-10-20T04:44:58","date_gmt":"2022-10-20T02:44:58","guid":{"rendered":"https:\/\/www.lraloeverashop.eu\/product\/serox-creme-anti-age\/"},"modified":"2026-02-02T19:22:24","modified_gmt":"2026-02-02T18:22:24","slug":"serox-creme-anti-age","status":"publish","type":"product","link":"https:\/\/www.lraloeverashop.eu\/fr\/produit\/serox-creme-anti-age\/","title":{"rendered":"Serox Cr\u00e8me Anti-\u00e2ge"},"content":{"rendered":"<h2><span style=\"font-size: 16pt;\"><strong>Serox Cr\u00e8me Anti-\u00e2ge<\/strong><\/span><\/h2>\n<p><span style=\"font-size: 14pt;\"><strong>Serox Cr\u00e8me Anti-\u00e2ge avec complexe actif \u00e0 effet anti-rides pour une hydratation longue dur\u00e9e<\/strong><\/span><\/p>\n<p>Cr\u00e8me Anti-\u00e2ge intensive particuli\u00e8rement riche r\u00e9duit l&#8217;apparence des petites rides gr\u00e2ce \u00e0 des principes actifs innovants tels que les Sph\u00e8res de Remplissage Hyaluronique\u00ae \u00e0 l&#8217;acide hyaluronique lyophilis\u00e9.<\/p>\n<p>La texture riche au beurre de karit\u00e9 prend \u00e9galement soin des <a href=\"https:\/\/www.lraloeverashop.eu\/fr\/produit\/beauty-diamonds-creme-de-jour-anti-age\/\">peaux s\u00e8ches<\/a>. Le r\u00e9sultat : Des rides d&#8217;apparence plus l\u00e9g\u00e8re.<\/p>\n<p>&nbsp;<\/p>\n<h3><span style=\"font-size: 16pt;\"><strong>Comment Utiliser<\/strong><\/span><\/h3>\n<p>Appliquez deux fois de Serox Cr\u00e8me Anti-\u00e2ge par jour directement <a href=\"https:\/\/www.lraloeverashop.eu\/fr\/produit\/creme-visage-anti-age-powerlift\/\">sur les rides<\/a> d&#8217;expression apr\u00e8s avoir soigneusement nettoy\u00e9 votre visage. Massez doucement.<\/p>\n<p>Pour une apparence optimale, nous recommandons tou jours la Cr\u00e8me Anti-\u00e2ge intensive en combinaison avec le S\u00e9rum R\u00e9sultat Instantan\u00e9 Serox.<\/p>\n<p>Le s\u00e9rum apaise la peau gr\u00e2ce \u00e0 des principes actifs innovants, la cr\u00e8me assure une sensation de peau d\u00e9tendue et lisse. Nous recommandons l&#8217;utilisation combin\u00e9e de ces deux produits pour une action anti-\u00e2ge optimale. Appliquez tou jours la cr\u00e8me apr\u00e8s le s\u00e9rum.<\/p>\n<p>Serox Cr\u00e8me Anti-\u00c2ge appartient \u00e0 la s\u00e9rie des soins du visage Contre le vieillissement pr\u00e9matur\u00e9 de la peau. Le produit est fabriqu\u00e9 en Allemagne par Lr Health &amp; Beauty<\/p>\n<p>&nbsp;<\/p>\n<h4><span style=\"font-size: 16pt;\"><strong>Saviez-vous?<\/strong><\/span><\/h4>\n<p>Les produits exclusifs Serox neutralisent sp\u00e9cifiquement les signes ind\u00e9sirables des temps. Gr\u00e2ce \u00e0 une technologie d&#8217;effet innovante \u00e0 <a href=\"https:\/\/www.lraloeverashop.eu\/fr\/produit\/platinum-creme-anti-age-pour-hommes\/\">double effet anti-\u00e2ge<\/a>, l&#8217;Instant Skin Perfector assure une perfection cutan\u00e9e imm\u00e9diate et durable.<\/p>\n<p>Une peau qui para\u00eet plus jeune \u00e0 long terme est obtenue avec les produits sp\u00e9ciaux Serox suppl\u00e9mentaires : moins de rides d&#8217;expression dans la zone des yeux, du front et du nez ainsi que beaucoup plus de <a href=\"https:\/\/www.lraloeverashop.eu\/fr\/produit\/beauty-diamonds-creme-de-nuit-anti-age\/\">volume et d&#8217;\u00e9lasticit\u00e9<\/a>.<\/p>\n","protected":false},"excerpt":{"rendered":"<ul>\n<li>Composition innovante avec Ameliox\u00ae et Ultra Filling Spheres\u2122<\/li>\n<li>Rend plus lisses les expressions du visage \u00e0 partir de 40 ans<\/li>\n<li>Id\u00e9ale en combinaison avec le Serox S\u00e9rum \u00e0 Effet Instantan\u00e9<\/li>\n<li>Convient \u00e9galement aux peaux s\u00e8ches<\/li>\n<li>Produit fabriqu\u00e9 en Allemagne<\/li>\n<li>Contenu: 50 ml<\/li>\n<\/ul>\n<p style=\"text-align: left;\"><span style=\"color: #ff0000;\"><a style=\"color: #ff0000;\" href=\"https:\/\/shop.lrworld.com\/openpao?PHP=0vFlt7jT938BEnBI3a6e9w%3D%3D\"><span style=\"font-size: 14pt;\"><strong>Inscrivez-vous et \u00e9conomisez 35% sur chaque commande<\/strong><\/span><\/a><\/span><\/p>\n","protected":false},"featured_media":5862,"comment_status":"open","ping_status":"closed","template":"","meta":{"_kad_blocks_custom_css":"","_kad_blocks_head_custom_js":"","_kad_blocks_body_custom_js":"","_kad_blocks_footer_custom_js":"","_kadence_starter_templates_imported_post":false,"_kad_post_transparent":"default","_kad_post_title":"","_kad_post_layout":"default","_kad_post_sidebar_id":"","_kad_post_content_style":"default","_kad_post_vertical_padding":"default","_kad_post_feature":"","_kad_post_feature_position":"","_kad_post_header":false,"_kad_post_footer":false,"_kad_post_classname":""},"product_brand":[],"product_cat":[278,327,386,266],"product_tag":[698],"class_list":{"0":"post-8352","1":"product","2":"type-product","3":"status-publish","4":"has-post-thumbnail","6":"product_cat-femmes-de-plus-de-40-ans","7":"product_cat-produits-anti-age","8":"product_cat-serox-fr","9":"product_cat-soins-anti-age","10":"product_tag-pour-les-rides-du-visage","12":"first","13":"instock","14":"taxable","15":"shipping-taxable","16":"purchasable","17":"product-type-simple","18":"entry","19":"content-bg","20":"loop-entry"},"yoast_head":"<!-- This site is optimized with the Yoast SEO Premium plugin v27.5 (Yoast SEO v27.5) - https:\/\/yoast.com\/product\/yoast-seo-premium-wordpress\/ -->\n<title>Serox Cr\u00e8me Anti-\u00c2ge \u00e0 l&#039;acide hyaluronique contre rides<\/title>\n<meta name=\"description\" content=\"Serox Cr\u00e8me Anti-\u00c2ge r\u00e9duit l&#039;apparence des rides gr\u00e2ce \u00e0 Hyaluronic Filling Spheres \u00e0 l&#039;acide hyaluronique lyophilis\u00e9. Id\u00e9ale en combinaison\" \/>\n<meta name=\"robots\" content=\"index, follow, max-snippet:-1, max-image-preview:large, max-video-preview:-1\" \/>\n<link rel=\"canonical\" href=\"https:\/\/www.lraloeverashop.eu\/fr\/produit\/serox-creme-anti-age\/\" \/>\n<meta property=\"og:locale\" content=\"fr_FR\" \/>\n<meta property=\"og:type\" content=\"article\" \/>\n<meta property=\"og:title\" content=\"Serox Cr\u00e8me Anti-\u00e2ge\" \/>\n<meta property=\"og:description\" content=\"Serox Cr\u00e8me Anti-\u00c2ge r\u00e9duit l&#039;apparence des rides gr\u00e2ce \u00e0 Hyaluronic Filling Spheres \u00e0 l&#039;acide hyaluronique lyophilis\u00e9. Id\u00e9ale en combinaison\" \/>\n<meta property=\"og:url\" content=\"https:\/\/www.lraloeverashop.eu\/fr\/produit\/serox-creme-anti-age\/\" \/>\n<meta property=\"og:site_name\" content=\"Boutique Lr Aloe Vera\" \/>\n<meta property=\"article:publisher\" content=\"https:\/\/www.facebook.com\/lraloeverashop.eu\" \/>\n<meta property=\"article:modified_time\" content=\"2026-02-02T18:22:24+00:00\" \/>\n<meta property=\"og:image\" content=\"https:\/\/www.lraloeverashop.eu\/wp-content\/uploads\/2022\/10\/Serox-Intensive-Cream.jpg\" \/>\n\t<meta property=\"og:image:width\" content=\"1200\" \/>\n\t<meta property=\"og:image:height\" content=\"1200\" \/>\n\t<meta property=\"og:image:type\" content=\"image\/jpeg\" \/>\n<meta name=\"twitter:card\" content=\"summary_large_image\" \/>\n<meta name=\"twitter:site\" content=\"@natur__kosmetik\" \/>\n<script type=\"application\/ld+json\" class=\"yoast-schema-graph\">{\"@context\":\"https:\\\/\\\/schema.org\",\"@graph\":[{\"@type\":[\"WebPage\",\"ItemPage\"],\"@id\":\"https:\\\/\\\/www.lraloeverashop.eu\\\/fr\\\/produit\\\/serox-creme-anti-age\\\/\",\"url\":\"https:\\\/\\\/www.lraloeverashop.eu\\\/fr\\\/produit\\\/serox-creme-anti-age\\\/\",\"name\":\"Serox Cr\u00e8me Anti-\u00c2ge \u00e0 l'acide hyaluronique contre rides\",\"isPartOf\":{\"@id\":\"https:\\\/\\\/www.lraloeverashop.eu\\\/fr\\\/#website\"},\"primaryImageOfPage\":{\"@id\":\"https:\\\/\\\/www.lraloeverashop.eu\\\/fr\\\/produit\\\/serox-creme-anti-age\\\/#primaryimage\"},\"image\":{\"@id\":\"https:\\\/\\\/www.lraloeverashop.eu\\\/fr\\\/produit\\\/serox-creme-anti-age\\\/#primaryimage\"},\"thumbnailUrl\":\"https:\\\/\\\/www.lraloeverashop.eu\\\/wp-content\\\/uploads\\\/2022\\\/10\\\/Serox-Intensive-Cream.jpg\",\"datePublished\":\"2022-10-20T02:44:58+00:00\",\"dateModified\":\"2026-02-02T18:22:24+00:00\",\"description\":\"Serox Cr\u00e8me Anti-\u00c2ge r\u00e9duit l'apparence des rides gr\u00e2ce \u00e0 Hyaluronic Filling Spheres \u00e0 l'acide hyaluronique lyophilis\u00e9. Id\u00e9ale en combinaison\",\"breadcrumb\":{\"@id\":\"https:\\\/\\\/www.lraloeverashop.eu\\\/fr\\\/produit\\\/serox-creme-anti-age\\\/#breadcrumb\"},\"inLanguage\":\"fr-FR\",\"potentialAction\":[{\"@type\":\"ReadAction\",\"target\":[\"https:\\\/\\\/www.lraloeverashop.eu\\\/fr\\\/produit\\\/serox-creme-anti-age\\\/\"]}]},{\"@type\":\"ImageObject\",\"inLanguage\":\"fr-FR\",\"@id\":\"https:\\\/\\\/www.lraloeverashop.eu\\\/fr\\\/produit\\\/serox-creme-anti-age\\\/#primaryimage\",\"url\":\"https:\\\/\\\/www.lraloeverashop.eu\\\/wp-content\\\/uploads\\\/2022\\\/10\\\/Serox-Intensive-Cream.jpg\",\"contentUrl\":\"https:\\\/\\\/www.lraloeverashop.eu\\\/wp-content\\\/uploads\\\/2022\\\/10\\\/Serox-Intensive-Cream.jpg\",\"width\":1200,\"height\":1200,\"caption\":\"Cr\u00e8me Anti-\u00e2ge Intensive Serox\"},{\"@type\":\"BreadcrumbList\",\"@id\":\"https:\\\/\\\/www.lraloeverashop.eu\\\/fr\\\/produit\\\/serox-creme-anti-age\\\/#breadcrumb\",\"itemListElement\":[{\"@type\":\"ListItem\",\"position\":1,\"name\":\"Home\",\"item\":\"https:\\\/\\\/www.lraloeverashop.eu\\\/fr\\\/home\\\/\"},{\"@type\":\"ListItem\",\"position\":2,\"name\":\"Boutique\",\"item\":\"https:\\\/\\\/www.lraloeverashop.eu\\\/fr\\\/boutique\\\/\"},{\"@type\":\"ListItem\",\"position\":3,\"name\":\"Serox Cr\u00e8me Anti-\u00e2ge\"}]},{\"@type\":\"WebSite\",\"@id\":\"https:\\\/\\\/www.lraloeverashop.eu\\\/fr\\\/#website\",\"url\":\"https:\\\/\\\/www.lraloeverashop.eu\\\/fr\\\/\",\"name\":\"Boutique Lr Aloe Vera\",\"description\":\"High Quality Lr Aloe Vera Gel, Aloe Vera Cream and Shampoo\",\"publisher\":{\"@id\":\"https:\\\/\\\/www.lraloeverashop.eu\\\/fr\\\/#organization\"},\"alternateName\":\"LR\",\"potentialAction\":[{\"@type\":\"SearchAction\",\"target\":{\"@type\":\"EntryPoint\",\"urlTemplate\":\"https:\\\/\\\/www.lraloeverashop.eu\\\/fr\\\/?s={search_term_string}\"},\"query-input\":{\"@type\":\"PropertyValueSpecification\",\"valueRequired\":true,\"valueName\":\"search_term_string\"}}],\"inLanguage\":\"fr-FR\"},{\"@type\":\"Organization\",\"@id\":\"https:\\\/\\\/www.lraloeverashop.eu\\\/fr\\\/#organization\",\"name\":\"Boutique Lr Aloe Vera\",\"alternateName\":\"LR\",\"url\":\"https:\\\/\\\/www.lraloeverashop.eu\\\/fr\\\/\",\"logo\":{\"@type\":\"ImageObject\",\"inLanguage\":\"fr-FR\",\"@id\":\"https:\\\/\\\/www.lraloeverashop.eu\\\/fr\\\/#\\\/schema\\\/logo\\\/image\\\/\",\"url\":\"https:\\\/\\\/www.lraloeverashop.eu\\\/wp-content\\\/uploads\\\/2022\\\/09\\\/cropped-Lr-Aloe-Vera-Shop.jpg\",\"contentUrl\":\"https:\\\/\\\/www.lraloeverashop.eu\\\/wp-content\\\/uploads\\\/2022\\\/09\\\/cropped-Lr-Aloe-Vera-Shop.jpg\",\"width\":228,\"height\":76,\"caption\":\"Boutique Lr Aloe Vera\"},\"image\":{\"@id\":\"https:\\\/\\\/www.lraloeverashop.eu\\\/fr\\\/#\\\/schema\\\/logo\\\/image\\\/\"},\"sameAs\":[\"https:\\\/\\\/www.facebook.com\\\/lraloeverashop.eu\",\"https:\\\/\\\/x.com\\\/natur__kosmetik\",\"https:\\\/\\\/www.youtube.com\\\/channel\\\/UC5oN7BJ8nfYb8RpVtjwDEBA\",\"https:\\\/\\\/www.instagram.com\\\/lrbeautyeu\\\/\"],\"description\":\"La boutique LR Aloe Vera est votre destination de confiance pour les produits de sant\u00e9 et de beaut\u00e9 haut de gamme LR, fabriqu\u00e9s en Allemagne. Nous proposons des soins de la peau, des compl\u00e9ments nutritionnels et des solutions anti-\u00e2ge \u00e0 l'aloe vera de haute qualit\u00e9, \u00e9labor\u00e9s \u00e0 partir d'ingr\u00e9dients purs et valid\u00e9s par la recherche scientifique. D\u00e9couvrez des soins naturels qui r\u00e9g\u00e9n\u00e8rent, prot\u00e8gent et revitalisent votre peau, et profitez d'offres mensuelles exclusives sur nos produits LR Aloe Vera les plus vendus.\\n\\nCommencez d\u00e8s aujourd'hui votre parcours vers des soins naturels et constatez la diff\u00e9rence.\",\"email\":\"info@lraloeverashop.eu\",\"telephone\":\"+49 17670609653\",\"legalName\":\"Lr Aloe Vera Shop\",\"foundingDate\":\"2018-04-21\",\"numberOfEmployees\":{\"@type\":\"QuantitativeValue\",\"minValue\":\"1\",\"maxValue\":\"10\"}}]}<\/script>\n<meta property=\"product:price:amount\" content=\"61.49\" \/>\n<meta property=\"product:price:currency\" content=\"EUR\" \/>\n<meta property=\"og:availability\" content=\"instock\" \/>\n<meta property=\"product:availability\" content=\"instock\" \/>\n<meta property=\"product:retailer_item_id\" content=\"28244-1FR\" \/>\n<meta property=\"product:condition\" content=\"new\" \/>\n<!-- \/ Yoast SEO Premium plugin. -->","yoast_head_json":{"title":"Serox Cr\u00e8me Anti-\u00c2ge \u00e0 l'acide hyaluronique contre rides","description":"Serox Cr\u00e8me Anti-\u00c2ge r\u00e9duit l'apparence des rides gr\u00e2ce \u00e0 Hyaluronic Filling Spheres \u00e0 l'acide hyaluronique lyophilis\u00e9. Id\u00e9ale en combinaison","robots":{"index":"index","follow":"follow","max-snippet":"max-snippet:-1","max-image-preview":"max-image-preview:large","max-video-preview":"max-video-preview:-1"},"canonical":"https:\/\/www.lraloeverashop.eu\/fr\/produit\/serox-creme-anti-age\/","og_locale":"fr_FR","og_type":"article","og_title":"Serox Cr\u00e8me Anti-\u00e2ge","og_description":"Serox Cr\u00e8me Anti-\u00c2ge r\u00e9duit l'apparence des rides gr\u00e2ce \u00e0 Hyaluronic Filling Spheres \u00e0 l'acide hyaluronique lyophilis\u00e9. Id\u00e9ale en combinaison","og_url":"https:\/\/www.lraloeverashop.eu\/fr\/produit\/serox-creme-anti-age\/","og_site_name":"Boutique Lr Aloe Vera","article_publisher":"https:\/\/www.facebook.com\/lraloeverashop.eu","article_modified_time":"2026-02-02T18:22:24+00:00","og_image":[{"width":1200,"height":1200,"url":"https:\/\/www.lraloeverashop.eu\/wp-content\/uploads\/2022\/10\/Serox-Intensive-Cream.jpg","type":"image\/jpeg"}],"twitter_card":"summary_large_image","twitter_site":"@natur__kosmetik","schema":{"@context":"https:\/\/schema.org","@graph":[{"@type":["WebPage","ItemPage"],"@id":"https:\/\/www.lraloeverashop.eu\/fr\/produit\/serox-creme-anti-age\/","url":"https:\/\/www.lraloeverashop.eu\/fr\/produit\/serox-creme-anti-age\/","name":"Serox Cr\u00e8me Anti-\u00c2ge \u00e0 l'acide hyaluronique contre rides","isPartOf":{"@id":"https:\/\/www.lraloeverashop.eu\/fr\/#website"},"primaryImageOfPage":{"@id":"https:\/\/www.lraloeverashop.eu\/fr\/produit\/serox-creme-anti-age\/#primaryimage"},"image":{"@id":"https:\/\/www.lraloeverashop.eu\/fr\/produit\/serox-creme-anti-age\/#primaryimage"},"thumbnailUrl":"https:\/\/www.lraloeverashop.eu\/wp-content\/uploads\/2022\/10\/Serox-Intensive-Cream.jpg","datePublished":"2022-10-20T02:44:58+00:00","dateModified":"2026-02-02T18:22:24+00:00","description":"Serox Cr\u00e8me Anti-\u00c2ge r\u00e9duit l'apparence des rides gr\u00e2ce \u00e0 Hyaluronic Filling Spheres \u00e0 l'acide hyaluronique lyophilis\u00e9. Id\u00e9ale en combinaison","breadcrumb":{"@id":"https:\/\/www.lraloeverashop.eu\/fr\/produit\/serox-creme-anti-age\/#breadcrumb"},"inLanguage":"fr-FR","potentialAction":[{"@type":"ReadAction","target":["https:\/\/www.lraloeverashop.eu\/fr\/produit\/serox-creme-anti-age\/"]}]},{"@type":"ImageObject","inLanguage":"fr-FR","@id":"https:\/\/www.lraloeverashop.eu\/fr\/produit\/serox-creme-anti-age\/#primaryimage","url":"https:\/\/www.lraloeverashop.eu\/wp-content\/uploads\/2022\/10\/Serox-Intensive-Cream.jpg","contentUrl":"https:\/\/www.lraloeverashop.eu\/wp-content\/uploads\/2022\/10\/Serox-Intensive-Cream.jpg","width":1200,"height":1200,"caption":"Cr\u00e8me Anti-\u00e2ge Intensive Serox"},{"@type":"BreadcrumbList","@id":"https:\/\/www.lraloeverashop.eu\/fr\/produit\/serox-creme-anti-age\/#breadcrumb","itemListElement":[{"@type":"ListItem","position":1,"name":"Home","item":"https:\/\/www.lraloeverashop.eu\/fr\/home\/"},{"@type":"ListItem","position":2,"name":"Boutique","item":"https:\/\/www.lraloeverashop.eu\/fr\/boutique\/"},{"@type":"ListItem","position":3,"name":"Serox Cr\u00e8me Anti-\u00e2ge"}]},{"@type":"WebSite","@id":"https:\/\/www.lraloeverashop.eu\/fr\/#website","url":"https:\/\/www.lraloeverashop.eu\/fr\/","name":"Boutique Lr Aloe Vera","description":"High Quality Lr Aloe Vera Gel, Aloe Vera Cream and Shampoo","publisher":{"@id":"https:\/\/www.lraloeverashop.eu\/fr\/#organization"},"alternateName":"LR","potentialAction":[{"@type":"SearchAction","target":{"@type":"EntryPoint","urlTemplate":"https:\/\/www.lraloeverashop.eu\/fr\/?s={search_term_string}"},"query-input":{"@type":"PropertyValueSpecification","valueRequired":true,"valueName":"search_term_string"}}],"inLanguage":"fr-FR"},{"@type":"Organization","@id":"https:\/\/www.lraloeverashop.eu\/fr\/#organization","name":"Boutique Lr Aloe Vera","alternateName":"LR","url":"https:\/\/www.lraloeverashop.eu\/fr\/","logo":{"@type":"ImageObject","inLanguage":"fr-FR","@id":"https:\/\/www.lraloeverashop.eu\/fr\/#\/schema\/logo\/image\/","url":"https:\/\/www.lraloeverashop.eu\/wp-content\/uploads\/2022\/09\/cropped-Lr-Aloe-Vera-Shop.jpg","contentUrl":"https:\/\/www.lraloeverashop.eu\/wp-content\/uploads\/2022\/09\/cropped-Lr-Aloe-Vera-Shop.jpg","width":228,"height":76,"caption":"Boutique Lr Aloe Vera"},"image":{"@id":"https:\/\/www.lraloeverashop.eu\/fr\/#\/schema\/logo\/image\/"},"sameAs":["https:\/\/www.facebook.com\/lraloeverashop.eu","https:\/\/x.com\/natur__kosmetik","https:\/\/www.youtube.com\/channel\/UC5oN7BJ8nfYb8RpVtjwDEBA","https:\/\/www.instagram.com\/lrbeautyeu\/"],"description":"La boutique LR Aloe Vera est votre destination de confiance pour les produits de sant\u00e9 et de beaut\u00e9 haut de gamme LR, fabriqu\u00e9s en Allemagne. Nous proposons des soins de la peau, des compl\u00e9ments nutritionnels et des solutions anti-\u00e2ge \u00e0 l'aloe vera de haute qualit\u00e9, \u00e9labor\u00e9s \u00e0 partir d'ingr\u00e9dients purs et valid\u00e9s par la recherche scientifique. D\u00e9couvrez des soins naturels qui r\u00e9g\u00e9n\u00e8rent, prot\u00e8gent et revitalisent votre peau, et profitez d'offres mensuelles exclusives sur nos produits LR Aloe Vera les plus vendus.\n\nCommencez d\u00e8s aujourd'hui votre parcours vers des soins naturels et constatez la diff\u00e9rence.","email":"info@lraloeverashop.eu","telephone":"+49 17670609653","legalName":"Lr Aloe Vera Shop","foundingDate":"2018-04-21","numberOfEmployees":{"@type":"QuantitativeValue","minValue":"1","maxValue":"10"}}]},"product_price_amount":"61.49","product_price_currency":"EUR","og_availability":"instock","product_availability":"instock","product_retailer_item_id":"28244-1FR","product_condition":"new"},"taxonomy_info":{"product_cat":[{"value":278,"label":"Femmes de plus de 40 ans"},{"value":327,"label":"Produits anti-\u00e2ge"},{"value":386,"label":"Serox"},{"value":266,"label":"Soins anti-\u00e2ge"}],"product_tag":[{"value":698,"label":"pour les rides du visage"}]},"featured_image_src_large":["https:\/\/www.lraloeverashop.eu\/wp-content\/uploads\/2022\/10\/Serox-Intensive-Cream-1024x1024.jpg",1024,1024,true],"author_info":[],"comment_info":0,"_links":{"self":[{"href":"https:\/\/www.lraloeverashop.eu\/fr\/wp-json\/wp\/v2\/product\/8352","targetHints":{"allow":["GET"]}}],"collection":[{"href":"https:\/\/www.lraloeverashop.eu\/fr\/wp-json\/wp\/v2\/product"}],"about":[{"href":"https:\/\/www.lraloeverashop.eu\/fr\/wp-json\/wp\/v2\/types\/product"}],"replies":[{"embeddable":true,"href":"https:\/\/www.lraloeverashop.eu\/fr\/wp-json\/wp\/v2\/comments?post=8352"}],"wp:featuredmedia":[{"embeddable":true,"href":"https:\/\/www.lraloeverashop.eu\/fr\/wp-json\/wp\/v2\/media\/5862"}],"wp:attachment":[{"href":"https:\/\/www.lraloeverashop.eu\/fr\/wp-json\/wp\/v2\/media?parent=8352"}],"wp:term":[{"taxonomy":"product_brand","embeddable":true,"href":"https:\/\/www.lraloeverashop.eu\/fr\/wp-json\/wp\/v2\/product_brand?post=8352"},{"taxonomy":"product_cat","embeddable":true,"href":"https:\/\/www.lraloeverashop.eu\/fr\/wp-json\/wp\/v2\/product_cat?post=8352"},{"taxonomy":"product_tag","embeddable":true,"href":"https:\/\/www.lraloeverashop.eu\/fr\/wp-json\/wp\/v2\/product_tag?post=8352"}],"curies":[{"name":"wp","href":"https:\/\/api.w.org\/{rel}","templated":true}]}}