{"id":8350,"date":"2022-10-20T04:56:24","date_gmt":"2022-10-20T02:56:24","guid":{"rendered":"https:\/\/www.lraloeverashop.eu\/product\/serox-patchs-pour-les-yeux\/"},"modified":"2025-03-29T09:15:37","modified_gmt":"2025-03-29T08:15:37","slug":"serox-patchs-pour-les-yeux","status":"publish","type":"product","link":"https:\/\/www.lraloeverashop.eu\/fr\/produit\/serox-patchs-pour-les-yeux\/","title":{"rendered":"Patchs Pour Les Yeux Serox"},"content":{"rendered":"<h2><span style=\"font-size: 16pt;\"><strong>Patchs Pour Les Yeux Serox<\/strong><\/span><\/h2>\n<p><span style=\"font-size: 14pt;\"><strong>Patchs Pour Les Yeux Serox &#8211; Un soin intensif, \u00e9gal \u00e0 la qualit\u00e9 d&rsquo;un centre esth\u00e9tique<\/strong><\/span><\/p>\n<p>Patchs Pour Les Yeux Serox sont un produit anti-\u00e2ge innovant. Les mol\u00e9cules de collag\u00e8ne aident la peau \u00e0 conserver son hydratation et les propres peptides de la peau stimulent la <a href=\"https:\/\/www.lraloeverashop.eu\/fr\/produit\/creme-anti-rides-yeux\/\">r\u00e9g\u00e9n\u00e9ration<\/a>. Ainsi, les rides dues \u00e0 s\u00e9cheresse diminuent et combattent la formation des rides d&rsquo;expression.<\/p>\n<p>Les coussinets pour les yeux sont fabriqu\u00e9s \u00e0 partir de collag\u00e8ne pur lyophilis\u00e9 et sont mouill\u00e9s par le fluide d&rsquo;activation. Contient une solution active d&rsquo;Argireline\u00ae, de Gatuline Expression\u00ae et d&rsquo;acide hyaluronique.<\/p>\n<p>Placez d\u00e9licatement les patchs sur les yeux le soir devant la t\u00e9l\u00e9vision ou lorsque vous parlez au t\u00e9l\u00e9phone &#8211; et offrez-vous un <a href=\"https:\/\/www.lraloeverashop.eu\/fr\/produit\/contour-des-yeux-nanogold\/\">soin intensif<\/a>, \u00e9gal \u00e0 la qualit\u00e9 d&rsquo;un centre esth\u00e9tique.<br \/>\nL&#8217;emballage contient 4 x 2 Pads<\/p>\n<p>Les Serox Patchs sont compos\u00e9s de collag\u00e8ne lyophilis\u00e9 et d\u00e9veloppent leur effet en conjonction avec le fluide d&rsquo;activation. L&rsquo;application est id\u00e9ale en combinaison avec le Serox Instant Result Serum.<\/p>\n<p>&nbsp;<\/p>\n<h3><span style=\"font-size: 16pt;\"><strong>Comment utiliser<\/strong><\/span><\/h3>\n<p>Pressez le liquide dans la chambre des coussinets et ouvrez le Twin Pack lorsque les coussinets sont compl\u00e8tement mouill\u00e9s. Posez les coussinets avec le c\u00f4t\u00e9 lisse sur la peau et laissez agir pendant 15 minutes. Apr\u00e8s l&rsquo;application, la peau semble entretenue et rafra\u00eechie. R\u00e9p\u00e9tez cette application chaque semaine.<\/p>\n<p><img loading=\"lazy\" decoding=\"async\" class=\"aligncenter size-full wp-image-3088\" src=\"https:\/\/www.lraloeverashop.eu\/wp-content\/uploads\/2022\/10\/How-to-use-serox-eye-pads.jpg\" alt=\"Comment utiliser les coussinets pour les yeux Serox\" width=\"966\" height=\"463\" srcset=\"https:\/\/www.lraloeverashop.eu\/wp-content\/uploads\/2022\/10\/How-to-use-serox-eye-pads.jpg 966w, https:\/\/www.lraloeverashop.eu\/wp-content\/uploads\/2022\/10\/How-to-use-serox-eye-pads-600x288.jpg 600w, https:\/\/www.lraloeverashop.eu\/wp-content\/uploads\/2022\/10\/How-to-use-serox-eye-pads-300x144.jpg 300w, https:\/\/www.lraloeverashop.eu\/wp-content\/uploads\/2022\/10\/How-to-use-serox-eye-pads-768x368.jpg 768w\" sizes=\"auto, (max-width: 966px) 100vw, 966px\" \/><\/p>\n<p>&nbsp;<\/p>\n<h4><span style=\"font-size: 16pt;\"><strong><br \/>\nComment fonctionnent les Patchs Serox pour les Yeux?<\/strong><\/span><\/h4>\n<p>1. Les patchs Patchs Pour Les Yeux sont essentiellement compos\u00e9s de collag\u00e8ne pur lyophilis\u00e9. Lorsqu&rsquo;ils sont activ\u00e9s, ils offrent une <a href=\"https:\/\/www.lraloeverashop.eu\/fr\/produit\/aloe-vera-creme-de-jour\/\">hydratation concentr\u00e9e<\/a> au contour des yeux.<br \/>\n2. L&rsquo;hydratation intensive et les ingr\u00e9dients innovants r\u00e9duisent la profondeur des rides et lissent l&rsquo;aspect de la peau.<br \/>\n3. La solution activante, avec ses ingr\u00e9dients actifs sp\u00e9cialis\u00e9s, <a href=\"https:\/\/www.lraloeverashop.eu\/fr\/produit\/aloe-vera-creme-pour-les-yeux\/\">soutient la peau<\/a>.<\/p>\n","protected":false},"excerpt":{"rendered":"<ul>\n<li>4 x 2 Patchs professionnels en qualit\u00e9 studio de beaut\u00e9<\/li>\n<li>A base de collag\u00e8ne lyophilis\u00e9<\/li>\n<li>Avec Argireline\u00ae, Gatuline Expression\u00ae et acide hyaluronique<\/li>\n<li>Rend plus lisses les rides du visage \u00e0 partir de 40 ans<\/li>\n<li>Produit fabriqu\u00e9 en Allemagne<\/li>\n<\/ul>\n<p>&nbsp;<\/p>\n","protected":false},"featured_media":5844,"comment_status":"open","ping_status":"closed","template":"","meta":{"_kad_blocks_custom_css":"","_kad_blocks_head_custom_js":"","_kad_blocks_body_custom_js":"","_kad_blocks_footer_custom_js":"","_kadence_starter_templates_imported_post":false,"_kad_post_transparent":"default","_kad_post_title":"","_kad_post_layout":"default","_kad_post_sidebar_id":"","_kad_post_content_style":"default","_kad_post_vertical_padding":"default","_kad_post_feature":"","_kad_post_feature_position":"","_kad_post_header":false,"_kad_post_footer":false,"_kad_post_classname":""},"product_brand":[],"product_cat":[278,327,386,266],"product_tag":[699],"class_list":{"0":"post-8350","1":"product","2":"type-product","3":"status-publish","4":"has-post-thumbnail","6":"product_cat-femmes-de-plus-de-40-ans","7":"product_cat-produits-anti-age","8":"product_cat-serox-fr","9":"product_cat-soins-anti-age","10":"product_tag-pour-les-rides-sous-les-yeux","12":"first","13":"outofstock","14":"taxable","15":"shipping-taxable","16":"purchasable","17":"product-type-simple","18":"entry","19":"content-bg","20":"loop-entry"},"yoast_head":"<!-- This site is optimized with the Yoast SEO Premium plugin v27.4 (Yoast SEO v27.4) - https:\/\/yoast.com\/product\/yoast-seo-premium-wordpress\/ -->\n<title>Patchs Pour les yeux serox avec acide hyaluronique<\/title>\n<meta name=\"description\" content=\"Patchs Pour Les Yeux Serox contient une solution active d&#039;Argireline\u00ae, Gatuline Expression\u00ae et d&#039;acide hyaluronique. Produit anti-\u00e2ge pour rides du visage\" \/>\n<meta name=\"robots\" content=\"index, follow, max-snippet:-1, max-image-preview:large, max-video-preview:-1\" \/>\n<link rel=\"canonical\" href=\"https:\/\/www.lraloeverashop.eu\/fr\/produit\/serox-patchs-pour-les-yeux\/\" \/>\n<meta property=\"og:locale\" content=\"fr_FR\" \/>\n<meta property=\"og:type\" content=\"article\" \/>\n<meta property=\"og:title\" content=\"Patchs Pour Les Yeux Serox\" \/>\n<meta property=\"og:description\" content=\"Patchs Pour Les Yeux Serox contient une solution active d&#039;Argireline\u00ae, Gatuline Expression\u00ae et d&#039;acide hyaluronique. Produit anti-\u00e2ge pour rides du visage\" \/>\n<meta property=\"og:url\" content=\"https:\/\/www.lraloeverashop.eu\/fr\/produit\/serox-patchs-pour-les-yeux\/\" \/>\n<meta property=\"og:site_name\" content=\"Boutique Lr Aloe Vera\" \/>\n<meta property=\"article:publisher\" content=\"https:\/\/www.facebook.com\/lraloeverashop.eu\" \/>\n<meta property=\"article:modified_time\" content=\"2025-03-29T08:15:37+00:00\" \/>\n<meta property=\"og:image\" content=\"https:\/\/www.lraloeverashop.eu\/wp-content\/uploads\/2022\/10\/Serox-Eye-Pads.jpg\" \/>\n\t<meta property=\"og:image:width\" content=\"1200\" \/>\n\t<meta property=\"og:image:height\" content=\"1200\" \/>\n\t<meta property=\"og:image:type\" content=\"image\/jpeg\" \/>\n<meta name=\"twitter:card\" content=\"summary_large_image\" \/>\n<meta name=\"twitter:site\" content=\"@natur__kosmetik\" \/>\n<script type=\"application\/ld+json\" class=\"yoast-schema-graph\">{\"@context\":\"https:\\\/\\\/schema.org\",\"@graph\":[{\"@type\":[\"WebPage\",\"ItemPage\"],\"@id\":\"https:\\\/\\\/www.lraloeverashop.eu\\\/fr\\\/produit\\\/serox-patchs-pour-les-yeux\\\/\",\"url\":\"https:\\\/\\\/www.lraloeverashop.eu\\\/fr\\\/produit\\\/serox-patchs-pour-les-yeux\\\/\",\"name\":\"Patchs Pour les yeux serox avec acide hyaluronique\",\"isPartOf\":{\"@id\":\"https:\\\/\\\/www.lraloeverashop.eu\\\/fr\\\/#website\"},\"primaryImageOfPage\":{\"@id\":\"https:\\\/\\\/www.lraloeverashop.eu\\\/fr\\\/produit\\\/serox-patchs-pour-les-yeux\\\/#primaryimage\"},\"image\":{\"@id\":\"https:\\\/\\\/www.lraloeverashop.eu\\\/fr\\\/produit\\\/serox-patchs-pour-les-yeux\\\/#primaryimage\"},\"thumbnailUrl\":\"https:\\\/\\\/www.lraloeverashop.eu\\\/wp-content\\\/uploads\\\/2022\\\/10\\\/Serox-Eye-Pads.jpg\",\"datePublished\":\"2022-10-20T02:56:24+00:00\",\"dateModified\":\"2025-03-29T08:15:37+00:00\",\"description\":\"Patchs Pour Les Yeux Serox contient une solution active d'Argireline\u00ae, Gatuline Expression\u00ae et d'acide hyaluronique. Produit anti-\u00e2ge pour rides du visage\",\"breadcrumb\":{\"@id\":\"https:\\\/\\\/www.lraloeverashop.eu\\\/fr\\\/produit\\\/serox-patchs-pour-les-yeux\\\/#breadcrumb\"},\"inLanguage\":\"fr-FR\",\"potentialAction\":[{\"@type\":\"ReadAction\",\"target\":[\"https:\\\/\\\/www.lraloeverashop.eu\\\/fr\\\/produit\\\/serox-patchs-pour-les-yeux\\\/\"]}]},{\"@type\":\"ImageObject\",\"inLanguage\":\"fr-FR\",\"@id\":\"https:\\\/\\\/www.lraloeverashop.eu\\\/fr\\\/produit\\\/serox-patchs-pour-les-yeux\\\/#primaryimage\",\"url\":\"https:\\\/\\\/www.lraloeverashop.eu\\\/wp-content\\\/uploads\\\/2022\\\/10\\\/Serox-Eye-Pads.jpg\",\"contentUrl\":\"https:\\\/\\\/www.lraloeverashop.eu\\\/wp-content\\\/uploads\\\/2022\\\/10\\\/Serox-Eye-Pads.jpg\",\"width\":1200,\"height\":1200,\"caption\":\"Coussinets oculaires Serox\"},{\"@type\":\"BreadcrumbList\",\"@id\":\"https:\\\/\\\/www.lraloeverashop.eu\\\/fr\\\/produit\\\/serox-patchs-pour-les-yeux\\\/#breadcrumb\",\"itemListElement\":[{\"@type\":\"ListItem\",\"position\":1,\"name\":\"Home\",\"item\":\"https:\\\/\\\/www.lraloeverashop.eu\\\/fr\\\/\"},{\"@type\":\"ListItem\",\"position\":2,\"name\":\"Boutique\",\"item\":\"https:\\\/\\\/www.lraloeverashop.eu\\\/fr\\\/boutique\\\/\"},{\"@type\":\"ListItem\",\"position\":3,\"name\":\"Patchs Pour Les Yeux Serox\"}]},{\"@type\":\"WebSite\",\"@id\":\"https:\\\/\\\/www.lraloeverashop.eu\\\/fr\\\/#website\",\"url\":\"https:\\\/\\\/www.lraloeverashop.eu\\\/fr\\\/\",\"name\":\"Boutique Lr Aloe Vera\",\"description\":\"High Quality Lr Aloe Vera Gel, Aloe Vera Cream and Shampoo\",\"publisher\":{\"@id\":\"https:\\\/\\\/www.lraloeverashop.eu\\\/fr\\\/#organization\"},\"potentialAction\":[{\"@type\":\"SearchAction\",\"target\":{\"@type\":\"EntryPoint\",\"urlTemplate\":\"https:\\\/\\\/www.lraloeverashop.eu\\\/fr\\\/?s={search_term_string}\"},\"query-input\":{\"@type\":\"PropertyValueSpecification\",\"valueRequired\":true,\"valueName\":\"search_term_string\"}}],\"inLanguage\":\"fr-FR\"},{\"@type\":\"Organization\",\"@id\":\"https:\\\/\\\/www.lraloeverashop.eu\\\/fr\\\/#organization\",\"name\":\"Boutique Lr Aloe Vera\",\"alternateName\":\"LR\",\"url\":\"https:\\\/\\\/www.lraloeverashop.eu\\\/fr\\\/\",\"logo\":{\"@type\":\"ImageObject\",\"inLanguage\":\"fr-FR\",\"@id\":\"https:\\\/\\\/www.lraloeverashop.eu\\\/fr\\\/#\\\/schema\\\/logo\\\/image\\\/\",\"url\":\"https:\\\/\\\/www.lraloeverashop.eu\\\/wp-content\\\/uploads\\\/2022\\\/09\\\/cropped-Lr-Aloe-Vera-Shop.jpg\",\"contentUrl\":\"https:\\\/\\\/www.lraloeverashop.eu\\\/wp-content\\\/uploads\\\/2022\\\/09\\\/cropped-Lr-Aloe-Vera-Shop.jpg\",\"width\":228,\"height\":76,\"caption\":\"Boutique Lr Aloe Vera\"},\"image\":{\"@id\":\"https:\\\/\\\/www.lraloeverashop.eu\\\/fr\\\/#\\\/schema\\\/logo\\\/image\\\/\"},\"sameAs\":[\"https:\\\/\\\/www.facebook.com\\\/lraloeverashop.eu\",\"https:\\\/\\\/x.com\\\/natur__kosmetik\",\"https:\\\/\\\/www.youtube.com\\\/channel\\\/UC5oN7BJ8nfYb8RpVtjwDEBA\",\"https:\\\/\\\/www.instagram.com\\\/lrbeautyeu\\\/\"],\"description\":\"La boutique LR Aloe Vera est votre destination de confiance pour les produits de sant\u00e9 et de beaut\u00e9 haut de gamme LR, fabriqu\u00e9s en Allemagne. Nous proposons des soins de la peau, des compl\u00e9ments nutritionnels et des solutions anti-\u00e2ge \u00e0 l'aloe vera de haute qualit\u00e9, \u00e9labor\u00e9s \u00e0 partir d'ingr\u00e9dients purs et valid\u00e9s par la recherche scientifique. D\u00e9couvrez des soins naturels qui r\u00e9g\u00e9n\u00e8rent, prot\u00e8gent et revitalisent votre peau, et profitez d'offres mensuelles exclusives sur nos produits LR Aloe Vera les plus vendus.\\n\\nCommencez d\u00e8s aujourd'hui votre parcours vers des soins naturels et constatez la diff\u00e9rence.\",\"email\":\"info@lraloeverashop.eu\",\"telephone\":\"+49 17670609653\",\"legalName\":\"Lr Aloe Vera Shop\",\"foundingDate\":\"2018-04-21\",\"numberOfEmployees\":{\"@type\":\"QuantitativeValue\",\"minValue\":\"1\",\"maxValue\":\"10\"}}]}<\/script>\n<meta property=\"product:price:amount\" content=\"45.49\" \/>\n<meta property=\"product:price:currency\" content=\"EUR\" \/>\n<meta property=\"og:availability\" content=\"out of stock\" \/>\n<meta property=\"product:availability\" content=\"out of stock\" \/>\n<meta property=\"product:retailer_item_id\" content=\"28235FR\" \/>\n<meta property=\"product:condition\" content=\"new\" \/>\n<!-- \/ Yoast SEO Premium plugin. -->","yoast_head_json":{"title":"Patchs Pour les yeux serox avec acide hyaluronique","description":"Patchs Pour Les Yeux Serox contient une solution active d'Argireline\u00ae, Gatuline Expression\u00ae et d'acide hyaluronique. Produit anti-\u00e2ge pour rides du visage","robots":{"index":"index","follow":"follow","max-snippet":"max-snippet:-1","max-image-preview":"max-image-preview:large","max-video-preview":"max-video-preview:-1"},"canonical":"https:\/\/www.lraloeverashop.eu\/fr\/produit\/serox-patchs-pour-les-yeux\/","og_locale":"fr_FR","og_type":"article","og_title":"Patchs Pour Les Yeux Serox","og_description":"Patchs Pour Les Yeux Serox contient une solution active d'Argireline\u00ae, Gatuline Expression\u00ae et d'acide hyaluronique. Produit anti-\u00e2ge pour rides du visage","og_url":"https:\/\/www.lraloeverashop.eu\/fr\/produit\/serox-patchs-pour-les-yeux\/","og_site_name":"Boutique Lr Aloe Vera","article_publisher":"https:\/\/www.facebook.com\/lraloeverashop.eu","article_modified_time":"2025-03-29T08:15:37+00:00","og_image":[{"width":1200,"height":1200,"url":"https:\/\/www.lraloeverashop.eu\/wp-content\/uploads\/2022\/10\/Serox-Eye-Pads.jpg","type":"image\/jpeg"}],"twitter_card":"summary_large_image","twitter_site":"@natur__kosmetik","schema":{"@context":"https:\/\/schema.org","@graph":[{"@type":["WebPage","ItemPage"],"@id":"https:\/\/www.lraloeverashop.eu\/fr\/produit\/serox-patchs-pour-les-yeux\/","url":"https:\/\/www.lraloeverashop.eu\/fr\/produit\/serox-patchs-pour-les-yeux\/","name":"Patchs Pour les yeux serox avec acide hyaluronique","isPartOf":{"@id":"https:\/\/www.lraloeverashop.eu\/fr\/#website"},"primaryImageOfPage":{"@id":"https:\/\/www.lraloeverashop.eu\/fr\/produit\/serox-patchs-pour-les-yeux\/#primaryimage"},"image":{"@id":"https:\/\/www.lraloeverashop.eu\/fr\/produit\/serox-patchs-pour-les-yeux\/#primaryimage"},"thumbnailUrl":"https:\/\/www.lraloeverashop.eu\/wp-content\/uploads\/2022\/10\/Serox-Eye-Pads.jpg","datePublished":"2022-10-20T02:56:24+00:00","dateModified":"2025-03-29T08:15:37+00:00","description":"Patchs Pour Les Yeux Serox contient une solution active d'Argireline\u00ae, Gatuline Expression\u00ae et d'acide hyaluronique. Produit anti-\u00e2ge pour rides du visage","breadcrumb":{"@id":"https:\/\/www.lraloeverashop.eu\/fr\/produit\/serox-patchs-pour-les-yeux\/#breadcrumb"},"inLanguage":"fr-FR","potentialAction":[{"@type":"ReadAction","target":["https:\/\/www.lraloeverashop.eu\/fr\/produit\/serox-patchs-pour-les-yeux\/"]}]},{"@type":"ImageObject","inLanguage":"fr-FR","@id":"https:\/\/www.lraloeverashop.eu\/fr\/produit\/serox-patchs-pour-les-yeux\/#primaryimage","url":"https:\/\/www.lraloeverashop.eu\/wp-content\/uploads\/2022\/10\/Serox-Eye-Pads.jpg","contentUrl":"https:\/\/www.lraloeverashop.eu\/wp-content\/uploads\/2022\/10\/Serox-Eye-Pads.jpg","width":1200,"height":1200,"caption":"Coussinets oculaires Serox"},{"@type":"BreadcrumbList","@id":"https:\/\/www.lraloeverashop.eu\/fr\/produit\/serox-patchs-pour-les-yeux\/#breadcrumb","itemListElement":[{"@type":"ListItem","position":1,"name":"Home","item":"https:\/\/www.lraloeverashop.eu\/fr\/"},{"@type":"ListItem","position":2,"name":"Boutique","item":"https:\/\/www.lraloeverashop.eu\/fr\/boutique\/"},{"@type":"ListItem","position":3,"name":"Patchs Pour Les Yeux Serox"}]},{"@type":"WebSite","@id":"https:\/\/www.lraloeverashop.eu\/fr\/#website","url":"https:\/\/www.lraloeverashop.eu\/fr\/","name":"Boutique Lr Aloe Vera","description":"High Quality Lr Aloe Vera Gel, Aloe Vera Cream and Shampoo","publisher":{"@id":"https:\/\/www.lraloeverashop.eu\/fr\/#organization"},"potentialAction":[{"@type":"SearchAction","target":{"@type":"EntryPoint","urlTemplate":"https:\/\/www.lraloeverashop.eu\/fr\/?s={search_term_string}"},"query-input":{"@type":"PropertyValueSpecification","valueRequired":true,"valueName":"search_term_string"}}],"inLanguage":"fr-FR"},{"@type":"Organization","@id":"https:\/\/www.lraloeverashop.eu\/fr\/#organization","name":"Boutique Lr Aloe Vera","alternateName":"LR","url":"https:\/\/www.lraloeverashop.eu\/fr\/","logo":{"@type":"ImageObject","inLanguage":"fr-FR","@id":"https:\/\/www.lraloeverashop.eu\/fr\/#\/schema\/logo\/image\/","url":"https:\/\/www.lraloeverashop.eu\/wp-content\/uploads\/2022\/09\/cropped-Lr-Aloe-Vera-Shop.jpg","contentUrl":"https:\/\/www.lraloeverashop.eu\/wp-content\/uploads\/2022\/09\/cropped-Lr-Aloe-Vera-Shop.jpg","width":228,"height":76,"caption":"Boutique Lr Aloe Vera"},"image":{"@id":"https:\/\/www.lraloeverashop.eu\/fr\/#\/schema\/logo\/image\/"},"sameAs":["https:\/\/www.facebook.com\/lraloeverashop.eu","https:\/\/x.com\/natur__kosmetik","https:\/\/www.youtube.com\/channel\/UC5oN7BJ8nfYb8RpVtjwDEBA","https:\/\/www.instagram.com\/lrbeautyeu\/"],"description":"La boutique LR Aloe Vera est votre destination de confiance pour les produits de sant\u00e9 et de beaut\u00e9 haut de gamme LR, fabriqu\u00e9s en Allemagne. Nous proposons des soins de la peau, des compl\u00e9ments nutritionnels et des solutions anti-\u00e2ge \u00e0 l'aloe vera de haute qualit\u00e9, \u00e9labor\u00e9s \u00e0 partir d'ingr\u00e9dients purs et valid\u00e9s par la recherche scientifique. D\u00e9couvrez des soins naturels qui r\u00e9g\u00e9n\u00e8rent, prot\u00e8gent et revitalisent votre peau, et profitez d'offres mensuelles exclusives sur nos produits LR Aloe Vera les plus vendus.\n\nCommencez d\u00e8s aujourd'hui votre parcours vers des soins naturels et constatez la diff\u00e9rence.","email":"info@lraloeverashop.eu","telephone":"+49 17670609653","legalName":"Lr Aloe Vera Shop","foundingDate":"2018-04-21","numberOfEmployees":{"@type":"QuantitativeValue","minValue":"1","maxValue":"10"}}]},"product_price_amount":"45.49","product_price_currency":"EUR","og_availability":"out of stock","product_availability":"out of stock","product_retailer_item_id":"28235FR","product_condition":"new"},"taxonomy_info":{"product_cat":[{"value":278,"label":"Femmes de plus de 40 ans"},{"value":327,"label":"Produits anti-\u00e2ge"},{"value":386,"label":"Serox"},{"value":266,"label":"Soins anti-\u00e2ge"}],"product_tag":[{"value":699,"label":"pour les rides sous les yeux"}]},"featured_image_src_large":["https:\/\/www.lraloeverashop.eu\/wp-content\/uploads\/2022\/10\/Serox-Eye-Pads-1024x1024.jpg",1024,1024,true],"author_info":[],"comment_info":0,"_links":{"self":[{"href":"https:\/\/www.lraloeverashop.eu\/fr\/wp-json\/wp\/v2\/product\/8350","targetHints":{"allow":["GET"]}}],"collection":[{"href":"https:\/\/www.lraloeverashop.eu\/fr\/wp-json\/wp\/v2\/product"}],"about":[{"href":"https:\/\/www.lraloeverashop.eu\/fr\/wp-json\/wp\/v2\/types\/product"}],"replies":[{"embeddable":true,"href":"https:\/\/www.lraloeverashop.eu\/fr\/wp-json\/wp\/v2\/comments?post=8350"}],"wp:featuredmedia":[{"embeddable":true,"href":"https:\/\/www.lraloeverashop.eu\/fr\/wp-json\/wp\/v2\/media\/5844"}],"wp:attachment":[{"href":"https:\/\/www.lraloeverashop.eu\/fr\/wp-json\/wp\/v2\/media?parent=8350"}],"wp:term":[{"taxonomy":"product_brand","embeddable":true,"href":"https:\/\/www.lraloeverashop.eu\/fr\/wp-json\/wp\/v2\/product_brand?post=8350"},{"taxonomy":"product_cat","embeddable":true,"href":"https:\/\/www.lraloeverashop.eu\/fr\/wp-json\/wp\/v2\/product_cat?post=8350"},{"taxonomy":"product_tag","embeddable":true,"href":"https:\/\/www.lraloeverashop.eu\/fr\/wp-json\/wp\/v2\/product_tag?post=8350"}],"curies":[{"name":"wp","href":"https:\/\/api.w.org\/{rel}","templated":true}]}}