{"id":8348,"date":"2022-10-20T06:47:50","date_gmt":"2022-10-20T04:47:50","guid":{"rendered":"https:\/\/www.lraloeverashop.eu\/product\/zeitgard-beauty-diamonds-huile-visage\/"},"modified":"2026-02-02T19:22:04","modified_gmt":"2026-02-02T18:22:04","slug":"zeitgard-beauty-diamonds-huile-visage","status":"publish","type":"product","link":"https:\/\/www.lraloeverashop.eu\/fr\/produit\/zeitgard-beauty-diamonds-huile-visage\/","title":{"rendered":"Huile Visage Beauty Diamonds"},"content":{"rendered":"<h2><span style=\"font-size: 16pt;\"><strong>Huile Visage Beauty Diamonds<\/strong><\/span><\/h2>\n<p><span style=\"font-size: 14pt;\"><strong>Huile Visage Beauty Diamonds &#8211; Soin intensif anti-\u00e2ge pour le visage 3 en 1<\/strong><\/span><\/p>\n<p>Pour les femmes qui veulent faire quelque chose de vraiment bien pour la peau s\u00e8che de leur visage. Mais m\u00eame les peaux matures et celles qui souffrent de l&rsquo;hiver ont besoin d&rsquo;attention : offrez-vous une peau souple et velout\u00e9e. L&rsquo;heure est venue de retrouver le charisme de la jeunesse!<\/p>\n<p>En raison des influences environnementales, notre peau est particuli\u00e8rement sollicit\u00e9e. Dans les mois d&rsquo;hiver vient alors encore le froid et l&rsquo;air de chauffage ajout\u00e9. Souvent, la peau se sent <a href=\"https:\/\/www.lraloeverashop.eu\/fr\/produit\/serum-visage-vitamine-c\/\">faible et s\u00e8che<\/a> et le teint est p\u00e2le. En raison des influences ext\u00e9rieures, la peau perd son humidit\u00e9 et les rides peuvent se d\u00e9velopper plus rapidement.<\/p>\n<p>Un soin de jour normal n&rsquo;est souvent pas suffisant pour garder la peau souple et pr\u00e9venir les rides. La peau mature a surtout besoin d&rsquo;un soutien pour r\u00e9sister aux difficult\u00e9s quotidiennes. Huile Visage Beauty Diamonds est un <a href=\"https:\/\/www.lraloeverashop.eu\/fr\/produit\/beauty-diamonds-creme-de-jour-anti-age\/\">soin intensif anti-\u00e2ge<\/a> pour le visage et le partenaire id\u00e9al \u00e0 vos c\u00f4t\u00e9s.<\/p>\n<p>La combinaison innovante de 6 huiles pr\u00e9cieuses d&rsquo;origine naturelle et de vitamines s\u00e9lectionn\u00e9es r\u00e9g\u00e9n\u00e8re les peaux s\u00e8ches, fragiles et affaiblies et leur donne un \u00e9clat de jeunesse.<\/p>\n<p>Les huiles qui agissent en profondeur <a href=\"https:\/\/www.lraloeverashop.eu\/fr\/produit\/beauty-diamonds-creme-de-nuit-anti-age\/\">nourrissent intens\u00e9ment la peau<\/a> et emp\u00eachent la perte d&rsquo;humidit\u00e9 gr\u00e2ce \u00e0 une barri\u00e8re lipidique renforc\u00e9e. La peau est ainsi repulp\u00e9e, souple et douce comme du velours. Les vitamines A, E et F apportent des nutriments \u00e0 la peau.<\/p>\n<p>Elles donnent \u00e0 la peau un aspect plus jeune et favorisent sa r\u00e9g\u00e9n\u00e9ration. La peau para\u00eet plus lisse, plus ferme et plus jeune. Les huiles riches utilis\u00e9es pour adoucir la rugosit\u00e9 des <a href=\"https:\/\/www.lraloeverashop.eu\/fr\/produit\/zeitgard-pro-set-de-soin-de-la-peau\/\">peaux s\u00e8ches<\/a> et donner un teint jeune, \u00e9clatant et uniforme, sans briller.<\/p>\n<p><strong>Ce produit vous offre trois grands usages:<\/strong><\/p>\n<p><strong>Huile Visage anti-\u00e2ge<\/strong><br \/>\nLe soin de base id\u00e9al pour un teint \u00e9clatant. Juste apr\u00e8s le nettoyage, appliquer 3 \u00e0 5 gouttes le matin ou le soir. Appliquez ensuite le soin quotidien LR.<\/p>\n<p><strong>Huile anti-\u00e2ge boost<\/strong><br \/>\nUn soin-plus riche pour une peau souple et tendre. Appliquez quelques gouttes de Huile Visage sur la cr\u00e8me de jour ou de nuit dans la main, m\u00e9langez le tout et appliquez sur le visage.<\/p>\n<p><strong>Masque \u00e0 l&rsquo;huile anti-\u00e2ge<\/strong><br \/>\nLe soin r\u00e9g\u00e9n\u00e9rant intensif et riche pour une peau lisse et ferme.<\/p>\n<p>&nbsp;<\/p>\n<h3><span style=\"font-size: 16pt;\"><strong>Comment Utiliser<\/strong><\/span><\/h3>\n<p>R\u00e9partissez g\u00e9n\u00e9reusement environ 10 gouttes d&rsquo;huile jeunesse radieuse Beauty Diamonds sur le visage, le cou et le d\u00e9collet\u00e9. Laissez agir pendant 10 minutes, puis massez et retirez ensuite la texture restante.<\/p>\n<p>Un merveilleux soutien \u00e9galement en combinaison directe avec l&rsquo;huile est la cr\u00e8me de jour et de nuit de Beauty Diamonds.<\/p>\n<p>&nbsp;<\/p>\n<h4><span style=\"font-size: 16pt;\"><strong>Le saviez-vous?<\/strong><\/span><\/h4>\n<p>En raison de leurs merveilleuses propri\u00e9t\u00e9s, les huiles sont un \u00e9l\u00e9ment indispensable des cosm\u00e9tiques. Les diff\u00e9rentes huiles prot\u00e8gent notre peau, sont nourrissantes, constituent une barri\u00e8re protectrice et <a href=\"https:\/\/www.lraloeverashop.eu\/fr\/produit\/serum-visage-aloe-vera-cbd\/\">maintiennent l&rsquo;hydratation<\/a>.<\/p>\n<p>Combin\u00e9es, elles permettent d&rsquo;obtenir des produits de soins \u00e9quilibr\u00e9s. Dans Huile Visage Beauty Diamonds, nous utilisons de l&rsquo;huile d&rsquo;amande, de l&rsquo;huile d&rsquo;argan, de l&rsquo;huile d&rsquo;avocat, de l&rsquo;huile de p\u00e9pins de raisin, de l&rsquo;huile de noix de macadamia et de l&rsquo;huile de jojoba.<\/p>\n","protected":false},"excerpt":{"rendered":"<ul>\n<li>Huile pour le visage \u00e0 base d&rsquo;huile d&rsquo;amande, d&rsquo;argan, d&rsquo;avocat, de p\u00e9pins de raisin, de macadamia et de jojoba.<\/li>\n<li>Nourrit et r\u00e9g\u00e9n\u00e8re la peau gr\u00e2ce aux vitamines A, E et F.<\/li>\n<li>Prot\u00e8ge contre la perte d&rsquo;humidit\u00e9<\/li>\n<li>Laisse la peau jeune gr\u00e2ce \u00e0 une riche combinaison d&rsquo;huiles<\/li>\n<li>95% des testeurs recommanderaient le produit \u00e0 leur petite amie<\/li>\n<li>Quantit\u00e9: 30 ml<\/li>\n<\/ul>\n<p style=\"text-align: left;\"><span style=\"color: #ff0000;\"><a style=\"color: #ff0000;\" href=\"https:\/\/shop.lrworld.com\/openpao?PHP=0vFlt7jT938BEnBI3a6e9w%3D%3D\"><span style=\"font-size: 14pt;\"><strong>Inscrivez-vous et \u00e9conomisez 35% sur chaque commande<\/strong><\/span><\/a><\/span><\/p>\n","protected":false},"featured_media":5958,"comment_status":"open","ping_status":"closed","template":"","meta":{"_kad_blocks_custom_css":"","_kad_blocks_head_custom_js":"","_kad_blocks_body_custom_js":"","_kad_blocks_footer_custom_js":"","_kadence_starter_templates_imported_post":false,"_kad_post_transparent":"default","_kad_post_title":"","_kad_post_layout":"default","_kad_post_sidebar_id":"","_kad_post_content_style":"default","_kad_post_vertical_padding":"default","_kad_post_feature":"","_kad_post_feature_position":"","_kad_post_header":false,"_kad_post_footer":false,"_kad_post_classname":""},"product_brand":[],"product_cat":[362,278,327,266],"product_tag":[],"class_list":{"0":"post-8348","1":"product","2":"type-product","3":"status-publish","4":"has-post-thumbnail","6":"product_cat-beauty-diamonds-fr","7":"product_cat-femmes-de-plus-de-40-ans","8":"product_cat-produits-anti-age","9":"product_cat-soins-anti-age","11":"first","12":"instock","13":"taxable","14":"shipping-taxable","15":"purchasable","16":"product-type-simple","17":"entry","18":"content-bg","19":"loop-entry"},"yoast_head":"<!-- This site is optimized with the Yoast SEO Premium plugin v27.3 (Yoast SEO v27.3) - https:\/\/yoast.com\/product\/yoast-seo-premium-wordpress\/ -->\n<title>Huile Visage Beauty Diamonds - Soin intensif anti-\u00e2ge 3en1<\/title>\n<meta name=\"description\" content=\"Huile Visage Beauty Diamonds pour les femmes qui veulent faire quelque chose de vraiment bien pour la peau s\u00e8che de leur visage\" \/>\n<meta name=\"robots\" content=\"index, follow, max-snippet:-1, max-image-preview:large, max-video-preview:-1\" \/>\n<link rel=\"canonical\" href=\"https:\/\/www.lraloeverashop.eu\/fr\/produit\/zeitgard-beauty-diamonds-huile-visage\/\" \/>\n<meta property=\"og:locale\" content=\"fr_FR\" \/>\n<meta property=\"og:type\" content=\"article\" \/>\n<meta property=\"og:title\" content=\"Huile Visage Beauty Diamonds\" \/>\n<meta property=\"og:description\" content=\"Huile Visage Beauty Diamonds pour les femmes qui veulent faire quelque chose de vraiment bien pour la peau s\u00e8che de leur visage\" \/>\n<meta property=\"og:url\" content=\"https:\/\/www.lraloeverashop.eu\/fr\/produit\/zeitgard-beauty-diamonds-huile-visage\/\" \/>\n<meta property=\"og:site_name\" content=\"Boutique Lr Aloe Vera\" \/>\n<meta property=\"article:publisher\" content=\"https:\/\/www.facebook.com\/lraloeverashop.eu\" \/>\n<meta property=\"article:modified_time\" content=\"2026-02-02T18:22:04+00:00\" \/>\n<meta property=\"og:image\" content=\"https:\/\/www.lraloeverashop.eu\/wp-content\/uploads\/2022\/10\/Beauty-Diamonds-Radiant-Youth-Oil.jpg\" \/>\n\t<meta property=\"og:image:width\" content=\"1200\" \/>\n\t<meta property=\"og:image:height\" content=\"1200\" \/>\n\t<meta property=\"og:image:type\" content=\"image\/jpeg\" \/>\n<meta name=\"twitter:card\" content=\"summary_large_image\" \/>\n<meta name=\"twitter:site\" content=\"@natur__kosmetik\" \/>\n<script type=\"application\/ld+json\" class=\"yoast-schema-graph\">{\"@context\":\"https:\\\/\\\/schema.org\",\"@graph\":[{\"@type\":[\"WebPage\",\"ItemPage\"],\"@id\":\"https:\\\/\\\/www.lraloeverashop.eu\\\/fr\\\/produit\\\/zeitgard-beauty-diamonds-huile-visage\\\/\",\"url\":\"https:\\\/\\\/www.lraloeverashop.eu\\\/fr\\\/produit\\\/zeitgard-beauty-diamonds-huile-visage\\\/\",\"name\":\"Huile Visage Beauty Diamonds - Soin intensif anti-\u00e2ge 3en1\",\"isPartOf\":{\"@id\":\"https:\\\/\\\/www.lraloeverashop.eu\\\/fr\\\/#website\"},\"primaryImageOfPage\":{\"@id\":\"https:\\\/\\\/www.lraloeverashop.eu\\\/fr\\\/produit\\\/zeitgard-beauty-diamonds-huile-visage\\\/#primaryimage\"},\"image\":{\"@id\":\"https:\\\/\\\/www.lraloeverashop.eu\\\/fr\\\/produit\\\/zeitgard-beauty-diamonds-huile-visage\\\/#primaryimage\"},\"thumbnailUrl\":\"https:\\\/\\\/www.lraloeverashop.eu\\\/wp-content\\\/uploads\\\/2022\\\/10\\\/Beauty-Diamonds-Radiant-Youth-Oil.jpg\",\"datePublished\":\"2022-10-20T04:47:50+00:00\",\"dateModified\":\"2026-02-02T18:22:04+00:00\",\"description\":\"Huile Visage Beauty Diamonds pour les femmes qui veulent faire quelque chose de vraiment bien pour la peau s\u00e8che de leur visage\",\"breadcrumb\":{\"@id\":\"https:\\\/\\\/www.lraloeverashop.eu\\\/fr\\\/produit\\\/zeitgard-beauty-diamonds-huile-visage\\\/#breadcrumb\"},\"inLanguage\":\"fr-FR\",\"potentialAction\":[{\"@type\":\"ReadAction\",\"target\":[\"https:\\\/\\\/www.lraloeverashop.eu\\\/fr\\\/produit\\\/zeitgard-beauty-diamonds-huile-visage\\\/\"]}]},{\"@type\":\"ImageObject\",\"inLanguage\":\"fr-FR\",\"@id\":\"https:\\\/\\\/www.lraloeverashop.eu\\\/fr\\\/produit\\\/zeitgard-beauty-diamonds-huile-visage\\\/#primaryimage\",\"url\":\"https:\\\/\\\/www.lraloeverashop.eu\\\/wp-content\\\/uploads\\\/2022\\\/10\\\/Beauty-Diamonds-Radiant-Youth-Oil.jpg\",\"contentUrl\":\"https:\\\/\\\/www.lraloeverashop.eu\\\/wp-content\\\/uploads\\\/2022\\\/10\\\/Beauty-Diamonds-Radiant-Youth-Oil.jpg\",\"width\":1200,\"height\":1200,\"caption\":\"Huile de jeunesse radieuse Beauty Diamonds\"},{\"@type\":\"BreadcrumbList\",\"@id\":\"https:\\\/\\\/www.lraloeverashop.eu\\\/fr\\\/produit\\\/zeitgard-beauty-diamonds-huile-visage\\\/#breadcrumb\",\"itemListElement\":[{\"@type\":\"ListItem\",\"position\":1,\"name\":\"Home\",\"item\":\"https:\\\/\\\/www.lraloeverashop.eu\\\/fr\\\/\"},{\"@type\":\"ListItem\",\"position\":2,\"name\":\"Boutique\",\"item\":\"https:\\\/\\\/www.lraloeverashop.eu\\\/fr\\\/boutique\\\/\"},{\"@type\":\"ListItem\",\"position\":3,\"name\":\"Huile Visage Beauty Diamonds\"}]},{\"@type\":\"WebSite\",\"@id\":\"https:\\\/\\\/www.lraloeverashop.eu\\\/fr\\\/#website\",\"url\":\"https:\\\/\\\/www.lraloeverashop.eu\\\/fr\\\/\",\"name\":\"Boutique Lr Aloe Vera\",\"description\":\"High Quality Lr Aloe Vera Gel, Aloe Vera Cream and Shampoo\",\"publisher\":{\"@id\":\"https:\\\/\\\/www.lraloeverashop.eu\\\/fr\\\/#organization\"},\"potentialAction\":[{\"@type\":\"SearchAction\",\"target\":{\"@type\":\"EntryPoint\",\"urlTemplate\":\"https:\\\/\\\/www.lraloeverashop.eu\\\/fr\\\/?s={search_term_string}\"},\"query-input\":{\"@type\":\"PropertyValueSpecification\",\"valueRequired\":true,\"valueName\":\"search_term_string\"}}],\"inLanguage\":\"fr-FR\"},{\"@type\":\"Organization\",\"@id\":\"https:\\\/\\\/www.lraloeverashop.eu\\\/fr\\\/#organization\",\"name\":\"Boutique Lr Aloe Vera\",\"alternateName\":\"LR\",\"url\":\"https:\\\/\\\/www.lraloeverashop.eu\\\/fr\\\/\",\"logo\":{\"@type\":\"ImageObject\",\"inLanguage\":\"fr-FR\",\"@id\":\"https:\\\/\\\/www.lraloeverashop.eu\\\/fr\\\/#\\\/schema\\\/logo\\\/image\\\/\",\"url\":\"https:\\\/\\\/www.lraloeverashop.eu\\\/wp-content\\\/uploads\\\/2022\\\/09\\\/cropped-Lr-Aloe-Vera-Shop.jpg\",\"contentUrl\":\"https:\\\/\\\/www.lraloeverashop.eu\\\/wp-content\\\/uploads\\\/2022\\\/09\\\/cropped-Lr-Aloe-Vera-Shop.jpg\",\"width\":228,\"height\":76,\"caption\":\"Boutique Lr Aloe Vera\"},\"image\":{\"@id\":\"https:\\\/\\\/www.lraloeverashop.eu\\\/fr\\\/#\\\/schema\\\/logo\\\/image\\\/\"},\"sameAs\":[\"https:\\\/\\\/www.facebook.com\\\/lraloeverashop.eu\",\"https:\\\/\\\/x.com\\\/natur__kosmetik\",\"https:\\\/\\\/www.youtube.com\\\/channel\\\/UC5oN7BJ8nfYb8RpVtjwDEBA\",\"https:\\\/\\\/www.instagram.com\\\/lrbeautyeu\\\/\"]}]}<\/script>\n<meta property=\"product:price:amount\" content=\"48.59\" \/>\n<meta property=\"product:price:currency\" content=\"EUR\" \/>\n<meta property=\"og:availability\" content=\"instock\" \/>\n<meta property=\"product:availability\" content=\"instock\" \/>\n<meta property=\"product:retailer_item_id\" content=\"28314-1FR\" \/>\n<meta property=\"product:condition\" content=\"new\" \/>\n<!-- \/ Yoast SEO Premium plugin. -->","yoast_head_json":{"title":"Huile Visage Beauty Diamonds - Soin intensif anti-\u00e2ge 3en1","description":"Huile Visage Beauty Diamonds pour les femmes qui veulent faire quelque chose de vraiment bien pour la peau s\u00e8che de leur visage","robots":{"index":"index","follow":"follow","max-snippet":"max-snippet:-1","max-image-preview":"max-image-preview:large","max-video-preview":"max-video-preview:-1"},"canonical":"https:\/\/www.lraloeverashop.eu\/fr\/produit\/zeitgard-beauty-diamonds-huile-visage\/","og_locale":"fr_FR","og_type":"article","og_title":"Huile Visage Beauty Diamonds","og_description":"Huile Visage Beauty Diamonds pour les femmes qui veulent faire quelque chose de vraiment bien pour la peau s\u00e8che de leur visage","og_url":"https:\/\/www.lraloeverashop.eu\/fr\/produit\/zeitgard-beauty-diamonds-huile-visage\/","og_site_name":"Boutique Lr Aloe Vera","article_publisher":"https:\/\/www.facebook.com\/lraloeverashop.eu","article_modified_time":"2026-02-02T18:22:04+00:00","og_image":[{"width":1200,"height":1200,"url":"https:\/\/www.lraloeverashop.eu\/wp-content\/uploads\/2022\/10\/Beauty-Diamonds-Radiant-Youth-Oil.jpg","type":"image\/jpeg"}],"twitter_card":"summary_large_image","twitter_site":"@natur__kosmetik","schema":{"@context":"https:\/\/schema.org","@graph":[{"@type":["WebPage","ItemPage"],"@id":"https:\/\/www.lraloeverashop.eu\/fr\/produit\/zeitgard-beauty-diamonds-huile-visage\/","url":"https:\/\/www.lraloeverashop.eu\/fr\/produit\/zeitgard-beauty-diamonds-huile-visage\/","name":"Huile Visage Beauty Diamonds - Soin intensif anti-\u00e2ge 3en1","isPartOf":{"@id":"https:\/\/www.lraloeverashop.eu\/fr\/#website"},"primaryImageOfPage":{"@id":"https:\/\/www.lraloeverashop.eu\/fr\/produit\/zeitgard-beauty-diamonds-huile-visage\/#primaryimage"},"image":{"@id":"https:\/\/www.lraloeverashop.eu\/fr\/produit\/zeitgard-beauty-diamonds-huile-visage\/#primaryimage"},"thumbnailUrl":"https:\/\/www.lraloeverashop.eu\/wp-content\/uploads\/2022\/10\/Beauty-Diamonds-Radiant-Youth-Oil.jpg","datePublished":"2022-10-20T04:47:50+00:00","dateModified":"2026-02-02T18:22:04+00:00","description":"Huile Visage Beauty Diamonds pour les femmes qui veulent faire quelque chose de vraiment bien pour la peau s\u00e8che de leur visage","breadcrumb":{"@id":"https:\/\/www.lraloeverashop.eu\/fr\/produit\/zeitgard-beauty-diamonds-huile-visage\/#breadcrumb"},"inLanguage":"fr-FR","potentialAction":[{"@type":"ReadAction","target":["https:\/\/www.lraloeverashop.eu\/fr\/produit\/zeitgard-beauty-diamonds-huile-visage\/"]}]},{"@type":"ImageObject","inLanguage":"fr-FR","@id":"https:\/\/www.lraloeverashop.eu\/fr\/produit\/zeitgard-beauty-diamonds-huile-visage\/#primaryimage","url":"https:\/\/www.lraloeverashop.eu\/wp-content\/uploads\/2022\/10\/Beauty-Diamonds-Radiant-Youth-Oil.jpg","contentUrl":"https:\/\/www.lraloeverashop.eu\/wp-content\/uploads\/2022\/10\/Beauty-Diamonds-Radiant-Youth-Oil.jpg","width":1200,"height":1200,"caption":"Huile de jeunesse radieuse Beauty Diamonds"},{"@type":"BreadcrumbList","@id":"https:\/\/www.lraloeverashop.eu\/fr\/produit\/zeitgard-beauty-diamonds-huile-visage\/#breadcrumb","itemListElement":[{"@type":"ListItem","position":1,"name":"Home","item":"https:\/\/www.lraloeverashop.eu\/fr\/"},{"@type":"ListItem","position":2,"name":"Boutique","item":"https:\/\/www.lraloeverashop.eu\/fr\/boutique\/"},{"@type":"ListItem","position":3,"name":"Huile Visage Beauty Diamonds"}]},{"@type":"WebSite","@id":"https:\/\/www.lraloeverashop.eu\/fr\/#website","url":"https:\/\/www.lraloeverashop.eu\/fr\/","name":"Boutique Lr Aloe Vera","description":"High Quality Lr Aloe Vera Gel, Aloe Vera Cream and Shampoo","publisher":{"@id":"https:\/\/www.lraloeverashop.eu\/fr\/#organization"},"potentialAction":[{"@type":"SearchAction","target":{"@type":"EntryPoint","urlTemplate":"https:\/\/www.lraloeverashop.eu\/fr\/?s={search_term_string}"},"query-input":{"@type":"PropertyValueSpecification","valueRequired":true,"valueName":"search_term_string"}}],"inLanguage":"fr-FR"},{"@type":"Organization","@id":"https:\/\/www.lraloeverashop.eu\/fr\/#organization","name":"Boutique Lr Aloe Vera","alternateName":"LR","url":"https:\/\/www.lraloeverashop.eu\/fr\/","logo":{"@type":"ImageObject","inLanguage":"fr-FR","@id":"https:\/\/www.lraloeverashop.eu\/fr\/#\/schema\/logo\/image\/","url":"https:\/\/www.lraloeverashop.eu\/wp-content\/uploads\/2022\/09\/cropped-Lr-Aloe-Vera-Shop.jpg","contentUrl":"https:\/\/www.lraloeverashop.eu\/wp-content\/uploads\/2022\/09\/cropped-Lr-Aloe-Vera-Shop.jpg","width":228,"height":76,"caption":"Boutique Lr Aloe Vera"},"image":{"@id":"https:\/\/www.lraloeverashop.eu\/fr\/#\/schema\/logo\/image\/"},"sameAs":["https:\/\/www.facebook.com\/lraloeverashop.eu","https:\/\/x.com\/natur__kosmetik","https:\/\/www.youtube.com\/channel\/UC5oN7BJ8nfYb8RpVtjwDEBA","https:\/\/www.instagram.com\/lrbeautyeu\/"]}]},"product_price_amount":"48.59","product_price_currency":"EUR","og_availability":"instock","product_availability":"instock","product_retailer_item_id":"28314-1FR","product_condition":"new"},"taxonomy_info":{"product_cat":[{"value":362,"label":"Beauty Diamonds"},{"value":278,"label":"Femmes de plus de 40 ans"},{"value":327,"label":"Produits anti-\u00e2ge"},{"value":266,"label":"Soins anti-\u00e2ge"}]},"featured_image_src_large":["https:\/\/www.lraloeverashop.eu\/wp-content\/uploads\/2022\/10\/Beauty-Diamonds-Radiant-Youth-Oil-1024x1024.jpg",1024,1024,true],"author_info":[],"comment_info":1,"_links":{"self":[{"href":"https:\/\/www.lraloeverashop.eu\/fr\/wp-json\/wp\/v2\/product\/8348","targetHints":{"allow":["GET"]}}],"collection":[{"href":"https:\/\/www.lraloeverashop.eu\/fr\/wp-json\/wp\/v2\/product"}],"about":[{"href":"https:\/\/www.lraloeverashop.eu\/fr\/wp-json\/wp\/v2\/types\/product"}],"replies":[{"embeddable":true,"href":"https:\/\/www.lraloeverashop.eu\/fr\/wp-json\/wp\/v2\/comments?post=8348"}],"wp:featuredmedia":[{"embeddable":true,"href":"https:\/\/www.lraloeverashop.eu\/fr\/wp-json\/wp\/v2\/media\/5958"}],"wp:attachment":[{"href":"https:\/\/www.lraloeverashop.eu\/fr\/wp-json\/wp\/v2\/media?parent=8348"}],"wp:term":[{"taxonomy":"product_brand","embeddable":true,"href":"https:\/\/www.lraloeverashop.eu\/fr\/wp-json\/wp\/v2\/product_brand?post=8348"},{"taxonomy":"product_cat","embeddable":true,"href":"https:\/\/www.lraloeverashop.eu\/fr\/wp-json\/wp\/v2\/product_cat?post=8348"},{"taxonomy":"product_tag","embeddable":true,"href":"https:\/\/www.lraloeverashop.eu\/fr\/wp-json\/wp\/v2\/product_tag?post=8348"}],"curies":[{"name":"wp","href":"https:\/\/api.w.org\/{rel}","templated":true}]}}