{"id":8346,"date":"2022-10-20T07:28:09","date_gmt":"2022-10-20T05:28:09","guid":{"rendered":"https:\/\/www.lraloeverashop.eu\/product\/beauty-diamonds-creme-de-nuit-anti-age\/"},"modified":"2026-02-02T19:21:46","modified_gmt":"2026-02-02T18:21:46","slug":"beauty-diamonds-creme-de-nuit-anti-age","status":"publish","type":"product","link":"https:\/\/www.lraloeverashop.eu\/fr\/produit\/beauty-diamonds-creme-de-nuit-anti-age\/","title":{"rendered":"Beauty Diamonds Cr\u00e8me de Nuit Anti-\u00e2ge"},"content":{"rendered":"<h2><span style=\"font-size: 16pt;\"><strong>Beauty Diamonds Cr\u00e8me de Nuit Anti-\u00e2ge<\/strong><\/span><\/h2>\n<p><span style=\"font-size: 14pt;\"><strong>Beauty Diamonds Cr\u00e8me de Nuit Anti-\u00e2ge pour un teint radieux le matin.<\/strong><\/span><\/p>\n<p>Plus jeune et plus belle pendant que vous dormez : la Cr\u00e8me de Nuit Anti-\u00e2ge aide votre peau \u00e0 r\u00e9duire les signes visibles du <a href=\"https:\/\/www.lraloeverashop.eu\/fr\/produit\/creme-de-nuit-anti-age-nanogold\/\">vieillissement<\/a> pendant la nuit. Pendant votre sommeil, le m\u00e9canisme naturel de protection cellulaire de votre peau est stimul\u00e9 par un complexe synergique de deux peptides brevet\u00e9s (Replexium\u2122), pour que votre peau soit ferme, souple et douce le lendemain matin.<br \/>\nLes huiles de pistache et de p\u00e9pins de raisin sont particuli\u00e8rement riches en <a href=\"https:\/\/www.lraloeverashop.eu\/fr\/produit\/aloe-vera-creme-de-nuit\/\">acides gras essentiels<\/a> et polyinsatur\u00e9s et particuli\u00e8rement adapt\u00e9es aux peaux matures.<\/p>\n<p>La cr\u00e8me de nuit anti-\u00e2ge aide \u00e9galement \u00e0 d\u00e9finir les contours de votre visage et \u00e0 augmenter la densit\u00e9 et le volume de la peau, pour que vous puissiez vous regarder dans le miroir plein de vitalit\u00e9 le matin. Pour une peau nourrie et des contours du <a href=\"https:\/\/www.lraloeverashop.eu\/fr\/produit\/beauty-diamonds-creme-de-jour-anti-age\/\">visage<\/a> d\u00e9finis.<\/p>\n<p><strong>Pour les femmes&#8230;<\/strong> \u00e0 partir de 40 ans environ<br \/>\n&#8230; \u00e0 la peau s\u00e8che et exigeante<br \/>\n&#8230; qui privil\u00e9gient les soins de luxe<br \/>\n&#8230; qui veulent un grand charisme<br \/>\n&#8230; qui veulent r\u00e9duire les rides<br \/>\n&#8230; qui veulent plus d\u2019\u00e9lasticit\u00e9 de la peau<\/p>\n<p>La Beauty Diamonds Cr\u00e8me de Nuit Anti-\u00e2ge raffermit la peau d\u00e8s 40 ans et r\u00e9duit visiblement les <a href=\"https:\/\/www.lraloeverashop.eu\/fr\/produit\/racine-q10-energy-creme-de-nuit\/\">rides<\/a>. Bas\u00e9 sur les propri\u00e9t\u00e9s des diamants en combinaison avec des prot\u00e9ines, il assure un ralentissement du processus de vieillissement cutan\u00e9 et un renforcement du m\u00e9canisme de <a href=\"https:\/\/www.lraloeverashop.eu\/fr\/produit\/creme-jour-nuit-racine\/\">protection cellulaire<\/a>. Maintenant reformul\u00e9 avec le syst\u00e8me de transport d\u2019ingr\u00e9dients actifs innovant et un ingr\u00e9dient actif encapsul\u00e9 qui r\u00e9duit les rides et la profondeur des rides.<\/p>\n<p>Pour une efficacit\u00e9 maximale en combinaison avec Zeitgard Pro Kit Anti-Rides.<\/p>\n<p>&nbsp;<\/p>\n<h3><span style=\"font-size: 16pt;\"><strong>Comment Utiliser<\/strong><\/span><\/h3>\n<p><strong>\u00c9TAPE 1:<\/strong> Nettoyez la peau de votre visage avec de l\u2019eau ou Zeitgard Pro Set Nettoyant ou Zeitgard Pro Accessoire Peeling Visage.<\/p>\n<p><strong>\u00c9TAPE 2:<\/strong> Appliquez votre Beauty Diamonds Cr\u00e8me de Nuit Anti-\u00e2ge avec les mains ou \u00e0 l\u2019aide de Zeitgard Pro Kit Anti-Rides. Traitez les c\u00f4t\u00e9s gauche et droit du visage et le front pendant 30 secondes chacun. Faites attention aux mouvements circulaires de l\u2019int\u00e9rieur vers l\u2019ext\u00e9rieur et du bas vers le haut.<\/p>\n","protected":false},"excerpt":{"rendered":"<ul>\n<li>La formule de soin raffermissante et nourrissante<\/li>\n<li>Augmente la densit\u00e9 et le volume de la peau<\/li>\n<li>Stimule les m\u00e9canismes de protection cellulaire pour une peau ferme et souple<\/li>\n<li>Avec un syst\u00e8me innovant de transport de substances actives<\/li>\n<li>Utilisation recommand\u00e9e avec Zeitgard Pro Kit Anti-Rides<\/li>\n<li>Quantit\u00e9: 50 ml<\/li>\n<\/ul>\n<p style=\"text-align: left;\"><span style=\"color: #ff0000;\"><a style=\"color: #ff0000;\" href=\"https:\/\/shop.lrworld.com\/openpao?PHP=0vFlt7jT938BEnBI3a6e9w%3D%3D\"><span style=\"font-size: 14pt;\"><strong>Inscrivez-vous et \u00e9conomisez 35% sur chaque commande<\/strong><\/span><\/a><\/span><\/p>\n","protected":false},"featured_media":5976,"comment_status":"open","ping_status":"closed","template":"","meta":{"_kad_blocks_custom_css":"","_kad_blocks_head_custom_js":"","_kad_blocks_body_custom_js":"","_kad_blocks_footer_custom_js":"","_kadence_starter_templates_imported_post":false,"_kad_post_transparent":"default","_kad_post_title":"","_kad_post_layout":"default","_kad_post_sidebar_id":"","_kad_post_content_style":"default","_kad_post_vertical_padding":"default","_kad_post_feature":"","_kad_post_feature_position":"","_kad_post_header":false,"_kad_post_footer":false,"_kad_post_classname":""},"product_brand":[],"product_cat":[362,278,327,266],"product_tag":[698],"class_list":{"0":"post-8346","1":"product","2":"type-product","3":"status-publish","4":"has-post-thumbnail","6":"product_cat-beauty-diamonds-fr","7":"product_cat-femmes-de-plus-de-40-ans","8":"product_cat-produits-anti-age","9":"product_cat-soins-anti-age","10":"product_tag-pour-les-rides-du-visage","12":"first","13":"instock","14":"taxable","15":"shipping-taxable","16":"purchasable","17":"product-type-simple","18":"entry","19":"content-bg","20":"loop-entry"},"yoast_head":"<!-- This site is optimized with the Yoast SEO Premium plugin v27.3 (Yoast SEO v27.3) - https:\/\/yoast.com\/product\/yoast-seo-premium-wordpress\/ -->\n<title>Beauty Diamonds Cr\u00e8me de Nuit Anti-\u00e2ge pour r\u00e9duire les rides<\/title>\n<meta name=\"description\" content=\"Beauty Diamonds Cr\u00e8me de Nuit Anti-\u00e2ge soutient les m\u00e9canismes de r\u00e9g\u00e9n\u00e9ration de la peau, assurant un confort hydratant maximal et une peau\" \/>\n<meta name=\"robots\" content=\"index, follow, max-snippet:-1, max-image-preview:large, max-video-preview:-1\" \/>\n<link rel=\"canonical\" href=\"https:\/\/www.lraloeverashop.eu\/fr\/produit\/beauty-diamonds-creme-de-nuit-anti-age\/\" \/>\n<meta property=\"og:locale\" content=\"fr_FR\" \/>\n<meta property=\"og:type\" content=\"article\" \/>\n<meta property=\"og:title\" content=\"Beauty Diamonds Cr\u00e8me de Nuit Anti-\u00e2ge\" \/>\n<meta property=\"og:description\" content=\"Beauty Diamonds Cr\u00e8me de Nuit Anti-\u00e2ge soutient les m\u00e9canismes de r\u00e9g\u00e9n\u00e9ration de la peau, assurant un confort hydratant maximal et une peau\" \/>\n<meta property=\"og:url\" content=\"https:\/\/www.lraloeverashop.eu\/fr\/produit\/beauty-diamonds-creme-de-nuit-anti-age\/\" \/>\n<meta property=\"og:site_name\" content=\"Boutique Lr Aloe Vera\" \/>\n<meta property=\"article:publisher\" content=\"https:\/\/www.facebook.com\/lraloeverashop.eu\" \/>\n<meta property=\"article:modified_time\" content=\"2026-02-02T18:21:46+00:00\" \/>\n<meta property=\"og:image\" content=\"https:\/\/www.lraloeverashop.eu\/wp-content\/uploads\/2022\/10\/Beauty-Diamonds-Night-Cream.jpg\" \/>\n\t<meta property=\"og:image:width\" content=\"1200\" \/>\n\t<meta property=\"og:image:height\" content=\"1200\" \/>\n\t<meta property=\"og:image:type\" content=\"image\/jpeg\" \/>\n<meta name=\"twitter:card\" content=\"summary_large_image\" \/>\n<meta name=\"twitter:site\" content=\"@natur__kosmetik\" \/>\n<script type=\"application\/ld+json\" class=\"yoast-schema-graph\">{\"@context\":\"https:\\\/\\\/schema.org\",\"@graph\":[{\"@type\":[\"WebPage\",\"ItemPage\"],\"@id\":\"https:\\\/\\\/www.lraloeverashop.eu\\\/fr\\\/produit\\\/beauty-diamonds-creme-de-nuit-anti-age\\\/\",\"url\":\"https:\\\/\\\/www.lraloeverashop.eu\\\/fr\\\/produit\\\/beauty-diamonds-creme-de-nuit-anti-age\\\/\",\"name\":\"Beauty Diamonds Cr\u00e8me de Nuit Anti-\u00e2ge pour r\u00e9duire les rides\",\"isPartOf\":{\"@id\":\"https:\\\/\\\/www.lraloeverashop.eu\\\/fr\\\/#website\"},\"primaryImageOfPage\":{\"@id\":\"https:\\\/\\\/www.lraloeverashop.eu\\\/fr\\\/produit\\\/beauty-diamonds-creme-de-nuit-anti-age\\\/#primaryimage\"},\"image\":{\"@id\":\"https:\\\/\\\/www.lraloeverashop.eu\\\/fr\\\/produit\\\/beauty-diamonds-creme-de-nuit-anti-age\\\/#primaryimage\"},\"thumbnailUrl\":\"https:\\\/\\\/www.lraloeverashop.eu\\\/wp-content\\\/uploads\\\/2022\\\/10\\\/Beauty-Diamonds-Night-Cream.jpg\",\"datePublished\":\"2022-10-20T05:28:09+00:00\",\"dateModified\":\"2026-02-02T18:21:46+00:00\",\"description\":\"Beauty Diamonds Cr\u00e8me de Nuit Anti-\u00e2ge soutient les m\u00e9canismes de r\u00e9g\u00e9n\u00e9ration de la peau, assurant un confort hydratant maximal et une peau\",\"breadcrumb\":{\"@id\":\"https:\\\/\\\/www.lraloeverashop.eu\\\/fr\\\/produit\\\/beauty-diamonds-creme-de-nuit-anti-age\\\/#breadcrumb\"},\"inLanguage\":\"fr-FR\",\"potentialAction\":[{\"@type\":\"ReadAction\",\"target\":[\"https:\\\/\\\/www.lraloeverashop.eu\\\/fr\\\/produit\\\/beauty-diamonds-creme-de-nuit-anti-age\\\/\"]}]},{\"@type\":\"ImageObject\",\"inLanguage\":\"fr-FR\",\"@id\":\"https:\\\/\\\/www.lraloeverashop.eu\\\/fr\\\/produit\\\/beauty-diamonds-creme-de-nuit-anti-age\\\/#primaryimage\",\"url\":\"https:\\\/\\\/www.lraloeverashop.eu\\\/wp-content\\\/uploads\\\/2022\\\/10\\\/Beauty-Diamonds-Night-Cream.jpg\",\"contentUrl\":\"https:\\\/\\\/www.lraloeverashop.eu\\\/wp-content\\\/uploads\\\/2022\\\/10\\\/Beauty-Diamonds-Night-Cream.jpg\",\"width\":1200,\"height\":1200,\"caption\":\"Cr\u00e8me de nuit anti-\u00e2ge Beauty Diamonds\"},{\"@type\":\"BreadcrumbList\",\"@id\":\"https:\\\/\\\/www.lraloeverashop.eu\\\/fr\\\/produit\\\/beauty-diamonds-creme-de-nuit-anti-age\\\/#breadcrumb\",\"itemListElement\":[{\"@type\":\"ListItem\",\"position\":1,\"name\":\"Home\",\"item\":\"https:\\\/\\\/www.lraloeverashop.eu\\\/fr\\\/\"},{\"@type\":\"ListItem\",\"position\":2,\"name\":\"Boutique\",\"item\":\"https:\\\/\\\/www.lraloeverashop.eu\\\/fr\\\/boutique\\\/\"},{\"@type\":\"ListItem\",\"position\":3,\"name\":\"Beauty Diamonds Cr\u00e8me de Nuit Anti-\u00e2ge\"}]},{\"@type\":\"WebSite\",\"@id\":\"https:\\\/\\\/www.lraloeverashop.eu\\\/fr\\\/#website\",\"url\":\"https:\\\/\\\/www.lraloeverashop.eu\\\/fr\\\/\",\"name\":\"Boutique Lr Aloe Vera\",\"description\":\"High Quality Lr Aloe Vera Gel, Aloe Vera Cream and Shampoo\",\"publisher\":{\"@id\":\"https:\\\/\\\/www.lraloeverashop.eu\\\/fr\\\/#organization\"},\"potentialAction\":[{\"@type\":\"SearchAction\",\"target\":{\"@type\":\"EntryPoint\",\"urlTemplate\":\"https:\\\/\\\/www.lraloeverashop.eu\\\/fr\\\/?s={search_term_string}\"},\"query-input\":{\"@type\":\"PropertyValueSpecification\",\"valueRequired\":true,\"valueName\":\"search_term_string\"}}],\"inLanguage\":\"fr-FR\"},{\"@type\":\"Organization\",\"@id\":\"https:\\\/\\\/www.lraloeverashop.eu\\\/fr\\\/#organization\",\"name\":\"Boutique Lr Aloe Vera\",\"alternateName\":\"LR\",\"url\":\"https:\\\/\\\/www.lraloeverashop.eu\\\/fr\\\/\",\"logo\":{\"@type\":\"ImageObject\",\"inLanguage\":\"fr-FR\",\"@id\":\"https:\\\/\\\/www.lraloeverashop.eu\\\/fr\\\/#\\\/schema\\\/logo\\\/image\\\/\",\"url\":\"https:\\\/\\\/www.lraloeverashop.eu\\\/wp-content\\\/uploads\\\/2022\\\/09\\\/cropped-Lr-Aloe-Vera-Shop.jpg\",\"contentUrl\":\"https:\\\/\\\/www.lraloeverashop.eu\\\/wp-content\\\/uploads\\\/2022\\\/09\\\/cropped-Lr-Aloe-Vera-Shop.jpg\",\"width\":228,\"height\":76,\"caption\":\"Boutique Lr Aloe Vera\"},\"image\":{\"@id\":\"https:\\\/\\\/www.lraloeverashop.eu\\\/fr\\\/#\\\/schema\\\/logo\\\/image\\\/\"},\"sameAs\":[\"https:\\\/\\\/www.facebook.com\\\/lraloeverashop.eu\",\"https:\\\/\\\/x.com\\\/natur__kosmetik\",\"https:\\\/\\\/www.youtube.com\\\/channel\\\/UC5oN7BJ8nfYb8RpVtjwDEBA\",\"https:\\\/\\\/www.instagram.com\\\/lrbeautyeu\\\/\"]}]}<\/script>\n<meta property=\"product:price:amount\" content=\"53.79\" \/>\n<meta property=\"product:price:currency\" content=\"EUR\" \/>\n<meta property=\"og:availability\" content=\"instock\" \/>\n<meta property=\"product:availability\" content=\"instock\" \/>\n<meta property=\"product:retailer_item_id\" content=\"28318-101FR\" \/>\n<meta property=\"product:condition\" content=\"new\" \/>\n<!-- \/ Yoast SEO Premium plugin. -->","yoast_head_json":{"title":"Beauty Diamonds Cr\u00e8me de Nuit Anti-\u00e2ge pour r\u00e9duire les rides","description":"Beauty Diamonds Cr\u00e8me de Nuit Anti-\u00e2ge soutient les m\u00e9canismes de r\u00e9g\u00e9n\u00e9ration de la peau, assurant un confort hydratant maximal et une peau","robots":{"index":"index","follow":"follow","max-snippet":"max-snippet:-1","max-image-preview":"max-image-preview:large","max-video-preview":"max-video-preview:-1"},"canonical":"https:\/\/www.lraloeverashop.eu\/fr\/produit\/beauty-diamonds-creme-de-nuit-anti-age\/","og_locale":"fr_FR","og_type":"article","og_title":"Beauty Diamonds Cr\u00e8me de Nuit Anti-\u00e2ge","og_description":"Beauty Diamonds Cr\u00e8me de Nuit Anti-\u00e2ge soutient les m\u00e9canismes de r\u00e9g\u00e9n\u00e9ration de la peau, assurant un confort hydratant maximal et une peau","og_url":"https:\/\/www.lraloeverashop.eu\/fr\/produit\/beauty-diamonds-creme-de-nuit-anti-age\/","og_site_name":"Boutique Lr Aloe Vera","article_publisher":"https:\/\/www.facebook.com\/lraloeverashop.eu","article_modified_time":"2026-02-02T18:21:46+00:00","og_image":[{"width":1200,"height":1200,"url":"https:\/\/www.lraloeverashop.eu\/wp-content\/uploads\/2022\/10\/Beauty-Diamonds-Night-Cream.jpg","type":"image\/jpeg"}],"twitter_card":"summary_large_image","twitter_site":"@natur__kosmetik","schema":{"@context":"https:\/\/schema.org","@graph":[{"@type":["WebPage","ItemPage"],"@id":"https:\/\/www.lraloeverashop.eu\/fr\/produit\/beauty-diamonds-creme-de-nuit-anti-age\/","url":"https:\/\/www.lraloeverashop.eu\/fr\/produit\/beauty-diamonds-creme-de-nuit-anti-age\/","name":"Beauty Diamonds Cr\u00e8me de Nuit Anti-\u00e2ge pour r\u00e9duire les rides","isPartOf":{"@id":"https:\/\/www.lraloeverashop.eu\/fr\/#website"},"primaryImageOfPage":{"@id":"https:\/\/www.lraloeverashop.eu\/fr\/produit\/beauty-diamonds-creme-de-nuit-anti-age\/#primaryimage"},"image":{"@id":"https:\/\/www.lraloeverashop.eu\/fr\/produit\/beauty-diamonds-creme-de-nuit-anti-age\/#primaryimage"},"thumbnailUrl":"https:\/\/www.lraloeverashop.eu\/wp-content\/uploads\/2022\/10\/Beauty-Diamonds-Night-Cream.jpg","datePublished":"2022-10-20T05:28:09+00:00","dateModified":"2026-02-02T18:21:46+00:00","description":"Beauty Diamonds Cr\u00e8me de Nuit Anti-\u00e2ge soutient les m\u00e9canismes de r\u00e9g\u00e9n\u00e9ration de la peau, assurant un confort hydratant maximal et une peau","breadcrumb":{"@id":"https:\/\/www.lraloeverashop.eu\/fr\/produit\/beauty-diamonds-creme-de-nuit-anti-age\/#breadcrumb"},"inLanguage":"fr-FR","potentialAction":[{"@type":"ReadAction","target":["https:\/\/www.lraloeverashop.eu\/fr\/produit\/beauty-diamonds-creme-de-nuit-anti-age\/"]}]},{"@type":"ImageObject","inLanguage":"fr-FR","@id":"https:\/\/www.lraloeverashop.eu\/fr\/produit\/beauty-diamonds-creme-de-nuit-anti-age\/#primaryimage","url":"https:\/\/www.lraloeverashop.eu\/wp-content\/uploads\/2022\/10\/Beauty-Diamonds-Night-Cream.jpg","contentUrl":"https:\/\/www.lraloeverashop.eu\/wp-content\/uploads\/2022\/10\/Beauty-Diamonds-Night-Cream.jpg","width":1200,"height":1200,"caption":"Cr\u00e8me de nuit anti-\u00e2ge Beauty Diamonds"},{"@type":"BreadcrumbList","@id":"https:\/\/www.lraloeverashop.eu\/fr\/produit\/beauty-diamonds-creme-de-nuit-anti-age\/#breadcrumb","itemListElement":[{"@type":"ListItem","position":1,"name":"Home","item":"https:\/\/www.lraloeverashop.eu\/fr\/"},{"@type":"ListItem","position":2,"name":"Boutique","item":"https:\/\/www.lraloeverashop.eu\/fr\/boutique\/"},{"@type":"ListItem","position":3,"name":"Beauty Diamonds Cr\u00e8me de Nuit Anti-\u00e2ge"}]},{"@type":"WebSite","@id":"https:\/\/www.lraloeverashop.eu\/fr\/#website","url":"https:\/\/www.lraloeverashop.eu\/fr\/","name":"Boutique Lr Aloe Vera","description":"High Quality Lr Aloe Vera Gel, Aloe Vera Cream and Shampoo","publisher":{"@id":"https:\/\/www.lraloeverashop.eu\/fr\/#organization"},"potentialAction":[{"@type":"SearchAction","target":{"@type":"EntryPoint","urlTemplate":"https:\/\/www.lraloeverashop.eu\/fr\/?s={search_term_string}"},"query-input":{"@type":"PropertyValueSpecification","valueRequired":true,"valueName":"search_term_string"}}],"inLanguage":"fr-FR"},{"@type":"Organization","@id":"https:\/\/www.lraloeverashop.eu\/fr\/#organization","name":"Boutique Lr Aloe Vera","alternateName":"LR","url":"https:\/\/www.lraloeverashop.eu\/fr\/","logo":{"@type":"ImageObject","inLanguage":"fr-FR","@id":"https:\/\/www.lraloeverashop.eu\/fr\/#\/schema\/logo\/image\/","url":"https:\/\/www.lraloeverashop.eu\/wp-content\/uploads\/2022\/09\/cropped-Lr-Aloe-Vera-Shop.jpg","contentUrl":"https:\/\/www.lraloeverashop.eu\/wp-content\/uploads\/2022\/09\/cropped-Lr-Aloe-Vera-Shop.jpg","width":228,"height":76,"caption":"Boutique Lr Aloe Vera"},"image":{"@id":"https:\/\/www.lraloeverashop.eu\/fr\/#\/schema\/logo\/image\/"},"sameAs":["https:\/\/www.facebook.com\/lraloeverashop.eu","https:\/\/x.com\/natur__kosmetik","https:\/\/www.youtube.com\/channel\/UC5oN7BJ8nfYb8RpVtjwDEBA","https:\/\/www.instagram.com\/lrbeautyeu\/"]}]},"product_price_amount":"53.79","product_price_currency":"EUR","og_availability":"instock","product_availability":"instock","product_retailer_item_id":"28318-101FR","product_condition":"new"},"taxonomy_info":{"product_cat":[{"value":362,"label":"Beauty Diamonds"},{"value":278,"label":"Femmes de plus de 40 ans"},{"value":327,"label":"Produits anti-\u00e2ge"},{"value":266,"label":"Soins anti-\u00e2ge"}],"product_tag":[{"value":698,"label":"pour les rides du visage"}]},"featured_image_src_large":["https:\/\/www.lraloeverashop.eu\/wp-content\/uploads\/2022\/10\/Beauty-Diamonds-Night-Cream-1024x1024.jpg",1024,1024,true],"author_info":[],"comment_info":0,"_links":{"self":[{"href":"https:\/\/www.lraloeverashop.eu\/fr\/wp-json\/wp\/v2\/product\/8346","targetHints":{"allow":["GET"]}}],"collection":[{"href":"https:\/\/www.lraloeverashop.eu\/fr\/wp-json\/wp\/v2\/product"}],"about":[{"href":"https:\/\/www.lraloeverashop.eu\/fr\/wp-json\/wp\/v2\/types\/product"}],"replies":[{"embeddable":true,"href":"https:\/\/www.lraloeverashop.eu\/fr\/wp-json\/wp\/v2\/comments?post=8346"}],"wp:featuredmedia":[{"embeddable":true,"href":"https:\/\/www.lraloeverashop.eu\/fr\/wp-json\/wp\/v2\/media\/5976"}],"wp:attachment":[{"href":"https:\/\/www.lraloeverashop.eu\/fr\/wp-json\/wp\/v2\/media?parent=8346"}],"wp:term":[{"taxonomy":"product_brand","embeddable":true,"href":"https:\/\/www.lraloeverashop.eu\/fr\/wp-json\/wp\/v2\/product_brand?post=8346"},{"taxonomy":"product_cat","embeddable":true,"href":"https:\/\/www.lraloeverashop.eu\/fr\/wp-json\/wp\/v2\/product_cat?post=8346"},{"taxonomy":"product_tag","embeddable":true,"href":"https:\/\/www.lraloeverashop.eu\/fr\/wp-json\/wp\/v2\/product_tag?post=8346"}],"curies":[{"name":"wp","href":"https:\/\/api.w.org\/{rel}","templated":true}]}}