{"id":8339,"date":"2022-10-20T12:26:37","date_gmt":"2022-10-20T10:26:37","guid":{"rendered":"https:\/\/www.lraloeverashop.eu\/product\/platinum-creme-anti-age-pour-hommes\/"},"modified":"2026-02-02T19:20:50","modified_gmt":"2026-02-02T18:20:50","slug":"platinum-creme-anti-age-pour-hommes","status":"publish","type":"product","link":"https:\/\/www.lraloeverashop.eu\/fr\/produit\/platinum-creme-anti-age-pour-hommes\/","title":{"rendered":"Cr\u00e8me Anti-\u00e2ge Homme Platinum"},"content":{"rendered":"<h2><span style=\"font-size: 16pt;\"><strong>Cr\u00e8me Anti-\u00e2ge Homme Platinum<\/strong><\/span><\/h2>\n<p><span style=\"font-size: 14pt;\"><strong>Cr\u00e8me Anti-\u00e2ge Homme Platinum pour plus d&#8217;\u00e9nergie et de rajeunissement<\/strong><\/span><\/p>\n<p>Cr\u00e8me Anti-\u00e2ge Homme Platinum p\u00e9n\u00e8tre rapidement et offre plus d&#8217;\u00e9nergie, de rajeunissement et d&#8217;\u00e9clat \u00e0 la peau, gr\u00e2ce \u00e0 son action hydratante. Le syst\u00e8me de transport des ingr\u00e9dients actifs augmente la production d&#8217;acide hyaluronique et prot\u00e8ge les cellules. La combinaison Platinum d&#8217;ingr\u00e9dients actifs augmente la production de collag\u00e8ne, <a href=\"https:\/\/www.lraloeverashop.eu\/fr\/produit\/aloe-vera-set-pour-homme-iii\/\">hydrate intens\u00e9ment<\/a> et r\u00e9duit la profondeur des rides.<\/p>\n<p>Cr\u00e8me Anti-\u00e2ge Homme contient un extrait de bact\u00e9ries d\u00e9riv\u00e9es de l&#8217;eau des glaciers suisses, qui r\u00e9duit la profondeur des rides. <a href=\"https:\/\/www.lraloeverashop.eu\/fr\/produit\/aloe-vera-set-pour-homme-i\/\">L&#8217;huile de jojoba<\/a> a des propri\u00e9t\u00e9s hydratantes et nourrissantes, tandis que la vitamine E pr\u00e9vient la formation de nouvelles rides. La provitamine B5 (panth\u00e9nol) augmente le niveau d&#8217;hydratation et favorise la production de cellules cutan\u00e9es. Avec une combinaison de peptides qui augmentent la production <a href=\"https:\/\/www.lraloeverashop.eu\/fr\/produit\/box-beaute-homme-5en1\/\">d&#8217;acide hyaluronique<\/a> et r\u00e9duisent les rides.<\/p>\n<p><strong>Pour hommes\u2026<\/strong><br \/>\n&#8230; \u00e0 partir de 25 ans<br \/>\n&#8230; avec une peau s\u00e8che et exigeante<br \/>\n&#8230; mettre l&#8217;accent sur les soins de luxe<br \/>\n&#8230; veulent r\u00e9duire les rides<br \/>\n&#8230; qui veulent plus d&#8217;\u00e9lasticit\u00e9 de la peau<\/p>\n<p>Pour une efficacit\u00e9 maximale en combinaison avec Zeitgard Pro accessoire anti-\u00e2ge<\/p>\n<p>&nbsp;<\/p>\n<h3><span style=\"font-size: 16pt;\"><strong>Comment utiliser<\/strong><\/span><\/h3>\n<p>\u00c9tape 1: Nettoyez votre visage \u00e0 l&#8217;eau ou avec le Zeitgard Pro Kit Nettoyant Visage ou Accessoire Peeling Visage<\/p>\n<p>\u00c9tape 2: Appliquez la Cr\u00e8me Anti-\u00e2ge Homme Platinum et \u00e9talez-la \u00e0 la main ou avec Zeitgard Pro Kit Anti-Rides, 30 secondes pour chaque c\u00f4t\u00e9 du visage. Faites glisser l&#8217;outil en mouvements circulaires de l&#8217;int\u00e9rieur vers l&#8217;ext\u00e9rieur et de bas en haut.<\/p>\n<p>Conseil: avant d&#8217;appliquer Platinum, appliquez Blue Light Defender pour prot\u00e9ger efficacement la peau du vieillissement caus\u00e9 par l&#8217;exposition \u00e0 la lumi\u00e8re bleue !<\/p>\n","protected":false},"excerpt":{"rendered":"<ul>\n<li>Cr\u00e8me tout-en-un pour homme<\/li>\n<li>Avec une action hydratante, pour plus d&#8217;\u00e9nergie et de rajeunissement<\/li>\n<li>Augmente la production de collag\u00e8ne et r\u00e9duit la profondeur des rides<\/li>\n<li>Avec de la vitamine E qui am\u00e9liore le volume de la peau<\/li>\n<li>Utilisation recommand\u00e9e avec Zeitgard Pro Kit Anti-Rides<\/li>\n<li>Quantit\u00e9: 30 ml<\/li>\n<\/ul>\n<p style=\"text-align: left;\"><span style=\"color: #ff0000;\"><a style=\"color: #ff0000;\" href=\"https:\/\/shop.lrworld.com\/openpao?PHP=0vFlt7jT938BEnBI3a6e9w%3D%3D\"><span style=\"font-size: 14pt;\"><strong>Inscrivez-vous et \u00e9conomisez 35% sur chaque commande<\/strong><\/span><\/a><\/span><\/p>\n","protected":false},"featured_media":5922,"comment_status":"open","ping_status":"closed","template":"","meta":{"_kad_blocks_custom_css":"","_kad_blocks_head_custom_js":"","_kad_blocks_body_custom_js":"","_kad_blocks_footer_custom_js":"","_kadence_starter_templates_imported_post":false,"_kad_post_transparent":"default","_kad_post_title":"","_kad_post_layout":"default","_kad_post_sidebar_id":"","_kad_post_content_style":"default","_kad_post_vertical_padding":"default","_kad_post_feature":"","_kad_post_feature_position":"","_kad_post_header":false,"_kad_post_footer":false,"_kad_post_classname":""},"product_brand":[],"product_cat":[272,374,327,266,351],"product_tag":[698],"class_list":{"0":"post-8339","1":"product","2":"type-product","3":"status-publish","4":"has-post-thumbnail","6":"product_cat-hommes-a-partir-de-25-ans","7":"product_cat-platinum-fr","8":"product_cat-produits-anti-age","9":"product_cat-soins-anti-age","10":"product_cat-soldes","11":"product_tag-pour-les-rides-du-visage","13":"first","14":"instock","15":"sale","16":"taxable","17":"shipping-taxable","18":"purchasable","19":"product-type-simple","20":"entry","21":"content-bg","22":"loop-entry"},"yoast_head":"<!-- This site is optimized with the Yoast SEO Premium plugin v27.5 (Yoast SEO v27.5) - https:\/\/yoast.com\/product\/yoast-seo-premium-wordpress\/ -->\n<title>Cr\u00e8me Anti-\u00e2ge Homme Platinum avec de l&#039;acide hyaluronique<\/title>\n<meta name=\"description\" content=\"Cr\u00e8me Anti-\u00e2ge Homme contient un extrait de bact\u00e9ries d\u00e9riv\u00e9es de l&#039;eau des glaciers suisses, Augmente collag\u00e8ne qui r\u00e9duit la profondeur des rides.\" \/>\n<meta name=\"robots\" content=\"index, follow, max-snippet:-1, max-image-preview:large, max-video-preview:-1\" \/>\n<link rel=\"canonical\" href=\"https:\/\/www.lraloeverashop.eu\/fr\/produit\/platinum-creme-anti-age-pour-hommes\/\" \/>\n<meta property=\"og:locale\" content=\"fr_FR\" \/>\n<meta property=\"og:type\" content=\"article\" \/>\n<meta property=\"og:title\" content=\"Cr\u00e8me Anti-\u00e2ge Homme Platinum\" \/>\n<meta property=\"og:description\" content=\"Cr\u00e8me Anti-\u00e2ge Homme contient un extrait de bact\u00e9ries d\u00e9riv\u00e9es de l&#039;eau des glaciers suisses, Augmente collag\u00e8ne qui r\u00e9duit la profondeur des rides.\" \/>\n<meta property=\"og:url\" content=\"https:\/\/www.lraloeverashop.eu\/fr\/produit\/platinum-creme-anti-age-pour-hommes\/\" \/>\n<meta property=\"og:site_name\" content=\"Boutique Lr Aloe Vera\" \/>\n<meta property=\"article:publisher\" content=\"https:\/\/www.facebook.com\/lraloeverashop.eu\" \/>\n<meta property=\"article:modified_time\" content=\"2026-02-02T18:20:50+00:00\" \/>\n<meta property=\"og:image\" content=\"https:\/\/www.lraloeverashop.eu\/wp-content\/uploads\/2022\/10\/Platinum-Men-Cream.jpg\" \/>\n\t<meta property=\"og:image:width\" content=\"1200\" \/>\n\t<meta property=\"og:image:height\" content=\"1200\" \/>\n\t<meta property=\"og:image:type\" content=\"image\/jpeg\" \/>\n<meta name=\"twitter:card\" content=\"summary_large_image\" \/>\n<meta name=\"twitter:site\" content=\"@natur__kosmetik\" \/>\n<script type=\"application\/ld+json\" class=\"yoast-schema-graph\">{\"@context\":\"https:\\\/\\\/schema.org\",\"@graph\":[{\"@type\":[\"WebPage\",\"ItemPage\"],\"@id\":\"https:\\\/\\\/www.lraloeverashop.eu\\\/fr\\\/produit\\\/platinum-creme-anti-age-pour-hommes\\\/\",\"url\":\"https:\\\/\\\/www.lraloeverashop.eu\\\/fr\\\/produit\\\/platinum-creme-anti-age-pour-hommes\\\/\",\"name\":\"Cr\u00e8me Anti-\u00e2ge Homme Platinum avec de l'acide hyaluronique\",\"isPartOf\":{\"@id\":\"https:\\\/\\\/www.lraloeverashop.eu\\\/fr\\\/#website\"},\"primaryImageOfPage\":{\"@id\":\"https:\\\/\\\/www.lraloeverashop.eu\\\/fr\\\/produit\\\/platinum-creme-anti-age-pour-hommes\\\/#primaryimage\"},\"image\":{\"@id\":\"https:\\\/\\\/www.lraloeverashop.eu\\\/fr\\\/produit\\\/platinum-creme-anti-age-pour-hommes\\\/#primaryimage\"},\"thumbnailUrl\":\"https:\\\/\\\/www.lraloeverashop.eu\\\/wp-content\\\/uploads\\\/2022\\\/10\\\/Platinum-Men-Cream.jpg\",\"datePublished\":\"2022-10-20T10:26:37+00:00\",\"dateModified\":\"2026-02-02T18:20:50+00:00\",\"description\":\"Cr\u00e8me Anti-\u00e2ge Homme contient un extrait de bact\u00e9ries d\u00e9riv\u00e9es de l'eau des glaciers suisses, Augmente collag\u00e8ne qui r\u00e9duit la profondeur des rides.\",\"breadcrumb\":{\"@id\":\"https:\\\/\\\/www.lraloeverashop.eu\\\/fr\\\/produit\\\/platinum-creme-anti-age-pour-hommes\\\/#breadcrumb\"},\"inLanguage\":\"fr-FR\",\"potentialAction\":[{\"@type\":\"ReadAction\",\"target\":[\"https:\\\/\\\/www.lraloeverashop.eu\\\/fr\\\/produit\\\/platinum-creme-anti-age-pour-hommes\\\/\"]}]},{\"@type\":\"ImageObject\",\"inLanguage\":\"fr-FR\",\"@id\":\"https:\\\/\\\/www.lraloeverashop.eu\\\/fr\\\/produit\\\/platinum-creme-anti-age-pour-hommes\\\/#primaryimage\",\"url\":\"https:\\\/\\\/www.lraloeverashop.eu\\\/wp-content\\\/uploads\\\/2022\\\/10\\\/Platinum-Men-Cream.jpg\",\"contentUrl\":\"https:\\\/\\\/www.lraloeverashop.eu\\\/wp-content\\\/uploads\\\/2022\\\/10\\\/Platinum-Men-Cream.jpg\",\"width\":1200,\"height\":1200,\"caption\":\"Cr\u00e8me anti-\u00e2ge Platinum Men\"},{\"@type\":\"BreadcrumbList\",\"@id\":\"https:\\\/\\\/www.lraloeverashop.eu\\\/fr\\\/produit\\\/platinum-creme-anti-age-pour-hommes\\\/#breadcrumb\",\"itemListElement\":[{\"@type\":\"ListItem\",\"position\":1,\"name\":\"Home\",\"item\":\"https:\\\/\\\/www.lraloeverashop.eu\\\/fr\\\/home\\\/\"},{\"@type\":\"ListItem\",\"position\":2,\"name\":\"Boutique\",\"item\":\"https:\\\/\\\/www.lraloeverashop.eu\\\/fr\\\/boutique\\\/\"},{\"@type\":\"ListItem\",\"position\":3,\"name\":\"Cr\u00e8me Anti-\u00e2ge Homme Platinum\"}]},{\"@type\":\"WebSite\",\"@id\":\"https:\\\/\\\/www.lraloeverashop.eu\\\/fr\\\/#website\",\"url\":\"https:\\\/\\\/www.lraloeverashop.eu\\\/fr\\\/\",\"name\":\"Boutique Lr Aloe Vera\",\"description\":\"High Quality Lr Aloe Vera Gel, Aloe Vera Cream and Shampoo\",\"publisher\":{\"@id\":\"https:\\\/\\\/www.lraloeverashop.eu\\\/fr\\\/#organization\"},\"alternateName\":\"LR\",\"potentialAction\":[{\"@type\":\"SearchAction\",\"target\":{\"@type\":\"EntryPoint\",\"urlTemplate\":\"https:\\\/\\\/www.lraloeverashop.eu\\\/fr\\\/?s={search_term_string}\"},\"query-input\":{\"@type\":\"PropertyValueSpecification\",\"valueRequired\":true,\"valueName\":\"search_term_string\"}}],\"inLanguage\":\"fr-FR\"},{\"@type\":\"Organization\",\"@id\":\"https:\\\/\\\/www.lraloeverashop.eu\\\/fr\\\/#organization\",\"name\":\"Boutique Lr Aloe Vera\",\"alternateName\":\"LR\",\"url\":\"https:\\\/\\\/www.lraloeverashop.eu\\\/fr\\\/\",\"logo\":{\"@type\":\"ImageObject\",\"inLanguage\":\"fr-FR\",\"@id\":\"https:\\\/\\\/www.lraloeverashop.eu\\\/fr\\\/#\\\/schema\\\/logo\\\/image\\\/\",\"url\":\"https:\\\/\\\/www.lraloeverashop.eu\\\/wp-content\\\/uploads\\\/2022\\\/09\\\/cropped-Lr-Aloe-Vera-Shop.jpg\",\"contentUrl\":\"https:\\\/\\\/www.lraloeverashop.eu\\\/wp-content\\\/uploads\\\/2022\\\/09\\\/cropped-Lr-Aloe-Vera-Shop.jpg\",\"width\":228,\"height\":76,\"caption\":\"Boutique Lr Aloe Vera\"},\"image\":{\"@id\":\"https:\\\/\\\/www.lraloeverashop.eu\\\/fr\\\/#\\\/schema\\\/logo\\\/image\\\/\"},\"sameAs\":[\"https:\\\/\\\/www.facebook.com\\\/lraloeverashop.eu\",\"https:\\\/\\\/x.com\\\/natur__kosmetik\",\"https:\\\/\\\/www.youtube.com\\\/channel\\\/UC5oN7BJ8nfYb8RpVtjwDEBA\",\"https:\\\/\\\/www.instagram.com\\\/lrbeautyeu\\\/\"],\"description\":\"La boutique LR Aloe Vera est votre destination de confiance pour les produits de sant\u00e9 et de beaut\u00e9 haut de gamme LR, fabriqu\u00e9s en Allemagne. Nous proposons des soins de la peau, des compl\u00e9ments nutritionnels et des solutions anti-\u00e2ge \u00e0 l'aloe vera de haute qualit\u00e9, \u00e9labor\u00e9s \u00e0 partir d'ingr\u00e9dients purs et valid\u00e9s par la recherche scientifique. D\u00e9couvrez des soins naturels qui r\u00e9g\u00e9n\u00e8rent, prot\u00e8gent et revitalisent votre peau, et profitez d'offres mensuelles exclusives sur nos produits LR Aloe Vera les plus vendus.\\n\\nCommencez d\u00e8s aujourd'hui votre parcours vers des soins naturels et constatez la diff\u00e9rence.\",\"email\":\"info@lraloeverashop.eu\",\"telephone\":\"+49 17670609653\",\"legalName\":\"Lr Aloe Vera Shop\",\"foundingDate\":\"2018-04-21\",\"numberOfEmployees\":{\"@type\":\"QuantitativeValue\",\"minValue\":\"1\",\"maxValue\":\"10\"}}]}<\/script>\n<meta property=\"product:price:amount\" content=\"25.89\" \/>\n<meta property=\"product:price:currency\" content=\"EUR\" \/>\n<meta property=\"og:availability\" content=\"instock\" \/>\n<meta property=\"product:availability\" content=\"instock\" \/>\n<meta property=\"product:retailer_item_id\" content=\"28449-1FR\" \/>\n<meta property=\"product:condition\" content=\"new\" \/>\n<!-- \/ Yoast SEO Premium plugin. -->","yoast_head_json":{"title":"Cr\u00e8me Anti-\u00e2ge Homme Platinum avec de l'acide hyaluronique","description":"Cr\u00e8me Anti-\u00e2ge Homme contient un extrait de bact\u00e9ries d\u00e9riv\u00e9es de l'eau des glaciers suisses, Augmente collag\u00e8ne qui r\u00e9duit la profondeur des rides.","robots":{"index":"index","follow":"follow","max-snippet":"max-snippet:-1","max-image-preview":"max-image-preview:large","max-video-preview":"max-video-preview:-1"},"canonical":"https:\/\/www.lraloeverashop.eu\/fr\/produit\/platinum-creme-anti-age-pour-hommes\/","og_locale":"fr_FR","og_type":"article","og_title":"Cr\u00e8me Anti-\u00e2ge Homme Platinum","og_description":"Cr\u00e8me Anti-\u00e2ge Homme contient un extrait de bact\u00e9ries d\u00e9riv\u00e9es de l'eau des glaciers suisses, Augmente collag\u00e8ne qui r\u00e9duit la profondeur des rides.","og_url":"https:\/\/www.lraloeverashop.eu\/fr\/produit\/platinum-creme-anti-age-pour-hommes\/","og_site_name":"Boutique Lr Aloe Vera","article_publisher":"https:\/\/www.facebook.com\/lraloeverashop.eu","article_modified_time":"2026-02-02T18:20:50+00:00","og_image":[{"width":1200,"height":1200,"url":"https:\/\/www.lraloeverashop.eu\/wp-content\/uploads\/2022\/10\/Platinum-Men-Cream.jpg","type":"image\/jpeg"}],"twitter_card":"summary_large_image","twitter_site":"@natur__kosmetik","schema":{"@context":"https:\/\/schema.org","@graph":[{"@type":["WebPage","ItemPage"],"@id":"https:\/\/www.lraloeverashop.eu\/fr\/produit\/platinum-creme-anti-age-pour-hommes\/","url":"https:\/\/www.lraloeverashop.eu\/fr\/produit\/platinum-creme-anti-age-pour-hommes\/","name":"Cr\u00e8me Anti-\u00e2ge Homme Platinum avec de l'acide hyaluronique","isPartOf":{"@id":"https:\/\/www.lraloeverashop.eu\/fr\/#website"},"primaryImageOfPage":{"@id":"https:\/\/www.lraloeverashop.eu\/fr\/produit\/platinum-creme-anti-age-pour-hommes\/#primaryimage"},"image":{"@id":"https:\/\/www.lraloeverashop.eu\/fr\/produit\/platinum-creme-anti-age-pour-hommes\/#primaryimage"},"thumbnailUrl":"https:\/\/www.lraloeverashop.eu\/wp-content\/uploads\/2022\/10\/Platinum-Men-Cream.jpg","datePublished":"2022-10-20T10:26:37+00:00","dateModified":"2026-02-02T18:20:50+00:00","description":"Cr\u00e8me Anti-\u00e2ge Homme contient un extrait de bact\u00e9ries d\u00e9riv\u00e9es de l'eau des glaciers suisses, Augmente collag\u00e8ne qui r\u00e9duit la profondeur des rides.","breadcrumb":{"@id":"https:\/\/www.lraloeverashop.eu\/fr\/produit\/platinum-creme-anti-age-pour-hommes\/#breadcrumb"},"inLanguage":"fr-FR","potentialAction":[{"@type":"ReadAction","target":["https:\/\/www.lraloeverashop.eu\/fr\/produit\/platinum-creme-anti-age-pour-hommes\/"]}]},{"@type":"ImageObject","inLanguage":"fr-FR","@id":"https:\/\/www.lraloeverashop.eu\/fr\/produit\/platinum-creme-anti-age-pour-hommes\/#primaryimage","url":"https:\/\/www.lraloeverashop.eu\/wp-content\/uploads\/2022\/10\/Platinum-Men-Cream.jpg","contentUrl":"https:\/\/www.lraloeverashop.eu\/wp-content\/uploads\/2022\/10\/Platinum-Men-Cream.jpg","width":1200,"height":1200,"caption":"Cr\u00e8me anti-\u00e2ge Platinum Men"},{"@type":"BreadcrumbList","@id":"https:\/\/www.lraloeverashop.eu\/fr\/produit\/platinum-creme-anti-age-pour-hommes\/#breadcrumb","itemListElement":[{"@type":"ListItem","position":1,"name":"Home","item":"https:\/\/www.lraloeverashop.eu\/fr\/home\/"},{"@type":"ListItem","position":2,"name":"Boutique","item":"https:\/\/www.lraloeverashop.eu\/fr\/boutique\/"},{"@type":"ListItem","position":3,"name":"Cr\u00e8me Anti-\u00e2ge Homme Platinum"}]},{"@type":"WebSite","@id":"https:\/\/www.lraloeverashop.eu\/fr\/#website","url":"https:\/\/www.lraloeverashop.eu\/fr\/","name":"Boutique Lr Aloe Vera","description":"High Quality Lr Aloe Vera Gel, Aloe Vera Cream and Shampoo","publisher":{"@id":"https:\/\/www.lraloeverashop.eu\/fr\/#organization"},"alternateName":"LR","potentialAction":[{"@type":"SearchAction","target":{"@type":"EntryPoint","urlTemplate":"https:\/\/www.lraloeverashop.eu\/fr\/?s={search_term_string}"},"query-input":{"@type":"PropertyValueSpecification","valueRequired":true,"valueName":"search_term_string"}}],"inLanguage":"fr-FR"},{"@type":"Organization","@id":"https:\/\/www.lraloeverashop.eu\/fr\/#organization","name":"Boutique Lr Aloe Vera","alternateName":"LR","url":"https:\/\/www.lraloeverashop.eu\/fr\/","logo":{"@type":"ImageObject","inLanguage":"fr-FR","@id":"https:\/\/www.lraloeverashop.eu\/fr\/#\/schema\/logo\/image\/","url":"https:\/\/www.lraloeverashop.eu\/wp-content\/uploads\/2022\/09\/cropped-Lr-Aloe-Vera-Shop.jpg","contentUrl":"https:\/\/www.lraloeverashop.eu\/wp-content\/uploads\/2022\/09\/cropped-Lr-Aloe-Vera-Shop.jpg","width":228,"height":76,"caption":"Boutique Lr Aloe Vera"},"image":{"@id":"https:\/\/www.lraloeverashop.eu\/fr\/#\/schema\/logo\/image\/"},"sameAs":["https:\/\/www.facebook.com\/lraloeverashop.eu","https:\/\/x.com\/natur__kosmetik","https:\/\/www.youtube.com\/channel\/UC5oN7BJ8nfYb8RpVtjwDEBA","https:\/\/www.instagram.com\/lrbeautyeu\/"],"description":"La boutique LR Aloe Vera est votre destination de confiance pour les produits de sant\u00e9 et de beaut\u00e9 haut de gamme LR, fabriqu\u00e9s en Allemagne. Nous proposons des soins de la peau, des compl\u00e9ments nutritionnels et des solutions anti-\u00e2ge \u00e0 l'aloe vera de haute qualit\u00e9, \u00e9labor\u00e9s \u00e0 partir d'ingr\u00e9dients purs et valid\u00e9s par la recherche scientifique. D\u00e9couvrez des soins naturels qui r\u00e9g\u00e9n\u00e8rent, prot\u00e8gent et revitalisent votre peau, et profitez d'offres mensuelles exclusives sur nos produits LR Aloe Vera les plus vendus.\n\nCommencez d\u00e8s aujourd'hui votre parcours vers des soins naturels et constatez la diff\u00e9rence.","email":"info@lraloeverashop.eu","telephone":"+49 17670609653","legalName":"Lr Aloe Vera Shop","foundingDate":"2018-04-21","numberOfEmployees":{"@type":"QuantitativeValue","minValue":"1","maxValue":"10"}}]},"product_price_amount":"25.89","product_price_currency":"EUR","og_availability":"instock","product_availability":"instock","product_retailer_item_id":"28449-1FR","product_condition":"new"},"taxonomy_info":{"product_cat":[{"value":272,"label":"Hommes \u00e0 partir de 25 ans"},{"value":374,"label":"Platinum"},{"value":327,"label":"Produits anti-\u00e2ge"},{"value":266,"label":"Soins anti-\u00e2ge"},{"value":351,"label":"Soldes"}],"product_tag":[{"value":698,"label":"pour les rides du visage"}]},"featured_image_src_large":["https:\/\/www.lraloeverashop.eu\/wp-content\/uploads\/2022\/10\/Platinum-Men-Cream-1024x1024.jpg",1024,1024,true],"author_info":[],"comment_info":0,"_links":{"self":[{"href":"https:\/\/www.lraloeverashop.eu\/fr\/wp-json\/wp\/v2\/product\/8339","targetHints":{"allow":["GET"]}}],"collection":[{"href":"https:\/\/www.lraloeverashop.eu\/fr\/wp-json\/wp\/v2\/product"}],"about":[{"href":"https:\/\/www.lraloeverashop.eu\/fr\/wp-json\/wp\/v2\/types\/product"}],"replies":[{"embeddable":true,"href":"https:\/\/www.lraloeverashop.eu\/fr\/wp-json\/wp\/v2\/comments?post=8339"}],"wp:featuredmedia":[{"embeddable":true,"href":"https:\/\/www.lraloeverashop.eu\/fr\/wp-json\/wp\/v2\/media\/5922"}],"wp:attachment":[{"href":"https:\/\/www.lraloeverashop.eu\/fr\/wp-json\/wp\/v2\/media?parent=8339"}],"wp:term":[{"taxonomy":"product_brand","embeddable":true,"href":"https:\/\/www.lraloeverashop.eu\/fr\/wp-json\/wp\/v2\/product_brand?post=8339"},{"taxonomy":"product_cat","embeddable":true,"href":"https:\/\/www.lraloeverashop.eu\/fr\/wp-json\/wp\/v2\/product_cat?post=8339"},{"taxonomy":"product_tag","embeddable":true,"href":"https:\/\/www.lraloeverashop.eu\/fr\/wp-json\/wp\/v2\/product_tag?post=8339"}],"curies":[{"name":"wp","href":"https:\/\/api.w.org\/{rel}","templated":true}]}}