{"id":8334,"date":"2022-10-21T14:17:50","date_gmt":"2022-10-21T12:17:50","guid":{"rendered":"https:\/\/www.lraloeverashop.eu\/product\/zeitgard-pro-kit-anti-rides\/"},"modified":"2026-04-18T21:45:41","modified_gmt":"2026-04-18T19:45:41","slug":"zeitgard-pro-kit-anti-rides","status":"publish","type":"product","link":"https:\/\/www.lraloeverashop.eu\/fr\/produit\/zeitgard-pro-kit-anti-rides\/","title":{"rendered":"Zeitgard Pro Kit Anti-rides"},"content":{"rendered":"<h2><span style=\"font-size: 16pt;\"><strong>Zeitgard Pro Kit Anti-rides<\/strong><\/span><\/h2>\n<p><span style=\"font-size: 14pt;\"><strong>Zeitgard Pro Kit Anti-rides r\u00e9duira les rides et ridules<\/strong><\/span><\/p>\n<p>Avec l&#8217;\u00e2ge, les r\u00e9sultats d&#8217;un manque de nettoyage du visage, d&#8217;un mauvais soin du visage, d&#8217;une protection solaire insuffisante, d&#8217;une mauvaise alimentation ou du stress oxydatif deviennent de plus en plus \u00e9vidents. De plus, les effets biologiques des processus qui ne sont plus enti\u00e8rement fonctionnels ou ralentis deviennent visibles. La \u00ab mati\u00e8re organique \u00bb r\u00e9tr\u00e9cit, la structure de la peau perd de sa tension et les expressions du visage apparaissent creus\u00e9es.<\/p>\n<p>Les vibrations ultrasoniques du Zeitgard Pro Kit Anti-rides agissent comme un entra\u00eenement passif des contours de vos muscles faciaux, redonnent forme aux zones de peau enfonc\u00e9es, favorisent la circulation sanguine, stimulent activement les bioprocessus ralentis des tissus et doublent la formation de collag\u00e8ne et d&#8217;\u00e9lastine du corps. .<br \/>\nVotre peau devient plus ferme et plus tonique. L&#8217;\u00e9lasticit\u00e9 de la peau augmente et le tissu conjonctif est tendu. Les lignes de rire et les rides s\u00e8ches sont r\u00e9duites.<\/p>\n<h3><span style=\"font-size: 16pt;\"><strong>Comment utiliser le kit de Anti-rides?<\/strong><\/span><\/h3>\n<p>Apr\u00e8s avoir soigneusement nettoy\u00e9 votre visage avec le kit de nettoyage du visage ou l&#8217;accessoire de peeling du visage et le toner pour le visage Zeitgard, votre visage est pr\u00eat \u00e0 recevoir son soin individuel.<\/p>\n<p>Commencez par appliquer votre s\u00e9rum pr\u00e9f\u00e9r\u00e9 puis votre <a href=\"https:\/\/www.lraloeverashop.eu\/fr\/produit\/beauty-diamonds-creme-de-jour-anti-age\/\">cr\u00e8me de jour<\/a>. Utilisez le Zeitgard Pro Kit Anti-rides pour masser lentement cr\u00e8me dans vos joues et votre zone T.<\/p>\n<p>Appliquez ensuite votre <a href=\"https:\/\/www.lraloeverashop.eu\/fr\/produit\/contour-des-yeux-nanogold\/\">cr\u00e8me contour des yeux<\/a>. Vous pouvez \u00e0 nouveau utiliser le kit de lissage du visage pour masser votre peau.<\/p>\n<p>Nous vous recommandons d&#8217;utiliser la cr\u00e8me de jour Beauty Diamonds si vous avez plus de 40 ans. La cr\u00e8me anti-\u00e2ge raffermissante de la gamme Beauty Diamonds renforce la peau des personnes de 40 ans et plus en stimulant la formation de collag\u00e8ne, en r\u00e9duisant les rides et en assurant un contour du visage harmonieux.<\/p>\n<p>La gamme <a href=\"https:\/\/www.lraloeverashop.eu\/fr\/produit\/beauty-diamonds-creme-de-nuit-anti-age\/\">Beauty Diamonds<\/a> garantit une peau repulp\u00e9e, des contours fermes et une peau nourrie en humidit\u00e9, et gr\u00e2ce au syst\u00e8me unique de transport des ingr\u00e9dients actifs, son effet peut \u00eatre canalis\u00e9 directement dans chaque cellule de la peau.<\/p>\n<p><img loading=\"lazy\" decoding=\"async\" class=\"aligncenter wp-image-3131\" src=\"https:\/\/www.lraloeverashop.eu\/wp-content\/uploads\/2022\/10\/Lr-Zeitgard-Pro-Anti-Aging-Device-in-use-1024x337.jpg\" alt=\"Lr Zeitgard Pro Anti Aging Device in use\" width=\"1170\" height=\"385\" srcset=\"https:\/\/www.lraloeverashop.eu\/wp-content\/uploads\/2022\/10\/Lr-Zeitgard-Pro-Anti-Aging-Device-in-use-1024x337.jpg 1024w, https:\/\/www.lraloeverashop.eu\/wp-content\/uploads\/2022\/10\/Lr-Zeitgard-Pro-Anti-Aging-Device-in-use-600x198.jpg 600w, https:\/\/www.lraloeverashop.eu\/wp-content\/uploads\/2022\/10\/Lr-Zeitgard-Pro-Anti-Aging-Device-in-use-300x99.jpg 300w, https:\/\/www.lraloeverashop.eu\/wp-content\/uploads\/2022\/10\/Lr-Zeitgard-Pro-Anti-Aging-Device-in-use-768x253.jpg 768w, https:\/\/www.lraloeverashop.eu\/wp-content\/uploads\/2022\/10\/Lr-Zeitgard-Pro-Anti-Aging-Device-in-use-1536x506.jpg 1536w, https:\/\/www.lraloeverashop.eu\/wp-content\/uploads\/2022\/10\/Lr-Zeitgard-Pro-Anti-Aging-Device-in-use-2048x674.jpg 2048w\" sizes=\"auto, (max-width: 1170px) 100vw, 1170px\" \/><\/p>\n<p>&nbsp;<\/p>\n<h3><span style=\"font-size: 16pt;\"><strong>Conseil d&#8217;utilisation Jusqu&#8217;\u00e0 40 ans<\/strong><\/span><\/h3>\n<p>Appliquez votre <a href=\"https:\/\/www.lraloeverashop.eu\/fr\/produit\/creme-de-nuit-anti-age-nanogold\/\">cr\u00e8me Nanogold<\/a> ou Platinum. R\u00e9partissez de petites taches de cr\u00e8me sur votre visage et massez-les \u00e0 l&#8217;aide du kit de lissage du visage Zeitgard Pro. Traitez les c\u00f4t\u00e9s gauche et droit du <a href=\"https:\/\/www.lraloeverashop.eu\/fr\/produit\/blue-light-defender-pour-le-visage\/\">visage<\/a> et le front pendant 30 secondes chacun.<br \/>\nFaites attention aux mouvements circulaires de l&#8217;int\u00e9rieur vers l&#8217;ext\u00e9rieur et du bas vers le haut.<\/p>\n","protected":false},"excerpt":{"rendered":"<ul>\n<li>Kit pour le traitement anti-\u00e2ge<\/li>\n<li>1 x Zeitgard Pro, 1 x accessoire de lissage Zeitgard<\/li>\n<li>Soutenir les contours du visage et la peau semble uniforme<\/li>\n<li>Pour tous les types de peau pr\u00e9sentant des signes de vieillissement<\/li>\n<li>Institut de beaut\u00e9 \u00e0 domicile<\/li>\n<li>Fabriqu\u00e9 en Allemagne<\/li>\n<\/ul>\n<p style=\"text-align: left;\"><span style=\"color: #ff0000;\"><a style=\"color: #ff0000;\" href=\"https:\/\/shop.lrworld.com\/openpao?PHP=0vFlt7jT938BEnBI3a6e9w%3D%3D\"><span style=\"font-size: 14pt;\"><strong>Inscrivez-vous et \u00e9conomisez 35% sur chaque commande<\/strong><\/span><\/a><\/span><\/p>\n","protected":false},"featured_media":6012,"comment_status":"open","ping_status":"closed","template":"","meta":{"_kad_blocks_custom_css":"","_kad_blocks_head_custom_js":"","_kad_blocks_body_custom_js":"","_kad_blocks_footer_custom_js":"","_kadence_starter_templates_imported_post":false,"_kad_post_transparent":"default","_kad_post_title":"","_kad_post_layout":"default","_kad_post_sidebar_id":"","_kad_post_content_style":"default","_kad_post_vertical_padding":"default","_kad_post_feature":"","_kad_post_feature_position":"","_kad_post_header":false,"_kad_post_footer":false,"_kad_post_classname":""},"product_brand":[],"product_cat":[278,284,272,266,351,290],"product_tag":[698,699],"class_list":{"0":"post-8334","1":"product","2":"type-product","3":"status-publish","4":"has-post-thumbnail","6":"product_cat-femmes-de-plus-de-40-ans","7":"product_cat-femmes-jusqua-40-ans","8":"product_cat-hommes-a-partir-de-25-ans","9":"product_cat-soins-anti-age","10":"product_cat-soldes","11":"product_cat-zeitgard-pro-fr","12":"product_tag-pour-les-rides-du-visage","13":"product_tag-pour-les-rides-sous-les-yeux","15":"first","16":"instock","17":"sale","18":"taxable","19":"shipping-taxable","20":"purchasable","21":"product-type-simple","22":"entry","23":"content-bg","24":"loop-entry"},"yoast_head":"<!-- This site is optimized with the Yoast SEO Premium plugin v27.5 (Yoast SEO v27.5) - https:\/\/yoast.com\/product\/yoast-seo-premium-wordpress\/ -->\n<title>Zeitgard Pro Kit Anti-rides r\u00e9duira les rides et ridules<\/title>\n<meta name=\"description\" content=\"Zeitgard Pro Kit Anti-rides pour tous les types de peau pr\u00e9sentant des signes de vieillissement. Soutenir les contours du visage et la peau semble uniforme\" \/>\n<meta name=\"robots\" content=\"index, follow, max-snippet:-1, max-image-preview:large, max-video-preview:-1\" \/>\n<link rel=\"canonical\" href=\"https:\/\/www.lraloeverashop.eu\/fr\/produit\/zeitgard-pro-kit-anti-rides\/\" \/>\n<meta property=\"og:locale\" content=\"fr_FR\" \/>\n<meta property=\"og:type\" content=\"article\" \/>\n<meta property=\"og:title\" content=\"Zeitgard Pro Kit Anti-rides\" \/>\n<meta property=\"og:description\" content=\"Zeitgard Pro Kit Anti-rides pour tous les types de peau pr\u00e9sentant des signes de vieillissement. Soutenir les contours du visage et la peau semble uniforme\" \/>\n<meta property=\"og:url\" content=\"https:\/\/www.lraloeverashop.eu\/fr\/produit\/zeitgard-pro-kit-anti-rides\/\" \/>\n<meta property=\"og:site_name\" content=\"Boutique Lr Aloe Vera\" \/>\n<meta property=\"article:publisher\" content=\"https:\/\/www.facebook.com\/lraloeverashop.eu\" \/>\n<meta property=\"article:modified_time\" content=\"2026-04-18T19:45:41+00:00\" \/>\n<meta property=\"og:image\" content=\"https:\/\/www.lraloeverashop.eu\/wp-content\/uploads\/2022\/10\/Zeitgard-Anti-Aging-Kit.jpg\" \/>\n\t<meta property=\"og:image:width\" content=\"1200\" \/>\n\t<meta property=\"og:image:height\" content=\"1200\" \/>\n\t<meta property=\"og:image:type\" content=\"image\/jpeg\" \/>\n<meta name=\"twitter:card\" content=\"summary_large_image\" \/>\n<meta name=\"twitter:site\" content=\"@natur__kosmetik\" \/>\n<script type=\"application\/ld+json\" class=\"yoast-schema-graph\">{\"@context\":\"https:\\\/\\\/schema.org\",\"@graph\":[{\"@type\":[\"WebPage\",\"ItemPage\"],\"@id\":\"https:\\\/\\\/www.lraloeverashop.eu\\\/fr\\\/produit\\\/zeitgard-pro-kit-anti-rides\\\/\",\"url\":\"https:\\\/\\\/www.lraloeverashop.eu\\\/fr\\\/produit\\\/zeitgard-pro-kit-anti-rides\\\/\",\"name\":\"Zeitgard Pro Kit Anti-rides r\u00e9duira les rides et ridules\",\"isPartOf\":{\"@id\":\"https:\\\/\\\/www.lraloeverashop.eu\\\/fr\\\/#website\"},\"primaryImageOfPage\":{\"@id\":\"https:\\\/\\\/www.lraloeverashop.eu\\\/fr\\\/produit\\\/zeitgard-pro-kit-anti-rides\\\/#primaryimage\"},\"image\":{\"@id\":\"https:\\\/\\\/www.lraloeverashop.eu\\\/fr\\\/produit\\\/zeitgard-pro-kit-anti-rides\\\/#primaryimage\"},\"thumbnailUrl\":\"https:\\\/\\\/www.lraloeverashop.eu\\\/wp-content\\\/uploads\\\/2022\\\/10\\\/Zeitgard-Anti-Aging-Kit.jpg\",\"datePublished\":\"2022-10-21T12:17:50+00:00\",\"dateModified\":\"2026-04-18T19:45:41+00:00\",\"description\":\"Zeitgard Pro Kit Anti-rides pour tous les types de peau pr\u00e9sentant des signes de vieillissement. Soutenir les contours du visage et la peau semble uniforme\",\"breadcrumb\":{\"@id\":\"https:\\\/\\\/www.lraloeverashop.eu\\\/fr\\\/produit\\\/zeitgard-pro-kit-anti-rides\\\/#breadcrumb\"},\"inLanguage\":\"fr-FR\",\"potentialAction\":[{\"@type\":\"ReadAction\",\"target\":[\"https:\\\/\\\/www.lraloeverashop.eu\\\/fr\\\/produit\\\/zeitgard-pro-kit-anti-rides\\\/\"]}]},{\"@type\":\"ImageObject\",\"inLanguage\":\"fr-FR\",\"@id\":\"https:\\\/\\\/www.lraloeverashop.eu\\\/fr\\\/produit\\\/zeitgard-pro-kit-anti-rides\\\/#primaryimage\",\"url\":\"https:\\\/\\\/www.lraloeverashop.eu\\\/wp-content\\\/uploads\\\/2022\\\/10\\\/Zeitgard-Anti-Aging-Kit.jpg\",\"contentUrl\":\"https:\\\/\\\/www.lraloeverashop.eu\\\/wp-content\\\/uploads\\\/2022\\\/10\\\/Zeitgard-Anti-Aging-Kit.jpg\",\"width\":1200,\"height\":1200,\"caption\":\"Kit anti-\u00e2ge Zeitgard Pro\"},{\"@type\":\"BreadcrumbList\",\"@id\":\"https:\\\/\\\/www.lraloeverashop.eu\\\/fr\\\/produit\\\/zeitgard-pro-kit-anti-rides\\\/#breadcrumb\",\"itemListElement\":[{\"@type\":\"ListItem\",\"position\":1,\"name\":\"Home\",\"item\":\"https:\\\/\\\/www.lraloeverashop.eu\\\/fr\\\/home\\\/\"},{\"@type\":\"ListItem\",\"position\":2,\"name\":\"Boutique\",\"item\":\"https:\\\/\\\/www.lraloeverashop.eu\\\/fr\\\/boutique\\\/\"},{\"@type\":\"ListItem\",\"position\":3,\"name\":\"Zeitgard Pro Kit Anti-rides\"}]},{\"@type\":\"WebSite\",\"@id\":\"https:\\\/\\\/www.lraloeverashop.eu\\\/fr\\\/#website\",\"url\":\"https:\\\/\\\/www.lraloeverashop.eu\\\/fr\\\/\",\"name\":\"Boutique Lr Aloe Vera\",\"description\":\"High Quality Lr Aloe Vera Gel, Aloe Vera Cream and Shampoo\",\"publisher\":{\"@id\":\"https:\\\/\\\/www.lraloeverashop.eu\\\/fr\\\/#organization\"},\"alternateName\":\"LR\",\"potentialAction\":[{\"@type\":\"SearchAction\",\"target\":{\"@type\":\"EntryPoint\",\"urlTemplate\":\"https:\\\/\\\/www.lraloeverashop.eu\\\/fr\\\/?s={search_term_string}\"},\"query-input\":{\"@type\":\"PropertyValueSpecification\",\"valueRequired\":true,\"valueName\":\"search_term_string\"}}],\"inLanguage\":\"fr-FR\"},{\"@type\":\"Organization\",\"@id\":\"https:\\\/\\\/www.lraloeverashop.eu\\\/fr\\\/#organization\",\"name\":\"Boutique Lr Aloe Vera\",\"alternateName\":\"LR\",\"url\":\"https:\\\/\\\/www.lraloeverashop.eu\\\/fr\\\/\",\"logo\":{\"@type\":\"ImageObject\",\"inLanguage\":\"fr-FR\",\"@id\":\"https:\\\/\\\/www.lraloeverashop.eu\\\/fr\\\/#\\\/schema\\\/logo\\\/image\\\/\",\"url\":\"https:\\\/\\\/www.lraloeverashop.eu\\\/wp-content\\\/uploads\\\/2022\\\/09\\\/cropped-Lr-Aloe-Vera-Shop.jpg\",\"contentUrl\":\"https:\\\/\\\/www.lraloeverashop.eu\\\/wp-content\\\/uploads\\\/2022\\\/09\\\/cropped-Lr-Aloe-Vera-Shop.jpg\",\"width\":228,\"height\":76,\"caption\":\"Boutique Lr Aloe Vera\"},\"image\":{\"@id\":\"https:\\\/\\\/www.lraloeverashop.eu\\\/fr\\\/#\\\/schema\\\/logo\\\/image\\\/\"},\"sameAs\":[\"https:\\\/\\\/www.facebook.com\\\/lraloeverashop.eu\",\"https:\\\/\\\/x.com\\\/natur__kosmetik\",\"https:\\\/\\\/www.youtube.com\\\/channel\\\/UC5oN7BJ8nfYb8RpVtjwDEBA\",\"https:\\\/\\\/www.instagram.com\\\/lrbeautyeu\\\/\"],\"description\":\"La boutique LR Aloe Vera est votre destination de confiance pour les produits de sant\u00e9 et de beaut\u00e9 haut de gamme LR, fabriqu\u00e9s en Allemagne. Nous proposons des soins de la peau, des compl\u00e9ments nutritionnels et des solutions anti-\u00e2ge \u00e0 l'aloe vera de haute qualit\u00e9, \u00e9labor\u00e9s \u00e0 partir d'ingr\u00e9dients purs et valid\u00e9s par la recherche scientifique. D\u00e9couvrez des soins naturels qui r\u00e9g\u00e9n\u00e8rent, prot\u00e8gent et revitalisent votre peau, et profitez d'offres mensuelles exclusives sur nos produits LR Aloe Vera les plus vendus.\\n\\nCommencez d\u00e8s aujourd'hui votre parcours vers des soins naturels et constatez la diff\u00e9rence.\",\"email\":\"info@lraloeverashop.eu\",\"telephone\":\"+49 17670609653\",\"legalName\":\"Lr Aloe Vera Shop\",\"foundingDate\":\"2018-04-21\",\"numberOfEmployees\":{\"@type\":\"QuantitativeValue\",\"minValue\":\"1\",\"maxValue\":\"10\"}}]}<\/script>\n<meta property=\"product:price:amount\" content=\"175.99\" \/>\n<meta property=\"product:price:currency\" content=\"EUR\" \/>\n<meta property=\"og:availability\" content=\"instock\" \/>\n<meta property=\"product:availability\" content=\"instock\" \/>\n<meta property=\"product:retailer_item_id\" content=\"70110-3FR\" \/>\n<meta property=\"product:condition\" content=\"new\" \/>\n<!-- \/ Yoast SEO Premium plugin. -->","yoast_head_json":{"title":"Zeitgard Pro Kit Anti-rides r\u00e9duira les rides et ridules","description":"Zeitgard Pro Kit Anti-rides pour tous les types de peau pr\u00e9sentant des signes de vieillissement. Soutenir les contours du visage et la peau semble uniforme","robots":{"index":"index","follow":"follow","max-snippet":"max-snippet:-1","max-image-preview":"max-image-preview:large","max-video-preview":"max-video-preview:-1"},"canonical":"https:\/\/www.lraloeverashop.eu\/fr\/produit\/zeitgard-pro-kit-anti-rides\/","og_locale":"fr_FR","og_type":"article","og_title":"Zeitgard Pro Kit Anti-rides","og_description":"Zeitgard Pro Kit Anti-rides pour tous les types de peau pr\u00e9sentant des signes de vieillissement. Soutenir les contours du visage et la peau semble uniforme","og_url":"https:\/\/www.lraloeverashop.eu\/fr\/produit\/zeitgard-pro-kit-anti-rides\/","og_site_name":"Boutique Lr Aloe Vera","article_publisher":"https:\/\/www.facebook.com\/lraloeverashop.eu","article_modified_time":"2026-04-18T19:45:41+00:00","og_image":[{"width":1200,"height":1200,"url":"https:\/\/www.lraloeverashop.eu\/wp-content\/uploads\/2022\/10\/Zeitgard-Anti-Aging-Kit.jpg","type":"image\/jpeg"}],"twitter_card":"summary_large_image","twitter_site":"@natur__kosmetik","schema":{"@context":"https:\/\/schema.org","@graph":[{"@type":["WebPage","ItemPage"],"@id":"https:\/\/www.lraloeverashop.eu\/fr\/produit\/zeitgard-pro-kit-anti-rides\/","url":"https:\/\/www.lraloeverashop.eu\/fr\/produit\/zeitgard-pro-kit-anti-rides\/","name":"Zeitgard Pro Kit Anti-rides r\u00e9duira les rides et ridules","isPartOf":{"@id":"https:\/\/www.lraloeverashop.eu\/fr\/#website"},"primaryImageOfPage":{"@id":"https:\/\/www.lraloeverashop.eu\/fr\/produit\/zeitgard-pro-kit-anti-rides\/#primaryimage"},"image":{"@id":"https:\/\/www.lraloeverashop.eu\/fr\/produit\/zeitgard-pro-kit-anti-rides\/#primaryimage"},"thumbnailUrl":"https:\/\/www.lraloeverashop.eu\/wp-content\/uploads\/2022\/10\/Zeitgard-Anti-Aging-Kit.jpg","datePublished":"2022-10-21T12:17:50+00:00","dateModified":"2026-04-18T19:45:41+00:00","description":"Zeitgard Pro Kit Anti-rides pour tous les types de peau pr\u00e9sentant des signes de vieillissement. Soutenir les contours du visage et la peau semble uniforme","breadcrumb":{"@id":"https:\/\/www.lraloeverashop.eu\/fr\/produit\/zeitgard-pro-kit-anti-rides\/#breadcrumb"},"inLanguage":"fr-FR","potentialAction":[{"@type":"ReadAction","target":["https:\/\/www.lraloeverashop.eu\/fr\/produit\/zeitgard-pro-kit-anti-rides\/"]}]},{"@type":"ImageObject","inLanguage":"fr-FR","@id":"https:\/\/www.lraloeverashop.eu\/fr\/produit\/zeitgard-pro-kit-anti-rides\/#primaryimage","url":"https:\/\/www.lraloeverashop.eu\/wp-content\/uploads\/2022\/10\/Zeitgard-Anti-Aging-Kit.jpg","contentUrl":"https:\/\/www.lraloeverashop.eu\/wp-content\/uploads\/2022\/10\/Zeitgard-Anti-Aging-Kit.jpg","width":1200,"height":1200,"caption":"Kit anti-\u00e2ge Zeitgard Pro"},{"@type":"BreadcrumbList","@id":"https:\/\/www.lraloeverashop.eu\/fr\/produit\/zeitgard-pro-kit-anti-rides\/#breadcrumb","itemListElement":[{"@type":"ListItem","position":1,"name":"Home","item":"https:\/\/www.lraloeverashop.eu\/fr\/home\/"},{"@type":"ListItem","position":2,"name":"Boutique","item":"https:\/\/www.lraloeverashop.eu\/fr\/boutique\/"},{"@type":"ListItem","position":3,"name":"Zeitgard Pro Kit Anti-rides"}]},{"@type":"WebSite","@id":"https:\/\/www.lraloeverashop.eu\/fr\/#website","url":"https:\/\/www.lraloeverashop.eu\/fr\/","name":"Boutique Lr Aloe Vera","description":"High Quality Lr Aloe Vera Gel, Aloe Vera Cream and Shampoo","publisher":{"@id":"https:\/\/www.lraloeverashop.eu\/fr\/#organization"},"alternateName":"LR","potentialAction":[{"@type":"SearchAction","target":{"@type":"EntryPoint","urlTemplate":"https:\/\/www.lraloeverashop.eu\/fr\/?s={search_term_string}"},"query-input":{"@type":"PropertyValueSpecification","valueRequired":true,"valueName":"search_term_string"}}],"inLanguage":"fr-FR"},{"@type":"Organization","@id":"https:\/\/www.lraloeverashop.eu\/fr\/#organization","name":"Boutique Lr Aloe Vera","alternateName":"LR","url":"https:\/\/www.lraloeverashop.eu\/fr\/","logo":{"@type":"ImageObject","inLanguage":"fr-FR","@id":"https:\/\/www.lraloeverashop.eu\/fr\/#\/schema\/logo\/image\/","url":"https:\/\/www.lraloeverashop.eu\/wp-content\/uploads\/2022\/09\/cropped-Lr-Aloe-Vera-Shop.jpg","contentUrl":"https:\/\/www.lraloeverashop.eu\/wp-content\/uploads\/2022\/09\/cropped-Lr-Aloe-Vera-Shop.jpg","width":228,"height":76,"caption":"Boutique Lr Aloe Vera"},"image":{"@id":"https:\/\/www.lraloeverashop.eu\/fr\/#\/schema\/logo\/image\/"},"sameAs":["https:\/\/www.facebook.com\/lraloeverashop.eu","https:\/\/x.com\/natur__kosmetik","https:\/\/www.youtube.com\/channel\/UC5oN7BJ8nfYb8RpVtjwDEBA","https:\/\/www.instagram.com\/lrbeautyeu\/"],"description":"La boutique LR Aloe Vera est votre destination de confiance pour les produits de sant\u00e9 et de beaut\u00e9 haut de gamme LR, fabriqu\u00e9s en Allemagne. Nous proposons des soins de la peau, des compl\u00e9ments nutritionnels et des solutions anti-\u00e2ge \u00e0 l'aloe vera de haute qualit\u00e9, \u00e9labor\u00e9s \u00e0 partir d'ingr\u00e9dients purs et valid\u00e9s par la recherche scientifique. D\u00e9couvrez des soins naturels qui r\u00e9g\u00e9n\u00e8rent, prot\u00e8gent et revitalisent votre peau, et profitez d'offres mensuelles exclusives sur nos produits LR Aloe Vera les plus vendus.\n\nCommencez d\u00e8s aujourd'hui votre parcours vers des soins naturels et constatez la diff\u00e9rence.","email":"info@lraloeverashop.eu","telephone":"+49 17670609653","legalName":"Lr Aloe Vera Shop","foundingDate":"2018-04-21","numberOfEmployees":{"@type":"QuantitativeValue","minValue":"1","maxValue":"10"}}]},"product_price_amount":"175.99","product_price_currency":"EUR","og_availability":"instock","product_availability":"instock","product_retailer_item_id":"70110-3FR","product_condition":"new"},"taxonomy_info":{"product_cat":[{"value":278,"label":"Femmes de plus de 40 ans"},{"value":284,"label":"Femmes jusqu'\u00e0 40 ans"},{"value":272,"label":"Hommes \u00e0 partir de 25 ans"},{"value":266,"label":"Soins anti-\u00e2ge"},{"value":351,"label":"Soldes"},{"value":290,"label":"Zeitgard Pro"}],"product_tag":[{"value":698,"label":"pour les rides du visage"},{"value":699,"label":"pour les rides sous les yeux"}]},"featured_image_src_large":["https:\/\/www.lraloeverashop.eu\/wp-content\/uploads\/2022\/10\/Zeitgard-Anti-Aging-Kit-1024x1024.jpg",1024,1024,true],"author_info":[],"comment_info":0,"_links":{"self":[{"href":"https:\/\/www.lraloeverashop.eu\/fr\/wp-json\/wp\/v2\/product\/8334","targetHints":{"allow":["GET"]}}],"collection":[{"href":"https:\/\/www.lraloeverashop.eu\/fr\/wp-json\/wp\/v2\/product"}],"about":[{"href":"https:\/\/www.lraloeverashop.eu\/fr\/wp-json\/wp\/v2\/types\/product"}],"replies":[{"embeddable":true,"href":"https:\/\/www.lraloeverashop.eu\/fr\/wp-json\/wp\/v2\/comments?post=8334"}],"wp:featuredmedia":[{"embeddable":true,"href":"https:\/\/www.lraloeverashop.eu\/fr\/wp-json\/wp\/v2\/media\/6012"}],"wp:attachment":[{"href":"https:\/\/www.lraloeverashop.eu\/fr\/wp-json\/wp\/v2\/media?parent=8334"}],"wp:term":[{"taxonomy":"product_brand","embeddable":true,"href":"https:\/\/www.lraloeverashop.eu\/fr\/wp-json\/wp\/v2\/product_brand?post=8334"},{"taxonomy":"product_cat","embeddable":true,"href":"https:\/\/www.lraloeverashop.eu\/fr\/wp-json\/wp\/v2\/product_cat?post=8334"},{"taxonomy":"product_tag","embeddable":true,"href":"https:\/\/www.lraloeverashop.eu\/fr\/wp-json\/wp\/v2\/product_tag?post=8334"}],"curies":[{"name":"wp","href":"https:\/\/api.w.org\/{rel}","templated":true}]}}