{"id":8332,"date":"2022-10-21T14:19:21","date_gmt":"2022-10-21T12:19:21","guid":{"rendered":"https:\/\/www.lraloeverashop.eu\/product\/zeitgard-pro-kit-peeling-visage\/"},"modified":"2026-02-02T19:19:52","modified_gmt":"2026-02-02T18:19:52","slug":"zeitgard-pro-kit-peeling-visage","status":"publish","type":"product","link":"https:\/\/www.lraloeverashop.eu\/fr\/produit\/zeitgard-pro-kit-peeling-visage\/","title":{"rendered":"Zeitgard Pro Kit Peeling Visage"},"content":{"rendered":"<h2><span style=\"font-size: 16pt; color: #000000;\"><strong>Zeitgard Pro Kit Peeling Visage<\/strong><\/span><\/h2>\n<p><span style=\"font-size: 14pt;\"><strong>Zeitgard Pro Kit Peeling Visage fait briller votre visage!<\/strong><\/span><\/p>\n<p>Votre peau se renouvelle environ tous les 28 jours ! Les cellules mortes de la peau rendent rapidement votre teint p\u00e2le et fatigu\u00e9.<\/p>\n<p>L&rsquo;exfoliation est l&rsquo;un des meilleurs moyens d&rsquo;obtenir une <a href=\"https:\/\/www.lraloeverashop.eu\/fr\/produit\/lr-aloe-vera-set-de-nettoyage-et-rafraichissant\/\">peau absolument nette<\/a>. Le Zeitgard Pro Kit Peeling Visage fonctionne avec des vibrations ultrasonores, qui agissent au contact de la peau, \u00e9liminant efficacement la salet\u00e9, les points blancs, les cellules mortes de la couche corn\u00e9e de l&rsquo;\u00e9piderme et l&rsquo;exc\u00e8s de s\u00e9bum \u00e0 la surface.<\/p>\n<p>L&rsquo;exfoliation fonctionne mieux si vous la faites r\u00e9guli\u00e8rement et si vous l&rsquo;int\u00e9grez aux processus naturels de <a href=\"https:\/\/www.lraloeverashop.eu\/fr\/produit\/zeitgard-pro-set-de-soin-de-la-peau\/\">r\u00e9g\u00e9n\u00e9ration de la peau<\/a>. Votre peau se r\u00e9g\u00e9n\u00e8re en permanence. En formant de nouvelles cellules basales dans la couche la plus basse de l&rsquo;\u00e9piderme, les cellules situ\u00e9es au-dessus sont continuellement pouss\u00e9es vers le haut, o\u00f9 elles se dess\u00e8chent lentement, se cornifient et forment la couche sup\u00e9rieure de la peau.<\/p>\n<p>Chaque jour, la peau perd jusqu&rsquo;\u00e0 14 grammes de cellules corn\u00e9es mortes. Vous pouvez les supprimer en utilisant r\u00e9guli\u00e8rement le Zeitgard Pro Kit Peeling Visage tous les 2-3 jours. Cela emp\u00eache l&rsquo;accumulation de salet\u00e9 dans les pores sudoripares.<\/p>\n<p>Utilisez le kit peeling visage 2 \u00e0 3 fois par semaine comme alternative \u00e0 la brosse nettoyante visage pour \u00e9liminer les vieilles cellules de la peau et faire briller <a href=\"https:\/\/www.lraloeverashop.eu\/fr\/gel-daloe-vera-pour-le-visage-les-cheveux-et-le-corps\/\">votre visage<\/a> !<\/p>\n<p>&nbsp;<\/p>\n<h3><span style=\"font-size: 16pt;\"><strong>Comment utiliser<\/strong><\/span><\/h3>\n<p>Pr\u00e9parez votre peau en la nettoyant manuellement avec la cr\u00e8me nettoyante Lr Zeitgard &#8211; ce n&rsquo;est pas essentiel, mais l&rsquo;extrait d&rsquo;harungana contenu dans la cr\u00e8me nettoyante Lr Zeitgard est connu pour favoriser la <a href=\"https:\/\/www.lraloeverashop.eu\/fr\/produit\/aloe-vera-gommage-exfoliant-pour-le-visage\/\">r\u00e9g\u00e9n\u00e9ration de la peau<\/a> et am\u00e9liorer son apparence.<\/p>\n<p>Humidifiez g\u00e9n\u00e9reusement votre visage avec de l&rsquo;eau ou le Lr Zeitgard Facial Toner. L&rsquo;eau am\u00e9liorera l&rsquo;effet d\u00e9toxifiant.<\/p>\n<p><strong>Utile:<\/strong> Si vous utilisez le toner facial Lr Zeitgard, vous pourrez voir quelles parties de votre visage vous avez d\u00e9j\u00e0 trait\u00e9es.<\/p>\n<p>D\u00e9placez le Zeitgard Pro Kit Peeling Visage \u00e0 un angle de 45\u00b0 du nez vers les bords de votre visage. Travaillez tour \u00e0 tour sur toutes les sections de votre visage.<\/p>\n<p><img loading=\"lazy\" decoding=\"async\" class=\"aligncenter wp-image-3132\" src=\"https:\/\/www.lraloeverashop.eu\/wp-content\/uploads\/2022\/10\/Lr-Zeitgard-Pro-Face-Peeling-Device-in-use-1024x292.jpg\" alt=\"Lr Zeitgard Pro Face Peeling Device in use\" width=\"1164\" height=\"332\" srcset=\"https:\/\/www.lraloeverashop.eu\/wp-content\/uploads\/2022\/10\/Lr-Zeitgard-Pro-Face-Peeling-Device-in-use-1024x292.jpg 1024w, https:\/\/www.lraloeverashop.eu\/wp-content\/uploads\/2022\/10\/Lr-Zeitgard-Pro-Face-Peeling-Device-in-use-600x171.jpg 600w, https:\/\/www.lraloeverashop.eu\/wp-content\/uploads\/2022\/10\/Lr-Zeitgard-Pro-Face-Peeling-Device-in-use-300x85.jpg 300w, https:\/\/www.lraloeverashop.eu\/wp-content\/uploads\/2022\/10\/Lr-Zeitgard-Pro-Face-Peeling-Device-in-use-768x219.jpg 768w, https:\/\/www.lraloeverashop.eu\/wp-content\/uploads\/2022\/10\/Lr-Zeitgard-Pro-Face-Peeling-Device-in-use-1536x438.jpg 1536w, https:\/\/www.lraloeverashop.eu\/wp-content\/uploads\/2022\/10\/Lr-Zeitgard-Pro-Face-Peeling-Device-in-use-2048x583.jpg 2048w\" sizes=\"auto, (max-width: 1164px) 100vw, 1164px\" \/><\/p>\n<p>Partout o\u00f9 vous rencontrez plus de \u00ab\u00a0points noirs\u00a0\u00bb, augmentez l\u00e9g\u00e8rement la pression et faites glisser l&rsquo;appareil plusieurs fois sur cette section.<br \/>\nCompl\u00e9tez votre traitement d&rsquo;exfoliation en appliquant plus de toner facial Lr Zeitgard. Cela apaisera votre peau, la revitalisera et r\u00e9tablira le manteau acide protecteur naturel de la peau.<\/p>\n","protected":false},"excerpt":{"rendered":"<ul>\n<li>Le kit comprend 1 x appareil cosm\u00e9tique Zeitgard Pro, 1 x accessoire de peeling<\/li>\n<li>Apaiser et revitaliser<\/li>\n<li>Retirer les cellules corn\u00e9es mortes.<\/li>\n<li>De la s\u00e9rie de soins de la peau Zeitgard Pro<\/li>\n<li>Institut de beaut\u00e9 \u00e0 domicile<\/li>\n<li>Fabriqu\u00e9 en Allemagne<\/li>\n<\/ul>\n<p style=\"text-align: left;\"><span style=\"color: #ff0000;\"><a style=\"color: #ff0000;\" href=\"https:\/\/shop.lrworld.com\/openpao?PHP=0vFlt7jT938BEnBI3a6e9w%3D%3D\"><span style=\"font-size: 14pt;\"><strong>Inscrivez-vous et \u00e9conomisez 35% sur chaque commande<\/strong><\/span><\/a><\/span><\/p>\n","protected":false},"featured_media":6006,"comment_status":"open","ping_status":"closed","template":"","meta":{"_kad_blocks_custom_css":"","_kad_blocks_head_custom_js":"","_kad_blocks_body_custom_js":"","_kad_blocks_footer_custom_js":"","_kadence_starter_templates_imported_post":false,"_kad_post_transparent":"default","_kad_post_title":"","_kad_post_layout":"default","_kad_post_sidebar_id":"","_kad_post_content_style":"default","_kad_post_vertical_padding":"default","_kad_post_feature":"","_kad_post_feature_position":"","_kad_post_header":false,"_kad_post_footer":false,"_kad_post_classname":""},"product_brand":[],"product_cat":[278,284,272,266,290],"product_tag":[698],"class_list":{"0":"post-8332","1":"product","2":"type-product","3":"status-publish","4":"has-post-thumbnail","6":"product_cat-femmes-de-plus-de-40-ans","7":"product_cat-femmes-jusqua-40-ans","8":"product_cat-hommes-a-partir-de-25-ans","9":"product_cat-soins-anti-age","10":"product_cat-zeitgard-pro-fr","11":"product_tag-pour-les-rides-du-visage","13":"first","14":"instock","15":"taxable","16":"shipping-taxable","17":"purchasable","18":"product-type-simple","19":"entry","20":"content-bg","21":"loop-entry"},"yoast_head":"<!-- This site is optimized with the Yoast SEO Premium plugin v27.4 (Yoast SEO v27.4) - https:\/\/yoast.com\/product\/yoast-seo-premium-wordpress\/ -->\n<title>Zeitgard Pro Kit Peeling Visage - Institut de beaut\u00e9 \u00e0 domicile<\/title>\n<meta name=\"description\" content=\"Le Zeitgard Pro Kit Peeling Visage avec des vibrations ultrasonores \u00e9liminant efficacement la salet\u00e9, les points blancs, les cellules mortes de la couche.\" \/>\n<meta name=\"robots\" content=\"index, follow, max-snippet:-1, max-image-preview:large, max-video-preview:-1\" \/>\n<link rel=\"canonical\" href=\"https:\/\/www.lraloeverashop.eu\/fr\/produit\/zeitgard-pro-kit-peeling-visage\/\" \/>\n<meta property=\"og:locale\" content=\"fr_FR\" \/>\n<meta property=\"og:type\" content=\"article\" \/>\n<meta property=\"og:title\" content=\"Zeitgard Pro Kit Peeling Visage\" \/>\n<meta property=\"og:description\" content=\"Le Zeitgard Pro Kit Peeling Visage avec des vibrations ultrasonores \u00e9liminant efficacement la salet\u00e9, les points blancs, les cellules mortes de la couche.\" \/>\n<meta property=\"og:url\" content=\"https:\/\/www.lraloeverashop.eu\/fr\/produit\/zeitgard-pro-kit-peeling-visage\/\" \/>\n<meta property=\"og:site_name\" content=\"Boutique Lr Aloe Vera\" \/>\n<meta property=\"article:publisher\" content=\"https:\/\/www.facebook.com\/lraloeverashop.eu\" \/>\n<meta property=\"article:modified_time\" content=\"2026-02-02T18:19:52+00:00\" \/>\n<meta property=\"og:image\" content=\"https:\/\/www.lraloeverashop.eu\/wp-content\/uploads\/2022\/10\/Zeitgard-Skin-Peeling-Kit.jpg\" \/>\n\t<meta property=\"og:image:width\" content=\"1200\" \/>\n\t<meta property=\"og:image:height\" content=\"1200\" \/>\n\t<meta property=\"og:image:type\" content=\"image\/jpeg\" \/>\n<meta name=\"twitter:card\" content=\"summary_large_image\" \/>\n<meta name=\"twitter:site\" content=\"@natur__kosmetik\" \/>\n<script type=\"application\/ld+json\" class=\"yoast-schema-graph\">{\"@context\":\"https:\\\/\\\/schema.org\",\"@graph\":[{\"@type\":[\"WebPage\",\"ItemPage\"],\"@id\":\"https:\\\/\\\/www.lraloeverashop.eu\\\/fr\\\/produit\\\/zeitgard-pro-kit-peeling-visage\\\/\",\"url\":\"https:\\\/\\\/www.lraloeverashop.eu\\\/fr\\\/produit\\\/zeitgard-pro-kit-peeling-visage\\\/\",\"name\":\"Zeitgard Pro Kit Peeling Visage - Institut de beaut\u00e9 \u00e0 domicile\",\"isPartOf\":{\"@id\":\"https:\\\/\\\/www.lraloeverashop.eu\\\/fr\\\/#website\"},\"primaryImageOfPage\":{\"@id\":\"https:\\\/\\\/www.lraloeverashop.eu\\\/fr\\\/produit\\\/zeitgard-pro-kit-peeling-visage\\\/#primaryimage\"},\"image\":{\"@id\":\"https:\\\/\\\/www.lraloeverashop.eu\\\/fr\\\/produit\\\/zeitgard-pro-kit-peeling-visage\\\/#primaryimage\"},\"thumbnailUrl\":\"https:\\\/\\\/www.lraloeverashop.eu\\\/wp-content\\\/uploads\\\/2022\\\/10\\\/Zeitgard-Skin-Peeling-Kit.jpg\",\"datePublished\":\"2022-10-21T12:19:21+00:00\",\"dateModified\":\"2026-02-02T18:19:52+00:00\",\"description\":\"Le Zeitgard Pro Kit Peeling Visage avec des vibrations ultrasonores \u00e9liminant efficacement la salet\u00e9, les points blancs, les cellules mortes de la couche.\",\"breadcrumb\":{\"@id\":\"https:\\\/\\\/www.lraloeverashop.eu\\\/fr\\\/produit\\\/zeitgard-pro-kit-peeling-visage\\\/#breadcrumb\"},\"inLanguage\":\"fr-FR\",\"potentialAction\":[{\"@type\":\"ReadAction\",\"target\":[\"https:\\\/\\\/www.lraloeverashop.eu\\\/fr\\\/produit\\\/zeitgard-pro-kit-peeling-visage\\\/\"]}]},{\"@type\":\"ImageObject\",\"inLanguage\":\"fr-FR\",\"@id\":\"https:\\\/\\\/www.lraloeverashop.eu\\\/fr\\\/produit\\\/zeitgard-pro-kit-peeling-visage\\\/#primaryimage\",\"url\":\"https:\\\/\\\/www.lraloeverashop.eu\\\/wp-content\\\/uploads\\\/2022\\\/10\\\/Zeitgard-Skin-Peeling-Kit.jpg\",\"contentUrl\":\"https:\\\/\\\/www.lraloeverashop.eu\\\/wp-content\\\/uploads\\\/2022\\\/10\\\/Zeitgard-Skin-Peeling-Kit.jpg\",\"width\":1200,\"height\":1200,\"caption\":\"Kit peeling visage Zeitgard Pro\"},{\"@type\":\"BreadcrumbList\",\"@id\":\"https:\\\/\\\/www.lraloeverashop.eu\\\/fr\\\/produit\\\/zeitgard-pro-kit-peeling-visage\\\/#breadcrumb\",\"itemListElement\":[{\"@type\":\"ListItem\",\"position\":1,\"name\":\"Home\",\"item\":\"https:\\\/\\\/www.lraloeverashop.eu\\\/fr\\\/\"},{\"@type\":\"ListItem\",\"position\":2,\"name\":\"Boutique\",\"item\":\"https:\\\/\\\/www.lraloeverashop.eu\\\/fr\\\/boutique\\\/\"},{\"@type\":\"ListItem\",\"position\":3,\"name\":\"Zeitgard Pro Kit Peeling Visage\"}]},{\"@type\":\"WebSite\",\"@id\":\"https:\\\/\\\/www.lraloeverashop.eu\\\/fr\\\/#website\",\"url\":\"https:\\\/\\\/www.lraloeverashop.eu\\\/fr\\\/\",\"name\":\"Boutique Lr Aloe Vera\",\"description\":\"High Quality Lr Aloe Vera Gel, Aloe Vera Cream and Shampoo\",\"publisher\":{\"@id\":\"https:\\\/\\\/www.lraloeverashop.eu\\\/fr\\\/#organization\"},\"potentialAction\":[{\"@type\":\"SearchAction\",\"target\":{\"@type\":\"EntryPoint\",\"urlTemplate\":\"https:\\\/\\\/www.lraloeverashop.eu\\\/fr\\\/?s={search_term_string}\"},\"query-input\":{\"@type\":\"PropertyValueSpecification\",\"valueRequired\":true,\"valueName\":\"search_term_string\"}}],\"inLanguage\":\"fr-FR\"},{\"@type\":\"Organization\",\"@id\":\"https:\\\/\\\/www.lraloeverashop.eu\\\/fr\\\/#organization\",\"name\":\"Boutique Lr Aloe Vera\",\"alternateName\":\"LR\",\"url\":\"https:\\\/\\\/www.lraloeverashop.eu\\\/fr\\\/\",\"logo\":{\"@type\":\"ImageObject\",\"inLanguage\":\"fr-FR\",\"@id\":\"https:\\\/\\\/www.lraloeverashop.eu\\\/fr\\\/#\\\/schema\\\/logo\\\/image\\\/\",\"url\":\"https:\\\/\\\/www.lraloeverashop.eu\\\/wp-content\\\/uploads\\\/2022\\\/09\\\/cropped-Lr-Aloe-Vera-Shop.jpg\",\"contentUrl\":\"https:\\\/\\\/www.lraloeverashop.eu\\\/wp-content\\\/uploads\\\/2022\\\/09\\\/cropped-Lr-Aloe-Vera-Shop.jpg\",\"width\":228,\"height\":76,\"caption\":\"Boutique Lr Aloe Vera\"},\"image\":{\"@id\":\"https:\\\/\\\/www.lraloeverashop.eu\\\/fr\\\/#\\\/schema\\\/logo\\\/image\\\/\"},\"sameAs\":[\"https:\\\/\\\/www.facebook.com\\\/lraloeverashop.eu\",\"https:\\\/\\\/x.com\\\/natur__kosmetik\",\"https:\\\/\\\/www.youtube.com\\\/channel\\\/UC5oN7BJ8nfYb8RpVtjwDEBA\",\"https:\\\/\\\/www.instagram.com\\\/lrbeautyeu\\\/\"],\"description\":\"La boutique LR Aloe Vera est votre destination de confiance pour les produits de sant\u00e9 et de beaut\u00e9 haut de gamme LR, fabriqu\u00e9s en Allemagne. Nous proposons des soins de la peau, des compl\u00e9ments nutritionnels et des solutions anti-\u00e2ge \u00e0 l'aloe vera de haute qualit\u00e9, \u00e9labor\u00e9s \u00e0 partir d'ingr\u00e9dients purs et valid\u00e9s par la recherche scientifique. D\u00e9couvrez des soins naturels qui r\u00e9g\u00e9n\u00e8rent, prot\u00e8gent et revitalisent votre peau, et profitez d'offres mensuelles exclusives sur nos produits LR Aloe Vera les plus vendus.\\n\\nCommencez d\u00e8s aujourd'hui votre parcours vers des soins naturels et constatez la diff\u00e9rence.\",\"email\":\"info@lraloeverashop.eu\",\"telephone\":\"+49 17670609653\",\"legalName\":\"Lr Aloe Vera Shop\",\"foundingDate\":\"2018-04-21\",\"numberOfEmployees\":{\"@type\":\"QuantitativeValue\",\"minValue\":\"1\",\"maxValue\":\"10\"}}]}<\/script>\n<meta property=\"product:price:amount\" content=\"335.99\" \/>\n<meta property=\"product:price:currency\" content=\"EUR\" \/>\n<meta property=\"og:availability\" content=\"instock\" \/>\n<meta property=\"product:availability\" content=\"instock\" \/>\n<meta property=\"product:retailer_item_id\" content=\"70110-2FR\" \/>\n<meta property=\"product:condition\" content=\"new\" \/>\n<!-- \/ Yoast SEO Premium plugin. -->","yoast_head_json":{"title":"Zeitgard Pro Kit Peeling Visage - Institut de beaut\u00e9 \u00e0 domicile","description":"Le Zeitgard Pro Kit Peeling Visage avec des vibrations ultrasonores \u00e9liminant efficacement la salet\u00e9, les points blancs, les cellules mortes de la couche.","robots":{"index":"index","follow":"follow","max-snippet":"max-snippet:-1","max-image-preview":"max-image-preview:large","max-video-preview":"max-video-preview:-1"},"canonical":"https:\/\/www.lraloeverashop.eu\/fr\/produit\/zeitgard-pro-kit-peeling-visage\/","og_locale":"fr_FR","og_type":"article","og_title":"Zeitgard Pro Kit Peeling Visage","og_description":"Le Zeitgard Pro Kit Peeling Visage avec des vibrations ultrasonores \u00e9liminant efficacement la salet\u00e9, les points blancs, les cellules mortes de la couche.","og_url":"https:\/\/www.lraloeverashop.eu\/fr\/produit\/zeitgard-pro-kit-peeling-visage\/","og_site_name":"Boutique Lr Aloe Vera","article_publisher":"https:\/\/www.facebook.com\/lraloeverashop.eu","article_modified_time":"2026-02-02T18:19:52+00:00","og_image":[{"width":1200,"height":1200,"url":"https:\/\/www.lraloeverashop.eu\/wp-content\/uploads\/2022\/10\/Zeitgard-Skin-Peeling-Kit.jpg","type":"image\/jpeg"}],"twitter_card":"summary_large_image","twitter_site":"@natur__kosmetik","schema":{"@context":"https:\/\/schema.org","@graph":[{"@type":["WebPage","ItemPage"],"@id":"https:\/\/www.lraloeverashop.eu\/fr\/produit\/zeitgard-pro-kit-peeling-visage\/","url":"https:\/\/www.lraloeverashop.eu\/fr\/produit\/zeitgard-pro-kit-peeling-visage\/","name":"Zeitgard Pro Kit Peeling Visage - Institut de beaut\u00e9 \u00e0 domicile","isPartOf":{"@id":"https:\/\/www.lraloeverashop.eu\/fr\/#website"},"primaryImageOfPage":{"@id":"https:\/\/www.lraloeverashop.eu\/fr\/produit\/zeitgard-pro-kit-peeling-visage\/#primaryimage"},"image":{"@id":"https:\/\/www.lraloeverashop.eu\/fr\/produit\/zeitgard-pro-kit-peeling-visage\/#primaryimage"},"thumbnailUrl":"https:\/\/www.lraloeverashop.eu\/wp-content\/uploads\/2022\/10\/Zeitgard-Skin-Peeling-Kit.jpg","datePublished":"2022-10-21T12:19:21+00:00","dateModified":"2026-02-02T18:19:52+00:00","description":"Le Zeitgard Pro Kit Peeling Visage avec des vibrations ultrasonores \u00e9liminant efficacement la salet\u00e9, les points blancs, les cellules mortes de la couche.","breadcrumb":{"@id":"https:\/\/www.lraloeverashop.eu\/fr\/produit\/zeitgard-pro-kit-peeling-visage\/#breadcrumb"},"inLanguage":"fr-FR","potentialAction":[{"@type":"ReadAction","target":["https:\/\/www.lraloeverashop.eu\/fr\/produit\/zeitgard-pro-kit-peeling-visage\/"]}]},{"@type":"ImageObject","inLanguage":"fr-FR","@id":"https:\/\/www.lraloeverashop.eu\/fr\/produit\/zeitgard-pro-kit-peeling-visage\/#primaryimage","url":"https:\/\/www.lraloeverashop.eu\/wp-content\/uploads\/2022\/10\/Zeitgard-Skin-Peeling-Kit.jpg","contentUrl":"https:\/\/www.lraloeverashop.eu\/wp-content\/uploads\/2022\/10\/Zeitgard-Skin-Peeling-Kit.jpg","width":1200,"height":1200,"caption":"Kit peeling visage Zeitgard Pro"},{"@type":"BreadcrumbList","@id":"https:\/\/www.lraloeverashop.eu\/fr\/produit\/zeitgard-pro-kit-peeling-visage\/#breadcrumb","itemListElement":[{"@type":"ListItem","position":1,"name":"Home","item":"https:\/\/www.lraloeverashop.eu\/fr\/"},{"@type":"ListItem","position":2,"name":"Boutique","item":"https:\/\/www.lraloeverashop.eu\/fr\/boutique\/"},{"@type":"ListItem","position":3,"name":"Zeitgard Pro Kit Peeling Visage"}]},{"@type":"WebSite","@id":"https:\/\/www.lraloeverashop.eu\/fr\/#website","url":"https:\/\/www.lraloeverashop.eu\/fr\/","name":"Boutique Lr Aloe Vera","description":"High Quality Lr Aloe Vera Gel, Aloe Vera Cream and Shampoo","publisher":{"@id":"https:\/\/www.lraloeverashop.eu\/fr\/#organization"},"potentialAction":[{"@type":"SearchAction","target":{"@type":"EntryPoint","urlTemplate":"https:\/\/www.lraloeverashop.eu\/fr\/?s={search_term_string}"},"query-input":{"@type":"PropertyValueSpecification","valueRequired":true,"valueName":"search_term_string"}}],"inLanguage":"fr-FR"},{"@type":"Organization","@id":"https:\/\/www.lraloeverashop.eu\/fr\/#organization","name":"Boutique Lr Aloe Vera","alternateName":"LR","url":"https:\/\/www.lraloeverashop.eu\/fr\/","logo":{"@type":"ImageObject","inLanguage":"fr-FR","@id":"https:\/\/www.lraloeverashop.eu\/fr\/#\/schema\/logo\/image\/","url":"https:\/\/www.lraloeverashop.eu\/wp-content\/uploads\/2022\/09\/cropped-Lr-Aloe-Vera-Shop.jpg","contentUrl":"https:\/\/www.lraloeverashop.eu\/wp-content\/uploads\/2022\/09\/cropped-Lr-Aloe-Vera-Shop.jpg","width":228,"height":76,"caption":"Boutique Lr Aloe Vera"},"image":{"@id":"https:\/\/www.lraloeverashop.eu\/fr\/#\/schema\/logo\/image\/"},"sameAs":["https:\/\/www.facebook.com\/lraloeverashop.eu","https:\/\/x.com\/natur__kosmetik","https:\/\/www.youtube.com\/channel\/UC5oN7BJ8nfYb8RpVtjwDEBA","https:\/\/www.instagram.com\/lrbeautyeu\/"],"description":"La boutique LR Aloe Vera est votre destination de confiance pour les produits de sant\u00e9 et de beaut\u00e9 haut de gamme LR, fabriqu\u00e9s en Allemagne. Nous proposons des soins de la peau, des compl\u00e9ments nutritionnels et des solutions anti-\u00e2ge \u00e0 l'aloe vera de haute qualit\u00e9, \u00e9labor\u00e9s \u00e0 partir d'ingr\u00e9dients purs et valid\u00e9s par la recherche scientifique. D\u00e9couvrez des soins naturels qui r\u00e9g\u00e9n\u00e8rent, prot\u00e8gent et revitalisent votre peau, et profitez d'offres mensuelles exclusives sur nos produits LR Aloe Vera les plus vendus.\n\nCommencez d\u00e8s aujourd'hui votre parcours vers des soins naturels et constatez la diff\u00e9rence.","email":"info@lraloeverashop.eu","telephone":"+49 17670609653","legalName":"Lr Aloe Vera Shop","foundingDate":"2018-04-21","numberOfEmployees":{"@type":"QuantitativeValue","minValue":"1","maxValue":"10"}}]},"product_price_amount":"335.99","product_price_currency":"EUR","og_availability":"instock","product_availability":"instock","product_retailer_item_id":"70110-2FR","product_condition":"new"},"taxonomy_info":{"product_cat":[{"value":278,"label":"Femmes de plus de 40 ans"},{"value":284,"label":"Femmes jusqu'\u00e0 40 ans"},{"value":272,"label":"Hommes \u00e0 partir de 25 ans"},{"value":266,"label":"Soins anti-\u00e2ge"},{"value":290,"label":"Zeitgard Pro"}],"product_tag":[{"value":698,"label":"pour les rides du visage"}]},"featured_image_src_large":["https:\/\/www.lraloeverashop.eu\/wp-content\/uploads\/2022\/10\/Zeitgard-Skin-Peeling-Kit-1024x1024.jpg",1024,1024,true],"author_info":[],"comment_info":0,"_links":{"self":[{"href":"https:\/\/www.lraloeverashop.eu\/fr\/wp-json\/wp\/v2\/product\/8332","targetHints":{"allow":["GET"]}}],"collection":[{"href":"https:\/\/www.lraloeverashop.eu\/fr\/wp-json\/wp\/v2\/product"}],"about":[{"href":"https:\/\/www.lraloeverashop.eu\/fr\/wp-json\/wp\/v2\/types\/product"}],"replies":[{"embeddable":true,"href":"https:\/\/www.lraloeverashop.eu\/fr\/wp-json\/wp\/v2\/comments?post=8332"}],"wp:featuredmedia":[{"embeddable":true,"href":"https:\/\/www.lraloeverashop.eu\/fr\/wp-json\/wp\/v2\/media\/6006"}],"wp:attachment":[{"href":"https:\/\/www.lraloeverashop.eu\/fr\/wp-json\/wp\/v2\/media?parent=8332"}],"wp:term":[{"taxonomy":"product_brand","embeddable":true,"href":"https:\/\/www.lraloeverashop.eu\/fr\/wp-json\/wp\/v2\/product_brand?post=8332"},{"taxonomy":"product_cat","embeddable":true,"href":"https:\/\/www.lraloeverashop.eu\/fr\/wp-json\/wp\/v2\/product_cat?post=8332"},{"taxonomy":"product_tag","embeddable":true,"href":"https:\/\/www.lraloeverashop.eu\/fr\/wp-json\/wp\/v2\/product_tag?post=8332"}],"curies":[{"name":"wp","href":"https:\/\/api.w.org\/{rel}","templated":true}]}}