{"id":8328,"date":"2022-10-22T07:09:06","date_gmt":"2022-10-22T05:09:06","guid":{"rendered":"https:\/\/www.lraloeverashop.eu\/product\/lr-zeitgard-1-kit-classique\/"},"modified":"2026-02-02T19:19:15","modified_gmt":"2026-02-02T18:19:15","slug":"lr-zeitgard-1-kit-classique","status":"publish","type":"product","link":"https:\/\/www.lraloeverashop.eu\/fr\/produit\/lr-zeitgard-1-kit-classique\/","title":{"rendered":"Zeitgard Pro Set Nettoyant"},"content":{"rendered":"<h2><span style=\"font-size: 16pt; color: #000000;\"><strong>Zeitgard Pro Set Nettoyant<\/strong><\/span><\/h2>\n<p><span style=\"font-size: 14pt;\"><strong>Zeitgard Pro Set Nettoyant Nettoie jusqu&rsquo;\u00e0 10 fois plus efficacement qu&rsquo;un nettoyage manuel<\/strong><\/span><\/p>\n<p>Le nettoyage manuel conventionnel laisse souvent les plus fines particules de salet\u00e9 et de r\u00e9sidus de maquillage sur notre visage. Zeitgard Pro Set Nettoyant optimise notre nettoyage quotidien du visage, ne laissant qu&rsquo;une peau propre en profondeur avec un effet \u00ab\u00a0wow\u00a0\u00bb.<\/p>\n<p>Des centaines de filaments de <a href=\"https:\/\/www.lraloeverashop.eu\/fr\/produit\/zeitgard-brosse-classique\/\">brosse innovants<\/a> (poils) glissent sur la peau, \u00e9liminant les r\u00e9sidus qui peuvent obstruer les pores et rendre le teint p\u00e2le. Le soin quotidien nettoie efficacement la peau et rafra\u00eechit le teint. Son efficacit\u00e9 est prouv\u00e9e jusqu&rsquo;\u00e0 10 fois sup\u00e9rieure \u00e0 celle d&rsquo;un nettoyage manuel.*<\/p>\n<p>&nbsp;<\/p>\n<h3><span style=\"font-size: 16pt;\"><strong>Comment utiliser<\/strong><\/span><\/h3>\n<p>Id\u00e9alement, vous devriez commencer la journ\u00e9e avec le Zeitgard Pro Set Nettoyant. Commencez par humidifier votre visage et appliquez votre cr\u00e8me nettoyante Lr Zeitgard. La cr\u00e8me nettoyante Lr Zeitgard a \u00e9t\u00e9 con\u00e7ue pour fonctionner parfaitement avec la brosse <a href=\"https:\/\/www.lraloeverashop.eu\/fr\/produit\/mousse-nettoyante-visage-aloe-vera\/\">nettoyante pour le visage<\/a>. Les mouvements oscillants de l&rsquo;appareil cr\u00e9ent une mousse douce qui \u00e9limine en douceur et efficacement la salet\u00e9 et le surplus de s\u00e9bum.<\/p>\n<p>La cr\u00e8me nettoyante Lr Zeitgard m\u00e9nage la couche protectrice naturelle de la peau et, en combinaison avec la brosse nettoyante pour le visage, est 10 fois plus efficace qu&rsquo;un nettoyage manuel.<\/p>\n<p>Installez l&rsquo;adaptateur de brosse nettoyante, puis la brosse nettoyante pour le visage sur votre appareil. Les filaments antibact\u00e9riens et arrondis de la <a href=\"https:\/\/www.lraloeverashop.eu\/fr\/produit\/zeitgard-pro-kit-nettoyant-visage\/\">brosse nettoyante<\/a> pour le visage se d\u00e9placent d&rsquo;avant en arri\u00e8re \u00e0 la vitesse de l&rsquo;\u00e9clair, comme une brosse \u00e0 dents \u00e9lectrique, et donnent \u00e0 votre peau un nettoyage en profondeur tout en douceur.<\/p>\n<p>Allumez votre Zeitgard Pro et utilisez-le pour traiter en douceur les zones souhait\u00e9es de votre visage.<\/p>\n<p>C&rsquo;est \u00e0 vous de d\u00e9cider pendant combien de temps et avec quelle pression vous d\u00e9placez la brosse sur votre visage. Si la sensation est d\u00e9sagr\u00e9able, r\u00e9duisez la pression ou passez \u00e0 la section suivante de votre visage.<\/p>\n<p>Le mouvement oscillant et vibrant de Zeitgard Pro Set Nettoyant pour le visage stimule la circulation sanguine, rendant votre peau rayonnante et paraissant saine. Compl\u00e9tez votre routine de nettoyage avec le tonique facial Lr Zeitgard. Votre peau est maintenant r\u00e9veill\u00e9e et pr\u00eate pour votre routine de soins quotidiens.<\/p>\n<p>Le soir, vous devez nettoyer chaque section de votre visage pendant 20 \u00e0 30 secondes, selon le maquillage que vous avez utilis\u00e9. Compl\u00e9tez \u00e0 nouveau votre routine de nettoyage avec le tonique facial Lr Zeitgard, qui permettra \u00e0 toutes les <a href=\"https:\/\/www.lraloeverashop.eu\/fr\/produit\/nettoyant-visage-aloe-vera\/\">cr\u00e8mes<\/a> de nuit que vous utilisez de prendre pleinement effet sur votre peau parfaitement propre.<\/p>\n<p>Nous vous recommandons de remplacer la brosse nettoyante visage par l&rsquo;accessoire gommage visage pour une d\u00e9tox intense deux fois par semaine.<\/p>\n<h3><span style=\"font-size: 16pt;\"><strong>Les r\u00e9sultats::<\/strong><\/span><\/h3>\n<ul>\n<li>Am\u00e9lioration de la texture de la peau gr\u00e2ce \u00e0 un nettoyage en profondeur<\/li>\n<li>Meilleure pr\u00e9paration aux \u00e9tapes de soins ult\u00e9rieures<\/li>\n<li>Teint frais apr\u00e8s stimulation de la circulation sanguine<\/li>\n<\/ul>\n<p>La technologie antibact\u00e9rienne Microsilver dans les filaments de la brosse est unique : elle maintient la brosse hygi\u00e9niquement propre jusqu&rsquo;\u00e0 3 mois<\/p>\n<p>D\u00e9couvrez l&rsquo;effet d&rsquo;un nettoyage efficace avec Zeitgard Pro Set Nettoyant\u00a0pour une beaut\u00e9 intemporelle.<\/p>\n<p>*Selon une \u00e9tude scientifique r\u00e9alis\u00e9e par le c\u00e9l\u00e8bre Dermatest Institute GmbH. P\u00e9riode de candidature : 6 semaines (fin janvier \u00e0 d\u00e9but mars 2015), nombre de sujets : 40<\/p>\n","protected":false},"excerpt":{"rendered":"<ul>\n<li>Set comprend un Zeitgard Pro, un adaptateur, une brosse et une cr\u00e8me nettoyante<\/li>\n<li>Nettoie jusqu&rsquo;\u00e0 10 fois plus efficacement qu&rsquo;un nettoyage manuel<\/li>\n<li>Permet d&rsquo;obtenir un teint raffin\u00e9 et liss\u00e9<\/li>\n<li>Convient pour le nettoyage quotidien du visage<\/li>\n<li>Id\u00e9al pour tous les types de peau<\/li>\n<li>Fabriqu\u00e9 en Allemagne<\/li>\n<\/ul>\n<p style=\"text-align: left;\"><span style=\"color: #ff0000;\"><a style=\"color: #ff0000;\" href=\"https:\/\/shop.lrworld.com\/openpao?PHP=0vFlt7jT938BEnBI3a6e9w%3D%3D\"><span style=\"font-size: 14pt;\"><strong>Inscrivez-vous et \u00e9conomisez 35% sur chaque commande<\/strong><\/span><\/a><\/span><\/p>\n","protected":false},"featured_media":6042,"comment_status":"open","ping_status":"closed","template":"","meta":{"_kad_blocks_custom_css":"","_kad_blocks_head_custom_js":"","_kad_blocks_body_custom_js":"","_kad_blocks_footer_custom_js":"","_kadence_starter_templates_imported_post":false,"_kad_post_transparent":"default","_kad_post_title":"","_kad_post_layout":"default","_kad_post_sidebar_id":"","_kad_post_content_style":"default","_kad_post_vertical_padding":"default","_kad_post_feature":"","_kad_post_feature_position":"","_kad_post_header":false,"_kad_post_footer":false,"_kad_post_classname":""},"product_brand":[],"product_cat":[278,284,272,266,392,290],"product_tag":[640],"class_list":{"0":"post-8328","1":"product","2":"type-product","3":"status-publish","4":"has-post-thumbnail","6":"product_cat-femmes-de-plus-de-40-ans","7":"product_cat-femmes-jusqua-40-ans","8":"product_cat-hommes-a-partir-de-25-ans","9":"product_cat-soins-anti-age","10":"product_cat-zeitgard-fr","11":"product_cat-zeitgard-pro-fr","12":"product_tag-nettoyage-du-visage","14":"first","15":"instock","16":"taxable","17":"shipping-taxable","18":"purchasable","19":"product-type-simple","20":"entry","21":"content-bg","22":"loop-entry"},"yoast_head":"<!-- This site is optimized with the Yoast SEO Premium plugin v27.3 (Yoast SEO v27.3) - https:\/\/yoast.com\/product\/yoast-seo-premium-wordpress\/ -->\n<title>Zeitgard Pro Set Nettoyant Id\u00e9al pour tous les types de peau<\/title>\n<meta name=\"description\" content=\"Zeitgard Pro Set Nettoyant Visage optimise notre nettoyage quotidien du visage, ne laissant qu&#039;une peau propre en profondeur avec un effet &quot;wow&quot;.\" \/>\n<meta name=\"robots\" content=\"index, follow, max-snippet:-1, max-image-preview:large, max-video-preview:-1\" \/>\n<link rel=\"canonical\" href=\"https:\/\/www.lraloeverashop.eu\/fr\/produit\/lr-zeitgard-1-kit-classique\/\" \/>\n<meta property=\"og:locale\" content=\"fr_FR\" \/>\n<meta property=\"og:type\" content=\"article\" \/>\n<meta property=\"og:title\" content=\"Zeitgard Pro Set Nettoyant\" \/>\n<meta property=\"og:description\" content=\"Zeitgard Pro Set Nettoyant Visage optimise notre nettoyage quotidien du visage, ne laissant qu&#039;une peau propre en profondeur avec un effet &quot;wow&quot;.\" \/>\n<meta property=\"og:url\" content=\"https:\/\/www.lraloeverashop.eu\/fr\/produit\/lr-zeitgard-1-kit-classique\/\" \/>\n<meta property=\"og:site_name\" content=\"Boutique Lr Aloe Vera\" \/>\n<meta property=\"article:publisher\" content=\"https:\/\/www.facebook.com\/lraloeverashop.eu\" \/>\n<meta property=\"article:modified_time\" content=\"2026-02-02T18:19:15+00:00\" \/>\n<meta property=\"og:image\" content=\"https:\/\/www.lraloeverashop.eu\/wp-content\/uploads\/2022\/10\/Zeitgard-Pro-Cleansing-Set.jpg\" \/>\n\t<meta property=\"og:image:width\" content=\"1200\" \/>\n\t<meta property=\"og:image:height\" content=\"1200\" \/>\n\t<meta property=\"og:image:type\" content=\"image\/jpeg\" \/>\n<meta name=\"twitter:card\" content=\"summary_large_image\" \/>\n<meta name=\"twitter:site\" content=\"@natur__kosmetik\" \/>\n<script type=\"application\/ld+json\" class=\"yoast-schema-graph\">{\"@context\":\"https:\\\/\\\/schema.org\",\"@graph\":[{\"@type\":[\"WebPage\",\"ItemPage\"],\"@id\":\"https:\\\/\\\/www.lraloeverashop.eu\\\/fr\\\/produit\\\/lr-zeitgard-1-kit-classique\\\/\",\"url\":\"https:\\\/\\\/www.lraloeverashop.eu\\\/fr\\\/produit\\\/lr-zeitgard-1-kit-classique\\\/\",\"name\":\"Zeitgard Pro Set Nettoyant Id\u00e9al pour tous les types de peau\",\"isPartOf\":{\"@id\":\"https:\\\/\\\/www.lraloeverashop.eu\\\/fr\\\/#website\"},\"primaryImageOfPage\":{\"@id\":\"https:\\\/\\\/www.lraloeverashop.eu\\\/fr\\\/produit\\\/lr-zeitgard-1-kit-classique\\\/#primaryimage\"},\"image\":{\"@id\":\"https:\\\/\\\/www.lraloeverashop.eu\\\/fr\\\/produit\\\/lr-zeitgard-1-kit-classique\\\/#primaryimage\"},\"thumbnailUrl\":\"https:\\\/\\\/www.lraloeverashop.eu\\\/wp-content\\\/uploads\\\/2022\\\/10\\\/Zeitgard-Pro-Cleansing-Set.jpg\",\"datePublished\":\"2022-10-22T05:09:06+00:00\",\"dateModified\":\"2026-02-02T18:19:15+00:00\",\"description\":\"Zeitgard Pro Set Nettoyant Visage optimise notre nettoyage quotidien du visage, ne laissant qu'une peau propre en profondeur avec un effet \\\"wow\\\".\",\"breadcrumb\":{\"@id\":\"https:\\\/\\\/www.lraloeverashop.eu\\\/fr\\\/produit\\\/lr-zeitgard-1-kit-classique\\\/#breadcrumb\"},\"inLanguage\":\"fr-FR\",\"potentialAction\":[{\"@type\":\"ReadAction\",\"target\":[\"https:\\\/\\\/www.lraloeverashop.eu\\\/fr\\\/produit\\\/lr-zeitgard-1-kit-classique\\\/\"]}]},{\"@type\":\"ImageObject\",\"inLanguage\":\"fr-FR\",\"@id\":\"https:\\\/\\\/www.lraloeverashop.eu\\\/fr\\\/produit\\\/lr-zeitgard-1-kit-classique\\\/#primaryimage\",\"url\":\"https:\\\/\\\/www.lraloeverashop.eu\\\/wp-content\\\/uploads\\\/2022\\\/10\\\/Zeitgard-Pro-Cleansing-Set.jpg\",\"contentUrl\":\"https:\\\/\\\/www.lraloeverashop.eu\\\/wp-content\\\/uploads\\\/2022\\\/10\\\/Zeitgard-Pro-Cleansing-Set.jpg\",\"width\":1200,\"height\":1200,\"caption\":\"Setde nettoyage Zeitgard Pro\"},{\"@type\":\"BreadcrumbList\",\"@id\":\"https:\\\/\\\/www.lraloeverashop.eu\\\/fr\\\/produit\\\/lr-zeitgard-1-kit-classique\\\/#breadcrumb\",\"itemListElement\":[{\"@type\":\"ListItem\",\"position\":1,\"name\":\"Home\",\"item\":\"https:\\\/\\\/www.lraloeverashop.eu\\\/fr\\\/\"},{\"@type\":\"ListItem\",\"position\":2,\"name\":\"Boutique\",\"item\":\"https:\\\/\\\/www.lraloeverashop.eu\\\/fr\\\/boutique\\\/\"},{\"@type\":\"ListItem\",\"position\":3,\"name\":\"Zeitgard Pro Set Nettoyant\"}]},{\"@type\":\"WebSite\",\"@id\":\"https:\\\/\\\/www.lraloeverashop.eu\\\/fr\\\/#website\",\"url\":\"https:\\\/\\\/www.lraloeverashop.eu\\\/fr\\\/\",\"name\":\"Boutique Lr Aloe Vera\",\"description\":\"High Quality Lr Aloe Vera Gel, Aloe Vera Cream and Shampoo\",\"publisher\":{\"@id\":\"https:\\\/\\\/www.lraloeverashop.eu\\\/fr\\\/#organization\"},\"potentialAction\":[{\"@type\":\"SearchAction\",\"target\":{\"@type\":\"EntryPoint\",\"urlTemplate\":\"https:\\\/\\\/www.lraloeverashop.eu\\\/fr\\\/?s={search_term_string}\"},\"query-input\":{\"@type\":\"PropertyValueSpecification\",\"valueRequired\":true,\"valueName\":\"search_term_string\"}}],\"inLanguage\":\"fr-FR\"},{\"@type\":\"Organization\",\"@id\":\"https:\\\/\\\/www.lraloeverashop.eu\\\/fr\\\/#organization\",\"name\":\"Boutique Lr Aloe Vera\",\"alternateName\":\"LR\",\"url\":\"https:\\\/\\\/www.lraloeverashop.eu\\\/fr\\\/\",\"logo\":{\"@type\":\"ImageObject\",\"inLanguage\":\"fr-FR\",\"@id\":\"https:\\\/\\\/www.lraloeverashop.eu\\\/fr\\\/#\\\/schema\\\/logo\\\/image\\\/\",\"url\":\"https:\\\/\\\/www.lraloeverashop.eu\\\/wp-content\\\/uploads\\\/2022\\\/09\\\/cropped-Lr-Aloe-Vera-Shop.jpg\",\"contentUrl\":\"https:\\\/\\\/www.lraloeverashop.eu\\\/wp-content\\\/uploads\\\/2022\\\/09\\\/cropped-Lr-Aloe-Vera-Shop.jpg\",\"width\":228,\"height\":76,\"caption\":\"Boutique Lr Aloe Vera\"},\"image\":{\"@id\":\"https:\\\/\\\/www.lraloeverashop.eu\\\/fr\\\/#\\\/schema\\\/logo\\\/image\\\/\"},\"sameAs\":[\"https:\\\/\\\/www.facebook.com\\\/lraloeverashop.eu\",\"https:\\\/\\\/x.com\\\/natur__kosmetik\",\"https:\\\/\\\/www.youtube.com\\\/channel\\\/UC5oN7BJ8nfYb8RpVtjwDEBA\",\"https:\\\/\\\/www.instagram.com\\\/lrbeautyeu\\\/\"]}]}<\/script>\n<meta property=\"product:price:amount\" content=\"349.99\" \/>\n<meta property=\"product:price:currency\" content=\"EUR\" \/>\n<meta property=\"og:availability\" content=\"instock\" \/>\n<meta property=\"product:availability\" content=\"instock\" \/>\n<meta property=\"product:retailer_item_id\" content=\"70106-1FR\" \/>\n<meta property=\"product:condition\" content=\"new\" \/>\n<!-- \/ Yoast SEO Premium plugin. -->","yoast_head_json":{"title":"Zeitgard Pro Set Nettoyant Id\u00e9al pour tous les types de peau","description":"Zeitgard Pro Set Nettoyant Visage optimise notre nettoyage quotidien du visage, ne laissant qu'une peau propre en profondeur avec un effet \"wow\".","robots":{"index":"index","follow":"follow","max-snippet":"max-snippet:-1","max-image-preview":"max-image-preview:large","max-video-preview":"max-video-preview:-1"},"canonical":"https:\/\/www.lraloeverashop.eu\/fr\/produit\/lr-zeitgard-1-kit-classique\/","og_locale":"fr_FR","og_type":"article","og_title":"Zeitgard Pro Set Nettoyant","og_description":"Zeitgard Pro Set Nettoyant Visage optimise notre nettoyage quotidien du visage, ne laissant qu'une peau propre en profondeur avec un effet \"wow\".","og_url":"https:\/\/www.lraloeverashop.eu\/fr\/produit\/lr-zeitgard-1-kit-classique\/","og_site_name":"Boutique Lr Aloe Vera","article_publisher":"https:\/\/www.facebook.com\/lraloeverashop.eu","article_modified_time":"2026-02-02T18:19:15+00:00","og_image":[{"width":1200,"height":1200,"url":"https:\/\/www.lraloeverashop.eu\/wp-content\/uploads\/2022\/10\/Zeitgard-Pro-Cleansing-Set.jpg","type":"image\/jpeg"}],"twitter_card":"summary_large_image","twitter_site":"@natur__kosmetik","schema":{"@context":"https:\/\/schema.org","@graph":[{"@type":["WebPage","ItemPage"],"@id":"https:\/\/www.lraloeverashop.eu\/fr\/produit\/lr-zeitgard-1-kit-classique\/","url":"https:\/\/www.lraloeverashop.eu\/fr\/produit\/lr-zeitgard-1-kit-classique\/","name":"Zeitgard Pro Set Nettoyant Id\u00e9al pour tous les types de peau","isPartOf":{"@id":"https:\/\/www.lraloeverashop.eu\/fr\/#website"},"primaryImageOfPage":{"@id":"https:\/\/www.lraloeverashop.eu\/fr\/produit\/lr-zeitgard-1-kit-classique\/#primaryimage"},"image":{"@id":"https:\/\/www.lraloeverashop.eu\/fr\/produit\/lr-zeitgard-1-kit-classique\/#primaryimage"},"thumbnailUrl":"https:\/\/www.lraloeverashop.eu\/wp-content\/uploads\/2022\/10\/Zeitgard-Pro-Cleansing-Set.jpg","datePublished":"2022-10-22T05:09:06+00:00","dateModified":"2026-02-02T18:19:15+00:00","description":"Zeitgard Pro Set Nettoyant Visage optimise notre nettoyage quotidien du visage, ne laissant qu'une peau propre en profondeur avec un effet \"wow\".","breadcrumb":{"@id":"https:\/\/www.lraloeverashop.eu\/fr\/produit\/lr-zeitgard-1-kit-classique\/#breadcrumb"},"inLanguage":"fr-FR","potentialAction":[{"@type":"ReadAction","target":["https:\/\/www.lraloeverashop.eu\/fr\/produit\/lr-zeitgard-1-kit-classique\/"]}]},{"@type":"ImageObject","inLanguage":"fr-FR","@id":"https:\/\/www.lraloeverashop.eu\/fr\/produit\/lr-zeitgard-1-kit-classique\/#primaryimage","url":"https:\/\/www.lraloeverashop.eu\/wp-content\/uploads\/2022\/10\/Zeitgard-Pro-Cleansing-Set.jpg","contentUrl":"https:\/\/www.lraloeverashop.eu\/wp-content\/uploads\/2022\/10\/Zeitgard-Pro-Cleansing-Set.jpg","width":1200,"height":1200,"caption":"Setde nettoyage Zeitgard Pro"},{"@type":"BreadcrumbList","@id":"https:\/\/www.lraloeverashop.eu\/fr\/produit\/lr-zeitgard-1-kit-classique\/#breadcrumb","itemListElement":[{"@type":"ListItem","position":1,"name":"Home","item":"https:\/\/www.lraloeverashop.eu\/fr\/"},{"@type":"ListItem","position":2,"name":"Boutique","item":"https:\/\/www.lraloeverashop.eu\/fr\/boutique\/"},{"@type":"ListItem","position":3,"name":"Zeitgard Pro Set Nettoyant"}]},{"@type":"WebSite","@id":"https:\/\/www.lraloeverashop.eu\/fr\/#website","url":"https:\/\/www.lraloeverashop.eu\/fr\/","name":"Boutique Lr Aloe Vera","description":"High Quality Lr Aloe Vera Gel, Aloe Vera Cream and Shampoo","publisher":{"@id":"https:\/\/www.lraloeverashop.eu\/fr\/#organization"},"potentialAction":[{"@type":"SearchAction","target":{"@type":"EntryPoint","urlTemplate":"https:\/\/www.lraloeverashop.eu\/fr\/?s={search_term_string}"},"query-input":{"@type":"PropertyValueSpecification","valueRequired":true,"valueName":"search_term_string"}}],"inLanguage":"fr-FR"},{"@type":"Organization","@id":"https:\/\/www.lraloeverashop.eu\/fr\/#organization","name":"Boutique Lr Aloe Vera","alternateName":"LR","url":"https:\/\/www.lraloeverashop.eu\/fr\/","logo":{"@type":"ImageObject","inLanguage":"fr-FR","@id":"https:\/\/www.lraloeverashop.eu\/fr\/#\/schema\/logo\/image\/","url":"https:\/\/www.lraloeverashop.eu\/wp-content\/uploads\/2022\/09\/cropped-Lr-Aloe-Vera-Shop.jpg","contentUrl":"https:\/\/www.lraloeverashop.eu\/wp-content\/uploads\/2022\/09\/cropped-Lr-Aloe-Vera-Shop.jpg","width":228,"height":76,"caption":"Boutique Lr Aloe Vera"},"image":{"@id":"https:\/\/www.lraloeverashop.eu\/fr\/#\/schema\/logo\/image\/"},"sameAs":["https:\/\/www.facebook.com\/lraloeverashop.eu","https:\/\/x.com\/natur__kosmetik","https:\/\/www.youtube.com\/channel\/UC5oN7BJ8nfYb8RpVtjwDEBA","https:\/\/www.instagram.com\/lrbeautyeu\/"]}]},"product_price_amount":"349.99","product_price_currency":"EUR","og_availability":"instock","product_availability":"instock","product_retailer_item_id":"70106-1FR","product_condition":"new"},"taxonomy_info":{"product_cat":[{"value":278,"label":"Femmes de plus de 40 ans"},{"value":284,"label":"Femmes jusqu'\u00e0 40 ans"},{"value":272,"label":"Hommes \u00e0 partir de 25 ans"},{"value":266,"label":"Soins anti-\u00e2ge"},{"value":392,"label":"Zeitgard"},{"value":290,"label":"Zeitgard Pro"}],"product_tag":[{"value":640,"label":"Nettoyage du visage"}]},"featured_image_src_large":["https:\/\/www.lraloeverashop.eu\/wp-content\/uploads\/2022\/10\/Zeitgard-Pro-Cleansing-Set-1024x1024.jpg",1024,1024,true],"author_info":[],"comment_info":0,"_links":{"self":[{"href":"https:\/\/www.lraloeverashop.eu\/fr\/wp-json\/wp\/v2\/product\/8328","targetHints":{"allow":["GET"]}}],"collection":[{"href":"https:\/\/www.lraloeverashop.eu\/fr\/wp-json\/wp\/v2\/product"}],"about":[{"href":"https:\/\/www.lraloeverashop.eu\/fr\/wp-json\/wp\/v2\/types\/product"}],"replies":[{"embeddable":true,"href":"https:\/\/www.lraloeverashop.eu\/fr\/wp-json\/wp\/v2\/comments?post=8328"}],"wp:featuredmedia":[{"embeddable":true,"href":"https:\/\/www.lraloeverashop.eu\/fr\/wp-json\/wp\/v2\/media\/6042"}],"wp:attachment":[{"href":"https:\/\/www.lraloeverashop.eu\/fr\/wp-json\/wp\/v2\/media?parent=8328"}],"wp:term":[{"taxonomy":"product_brand","embeddable":true,"href":"https:\/\/www.lraloeverashop.eu\/fr\/wp-json\/wp\/v2\/product_brand?post=8328"},{"taxonomy":"product_cat","embeddable":true,"href":"https:\/\/www.lraloeverashop.eu\/fr\/wp-json\/wp\/v2\/product_cat?post=8328"},{"taxonomy":"product_tag","embeddable":true,"href":"https:\/\/www.lraloeverashop.eu\/fr\/wp-json\/wp\/v2\/product_tag?post=8328"}],"curies":[{"name":"wp","href":"https:\/\/api.w.org\/{rel}","templated":true}]}}