{"id":8326,"date":"2022-10-22T08:09:28","date_gmt":"2022-10-22T06:09:28","guid":{"rendered":"https:\/\/www.lraloeverashop.eu\/product\/zeitgard-pro-set-de-soin-de-la-peau\/"},"modified":"2026-02-02T19:18:58","modified_gmt":"2026-02-02T18:18:58","slug":"zeitgard-pro-set-de-soin-de-la-peau","status":"publish","type":"product","link":"https:\/\/www.lraloeverashop.eu\/fr\/produit\/zeitgard-pro-set-de-soin-de-la-peau\/","title":{"rendered":"Zeitgard Pro Set de Soin de la peau"},"content":{"rendered":"<h2><span style=\"font-size: 16pt; color: #000000;\"><strong>Zeitgard Pro Set de Soin de la peau<\/strong><\/span><\/h2>\n<p><span style=\"font-size: 14pt;\"><strong>Zeitgard Pro Set de Soin de la peau pour une Beaut\u00e9 intemporelle<\/strong><\/span><\/p>\n<p>Arr\u00eatons le temps avec notre syst\u00e8me de soins au niveau du salon!<br \/>\nZeitgard Pro Set de Soin de la peau est une combinaison de technologies innovantes, d&rsquo;agents de soin efficaces, de textures uniques et d&rsquo;une qualit\u00e9 sup\u00e9rieure \u00ab\u00a0Made in Germany\u00a0\u00bb, pour des r\u00e9sultats durables qui garantissent que nous ne subissons pas les effets visuels de la vieillesse mais que nous devenons plus beaux.<\/p>\n<p>Zeitgard Pro Set de Soin de la peau est un appareil de haute technologie exceptionnel qui combine des technologies avanc\u00e9es telles que les ultrasons et l&rsquo;oscillation avec quatre accessoires de beaut\u00e9 diff\u00e9rents de qualit\u00e9 professionnelle.<\/p>\n<p>Lors du changement d&rsquo;accessoires, l&rsquo;appareil intelligent reconna\u00eet la technologie utilis\u00e9e.<\/p>\n<p>&nbsp;<\/p>\n<h3><span style=\"font-size: 16pt;\"><strong>Set comprend:<\/strong><\/span><\/h3>\n<p><strong>Zeitgard Pro Appareil cosm\u00e9tique: <\/strong>Lr Zeitgard Pro est un syst\u00e8me de nettoyage et de soin adaptable individuellement, scientifiquement con\u00e7u et n\u00e9anmoins simple qui r\u00e9pond aux besoins de soins de la peau li\u00e9s \u00e0 l&rsquo;\u00e2ge et individuels.<\/p>\n<p><strong>Accessoire de nettoyage du visage: <\/strong>Accessoire de nettoyage professionnel avec oscillation. Il peut \u00eatre utilis\u00e9 pour votre nettoyage quotidien du visage le matin, mais aussi le soir pour d\u00e9barrasser votre visage du maquillage et de la salet\u00e9. Bien nettoyer son visage est un pr\u00e9-requis pour un soin du visage efficace. Car seule une peau propre et nette peut vraiment absorber les pr\u00e9cieux ingr\u00e9dients des soins que vous appliquez ensuite.<\/p>\n<p><strong>Accessoire peeling visage:<\/strong> Accessoire peeling intensif avec ultrasons. Le peeling est l&rsquo;un des meilleurs moyens d&rsquo;obtenir une peau absolument nette. <a href=\"https:\/\/www.lraloeverashop.eu\/fr\/produit\/zeitgard-pro-accessoire-peeling-visage\/\">L&rsquo;accessoire de gommage du visage<\/a> fonctionne avec des vibrations ultrasonores, qui agissent au contact de la peau, \u00e9liminant efficacement la salet\u00e9, les points blancs, les cellules mortes de la couche corn\u00e9e de l&rsquo;\u00e9piderme et l&rsquo;exc\u00e8s de s\u00e9bum sur le surface.<\/p>\n<p><strong>Accessoire Anti-\u00c2ge visage:<\/strong> <a href=\"https:\/\/www.lraloeverashop.eu\/fr\/produit\/zeitgard-pro-accessoire-anti-age\/\">Accessoire anti-\u00e2ge<\/a> efficace avec ultrasons. Les vibrations ultrasonores agissent comme un entra\u00eenement passif des contours de vos muscles faciaux, remettent en forme les zones de peau enfonc\u00e9es, favorisent la circulation sanguine, stimulent activement les bioprocessus ralentis des tissus et doublent la formation de collag\u00e8ne et d&rsquo;\u00e9lastine du corps. Votre peau devient plus ferme et plus tonique. L&rsquo;\u00e9lasticit\u00e9 de la peau augmente et le tissu conjonctif est tendu. Les lignes de rire et les rides s\u00e8ches sont r\u00e9duites.<\/p>\n<p><strong>Accessoire de massage corporel: <\/strong>Accessoire de massage corporel raffermissant avec ultrasons et vibrations<br \/>\n<a href=\"https:\/\/www.lraloeverashop.eu\/fr\/produit\/zeitgard-pro-accessoire-de-massage-corporel\/\">L&rsquo;accessoire de massage corporel<\/a> du kit de soins de la peau Zeitgard Pro a \u00e9t\u00e9 principalement con\u00e7u pour raffermir la peau du haut des bras, du ventre, des jambes et des fesses. Nous recommandons le Body Skincare Attachment aux femmes \u00e0 partir de l&rsquo;\u00e2ge\u00a025 qui souhaitent avoir une peau lisse sans signes de cellulite (peau d&rsquo;orange) &#8211; il retend la peau, lui donne de la fermet\u00e9 et favorise la capacit\u00e9 naturelle de l&rsquo;organisme \u00e0 \u00e9liminer les polluants via le syst\u00e8me vasculaire et lymphatique.<\/p>\n<p><strong>Cr\u00e8me Corporelle Raffermissante Zeitgard: <\/strong>La cr\u00e8me corporelle raffermissante avec syst\u00e8me de transport de substance active contient une substance active encapsul\u00e9e qui raffermit la peau et r\u00e9duit la rugosit\u00e9 de la peau. Il reconstruit la structure naturelle du collag\u00e8ne de la peau, l&rsquo;hydrate et le lie \u00e0 la peau. Le panth\u00e9nol et la vitamine E renforcent votre fonction barri\u00e8re, l&rsquo;acide hyaluronique la repulpe visiblement. La peau a plus d&rsquo;\u00e9lasticit\u00e9 et de r\u00e9silience et est soyeuse et lisse.<\/p>\n<p><strong>Cr\u00e8me nettoyante Zeitgard Pro: <\/strong>La cr\u00e8me nettoyante du Zeitgard Pro Set de soins de la peau nettoie en douceur mais en profondeur la peau du visage en combinaison avec l&rsquo;accessoire de nettoyage du visage. La cr\u00e8me d\u00e9licate \u00e0 l&rsquo;extrait d&rsquo;Harungana soutient la r\u00e9g\u00e9n\u00e9ration de la peau et am\u00e9liore son apparence. R\u00e9sultat : un teint revitalis\u00e9 et l\u00e9g\u00e8rement matifi\u00e9.<\/p>\n<p><strong>Tonique pour le visage Zeitgard Pro: <\/strong>Le toner facial clarifie et apaise la peau apr\u00e8s le traitement avec la brosse nettoyante ou le peeling par cavitation. Il renforce la fonction protectrice naturelle de la peau avec du zinc, de l&rsquo;allanto\u00efne et du panth\u00e9nol et a un effet tonifiant gr\u00e2ce \u00e0 l&rsquo;extrait d&rsquo;Harungana. La formule sans alcool convient \u00e0 tous les types de peau et restaure le pH naturel de la peau.<\/p>\n<p>Appareil cosm\u00e9tique \u00e0 usage domestique avec embouts interchangeables, brevet d\u00e9pos\u00e9 en Allemagne : Brevet n\u00b0 : 10 2022 200 747.6<\/p>\n","protected":false},"excerpt":{"rendered":"<ul>\n<li>Appareil de haute technologie avec des technologies avanc\u00e9es telles que les ultrasons et l&rsquo;oscillation<\/li>\n<li>Avec quatre accessoires de beaut\u00e9 professionnels pour le visage et le corps<\/li>\n<li>Changement facile des accessoires via la fonction clic<\/li>\n<li>Institut de beaut\u00e9 \u00e0 domicile<\/li>\n<li>Fabriqu\u00e9 en Allemagne<\/li>\n<\/ul>\n<p style=\"text-align: left;\"><span style=\"color: #ff0000;\"><a style=\"color: #ff0000;\" href=\"https:\/\/shop.lrworld.com\/openpao?PHP=0vFlt7jT938BEnBI3a6e9w%3D%3D\"><span style=\"font-size: 14pt;\"><strong>Inscrivez-vous et \u00e9conomisez 35% sur chaque commande<\/strong><\/span><\/a><\/span><\/p>\n","protected":false},"featured_media":6060,"comment_status":"open","ping_status":"closed","template":"","meta":{"_kad_blocks_custom_css":"","_kad_blocks_head_custom_js":"","_kad_blocks_body_custom_js":"","_kad_blocks_footer_custom_js":"","_kadence_starter_templates_imported_post":false,"_kad_post_transparent":"default","_kad_post_title":"","_kad_post_layout":"default","_kad_post_sidebar_id":"","_kad_post_content_style":"default","_kad_post_vertical_padding":"default","_kad_post_feature":"","_kad_post_feature_position":"","_kad_post_header":false,"_kad_post_footer":false,"_kad_post_classname":""},"product_brand":[],"product_cat":[278,284,272,266,392,290],"product_tag":[640,698,699],"class_list":{"0":"post-8326","1":"product","2":"type-product","3":"status-publish","4":"has-post-thumbnail","6":"product_cat-femmes-de-plus-de-40-ans","7":"product_cat-femmes-jusqua-40-ans","8":"product_cat-hommes-a-partir-de-25-ans","9":"product_cat-soins-anti-age","10":"product_cat-zeitgard-fr","11":"product_cat-zeitgard-pro-fr","12":"product_tag-nettoyage-du-visage","13":"product_tag-pour-les-rides-du-visage","14":"product_tag-pour-les-rides-sous-les-yeux","16":"first","17":"instock","18":"taxable","19":"shipping-taxable","20":"purchasable","21":"product-type-simple","22":"entry","23":"content-bg","24":"loop-entry"},"yoast_head":"<!-- This site is optimized with the Yoast SEO Premium plugin v27.4 (Yoast SEO v27.4) - https:\/\/yoast.com\/product\/yoast-seo-premium-wordpress\/ -->\n<title>Zeitgard Pro Set de Soin de la peau pour une Beaut\u00e9 intemporelle<\/title>\n<meta name=\"description\" content=\"Arr\u00eatons le temps avec notre syst\u00e8me de soins au niveau du salon! Zeitgard Pro Set de Soin de la peau est une combinaison de technologies innovantes\" \/>\n<meta name=\"robots\" content=\"index, follow, max-snippet:-1, max-image-preview:large, max-video-preview:-1\" \/>\n<link rel=\"canonical\" href=\"https:\/\/www.lraloeverashop.eu\/fr\/produit\/zeitgard-pro-set-de-soin-de-la-peau\/\" \/>\n<meta property=\"og:locale\" content=\"fr_FR\" \/>\n<meta property=\"og:type\" content=\"article\" \/>\n<meta property=\"og:title\" content=\"Zeitgard Pro Set de Soin de la peau\" \/>\n<meta property=\"og:description\" content=\"Arr\u00eatons le temps avec notre syst\u00e8me de soins au niveau du salon! Zeitgard Pro Set de Soin de la peau est une combinaison de technologies innovantes\" \/>\n<meta property=\"og:url\" content=\"https:\/\/www.lraloeverashop.eu\/fr\/produit\/zeitgard-pro-set-de-soin-de-la-peau\/\" \/>\n<meta property=\"og:site_name\" content=\"Boutique Lr Aloe Vera\" \/>\n<meta property=\"article:publisher\" content=\"https:\/\/www.facebook.com\/lraloeverashop.eu\" \/>\n<meta property=\"article:modified_time\" content=\"2026-02-02T18:18:58+00:00\" \/>\n<meta property=\"og:image\" content=\"https:\/\/www.lraloeverashop.eu\/wp-content\/uploads\/2022\/10\/Zeitgard-Pro-Skin-Care-Set.jpg\" \/>\n\t<meta property=\"og:image:width\" content=\"1200\" \/>\n\t<meta property=\"og:image:height\" content=\"1200\" \/>\n\t<meta property=\"og:image:type\" content=\"image\/jpeg\" \/>\n<meta name=\"twitter:card\" content=\"summary_large_image\" \/>\n<meta name=\"twitter:site\" content=\"@natur__kosmetik\" \/>\n<script type=\"application\/ld+json\" class=\"yoast-schema-graph\">{\"@context\":\"https:\\\/\\\/schema.org\",\"@graph\":[{\"@type\":[\"WebPage\",\"ItemPage\"],\"@id\":\"https:\\\/\\\/www.lraloeverashop.eu\\\/fr\\\/produit\\\/zeitgard-pro-set-de-soin-de-la-peau\\\/\",\"url\":\"https:\\\/\\\/www.lraloeverashop.eu\\\/fr\\\/produit\\\/zeitgard-pro-set-de-soin-de-la-peau\\\/\",\"name\":\"Zeitgard Pro Set de Soin de la peau pour une Beaut\u00e9 intemporelle\",\"isPartOf\":{\"@id\":\"https:\\\/\\\/www.lraloeverashop.eu\\\/fr\\\/#website\"},\"primaryImageOfPage\":{\"@id\":\"https:\\\/\\\/www.lraloeverashop.eu\\\/fr\\\/produit\\\/zeitgard-pro-set-de-soin-de-la-peau\\\/#primaryimage\"},\"image\":{\"@id\":\"https:\\\/\\\/www.lraloeverashop.eu\\\/fr\\\/produit\\\/zeitgard-pro-set-de-soin-de-la-peau\\\/#primaryimage\"},\"thumbnailUrl\":\"https:\\\/\\\/www.lraloeverashop.eu\\\/wp-content\\\/uploads\\\/2022\\\/10\\\/Zeitgard-Pro-Skin-Care-Set.jpg\",\"datePublished\":\"2022-10-22T06:09:28+00:00\",\"dateModified\":\"2026-02-02T18:18:58+00:00\",\"description\":\"Arr\u00eatons le temps avec notre syst\u00e8me de soins au niveau du salon! Zeitgard Pro Set de Soin de la peau est une combinaison de technologies innovantes\",\"breadcrumb\":{\"@id\":\"https:\\\/\\\/www.lraloeverashop.eu\\\/fr\\\/produit\\\/zeitgard-pro-set-de-soin-de-la-peau\\\/#breadcrumb\"},\"inLanguage\":\"fr-FR\",\"potentialAction\":[{\"@type\":\"ReadAction\",\"target\":[\"https:\\\/\\\/www.lraloeverashop.eu\\\/fr\\\/produit\\\/zeitgard-pro-set-de-soin-de-la-peau\\\/\"]}]},{\"@type\":\"ImageObject\",\"inLanguage\":\"fr-FR\",\"@id\":\"https:\\\/\\\/www.lraloeverashop.eu\\\/fr\\\/produit\\\/zeitgard-pro-set-de-soin-de-la-peau\\\/#primaryimage\",\"url\":\"https:\\\/\\\/www.lraloeverashop.eu\\\/wp-content\\\/uploads\\\/2022\\\/10\\\/Zeitgard-Pro-Skin-Care-Set.jpg\",\"contentUrl\":\"https:\\\/\\\/www.lraloeverashop.eu\\\/wp-content\\\/uploads\\\/2022\\\/10\\\/Zeitgard-Pro-Skin-Care-Set.jpg\",\"width\":1200,\"height\":1200,\"caption\":\"Set de soins de la peau Zeitgard Pro\"},{\"@type\":\"BreadcrumbList\",\"@id\":\"https:\\\/\\\/www.lraloeverashop.eu\\\/fr\\\/produit\\\/zeitgard-pro-set-de-soin-de-la-peau\\\/#breadcrumb\",\"itemListElement\":[{\"@type\":\"ListItem\",\"position\":1,\"name\":\"Home\",\"item\":\"https:\\\/\\\/www.lraloeverashop.eu\\\/fr\\\/\"},{\"@type\":\"ListItem\",\"position\":2,\"name\":\"Boutique\",\"item\":\"https:\\\/\\\/www.lraloeverashop.eu\\\/fr\\\/boutique\\\/\"},{\"@type\":\"ListItem\",\"position\":3,\"name\":\"Zeitgard Pro Set de Soin de la peau\"}]},{\"@type\":\"WebSite\",\"@id\":\"https:\\\/\\\/www.lraloeverashop.eu\\\/fr\\\/#website\",\"url\":\"https:\\\/\\\/www.lraloeverashop.eu\\\/fr\\\/\",\"name\":\"Boutique Lr Aloe Vera\",\"description\":\"High Quality Lr Aloe Vera Gel, Aloe Vera Cream and Shampoo\",\"publisher\":{\"@id\":\"https:\\\/\\\/www.lraloeverashop.eu\\\/fr\\\/#organization\"},\"potentialAction\":[{\"@type\":\"SearchAction\",\"target\":{\"@type\":\"EntryPoint\",\"urlTemplate\":\"https:\\\/\\\/www.lraloeverashop.eu\\\/fr\\\/?s={search_term_string}\"},\"query-input\":{\"@type\":\"PropertyValueSpecification\",\"valueRequired\":true,\"valueName\":\"search_term_string\"}}],\"inLanguage\":\"fr-FR\"},{\"@type\":\"Organization\",\"@id\":\"https:\\\/\\\/www.lraloeverashop.eu\\\/fr\\\/#organization\",\"name\":\"Boutique Lr Aloe Vera\",\"alternateName\":\"LR\",\"url\":\"https:\\\/\\\/www.lraloeverashop.eu\\\/fr\\\/\",\"logo\":{\"@type\":\"ImageObject\",\"inLanguage\":\"fr-FR\",\"@id\":\"https:\\\/\\\/www.lraloeverashop.eu\\\/fr\\\/#\\\/schema\\\/logo\\\/image\\\/\",\"url\":\"https:\\\/\\\/www.lraloeverashop.eu\\\/wp-content\\\/uploads\\\/2022\\\/09\\\/cropped-Lr-Aloe-Vera-Shop.jpg\",\"contentUrl\":\"https:\\\/\\\/www.lraloeverashop.eu\\\/wp-content\\\/uploads\\\/2022\\\/09\\\/cropped-Lr-Aloe-Vera-Shop.jpg\",\"width\":228,\"height\":76,\"caption\":\"Boutique Lr Aloe Vera\"},\"image\":{\"@id\":\"https:\\\/\\\/www.lraloeverashop.eu\\\/fr\\\/#\\\/schema\\\/logo\\\/image\\\/\"},\"sameAs\":[\"https:\\\/\\\/www.facebook.com\\\/lraloeverashop.eu\",\"https:\\\/\\\/x.com\\\/natur__kosmetik\",\"https:\\\/\\\/www.youtube.com\\\/channel\\\/UC5oN7BJ8nfYb8RpVtjwDEBA\",\"https:\\\/\\\/www.instagram.com\\\/lrbeautyeu\\\/\"],\"description\":\"La boutique LR Aloe Vera est votre destination de confiance pour les produits de sant\u00e9 et de beaut\u00e9 haut de gamme LR, fabriqu\u00e9s en Allemagne. Nous proposons des soins de la peau, des compl\u00e9ments nutritionnels et des solutions anti-\u00e2ge \u00e0 l'aloe vera de haute qualit\u00e9, \u00e9labor\u00e9s \u00e0 partir d'ingr\u00e9dients purs et valid\u00e9s par la recherche scientifique. D\u00e9couvrez des soins naturels qui r\u00e9g\u00e9n\u00e8rent, prot\u00e8gent et revitalisent votre peau, et profitez d'offres mensuelles exclusives sur nos produits LR Aloe Vera les plus vendus.\\n\\nCommencez d\u00e8s aujourd'hui votre parcours vers des soins naturels et constatez la diff\u00e9rence.\",\"email\":\"info@lraloeverashop.eu\",\"telephone\":\"+49 17670609653\",\"legalName\":\"Lr Aloe Vera Shop\",\"foundingDate\":\"2018-04-21\",\"numberOfEmployees\":{\"@type\":\"QuantitativeValue\",\"minValue\":\"1\",\"maxValue\":\"10\"}}]}<\/script>\n<meta property=\"product:price:amount\" content=\"589.99\" \/>\n<meta property=\"product:price:currency\" content=\"EUR\" \/>\n<meta property=\"og:availability\" content=\"instock\" \/>\n<meta property=\"product:availability\" content=\"instock\" \/>\n<meta property=\"product:retailer_item_id\" content=\"70111-1FR\" \/>\n<meta property=\"product:condition\" content=\"new\" \/>\n<!-- \/ Yoast SEO Premium plugin. -->","yoast_head_json":{"title":"Zeitgard Pro Set de Soin de la peau pour une Beaut\u00e9 intemporelle","description":"Arr\u00eatons le temps avec notre syst\u00e8me de soins au niveau du salon! Zeitgard Pro Set de Soin de la peau est une combinaison de technologies innovantes","robots":{"index":"index","follow":"follow","max-snippet":"max-snippet:-1","max-image-preview":"max-image-preview:large","max-video-preview":"max-video-preview:-1"},"canonical":"https:\/\/www.lraloeverashop.eu\/fr\/produit\/zeitgard-pro-set-de-soin-de-la-peau\/","og_locale":"fr_FR","og_type":"article","og_title":"Zeitgard Pro Set de Soin de la peau","og_description":"Arr\u00eatons le temps avec notre syst\u00e8me de soins au niveau du salon! Zeitgard Pro Set de Soin de la peau est une combinaison de technologies innovantes","og_url":"https:\/\/www.lraloeverashop.eu\/fr\/produit\/zeitgard-pro-set-de-soin-de-la-peau\/","og_site_name":"Boutique Lr Aloe Vera","article_publisher":"https:\/\/www.facebook.com\/lraloeverashop.eu","article_modified_time":"2026-02-02T18:18:58+00:00","og_image":[{"width":1200,"height":1200,"url":"https:\/\/www.lraloeverashop.eu\/wp-content\/uploads\/2022\/10\/Zeitgard-Pro-Skin-Care-Set.jpg","type":"image\/jpeg"}],"twitter_card":"summary_large_image","twitter_site":"@natur__kosmetik","schema":{"@context":"https:\/\/schema.org","@graph":[{"@type":["WebPage","ItemPage"],"@id":"https:\/\/www.lraloeverashop.eu\/fr\/produit\/zeitgard-pro-set-de-soin-de-la-peau\/","url":"https:\/\/www.lraloeverashop.eu\/fr\/produit\/zeitgard-pro-set-de-soin-de-la-peau\/","name":"Zeitgard Pro Set de Soin de la peau pour une Beaut\u00e9 intemporelle","isPartOf":{"@id":"https:\/\/www.lraloeverashop.eu\/fr\/#website"},"primaryImageOfPage":{"@id":"https:\/\/www.lraloeverashop.eu\/fr\/produit\/zeitgard-pro-set-de-soin-de-la-peau\/#primaryimage"},"image":{"@id":"https:\/\/www.lraloeverashop.eu\/fr\/produit\/zeitgard-pro-set-de-soin-de-la-peau\/#primaryimage"},"thumbnailUrl":"https:\/\/www.lraloeverashop.eu\/wp-content\/uploads\/2022\/10\/Zeitgard-Pro-Skin-Care-Set.jpg","datePublished":"2022-10-22T06:09:28+00:00","dateModified":"2026-02-02T18:18:58+00:00","description":"Arr\u00eatons le temps avec notre syst\u00e8me de soins au niveau du salon! Zeitgard Pro Set de Soin de la peau est une combinaison de technologies innovantes","breadcrumb":{"@id":"https:\/\/www.lraloeverashop.eu\/fr\/produit\/zeitgard-pro-set-de-soin-de-la-peau\/#breadcrumb"},"inLanguage":"fr-FR","potentialAction":[{"@type":"ReadAction","target":["https:\/\/www.lraloeverashop.eu\/fr\/produit\/zeitgard-pro-set-de-soin-de-la-peau\/"]}]},{"@type":"ImageObject","inLanguage":"fr-FR","@id":"https:\/\/www.lraloeverashop.eu\/fr\/produit\/zeitgard-pro-set-de-soin-de-la-peau\/#primaryimage","url":"https:\/\/www.lraloeverashop.eu\/wp-content\/uploads\/2022\/10\/Zeitgard-Pro-Skin-Care-Set.jpg","contentUrl":"https:\/\/www.lraloeverashop.eu\/wp-content\/uploads\/2022\/10\/Zeitgard-Pro-Skin-Care-Set.jpg","width":1200,"height":1200,"caption":"Set de soins de la peau Zeitgard Pro"},{"@type":"BreadcrumbList","@id":"https:\/\/www.lraloeverashop.eu\/fr\/produit\/zeitgard-pro-set-de-soin-de-la-peau\/#breadcrumb","itemListElement":[{"@type":"ListItem","position":1,"name":"Home","item":"https:\/\/www.lraloeverashop.eu\/fr\/"},{"@type":"ListItem","position":2,"name":"Boutique","item":"https:\/\/www.lraloeverashop.eu\/fr\/boutique\/"},{"@type":"ListItem","position":3,"name":"Zeitgard Pro Set de Soin de la peau"}]},{"@type":"WebSite","@id":"https:\/\/www.lraloeverashop.eu\/fr\/#website","url":"https:\/\/www.lraloeverashop.eu\/fr\/","name":"Boutique Lr Aloe Vera","description":"High Quality Lr Aloe Vera Gel, Aloe Vera Cream and Shampoo","publisher":{"@id":"https:\/\/www.lraloeverashop.eu\/fr\/#organization"},"potentialAction":[{"@type":"SearchAction","target":{"@type":"EntryPoint","urlTemplate":"https:\/\/www.lraloeverashop.eu\/fr\/?s={search_term_string}"},"query-input":{"@type":"PropertyValueSpecification","valueRequired":true,"valueName":"search_term_string"}}],"inLanguage":"fr-FR"},{"@type":"Organization","@id":"https:\/\/www.lraloeverashop.eu\/fr\/#organization","name":"Boutique Lr Aloe Vera","alternateName":"LR","url":"https:\/\/www.lraloeverashop.eu\/fr\/","logo":{"@type":"ImageObject","inLanguage":"fr-FR","@id":"https:\/\/www.lraloeverashop.eu\/fr\/#\/schema\/logo\/image\/","url":"https:\/\/www.lraloeverashop.eu\/wp-content\/uploads\/2022\/09\/cropped-Lr-Aloe-Vera-Shop.jpg","contentUrl":"https:\/\/www.lraloeverashop.eu\/wp-content\/uploads\/2022\/09\/cropped-Lr-Aloe-Vera-Shop.jpg","width":228,"height":76,"caption":"Boutique Lr Aloe Vera"},"image":{"@id":"https:\/\/www.lraloeverashop.eu\/fr\/#\/schema\/logo\/image\/"},"sameAs":["https:\/\/www.facebook.com\/lraloeverashop.eu","https:\/\/x.com\/natur__kosmetik","https:\/\/www.youtube.com\/channel\/UC5oN7BJ8nfYb8RpVtjwDEBA","https:\/\/www.instagram.com\/lrbeautyeu\/"],"description":"La boutique LR Aloe Vera est votre destination de confiance pour les produits de sant\u00e9 et de beaut\u00e9 haut de gamme LR, fabriqu\u00e9s en Allemagne. Nous proposons des soins de la peau, des compl\u00e9ments nutritionnels et des solutions anti-\u00e2ge \u00e0 l'aloe vera de haute qualit\u00e9, \u00e9labor\u00e9s \u00e0 partir d'ingr\u00e9dients purs et valid\u00e9s par la recherche scientifique. D\u00e9couvrez des soins naturels qui r\u00e9g\u00e9n\u00e8rent, prot\u00e8gent et revitalisent votre peau, et profitez d'offres mensuelles exclusives sur nos produits LR Aloe Vera les plus vendus.\n\nCommencez d\u00e8s aujourd'hui votre parcours vers des soins naturels et constatez la diff\u00e9rence.","email":"info@lraloeverashop.eu","telephone":"+49 17670609653","legalName":"Lr Aloe Vera Shop","foundingDate":"2018-04-21","numberOfEmployees":{"@type":"QuantitativeValue","minValue":"1","maxValue":"10"}}]},"product_price_amount":"589.99","product_price_currency":"EUR","og_availability":"instock","product_availability":"instock","product_retailer_item_id":"70111-1FR","product_condition":"new"},"taxonomy_info":{"product_cat":[{"value":278,"label":"Femmes de plus de 40 ans"},{"value":284,"label":"Femmes jusqu'\u00e0 40 ans"},{"value":272,"label":"Hommes \u00e0 partir de 25 ans"},{"value":266,"label":"Soins anti-\u00e2ge"},{"value":392,"label":"Zeitgard"},{"value":290,"label":"Zeitgard Pro"}],"product_tag":[{"value":640,"label":"Nettoyage du visage"},{"value":698,"label":"pour les rides du visage"},{"value":699,"label":"pour les rides sous les yeux"}]},"featured_image_src_large":["https:\/\/www.lraloeverashop.eu\/wp-content\/uploads\/2022\/10\/Zeitgard-Pro-Skin-Care-Set-1024x1024.jpg",1024,1024,true],"author_info":[],"comment_info":0,"_links":{"self":[{"href":"https:\/\/www.lraloeverashop.eu\/fr\/wp-json\/wp\/v2\/product\/8326","targetHints":{"allow":["GET"]}}],"collection":[{"href":"https:\/\/www.lraloeverashop.eu\/fr\/wp-json\/wp\/v2\/product"}],"about":[{"href":"https:\/\/www.lraloeverashop.eu\/fr\/wp-json\/wp\/v2\/types\/product"}],"replies":[{"embeddable":true,"href":"https:\/\/www.lraloeverashop.eu\/fr\/wp-json\/wp\/v2\/comments?post=8326"}],"wp:featuredmedia":[{"embeddable":true,"href":"https:\/\/www.lraloeverashop.eu\/fr\/wp-json\/wp\/v2\/media\/6060"}],"wp:attachment":[{"href":"https:\/\/www.lraloeverashop.eu\/fr\/wp-json\/wp\/v2\/media?parent=8326"}],"wp:term":[{"taxonomy":"product_brand","embeddable":true,"href":"https:\/\/www.lraloeverashop.eu\/fr\/wp-json\/wp\/v2\/product_brand?post=8326"},{"taxonomy":"product_cat","embeddable":true,"href":"https:\/\/www.lraloeverashop.eu\/fr\/wp-json\/wp\/v2\/product_cat?post=8326"},{"taxonomy":"product_tag","embeddable":true,"href":"https:\/\/www.lraloeverashop.eu\/fr\/wp-json\/wp\/v2\/product_tag?post=8326"}],"curies":[{"name":"wp","href":"https:\/\/api.w.org\/{rel}","templated":true}]}}