{"id":8322,"date":"2022-10-23T09:07:39","date_gmt":"2022-10-23T07:07:39","guid":{"rendered":"https:\/\/www.lraloeverashop.eu\/product\/zeitgard-pro-accessoire-anti-age\/"},"modified":"2026-02-02T19:16:48","modified_gmt":"2026-02-02T18:16:48","slug":"zeitgard-pro-accessoire-anti-age","status":"publish","type":"product","link":"https:\/\/www.lraloeverashop.eu\/fr\/produit\/zeitgard-pro-accessoire-anti-age\/","title":{"rendered":"Zeitgard Pro Accessoire Anti-\u00e2ge"},"content":{"rendered":"<h2><span style=\"font-size: 16pt; color: #000000;\"><strong>Zeitgard Pro Accessoire anti-\u00e2ge<\/strong><\/span><\/h2>\n<p><span style=\"font-size: 14pt;\"><strong>Zeitgard Pro Accessoire anti-\u00e2ge Pour une peau plus ferme, plus \u00e9lastique et moins de rides<\/strong><\/span><\/p>\n<p>Zeitgard Pro accessoire anti-\u00e2ge efficace offre visiblement plus d&rsquo;\u00e9lasticit\u00e9 et peut r\u00e9duire les signes du vieillissement. La <a href=\"https:\/\/www.lraloeverashop.eu\/fr\/produit\/zeitgard-pro-set-de-soin-de-la-peau\/\">technologie ultrasonique<\/a> de l&rsquo;outil de lissage du visage stimule le m\u00e9tabolisme cellulaire et la synth\u00e8se de collag\u00e8ne dans la peau et garantit que les ingr\u00e9dients actifs des produits de soin p\u00e9n\u00e8trent plus profond\u00e9ment dans la peau.<br \/>\nIl devient plus ferme, a plus de r\u00e9silience et d&rsquo;\u00e9lasticit\u00e9. Les rides sont consid\u00e9rablement r\u00e9duites. Pour un usage quotidien, matin et soir.<\/p>\n<p>&nbsp;<\/p>\n<h3><span style=\"font-size: 16pt;\"><strong>Comment utiliser<\/strong><\/span><\/h3>\n<p><strong>\u00c9TAPE 1: <\/strong>Nettoyez la peau de votre visage avec la brosse nettoyante pour le visage ou l&rsquo;accessoire exfoliant pour le visage.<\/p>\n<p><strong>\u00c9TAPE 2:<\/strong> Appliquez l&rsquo;un des produits d&rsquo;entretien <a href=\"https:\/\/www.lraloeverashop.eu\/fr\/produit\/beauty-diamonds-creme-de-jour-anti-age\/\">Lr Zeitgard<\/a> compatibles. R\u00e9partissez de petites touches de cr\u00e8me sur votre visage et massez-les \u00e0 l&rsquo;aide du Zeitgard Pro Kit Anti-rides. Traitez les c\u00f4t\u00e9s gauche et droit du visage et le front pendant 30 secondes chacun. Faites attention aux mouvements circulaires de l&rsquo;int\u00e9rieur vers l&rsquo;ext\u00e9rieur et du bas vers le haut.<\/p>\n<p>&nbsp;<\/p>\n<p><img loading=\"lazy\" decoding=\"async\" class=\"aligncenter wp-image-3131\" src=\"https:\/\/www.lraloeverashop.eu\/wp-content\/uploads\/2022\/10\/Lr-Zeitgard-Pro-Anti-Aging-Device-in-use-1024x337.jpg\" alt=\"Lr Zeitgard Pro Anti Aging Device in use\" width=\"1197\" height=\"394\" srcset=\"https:\/\/www.lraloeverashop.eu\/wp-content\/uploads\/2022\/10\/Lr-Zeitgard-Pro-Anti-Aging-Device-in-use-1024x337.jpg 1024w, https:\/\/www.lraloeverashop.eu\/wp-content\/uploads\/2022\/10\/Lr-Zeitgard-Pro-Anti-Aging-Device-in-use-600x198.jpg 600w, https:\/\/www.lraloeverashop.eu\/wp-content\/uploads\/2022\/10\/Lr-Zeitgard-Pro-Anti-Aging-Device-in-use-300x99.jpg 300w, https:\/\/www.lraloeverashop.eu\/wp-content\/uploads\/2022\/10\/Lr-Zeitgard-Pro-Anti-Aging-Device-in-use-768x253.jpg 768w, https:\/\/www.lraloeverashop.eu\/wp-content\/uploads\/2022\/10\/Lr-Zeitgard-Pro-Anti-Aging-Device-in-use-1536x506.jpg 1536w, https:\/\/www.lraloeverashop.eu\/wp-content\/uploads\/2022\/10\/Lr-Zeitgard-Pro-Anti-Aging-Device-in-use-2048x674.jpg 2048w\" sizes=\"auto, (max-width: 1197px) 100vw, 1197px\" \/><\/p>\n<p>&nbsp;<\/p>\n<h4><span style=\"font-size: 16pt;\"><strong>Le saviez-vous?<\/strong><\/span><\/h4>\n<p>Pour le lancement du nouveau dispositif cosm\u00e9tique Zeitgard Pro, les formulations de certains produits de soins ont \u00e9t\u00e9 enrichies du syst\u00e8me innovant de transport des principes actifs. Ce syst\u00e8me fonctionne comme un booster anti-\u00e2ge. Associ\u00e9 \u00e0 l&rsquo;outil de lissage du <a href=\"https:\/\/www.lraloeverashop.eu\/fr\/produit\/zeitgard-pro-accessoire-peeling-visage\/\">visage<\/a>, il multiplie l&rsquo;efficacit\u00e9 cosm\u00e9tique des pr\u00e9cieux ingr\u00e9dients en les transportant d&rsquo;abord vers la cellule cutan\u00e9e, puis directement dans la cellule.<\/p>\n<p>Ce n&rsquo;est qu&rsquo;apr\u00e8s l&rsquo;arrimage du transporteur que les ingr\u00e9dients actifs sont lib\u00e9r\u00e9s \u00e0 l&rsquo;int\u00e9rieur de la cellule afin d&rsquo;y d\u00e9ployer toute leur puissance. Il est ainsi possible d&rsquo;atteindre directement la source du vieillissement de la peau et de le ralentir par un apport cibl\u00e9 de nutriments.<\/p>\n","protected":false},"excerpt":{"rendered":"<ul>\n<li>Accessoire anti-\u00e2ge lissant pour Zeitgard Pro<\/li>\n<li>Pour une peau plus ferme, plus \u00e9lastique et moins de rides<\/li>\n<li>Technologie innovante \u00e0 ultrasons<\/li>\n<li>\u00c0 utiliser avec les produits de soin Lr Zeitgard<\/li>\n<li>Avec syst\u00e8me de transport des ingr\u00e9dients actifs<\/li>\n<li>Quantit\u00e9: 1 pcs<\/li>\n<\/ul>\n<p style=\"text-align: left;\"><span style=\"color: #ff0000;\"><a style=\"color: #ff0000;\" href=\"https:\/\/shop.lrworld.com\/openpao?PHP=0vFlt7jT938BEnBI3a6e9w%3D%3D\"><span style=\"font-size: 14pt;\"><strong>Inscrivez-vous et \u00e9conomisez 35% sur chaque commande<\/strong><\/span><\/a><\/span><\/p>\n","protected":false},"featured_media":6024,"comment_status":"open","ping_status":"closed","template":"","meta":{"_kad_blocks_custom_css":"","_kad_blocks_head_custom_js":"","_kad_blocks_body_custom_js":"","_kad_blocks_footer_custom_js":"","_kadence_starter_templates_imported_post":false,"_kad_post_transparent":"default","_kad_post_title":"","_kad_post_layout":"default","_kad_post_sidebar_id":"","_kad_post_content_style":"default","_kad_post_vertical_padding":"default","_kad_post_feature":"","_kad_post_feature_position":"","_kad_post_header":false,"_kad_post_footer":false,"_kad_post_classname":""},"product_brand":[],"product_cat":[266,290],"product_tag":[698,699],"class_list":{"0":"post-8322","1":"product","2":"type-product","3":"status-publish","4":"has-post-thumbnail","6":"product_cat-soins-anti-age","7":"product_cat-zeitgard-pro-fr","8":"product_tag-pour-les-rides-du-visage","9":"product_tag-pour-les-rides-sous-les-yeux","11":"first","12":"instock","13":"taxable","14":"shipping-taxable","15":"purchasable","16":"product-type-simple","17":"entry","18":"content-bg","19":"loop-entry"},"yoast_head":"<!-- This site is optimized with the Yoast SEO Premium plugin v27.4 (Yoast SEO v27.4) - https:\/\/yoast.com\/product\/yoast-seo-premium-wordpress\/ -->\n<title>Zeitgard Pro Accessoire anti-\u00e2ge pour une peau moins de rides<\/title>\n<meta name=\"description\" content=\"Zeitgard Pro Accessoire anti-\u00e2ge efficace offre visiblement plus d&#039;\u00e9lasticit\u00e9 et peut r\u00e9duire les signes du vieillissement. La technologie ultrasonique.\" \/>\n<meta name=\"robots\" content=\"index, follow, max-snippet:-1, max-image-preview:large, max-video-preview:-1\" \/>\n<link rel=\"canonical\" href=\"https:\/\/www.lraloeverashop.eu\/fr\/produit\/zeitgard-pro-accessoire-anti-age\/\" \/>\n<meta property=\"og:locale\" content=\"fr_FR\" \/>\n<meta property=\"og:type\" content=\"article\" \/>\n<meta property=\"og:title\" content=\"Zeitgard Pro Accessoire Anti-\u00e2ge\" \/>\n<meta property=\"og:description\" content=\"Zeitgard Pro Accessoire anti-\u00e2ge efficace offre visiblement plus d&#039;\u00e9lasticit\u00e9 et peut r\u00e9duire les signes du vieillissement. La technologie ultrasonique.\" \/>\n<meta property=\"og:url\" content=\"https:\/\/www.lraloeverashop.eu\/fr\/produit\/zeitgard-pro-accessoire-anti-age\/\" \/>\n<meta property=\"og:site_name\" content=\"Boutique Lr Aloe Vera\" \/>\n<meta property=\"article:publisher\" content=\"https:\/\/www.facebook.com\/lraloeverashop.eu\" \/>\n<meta property=\"article:modified_time\" content=\"2026-02-02T18:16:48+00:00\" \/>\n<meta property=\"og:image\" content=\"https:\/\/www.lraloeverashop.eu\/wp-content\/uploads\/2022\/10\/Zeitgard-Pro-Anti-Aging-Tool.jpg\" \/>\n\t<meta property=\"og:image:width\" content=\"1200\" \/>\n\t<meta property=\"og:image:height\" content=\"1200\" \/>\n\t<meta property=\"og:image:type\" content=\"image\/jpeg\" \/>\n<meta name=\"twitter:card\" content=\"summary_large_image\" \/>\n<meta name=\"twitter:site\" content=\"@natur__kosmetik\" \/>\n<script type=\"application\/ld+json\" class=\"yoast-schema-graph\">{\"@context\":\"https:\\\/\\\/schema.org\",\"@graph\":[{\"@type\":[\"WebPage\",\"ItemPage\"],\"@id\":\"https:\\\/\\\/www.lraloeverashop.eu\\\/fr\\\/produit\\\/zeitgard-pro-accessoire-anti-age\\\/\",\"url\":\"https:\\\/\\\/www.lraloeverashop.eu\\\/fr\\\/produit\\\/zeitgard-pro-accessoire-anti-age\\\/\",\"name\":\"Zeitgard Pro Accessoire anti-\u00e2ge pour une peau moins de rides\",\"isPartOf\":{\"@id\":\"https:\\\/\\\/www.lraloeverashop.eu\\\/fr\\\/#website\"},\"primaryImageOfPage\":{\"@id\":\"https:\\\/\\\/www.lraloeverashop.eu\\\/fr\\\/produit\\\/zeitgard-pro-accessoire-anti-age\\\/#primaryimage\"},\"image\":{\"@id\":\"https:\\\/\\\/www.lraloeverashop.eu\\\/fr\\\/produit\\\/zeitgard-pro-accessoire-anti-age\\\/#primaryimage\"},\"thumbnailUrl\":\"https:\\\/\\\/www.lraloeverashop.eu\\\/wp-content\\\/uploads\\\/2022\\\/10\\\/Zeitgard-Pro-Anti-Aging-Tool.jpg\",\"datePublished\":\"2022-10-23T07:07:39+00:00\",\"dateModified\":\"2026-02-02T18:16:48+00:00\",\"description\":\"Zeitgard Pro Accessoire anti-\u00e2ge efficace offre visiblement plus d'\u00e9lasticit\u00e9 et peut r\u00e9duire les signes du vieillissement. La technologie ultrasonique.\",\"breadcrumb\":{\"@id\":\"https:\\\/\\\/www.lraloeverashop.eu\\\/fr\\\/produit\\\/zeitgard-pro-accessoire-anti-age\\\/#breadcrumb\"},\"inLanguage\":\"fr-FR\",\"potentialAction\":[{\"@type\":\"ReadAction\",\"target\":[\"https:\\\/\\\/www.lraloeverashop.eu\\\/fr\\\/produit\\\/zeitgard-pro-accessoire-anti-age\\\/\"]}]},{\"@type\":\"ImageObject\",\"inLanguage\":\"fr-FR\",\"@id\":\"https:\\\/\\\/www.lraloeverashop.eu\\\/fr\\\/produit\\\/zeitgard-pro-accessoire-anti-age\\\/#primaryimage\",\"url\":\"https:\\\/\\\/www.lraloeverashop.eu\\\/wp-content\\\/uploads\\\/2022\\\/10\\\/Zeitgard-Pro-Anti-Aging-Tool.jpg\",\"contentUrl\":\"https:\\\/\\\/www.lraloeverashop.eu\\\/wp-content\\\/uploads\\\/2022\\\/10\\\/Zeitgard-Pro-Anti-Aging-Tool.jpg\",\"width\":1200,\"height\":1200,\"caption\":\"Accessoire anti-\u00e2ge Zeitgard Pro\"},{\"@type\":\"BreadcrumbList\",\"@id\":\"https:\\\/\\\/www.lraloeverashop.eu\\\/fr\\\/produit\\\/zeitgard-pro-accessoire-anti-age\\\/#breadcrumb\",\"itemListElement\":[{\"@type\":\"ListItem\",\"position\":1,\"name\":\"Home\",\"item\":\"https:\\\/\\\/www.lraloeverashop.eu\\\/fr\\\/\"},{\"@type\":\"ListItem\",\"position\":2,\"name\":\"Boutique\",\"item\":\"https:\\\/\\\/www.lraloeverashop.eu\\\/fr\\\/boutique\\\/\"},{\"@type\":\"ListItem\",\"position\":3,\"name\":\"Zeitgard Pro Accessoire Anti-\u00e2ge\"}]},{\"@type\":\"WebSite\",\"@id\":\"https:\\\/\\\/www.lraloeverashop.eu\\\/fr\\\/#website\",\"url\":\"https:\\\/\\\/www.lraloeverashop.eu\\\/fr\\\/\",\"name\":\"Boutique Lr Aloe Vera\",\"description\":\"High Quality Lr Aloe Vera Gel, Aloe Vera Cream and Shampoo\",\"publisher\":{\"@id\":\"https:\\\/\\\/www.lraloeverashop.eu\\\/fr\\\/#organization\"},\"potentialAction\":[{\"@type\":\"SearchAction\",\"target\":{\"@type\":\"EntryPoint\",\"urlTemplate\":\"https:\\\/\\\/www.lraloeverashop.eu\\\/fr\\\/?s={search_term_string}\"},\"query-input\":{\"@type\":\"PropertyValueSpecification\",\"valueRequired\":true,\"valueName\":\"search_term_string\"}}],\"inLanguage\":\"fr-FR\"},{\"@type\":\"Organization\",\"@id\":\"https:\\\/\\\/www.lraloeverashop.eu\\\/fr\\\/#organization\",\"name\":\"Boutique Lr Aloe Vera\",\"alternateName\":\"LR\",\"url\":\"https:\\\/\\\/www.lraloeverashop.eu\\\/fr\\\/\",\"logo\":{\"@type\":\"ImageObject\",\"inLanguage\":\"fr-FR\",\"@id\":\"https:\\\/\\\/www.lraloeverashop.eu\\\/fr\\\/#\\\/schema\\\/logo\\\/image\\\/\",\"url\":\"https:\\\/\\\/www.lraloeverashop.eu\\\/wp-content\\\/uploads\\\/2022\\\/09\\\/cropped-Lr-Aloe-Vera-Shop.jpg\",\"contentUrl\":\"https:\\\/\\\/www.lraloeverashop.eu\\\/wp-content\\\/uploads\\\/2022\\\/09\\\/cropped-Lr-Aloe-Vera-Shop.jpg\",\"width\":228,\"height\":76,\"caption\":\"Boutique Lr Aloe Vera\"},\"image\":{\"@id\":\"https:\\\/\\\/www.lraloeverashop.eu\\\/fr\\\/#\\\/schema\\\/logo\\\/image\\\/\"},\"sameAs\":[\"https:\\\/\\\/www.facebook.com\\\/lraloeverashop.eu\",\"https:\\\/\\\/x.com\\\/natur__kosmetik\",\"https:\\\/\\\/www.youtube.com\\\/channel\\\/UC5oN7BJ8nfYb8RpVtjwDEBA\",\"https:\\\/\\\/www.instagram.com\\\/lrbeautyeu\\\/\"],\"description\":\"La boutique LR Aloe Vera est votre destination de confiance pour les produits de sant\u00e9 et de beaut\u00e9 haut de gamme LR, fabriqu\u00e9s en Allemagne. Nous proposons des soins de la peau, des compl\u00e9ments nutritionnels et des solutions anti-\u00e2ge \u00e0 l'aloe vera de haute qualit\u00e9, \u00e9labor\u00e9s \u00e0 partir d'ingr\u00e9dients purs et valid\u00e9s par la recherche scientifique. D\u00e9couvrez des soins naturels qui r\u00e9g\u00e9n\u00e8rent, prot\u00e8gent et revitalisent votre peau, et profitez d'offres mensuelles exclusives sur nos produits LR Aloe Vera les plus vendus.\\n\\nCommencez d\u00e8s aujourd'hui votre parcours vers des soins naturels et constatez la diff\u00e9rence.\",\"email\":\"info@lraloeverashop.eu\",\"telephone\":\"+49 17670609653\",\"legalName\":\"Lr Aloe Vera Shop\",\"foundingDate\":\"2018-04-21\",\"numberOfEmployees\":{\"@type\":\"QuantitativeValue\",\"minValue\":\"1\",\"maxValue\":\"10\"}}]}<\/script>\n<meta property=\"product:price:amount\" content=\"85.99\" \/>\n<meta property=\"product:price:currency\" content=\"EUR\" \/>\n<meta property=\"og:availability\" content=\"instock\" \/>\n<meta property=\"product:availability\" content=\"instock\" \/>\n<meta property=\"product:retailer_item_id\" content=\"70102-1FR\" \/>\n<meta property=\"product:condition\" content=\"new\" \/>\n<!-- \/ Yoast SEO Premium plugin. -->","yoast_head_json":{"title":"Zeitgard Pro Accessoire anti-\u00e2ge pour une peau moins de rides","description":"Zeitgard Pro Accessoire anti-\u00e2ge efficace offre visiblement plus d'\u00e9lasticit\u00e9 et peut r\u00e9duire les signes du vieillissement. La technologie ultrasonique.","robots":{"index":"index","follow":"follow","max-snippet":"max-snippet:-1","max-image-preview":"max-image-preview:large","max-video-preview":"max-video-preview:-1"},"canonical":"https:\/\/www.lraloeverashop.eu\/fr\/produit\/zeitgard-pro-accessoire-anti-age\/","og_locale":"fr_FR","og_type":"article","og_title":"Zeitgard Pro Accessoire Anti-\u00e2ge","og_description":"Zeitgard Pro Accessoire anti-\u00e2ge efficace offre visiblement plus d'\u00e9lasticit\u00e9 et peut r\u00e9duire les signes du vieillissement. La technologie ultrasonique.","og_url":"https:\/\/www.lraloeverashop.eu\/fr\/produit\/zeitgard-pro-accessoire-anti-age\/","og_site_name":"Boutique Lr Aloe Vera","article_publisher":"https:\/\/www.facebook.com\/lraloeverashop.eu","article_modified_time":"2026-02-02T18:16:48+00:00","og_image":[{"width":1200,"height":1200,"url":"https:\/\/www.lraloeverashop.eu\/wp-content\/uploads\/2022\/10\/Zeitgard-Pro-Anti-Aging-Tool.jpg","type":"image\/jpeg"}],"twitter_card":"summary_large_image","twitter_site":"@natur__kosmetik","schema":{"@context":"https:\/\/schema.org","@graph":[{"@type":["WebPage","ItemPage"],"@id":"https:\/\/www.lraloeverashop.eu\/fr\/produit\/zeitgard-pro-accessoire-anti-age\/","url":"https:\/\/www.lraloeverashop.eu\/fr\/produit\/zeitgard-pro-accessoire-anti-age\/","name":"Zeitgard Pro Accessoire anti-\u00e2ge pour une peau moins de rides","isPartOf":{"@id":"https:\/\/www.lraloeverashop.eu\/fr\/#website"},"primaryImageOfPage":{"@id":"https:\/\/www.lraloeverashop.eu\/fr\/produit\/zeitgard-pro-accessoire-anti-age\/#primaryimage"},"image":{"@id":"https:\/\/www.lraloeverashop.eu\/fr\/produit\/zeitgard-pro-accessoire-anti-age\/#primaryimage"},"thumbnailUrl":"https:\/\/www.lraloeverashop.eu\/wp-content\/uploads\/2022\/10\/Zeitgard-Pro-Anti-Aging-Tool.jpg","datePublished":"2022-10-23T07:07:39+00:00","dateModified":"2026-02-02T18:16:48+00:00","description":"Zeitgard Pro Accessoire anti-\u00e2ge efficace offre visiblement plus d'\u00e9lasticit\u00e9 et peut r\u00e9duire les signes du vieillissement. La technologie ultrasonique.","breadcrumb":{"@id":"https:\/\/www.lraloeverashop.eu\/fr\/produit\/zeitgard-pro-accessoire-anti-age\/#breadcrumb"},"inLanguage":"fr-FR","potentialAction":[{"@type":"ReadAction","target":["https:\/\/www.lraloeverashop.eu\/fr\/produit\/zeitgard-pro-accessoire-anti-age\/"]}]},{"@type":"ImageObject","inLanguage":"fr-FR","@id":"https:\/\/www.lraloeverashop.eu\/fr\/produit\/zeitgard-pro-accessoire-anti-age\/#primaryimage","url":"https:\/\/www.lraloeverashop.eu\/wp-content\/uploads\/2022\/10\/Zeitgard-Pro-Anti-Aging-Tool.jpg","contentUrl":"https:\/\/www.lraloeverashop.eu\/wp-content\/uploads\/2022\/10\/Zeitgard-Pro-Anti-Aging-Tool.jpg","width":1200,"height":1200,"caption":"Accessoire anti-\u00e2ge Zeitgard Pro"},{"@type":"BreadcrumbList","@id":"https:\/\/www.lraloeverashop.eu\/fr\/produit\/zeitgard-pro-accessoire-anti-age\/#breadcrumb","itemListElement":[{"@type":"ListItem","position":1,"name":"Home","item":"https:\/\/www.lraloeverashop.eu\/fr\/"},{"@type":"ListItem","position":2,"name":"Boutique","item":"https:\/\/www.lraloeverashop.eu\/fr\/boutique\/"},{"@type":"ListItem","position":3,"name":"Zeitgard Pro Accessoire Anti-\u00e2ge"}]},{"@type":"WebSite","@id":"https:\/\/www.lraloeverashop.eu\/fr\/#website","url":"https:\/\/www.lraloeverashop.eu\/fr\/","name":"Boutique Lr Aloe Vera","description":"High Quality Lr Aloe Vera Gel, Aloe Vera Cream and Shampoo","publisher":{"@id":"https:\/\/www.lraloeverashop.eu\/fr\/#organization"},"potentialAction":[{"@type":"SearchAction","target":{"@type":"EntryPoint","urlTemplate":"https:\/\/www.lraloeverashop.eu\/fr\/?s={search_term_string}"},"query-input":{"@type":"PropertyValueSpecification","valueRequired":true,"valueName":"search_term_string"}}],"inLanguage":"fr-FR"},{"@type":"Organization","@id":"https:\/\/www.lraloeverashop.eu\/fr\/#organization","name":"Boutique Lr Aloe Vera","alternateName":"LR","url":"https:\/\/www.lraloeverashop.eu\/fr\/","logo":{"@type":"ImageObject","inLanguage":"fr-FR","@id":"https:\/\/www.lraloeverashop.eu\/fr\/#\/schema\/logo\/image\/","url":"https:\/\/www.lraloeverashop.eu\/wp-content\/uploads\/2022\/09\/cropped-Lr-Aloe-Vera-Shop.jpg","contentUrl":"https:\/\/www.lraloeverashop.eu\/wp-content\/uploads\/2022\/09\/cropped-Lr-Aloe-Vera-Shop.jpg","width":228,"height":76,"caption":"Boutique Lr Aloe Vera"},"image":{"@id":"https:\/\/www.lraloeverashop.eu\/fr\/#\/schema\/logo\/image\/"},"sameAs":["https:\/\/www.facebook.com\/lraloeverashop.eu","https:\/\/x.com\/natur__kosmetik","https:\/\/www.youtube.com\/channel\/UC5oN7BJ8nfYb8RpVtjwDEBA","https:\/\/www.instagram.com\/lrbeautyeu\/"],"description":"La boutique LR Aloe Vera est votre destination de confiance pour les produits de sant\u00e9 et de beaut\u00e9 haut de gamme LR, fabriqu\u00e9s en Allemagne. Nous proposons des soins de la peau, des compl\u00e9ments nutritionnels et des solutions anti-\u00e2ge \u00e0 l'aloe vera de haute qualit\u00e9, \u00e9labor\u00e9s \u00e0 partir d'ingr\u00e9dients purs et valid\u00e9s par la recherche scientifique. D\u00e9couvrez des soins naturels qui r\u00e9g\u00e9n\u00e8rent, prot\u00e8gent et revitalisent votre peau, et profitez d'offres mensuelles exclusives sur nos produits LR Aloe Vera les plus vendus.\n\nCommencez d\u00e8s aujourd'hui votre parcours vers des soins naturels et constatez la diff\u00e9rence.","email":"info@lraloeverashop.eu","telephone":"+49 17670609653","legalName":"Lr Aloe Vera Shop","foundingDate":"2018-04-21","numberOfEmployees":{"@type":"QuantitativeValue","minValue":"1","maxValue":"10"}}]},"product_price_amount":"85.99","product_price_currency":"EUR","og_availability":"instock","product_availability":"instock","product_retailer_item_id":"70102-1FR","product_condition":"new"},"taxonomy_info":{"product_cat":[{"value":266,"label":"Soins anti-\u00e2ge"},{"value":290,"label":"Zeitgard Pro"}],"product_tag":[{"value":698,"label":"pour les rides du visage"},{"value":699,"label":"pour les rides sous les yeux"}]},"featured_image_src_large":["https:\/\/www.lraloeverashop.eu\/wp-content\/uploads\/2022\/10\/Zeitgard-Pro-Anti-Aging-Tool-1024x1024.jpg",1024,1024,true],"author_info":[],"comment_info":0,"_links":{"self":[{"href":"https:\/\/www.lraloeverashop.eu\/fr\/wp-json\/wp\/v2\/product\/8322","targetHints":{"allow":["GET"]}}],"collection":[{"href":"https:\/\/www.lraloeverashop.eu\/fr\/wp-json\/wp\/v2\/product"}],"about":[{"href":"https:\/\/www.lraloeverashop.eu\/fr\/wp-json\/wp\/v2\/types\/product"}],"replies":[{"embeddable":true,"href":"https:\/\/www.lraloeverashop.eu\/fr\/wp-json\/wp\/v2\/comments?post=8322"}],"wp:featuredmedia":[{"embeddable":true,"href":"https:\/\/www.lraloeverashop.eu\/fr\/wp-json\/wp\/v2\/media\/6024"}],"wp:attachment":[{"href":"https:\/\/www.lraloeverashop.eu\/fr\/wp-json\/wp\/v2\/media?parent=8322"}],"wp:term":[{"taxonomy":"product_brand","embeddable":true,"href":"https:\/\/www.lraloeverashop.eu\/fr\/wp-json\/wp\/v2\/product_brand?post=8322"},{"taxonomy":"product_cat","embeddable":true,"href":"https:\/\/www.lraloeverashop.eu\/fr\/wp-json\/wp\/v2\/product_cat?post=8322"},{"taxonomy":"product_tag","embeddable":true,"href":"https:\/\/www.lraloeverashop.eu\/fr\/wp-json\/wp\/v2\/product_tag?post=8322"}],"curies":[{"name":"wp","href":"https:\/\/api.w.org\/{rel}","templated":true}]}}