{"id":29601,"date":"2026-01-06T10:15:35","date_gmt":"2026-01-06T09:15:35","guid":{"rendered":"https:\/\/www.lraloeverashop.eu\/product\/boisson-aloe-vera-acai-pro\/"},"modified":"2026-02-02T18:10:12","modified_gmt":"2026-02-02T17:10:12","slug":"boisson-aloe-vera-acai-pro","status":"publish","type":"product","link":"https:\/\/www.lraloeverashop.eu\/fr\/produit\/boisson-aloe-vera-acai-pro\/","title":{"rendered":"Boisson Aloe Vera Acai Pro"},"content":{"rendered":"<h2><span style=\"font-size: 16pt;\"><strong>Boisson Aloe Vera Acai Pro<\/strong><\/span><\/h2>\n<p><span style=\"font-size: 14pt;\"><strong>Boisson Aloe Vera Acai Pro de LR Health &amp; Beauty<\/strong><\/span><\/p>\n<p>Apportez un soutien suppl\u00e9mentaire \u00e0 votre routine estivale avec Boisson Aloe Vera Acai Pro, un gel \u00e0 boire \u00e0 l\u2019aloe vera rafra\u00eechissant, con\u00e7u pour aider votre organisme \u00e0 rester \u00e9quilibr\u00e9, \u00e9nergis\u00e9 et prot\u00e9g\u00e9 pendant les mois les plus chauds. D\u00e9velopp\u00e9 avec soin par LR Health &amp; Beauty, ce compl\u00e9ment alimentaire \u00e0 l\u2019aloe vera haut de gamme associe de l\u2019aloe vera de haute qualit\u00e9 \u00e0 la puissance naturelle des baies d\u2019a\u00e7a\u00ef et de fruits s\u00e9lectionn\u00e9s.<\/p>\n<p>Au c\u0153ur de cette formule se trouvent 85 % de filet de feuille d\u2019aloe vera, associ\u00e9s \u00e0 des baies d\u2019a\u00e7a\u00ef, des groseilles, des fruits des bois et du miel, pour une saveur naturellement fruit\u00e9e et agr\u00e9able \u00e0 consommer au quotidien. L\u2019a\u00e7a\u00ef est reconnu comme un super-aliment, gr\u00e2ce \u00e0 sa teneur naturellement \u00e9lev\u00e9e en antioxydants, ainsi qu\u2019en vitamines et min\u00e9raux contribuant au <a href=\"https:\/\/www.lraloeverashop.eu\/fr\/produit\/mind-master-boisson-de-performance\/\"><strong>bien-\u00eatre g\u00e9n\u00e9ral<\/strong><\/a>.<\/p>\n<p>&nbsp;<\/p>\n<h3><span style=\"font-size: 16pt;\"><strong>Triple soutien estival de l\u2019int\u00e9rieur<\/strong><\/span><\/h3>\n<p>Cette Boisson Aloe Vera Acai Pro est con\u00e7ue pour agir sur trois piliers essentiels du bien-\u00eatre en \u00e9t\u00e9 :<\/p>\n<ul>\n<li><strong>\u00c9quilibre \u00e9lectrolytique &amp; m\u00e9tabolisme<\/strong> \u2013 Gr\u00e2ce au magn\u00e9sium, \u00e0 la vitamine C et au zinc, la formule contribue \u00e0 l\u2019\u00e9quilibre \u00e9lectrolytique et au m\u00e9tabolisme \u00e9nerg\u00e9tique normal\u00b9, particuli\u00e8rement utile par temps chaud ou en cas d\u2019activit\u00e9 physique accrue.<\/li>\n<li><strong>Soutien de la peau &amp; exposition au soleil<\/strong> \u2013 Le cuivre et le zinc contribuent \u00e0 la protection des cellules contre le stress oxydatif et aident \u00e0 maintenir une <strong><a href=\"https:\/\/www.lraloeverashop.eu\/fr\/produit\/lr-elixir-de-beaute\/\">peau normale<\/a><\/strong> ainsi qu\u2019une pigmentation naturelle de la peau\u00b2.<\/li>\n<li><strong>D\u00e9fenses immunitaires<\/strong> \u2013 Le zinc, la vitamine C et le cuivre contribuent au fonctionnement normal du syst\u00e8me immunitaire\u00b3, pour un soutien optimal tout au long de la saison.<\/li>\n<\/ul>\n<p>&nbsp;<\/p>\n<h3><span style=\"font-size: 16pt;\"><strong>Une qualit\u00e9 premium en toute confiance<\/strong><\/span><\/h3>\n<p>Tous les gels \u00e0 boire \u00e0 l\u2019aloe vera LR sont fabriqu\u00e9s en Allemagne et soumis \u00e0 des contr\u00f4les ind\u00e9pendants. La Boisson Aloe Vera Acai Pro est certifi\u00e9e par le <a href=\"https:\/\/sgs-institut-fresenius.de\/\"><strong>SGS Institut Fresenius<\/strong><\/a> et l\u2019International Aloe Science Council (IASC), garantissant une qualit\u00e9 \u00e9lev\u00e9e du gel de feuille d\u2019aloe vera, une transformation douce et une culture durable au Mexique.<br \/>\nLa formule est sans alo\u00efne, utilisant uniquement le gel de feuille interne d\u2019aloe vera soigneusement trait\u00e9..<\/p>\n<p>&nbsp;<\/p>\n<h3><span style=\"font-size: 16pt;\"><strong>Facile \u00e0 utiliser, agr\u00e9able \u00e0 boire<a href=\"https:\/\/www.lraloeverashop.eu\/wp-content\/uploads\/2026\/01\/acai-pro-200x300.jpg\"><img loading=\"lazy\" decoding=\"async\" class=\"alignright wp-image-29591\" src=\"https:\/\/www.lraloeverashop.eu\/wp-content\/uploads\/2026\/01\/acai-pro-200x300.jpg\" alt=\"Aloe Vera Drink Gel Acai Pro with magnesium, vitamin C and zinc\" width=\"300\" height=\"450\" srcset=\"https:\/\/www.lraloeverashop.eu\/wp-content\/uploads\/2026\/01\/acai-pro-200x300.jpg 200w, https:\/\/www.lraloeverashop.eu\/wp-content\/uploads\/2026\/01\/acai-pro-600x901.jpg 600w, https:\/\/www.lraloeverashop.eu\/wp-content\/uploads\/2026\/01\/acai-pro.jpg 682w\" sizes=\"auto, (max-width: 300px) 100vw, 300px\" \/><\/a><\/strong><\/span><\/h3>\n<p>La consommation recommand\u00e9e est de 30 ml, trois fois par jour. Bien agiter avant utilisation. Apr\u00e8s ouverture, conserver au r\u00e9frig\u00e9rateur et consommer rapidement. Sa saveur l\u00e9g\u00e8re et fruit\u00e9e en fait un compl\u00e9ment facile \u00e0 int\u00e9grer \u00e0 votre routine quotidienne, pur ou dilu\u00e9 dans de l\u2019eau ou du jus.<\/p>\n<p>Produit naturel, la couleur du gel d\u2019aloe vera peut varier avec le temps. Cela est tout \u00e0 fait normal et n\u2019alt\u00e8re ni la qualit\u00e9 ni l\u2019efficacit\u00e9.<\/p>\n<p>La Boisson Aloe Vera Acai Pro est id\u00e9ale pour toute personne recherchant une <strong><a href=\"https:\/\/www.lraloeverashop.eu\/fr\/produit\/gel-a-boire-aloe-vera-acai\/\">boisson \u00e0 l\u2019aloe vera<\/a><\/strong> de haute qualit\u00e9, combinant soutien de la peau, des d\u00e9fenses immunitaires et de l\u2019hydratation, dans un compl\u00e9ment alimentaire quotidien pratique.<\/p>\n<p>1. La vitamine C contribue \u00e0 un m\u00e9tabolisme \u00e9nerg\u00e9tique normal ; le zinc contribue au m\u00e9tabolisme normal de la vitamine A ; le magn\u00e9sium contribue \u00e0 l\u2019\u00e9quilibre \u00e9lectrolytique.<br \/>\n2. Le cuivre et le zinc contribuent \u00e0 prot\u00e9ger les cellules contre le stress oxydatif ; le zinc contribue au maintien d\u2019une peau normale ; le cuivre contribue \u00e0 une pigmentation normale de la peau.<br \/>\n3. Le zinc, <strong><a href=\"https:\/\/www.lraloeverashop.eu\/fr\/produit\/vita-active-fruits-rouges-vitamines\/\">la vitamine C<\/a><\/strong> et le cuivre contribuent au fonctionnement normal du syst\u00e8me immunitaire.<\/p>\n<p>&nbsp;<\/p>\n<h2><span style=\"font-size: 16pt;\"><strong>Foire Aux Questions <\/strong><\/span><\/h2>\n<h3><span style=\"font-size: 14pt;\"><strong>\u00c0 quoi sert la Boisson Aloe Vera Acai Pro ?<\/strong><\/span><\/h3>\n<p>La Boisson Aloe Vera Acai Pro est con\u00e7ue pour soutenir l\u2019organisme en \u00e9t\u00e9 en aidant \u00e0 maintenir l\u2019\u00e9quilibre \u00e9lectrolytique, \u00e0 soutenir la peau et sa pigmentation naturelle, et \u00e0 contribuer au bon fonctionnement du syst\u00e8me immunitaire.<\/p>\n<h3><span style=\"font-size: 14pt;\"><strong>Comment consommer la Boisson Aloe Vera Acai Pro ?<\/strong><\/span><\/h3>\n<p>La consommation recommand\u00e9e est de 30 ml trois fois par jour. Bien agiter avant utilisation. Apr\u00e8s ouverture, conserver au r\u00e9frig\u00e9rateur et consommer dans un d\u00e9lai raisonnable.<\/p>\n<h3><span style=\"font-size: 14pt;\"><strong>Peut-on consommer la Boisson Aloe Vera Acai Pro tous les jours ?<\/strong><\/span><\/h3>\n<p>Oui, elle peut \u00eatre consomm\u00e9e quotidiennement dans le cadre d\u2019un mode de vie \u00e9quilibr\u00e9. Toutefois, la dose journali\u00e8re recommand\u00e9e ne doit pas \u00eatre d\u00e9pass\u00e9e et elle ne remplace pas une alimentation vari\u00e9e et \u00e9quilibr\u00e9e.<\/p>\n<h3><span style=\"font-size: 14pt;\"><strong>Cette boisson \u00e0 l\u2019aloe vera contient-elle de l\u2019alo\u00efne ?<\/strong><\/span><\/h3>\n<p>Non. Les gels \u00e0 boire \u00e0 l\u2019aloe vera LR sont fabriqu\u00e9s \u00e0 partir de gel pur de feuille d\u2019aloe vera et sont sans alo\u00efne, utilisant uniquement le filet interne soigneusement trait\u00e9.<\/p>\n<h3><span style=\"font-size: 14pt;\"><strong>Pourquoi la couleur du gel peut-elle changer ?<\/strong><\/span><\/h3>\n<p>Il s\u2019agit d\u2019un produit naturel. Des variations de couleur peuvent appara\u00eetre avec le temps sans affecter la qualit\u00e9, la s\u00e9curit\u00e9 ou l\u2019efficacit\u00e9 du gel \u00e0 boire \u00e0 l\u2019aloe vera.<\/p>\n","protected":false},"excerpt":{"rendered":"<ul>\n<li>La Boisson Aloe Vera Acai Pro contenant 85 % de filet de feuille d\u2019aloe vera et des baies d\u2019a\u00e7a\u00ef.<\/li>\n<li>Elle soutient l\u2019\u00e9quilibre \u00e9lectrolytique, la sant\u00e9 de la peau et le syst\u00e8me immunitaire, en particulier pendant l\u2019\u00e9t\u00e9.<\/li>\n<li>Avec vitamine C, zinc, magn\u00e9sium et cuivre pour un soutien quotidien du bien-\u00eatre.<\/li>\n<li>Fabriqu\u00e9e en Allemagne et certifi\u00e9e pour sa qualit\u00e9 et sa puret\u00e9.<\/li>\n<li>Quantit\u00e9 : 3 \u00d7 1000 ml<\/li>\n<\/ul>\n<p style=\"text-align: left;\"><span style=\"color: #ff0000;\"><a style=\"color: #ff0000;\" href=\"https:\/\/shop.lrworld.com\/openpao?PHP=0vFlt7jT938BEnBI3a6e9w%3D%3D\"><span style=\"font-size: 14pt;\"><strong>Inscrivez-vous et \u00e9conomisez 35% sur chaque commande<\/strong><\/span><\/a><\/span><\/p>\n","protected":false},"featured_media":14751,"comment_status":"open","ping_status":"closed","template":"","meta":{"_kad_blocks_custom_css":"","_kad_blocks_head_custom_js":"","_kad_blocks_body_custom_js":"","_kad_blocks_footer_custom_js":"","_kadence_starter_templates_imported_post":false,"_kad_post_transparent":"default","_kad_post_title":"","_kad_post_layout":"default","_kad_post_sidebar_id":"","_kad_post_content_style":"default","_kad_post_vertical_padding":"default","_kad_post_feature":"","_kad_post_feature_position":"","_kad_post_header":false,"_kad_post_footer":false,"_kad_post_classname":""},"product_brand":[],"product_cat":[398,291,434,416,464],"product_tag":[582],"class_list":{"0":"post-29601","1":"product","2":"type-product","3":"status-publish","4":"has-post-thumbnail","6":"product_cat-base","7":"product_cat-gels-a-boire","8":"product_cat-intestins-digestion","9":"product_cat-os-articulations-et-muscles","10":"product_cat-specialistes","11":"product_tag-boissons-detox","13":"first","14":"instock","15":"taxable","16":"shipping-taxable","17":"purchasable","18":"product-type-simple","19":"entry","20":"content-bg","21":"loop-entry"},"yoast_head":"<!-- This site is optimized with the Yoast SEO Premium plugin v27.4 (Yoast SEO v27.4) - https:\/\/yoast.com\/product\/yoast-seo-premium-wordpress\/ -->\n<title>Boisson Aloe Vera Acai Pro \u2013 85 % Aloe pour Peau &amp; Vitalit\u00e9<\/title>\n<meta name=\"description\" content=\"D\u00e9couvrez Boisson Aloe Vera Acai Pro : 85 % aloe vera, a\u00e7a\u00ef et vitamines pour l\u2019\u00e9quilibre, la peau et l\u2019immunit\u00e9. Qualit\u00e9 allemande certifi\u00e9e\" \/>\n<meta name=\"robots\" content=\"index, follow, max-snippet:-1, max-image-preview:large, max-video-preview:-1\" \/>\n<link rel=\"canonical\" href=\"https:\/\/www.lraloeverashop.eu\/fr\/produit\/boisson-aloe-vera-acai-pro\/\" \/>\n<meta property=\"og:locale\" content=\"fr_FR\" \/>\n<meta property=\"og:type\" content=\"article\" \/>\n<meta property=\"og:title\" content=\"Boisson Aloe Vera Acai Pro\" \/>\n<meta property=\"og:description\" content=\"D\u00e9couvrez Boisson Aloe Vera Acai Pro : 85 % aloe vera, a\u00e7a\u00ef et vitamines pour l\u2019\u00e9quilibre, la peau et l\u2019immunit\u00e9. Qualit\u00e9 allemande certifi\u00e9e\" \/>\n<meta property=\"og:url\" content=\"https:\/\/www.lraloeverashop.eu\/fr\/produit\/boisson-aloe-vera-acai-pro\/\" \/>\n<meta property=\"og:site_name\" content=\"Boutique Lr Aloe Vera\" \/>\n<meta property=\"article:publisher\" content=\"https:\/\/www.facebook.com\/lraloeverashop.eu\" \/>\n<meta property=\"article:modified_time\" content=\"2026-02-02T17:10:12+00:00\" \/>\n<meta property=\"og:image\" content=\"https:\/\/www.lraloeverashop.eu\/wp-content\/uploads\/2024\/04\/Aloe-Vera-Drink-Acai-3-Pieces-Set.jpeg\" \/>\n\t<meta property=\"og:image:width\" content=\"1200\" \/>\n\t<meta property=\"og:image:height\" content=\"1200\" \/>\n\t<meta property=\"og:image:type\" content=\"image\/jpeg\" \/>\n<meta name=\"twitter:card\" content=\"summary_large_image\" \/>\n<meta name=\"twitter:site\" content=\"@natur__kosmetik\" \/>\n<script type=\"application\/ld+json\" class=\"yoast-schema-graph\">{\"@context\":\"https:\\\/\\\/schema.org\",\"@graph\":[{\"@type\":[\"WebPage\",\"ItemPage\"],\"@id\":\"https:\\\/\\\/www.lraloeverashop.eu\\\/fr\\\/produit\\\/boisson-aloe-vera-acai-pro\\\/\",\"url\":\"https:\\\/\\\/www.lraloeverashop.eu\\\/fr\\\/produit\\\/boisson-aloe-vera-acai-pro\\\/\",\"name\":\"Boisson Aloe Vera Acai Pro \u2013 85 % Aloe pour Peau & Vitalit\u00e9\",\"isPartOf\":{\"@id\":\"https:\\\/\\\/www.lraloeverashop.eu\\\/fr\\\/#website\"},\"primaryImageOfPage\":{\"@id\":\"https:\\\/\\\/www.lraloeverashop.eu\\\/fr\\\/produit\\\/boisson-aloe-vera-acai-pro\\\/#primaryimage\"},\"image\":{\"@id\":\"https:\\\/\\\/www.lraloeverashop.eu\\\/fr\\\/produit\\\/boisson-aloe-vera-acai-pro\\\/#primaryimage\"},\"thumbnailUrl\":\"https:\\\/\\\/www.lraloeverashop.eu\\\/wp-content\\\/uploads\\\/2024\\\/04\\\/Aloe-Vera-Drink-Acai-3-Pieces-Set.jpeg\",\"datePublished\":\"2026-01-06T09:15:35+00:00\",\"dateModified\":\"2026-02-02T17:10:12+00:00\",\"description\":\"D\u00e9couvrez Boisson Aloe Vera Acai Pro : 85 % aloe vera, a\u00e7a\u00ef et vitamines pour l\u2019\u00e9quilibre, la peau et l\u2019immunit\u00e9. Qualit\u00e9 allemande certifi\u00e9e\",\"breadcrumb\":{\"@id\":\"https:\\\/\\\/www.lraloeverashop.eu\\\/fr\\\/produit\\\/boisson-aloe-vera-acai-pro\\\/#breadcrumb\"},\"inLanguage\":\"fr-FR\",\"potentialAction\":[{\"@type\":\"ReadAction\",\"target\":[\"https:\\\/\\\/www.lraloeverashop.eu\\\/fr\\\/produit\\\/boisson-aloe-vera-acai-pro\\\/\"]}]},{\"@type\":\"ImageObject\",\"inLanguage\":\"fr-FR\",\"@id\":\"https:\\\/\\\/www.lraloeverashop.eu\\\/fr\\\/produit\\\/boisson-aloe-vera-acai-pro\\\/#primaryimage\",\"url\":\"https:\\\/\\\/www.lraloeverashop.eu\\\/wp-content\\\/uploads\\\/2024\\\/04\\\/Aloe-Vera-Drink-Acai-3-Pieces-Set.jpeg\",\"contentUrl\":\"https:\\\/\\\/www.lraloeverashop.eu\\\/wp-content\\\/uploads\\\/2024\\\/04\\\/Aloe-Vera-Drink-Acai-3-Pieces-Set.jpeg\",\"width\":1200,\"height\":1200,\"caption\":\"Boisson Aloe Vera Acai Pro 3 Pi\u00e8ces avec triple protection pour votre \u00e9t\u00e9\"},{\"@type\":\"BreadcrumbList\",\"@id\":\"https:\\\/\\\/www.lraloeverashop.eu\\\/fr\\\/produit\\\/boisson-aloe-vera-acai-pro\\\/#breadcrumb\",\"itemListElement\":[{\"@type\":\"ListItem\",\"position\":1,\"name\":\"Home\",\"item\":\"https:\\\/\\\/www.lraloeverashop.eu\\\/fr\\\/\"},{\"@type\":\"ListItem\",\"position\":2,\"name\":\"Boutique\",\"item\":\"https:\\\/\\\/www.lraloeverashop.eu\\\/fr\\\/boutique\\\/\"},{\"@type\":\"ListItem\",\"position\":3,\"name\":\"Boisson Aloe Vera Acai Pro\"}]},{\"@type\":\"WebSite\",\"@id\":\"https:\\\/\\\/www.lraloeverashop.eu\\\/fr\\\/#website\",\"url\":\"https:\\\/\\\/www.lraloeverashop.eu\\\/fr\\\/\",\"name\":\"Boutique Lr Aloe Vera\",\"description\":\"High Quality Lr Aloe Vera Gel, Aloe Vera Cream and Shampoo\",\"publisher\":{\"@id\":\"https:\\\/\\\/www.lraloeverashop.eu\\\/fr\\\/#organization\"},\"potentialAction\":[{\"@type\":\"SearchAction\",\"target\":{\"@type\":\"EntryPoint\",\"urlTemplate\":\"https:\\\/\\\/www.lraloeverashop.eu\\\/fr\\\/?s={search_term_string}\"},\"query-input\":{\"@type\":\"PropertyValueSpecification\",\"valueRequired\":true,\"valueName\":\"search_term_string\"}}],\"inLanguage\":\"fr-FR\"},{\"@type\":\"Organization\",\"@id\":\"https:\\\/\\\/www.lraloeverashop.eu\\\/fr\\\/#organization\",\"name\":\"Boutique Lr Aloe Vera\",\"alternateName\":\"LR\",\"url\":\"https:\\\/\\\/www.lraloeverashop.eu\\\/fr\\\/\",\"logo\":{\"@type\":\"ImageObject\",\"inLanguage\":\"fr-FR\",\"@id\":\"https:\\\/\\\/www.lraloeverashop.eu\\\/fr\\\/#\\\/schema\\\/logo\\\/image\\\/\",\"url\":\"https:\\\/\\\/www.lraloeverashop.eu\\\/wp-content\\\/uploads\\\/2022\\\/09\\\/cropped-Lr-Aloe-Vera-Shop.jpg\",\"contentUrl\":\"https:\\\/\\\/www.lraloeverashop.eu\\\/wp-content\\\/uploads\\\/2022\\\/09\\\/cropped-Lr-Aloe-Vera-Shop.jpg\",\"width\":228,\"height\":76,\"caption\":\"Boutique Lr Aloe Vera\"},\"image\":{\"@id\":\"https:\\\/\\\/www.lraloeverashop.eu\\\/fr\\\/#\\\/schema\\\/logo\\\/image\\\/\"},\"sameAs\":[\"https:\\\/\\\/www.facebook.com\\\/lraloeverashop.eu\",\"https:\\\/\\\/x.com\\\/natur__kosmetik\",\"https:\\\/\\\/www.youtube.com\\\/channel\\\/UC5oN7BJ8nfYb8RpVtjwDEBA\",\"https:\\\/\\\/www.instagram.com\\\/lrbeautyeu\\\/\"],\"description\":\"La boutique LR Aloe Vera est votre destination de confiance pour les produits de sant\u00e9 et de beaut\u00e9 haut de gamme LR, fabriqu\u00e9s en Allemagne. Nous proposons des soins de la peau, des compl\u00e9ments nutritionnels et des solutions anti-\u00e2ge \u00e0 l'aloe vera de haute qualit\u00e9, \u00e9labor\u00e9s \u00e0 partir d'ingr\u00e9dients purs et valid\u00e9s par la recherche scientifique. D\u00e9couvrez des soins naturels qui r\u00e9g\u00e9n\u00e8rent, prot\u00e8gent et revitalisent votre peau, et profitez d'offres mensuelles exclusives sur nos produits LR Aloe Vera les plus vendus.\\n\\nCommencez d\u00e8s aujourd'hui votre parcours vers des soins naturels et constatez la diff\u00e9rence.\",\"email\":\"info@lraloeverashop.eu\",\"telephone\":\"+49 17670609653\",\"legalName\":\"Lr Aloe Vera Shop\",\"foundingDate\":\"2018-04-21\",\"numberOfEmployees\":{\"@type\":\"QuantitativeValue\",\"minValue\":\"1\",\"maxValue\":\"10\"}}]}<\/script>\n<meta property=\"product:price:amount\" content=\"125.79\" \/>\n<meta property=\"product:price:currency\" content=\"EUR\" \/>\n<meta property=\"og:availability\" content=\"instock\" \/>\n<meta property=\"product:availability\" content=\"instock\" \/>\n<meta property=\"product:retailer_item_id\" content=\"81103-1FR\" \/>\n<meta property=\"product:condition\" content=\"new\" \/>\n<!-- \/ Yoast SEO Premium plugin. -->","yoast_head_json":{"title":"Boisson Aloe Vera Acai Pro \u2013 85 % Aloe pour Peau & Vitalit\u00e9","description":"D\u00e9couvrez Boisson Aloe Vera Acai Pro : 85 % aloe vera, a\u00e7a\u00ef et vitamines pour l\u2019\u00e9quilibre, la peau et l\u2019immunit\u00e9. Qualit\u00e9 allemande certifi\u00e9e","robots":{"index":"index","follow":"follow","max-snippet":"max-snippet:-1","max-image-preview":"max-image-preview:large","max-video-preview":"max-video-preview:-1"},"canonical":"https:\/\/www.lraloeverashop.eu\/fr\/produit\/boisson-aloe-vera-acai-pro\/","og_locale":"fr_FR","og_type":"article","og_title":"Boisson Aloe Vera Acai Pro","og_description":"D\u00e9couvrez Boisson Aloe Vera Acai Pro : 85 % aloe vera, a\u00e7a\u00ef et vitamines pour l\u2019\u00e9quilibre, la peau et l\u2019immunit\u00e9. Qualit\u00e9 allemande certifi\u00e9e","og_url":"https:\/\/www.lraloeverashop.eu\/fr\/produit\/boisson-aloe-vera-acai-pro\/","og_site_name":"Boutique Lr Aloe Vera","article_publisher":"https:\/\/www.facebook.com\/lraloeverashop.eu","article_modified_time":"2026-02-02T17:10:12+00:00","og_image":[{"width":1200,"height":1200,"url":"https:\/\/www.lraloeverashop.eu\/wp-content\/uploads\/2024\/04\/Aloe-Vera-Drink-Acai-3-Pieces-Set.jpeg","type":"image\/jpeg"}],"twitter_card":"summary_large_image","twitter_site":"@natur__kosmetik","schema":{"@context":"https:\/\/schema.org","@graph":[{"@type":["WebPage","ItemPage"],"@id":"https:\/\/www.lraloeverashop.eu\/fr\/produit\/boisson-aloe-vera-acai-pro\/","url":"https:\/\/www.lraloeverashop.eu\/fr\/produit\/boisson-aloe-vera-acai-pro\/","name":"Boisson Aloe Vera Acai Pro \u2013 85 % Aloe pour Peau & Vitalit\u00e9","isPartOf":{"@id":"https:\/\/www.lraloeverashop.eu\/fr\/#website"},"primaryImageOfPage":{"@id":"https:\/\/www.lraloeverashop.eu\/fr\/produit\/boisson-aloe-vera-acai-pro\/#primaryimage"},"image":{"@id":"https:\/\/www.lraloeverashop.eu\/fr\/produit\/boisson-aloe-vera-acai-pro\/#primaryimage"},"thumbnailUrl":"https:\/\/www.lraloeverashop.eu\/wp-content\/uploads\/2024\/04\/Aloe-Vera-Drink-Acai-3-Pieces-Set.jpeg","datePublished":"2026-01-06T09:15:35+00:00","dateModified":"2026-02-02T17:10:12+00:00","description":"D\u00e9couvrez Boisson Aloe Vera Acai Pro : 85 % aloe vera, a\u00e7a\u00ef et vitamines pour l\u2019\u00e9quilibre, la peau et l\u2019immunit\u00e9. Qualit\u00e9 allemande certifi\u00e9e","breadcrumb":{"@id":"https:\/\/www.lraloeverashop.eu\/fr\/produit\/boisson-aloe-vera-acai-pro\/#breadcrumb"},"inLanguage":"fr-FR","potentialAction":[{"@type":"ReadAction","target":["https:\/\/www.lraloeverashop.eu\/fr\/produit\/boisson-aloe-vera-acai-pro\/"]}]},{"@type":"ImageObject","inLanguage":"fr-FR","@id":"https:\/\/www.lraloeverashop.eu\/fr\/produit\/boisson-aloe-vera-acai-pro\/#primaryimage","url":"https:\/\/www.lraloeverashop.eu\/wp-content\/uploads\/2024\/04\/Aloe-Vera-Drink-Acai-3-Pieces-Set.jpeg","contentUrl":"https:\/\/www.lraloeverashop.eu\/wp-content\/uploads\/2024\/04\/Aloe-Vera-Drink-Acai-3-Pieces-Set.jpeg","width":1200,"height":1200,"caption":"Boisson Aloe Vera Acai Pro 3 Pi\u00e8ces avec triple protection pour votre \u00e9t\u00e9"},{"@type":"BreadcrumbList","@id":"https:\/\/www.lraloeverashop.eu\/fr\/produit\/boisson-aloe-vera-acai-pro\/#breadcrumb","itemListElement":[{"@type":"ListItem","position":1,"name":"Home","item":"https:\/\/www.lraloeverashop.eu\/fr\/"},{"@type":"ListItem","position":2,"name":"Boutique","item":"https:\/\/www.lraloeverashop.eu\/fr\/boutique\/"},{"@type":"ListItem","position":3,"name":"Boisson Aloe Vera Acai Pro"}]},{"@type":"WebSite","@id":"https:\/\/www.lraloeverashop.eu\/fr\/#website","url":"https:\/\/www.lraloeverashop.eu\/fr\/","name":"Boutique Lr Aloe Vera","description":"High Quality Lr Aloe Vera Gel, Aloe Vera Cream and Shampoo","publisher":{"@id":"https:\/\/www.lraloeverashop.eu\/fr\/#organization"},"potentialAction":[{"@type":"SearchAction","target":{"@type":"EntryPoint","urlTemplate":"https:\/\/www.lraloeverashop.eu\/fr\/?s={search_term_string}"},"query-input":{"@type":"PropertyValueSpecification","valueRequired":true,"valueName":"search_term_string"}}],"inLanguage":"fr-FR"},{"@type":"Organization","@id":"https:\/\/www.lraloeverashop.eu\/fr\/#organization","name":"Boutique Lr Aloe Vera","alternateName":"LR","url":"https:\/\/www.lraloeverashop.eu\/fr\/","logo":{"@type":"ImageObject","inLanguage":"fr-FR","@id":"https:\/\/www.lraloeverashop.eu\/fr\/#\/schema\/logo\/image\/","url":"https:\/\/www.lraloeverashop.eu\/wp-content\/uploads\/2022\/09\/cropped-Lr-Aloe-Vera-Shop.jpg","contentUrl":"https:\/\/www.lraloeverashop.eu\/wp-content\/uploads\/2022\/09\/cropped-Lr-Aloe-Vera-Shop.jpg","width":228,"height":76,"caption":"Boutique Lr Aloe Vera"},"image":{"@id":"https:\/\/www.lraloeverashop.eu\/fr\/#\/schema\/logo\/image\/"},"sameAs":["https:\/\/www.facebook.com\/lraloeverashop.eu","https:\/\/x.com\/natur__kosmetik","https:\/\/www.youtube.com\/channel\/UC5oN7BJ8nfYb8RpVtjwDEBA","https:\/\/www.instagram.com\/lrbeautyeu\/"],"description":"La boutique LR Aloe Vera est votre destination de confiance pour les produits de sant\u00e9 et de beaut\u00e9 haut de gamme LR, fabriqu\u00e9s en Allemagne. Nous proposons des soins de la peau, des compl\u00e9ments nutritionnels et des solutions anti-\u00e2ge \u00e0 l'aloe vera de haute qualit\u00e9, \u00e9labor\u00e9s \u00e0 partir d'ingr\u00e9dients purs et valid\u00e9s par la recherche scientifique. D\u00e9couvrez des soins naturels qui r\u00e9g\u00e9n\u00e8rent, prot\u00e8gent et revitalisent votre peau, et profitez d'offres mensuelles exclusives sur nos produits LR Aloe Vera les plus vendus.\n\nCommencez d\u00e8s aujourd'hui votre parcours vers des soins naturels et constatez la diff\u00e9rence.","email":"info@lraloeverashop.eu","telephone":"+49 17670609653","legalName":"Lr Aloe Vera Shop","foundingDate":"2018-04-21","numberOfEmployees":{"@type":"QuantitativeValue","minValue":"1","maxValue":"10"}}]},"product_price_amount":"125.79","product_price_currency":"EUR","og_availability":"instock","product_availability":"instock","product_retailer_item_id":"81103-1FR","product_condition":"new"},"taxonomy_info":{"product_cat":[{"value":398,"label":"Base"},{"value":291,"label":"Gels \u00e0 boire Aloe Vera"},{"value":434,"label":"Intestins &amp; Digestion"},{"value":416,"label":"Os, Articulations et Muscles"},{"value":464,"label":"Sp\u00e9cialistes"}],"product_tag":[{"value":582,"label":"Boissons d\u00e9tox"}]},"featured_image_src_large":["https:\/\/www.lraloeverashop.eu\/wp-content\/uploads\/2024\/04\/Aloe-Vera-Drink-Acai-3-Pieces-Set-1024x1024.jpeg",1024,1024,true],"author_info":[],"comment_info":0,"_links":{"self":[{"href":"https:\/\/www.lraloeverashop.eu\/fr\/wp-json\/wp\/v2\/product\/29601","targetHints":{"allow":["GET"]}}],"collection":[{"href":"https:\/\/www.lraloeverashop.eu\/fr\/wp-json\/wp\/v2\/product"}],"about":[{"href":"https:\/\/www.lraloeverashop.eu\/fr\/wp-json\/wp\/v2\/types\/product"}],"replies":[{"embeddable":true,"href":"https:\/\/www.lraloeverashop.eu\/fr\/wp-json\/wp\/v2\/comments?post=29601"}],"wp:featuredmedia":[{"embeddable":true,"href":"https:\/\/www.lraloeverashop.eu\/fr\/wp-json\/wp\/v2\/media\/14751"}],"wp:attachment":[{"href":"https:\/\/www.lraloeverashop.eu\/fr\/wp-json\/wp\/v2\/media?parent=29601"}],"wp:term":[{"taxonomy":"product_brand","embeddable":true,"href":"https:\/\/www.lraloeverashop.eu\/fr\/wp-json\/wp\/v2\/product_brand?post=29601"},{"taxonomy":"product_cat","embeddable":true,"href":"https:\/\/www.lraloeverashop.eu\/fr\/wp-json\/wp\/v2\/product_cat?post=29601"},{"taxonomy":"product_tag","embeddable":true,"href":"https:\/\/www.lraloeverashop.eu\/fr\/wp-json\/wp\/v2\/product_tag?post=29601"}],"curies":[{"name":"wp","href":"https:\/\/api.w.org\/{rel}","templated":true}]}}