{"id":28422,"date":"2025-05-25T12:08:47","date_gmt":"2025-05-25T10:08:47","guid":{"rendered":"https:\/\/www.lraloeverashop.eu\/product\/set-de-protection-solaire-aloe-vera\/"},"modified":"2026-02-02T18:13:47","modified_gmt":"2026-02-02T17:13:47","slug":"set-de-protection-solaire-aloe-vera","status":"publish","type":"product","link":"https:\/\/www.lraloeverashop.eu\/fr\/produit\/set-de-protection-solaire-aloe-vera\/","title":{"rendered":"Set de Protection Solaire Aloe Vera"},"content":{"rendered":"<h2><span style=\"font-size: 16pt;\"><strong>Set de Protection Solaire Aloe Vera<\/strong><\/span><\/h2>\n<p><span style=\"font-size: 14pt;\"><strong>Set de Protection Solaire Aloe Vera \u2013 Protection Solaire Naturelle Compl\u00e8te pour Toute la Famille<\/strong><\/span><br \/>\nPr\u00e9parez-vous \u00e0 vivre l\u2019exp\u00e9rience ultime des soins solaires avec le Set de Protection Solaires Aloe Vera, votre ensemble complet de soins solaires \u00e0 base d\u2019aloe vera, con\u00e7u pour prot\u00e9ger, hydrater et r\u00e9g\u00e9n\u00e9rer la peau de toute la famille. Que vous alliez \u00e0 la plage, en randonn\u00e9e sous le soleil ou que vous profitiez simplement du plein air, ce kit IP contient tout ce qu\u2019il vous faut pour une protection solaire naturelle compl\u00e8te.<\/p>\n<h3><strong><span style=\"font-size: 16pt;\">Que contient le Set de Protection Solaire Aloe Vera?<\/span><\/strong><\/h3>\n<p><strong><a href=\"https:\/\/www.lraloeverashop.eu\/fr\/produit\/creme-apres-soleil-aloe-vera\/\">Cr\u00e8me Apr\u00e8s Soleil Aloe Vera (200 ml)<\/a><\/strong> enrichi \u00e0 70 % d\u2019aloe vera et \u00e0 l\u2019extrait d\u2019ananas bio, ce gel apr\u00e8s-soleil apaise la peau stress\u00e9e par le soleil et procure une hydratation instantan\u00e9e gr\u00e2ce \u00e0 la technologie Water-Droplets. Il soulage les rougeurs, irritations et s\u00e9cheresse, tout en favorisant une r\u00e9cup\u00e9ration rapide de la peau.<\/p>\n<p><strong><a href=\"https:\/\/www.lraloeverashop.eu\/fr\/produit\/lait-solaire-ip-50\/\">Lait Solaire IP 50 Aloe Vera (75 ml)<\/a><\/strong> con\u00e7u pour les peaux sensibles, ce lait solaire \u00e0 large spectre SPF \u00e9lev\u00e9 contient 40 % d\u2019aloe vera et p\u00e9n\u00e8tre rapidement avec un fini toucher sec. Il est sans parfum, non gras, id\u00e9al pour les adultes \u00e0 la peau d\u00e9licate ou claire.<\/p>\n<p><strong><a href=\"https:\/\/www.lraloeverashop.eu\/fr\/produit\/spray-solaire-enfants-ip-50\/\">Spray Solaire Enfants IP 50 (150 ml)<\/a><\/strong>\u00a0un spray solaire waterproof tout doux pour les enfants, parfait pour les petits aventuriers. Sa formule l\u00e9g\u00e8re en brume s\u2019applique sur peau s\u00e8che ou mouill\u00e9e et est enrichie en aloe vera et extrait d\u2019ananas pour apaiser et prot\u00e9ger la peau d\u00e9licate.<\/p>\n<p><strong><a href=\"https:\/\/www.lraloeverashop.eu\/fr\/produit\/aloe-vera-lotion-solaire-ip-30\/\">Aloe Vera Lotion Solaire IP 30 (100 ml)<\/a><\/strong> Parfait pour un usage quotidien, ce lait solaire SPF 30 convient \u00e0 la plupart des types de peau. Il offre une protection UV moyenne, tout en hydratant et nourrissant la peau. Sa texture fluide ne laisse aucun r\u00e9sidu blanc.<\/p>\n<p><strong><a href=\"https:\/\/www.lraloeverashop.eu\/fr\/produit\/aloe-vera-creme-solaire-anti-age-ip-50\/\">Cr\u00e8me Solaire 50 Anti-\u00e2ge Aloe Vera (50 ml)<\/a><\/strong> &#8211; Cette cr\u00e8me solaire anti-\u00e2ge offre une protection IP optimale tout en stimulant la production de collag\u00e8ne et la fermet\u00e9 de la peau gr\u00e2ce \u00e0 un complexe unique de peptides. Id\u00e9al pour les peaux matures ou soucieuses du vieillissement cutan\u00e9 d\u00fb au soleil.<\/p>\n<h3><strong><span style=\"font-size: 16pt;\">Pourquoi Choisir Ce Set de Protection Solaire Aloe Vera?<\/span><\/strong><\/h3>\n<ul>\n<li>Meilleure protection solaire pour les peaux sensibles, jusqu\u2019\u00e0 70 % d\u2019aloe vera<\/li>\n<li>Soins solaires sans cruaut\u00e9 : sans parfums synth\u00e9tiques, sans parab\u00e8nes, sans huiles min\u00e9rales<\/li>\n<li>Hydratation et r\u00e9paration de la peau gr\u00e2ce aux ingr\u00e9dients botaniques<\/li>\n<li>Application facile: formules non grasses et \u00e0 absorption rapide<\/li>\n<li>Soins solaires vegan, \u00e9co-responsables et s\u00fbrs pour toute la famille<\/li>\n<\/ul>\n<h3><strong><span style=\"font-size: 16pt;\">Comment Utiliser<\/span><\/strong><\/h3>\n<p><strong>Avant l\u2019exposition au soleil : <\/strong>Appliquer g\u00e9n\u00e9reusement les produits SPF 30 ou SPF 50 30 minutes avant de prendre un bain de soleil. Renouveler l\u2019application toutes les 2 heures ou apr\u00e8s la baignade.<\/p>\n<p><strong>Apr\u00e8s le soleil:<\/strong> Appliquer g\u00e9n\u00e9reusement le Gel-Cr\u00e8me Apr\u00e8s-Soleil sur peau propre et s\u00e8che pour soulager la chaleur et restaurer l\u2019hydratation.<\/p>\n<h3><strong><span style=\"font-size: 16pt;\">Prot\u00e9gez-vous Naturellement, Restez Rayonnant<\/span><\/strong><\/h3>\n<p>Que vous soyez en vacances d\u2019\u00e9t\u00e9 ou en balade au parc, le Set de Protection Solaire Aloe Vera vous offre une protection solaire botanique fiable. Prot\u00e9gez, nourrissez et r\u00e9parez votre peau, tout en adoptant une routine solaire plus durable.<\/p>\n","protected":false},"excerpt":{"rendered":"<p><strong>Le Set Contient:<\/strong><\/p>\n<ul>\n<li>Cr\u00e8me Apr\u00e8s Soleil Aloe Vera (200 ml)<\/li>\n<li>Lait Solaire IP 50 Aloe Vera (75 ml)<\/li>\n<li>Aloe Vera Lotion Solaire IP 30 (100 ml)<\/li>\n<li>Cr\u00e8me Solaire 50 Anti-\u00e2ge Aloe Vera (50 ml)<\/li>\n<li>Spray Solaire Enfants IP 50 (150 ml)<\/li>\n<\/ul>\n<p style=\"text-align: left;\"><span style=\"color: #ff0000;\"><a style=\"color: #ff0000;\" href=\"https:\/\/shop.lrworld.com\/openpao?PHP=0vFlt7jT938BEnBI3a6e9w%3D%3D\"><span style=\"font-size: 14pt;\"><strong>Inscrivez-vous et \u00e9conomisez 35% sur chaque commande<\/strong><\/span><\/a><\/span><\/p>\n","protected":false},"featured_media":28413,"comment_status":"open","ping_status":"closed","template":"","meta":{"_kad_blocks_custom_css":"","_kad_blocks_head_custom_js":"","_kad_blocks_body_custom_js":"","_kad_blocks_footer_custom_js":"","_kadence_starter_templates_imported_post":false,"_kad_post_transparent":"default","_kad_post_title":"","_kad_post_layout":"default","_kad_post_sidebar_id":"","_kad_post_content_style":"default","_kad_post_vertical_padding":"default","_kad_post_feature":"","_kad_post_feature_position":"","_kad_post_header":false,"_kad_post_footer":false,"_kad_post_classname":""},"product_brand":[],"product_cat":[212,1006,224,351],"product_tag":[1013],"class_list":{"0":"post-28422","1":"product","2":"type-product","3":"status-publish","4":"has-post-thumbnail","6":"product_cat-aloe-vera-fr","7":"product_cat-protection-solaire","8":"product_cat-soins-du-corps","9":"product_cat-soldes","10":"product_tag-creme-solaire","12":"first","13":"instock","14":"sale","15":"taxable","16":"shipping-taxable","17":"purchasable","18":"product-type-simple","19":"entry","20":"content-bg","21":"loop-entry"},"yoast_head":"<!-- This site is optimized with the Yoast SEO Premium plugin v27.4 (Yoast SEO v27.4) - https:\/\/yoast.com\/product\/yoast-seo-premium-wordpress\/ -->\n<title>Set de Protection Solaire Aloe Vera pour Toute la Famille<\/title>\n<meta name=\"description\" content=\"D\u00e9couvrez le Set de Protection Solaire Aloe Vera \u2013 votre kit IP complet de Protection Solaire Naturelle pour peaux sensibles, enfants et besoins anti-\u00e2ge.\" \/>\n<meta name=\"robots\" content=\"index, follow, max-snippet:-1, max-image-preview:large, max-video-preview:-1\" \/>\n<link rel=\"canonical\" href=\"https:\/\/www.lraloeverashop.eu\/fr\/produit\/set-de-protection-solaire-aloe-vera\/\" \/>\n<meta property=\"og:locale\" content=\"fr_FR\" \/>\n<meta property=\"og:type\" content=\"article\" \/>\n<meta property=\"og:title\" content=\"Set de Protection Solaire Aloe Vera\" \/>\n<meta property=\"og:description\" content=\"D\u00e9couvrez le Set de Protection Solaire Aloe Vera \u2013 votre kit IP complet de Protection Solaire Naturelle pour peaux sensibles, enfants et besoins anti-\u00e2ge.\" \/>\n<meta property=\"og:url\" content=\"https:\/\/www.lraloeverashop.eu\/fr\/produit\/set-de-protection-solaire-aloe-vera\/\" \/>\n<meta property=\"og:site_name\" content=\"Boutique Lr Aloe Vera\" \/>\n<meta property=\"article:publisher\" content=\"https:\/\/www.facebook.com\/lraloeverashop.eu\" \/>\n<meta property=\"article:modified_time\" content=\"2026-02-02T17:13:47+00:00\" \/>\n<meta property=\"og:image\" content=\"https:\/\/www.lraloeverashop.eu\/wp-content\/uploads\/2025\/05\/Aloe-Vera-Sunbathing-Set.jpg\" \/>\n\t<meta property=\"og:image:width\" content=\"1200\" \/>\n\t<meta property=\"og:image:height\" content=\"1200\" \/>\n\t<meta property=\"og:image:type\" content=\"image\/jpeg\" \/>\n<meta name=\"twitter:card\" content=\"summary_large_image\" \/>\n<meta name=\"twitter:site\" content=\"@natur__kosmetik\" \/>\n<script type=\"application\/ld+json\" class=\"yoast-schema-graph\">{\"@context\":\"https:\\\/\\\/schema.org\",\"@graph\":[{\"@type\":[\"WebPage\",\"ItemPage\"],\"@id\":\"https:\\\/\\\/www.lraloeverashop.eu\\\/fr\\\/produit\\\/set-de-protection-solaire-aloe-vera\\\/\",\"url\":\"https:\\\/\\\/www.lraloeverashop.eu\\\/fr\\\/produit\\\/set-de-protection-solaire-aloe-vera\\\/\",\"name\":\"Set de Protection Solaire Aloe Vera pour Toute la Famille\",\"isPartOf\":{\"@id\":\"https:\\\/\\\/www.lraloeverashop.eu\\\/fr\\\/#website\"},\"primaryImageOfPage\":{\"@id\":\"https:\\\/\\\/www.lraloeverashop.eu\\\/fr\\\/produit\\\/set-de-protection-solaire-aloe-vera\\\/#primaryimage\"},\"image\":{\"@id\":\"https:\\\/\\\/www.lraloeverashop.eu\\\/fr\\\/produit\\\/set-de-protection-solaire-aloe-vera\\\/#primaryimage\"},\"thumbnailUrl\":\"https:\\\/\\\/www.lraloeverashop.eu\\\/wp-content\\\/uploads\\\/2025\\\/05\\\/Aloe-Vera-Sunbathing-Set.jpg\",\"datePublished\":\"2025-05-25T10:08:47+00:00\",\"dateModified\":\"2026-02-02T17:13:47+00:00\",\"description\":\"D\u00e9couvrez le Set de Protection Solaire Aloe Vera \u2013 votre kit IP complet de Protection Solaire Naturelle pour peaux sensibles, enfants et besoins anti-\u00e2ge.\",\"breadcrumb\":{\"@id\":\"https:\\\/\\\/www.lraloeverashop.eu\\\/fr\\\/produit\\\/set-de-protection-solaire-aloe-vera\\\/#breadcrumb\"},\"inLanguage\":\"fr-FR\",\"potentialAction\":[{\"@type\":\"ReadAction\",\"target\":[\"https:\\\/\\\/www.lraloeverashop.eu\\\/fr\\\/produit\\\/set-de-protection-solaire-aloe-vera\\\/\"]}]},{\"@type\":\"ImageObject\",\"inLanguage\":\"fr-FR\",\"@id\":\"https:\\\/\\\/www.lraloeverashop.eu\\\/fr\\\/produit\\\/set-de-protection-solaire-aloe-vera\\\/#primaryimage\",\"url\":\"https:\\\/\\\/www.lraloeverashop.eu\\\/wp-content\\\/uploads\\\/2025\\\/05\\\/Aloe-Vera-Sunbathing-Set.jpg\",\"contentUrl\":\"https:\\\/\\\/www.lraloeverashop.eu\\\/wp-content\\\/uploads\\\/2025\\\/05\\\/Aloe-Vera-Sunbathing-Set.jpg\",\"width\":1200,\"height\":1200,\"caption\":\"Set de protection solaire aloe vera \u2013 Protection solaire naturelle ultime et soin apr\u00e8s-soleil\"},{\"@type\":\"BreadcrumbList\",\"@id\":\"https:\\\/\\\/www.lraloeverashop.eu\\\/fr\\\/produit\\\/set-de-protection-solaire-aloe-vera\\\/#breadcrumb\",\"itemListElement\":[{\"@type\":\"ListItem\",\"position\":1,\"name\":\"Home\",\"item\":\"https:\\\/\\\/www.lraloeverashop.eu\\\/fr\\\/\"},{\"@type\":\"ListItem\",\"position\":2,\"name\":\"Boutique\",\"item\":\"https:\\\/\\\/www.lraloeverashop.eu\\\/fr\\\/boutique\\\/\"},{\"@type\":\"ListItem\",\"position\":3,\"name\":\"Set de Protection Solaire Aloe Vera\"}]},{\"@type\":\"WebSite\",\"@id\":\"https:\\\/\\\/www.lraloeverashop.eu\\\/fr\\\/#website\",\"url\":\"https:\\\/\\\/www.lraloeverashop.eu\\\/fr\\\/\",\"name\":\"Boutique Lr Aloe Vera\",\"description\":\"High Quality Lr Aloe Vera Gel, Aloe Vera Cream and Shampoo\",\"publisher\":{\"@id\":\"https:\\\/\\\/www.lraloeverashop.eu\\\/fr\\\/#organization\"},\"potentialAction\":[{\"@type\":\"SearchAction\",\"target\":{\"@type\":\"EntryPoint\",\"urlTemplate\":\"https:\\\/\\\/www.lraloeverashop.eu\\\/fr\\\/?s={search_term_string}\"},\"query-input\":{\"@type\":\"PropertyValueSpecification\",\"valueRequired\":true,\"valueName\":\"search_term_string\"}}],\"inLanguage\":\"fr-FR\"},{\"@type\":\"Organization\",\"@id\":\"https:\\\/\\\/www.lraloeverashop.eu\\\/fr\\\/#organization\",\"name\":\"Boutique Lr Aloe Vera\",\"alternateName\":\"LR\",\"url\":\"https:\\\/\\\/www.lraloeverashop.eu\\\/fr\\\/\",\"logo\":{\"@type\":\"ImageObject\",\"inLanguage\":\"fr-FR\",\"@id\":\"https:\\\/\\\/www.lraloeverashop.eu\\\/fr\\\/#\\\/schema\\\/logo\\\/image\\\/\",\"url\":\"https:\\\/\\\/www.lraloeverashop.eu\\\/wp-content\\\/uploads\\\/2022\\\/09\\\/cropped-Lr-Aloe-Vera-Shop.jpg\",\"contentUrl\":\"https:\\\/\\\/www.lraloeverashop.eu\\\/wp-content\\\/uploads\\\/2022\\\/09\\\/cropped-Lr-Aloe-Vera-Shop.jpg\",\"width\":228,\"height\":76,\"caption\":\"Boutique Lr Aloe Vera\"},\"image\":{\"@id\":\"https:\\\/\\\/www.lraloeverashop.eu\\\/fr\\\/#\\\/schema\\\/logo\\\/image\\\/\"},\"sameAs\":[\"https:\\\/\\\/www.facebook.com\\\/lraloeverashop.eu\",\"https:\\\/\\\/x.com\\\/natur__kosmetik\",\"https:\\\/\\\/www.youtube.com\\\/channel\\\/UC5oN7BJ8nfYb8RpVtjwDEBA\",\"https:\\\/\\\/www.instagram.com\\\/lrbeautyeu\\\/\"],\"description\":\"La boutique LR Aloe Vera est votre destination de confiance pour les produits de sant\u00e9 et de beaut\u00e9 haut de gamme LR, fabriqu\u00e9s en Allemagne. Nous proposons des soins de la peau, des compl\u00e9ments nutritionnels et des solutions anti-\u00e2ge \u00e0 l'aloe vera de haute qualit\u00e9, \u00e9labor\u00e9s \u00e0 partir d'ingr\u00e9dients purs et valid\u00e9s par la recherche scientifique. D\u00e9couvrez des soins naturels qui r\u00e9g\u00e9n\u00e8rent, prot\u00e8gent et revitalisent votre peau, et profitez d'offres mensuelles exclusives sur nos produits LR Aloe Vera les plus vendus.\\n\\nCommencez d\u00e8s aujourd'hui votre parcours vers des soins naturels et constatez la diff\u00e9rence.\",\"email\":\"info@lraloeverashop.eu\",\"telephone\":\"+49 17670609653\",\"legalName\":\"Lr Aloe Vera Shop\",\"foundingDate\":\"2018-04-21\",\"numberOfEmployees\":{\"@type\":\"QuantitativeValue\",\"minValue\":\"1\",\"maxValue\":\"10\"}}]}<\/script>\n<meta property=\"product:price:amount\" content=\"98.99\" \/>\n<meta property=\"product:price:currency\" content=\"EUR\" \/>\n<meta property=\"og:availability\" content=\"instock\" \/>\n<meta property=\"product:availability\" content=\"instock\" \/>\n<meta property=\"product:retailer_item_id\" content=\"23136-1FR\" \/>\n<meta property=\"product:condition\" content=\"new\" \/>\n<!-- \/ Yoast SEO Premium plugin. -->","yoast_head_json":{"title":"Set de Protection Solaire Aloe Vera pour Toute la Famille","description":"D\u00e9couvrez le Set de Protection Solaire Aloe Vera \u2013 votre kit IP complet de Protection Solaire Naturelle pour peaux sensibles, enfants et besoins anti-\u00e2ge.","robots":{"index":"index","follow":"follow","max-snippet":"max-snippet:-1","max-image-preview":"max-image-preview:large","max-video-preview":"max-video-preview:-1"},"canonical":"https:\/\/www.lraloeverashop.eu\/fr\/produit\/set-de-protection-solaire-aloe-vera\/","og_locale":"fr_FR","og_type":"article","og_title":"Set de Protection Solaire Aloe Vera","og_description":"D\u00e9couvrez le Set de Protection Solaire Aloe Vera \u2013 votre kit IP complet de Protection Solaire Naturelle pour peaux sensibles, enfants et besoins anti-\u00e2ge.","og_url":"https:\/\/www.lraloeverashop.eu\/fr\/produit\/set-de-protection-solaire-aloe-vera\/","og_site_name":"Boutique Lr Aloe Vera","article_publisher":"https:\/\/www.facebook.com\/lraloeverashop.eu","article_modified_time":"2026-02-02T17:13:47+00:00","og_image":[{"width":1200,"height":1200,"url":"https:\/\/www.lraloeverashop.eu\/wp-content\/uploads\/2025\/05\/Aloe-Vera-Sunbathing-Set.jpg","type":"image\/jpeg"}],"twitter_card":"summary_large_image","twitter_site":"@natur__kosmetik","schema":{"@context":"https:\/\/schema.org","@graph":[{"@type":["WebPage","ItemPage"],"@id":"https:\/\/www.lraloeverashop.eu\/fr\/produit\/set-de-protection-solaire-aloe-vera\/","url":"https:\/\/www.lraloeverashop.eu\/fr\/produit\/set-de-protection-solaire-aloe-vera\/","name":"Set de Protection Solaire Aloe Vera pour Toute la Famille","isPartOf":{"@id":"https:\/\/www.lraloeverashop.eu\/fr\/#website"},"primaryImageOfPage":{"@id":"https:\/\/www.lraloeverashop.eu\/fr\/produit\/set-de-protection-solaire-aloe-vera\/#primaryimage"},"image":{"@id":"https:\/\/www.lraloeverashop.eu\/fr\/produit\/set-de-protection-solaire-aloe-vera\/#primaryimage"},"thumbnailUrl":"https:\/\/www.lraloeverashop.eu\/wp-content\/uploads\/2025\/05\/Aloe-Vera-Sunbathing-Set.jpg","datePublished":"2025-05-25T10:08:47+00:00","dateModified":"2026-02-02T17:13:47+00:00","description":"D\u00e9couvrez le Set de Protection Solaire Aloe Vera \u2013 votre kit IP complet de Protection Solaire Naturelle pour peaux sensibles, enfants et besoins anti-\u00e2ge.","breadcrumb":{"@id":"https:\/\/www.lraloeverashop.eu\/fr\/produit\/set-de-protection-solaire-aloe-vera\/#breadcrumb"},"inLanguage":"fr-FR","potentialAction":[{"@type":"ReadAction","target":["https:\/\/www.lraloeverashop.eu\/fr\/produit\/set-de-protection-solaire-aloe-vera\/"]}]},{"@type":"ImageObject","inLanguage":"fr-FR","@id":"https:\/\/www.lraloeverashop.eu\/fr\/produit\/set-de-protection-solaire-aloe-vera\/#primaryimage","url":"https:\/\/www.lraloeverashop.eu\/wp-content\/uploads\/2025\/05\/Aloe-Vera-Sunbathing-Set.jpg","contentUrl":"https:\/\/www.lraloeverashop.eu\/wp-content\/uploads\/2025\/05\/Aloe-Vera-Sunbathing-Set.jpg","width":1200,"height":1200,"caption":"Set de protection solaire aloe vera \u2013 Protection solaire naturelle ultime et soin apr\u00e8s-soleil"},{"@type":"BreadcrumbList","@id":"https:\/\/www.lraloeverashop.eu\/fr\/produit\/set-de-protection-solaire-aloe-vera\/#breadcrumb","itemListElement":[{"@type":"ListItem","position":1,"name":"Home","item":"https:\/\/www.lraloeverashop.eu\/fr\/"},{"@type":"ListItem","position":2,"name":"Boutique","item":"https:\/\/www.lraloeverashop.eu\/fr\/boutique\/"},{"@type":"ListItem","position":3,"name":"Set de Protection Solaire Aloe Vera"}]},{"@type":"WebSite","@id":"https:\/\/www.lraloeverashop.eu\/fr\/#website","url":"https:\/\/www.lraloeverashop.eu\/fr\/","name":"Boutique Lr Aloe Vera","description":"High Quality Lr Aloe Vera Gel, Aloe Vera Cream and Shampoo","publisher":{"@id":"https:\/\/www.lraloeverashop.eu\/fr\/#organization"},"potentialAction":[{"@type":"SearchAction","target":{"@type":"EntryPoint","urlTemplate":"https:\/\/www.lraloeverashop.eu\/fr\/?s={search_term_string}"},"query-input":{"@type":"PropertyValueSpecification","valueRequired":true,"valueName":"search_term_string"}}],"inLanguage":"fr-FR"},{"@type":"Organization","@id":"https:\/\/www.lraloeverashop.eu\/fr\/#organization","name":"Boutique Lr Aloe Vera","alternateName":"LR","url":"https:\/\/www.lraloeverashop.eu\/fr\/","logo":{"@type":"ImageObject","inLanguage":"fr-FR","@id":"https:\/\/www.lraloeverashop.eu\/fr\/#\/schema\/logo\/image\/","url":"https:\/\/www.lraloeverashop.eu\/wp-content\/uploads\/2022\/09\/cropped-Lr-Aloe-Vera-Shop.jpg","contentUrl":"https:\/\/www.lraloeverashop.eu\/wp-content\/uploads\/2022\/09\/cropped-Lr-Aloe-Vera-Shop.jpg","width":228,"height":76,"caption":"Boutique Lr Aloe Vera"},"image":{"@id":"https:\/\/www.lraloeverashop.eu\/fr\/#\/schema\/logo\/image\/"},"sameAs":["https:\/\/www.facebook.com\/lraloeverashop.eu","https:\/\/x.com\/natur__kosmetik","https:\/\/www.youtube.com\/channel\/UC5oN7BJ8nfYb8RpVtjwDEBA","https:\/\/www.instagram.com\/lrbeautyeu\/"],"description":"La boutique LR Aloe Vera est votre destination de confiance pour les produits de sant\u00e9 et de beaut\u00e9 haut de gamme LR, fabriqu\u00e9s en Allemagne. Nous proposons des soins de la peau, des compl\u00e9ments nutritionnels et des solutions anti-\u00e2ge \u00e0 l'aloe vera de haute qualit\u00e9, \u00e9labor\u00e9s \u00e0 partir d'ingr\u00e9dients purs et valid\u00e9s par la recherche scientifique. D\u00e9couvrez des soins naturels qui r\u00e9g\u00e9n\u00e8rent, prot\u00e8gent et revitalisent votre peau, et profitez d'offres mensuelles exclusives sur nos produits LR Aloe Vera les plus vendus.\n\nCommencez d\u00e8s aujourd'hui votre parcours vers des soins naturels et constatez la diff\u00e9rence.","email":"info@lraloeverashop.eu","telephone":"+49 17670609653","legalName":"Lr Aloe Vera Shop","foundingDate":"2018-04-21","numberOfEmployees":{"@type":"QuantitativeValue","minValue":"1","maxValue":"10"}}]},"product_price_amount":"98.99","product_price_currency":"EUR","og_availability":"instock","product_availability":"instock","product_retailer_item_id":"23136-1FR","product_condition":"new"},"taxonomy_info":{"product_cat":[{"value":212,"label":"Aloe Vera"},{"value":1006,"label":"Protection solaire"},{"value":224,"label":"Soins du corps"},{"value":351,"label":"Soldes"}],"product_tag":[{"value":1013,"label":"cr\u00e8me solaire"}]},"featured_image_src_large":["https:\/\/www.lraloeverashop.eu\/wp-content\/uploads\/2025\/05\/Aloe-Vera-Sunbathing-Set-1024x1024.jpg",1024,1024,true],"author_info":[],"comment_info":0,"_links":{"self":[{"href":"https:\/\/www.lraloeverashop.eu\/fr\/wp-json\/wp\/v2\/product\/28422","targetHints":{"allow":["GET"]}}],"collection":[{"href":"https:\/\/www.lraloeverashop.eu\/fr\/wp-json\/wp\/v2\/product"}],"about":[{"href":"https:\/\/www.lraloeverashop.eu\/fr\/wp-json\/wp\/v2\/types\/product"}],"replies":[{"embeddable":true,"href":"https:\/\/www.lraloeverashop.eu\/fr\/wp-json\/wp\/v2\/comments?post=28422"}],"wp:featuredmedia":[{"embeddable":true,"href":"https:\/\/www.lraloeverashop.eu\/fr\/wp-json\/wp\/v2\/media\/28413"}],"wp:attachment":[{"href":"https:\/\/www.lraloeverashop.eu\/fr\/wp-json\/wp\/v2\/media?parent=28422"}],"wp:term":[{"taxonomy":"product_brand","embeddable":true,"href":"https:\/\/www.lraloeverashop.eu\/fr\/wp-json\/wp\/v2\/product_brand?post=28422"},{"taxonomy":"product_cat","embeddable":true,"href":"https:\/\/www.lraloeverashop.eu\/fr\/wp-json\/wp\/v2\/product_cat?post=28422"},{"taxonomy":"product_tag","embeddable":true,"href":"https:\/\/www.lraloeverashop.eu\/fr\/wp-json\/wp\/v2\/product_tag?post=28422"}],"curies":[{"name":"wp","href":"https:\/\/api.w.org\/{rel}","templated":true}]}}