{"id":26275,"date":"2025-03-17T17:45:08","date_gmt":"2025-03-17T16:45:08","guid":{"rendered":"https:\/\/www.lraloeverashop.eu\/?post_type=product&#038;p=26275"},"modified":"2026-02-02T18:14:55","modified_gmt":"2026-02-02T17:14:55","slug":"masque-de-nuit-lr","status":"publish","type":"product","link":"https:\/\/www.lraloeverashop.eu\/fr\/produit\/masque-de-nuit-lr\/","title":{"rendered":"Masque de Nuit Lr"},"content":{"rendered":"<h2><span style=\"font-size: 16pt;\"><strong>Masque de Nuit Lr<\/strong><\/span><\/h2>\n<p><span style=\"font-size: 14pt;\"><strong>Masque de Nuit Lr &#8211;\u00a0Soin de nuit pour une peau \u00e9clatante<\/strong><\/span><\/p>\n<p>R\u00e9veillez-vous avec une peau plus rebondie et plus lisse avec le Masque de Nuit Lr. Cette formule sans rin\u00e7age agit pendant la nuit pour hydrater, r\u00e9parer et rafra\u00eechir votre peau pendant que vous dormez.<\/p>\n<p>&nbsp;<\/p>\n<h3><span style=\"font-size: 16pt;\"><strong>Pourquoi c&rsquo;est parfait pour vous:<\/strong><\/span><\/h3>\n<ul>\n<li><strong>Trois modes d\u2019action:<\/strong> b\u00e9n\u00e9ficiez d\u2019une hydratation profonde, d\u2019un soutien \u00e0 la <a href=\"https:\/\/www.lraloeverashop.eu\/fr\/creme-de-nuit-a-laloe-vera-naturelle-et-efficace\/\">r\u00e9g\u00e9n\u00e9ration naturelle<\/a> de la peau et d\u2019un effet anti-\u00e2ge, le tout dans un seul produit.<\/li>\n<li><strong>Formule puissante de nuit:<\/strong> les sph\u00e8res ultra-remplissantes\u2122 et les ingr\u00e9dients soigneusement s\u00e9lectionn\u00e9s comme l&rsquo;huile de jojoba et l&rsquo;extrait de baies de Schisandra agissent avec les processus naturels de votre peau, vous laissant un \u00e9clat de jeunesse au matin.<\/li>\n<li><strong>Masque sans rin\u00e7age pratique:<\/strong> aucun rin\u00e7age requis, appliquez-le simplement avant de vous coucher et laissez-le faire le travail dur pendant que vous vous reposez.<\/li>\n<\/ul>\n<p>&nbsp;<\/p>\n<h3><span style=\"font-size: 16pt;\"><strong>coment Utiliser<\/strong><\/span><\/h3>\n<p>Appliquez g\u00e9n\u00e9reusement le Masque de Nuit deux fois par semaine avant le coucher. Laissez agir 20 minutes avant de vous allonger pour \u00e9viter tout transfert sur votre literie. Laissez les ingr\u00e9dients actifs du masque agir toute la nuit \u2013 aucun rin\u00e7age n\u2019est n\u00e9cessaire. R\u00e9veillez-vous avec une peau aussi fra\u00eeche que votre esprit.<\/p>\n<p>Transformez votre routine nocturne avec un produit alliant simplicit\u00e9 et efficacit\u00e9. Le masque de nuit Lr prend soin de votre peau pour que vous puissiez vous r\u00e9veiller en vous sentant confiant et radieux. Essayez-le aujourd&rsquo;hui et constatez la diff\u00e9rence !<\/p>\n","protected":false},"excerpt":{"rendered":"<ul>\n<li><span style=\"color: #ff0000;\"><strong>Offre limit\u00e9e<\/strong><\/span><\/li>\n<li>Masque sans rin\u00e7age avec une formule de soin innovante<\/li>\n<li>Un produit \u2013 trois types d&rsquo;action<\/li>\n<li>hydratation intensive<\/li>\n<li>Soutien de la r\u00e9g\u00e9n\u00e9ration naturelle de la peau<\/li>\n<li>Effet anti-\u00e2ge pour une peau d&rsquo;apparence jeune<\/li>\n<li>Produit fabriqu\u00e9 en Allemagne<\/li>\n<li>Contenu : 2 x 50 ml<\/li>\n<\/ul>\n<h5 style=\"text-align: left;\"><span style=\"color: #ff0000;\"><a style=\"color: #ff0000;\" href=\"https:\/\/shop.lrworld.com\/openpao?PHP=0vFlt7jT938BEnBI3a6e9w%3D%3D\"><span style=\"font-size: 14pt;\"><strong>Inscrivez-vous et \u00e9conomisez 35% sur chaque commande<\/strong><\/span><\/a><\/span><\/h5>\n","protected":false},"featured_media":26289,"comment_status":"open","ping_status":"closed","template":"","meta":{"_kad_blocks_custom_css":"","_kad_blocks_head_custom_js":"","_kad_blocks_body_custom_js":"","_kad_blocks_footer_custom_js":"","_kadence_starter_templates_imported_post":false,"_kad_post_transparent":"default","_kad_post_title":"","_kad_post_layout":"default","_kad_post_sidebar_id":"","_kad_post_content_style":"default","_kad_post_vertical_padding":"default","_kad_post_feature":"","_kad_post_feature_position":"","_kad_post_header":false,"_kad_post_footer":false,"_kad_post_classname":""},"product_brand":[],"product_cat":[278,284,272,327,266,351,392],"product_tag":[],"class_list":{"0":"post-26275","1":"product","2":"type-product","3":"status-publish","4":"has-post-thumbnail","6":"product_cat-femmes-de-plus-de-40-ans","7":"product_cat-femmes-jusqua-40-ans","8":"product_cat-hommes-a-partir-de-25-ans","9":"product_cat-produits-anti-age","10":"product_cat-soins-anti-age","11":"product_cat-soldes","12":"product_cat-zeitgard-fr","14":"first","15":"outofstock","16":"sale","17":"taxable","18":"shipping-taxable","19":"purchasable","20":"product-type-simple","21":"entry","22":"content-bg","23":"loop-entry"},"yoast_head":"<!-- This site is optimized with the Yoast SEO Premium plugin v27.4 (Yoast SEO v27.4) - https:\/\/yoast.com\/product\/yoast-seo-premium-wordpress\/ -->\n<title>Masque de Nuit Lr avec formule anti-\u00e2ge et hydratation profonde<\/title>\n<meta name=\"description\" content=\"Dites bonjour \u00e0 une peau fra\u00eeche et \u00e9clatante avec le Masque de nuit Lr! Appliquer avant de se coucher pour un traitement de nuit puissant.\" \/>\n<meta name=\"robots\" content=\"index, follow, max-snippet:-1, max-image-preview:large, max-video-preview:-1\" \/>\n<link rel=\"canonical\" href=\"https:\/\/www.lraloeverashop.eu\/fr\/produit\/masque-de-nuit-lr\/\" \/>\n<meta property=\"og:locale\" content=\"fr_FR\" \/>\n<meta property=\"og:type\" content=\"article\" \/>\n<meta property=\"og:title\" content=\"Masque de Nuit Lr\" \/>\n<meta property=\"og:description\" content=\"Dites bonjour \u00e0 une peau fra\u00eeche et \u00e9clatante avec le Masque de nuit Lr! Appliquer avant de se coucher pour un traitement de nuit puissant.\" \/>\n<meta property=\"og:url\" content=\"https:\/\/www.lraloeverashop.eu\/fr\/produit\/masque-de-nuit-lr\/\" \/>\n<meta property=\"og:site_name\" content=\"Boutique Lr Aloe Vera\" \/>\n<meta property=\"article:publisher\" content=\"https:\/\/www.facebook.com\/lraloeverashop.eu\" \/>\n<meta property=\"article:modified_time\" content=\"2026-02-02T17:14:55+00:00\" \/>\n<meta property=\"og:image\" content=\"https:\/\/www.lraloeverashop.eu\/wp-content\/uploads\/2025\/03\/Lr-Sleeping-Mask.jpg\" \/>\n\t<meta property=\"og:image:width\" content=\"1200\" \/>\n\t<meta property=\"og:image:height\" content=\"1200\" \/>\n\t<meta property=\"og:image:type\" content=\"image\/jpeg\" \/>\n<meta name=\"twitter:card\" content=\"summary_large_image\" \/>\n<meta name=\"twitter:site\" content=\"@natur__kosmetik\" \/>\n<script type=\"application\/ld+json\" class=\"yoast-schema-graph\">{\"@context\":\"https:\\\/\\\/schema.org\",\"@graph\":[{\"@type\":[\"WebPage\",\"ItemPage\"],\"@id\":\"https:\\\/\\\/www.lraloeverashop.eu\\\/fr\\\/produit\\\/masque-de-nuit-lr\\\/\",\"url\":\"https:\\\/\\\/www.lraloeverashop.eu\\\/fr\\\/produit\\\/masque-de-nuit-lr\\\/\",\"name\":\"Masque de Nuit Lr avec formule anti-\u00e2ge et hydratation profonde\",\"isPartOf\":{\"@id\":\"https:\\\/\\\/www.lraloeverashop.eu\\\/fr\\\/#website\"},\"primaryImageOfPage\":{\"@id\":\"https:\\\/\\\/www.lraloeverashop.eu\\\/fr\\\/produit\\\/masque-de-nuit-lr\\\/#primaryimage\"},\"image\":{\"@id\":\"https:\\\/\\\/www.lraloeverashop.eu\\\/fr\\\/produit\\\/masque-de-nuit-lr\\\/#primaryimage\"},\"thumbnailUrl\":\"https:\\\/\\\/www.lraloeverashop.eu\\\/wp-content\\\/uploads\\\/2025\\\/03\\\/Lr-Sleeping-Mask.jpg\",\"datePublished\":\"2025-03-17T16:45:08+00:00\",\"dateModified\":\"2026-02-02T17:14:55+00:00\",\"description\":\"Dites bonjour \u00e0 une peau fra\u00eeche et \u00e9clatante avec le Masque de nuit Lr! Appliquer avant de se coucher pour un traitement de nuit puissant.\",\"breadcrumb\":{\"@id\":\"https:\\\/\\\/www.lraloeverashop.eu\\\/fr\\\/produit\\\/masque-de-nuit-lr\\\/#breadcrumb\"},\"inLanguage\":\"fr-FR\",\"potentialAction\":[{\"@type\":\"ReadAction\",\"target\":[\"https:\\\/\\\/www.lraloeverashop.eu\\\/fr\\\/produit\\\/masque-de-nuit-lr\\\/\"]}]},{\"@type\":\"ImageObject\",\"inLanguage\":\"fr-FR\",\"@id\":\"https:\\\/\\\/www.lraloeverashop.eu\\\/fr\\\/produit\\\/masque-de-nuit-lr\\\/#primaryimage\",\"url\":\"https:\\\/\\\/www.lraloeverashop.eu\\\/wp-content\\\/uploads\\\/2025\\\/03\\\/Lr-Sleeping-Mask.jpg\",\"contentUrl\":\"https:\\\/\\\/www.lraloeverashop.eu\\\/wp-content\\\/uploads\\\/2025\\\/03\\\/Lr-Sleeping-Mask.jpg\",\"width\":1200,\"height\":1200,\"caption\":\"Masque de Nuit Lr avec formule anti-\u00e2ge\"},{\"@type\":\"BreadcrumbList\",\"@id\":\"https:\\\/\\\/www.lraloeverashop.eu\\\/fr\\\/produit\\\/masque-de-nuit-lr\\\/#breadcrumb\",\"itemListElement\":[{\"@type\":\"ListItem\",\"position\":1,\"name\":\"Home\",\"item\":\"https:\\\/\\\/www.lraloeverashop.eu\\\/fr\\\/\"},{\"@type\":\"ListItem\",\"position\":2,\"name\":\"Boutique\",\"item\":\"https:\\\/\\\/www.lraloeverashop.eu\\\/fr\\\/boutique\\\/\"},{\"@type\":\"ListItem\",\"position\":3,\"name\":\"Masque de Nuit Lr\"}]},{\"@type\":\"WebSite\",\"@id\":\"https:\\\/\\\/www.lraloeverashop.eu\\\/fr\\\/#website\",\"url\":\"https:\\\/\\\/www.lraloeverashop.eu\\\/fr\\\/\",\"name\":\"Boutique Lr Aloe Vera\",\"description\":\"High Quality Lr Aloe Vera Gel, Aloe Vera Cream and Shampoo\",\"publisher\":{\"@id\":\"https:\\\/\\\/www.lraloeverashop.eu\\\/fr\\\/#organization\"},\"potentialAction\":[{\"@type\":\"SearchAction\",\"target\":{\"@type\":\"EntryPoint\",\"urlTemplate\":\"https:\\\/\\\/www.lraloeverashop.eu\\\/fr\\\/?s={search_term_string}\"},\"query-input\":{\"@type\":\"PropertyValueSpecification\",\"valueRequired\":true,\"valueName\":\"search_term_string\"}}],\"inLanguage\":\"fr-FR\"},{\"@type\":\"Organization\",\"@id\":\"https:\\\/\\\/www.lraloeverashop.eu\\\/fr\\\/#organization\",\"name\":\"Boutique Lr Aloe Vera\",\"alternateName\":\"LR\",\"url\":\"https:\\\/\\\/www.lraloeverashop.eu\\\/fr\\\/\",\"logo\":{\"@type\":\"ImageObject\",\"inLanguage\":\"fr-FR\",\"@id\":\"https:\\\/\\\/www.lraloeverashop.eu\\\/fr\\\/#\\\/schema\\\/logo\\\/image\\\/\",\"url\":\"https:\\\/\\\/www.lraloeverashop.eu\\\/wp-content\\\/uploads\\\/2022\\\/09\\\/cropped-Lr-Aloe-Vera-Shop.jpg\",\"contentUrl\":\"https:\\\/\\\/www.lraloeverashop.eu\\\/wp-content\\\/uploads\\\/2022\\\/09\\\/cropped-Lr-Aloe-Vera-Shop.jpg\",\"width\":228,\"height\":76,\"caption\":\"Boutique Lr Aloe Vera\"},\"image\":{\"@id\":\"https:\\\/\\\/www.lraloeverashop.eu\\\/fr\\\/#\\\/schema\\\/logo\\\/image\\\/\"},\"sameAs\":[\"https:\\\/\\\/www.facebook.com\\\/lraloeverashop.eu\",\"https:\\\/\\\/x.com\\\/natur__kosmetik\",\"https:\\\/\\\/www.youtube.com\\\/channel\\\/UC5oN7BJ8nfYb8RpVtjwDEBA\",\"https:\\\/\\\/www.instagram.com\\\/lrbeautyeu\\\/\"],\"description\":\"La boutique LR Aloe Vera est votre destination de confiance pour les produits de sant\u00e9 et de beaut\u00e9 haut de gamme LR, fabriqu\u00e9s en Allemagne. Nous proposons des soins de la peau, des compl\u00e9ments nutritionnels et des solutions anti-\u00e2ge \u00e0 l'aloe vera de haute qualit\u00e9, \u00e9labor\u00e9s \u00e0 partir d'ingr\u00e9dients purs et valid\u00e9s par la recherche scientifique. D\u00e9couvrez des soins naturels qui r\u00e9g\u00e9n\u00e8rent, prot\u00e8gent et revitalisent votre peau, et profitez d'offres mensuelles exclusives sur nos produits LR Aloe Vera les plus vendus.\\n\\nCommencez d\u00e8s aujourd'hui votre parcours vers des soins naturels et constatez la diff\u00e9rence.\",\"email\":\"info@lraloeverashop.eu\",\"telephone\":\"+49 17670609653\",\"legalName\":\"Lr Aloe Vera Shop\",\"foundingDate\":\"2018-04-21\",\"numberOfEmployees\":{\"@type\":\"QuantitativeValue\",\"minValue\":\"1\",\"maxValue\":\"10\"}}]}<\/script>\n<meta property=\"product:price:amount\" content=\"42.99\" \/>\n<meta property=\"product:price:currency\" content=\"EUR\" \/>\n<meta property=\"og:availability\" content=\"out of stock\" \/>\n<meta property=\"product:availability\" content=\"out of stock\" \/>\n<meta property=\"product:retailer_item_id\" content=\"71022-1FR\" \/>\n<meta property=\"product:condition\" content=\"new\" \/>\n<!-- \/ Yoast SEO Premium plugin. -->","yoast_head_json":{"title":"Masque de Nuit Lr avec formule anti-\u00e2ge et hydratation profonde","description":"Dites bonjour \u00e0 une peau fra\u00eeche et \u00e9clatante avec le Masque de nuit Lr! Appliquer avant de se coucher pour un traitement de nuit puissant.","robots":{"index":"index","follow":"follow","max-snippet":"max-snippet:-1","max-image-preview":"max-image-preview:large","max-video-preview":"max-video-preview:-1"},"canonical":"https:\/\/www.lraloeverashop.eu\/fr\/produit\/masque-de-nuit-lr\/","og_locale":"fr_FR","og_type":"article","og_title":"Masque de Nuit Lr","og_description":"Dites bonjour \u00e0 une peau fra\u00eeche et \u00e9clatante avec le Masque de nuit Lr! Appliquer avant de se coucher pour un traitement de nuit puissant.","og_url":"https:\/\/www.lraloeverashop.eu\/fr\/produit\/masque-de-nuit-lr\/","og_site_name":"Boutique Lr Aloe Vera","article_publisher":"https:\/\/www.facebook.com\/lraloeverashop.eu","article_modified_time":"2026-02-02T17:14:55+00:00","og_image":[{"width":1200,"height":1200,"url":"https:\/\/www.lraloeverashop.eu\/wp-content\/uploads\/2025\/03\/Lr-Sleeping-Mask.jpg","type":"image\/jpeg"}],"twitter_card":"summary_large_image","twitter_site":"@natur__kosmetik","schema":{"@context":"https:\/\/schema.org","@graph":[{"@type":["WebPage","ItemPage"],"@id":"https:\/\/www.lraloeverashop.eu\/fr\/produit\/masque-de-nuit-lr\/","url":"https:\/\/www.lraloeverashop.eu\/fr\/produit\/masque-de-nuit-lr\/","name":"Masque de Nuit Lr avec formule anti-\u00e2ge et hydratation profonde","isPartOf":{"@id":"https:\/\/www.lraloeverashop.eu\/fr\/#website"},"primaryImageOfPage":{"@id":"https:\/\/www.lraloeverashop.eu\/fr\/produit\/masque-de-nuit-lr\/#primaryimage"},"image":{"@id":"https:\/\/www.lraloeverashop.eu\/fr\/produit\/masque-de-nuit-lr\/#primaryimage"},"thumbnailUrl":"https:\/\/www.lraloeverashop.eu\/wp-content\/uploads\/2025\/03\/Lr-Sleeping-Mask.jpg","datePublished":"2025-03-17T16:45:08+00:00","dateModified":"2026-02-02T17:14:55+00:00","description":"Dites bonjour \u00e0 une peau fra\u00eeche et \u00e9clatante avec le Masque de nuit Lr! Appliquer avant de se coucher pour un traitement de nuit puissant.","breadcrumb":{"@id":"https:\/\/www.lraloeverashop.eu\/fr\/produit\/masque-de-nuit-lr\/#breadcrumb"},"inLanguage":"fr-FR","potentialAction":[{"@type":"ReadAction","target":["https:\/\/www.lraloeverashop.eu\/fr\/produit\/masque-de-nuit-lr\/"]}]},{"@type":"ImageObject","inLanguage":"fr-FR","@id":"https:\/\/www.lraloeverashop.eu\/fr\/produit\/masque-de-nuit-lr\/#primaryimage","url":"https:\/\/www.lraloeverashop.eu\/wp-content\/uploads\/2025\/03\/Lr-Sleeping-Mask.jpg","contentUrl":"https:\/\/www.lraloeverashop.eu\/wp-content\/uploads\/2025\/03\/Lr-Sleeping-Mask.jpg","width":1200,"height":1200,"caption":"Masque de Nuit Lr avec formule anti-\u00e2ge"},{"@type":"BreadcrumbList","@id":"https:\/\/www.lraloeverashop.eu\/fr\/produit\/masque-de-nuit-lr\/#breadcrumb","itemListElement":[{"@type":"ListItem","position":1,"name":"Home","item":"https:\/\/www.lraloeverashop.eu\/fr\/"},{"@type":"ListItem","position":2,"name":"Boutique","item":"https:\/\/www.lraloeverashop.eu\/fr\/boutique\/"},{"@type":"ListItem","position":3,"name":"Masque de Nuit Lr"}]},{"@type":"WebSite","@id":"https:\/\/www.lraloeverashop.eu\/fr\/#website","url":"https:\/\/www.lraloeverashop.eu\/fr\/","name":"Boutique Lr Aloe Vera","description":"High Quality Lr Aloe Vera Gel, Aloe Vera Cream and Shampoo","publisher":{"@id":"https:\/\/www.lraloeverashop.eu\/fr\/#organization"},"potentialAction":[{"@type":"SearchAction","target":{"@type":"EntryPoint","urlTemplate":"https:\/\/www.lraloeverashop.eu\/fr\/?s={search_term_string}"},"query-input":{"@type":"PropertyValueSpecification","valueRequired":true,"valueName":"search_term_string"}}],"inLanguage":"fr-FR"},{"@type":"Organization","@id":"https:\/\/www.lraloeverashop.eu\/fr\/#organization","name":"Boutique Lr Aloe Vera","alternateName":"LR","url":"https:\/\/www.lraloeverashop.eu\/fr\/","logo":{"@type":"ImageObject","inLanguage":"fr-FR","@id":"https:\/\/www.lraloeverashop.eu\/fr\/#\/schema\/logo\/image\/","url":"https:\/\/www.lraloeverashop.eu\/wp-content\/uploads\/2022\/09\/cropped-Lr-Aloe-Vera-Shop.jpg","contentUrl":"https:\/\/www.lraloeverashop.eu\/wp-content\/uploads\/2022\/09\/cropped-Lr-Aloe-Vera-Shop.jpg","width":228,"height":76,"caption":"Boutique Lr Aloe Vera"},"image":{"@id":"https:\/\/www.lraloeverashop.eu\/fr\/#\/schema\/logo\/image\/"},"sameAs":["https:\/\/www.facebook.com\/lraloeverashop.eu","https:\/\/x.com\/natur__kosmetik","https:\/\/www.youtube.com\/channel\/UC5oN7BJ8nfYb8RpVtjwDEBA","https:\/\/www.instagram.com\/lrbeautyeu\/"],"description":"La boutique LR Aloe Vera est votre destination de confiance pour les produits de sant\u00e9 et de beaut\u00e9 haut de gamme LR, fabriqu\u00e9s en Allemagne. Nous proposons des soins de la peau, des compl\u00e9ments nutritionnels et des solutions anti-\u00e2ge \u00e0 l'aloe vera de haute qualit\u00e9, \u00e9labor\u00e9s \u00e0 partir d'ingr\u00e9dients purs et valid\u00e9s par la recherche scientifique. D\u00e9couvrez des soins naturels qui r\u00e9g\u00e9n\u00e8rent, prot\u00e8gent et revitalisent votre peau, et profitez d'offres mensuelles exclusives sur nos produits LR Aloe Vera les plus vendus.\n\nCommencez d\u00e8s aujourd'hui votre parcours vers des soins naturels et constatez la diff\u00e9rence.","email":"info@lraloeverashop.eu","telephone":"+49 17670609653","legalName":"Lr Aloe Vera Shop","foundingDate":"2018-04-21","numberOfEmployees":{"@type":"QuantitativeValue","minValue":"1","maxValue":"10"}}]},"product_price_amount":"42.99","product_price_currency":"EUR","og_availability":"out of stock","product_availability":"out of stock","product_retailer_item_id":"71022-1FR","product_condition":"new"},"taxonomy_info":{"product_cat":[{"value":278,"label":"Femmes de plus de 40 ans"},{"value":284,"label":"Femmes jusqu'\u00e0 40 ans"},{"value":272,"label":"Hommes \u00e0 partir de 25 ans"},{"value":327,"label":"Produits anti-\u00e2ge"},{"value":266,"label":"Soins anti-\u00e2ge"},{"value":351,"label":"Soldes"},{"value":392,"label":"Zeitgard"}]},"featured_image_src_large":["https:\/\/www.lraloeverashop.eu\/wp-content\/uploads\/2025\/03\/Lr-Sleeping-Mask-1024x1024.jpg",1024,1024,true],"author_info":[],"comment_info":0,"_links":{"self":[{"href":"https:\/\/www.lraloeverashop.eu\/fr\/wp-json\/wp\/v2\/product\/26275","targetHints":{"allow":["GET"]}}],"collection":[{"href":"https:\/\/www.lraloeverashop.eu\/fr\/wp-json\/wp\/v2\/product"}],"about":[{"href":"https:\/\/www.lraloeverashop.eu\/fr\/wp-json\/wp\/v2\/types\/product"}],"replies":[{"embeddable":true,"href":"https:\/\/www.lraloeverashop.eu\/fr\/wp-json\/wp\/v2\/comments?post=26275"}],"wp:featuredmedia":[{"embeddable":true,"href":"https:\/\/www.lraloeverashop.eu\/fr\/wp-json\/wp\/v2\/media\/26289"}],"wp:attachment":[{"href":"https:\/\/www.lraloeverashop.eu\/fr\/wp-json\/wp\/v2\/media?parent=26275"}],"wp:term":[{"taxonomy":"product_brand","embeddable":true,"href":"https:\/\/www.lraloeverashop.eu\/fr\/wp-json\/wp\/v2\/product_brand?post=26275"},{"taxonomy":"product_cat","embeddable":true,"href":"https:\/\/www.lraloeverashop.eu\/fr\/wp-json\/wp\/v2\/product_cat?post=26275"},{"taxonomy":"product_tag","embeddable":true,"href":"https:\/\/www.lraloeverashop.eu\/fr\/wp-json\/wp\/v2\/product_tag?post=26275"}],"curies":[{"name":"wp","href":"https:\/\/api.w.org\/{rel}","templated":true}]}}