{"id":23375,"date":"2025-02-03T17:36:22","date_gmt":"2025-02-03T16:36:22","guid":{"rendered":"https:\/\/www.lraloeverashop.eu\/?post_type=product&#038;p=23375"},"modified":"2026-03-22T06:51:09","modified_gmt":"2026-03-22T05:51:09","slug":"le-colostrum-lait","status":"publish","type":"product","link":"https:\/\/www.lraloeverashop.eu\/fr\/produit\/le-colostrum-lait\/","title":{"rendered":"Le Colostrum Lait"},"content":{"rendered":"<h2><span style=\"font-size: 16pt;\"><strong>Le Colostrum Lait<\/strong><\/span><\/h2>\n<p><span style=\"font-size: 14pt;\">Le Colostrum Lait &#8211; Faites Quelque Chose De Bien Pour Vous<\/span><\/p>\n<p>Lr <a href=\"https:\/\/www.lraloeverashop.eu\/fr\/produit\/colostrum-bovin-bio-liquide-set\/\">Colostrum Direct Liquide<\/a> est un produit de haute qualit\u00e9 \u00e0 base de colostrum bovin qui ne contient que le meilleur du premier lait. Il est compos\u00e9 exclusivement de colostrum, le premier lait maternel apr\u00e8s la naissance d&rsquo;un veau.<\/p>\n<p>Dans un processus unique, la mati\u00e8re premi\u00e8re naturelle de Lr est simplement int\u00e9gr\u00e9e, graiss\u00e9e et non pasteuris\u00e9e. Cela pr\u00e9serve les ingr\u00e9dients sensibles tout au long du processus de production.<\/p>\n<p>De plus, le colostrum liquide ne contient pas de r\u00e9sidus d&rsquo;antibiotiques ni de st\u00e9ro\u00efdes anabolisants.<\/p>\n<p>Lr <a href=\"https:\/\/www.lraloeverashop.eu\/fr\/produit\/colostrum-lr-liquide-set-6-pieces\/\">Colostrum bio<\/a> contient pas d&rsquo;additifs, de colorants ni d&rsquo;agents de conservation et est fabriqu\u00e9 en Allemagne. Pour la production, Lr utilise uniquement le colostrum liquide en exc\u00e8s provenant de vaches europ\u00e9ennes, qui a fait l&rsquo;objet de nombreux tests pr\u00e9alables.<\/p>\n<p>La qualit\u00e9 irr\u00e9prochable des produits LR Le Colostrum Lait est assur\u00e9e par des contr\u00f4les permanents et confirm\u00e9e par le label de qualit\u00e9 INSTITUTE FRESENIUS, l&rsquo;une des marques d&rsquo;homologation les plus strictes du march\u00e9.<\/p>\n<p><img loading=\"lazy\" decoding=\"async\" class=\"aligncenter size-full wp-image-9984\" src=\"https:\/\/www.lraloeverashop.eu\/wp-content\/uploads\/2023\/01\/Colostrum-from-Lr.jpg\" alt=\"Colostrum from Lr in the best quality\" width=\"637\" height=\"347\" srcset=\"https:\/\/www.lraloeverashop.eu\/wp-content\/uploads\/2023\/01\/Colostrum-from-Lr.jpg 637w, https:\/\/www.lraloeverashop.eu\/wp-content\/uploads\/2023\/01\/Colostrum-from-Lr-600x327.jpg 600w, https:\/\/www.lraloeverashop.eu\/wp-content\/uploads\/2023\/01\/Colostrum-from-Lr-300x163.jpg 300w\" sizes=\"auto, (max-width: 637px) 100vw, 637px\" \/><\/p>\n<h2><strong><span style=\"font-size: 16pt;\">Comment utiliser Le Colostrum Lait<\/span><\/strong><\/h2>\n<p>Conseil d\u2019utilisation : d\u00e9guster chaque jour 8 ml purs ou avec un jus de fruits froid. Ne pas consommer avec des boissons chaudes.<\/p>\n<p>Veillez \u00e0 avoir une <a href=\"https:\/\/www.lraloeverashop.eu\/fr\/categorie-produit\/produits-speciaux\/\">alimentation vari\u00e9e<\/a> et \u00e9quilibr\u00e9e ainsi qu\u2019un mode de vie sain.<\/p>\n<p>\u00c0 stocker dans un endroit frais et sombre. Conserver au r\u00e9frig\u00e9rateur apr\u00e8s ouverture.<\/p>\n<p>&nbsp;<\/p>\n<h3><span style=\"font-size: 16pt;\"><strong>Le saviez-vous?<\/strong><\/span><\/h3>\n<p>Comme pour toute autre mati\u00e8re premi\u00e8re naturelle, le colostrum liquide est soumis \u00e0 des variations habituelles. Il peut donc arriver que le go\u00fbt ou la consistance de Colostrum Liquide varient. Cela n\u2019a toutefois aucun impact sur la qualit\u00e9 ou la teneur des substances nutritives. LR le garantit par des mesures compl\u00e8tes et des contr\u00f4les r\u00e9guliers \u2013 notamment gr\u00e2ce au SGS INSTITUT FRESENUIS ind\u00e9pendant.<\/p>\n<p>Afin de pouvoir satisfaire aux exigences \u00e9lev\u00e9es en mati\u00e8re de qualit\u00e9 et de pouvoir contr\u00f4ler de fa\u00e7on coh\u00e9rente toutes les \u00e9tapes menant jusqu\u2019au produit final, LR utilise pour ces <a href=\"https:\/\/www.lraloeverashop.eu\/fr\/categorie-produit\/produits-speciaux\/colostrum-fr\/\">produits Colostrum<\/a> uniquement le colostrum exc\u00e9dentaire de vaches europ\u00e9ennes. Chaque lot de production peut \u00eatre int\u00e9gralement trac\u00e9 jusqu\u2019\u00e0 la ferme de l\u2019\u00e9leveur.<\/p>\n<p>&nbsp;<\/p>\n<h3><span style=\"font-size: 16pt;\">Questions fr\u00e9quemment pos\u00e9es<img loading=\"lazy\" decoding=\"async\" class=\"alignright size-full wp-image-9991\" src=\"https:\/\/www.lraloeverashop.eu\/wp-content\/uploads\/2023\/01\/Colostrum-from-European-kows.jpg\" alt=\"Colostrum only from European kows\" width=\"541\" height=\"406\" srcset=\"https:\/\/www.lraloeverashop.eu\/wp-content\/uploads\/2023\/01\/Colostrum-from-European-kows.jpg 541w, https:\/\/www.lraloeverashop.eu\/wp-content\/uploads\/2023\/01\/Colostrum-from-European-kows-300x225.jpg 300w\" sizes=\"auto, (max-width: 541px) 100vw, 541px\" \/><\/span><\/h3>\n<p>Le colostrum, \u00e9galement appel\u00e9 premier lait, est, du fait de ses nutriments uniques, particuli\u00e8rement pr\u00e9cieux pour le petit veau \u2013 un \u00ab pack de d\u00e9marrage \u00bb unique de M\u00e8re Nature sans adjonctions chimiques. Pour les produits, LR utilise exclusivement du <a href=\"https:\/\/www.lraloeverashop.eu\/fr\/comment-le-colostrum-de-vache-renforce-naturellement-votre-systeme-immunitaire\/\"><strong>Colostrum de Vaches<\/strong><\/a> europ\u00e9ennes provenant uniquement de fermes laiti\u00e8res de qualit\u00e9.<\/p>\n<p><strong>Que se passe-t-il pour les veaux ?<\/strong><br \/>\nLa vache produit plus de <a href=\"https:\/\/www.lraloeverashop.eu\/fr\/produit\/colostrum-bovin-bio-gelules\/\">colostrum<\/a> que le veau n\u2019en a besoin. Seul le superflu est utilis\u00e9 pour la fabrication de produits Colostrum.<\/p>\n<p><strong>Comment est-il fabriqu\u00e9 par LR ?<\/strong><br \/>\nLR utilise uniquement le colostrum des premi\u00e8res heures suivant la naissance du veau. C\u2019est \u00e0 ce moment-l\u00e0 que la qualit\u00e9 et que la concentration des substances nutritives sont les plus \u00e9lev\u00e9es.<br \/>\nUne fois r\u00e9cup\u00e9r\u00e9, le colostrum est imm\u00e9diatement congel\u00e9. Lors de la transformation, la mati\u00e8re premi\u00e8re est d\u00e9graiss\u00e9e et d\u00e9cas\u00e9in\u00e9e. Les composants sont tr\u00e8s sensibles \u00e0 la chaleur. C\u2019est pourquoi LR privil\u00e9gie un proc\u00e9d\u00e9 de fabrication \u00e0 froid qui permet de les pr\u00e9server.<\/p>\n<p><strong>Pourquoi Colostrum Bio Liquide pr\u00e9sente parfois des diff\u00e9rences en mati\u00e8re de couleur et de turbidit\u00e9 ?<\/strong><br \/>\nIl faut savoir que l\u2019opacit\u00e9 ne constitue pas un d\u00e9faut de qualit\u00e9. Le <a href=\"https:\/\/www.lraloeverashop.eu\/fr\/produit\/colostrum-bovin-bio-gelules-set\/\">colostrum<\/a> \u00e9tant un produit naturel, des marges de fluctuation individuelles sont normales.<br \/>\nNos conseils pour conserver Colostrum Liquid :<\/p>\n<p>\u2022 stocker dans un endroit frais et \u00e0 l\u2019abri de la lumi\u00e8re<br \/>\n\u2022 conserver au r\u00e9frig\u00e9rateur apr\u00e8s ouverture<br \/>\n\u2022 en cas d\u2019opacit\u00e9, secouer avant consommation<\/p>\n<p><strong>En quoi les produits Colostrum de LR se distinguent-ils ?<\/strong><br \/>\nLes produits sont les premiers produits \u00e0 base de colostrum du march\u00e9 \u00e0 porter le label de qualit\u00e9 INSTITUT FRESENIUS. Le label de qualit\u00e9, le plus rigoureux qui existe \u00e0 l\u2019heure actuelle, atteste du niveau de qualit\u00e9 tr\u00e8s \u00e9lev\u00e9 par des contr\u00f4les ind\u00e9pendants, r\u00e9guliers et discrets. Des d\u00e9penses plus \u00e9lev\u00e9es que la moyenne en mati\u00e8re de qualit\u00e9 et de s\u00e9curit\u00e9 garantissent un produit de qualit\u00e9 particuli\u00e8rement \u00e9lev\u00e9e.<\/p>\n<p>LR utilise exclusivement du colostrum de vaches europ\u00e9ennes. Cela signifie: une norme de qualit\u00e9 \u00e9lev\u00e9e, m\u00eame dans la collecte, et des circuits courts.<br \/>\nLR utilise en outre uniquement le lait exc\u00e9dentaire des premi\u00e8res heures, car il est le plus riche. Afin que Colostrum Liquid conserve ses nombreux composants et puisse \u00eatre appr\u00e9ci\u00e9 par tous, LR a recours \u00e0 un proc\u00e9d\u00e9 de fabrication \u00e0 froid.<\/p>\n<div class=\"entry-content-asset videofit\"><iframe loading=\"lazy\" title=\"Colostrum Bovin  \u2013 Faites Quelque Chose De Bien Pour Vous\" width=\"720\" height=\"405\" src=\"https:\/\/www.youtube.com\/embed\/hmpW52D-azs?feature=oembed\" frameborder=\"0\" allow=\"accelerometer; autoplay; clipboard-write; encrypted-media; gyroscope; picture-in-picture; web-share\" referrerpolicy=\"strict-origin-when-cross-origin\" allowfullscreen><\/iframe><\/div>\n<p>&nbsp;<\/p>\n","protected":false},"excerpt":{"rendered":"<ul>\n<li><strong><span style=\"color: #ff0000;\">Offre limit\u00e9e<\/span><\/strong><\/li>\n<li>Fabriqu\u00e9 avec le meilleur du premier lait exclusivement des vaches europ\u00e9ennes<\/li>\n<li>Sans r\u00e9sidus d&rsquo;antibiotiques ni st\u00e9ro\u00efdes anabolisants androg\u00e8nes<\/li>\n<li>Sans additifs, colorants ni conservateurs<\/li>\n<li>Fabriqu\u00e9 en Allemagne<\/li>\n<li>Quantit\u00e9: 3 x 125 ml<\/li>\n<\/ul>\n<h5 style=\"text-align: left;\"><span style=\"color: #ff0000;\"><a style=\"color: #ff0000;\" href=\"https:\/\/shop.lrworld.com\/openpao?PHP=0vFlt7jT938BEnBI3a6e9w%3D%3D\"><span style=\"font-size: 14pt;\"><strong>Inscrivez-vous et \u00e9conomisez 35% sur chaque commande<\/strong><\/span><\/a><\/span><\/h5>\n","protected":false},"featured_media":22922,"comment_status":"open","ping_status":"closed","template":"","meta":{"_kad_blocks_custom_css":"","_kad_blocks_head_custom_js":"","_kad_blocks_body_custom_js":"","_kad_blocks_footer_custom_js":"","_kadence_starter_templates_imported_post":false,"_kad_post_transparent":"default","_kad_post_title":"","_kad_post_layout":"default","_kad_post_sidebar_id":"","_kad_post_content_style":"default","_kad_post_vertical_padding":"default","_kad_post_feature":"","_kad_post_feature_position":"","_kad_post_header":false,"_kad_post_footer":false,"_kad_post_classname":""},"product_brand":[],"product_cat":[398,494,410,351,345],"product_tag":[643],"class_list":{"0":"post-23375","1":"product","2":"type-product","3":"status-publish","4":"has-post-thumbnail","6":"product_cat-base","7":"product_cat-colostrum-fr","8":"product_cat-produits-speciaux","9":"product_cat-soldes","10":"product_cat-systeme-immunitaire-et-equilibre","11":"product_tag-booster-immunitaire","13":"first","14":"outofstock","15":"sale","16":"taxable","17":"shipping-taxable","18":"purchasable","19":"product-type-simple","20":"entry","21":"content-bg","22":"loop-entry"},"yoast_head":"<!-- This site is optimized with the Yoast SEO Premium plugin v27.3 (Yoast SEO v27.3) - https:\/\/yoast.com\/product\/yoast-seo-premium-wordpress\/ -->\n<title>Le Colostrum Lait sans additifs ni conservateurs \u2013 Offre limit\u00e9e<\/title>\n<meta name=\"description\" content=\"Renforcez votre syst\u00e8me immunitaire avec Lr Colostrum Direct Liquid! Le Colostrum Lait de haute qualit\u00e9, sans additifs, conservateurs et antibiotiques.\" \/>\n<meta name=\"robots\" content=\"index, follow, max-snippet:-1, max-image-preview:large, max-video-preview:-1\" \/>\n<link rel=\"canonical\" href=\"https:\/\/www.lraloeverashop.eu\/fr\/produit\/le-colostrum-lait\/\" \/>\n<meta property=\"og:locale\" content=\"fr_FR\" \/>\n<meta property=\"og:type\" content=\"article\" \/>\n<meta property=\"og:title\" content=\"Le Colostrum Lait\" \/>\n<meta property=\"og:description\" content=\"Renforcez votre syst\u00e8me immunitaire avec Lr Colostrum Direct Liquid! Le Colostrum Lait de haute qualit\u00e9, sans additifs, conservateurs et antibiotiques.\" \/>\n<meta property=\"og:url\" content=\"https:\/\/www.lraloeverashop.eu\/fr\/produit\/le-colostrum-lait\/\" \/>\n<meta property=\"og:site_name\" content=\"Boutique Lr Aloe Vera\" \/>\n<meta property=\"article:publisher\" content=\"https:\/\/www.facebook.com\/lraloeverashop.eu\" \/>\n<meta property=\"article:modified_time\" content=\"2026-03-22T05:51:09+00:00\" \/>\n<meta property=\"og:image\" content=\"https:\/\/www.lraloeverashop.eu\/wp-content\/uploads\/2025\/02\/Colostrum-Milk.jpg\" \/>\n\t<meta property=\"og:image:width\" content=\"1200\" \/>\n\t<meta property=\"og:image:height\" content=\"1200\" \/>\n\t<meta property=\"og:image:type\" content=\"image\/jpeg\" \/>\n<meta name=\"twitter:card\" content=\"summary_large_image\" \/>\n<meta name=\"twitter:site\" content=\"@natur__kosmetik\" \/>\n<script type=\"application\/ld+json\" class=\"yoast-schema-graph\">{\"@context\":\"https:\\\/\\\/schema.org\",\"@graph\":[{\"@type\":[\"WebPage\",\"ItemPage\"],\"@id\":\"https:\\\/\\\/www.lraloeverashop.eu\\\/fr\\\/produit\\\/le-colostrum-lait\\\/\",\"url\":\"https:\\\/\\\/www.lraloeverashop.eu\\\/fr\\\/produit\\\/le-colostrum-lait\\\/\",\"name\":\"Le Colostrum Lait sans additifs ni conservateurs \u2013 Offre limit\u00e9e\",\"isPartOf\":{\"@id\":\"https:\\\/\\\/www.lraloeverashop.eu\\\/fr\\\/#website\"},\"primaryImageOfPage\":{\"@id\":\"https:\\\/\\\/www.lraloeverashop.eu\\\/fr\\\/produit\\\/le-colostrum-lait\\\/#primaryimage\"},\"image\":{\"@id\":\"https:\\\/\\\/www.lraloeverashop.eu\\\/fr\\\/produit\\\/le-colostrum-lait\\\/#primaryimage\"},\"thumbnailUrl\":\"https:\\\/\\\/www.lraloeverashop.eu\\\/wp-content\\\/uploads\\\/2025\\\/02\\\/Colostrum-Milk.jpg\",\"datePublished\":\"2025-02-03T16:36:22+00:00\",\"dateModified\":\"2026-03-22T05:51:09+00:00\",\"description\":\"Renforcez votre syst\u00e8me immunitaire avec Lr Colostrum Direct Liquid! Le Colostrum Lait de haute qualit\u00e9, sans additifs, conservateurs et antibiotiques.\",\"breadcrumb\":{\"@id\":\"https:\\\/\\\/www.lraloeverashop.eu\\\/fr\\\/produit\\\/le-colostrum-lait\\\/#breadcrumb\"},\"inLanguage\":\"fr-FR\",\"potentialAction\":[{\"@type\":\"ReadAction\",\"target\":[\"https:\\\/\\\/www.lraloeverashop.eu\\\/fr\\\/produit\\\/le-colostrum-lait\\\/\"]}]},{\"@type\":\"ImageObject\",\"inLanguage\":\"fr-FR\",\"@id\":\"https:\\\/\\\/www.lraloeverashop.eu\\\/fr\\\/produit\\\/le-colostrum-lait\\\/#primaryimage\",\"url\":\"https:\\\/\\\/www.lraloeverashop.eu\\\/wp-content\\\/uploads\\\/2025\\\/02\\\/Colostrum-Milk.jpg\",\"contentUrl\":\"https:\\\/\\\/www.lraloeverashop.eu\\\/wp-content\\\/uploads\\\/2025\\\/02\\\/Colostrum-Milk.jpg\",\"width\":1200,\"height\":1200,\"caption\":\"Le Colostrum Lait de vaches europ\u00e9ennes\"},{\"@type\":\"BreadcrumbList\",\"@id\":\"https:\\\/\\\/www.lraloeverashop.eu\\\/fr\\\/produit\\\/le-colostrum-lait\\\/#breadcrumb\",\"itemListElement\":[{\"@type\":\"ListItem\",\"position\":1,\"name\":\"Home\",\"item\":\"https:\\\/\\\/www.lraloeverashop.eu\\\/fr\\\/\"},{\"@type\":\"ListItem\",\"position\":2,\"name\":\"Boutique\",\"item\":\"https:\\\/\\\/www.lraloeverashop.eu\\\/fr\\\/boutique\\\/\"},{\"@type\":\"ListItem\",\"position\":3,\"name\":\"Le Colostrum Lait\"}]},{\"@type\":\"WebSite\",\"@id\":\"https:\\\/\\\/www.lraloeverashop.eu\\\/fr\\\/#website\",\"url\":\"https:\\\/\\\/www.lraloeverashop.eu\\\/fr\\\/\",\"name\":\"Boutique Lr Aloe Vera\",\"description\":\"High Quality Lr Aloe Vera Gel, Aloe Vera Cream and Shampoo\",\"publisher\":{\"@id\":\"https:\\\/\\\/www.lraloeverashop.eu\\\/fr\\\/#organization\"},\"potentialAction\":[{\"@type\":\"SearchAction\",\"target\":{\"@type\":\"EntryPoint\",\"urlTemplate\":\"https:\\\/\\\/www.lraloeverashop.eu\\\/fr\\\/?s={search_term_string}\"},\"query-input\":{\"@type\":\"PropertyValueSpecification\",\"valueRequired\":true,\"valueName\":\"search_term_string\"}}],\"inLanguage\":\"fr-FR\"},{\"@type\":\"Organization\",\"@id\":\"https:\\\/\\\/www.lraloeverashop.eu\\\/fr\\\/#organization\",\"name\":\"Boutique Lr Aloe Vera\",\"alternateName\":\"LR\",\"url\":\"https:\\\/\\\/www.lraloeverashop.eu\\\/fr\\\/\",\"logo\":{\"@type\":\"ImageObject\",\"inLanguage\":\"fr-FR\",\"@id\":\"https:\\\/\\\/www.lraloeverashop.eu\\\/fr\\\/#\\\/schema\\\/logo\\\/image\\\/\",\"url\":\"https:\\\/\\\/www.lraloeverashop.eu\\\/wp-content\\\/uploads\\\/2022\\\/09\\\/cropped-Lr-Aloe-Vera-Shop.jpg\",\"contentUrl\":\"https:\\\/\\\/www.lraloeverashop.eu\\\/wp-content\\\/uploads\\\/2022\\\/09\\\/cropped-Lr-Aloe-Vera-Shop.jpg\",\"width\":228,\"height\":76,\"caption\":\"Boutique Lr Aloe Vera\"},\"image\":{\"@id\":\"https:\\\/\\\/www.lraloeverashop.eu\\\/fr\\\/#\\\/schema\\\/logo\\\/image\\\/\"},\"sameAs\":[\"https:\\\/\\\/www.facebook.com\\\/lraloeverashop.eu\",\"https:\\\/\\\/x.com\\\/natur__kosmetik\",\"https:\\\/\\\/www.youtube.com\\\/channel\\\/UC5oN7BJ8nfYb8RpVtjwDEBA\",\"https:\\\/\\\/www.instagram.com\\\/lrbeautyeu\\\/\"]}]}<\/script>\n<meta property=\"product:price:amount\" content=\"100.00\" \/>\n<meta property=\"product:price:currency\" content=\"EUR\" \/>\n<meta property=\"og:availability\" content=\"out of stock\" \/>\n<meta property=\"product:availability\" content=\"out of stock\" \/>\n<meta property=\"product:retailer_item_id\" content=\"96560-1FR\" \/>\n<meta property=\"product:condition\" content=\"new\" \/>\n<!-- \/ Yoast SEO Premium plugin. -->","yoast_head_json":{"title":"Le Colostrum Lait sans additifs ni conservateurs \u2013 Offre limit\u00e9e","description":"Renforcez votre syst\u00e8me immunitaire avec Lr Colostrum Direct Liquid! Le Colostrum Lait de haute qualit\u00e9, sans additifs, conservateurs et antibiotiques.","robots":{"index":"index","follow":"follow","max-snippet":"max-snippet:-1","max-image-preview":"max-image-preview:large","max-video-preview":"max-video-preview:-1"},"canonical":"https:\/\/www.lraloeverashop.eu\/fr\/produit\/le-colostrum-lait\/","og_locale":"fr_FR","og_type":"article","og_title":"Le Colostrum Lait","og_description":"Renforcez votre syst\u00e8me immunitaire avec Lr Colostrum Direct Liquid! Le Colostrum Lait de haute qualit\u00e9, sans additifs, conservateurs et antibiotiques.","og_url":"https:\/\/www.lraloeverashop.eu\/fr\/produit\/le-colostrum-lait\/","og_site_name":"Boutique Lr Aloe Vera","article_publisher":"https:\/\/www.facebook.com\/lraloeverashop.eu","article_modified_time":"2026-03-22T05:51:09+00:00","og_image":[{"width":1200,"height":1200,"url":"https:\/\/www.lraloeverashop.eu\/wp-content\/uploads\/2025\/02\/Colostrum-Milk.jpg","type":"image\/jpeg"}],"twitter_card":"summary_large_image","twitter_site":"@natur__kosmetik","schema":{"@context":"https:\/\/schema.org","@graph":[{"@type":["WebPage","ItemPage"],"@id":"https:\/\/www.lraloeverashop.eu\/fr\/produit\/le-colostrum-lait\/","url":"https:\/\/www.lraloeverashop.eu\/fr\/produit\/le-colostrum-lait\/","name":"Le Colostrum Lait sans additifs ni conservateurs \u2013 Offre limit\u00e9e","isPartOf":{"@id":"https:\/\/www.lraloeverashop.eu\/fr\/#website"},"primaryImageOfPage":{"@id":"https:\/\/www.lraloeverashop.eu\/fr\/produit\/le-colostrum-lait\/#primaryimage"},"image":{"@id":"https:\/\/www.lraloeverashop.eu\/fr\/produit\/le-colostrum-lait\/#primaryimage"},"thumbnailUrl":"https:\/\/www.lraloeverashop.eu\/wp-content\/uploads\/2025\/02\/Colostrum-Milk.jpg","datePublished":"2025-02-03T16:36:22+00:00","dateModified":"2026-03-22T05:51:09+00:00","description":"Renforcez votre syst\u00e8me immunitaire avec Lr Colostrum Direct Liquid! Le Colostrum Lait de haute qualit\u00e9, sans additifs, conservateurs et antibiotiques.","breadcrumb":{"@id":"https:\/\/www.lraloeverashop.eu\/fr\/produit\/le-colostrum-lait\/#breadcrumb"},"inLanguage":"fr-FR","potentialAction":[{"@type":"ReadAction","target":["https:\/\/www.lraloeverashop.eu\/fr\/produit\/le-colostrum-lait\/"]}]},{"@type":"ImageObject","inLanguage":"fr-FR","@id":"https:\/\/www.lraloeverashop.eu\/fr\/produit\/le-colostrum-lait\/#primaryimage","url":"https:\/\/www.lraloeverashop.eu\/wp-content\/uploads\/2025\/02\/Colostrum-Milk.jpg","contentUrl":"https:\/\/www.lraloeverashop.eu\/wp-content\/uploads\/2025\/02\/Colostrum-Milk.jpg","width":1200,"height":1200,"caption":"Le Colostrum Lait de vaches europ\u00e9ennes"},{"@type":"BreadcrumbList","@id":"https:\/\/www.lraloeverashop.eu\/fr\/produit\/le-colostrum-lait\/#breadcrumb","itemListElement":[{"@type":"ListItem","position":1,"name":"Home","item":"https:\/\/www.lraloeverashop.eu\/fr\/"},{"@type":"ListItem","position":2,"name":"Boutique","item":"https:\/\/www.lraloeverashop.eu\/fr\/boutique\/"},{"@type":"ListItem","position":3,"name":"Le Colostrum Lait"}]},{"@type":"WebSite","@id":"https:\/\/www.lraloeverashop.eu\/fr\/#website","url":"https:\/\/www.lraloeverashop.eu\/fr\/","name":"Boutique Lr Aloe Vera","description":"High Quality Lr Aloe Vera Gel, Aloe Vera Cream and Shampoo","publisher":{"@id":"https:\/\/www.lraloeverashop.eu\/fr\/#organization"},"potentialAction":[{"@type":"SearchAction","target":{"@type":"EntryPoint","urlTemplate":"https:\/\/www.lraloeverashop.eu\/fr\/?s={search_term_string}"},"query-input":{"@type":"PropertyValueSpecification","valueRequired":true,"valueName":"search_term_string"}}],"inLanguage":"fr-FR"},{"@type":"Organization","@id":"https:\/\/www.lraloeverashop.eu\/fr\/#organization","name":"Boutique Lr Aloe Vera","alternateName":"LR","url":"https:\/\/www.lraloeverashop.eu\/fr\/","logo":{"@type":"ImageObject","inLanguage":"fr-FR","@id":"https:\/\/www.lraloeverashop.eu\/fr\/#\/schema\/logo\/image\/","url":"https:\/\/www.lraloeverashop.eu\/wp-content\/uploads\/2022\/09\/cropped-Lr-Aloe-Vera-Shop.jpg","contentUrl":"https:\/\/www.lraloeverashop.eu\/wp-content\/uploads\/2022\/09\/cropped-Lr-Aloe-Vera-Shop.jpg","width":228,"height":76,"caption":"Boutique Lr Aloe Vera"},"image":{"@id":"https:\/\/www.lraloeverashop.eu\/fr\/#\/schema\/logo\/image\/"},"sameAs":["https:\/\/www.facebook.com\/lraloeverashop.eu","https:\/\/x.com\/natur__kosmetik","https:\/\/www.youtube.com\/channel\/UC5oN7BJ8nfYb8RpVtjwDEBA","https:\/\/www.instagram.com\/lrbeautyeu\/"]}]},"product_price_amount":"100.00","product_price_currency":"EUR","og_availability":"out of stock","product_availability":"out of stock","product_retailer_item_id":"96560-1FR","product_condition":"new"},"taxonomy_info":{"product_cat":[{"value":398,"label":"Base"},{"value":494,"label":"Colostrum"},{"value":410,"label":"Produits Speciaux"},{"value":351,"label":"Soldes"},{"value":345,"label":"Syst\u00e8me immunitaire et \u00e9quilibre"}],"product_tag":[{"value":643,"label":"Booster immunitaire"}]},"featured_image_src_large":["https:\/\/www.lraloeverashop.eu\/wp-content\/uploads\/2025\/02\/Colostrum-Milk-1024x1024.jpg",1024,1024,true],"author_info":[],"comment_info":0,"_links":{"self":[{"href":"https:\/\/www.lraloeverashop.eu\/fr\/wp-json\/wp\/v2\/product\/23375","targetHints":{"allow":["GET"]}}],"collection":[{"href":"https:\/\/www.lraloeverashop.eu\/fr\/wp-json\/wp\/v2\/product"}],"about":[{"href":"https:\/\/www.lraloeverashop.eu\/fr\/wp-json\/wp\/v2\/types\/product"}],"replies":[{"embeddable":true,"href":"https:\/\/www.lraloeverashop.eu\/fr\/wp-json\/wp\/v2\/comments?post=23375"}],"wp:featuredmedia":[{"embeddable":true,"href":"https:\/\/www.lraloeverashop.eu\/fr\/wp-json\/wp\/v2\/media\/22922"}],"wp:attachment":[{"href":"https:\/\/www.lraloeverashop.eu\/fr\/wp-json\/wp\/v2\/media?parent=23375"}],"wp:term":[{"taxonomy":"product_brand","embeddable":true,"href":"https:\/\/www.lraloeverashop.eu\/fr\/wp-json\/wp\/v2\/product_brand?post=23375"},{"taxonomy":"product_cat","embeddable":true,"href":"https:\/\/www.lraloeverashop.eu\/fr\/wp-json\/wp\/v2\/product_cat?post=23375"},{"taxonomy":"product_tag","embeddable":true,"href":"https:\/\/www.lraloeverashop.eu\/fr\/wp-json\/wp\/v2\/product_tag?post=23375"}],"curies":[{"name":"wp","href":"https:\/\/api.w.org\/{rel}","templated":true}]}}