{"id":20336,"date":"2025-01-01T18:28:13","date_gmt":"2025-01-01T17:28:13","guid":{"rendered":"https:\/\/www.lraloeverashop.eu\/product\/soupe-de-patate-douce-figu-active\/"},"modified":"2026-02-02T18:16:37","modified_gmt":"2026-02-02T17:16:37","slug":"soupe-de-patate-douce-figu-active","status":"publish","type":"product","link":"https:\/\/www.lraloeverashop.eu\/fr\/produit\/soupe-de-patate-douce-figu-active\/","title":{"rendered":"Soupe de Patates Douces Figu Active"},"content":{"rendered":"<h2><span style=\"font-size: 16pt;\"><strong>Soupe de Patates Douces Figu Active<\/strong><\/span><\/h2>\n<p><span style=\"font-size: 14pt;\"><strong>Soupe de Patates Douces Figu Active rend la perte de poids facile et d\u00e9licieuse<\/strong><\/span><\/p>\n<p>Et si adopter un mode de vie sain et g\u00e9rer votre poids pouvaient \u00eatre simples et savoureux ? La Soupe de Patates Douces Figu Active le permet. Ce <strong><a href=\"https:\/\/www.lraloeverashop.eu\/fr\/substitut-de-repas-figu-active-le-regime-amaigrissant-intelligent\/\">substitut de repas<\/a><\/strong> soigneusement con\u00e7u combine des ingr\u00e9dients sains et des nutriments essentiels dans un plat facile \u00e0 pr\u00e9parer. Que ce soit pour perdre du poids ou pour soutenir votre bien-\u00eatre, c&rsquo;est une fa\u00e7on onctueuse et savoureuse de prendre en main vos <a href=\"https:\/\/www.lraloeverashop.eu\/fr\/produit\/pro-12-plus-probiotiques\/\">objectifs de sant\u00e9<\/a>.<\/p>\n<p>Chaque portion remplace un repas complet, apportant \u00e0 votre corps tous les nutriments dont il a besoin sans sacrifier le go\u00fbt ou la qualit\u00e9. Compos\u00e9e d&rsquo;ingr\u00e9dients naturels et sans additifs inutiles, cette soupe offre un plaisir sans culpabilit\u00e9 qui alimente votre journ\u00e9e.<\/p>\n<p>&nbsp;<\/p>\n<h3>Pourquoi Choisir la Soupe de Patates Douces Figu Active?<\/h3>\n<p><span style=\"font-size: 14pt;\"><strong>Des Avantages Exceptionnels pour une Alimentation Saine :<\/strong><\/span><\/p>\n<ul>\n<li><strong>Saveur Riche :<\/strong>\u00a0Un m\u00e9lange d\u00e9licat de patate douce et de potiron, relev\u00e9 par des oignons, poireaux et poivre noir.<\/li>\n<li><strong>Atteinte des Objectifs de Poids :<\/strong>\u00a0Con\u00e7ue pour la perte ou le maintien du poids dans le cadre d\u2019un r\u00e9gime contr\u00f4l\u00e9 en calories.<\/li>\n<li><strong>Substitut de Repas Complet :<\/strong>\u00a0Calme la faim tout en apportant les nutriments essentiels dont le corps a besoin.<\/li>\n<li><strong>Riche en Fibres et Prot\u00e9ines :<\/strong>\u00a0Contient des enveloppes de psyllium pour une digestion am\u00e9lior\u00e9e et des prot\u00e9ines v\u00e9g\u00e9tales pour une sati\u00e9t\u00e9 durable.<\/li>\n<\/ul>\n<p>&nbsp;<\/p>\n<h3><span style=\"font-size: 16pt;\"><strong><a href=\"https:\/\/www.lraloeverashop.eu\/wp-content\/uploads\/2024\/09\/weight-loss-diet-review-300x300.jpeg\"><img loading=\"lazy\" decoding=\"async\" class=\"alignleft size-medium wp-image-16348\" src=\"https:\/\/www.lraloeverashop.eu\/wp-content\/uploads\/2024\/09\/weight-loss-diet-review-300x300.jpeg\" alt=\"Weight loss diet review\" width=\"300\" height=\"300\" srcset=\"https:\/\/www.lraloeverashop.eu\/wp-content\/uploads\/2024\/09\/weight-loss-diet-review-300x300.jpeg 300w, https:\/\/www.lraloeverashop.eu\/wp-content\/uploads\/2024\/09\/weight-loss-diet-review-1024x1024.jpeg 1024w, https:\/\/www.lraloeverashop.eu\/wp-content\/uploads\/2024\/09\/weight-loss-diet-review-150x150.jpeg 150w, https:\/\/www.lraloeverashop.eu\/wp-content\/uploads\/2024\/09\/weight-loss-diet-review-768x768.jpeg 768w, https:\/\/www.lraloeverashop.eu\/wp-content\/uploads\/2024\/09\/weight-loss-diet-review-600x600.jpeg 600w, https:\/\/www.lraloeverashop.eu\/wp-content\/uploads\/2024\/09\/weight-loss-diet-review-100x100.jpeg 100w, https:\/\/www.lraloeverashop.eu\/wp-content\/uploads\/2024\/09\/weight-loss-diet-review.jpeg 1200w\" sizes=\"auto, (max-width: 300px) 100vw, 300px\" \/><\/a> Qu\u2019est-ce qui Rend cette Soupe Sp\u00e9ciale?<\/strong><\/span><\/h3>\n<p>La Soupe de Patate Douce Figu Active n\u2019est pas une soupe classique. Elle est sp\u00e9cifiquement con\u00e7ue pour ceux qui veulent allier sant\u00e9 et plaisir.<\/p>\n<p>En rempla\u00e7ant un ou deux repas quotidiens par cette <strong><a href=\"https:\/\/www.lraloeverashop.eu\/fr\/produit\/figu-active-soupe-de-legumes-au-curry-india\/\">soupe minceur<\/a><\/strong>, vous r\u00e9duisez efficacement votre apport calorique tout en nourrissant votre corps.<\/p>\n<p>Contrairement aux soupes classiques, celle-ci contient des enveloppes de psyllium qui soutiennent la digestion et la sant\u00e9 intestinale.<\/p>\n<p>Les prot\u00e9ines v\u00e9g\u00e9tales qu\u2019elle contient aident \u00e0 r\u00e9duire les fringales en vous gardant rassasi\u00e9 plus longtemps.<\/p>\n<p>&nbsp;<\/p>\n<p><a href=\"https:\/\/www.lraloeverashop.eu\/wp-content\/uploads\/2024\/09\/man-weight-loss-before-and-after-300x300.jpeg\"><img loading=\"lazy\" decoding=\"async\" class=\"alignleft size-medium wp-image-16355\" src=\"https:\/\/www.lraloeverashop.eu\/wp-content\/uploads\/2024\/09\/man-weight-loss-before-and-after-300x300.jpeg\" alt=\"Man weight loss before and after\" width=\"300\" height=\"300\" srcset=\"https:\/\/www.lraloeverashop.eu\/wp-content\/uploads\/2024\/09\/man-weight-loss-before-and-after-300x300.jpeg 300w, https:\/\/www.lraloeverashop.eu\/wp-content\/uploads\/2024\/09\/man-weight-loss-before-and-after-1024x1024.jpeg 1024w, https:\/\/www.lraloeverashop.eu\/wp-content\/uploads\/2024\/09\/man-weight-loss-before-and-after-150x150.jpeg 150w, https:\/\/www.lraloeverashop.eu\/wp-content\/uploads\/2024\/09\/man-weight-loss-before-and-after-768x768.jpeg 768w, https:\/\/www.lraloeverashop.eu\/wp-content\/uploads\/2024\/09\/man-weight-loss-before-and-after-600x600.jpeg 600w, https:\/\/www.lraloeverashop.eu\/wp-content\/uploads\/2024\/09\/man-weight-loss-before-and-after-100x100.jpeg 100w, https:\/\/www.lraloeverashop.eu\/wp-content\/uploads\/2024\/09\/man-weight-loss-before-and-after.jpeg 1200w\" sizes=\"auto, (max-width: 300px) 100vw, 300px\" \/><\/a><\/p>\n<h3><span style=\"font-size: 16pt;\"><strong>Pourquoi Elle S\u2019Adapte \u00e0 Votre Mode de Vie<\/strong><\/span><\/h3>\n<p>Que vous g\u00e9riez votre poids ou que vous recherchiez simplement une <strong><a href=\"https:\/\/www.lraloeverashop.eu\/fr\/produit\/figu-active-soupe-pommes-de-terre-auberge\/\">bonne soupe minceur<\/a><\/strong> qui ne sacrifie pas le go\u00fbt, la soupe de patates douces Figu Active offre une option polyvalente.<\/p>\n<p>Elle est parfaite pour les journ\u00e9es charg\u00e9es o\u00f9 vous voulez un repas rapide et riche en nutriments ou pour les moments o\u00f9 vous avez envie de quelque chose de copieux et sain.<\/p>\n<p>Comme elle est pr\u00e9par\u00e9e \u00e0 partir d&rsquo;ingr\u00e9dients v\u00e9g\u00e9taux soigneusement s\u00e9lectionn\u00e9s, elle est non seulement excellente pour vous, mais aussi respectueuse de l&rsquo;environnement.<\/p>\n<p>&nbsp;<\/p>\n<p>&nbsp;<\/p>\n<h3><span style=\"font-size: 16pt;\"><strong>Ingr\u00e9dients cl\u00e9s<\/strong><\/span><\/h3>\n<p>La soupe patates douces Figu Active doit sa saveur unique et ses bienfaits pour la sant\u00e9 \u00e0 ses ingr\u00e9dients soigneusement choisis, qui comprennent :<\/p>\n<ul>\n<li><strong>Patates douces: <\/strong>Riche source de vitamines (comme A et C), de fibres et d&rsquo;antioxydants, les patates douces sont connues pour leur r\u00f4le dans le soutien de l&rsquo;immunit\u00e9 et de la fonction digestive.<\/li>\n<li><strong>Potirion: <\/strong>Apporte une note subtile et cr\u00e9meuse tout en apportant des nutriments essentiels tels que le b\u00eata-carot\u00e8ne et le potassium pour am\u00e9liorer la fonction globale du corps.<\/li>\n<li><strong>Prot\u00e9ines v\u00e9g\u00e9tales (soja et pois): <\/strong>Prot\u00e9ines v\u00e9g\u00e9taliennes facilement digestibles et favorisant la sant\u00e9 musculaire.<\/li>\n<li><strong>Coque de psyllium: <\/strong>Une source de fibres qui favorise la sant\u00e9 intestinale et facilite la digestion.<\/li>\n<li><strong>Poireau, persil et poivre noir: <\/strong>Ces ingr\u00e9dients rehaussent le profil de saveur de la soupe, tout en offrant des avantages anti-inflammatoires et digestifs.<\/li>\n<\/ul>\n<h2><span style=\"font-size: 16pt;\"><strong>B\u00e9n\u00e9fices Nutritionnels de la Soupe de Patate Douce<\/strong><\/span><\/h2>\n<p>Cette Soupe Patates Douces de perte de poids va au-del\u00e0 du go\u00fbt. Sa teneur <strong><a href=\"https:\/\/www.lraloeverashop.eu\/fr\/produit\/shake-minceur-caramel\/\">\u00e9lev\u00e9e en prot\u00e9ines<\/a><\/strong> favorise la r\u00e9paration et la croissance musculaires, ce qui la rend id\u00e9ale pour les personnes actives, tandis que la teneur \u00e9lev\u00e9e en fibres aide \u00e0 r\u00e9guler la digestion et am\u00e9liore la sati\u00e9t\u00e9. De plus, la composition hypocalorique s&rsquo;aligne parfaitement sur les programmes de perte de poids, garantissant un apport en nutriments sans surcharger les calories.<\/p>\n<h3><span style=\"font-size: 16pt;\"><strong>Instructions de Pr\u00e9paration<\/strong><\/span><\/h3>\n<p>Pr\u00e9parer la soupe de patate douce Figu Active est on ne peut plus simple:<\/p>\n<ol>\n<li>Mesurez 7 cuill\u00e8res \u00e0 soupe du m\u00e9lange \u00e0 soupe dans un bol.<\/li>\n<li>Versez 350 ml d&rsquo;eau chaude.<\/li>\n<li>Remuez avec un fouet jusqu&rsquo;\u00e0 obtenir une consistance lisse.<\/li>\n<li>Votre substitut de repas sain et d\u00e9licieux est pr\u00eat en quelques minutes\u00a0!<\/li>\n<\/ol>\n<p>Pour de meilleurs r\u00e9sultats, suivez les instructions et restez hydrat\u00e9 en consommant 2 \u00e0 3 litres d\u2019eau ou de <strong><a href=\"https:\/\/www.lraloeverashop.eu\/fr\/produit\/tisane-pour-maigrir\/\">boissons sans calories<\/a><\/strong> par jour.<\/p>\n<h3><span style=\"font-size: 16pt;\"><strong>Incorporating into Daily Diet<\/strong><\/span><\/h3>\n<p>This versatile meal fits seamlessly into your daily routine:<\/p>\n<ul>\n<li><strong>Breakfast Alternative<\/strong>: Start your day with a warm bowl for a hearty, energy-filled morning.<\/li>\n<li><strong>Lunch Replacement<\/strong>: Take it to work for a no-fuss, healthy midday meal.<\/li>\n<li><strong>Evening Option<\/strong>: Use it as a light, satisfying dinner to support your weight goals.<\/li>\n<\/ul>\n<p>Accompagnez-le de l\u00e9gumes frais ou d&rsquo;une petite salade pour plus de texture et de saveur.<\/p>\n<p>La soupe de patates douces Figu Active est bien plus qu&rsquo;un simple repas : c&rsquo;est un moyen pratique et agr\u00e9able de rester au top de vos objectifs nutritionnels et de poids. De ses ingr\u00e9dients v\u00e9g\u00e9taliens de premi\u00e8re qualit\u00e9 \u00e0 son profil nutritionnel \u00e9quilibr\u00e9, cette soupe montre que manger sainement ne signifie pas faire de compromis sur le go\u00fbt.<\/p>\n<p>Que vous souhaitiez <strong><a href=\"https:\/\/www.lraloeverashop.eu\/fr\/produit\/programme-de-perte-de-poids-body-mission\/\">perdre de la graisse abdominale<\/a><\/strong>, am\u00e9liorer votre sant\u00e9 g\u00e9n\u00e9rale ou simplement savourer un repas savoureux tout en restant sur la bonne voie, cette soupe \u00e0 la citrouille et aux patates douces vous permet d&rsquo;y parvenir. Pourquoi ne pas essayer un bol vous-m\u00eame et d\u00e9couvrir le m\u00e9lange de commodit\u00e9, de nutrition et de gourmandise ?<\/p>\n<p>Votre corps vous remerciera.<\/p>\n","protected":false},"excerpt":{"rendered":"<ul>\n<li>Une savoureuse soupe de patate douce et au potiron.<\/li>\n<li>Une portion remplace un repas complet.<\/li>\n<li>100% wegan avec uniquement des ingr\u00e9dients naturels.<\/li>\n<li>Riche en fibres, notamment en cosses de psyllium.<\/li>\n<li>Rempli de prot\u00e9ines de soja et de pois.<\/li>\n<li>Sans gluten, sans lactose et sans exhausteurs de saveur.<\/li>\n<li>Quantit\u00e9: 488g<\/li>\n<\/ul>\n<p style=\"text-align: left;\"><span style=\"color: #ff0000;\"><a style=\"color: #ff0000;\" href=\"https:\/\/shop.lrworld.com\/openpao?PHP=0vFlt7jT938BEnBI3a6e9w%3D%3D\"><span style=\"font-size: 14pt;\"><strong>Inscrivez-vous et \u00e9conomisez 35% sur chaque commande<\/strong><\/span><\/a><\/span><\/p>\n","protected":false},"featured_media":20321,"comment_status":"open","ping_status":"closed","template":"","meta":{"_kad_blocks_custom_css":"","_kad_blocks_head_custom_js":"","_kad_blocks_body_custom_js":"","_kad_blocks_footer_custom_js":"","_kadence_starter_templates_imported_post":false,"_kad_post_transparent":"default","_kad_post_title":"","_kad_post_layout":"default","_kad_post_sidebar_id":"","_kad_post_content_style":"default","_kad_post_vertical_padding":"default","_kad_post_feature":"","_kad_post_feature_position":"","_kad_post_header":false,"_kad_post_footer":false,"_kad_post_classname":""},"product_brand":[],"product_cat":[303,333],"product_tag":[583],"class_list":{"0":"post-20336","1":"product","2":"type-product","3":"status-publish","4":"has-post-thumbnail","6":"product_cat-body-mission-soupes","7":"product_cat-supplements-dietetiques","8":"product_tag-diete","10":"first","11":"instock","12":"taxable","13":"shipping-taxable","14":"purchasable","15":"product-type-simple","16":"entry","17":"content-bg","18":"loop-entry"},"yoast_head":"<!-- This site is optimized with the Yoast SEO Premium plugin v27.3 (Yoast SEO v27.3) - https:\/\/yoast.com\/product\/yoast-seo-premium-wordpress\/ -->\n<title>Soupe de patates douces Figu Active pour perdre du poids<\/title>\n<meta name=\"description\" content=\"La Soupe de Patates Douces Figu Active est un substitut de repas cr\u00e9meux aux saveurs de patate douce et de Potiron. Riche en fibres et prot\u00e9ines veganes.\" \/>\n<meta name=\"robots\" content=\"index, follow, max-snippet:-1, max-image-preview:large, max-video-preview:-1\" \/>\n<link rel=\"canonical\" href=\"https:\/\/www.lraloeverashop.eu\/fr\/produit\/soupe-de-patate-douce-figu-active\/\" \/>\n<meta property=\"og:locale\" content=\"fr_FR\" \/>\n<meta property=\"og:type\" content=\"article\" \/>\n<meta property=\"og:title\" content=\"Soupe de Patates Douces Figu Active\" \/>\n<meta property=\"og:description\" content=\"La Soupe de Patates Douces Figu Active est un substitut de repas cr\u00e9meux aux saveurs de patate douce et de Potiron. Riche en fibres et prot\u00e9ines veganes.\" \/>\n<meta property=\"og:url\" content=\"https:\/\/www.lraloeverashop.eu\/fr\/produit\/soupe-de-patate-douce-figu-active\/\" \/>\n<meta property=\"og:site_name\" content=\"Boutique Lr Aloe Vera\" \/>\n<meta property=\"article:publisher\" content=\"https:\/\/www.facebook.com\/lraloeverashop.eu\" \/>\n<meta property=\"article:modified_time\" content=\"2026-02-02T17:16:37+00:00\" \/>\n<meta property=\"og:image\" content=\"https:\/\/www.lraloeverashop.eu\/wp-content\/uploads\/2025\/01\/Sweet-Potato-Soup.jpg\" \/>\n\t<meta property=\"og:image:width\" content=\"1200\" \/>\n\t<meta property=\"og:image:height\" content=\"1200\" \/>\n\t<meta property=\"og:image:type\" content=\"image\/jpeg\" \/>\n<meta name=\"twitter:card\" content=\"summary_large_image\" \/>\n<meta name=\"twitter:site\" content=\"@natur__kosmetik\" \/>\n<script type=\"application\/ld+json\" class=\"yoast-schema-graph\">{\"@context\":\"https:\\\/\\\/schema.org\",\"@graph\":[{\"@type\":[\"WebPage\",\"ItemPage\"],\"@id\":\"https:\\\/\\\/www.lraloeverashop.eu\\\/fr\\\/produit\\\/soupe-de-patate-douce-figu-active\\\/\",\"url\":\"https:\\\/\\\/www.lraloeverashop.eu\\\/fr\\\/produit\\\/soupe-de-patate-douce-figu-active\\\/\",\"name\":\"Soupe de patates douces Figu Active pour perdre du poids\",\"isPartOf\":{\"@id\":\"https:\\\/\\\/www.lraloeverashop.eu\\\/fr\\\/#website\"},\"primaryImageOfPage\":{\"@id\":\"https:\\\/\\\/www.lraloeverashop.eu\\\/fr\\\/produit\\\/soupe-de-patate-douce-figu-active\\\/#primaryimage\"},\"image\":{\"@id\":\"https:\\\/\\\/www.lraloeverashop.eu\\\/fr\\\/produit\\\/soupe-de-patate-douce-figu-active\\\/#primaryimage\"},\"thumbnailUrl\":\"https:\\\/\\\/www.lraloeverashop.eu\\\/wp-content\\\/uploads\\\/2025\\\/01\\\/Sweet-Potato-Soup.jpg\",\"datePublished\":\"2025-01-01T17:28:13+00:00\",\"dateModified\":\"2026-02-02T17:16:37+00:00\",\"description\":\"La Soupe de Patates Douces Figu Active est un substitut de repas cr\u00e9meux aux saveurs de patate douce et de Potiron. Riche en fibres et prot\u00e9ines veganes.\",\"breadcrumb\":{\"@id\":\"https:\\\/\\\/www.lraloeverashop.eu\\\/fr\\\/produit\\\/soupe-de-patate-douce-figu-active\\\/#breadcrumb\"},\"inLanguage\":\"fr-FR\",\"potentialAction\":[{\"@type\":\"ReadAction\",\"target\":[\"https:\\\/\\\/www.lraloeverashop.eu\\\/fr\\\/produit\\\/soupe-de-patate-douce-figu-active\\\/\"]}]},{\"@type\":\"ImageObject\",\"inLanguage\":\"fr-FR\",\"@id\":\"https:\\\/\\\/www.lraloeverashop.eu\\\/fr\\\/produit\\\/soupe-de-patate-douce-figu-active\\\/#primaryimage\",\"url\":\"https:\\\/\\\/www.lraloeverashop.eu\\\/wp-content\\\/uploads\\\/2025\\\/01\\\/Sweet-Potato-Soup.jpg\",\"contentUrl\":\"https:\\\/\\\/www.lraloeverashop.eu\\\/wp-content\\\/uploads\\\/2025\\\/01\\\/Sweet-Potato-Soup.jpg\",\"width\":1200,\"height\":1200,\"caption\":\"Substitut de repas Soupe de Patates Douces Figu Active\"},{\"@type\":\"BreadcrumbList\",\"@id\":\"https:\\\/\\\/www.lraloeverashop.eu\\\/fr\\\/produit\\\/soupe-de-patate-douce-figu-active\\\/#breadcrumb\",\"itemListElement\":[{\"@type\":\"ListItem\",\"position\":1,\"name\":\"Home\",\"item\":\"https:\\\/\\\/www.lraloeverashop.eu\\\/fr\\\/\"},{\"@type\":\"ListItem\",\"position\":2,\"name\":\"Boutique\",\"item\":\"https:\\\/\\\/www.lraloeverashop.eu\\\/fr\\\/boutique\\\/\"},{\"@type\":\"ListItem\",\"position\":3,\"name\":\"Soupe de Patates Douces Figu Active\"}]},{\"@type\":\"WebSite\",\"@id\":\"https:\\\/\\\/www.lraloeverashop.eu\\\/fr\\\/#website\",\"url\":\"https:\\\/\\\/www.lraloeverashop.eu\\\/fr\\\/\",\"name\":\"Boutique Lr Aloe Vera\",\"description\":\"High Quality Lr Aloe Vera Gel, Aloe Vera Cream and Shampoo\",\"publisher\":{\"@id\":\"https:\\\/\\\/www.lraloeverashop.eu\\\/fr\\\/#organization\"},\"potentialAction\":[{\"@type\":\"SearchAction\",\"target\":{\"@type\":\"EntryPoint\",\"urlTemplate\":\"https:\\\/\\\/www.lraloeverashop.eu\\\/fr\\\/?s={search_term_string}\"},\"query-input\":{\"@type\":\"PropertyValueSpecification\",\"valueRequired\":true,\"valueName\":\"search_term_string\"}}],\"inLanguage\":\"fr-FR\"},{\"@type\":\"Organization\",\"@id\":\"https:\\\/\\\/www.lraloeverashop.eu\\\/fr\\\/#organization\",\"name\":\"Boutique Lr Aloe Vera\",\"alternateName\":\"LR\",\"url\":\"https:\\\/\\\/www.lraloeverashop.eu\\\/fr\\\/\",\"logo\":{\"@type\":\"ImageObject\",\"inLanguage\":\"fr-FR\",\"@id\":\"https:\\\/\\\/www.lraloeverashop.eu\\\/fr\\\/#\\\/schema\\\/logo\\\/image\\\/\",\"url\":\"https:\\\/\\\/www.lraloeverashop.eu\\\/wp-content\\\/uploads\\\/2022\\\/09\\\/cropped-Lr-Aloe-Vera-Shop.jpg\",\"contentUrl\":\"https:\\\/\\\/www.lraloeverashop.eu\\\/wp-content\\\/uploads\\\/2022\\\/09\\\/cropped-Lr-Aloe-Vera-Shop.jpg\",\"width\":228,\"height\":76,\"caption\":\"Boutique Lr Aloe Vera\"},\"image\":{\"@id\":\"https:\\\/\\\/www.lraloeverashop.eu\\\/fr\\\/#\\\/schema\\\/logo\\\/image\\\/\"},\"sameAs\":[\"https:\\\/\\\/www.facebook.com\\\/lraloeverashop.eu\",\"https:\\\/\\\/x.com\\\/natur__kosmetik\",\"https:\\\/\\\/www.youtube.com\\\/channel\\\/UC5oN7BJ8nfYb8RpVtjwDEBA\",\"https:\\\/\\\/www.instagram.com\\\/lrbeautyeu\\\/\"]}]}<\/script>\n<meta property=\"product:price:amount\" content=\"48.59\" \/>\n<meta property=\"product:price:currency\" content=\"EUR\" \/>\n<meta property=\"og:availability\" content=\"instock\" \/>\n<meta property=\"product:availability\" content=\"instock\" \/>\n<meta property=\"product:retailer_item_id\" content=\"81251-1FR\" \/>\n<meta property=\"product:condition\" content=\"new\" \/>\n<!-- \/ Yoast SEO Premium plugin. -->","yoast_head_json":{"title":"Soupe de patates douces Figu Active pour perdre du poids","description":"La Soupe de Patates Douces Figu Active est un substitut de repas cr\u00e9meux aux saveurs de patate douce et de Potiron. Riche en fibres et prot\u00e9ines veganes.","robots":{"index":"index","follow":"follow","max-snippet":"max-snippet:-1","max-image-preview":"max-image-preview:large","max-video-preview":"max-video-preview:-1"},"canonical":"https:\/\/www.lraloeverashop.eu\/fr\/produit\/soupe-de-patate-douce-figu-active\/","og_locale":"fr_FR","og_type":"article","og_title":"Soupe de Patates Douces Figu Active","og_description":"La Soupe de Patates Douces Figu Active est un substitut de repas cr\u00e9meux aux saveurs de patate douce et de Potiron. Riche en fibres et prot\u00e9ines veganes.","og_url":"https:\/\/www.lraloeverashop.eu\/fr\/produit\/soupe-de-patate-douce-figu-active\/","og_site_name":"Boutique Lr Aloe Vera","article_publisher":"https:\/\/www.facebook.com\/lraloeverashop.eu","article_modified_time":"2026-02-02T17:16:37+00:00","og_image":[{"width":1200,"height":1200,"url":"https:\/\/www.lraloeverashop.eu\/wp-content\/uploads\/2025\/01\/Sweet-Potato-Soup.jpg","type":"image\/jpeg"}],"twitter_card":"summary_large_image","twitter_site":"@natur__kosmetik","schema":{"@context":"https:\/\/schema.org","@graph":[{"@type":["WebPage","ItemPage"],"@id":"https:\/\/www.lraloeverashop.eu\/fr\/produit\/soupe-de-patate-douce-figu-active\/","url":"https:\/\/www.lraloeverashop.eu\/fr\/produit\/soupe-de-patate-douce-figu-active\/","name":"Soupe de patates douces Figu Active pour perdre du poids","isPartOf":{"@id":"https:\/\/www.lraloeverashop.eu\/fr\/#website"},"primaryImageOfPage":{"@id":"https:\/\/www.lraloeverashop.eu\/fr\/produit\/soupe-de-patate-douce-figu-active\/#primaryimage"},"image":{"@id":"https:\/\/www.lraloeverashop.eu\/fr\/produit\/soupe-de-patate-douce-figu-active\/#primaryimage"},"thumbnailUrl":"https:\/\/www.lraloeverashop.eu\/wp-content\/uploads\/2025\/01\/Sweet-Potato-Soup.jpg","datePublished":"2025-01-01T17:28:13+00:00","dateModified":"2026-02-02T17:16:37+00:00","description":"La Soupe de Patates Douces Figu Active est un substitut de repas cr\u00e9meux aux saveurs de patate douce et de Potiron. Riche en fibres et prot\u00e9ines veganes.","breadcrumb":{"@id":"https:\/\/www.lraloeverashop.eu\/fr\/produit\/soupe-de-patate-douce-figu-active\/#breadcrumb"},"inLanguage":"fr-FR","potentialAction":[{"@type":"ReadAction","target":["https:\/\/www.lraloeverashop.eu\/fr\/produit\/soupe-de-patate-douce-figu-active\/"]}]},{"@type":"ImageObject","inLanguage":"fr-FR","@id":"https:\/\/www.lraloeverashop.eu\/fr\/produit\/soupe-de-patate-douce-figu-active\/#primaryimage","url":"https:\/\/www.lraloeverashop.eu\/wp-content\/uploads\/2025\/01\/Sweet-Potato-Soup.jpg","contentUrl":"https:\/\/www.lraloeverashop.eu\/wp-content\/uploads\/2025\/01\/Sweet-Potato-Soup.jpg","width":1200,"height":1200,"caption":"Substitut de repas Soupe de Patates Douces Figu Active"},{"@type":"BreadcrumbList","@id":"https:\/\/www.lraloeverashop.eu\/fr\/produit\/soupe-de-patate-douce-figu-active\/#breadcrumb","itemListElement":[{"@type":"ListItem","position":1,"name":"Home","item":"https:\/\/www.lraloeverashop.eu\/fr\/"},{"@type":"ListItem","position":2,"name":"Boutique","item":"https:\/\/www.lraloeverashop.eu\/fr\/boutique\/"},{"@type":"ListItem","position":3,"name":"Soupe de Patates Douces Figu Active"}]},{"@type":"WebSite","@id":"https:\/\/www.lraloeverashop.eu\/fr\/#website","url":"https:\/\/www.lraloeverashop.eu\/fr\/","name":"Boutique Lr Aloe Vera","description":"High Quality Lr Aloe Vera Gel, Aloe Vera Cream and Shampoo","publisher":{"@id":"https:\/\/www.lraloeverashop.eu\/fr\/#organization"},"potentialAction":[{"@type":"SearchAction","target":{"@type":"EntryPoint","urlTemplate":"https:\/\/www.lraloeverashop.eu\/fr\/?s={search_term_string}"},"query-input":{"@type":"PropertyValueSpecification","valueRequired":true,"valueName":"search_term_string"}}],"inLanguage":"fr-FR"},{"@type":"Organization","@id":"https:\/\/www.lraloeverashop.eu\/fr\/#organization","name":"Boutique Lr Aloe Vera","alternateName":"LR","url":"https:\/\/www.lraloeverashop.eu\/fr\/","logo":{"@type":"ImageObject","inLanguage":"fr-FR","@id":"https:\/\/www.lraloeverashop.eu\/fr\/#\/schema\/logo\/image\/","url":"https:\/\/www.lraloeverashop.eu\/wp-content\/uploads\/2022\/09\/cropped-Lr-Aloe-Vera-Shop.jpg","contentUrl":"https:\/\/www.lraloeverashop.eu\/wp-content\/uploads\/2022\/09\/cropped-Lr-Aloe-Vera-Shop.jpg","width":228,"height":76,"caption":"Boutique Lr Aloe Vera"},"image":{"@id":"https:\/\/www.lraloeverashop.eu\/fr\/#\/schema\/logo\/image\/"},"sameAs":["https:\/\/www.facebook.com\/lraloeverashop.eu","https:\/\/x.com\/natur__kosmetik","https:\/\/www.youtube.com\/channel\/UC5oN7BJ8nfYb8RpVtjwDEBA","https:\/\/www.instagram.com\/lrbeautyeu\/"]}]},"product_price_amount":"48.59","product_price_currency":"EUR","og_availability":"instock","product_availability":"instock","product_retailer_item_id":"81251-1FR","product_condition":"new"},"taxonomy_info":{"product_cat":[{"value":303,"label":"Soupes"},{"value":333,"label":"Substitut de repas"}],"product_tag":[{"value":583,"label":"Di\u00e8te"}]},"featured_image_src_large":["https:\/\/www.lraloeverashop.eu\/wp-content\/uploads\/2025\/01\/Sweet-Potato-Soup-1024x1024.jpg",1024,1024,true],"author_info":[],"comment_info":0,"_links":{"self":[{"href":"https:\/\/www.lraloeverashop.eu\/fr\/wp-json\/wp\/v2\/product\/20336","targetHints":{"allow":["GET"]}}],"collection":[{"href":"https:\/\/www.lraloeverashop.eu\/fr\/wp-json\/wp\/v2\/product"}],"about":[{"href":"https:\/\/www.lraloeverashop.eu\/fr\/wp-json\/wp\/v2\/types\/product"}],"replies":[{"embeddable":true,"href":"https:\/\/www.lraloeverashop.eu\/fr\/wp-json\/wp\/v2\/comments?post=20336"}],"wp:featuredmedia":[{"embeddable":true,"href":"https:\/\/www.lraloeverashop.eu\/fr\/wp-json\/wp\/v2\/media\/20321"}],"wp:attachment":[{"href":"https:\/\/www.lraloeverashop.eu\/fr\/wp-json\/wp\/v2\/media?parent=20336"}],"wp:term":[{"taxonomy":"product_brand","embeddable":true,"href":"https:\/\/www.lraloeverashop.eu\/fr\/wp-json\/wp\/v2\/product_brand?post=20336"},{"taxonomy":"product_cat","embeddable":true,"href":"https:\/\/www.lraloeverashop.eu\/fr\/wp-json\/wp\/v2\/product_cat?post=20336"},{"taxonomy":"product_tag","embeddable":true,"href":"https:\/\/www.lraloeverashop.eu\/fr\/wp-json\/wp\/v2\/product_tag?post=20336"}],"curies":[{"name":"wp","href":"https:\/\/api.w.org\/{rel}","templated":true}]}}