{"id":18587,"date":"2024-11-08T12:52:00","date_gmt":"2024-11-08T11:52:00","guid":{"rendered":"https:\/\/www.lraloeverashop.eu\/product\/cbd-roll-on-de-massage\/"},"modified":"2026-02-02T18:16:56","modified_gmt":"2026-02-02T17:16:56","slug":"cbd-roll-on-de-massage","status":"publish","type":"product","link":"https:\/\/www.lraloeverashop.eu\/fr\/produit\/cbd-roll-on-de-massage\/","title":{"rendered":"CBD Roll-on de Massage"},"content":{"rendered":"<h2><span style=\"font-size: 16pt;\"><strong>CBD Roll-on de massage<\/strong><\/span><\/h2>\n<p><span style=\"font-size: 14pt;\"><strong>CBD Roll-on de massage &#8211; Ressentez la magie de la nature sur votre peau !<\/strong><\/span><\/p>\n<p>Le CBD Roll-on de massage relaxant avec 20% d&#8217;aloe vera, de l&#8217;huile de graines de cannabis sativa biologique, du CBD, de l&#8217;extrait de curcuma biologique et de l&#8217;encens a un effet b\u00e9n\u00e9fique sur les parties du corps particuli\u00e8rement sollicit\u00e9es.<\/p>\n<p>Des ingr\u00e9dients pr\u00e9cieux tels que <a href=\"https:\/\/www.lraloeverashop.eu\/fr\/produit\/aloe-vera-creme-de-jour\/\">l&#8217;aloe vera<\/a>, l&#8217;huile de graines de chanvre avec CBD, le curcuma et l&#8217;encens soignent intens\u00e9ment la peau, l&#8217;hydratent, favorisent sa r\u00e9g\u00e9n\u00e9ration et assurent une capacit\u00e9 de glisse optimale. Cela en fait des compagnons id\u00e9aux pendant et apr\u00e8s un massage manuel apaisant, qui peut soulager les parties du corps sollicit\u00e9es telles que les muscles, les articulations, les fascias et la peau.<\/p>\n<p>La particularit\u00e9 du CBD Roll-on de massage: le complexe chaud-froid activateur contenu dans la recette assure une relaxation optimale en stimulant la microcirculation et en rel\u00e2chant les tissus &#8211; un vrai r\u00e9gal, surtout apr\u00e8s une activit\u00e9 sportive ou un autre effort physique.<\/p>\n<p>Massez les parties du corps sollicit\u00e9es avec une l\u00e9g\u00e8re pression et ressentez l&#8217;effet agr\u00e9ablement relaxant!<\/p>\n<p>&nbsp;<\/p>\n<h3><strong><span style=\"font-size: 16pt;\">Comment utiliser<\/span><\/strong><\/h3>\n<p><strong>\u00c9tape 1:<\/strong> Tournez le capuchon dans le sens inverse des aiguilles d&#8217;une montre.<\/p>\n<p><strong>\u00c9tape 2:<\/strong> Appliquez la lotion sur les parties du corps sollicit\u00e9es en mouvements circulaires \u00e0 l&#8217;aide du roll-on de massage.<\/p>\n<p><strong>\u00c9tape 3:<\/strong> Refermez ensuite le bouchon et offrez-vous un massage apaisant et profitez du moment de d\u00e9tente !<\/p>\n<p><strong>\u00c9tape 4:<\/strong> Astuce pour les d\u00e9placements : Massez la lotion avec le bouchon du roll-on referm\u00e9, afin de ne pas avoir \u00e0 vous laver les mains par la suite.<\/p>\n<p><span style=\"color: #ff0000;\"><strong>Avertissements:<\/strong><\/span> Se laver les mains apr\u00e8s contact avec le liquide. \u00c9viter le contact avec les yeux et les muqueuses. En cas de contact accidentel, rincer imm\u00e9diatement \u00e0 l&#8217;eau. Tenir le produit hors de port\u00e9e des enfants.<\/p>\n<p>&nbsp;<\/p>\n<h3><strong><span style=\"font-size: 16pt;\">Le saviez-vous?<\/span><\/strong><\/h3>\n<p>Le CBD Roll-on de Massage fait partie de la s\u00e9rie de soins premium CBD avec des ingr\u00e9dients actifs pr\u00e9cieux d&#8217;Aloe Vera Barbadensis et de Cannabis Sativa. La combinaison d&#8217;Aloe Vera et d&#8217;huile de graines de cannabis sativa biologique, <a href=\"https:\/\/www.lraloeverashop.eu\/fr\/produit\/lr-cbd-roll-on-de-massage\/\">m\u00e9lang\u00e9e au CBD<\/a>, a un effet apaisant et intensif sur les peaux particuli\u00e8rement sollicit\u00e9es et stress\u00e9es, car le processus de r\u00e9g\u00e9n\u00e9ration de la peau est soutenu et la peau est nourrie.<\/p>\n<p>Le cannabidiol, ou CBD en abr\u00e9g\u00e9, est un ingr\u00e9dient naturel issu de la plante de chanvre et est extrait de ses feuilles et de ses tiges. L&#8217;huile de graines de cannabis sativa biologique m\u00e9lang\u00e9e au CBD peut particuli\u00e8rement bien prendre soin des peaux stress\u00e9es gr\u00e2ce \u00e0 ses propri\u00e9t\u00e9s apaisantes.<\/p>\n","protected":false},"excerpt":{"rendered":"<ul>\n<li>Roll-on relaxant avec 20 % d&#8217;aloe vera, huile de graines de cannabis sativa biologique, CBD, extrait de curcuma biologique et encens<\/li>\n<li>Apaisant pour les parties du corps stress\u00e9es<\/li>\n<li>Avec complexe chaud-froid &#8211; active et d\u00e9tend en m\u00eame temps<\/li>\n<li>Masser avec une l\u00e9g\u00e8re pression et ressentir l&#8217;effet relaxant<\/li>\n<li>Quantit\u00e9 : 50 ml<\/li>\n<\/ul>\n<p style=\"text-align: left;\"><span style=\"color: #ff0000;\"><a style=\"color: #ff0000;\" href=\"https:\/\/shop.lrworld.com\/openpao?PHP=0vFlt7jT938BEnBI3a6e9w%3D%3D\"><span style=\"font-size: 14pt;\"><strong>Inscrivez-vous et \u00e9conomisez 35% sur chaque commande<\/strong><\/span><\/a><\/span><\/p>\n","protected":false},"featured_media":9784,"comment_status":"open","ping_status":"closed","template":"","meta":{"_kad_blocks_custom_css":"","_kad_blocks_head_custom_js":"","_kad_blocks_body_custom_js":"","_kad_blocks_footer_custom_js":"","_kadence_starter_templates_imported_post":false,"_kad_post_transparent":"default","_kad_post_title":"","_kad_post_layout":"default","_kad_post_sidebar_id":"","_kad_post_content_style":"default","_kad_post_vertical_padding":"default","_kad_post_feature":"","_kad_post_feature_position":"","_kad_post_header":false,"_kad_post_footer":false,"_kad_post_classname":""},"product_brand":[],"product_cat":[212,225,224],"product_tag":[528,579],"class_list":{"0":"post-18587","1":"product","2":"type-product","3":"status-publish","4":"has-post-thumbnail","6":"product_cat-aloe-vera-fr","7":"product_cat-cbd-fr","8":"product_cat-soins-du-corps","9":"product_tag-massage-fr","10":"product_tag-produits-cbd","12":"first","13":"instock","14":"taxable","15":"shipping-taxable","16":"purchasable","17":"product-type-simple","18":"entry","19":"content-bg","20":"loop-entry"},"yoast_head":"<!-- This site is optimized with the Yoast SEO Premium plugin v27.5 (Yoast SEO v27.5) - https:\/\/yoast.com\/product\/yoast-seo-premium-wordpress\/ -->\n<title>CBD Roll-on de Massage - Soulagez le stress et nourrissez peau<\/title>\n<meta name=\"description\" content=\"Revitalisez votre corps avec notre CBD Roll-on de Massage. D\u00e9couvrez la magie de la nature avec un m\u00e9lange de CBD, d&#039;aloe vera et d&#039;extraits biologiques.\" \/>\n<meta name=\"robots\" content=\"index, follow, max-snippet:-1, max-image-preview:large, max-video-preview:-1\" \/>\n<link rel=\"canonical\" href=\"https:\/\/www.lraloeverashop.eu\/fr\/produit\/cbd-roll-on-de-massage\/\" \/>\n<meta property=\"og:locale\" content=\"fr_FR\" \/>\n<meta property=\"og:type\" content=\"article\" \/>\n<meta property=\"og:title\" content=\"CBD Roll-on de Massage\" \/>\n<meta property=\"og:description\" content=\"Revitalisez votre corps avec notre CBD Roll-on de Massage. D\u00e9couvrez la magie de la nature avec un m\u00e9lange de CBD, d&#039;aloe vera et d&#039;extraits biologiques.\" \/>\n<meta property=\"og:url\" content=\"https:\/\/www.lraloeverashop.eu\/fr\/produit\/cbd-roll-on-de-massage\/\" \/>\n<meta property=\"og:site_name\" content=\"Boutique Lr Aloe Vera\" \/>\n<meta property=\"article:publisher\" content=\"https:\/\/www.facebook.com\/lraloeverashop.eu\" \/>\n<meta property=\"article:modified_time\" content=\"2026-02-02T17:16:56+00:00\" \/>\n<meta property=\"og:image\" content=\"https:\/\/www.lraloeverashop.eu\/wp-content\/uploads\/2023\/01\/Aloe-Vera-CBD-Roll-on-Deo.jpg\" \/>\n\t<meta property=\"og:image:width\" content=\"1200\" \/>\n\t<meta property=\"og:image:height\" content=\"1200\" \/>\n\t<meta property=\"og:image:type\" content=\"image\/jpeg\" \/>\n<meta name=\"twitter:card\" content=\"summary_large_image\" \/>\n<meta name=\"twitter:site\" content=\"@natur__kosmetik\" \/>\n<script type=\"application\/ld+json\" class=\"yoast-schema-graph\">{\"@context\":\"https:\\\/\\\/schema.org\",\"@graph\":[{\"@type\":[\"WebPage\",\"ItemPage\"],\"@id\":\"https:\\\/\\\/www.lraloeverashop.eu\\\/fr\\\/produit\\\/cbd-roll-on-de-massage\\\/\",\"url\":\"https:\\\/\\\/www.lraloeverashop.eu\\\/fr\\\/produit\\\/cbd-roll-on-de-massage\\\/\",\"name\":\"CBD Roll-on de Massage - Soulagez le stress et nourrissez peau\",\"isPartOf\":{\"@id\":\"https:\\\/\\\/www.lraloeverashop.eu\\\/fr\\\/#website\"},\"primaryImageOfPage\":{\"@id\":\"https:\\\/\\\/www.lraloeverashop.eu\\\/fr\\\/produit\\\/cbd-roll-on-de-massage\\\/#primaryimage\"},\"image\":{\"@id\":\"https:\\\/\\\/www.lraloeverashop.eu\\\/fr\\\/produit\\\/cbd-roll-on-de-massage\\\/#primaryimage\"},\"thumbnailUrl\":\"https:\\\/\\\/www.lraloeverashop.eu\\\/wp-content\\\/uploads\\\/2023\\\/01\\\/Aloe-Vera-CBD-Roll-on-Deo.jpg\",\"datePublished\":\"2024-11-08T11:52:00+00:00\",\"dateModified\":\"2026-02-02T17:16:56+00:00\",\"description\":\"Revitalisez votre corps avec notre CBD Roll-on de Massage. D\u00e9couvrez la magie de la nature avec un m\u00e9lange de CBD, d'aloe vera et d'extraits biologiques.\",\"breadcrumb\":{\"@id\":\"https:\\\/\\\/www.lraloeverashop.eu\\\/fr\\\/produit\\\/cbd-roll-on-de-massage\\\/#breadcrumb\"},\"inLanguage\":\"fr-FR\",\"potentialAction\":[{\"@type\":\"ReadAction\",\"target\":[\"https:\\\/\\\/www.lraloeverashop.eu\\\/fr\\\/produit\\\/cbd-roll-on-de-massage\\\/\"]}]},{\"@type\":\"ImageObject\",\"inLanguage\":\"fr-FR\",\"@id\":\"https:\\\/\\\/www.lraloeverashop.eu\\\/fr\\\/produit\\\/cbd-roll-on-de-massage\\\/#primaryimage\",\"url\":\"https:\\\/\\\/www.lraloeverashop.eu\\\/wp-content\\\/uploads\\\/2023\\\/01\\\/Aloe-Vera-CBD-Roll-on-Deo.jpg\",\"contentUrl\":\"https:\\\/\\\/www.lraloeverashop.eu\\\/wp-content\\\/uploads\\\/2023\\\/01\\\/Aloe-Vera-CBD-Roll-on-Deo.jpg\",\"width\":1200,\"height\":1200,\"caption\":\"Aloe Vera CBD Deo Roll-on Protecteur\"},{\"@type\":\"BreadcrumbList\",\"@id\":\"https:\\\/\\\/www.lraloeverashop.eu\\\/fr\\\/produit\\\/cbd-roll-on-de-massage\\\/#breadcrumb\",\"itemListElement\":[{\"@type\":\"ListItem\",\"position\":1,\"name\":\"Home\",\"item\":\"https:\\\/\\\/www.lraloeverashop.eu\\\/fr\\\/home\\\/\"},{\"@type\":\"ListItem\",\"position\":2,\"name\":\"Boutique\",\"item\":\"https:\\\/\\\/www.lraloeverashop.eu\\\/fr\\\/boutique\\\/\"},{\"@type\":\"ListItem\",\"position\":3,\"name\":\"CBD Roll-on de Massage\"}]},{\"@type\":\"WebSite\",\"@id\":\"https:\\\/\\\/www.lraloeverashop.eu\\\/fr\\\/#website\",\"url\":\"https:\\\/\\\/www.lraloeverashop.eu\\\/fr\\\/\",\"name\":\"Boutique Lr Aloe Vera\",\"description\":\"High Quality Lr Aloe Vera Gel, Aloe Vera Cream and Shampoo\",\"publisher\":{\"@id\":\"https:\\\/\\\/www.lraloeverashop.eu\\\/fr\\\/#organization\"},\"alternateName\":\"LR\",\"potentialAction\":[{\"@type\":\"SearchAction\",\"target\":{\"@type\":\"EntryPoint\",\"urlTemplate\":\"https:\\\/\\\/www.lraloeverashop.eu\\\/fr\\\/?s={search_term_string}\"},\"query-input\":{\"@type\":\"PropertyValueSpecification\",\"valueRequired\":true,\"valueName\":\"search_term_string\"}}],\"inLanguage\":\"fr-FR\"},{\"@type\":\"Organization\",\"@id\":\"https:\\\/\\\/www.lraloeverashop.eu\\\/fr\\\/#organization\",\"name\":\"Boutique Lr Aloe Vera\",\"alternateName\":\"LR\",\"url\":\"https:\\\/\\\/www.lraloeverashop.eu\\\/fr\\\/\",\"logo\":{\"@type\":\"ImageObject\",\"inLanguage\":\"fr-FR\",\"@id\":\"https:\\\/\\\/www.lraloeverashop.eu\\\/fr\\\/#\\\/schema\\\/logo\\\/image\\\/\",\"url\":\"https:\\\/\\\/www.lraloeverashop.eu\\\/wp-content\\\/uploads\\\/2022\\\/09\\\/cropped-Lr-Aloe-Vera-Shop.jpg\",\"contentUrl\":\"https:\\\/\\\/www.lraloeverashop.eu\\\/wp-content\\\/uploads\\\/2022\\\/09\\\/cropped-Lr-Aloe-Vera-Shop.jpg\",\"width\":228,\"height\":76,\"caption\":\"Boutique Lr Aloe Vera\"},\"image\":{\"@id\":\"https:\\\/\\\/www.lraloeverashop.eu\\\/fr\\\/#\\\/schema\\\/logo\\\/image\\\/\"},\"sameAs\":[\"https:\\\/\\\/www.facebook.com\\\/lraloeverashop.eu\",\"https:\\\/\\\/x.com\\\/natur__kosmetik\",\"https:\\\/\\\/www.youtube.com\\\/channel\\\/UC5oN7BJ8nfYb8RpVtjwDEBA\",\"https:\\\/\\\/www.instagram.com\\\/lrbeautyeu\\\/\"],\"description\":\"La boutique LR Aloe Vera est votre destination de confiance pour les produits de sant\u00e9 et de beaut\u00e9 haut de gamme LR, fabriqu\u00e9s en Allemagne. Nous proposons des soins de la peau, des compl\u00e9ments nutritionnels et des solutions anti-\u00e2ge \u00e0 l'aloe vera de haute qualit\u00e9, \u00e9labor\u00e9s \u00e0 partir d'ingr\u00e9dients purs et valid\u00e9s par la recherche scientifique. D\u00e9couvrez des soins naturels qui r\u00e9g\u00e9n\u00e8rent, prot\u00e8gent et revitalisent votre peau, et profitez d'offres mensuelles exclusives sur nos produits LR Aloe Vera les plus vendus.\\n\\nCommencez d\u00e8s aujourd'hui votre parcours vers des soins naturels et constatez la diff\u00e9rence.\",\"email\":\"info@lraloeverashop.eu\",\"telephone\":\"+49 17670609653\",\"legalName\":\"Lr Aloe Vera Shop\",\"foundingDate\":\"2018-04-21\",\"numberOfEmployees\":{\"@type\":\"QuantitativeValue\",\"minValue\":\"1\",\"maxValue\":\"10\"}}]}<\/script>\n<meta property=\"product:price:amount\" content=\"28.60\" \/>\n<meta property=\"product:price:currency\" content=\"EUR\" \/>\n<meta property=\"og:availability\" content=\"instock\" \/>\n<meta property=\"product:availability\" content=\"instock\" \/>\n<meta property=\"product:retailer_item_id\" content=\"20826-1FR\" \/>\n<meta property=\"product:condition\" content=\"new\" \/>\n<!-- \/ Yoast SEO Premium plugin. -->","yoast_head_json":{"title":"CBD Roll-on de Massage - Soulagez le stress et nourrissez peau","description":"Revitalisez votre corps avec notre CBD Roll-on de Massage. D\u00e9couvrez la magie de la nature avec un m\u00e9lange de CBD, d'aloe vera et d'extraits biologiques.","robots":{"index":"index","follow":"follow","max-snippet":"max-snippet:-1","max-image-preview":"max-image-preview:large","max-video-preview":"max-video-preview:-1"},"canonical":"https:\/\/www.lraloeverashop.eu\/fr\/produit\/cbd-roll-on-de-massage\/","og_locale":"fr_FR","og_type":"article","og_title":"CBD Roll-on de Massage","og_description":"Revitalisez votre corps avec notre CBD Roll-on de Massage. D\u00e9couvrez la magie de la nature avec un m\u00e9lange de CBD, d'aloe vera et d'extraits biologiques.","og_url":"https:\/\/www.lraloeverashop.eu\/fr\/produit\/cbd-roll-on-de-massage\/","og_site_name":"Boutique Lr Aloe Vera","article_publisher":"https:\/\/www.facebook.com\/lraloeverashop.eu","article_modified_time":"2026-02-02T17:16:56+00:00","og_image":[{"width":1200,"height":1200,"url":"https:\/\/www.lraloeverashop.eu\/wp-content\/uploads\/2023\/01\/Aloe-Vera-CBD-Roll-on-Deo.jpg","type":"image\/jpeg"}],"twitter_card":"summary_large_image","twitter_site":"@natur__kosmetik","schema":{"@context":"https:\/\/schema.org","@graph":[{"@type":["WebPage","ItemPage"],"@id":"https:\/\/www.lraloeverashop.eu\/fr\/produit\/cbd-roll-on-de-massage\/","url":"https:\/\/www.lraloeverashop.eu\/fr\/produit\/cbd-roll-on-de-massage\/","name":"CBD Roll-on de Massage - Soulagez le stress et nourrissez peau","isPartOf":{"@id":"https:\/\/www.lraloeverashop.eu\/fr\/#website"},"primaryImageOfPage":{"@id":"https:\/\/www.lraloeverashop.eu\/fr\/produit\/cbd-roll-on-de-massage\/#primaryimage"},"image":{"@id":"https:\/\/www.lraloeverashop.eu\/fr\/produit\/cbd-roll-on-de-massage\/#primaryimage"},"thumbnailUrl":"https:\/\/www.lraloeverashop.eu\/wp-content\/uploads\/2023\/01\/Aloe-Vera-CBD-Roll-on-Deo.jpg","datePublished":"2024-11-08T11:52:00+00:00","dateModified":"2026-02-02T17:16:56+00:00","description":"Revitalisez votre corps avec notre CBD Roll-on de Massage. D\u00e9couvrez la magie de la nature avec un m\u00e9lange de CBD, d'aloe vera et d'extraits biologiques.","breadcrumb":{"@id":"https:\/\/www.lraloeverashop.eu\/fr\/produit\/cbd-roll-on-de-massage\/#breadcrumb"},"inLanguage":"fr-FR","potentialAction":[{"@type":"ReadAction","target":["https:\/\/www.lraloeverashop.eu\/fr\/produit\/cbd-roll-on-de-massage\/"]}]},{"@type":"ImageObject","inLanguage":"fr-FR","@id":"https:\/\/www.lraloeverashop.eu\/fr\/produit\/cbd-roll-on-de-massage\/#primaryimage","url":"https:\/\/www.lraloeverashop.eu\/wp-content\/uploads\/2023\/01\/Aloe-Vera-CBD-Roll-on-Deo.jpg","contentUrl":"https:\/\/www.lraloeverashop.eu\/wp-content\/uploads\/2023\/01\/Aloe-Vera-CBD-Roll-on-Deo.jpg","width":1200,"height":1200,"caption":"Aloe Vera CBD Deo Roll-on Protecteur"},{"@type":"BreadcrumbList","@id":"https:\/\/www.lraloeverashop.eu\/fr\/produit\/cbd-roll-on-de-massage\/#breadcrumb","itemListElement":[{"@type":"ListItem","position":1,"name":"Home","item":"https:\/\/www.lraloeverashop.eu\/fr\/home\/"},{"@type":"ListItem","position":2,"name":"Boutique","item":"https:\/\/www.lraloeverashop.eu\/fr\/boutique\/"},{"@type":"ListItem","position":3,"name":"CBD Roll-on de Massage"}]},{"@type":"WebSite","@id":"https:\/\/www.lraloeverashop.eu\/fr\/#website","url":"https:\/\/www.lraloeverashop.eu\/fr\/","name":"Boutique Lr Aloe Vera","description":"High Quality Lr Aloe Vera Gel, Aloe Vera Cream and Shampoo","publisher":{"@id":"https:\/\/www.lraloeverashop.eu\/fr\/#organization"},"alternateName":"LR","potentialAction":[{"@type":"SearchAction","target":{"@type":"EntryPoint","urlTemplate":"https:\/\/www.lraloeverashop.eu\/fr\/?s={search_term_string}"},"query-input":{"@type":"PropertyValueSpecification","valueRequired":true,"valueName":"search_term_string"}}],"inLanguage":"fr-FR"},{"@type":"Organization","@id":"https:\/\/www.lraloeverashop.eu\/fr\/#organization","name":"Boutique Lr Aloe Vera","alternateName":"LR","url":"https:\/\/www.lraloeverashop.eu\/fr\/","logo":{"@type":"ImageObject","inLanguage":"fr-FR","@id":"https:\/\/www.lraloeverashop.eu\/fr\/#\/schema\/logo\/image\/","url":"https:\/\/www.lraloeverashop.eu\/wp-content\/uploads\/2022\/09\/cropped-Lr-Aloe-Vera-Shop.jpg","contentUrl":"https:\/\/www.lraloeverashop.eu\/wp-content\/uploads\/2022\/09\/cropped-Lr-Aloe-Vera-Shop.jpg","width":228,"height":76,"caption":"Boutique Lr Aloe Vera"},"image":{"@id":"https:\/\/www.lraloeverashop.eu\/fr\/#\/schema\/logo\/image\/"},"sameAs":["https:\/\/www.facebook.com\/lraloeverashop.eu","https:\/\/x.com\/natur__kosmetik","https:\/\/www.youtube.com\/channel\/UC5oN7BJ8nfYb8RpVtjwDEBA","https:\/\/www.instagram.com\/lrbeautyeu\/"],"description":"La boutique LR Aloe Vera est votre destination de confiance pour les produits de sant\u00e9 et de beaut\u00e9 haut de gamme LR, fabriqu\u00e9s en Allemagne. Nous proposons des soins de la peau, des compl\u00e9ments nutritionnels et des solutions anti-\u00e2ge \u00e0 l'aloe vera de haute qualit\u00e9, \u00e9labor\u00e9s \u00e0 partir d'ingr\u00e9dients purs et valid\u00e9s par la recherche scientifique. D\u00e9couvrez des soins naturels qui r\u00e9g\u00e9n\u00e8rent, prot\u00e8gent et revitalisent votre peau, et profitez d'offres mensuelles exclusives sur nos produits LR Aloe Vera les plus vendus.\n\nCommencez d\u00e8s aujourd'hui votre parcours vers des soins naturels et constatez la diff\u00e9rence.","email":"info@lraloeverashop.eu","telephone":"+49 17670609653","legalName":"Lr Aloe Vera Shop","foundingDate":"2018-04-21","numberOfEmployees":{"@type":"QuantitativeValue","minValue":"1","maxValue":"10"}}]},"product_price_amount":"28.60","product_price_currency":"EUR","og_availability":"instock","product_availability":"instock","product_retailer_item_id":"20826-1FR","product_condition":"new"},"taxonomy_info":{"product_cat":[{"value":212,"label":"Aloe Vera"},{"value":225,"label":"CBD"},{"value":224,"label":"Soins du corps"}],"product_tag":[{"value":528,"label":"Massage"},{"value":579,"label":"Produits CBD"}]},"featured_image_src_large":["https:\/\/www.lraloeverashop.eu\/wp-content\/uploads\/2023\/01\/Aloe-Vera-CBD-Roll-on-Deo-1024x1024.jpg",1024,1024,true],"author_info":[],"comment_info":0,"_links":{"self":[{"href":"https:\/\/www.lraloeverashop.eu\/fr\/wp-json\/wp\/v2\/product\/18587","targetHints":{"allow":["GET"]}}],"collection":[{"href":"https:\/\/www.lraloeverashop.eu\/fr\/wp-json\/wp\/v2\/product"}],"about":[{"href":"https:\/\/www.lraloeverashop.eu\/fr\/wp-json\/wp\/v2\/types\/product"}],"replies":[{"embeddable":true,"href":"https:\/\/www.lraloeverashop.eu\/fr\/wp-json\/wp\/v2\/comments?post=18587"}],"wp:featuredmedia":[{"embeddable":true,"href":"https:\/\/www.lraloeverashop.eu\/fr\/wp-json\/wp\/v2\/media\/9784"}],"wp:attachment":[{"href":"https:\/\/www.lraloeverashop.eu\/fr\/wp-json\/wp\/v2\/media?parent=18587"}],"wp:term":[{"taxonomy":"product_brand","embeddable":true,"href":"https:\/\/www.lraloeverashop.eu\/fr\/wp-json\/wp\/v2\/product_brand?post=18587"},{"taxonomy":"product_cat","embeddable":true,"href":"https:\/\/www.lraloeverashop.eu\/fr\/wp-json\/wp\/v2\/product_cat?post=18587"},{"taxonomy":"product_tag","embeddable":true,"href":"https:\/\/www.lraloeverashop.eu\/fr\/wp-json\/wp\/v2\/product_tag?post=18587"}],"curies":[{"name":"wp","href":"https:\/\/api.w.org\/{rel}","templated":true}]}}