{"id":18572,"date":"2024-11-04T13:47:33","date_gmt":"2024-11-04T12:47:33","guid":{"rendered":"https:\/\/www.lraloeverashop.eu\/product\/creme-mains-hommes-powerpack\/"},"modified":"2026-02-02T18:19:47","modified_gmt":"2026-02-02T17:19:47","slug":"creme-mains-hommes-powerpack","status":"publish","type":"product","link":"https:\/\/www.lraloeverashop.eu\/fr\/produit\/creme-mains-hommes-powerpack\/","title":{"rendered":"Cr\u00e8me Mains Hommes Powerpack"},"content":{"rendered":"<h2><span style=\"font-size: 16pt;\"><strong>Cr\u00e8me Mains Hommes Powerpack<\/strong><\/span><\/h2>\n<p><span style=\"font-size: 14pt;\"><strong>Cr\u00e8me Mains Hommes Powerpack pour les mains cassantes et gerc\u00e9es<\/strong><\/span><\/p>\n<p>Il est tout \u00e0 fait possible de prendre soin de la peau de vos mains avec une peau soign\u00e9e. C&rsquo;est pourquoi la Cr\u00e8me Mains Hommes Powerpack \u00e0 l&rsquo;aloe vera, riche et \u00e0 action rapide, est votre compagnon id\u00e9al pour les froides journ\u00e9es d&rsquo;hiver. Elle contient non seulement 40 % d&rsquo;aloe vera, mais aussi de la caf\u00e9ine, du beurre de karit\u00e9, de l&rsquo;huile de noix de macadamia et de l&rsquo;extrait de moteur biologique et d\u00e9tend, prot\u00e8ge et r\u00e9g\u00e9n\u00e8re la peau. Au fait : avec des mains douces, les cadeaux pour les proches peuvent \u00e9galement \u00eatre mieux emball\u00e9s&#8230;<\/p>\n<h3><strong><span style=\"font-size: 16pt;\">Comment utiliser<\/span><\/strong><\/h3>\n<p>Appliquez la cr\u00e8me pour les mains de Lr sur vos mains plusieurs fois par jour, en fonction des besoins de votre peau.<\/p>\n<p>&nbsp;<\/p>\n","protected":false},"excerpt":{"rendered":"<ul>\n<li><strong><span style=\"color: #ff0000;\">OFFRE LIMIT\u00c9E<\/span><\/strong><\/li>\n<li>Soins des mains s\u00e8ches, cassantes et gerc\u00e9es<\/li>\n<li>Contient 40 % d&rsquo;aloe vera, de la caf\u00e9ine, du beurre de karit\u00e9, de l&rsquo;huile de macadamia et de l&rsquo;extrait de gingembre biologique<\/li>\n<li>Avec le parfum masculin-bois\u00e9 populaire des soins pour hommes Lr Aloe Vera<\/li>\n<li>Favorise la r\u00e9g\u00e9n\u00e9ration de la peau s\u00e8che et gerc\u00e9e<\/li>\n<li>Quantit\u00e9 : 75 ml<\/li>\n<\/ul>\n<p style=\"text-align: left;\"><span style=\"color: #ff0000;\"><a style=\"color: #ff0000;\" href=\"https:\/\/shop.lrworld.com\/openpao?PHP=0vFlt7jT938BEnBI3a6e9w%3D%3D\"><span style=\"font-size: 14pt;\"><strong>Inscrivez-vous et \u00e9conomisez 35% sur chaque commande<\/strong><\/span><\/a><\/span><\/p>\n","protected":false},"featured_media":18276,"comment_status":"open","ping_status":"closed","template":"","meta":{"_kad_blocks_custom_css":"","_kad_blocks_head_custom_js":"","_kad_blocks_body_custom_js":"","_kad_blocks_footer_custom_js":"","_kadence_starter_templates_imported_post":false,"_kad_post_transparent":"default","_kad_post_title":"","_kad_post_layout":"default","_kad_post_sidebar_id":"","_kad_post_content_style":"default","_kad_post_vertical_padding":"default","_kad_post_feature":"","_kad_post_feature_position":"","_kad_post_header":false,"_kad_post_footer":false,"_kad_post_classname":""},"product_brand":[],"product_cat":[212,248],"product_tag":[529],"class_list":{"0":"post-18572","1":"product","2":"type-product","3":"status-publish","4":"has-post-thumbnail","6":"product_cat-aloe-vera-fr","7":"product_cat-soins-pour-homme","8":"product_tag-produits-pour-hommes","10":"first","11":"outofstock","12":"taxable","13":"shipping-taxable","14":"purchasable","15":"product-type-simple","16":"entry","17":"content-bg","18":"loop-entry"},"yoast_head":"<!-- This site is optimized with the Yoast SEO Premium plugin v27.3 (Yoast SEO v27.3) - https:\/\/yoast.com\/product\/yoast-seo-premium-wordpress\/ -->\n<title>Cr\u00e8me Mains Hommes Powerpack pour les mains cassantes et gerc\u00e9es<\/title>\n<meta name=\"description\" content=\"Dites adieu aux mains cassantes et gerc\u00e9es avec notre Cr\u00e8me Mains Hommes Powerpack. Enrichie en aloe vera, beurre de karit\u00e9 et plus encore pour nourrir et prot\u00e9ger votre peau.\" \/>\n<meta name=\"robots\" content=\"index, follow, max-snippet:-1, max-image-preview:large, max-video-preview:-1\" \/>\n<link rel=\"canonical\" href=\"https:\/\/www.lraloeverashop.eu\/fr\/produit\/creme-mains-hommes-powerpack\/\" \/>\n<meta property=\"og:locale\" content=\"fr_FR\" \/>\n<meta property=\"og:type\" content=\"article\" \/>\n<meta property=\"og:title\" content=\"Cr\u00e8me Mains Hommes Powerpack\" \/>\n<meta property=\"og:description\" content=\"Dites adieu aux mains cassantes et gerc\u00e9es avec notre Cr\u00e8me Mains Hommes Powerpack. Enrichie en aloe vera, beurre de karit\u00e9 et plus encore pour nourrir et prot\u00e9ger votre peau.\" \/>\n<meta property=\"og:url\" content=\"https:\/\/www.lraloeverashop.eu\/fr\/produit\/creme-mains-hommes-powerpack\/\" \/>\n<meta property=\"og:site_name\" content=\"Boutique Lr Aloe Vera\" \/>\n<meta property=\"article:publisher\" content=\"https:\/\/www.facebook.com\/lraloeverashop.eu\" \/>\n<meta property=\"article:modified_time\" content=\"2026-02-02T17:19:47+00:00\" \/>\n<meta property=\"og:image\" content=\"https:\/\/www.lraloeverashop.eu\/wp-content\/uploads\/2024\/11\/Men-Hand-Cream.jpg\" \/>\n\t<meta property=\"og:image:width\" content=\"1200\" \/>\n\t<meta property=\"og:image:height\" content=\"1200\" \/>\n\t<meta property=\"og:image:type\" content=\"image\/jpeg\" \/>\n<meta name=\"twitter:card\" content=\"summary_large_image\" \/>\n<meta name=\"twitter:site\" content=\"@natur__kosmetik\" \/>\n<script type=\"application\/ld+json\" class=\"yoast-schema-graph\">{\"@context\":\"https:\\\/\\\/schema.org\",\"@graph\":[{\"@type\":[\"WebPage\",\"ItemPage\"],\"@id\":\"https:\\\/\\\/www.lraloeverashop.eu\\\/fr\\\/produit\\\/creme-mains-hommes-powerpack\\\/\",\"url\":\"https:\\\/\\\/www.lraloeverashop.eu\\\/fr\\\/produit\\\/creme-mains-hommes-powerpack\\\/\",\"name\":\"Cr\u00e8me Mains Hommes Powerpack pour les mains cassantes et gerc\u00e9es\",\"isPartOf\":{\"@id\":\"https:\\\/\\\/www.lraloeverashop.eu\\\/fr\\\/#website\"},\"primaryImageOfPage\":{\"@id\":\"https:\\\/\\\/www.lraloeverashop.eu\\\/fr\\\/produit\\\/creme-mains-hommes-powerpack\\\/#primaryimage\"},\"image\":{\"@id\":\"https:\\\/\\\/www.lraloeverashop.eu\\\/fr\\\/produit\\\/creme-mains-hommes-powerpack\\\/#primaryimage\"},\"thumbnailUrl\":\"https:\\\/\\\/www.lraloeverashop.eu\\\/wp-content\\\/uploads\\\/2024\\\/11\\\/Men-Hand-Cream.jpg\",\"datePublished\":\"2024-11-04T12:47:33+00:00\",\"dateModified\":\"2026-02-02T17:19:47+00:00\",\"description\":\"Dites adieu aux mains cassantes et gerc\u00e9es avec notre Cr\u00e8me Mains Hommes Powerpack. Enrichie en aloe vera, beurre de karit\u00e9 et plus encore pour nourrir et prot\u00e9ger votre peau.\",\"breadcrumb\":{\"@id\":\"https:\\\/\\\/www.lraloeverashop.eu\\\/fr\\\/produit\\\/creme-mains-hommes-powerpack\\\/#breadcrumb\"},\"inLanguage\":\"fr-FR\",\"potentialAction\":[{\"@type\":\"ReadAction\",\"target\":[\"https:\\\/\\\/www.lraloeverashop.eu\\\/fr\\\/produit\\\/creme-mains-hommes-powerpack\\\/\"]}]},{\"@type\":\"ImageObject\",\"inLanguage\":\"fr-FR\",\"@id\":\"https:\\\/\\\/www.lraloeverashop.eu\\\/fr\\\/produit\\\/creme-mains-hommes-powerpack\\\/#primaryimage\",\"url\":\"https:\\\/\\\/www.lraloeverashop.eu\\\/wp-content\\\/uploads\\\/2024\\\/11\\\/Men-Hand-Cream.jpg\",\"contentUrl\":\"https:\\\/\\\/www.lraloeverashop.eu\\\/wp-content\\\/uploads\\\/2024\\\/11\\\/Men-Hand-Cream.jpg\",\"width\":1200,\"height\":1200,\"caption\":\"Cr\u00e8me Mains Homme Aloe Vera\"},{\"@type\":\"BreadcrumbList\",\"@id\":\"https:\\\/\\\/www.lraloeverashop.eu\\\/fr\\\/produit\\\/creme-mains-hommes-powerpack\\\/#breadcrumb\",\"itemListElement\":[{\"@type\":\"ListItem\",\"position\":1,\"name\":\"Home\",\"item\":\"https:\\\/\\\/www.lraloeverashop.eu\\\/fr\\\/\"},{\"@type\":\"ListItem\",\"position\":2,\"name\":\"Boutique\",\"item\":\"https:\\\/\\\/www.lraloeverashop.eu\\\/fr\\\/boutique\\\/\"},{\"@type\":\"ListItem\",\"position\":3,\"name\":\"Cr\u00e8me Mains Hommes Powerpack\"}]},{\"@type\":\"WebSite\",\"@id\":\"https:\\\/\\\/www.lraloeverashop.eu\\\/fr\\\/#website\",\"url\":\"https:\\\/\\\/www.lraloeverashop.eu\\\/fr\\\/\",\"name\":\"Boutique Lr Aloe Vera\",\"description\":\"High Quality Lr Aloe Vera Gel, Aloe Vera Cream and Shampoo\",\"publisher\":{\"@id\":\"https:\\\/\\\/www.lraloeverashop.eu\\\/fr\\\/#organization\"},\"potentialAction\":[{\"@type\":\"SearchAction\",\"target\":{\"@type\":\"EntryPoint\",\"urlTemplate\":\"https:\\\/\\\/www.lraloeverashop.eu\\\/fr\\\/?s={search_term_string}\"},\"query-input\":{\"@type\":\"PropertyValueSpecification\",\"valueRequired\":true,\"valueName\":\"search_term_string\"}}],\"inLanguage\":\"fr-FR\"},{\"@type\":\"Organization\",\"@id\":\"https:\\\/\\\/www.lraloeverashop.eu\\\/fr\\\/#organization\",\"name\":\"Boutique Lr Aloe Vera\",\"alternateName\":\"LR\",\"url\":\"https:\\\/\\\/www.lraloeverashop.eu\\\/fr\\\/\",\"logo\":{\"@type\":\"ImageObject\",\"inLanguage\":\"fr-FR\",\"@id\":\"https:\\\/\\\/www.lraloeverashop.eu\\\/fr\\\/#\\\/schema\\\/logo\\\/image\\\/\",\"url\":\"https:\\\/\\\/www.lraloeverashop.eu\\\/wp-content\\\/uploads\\\/2022\\\/09\\\/cropped-Lr-Aloe-Vera-Shop.jpg\",\"contentUrl\":\"https:\\\/\\\/www.lraloeverashop.eu\\\/wp-content\\\/uploads\\\/2022\\\/09\\\/cropped-Lr-Aloe-Vera-Shop.jpg\",\"width\":228,\"height\":76,\"caption\":\"Boutique Lr Aloe Vera\"},\"image\":{\"@id\":\"https:\\\/\\\/www.lraloeverashop.eu\\\/fr\\\/#\\\/schema\\\/logo\\\/image\\\/\"},\"sameAs\":[\"https:\\\/\\\/www.facebook.com\\\/lraloeverashop.eu\",\"https:\\\/\\\/x.com\\\/natur__kosmetik\",\"https:\\\/\\\/www.youtube.com\\\/channel\\\/UC5oN7BJ8nfYb8RpVtjwDEBA\",\"https:\\\/\\\/www.instagram.com\\\/lrbeautyeu\\\/\"]}]}<\/script>\n<meta property=\"product:price:amount\" content=\"12.99\" \/>\n<meta property=\"product:price:currency\" content=\"EUR\" \/>\n<meta property=\"og:availability\" content=\"out of stock\" \/>\n<meta property=\"product:availability\" content=\"out of stock\" \/>\n<meta property=\"product:retailer_item_id\" content=\"20447-1FR\" \/>\n<meta property=\"product:condition\" content=\"new\" \/>\n<!-- \/ Yoast SEO Premium plugin. -->","yoast_head_json":{"title":"Cr\u00e8me Mains Hommes Powerpack pour les mains cassantes et gerc\u00e9es","description":"Dites adieu aux mains cassantes et gerc\u00e9es avec notre Cr\u00e8me Mains Hommes Powerpack. Enrichie en aloe vera, beurre de karit\u00e9 et plus encore pour nourrir et prot\u00e9ger votre peau.","robots":{"index":"index","follow":"follow","max-snippet":"max-snippet:-1","max-image-preview":"max-image-preview:large","max-video-preview":"max-video-preview:-1"},"canonical":"https:\/\/www.lraloeverashop.eu\/fr\/produit\/creme-mains-hommes-powerpack\/","og_locale":"fr_FR","og_type":"article","og_title":"Cr\u00e8me Mains Hommes Powerpack","og_description":"Dites adieu aux mains cassantes et gerc\u00e9es avec notre Cr\u00e8me Mains Hommes Powerpack. Enrichie en aloe vera, beurre de karit\u00e9 et plus encore pour nourrir et prot\u00e9ger votre peau.","og_url":"https:\/\/www.lraloeverashop.eu\/fr\/produit\/creme-mains-hommes-powerpack\/","og_site_name":"Boutique Lr Aloe Vera","article_publisher":"https:\/\/www.facebook.com\/lraloeverashop.eu","article_modified_time":"2026-02-02T17:19:47+00:00","og_image":[{"width":1200,"height":1200,"url":"https:\/\/www.lraloeverashop.eu\/wp-content\/uploads\/2024\/11\/Men-Hand-Cream.jpg","type":"image\/jpeg"}],"twitter_card":"summary_large_image","twitter_site":"@natur__kosmetik","schema":{"@context":"https:\/\/schema.org","@graph":[{"@type":["WebPage","ItemPage"],"@id":"https:\/\/www.lraloeverashop.eu\/fr\/produit\/creme-mains-hommes-powerpack\/","url":"https:\/\/www.lraloeverashop.eu\/fr\/produit\/creme-mains-hommes-powerpack\/","name":"Cr\u00e8me Mains Hommes Powerpack pour les mains cassantes et gerc\u00e9es","isPartOf":{"@id":"https:\/\/www.lraloeverashop.eu\/fr\/#website"},"primaryImageOfPage":{"@id":"https:\/\/www.lraloeverashop.eu\/fr\/produit\/creme-mains-hommes-powerpack\/#primaryimage"},"image":{"@id":"https:\/\/www.lraloeverashop.eu\/fr\/produit\/creme-mains-hommes-powerpack\/#primaryimage"},"thumbnailUrl":"https:\/\/www.lraloeverashop.eu\/wp-content\/uploads\/2024\/11\/Men-Hand-Cream.jpg","datePublished":"2024-11-04T12:47:33+00:00","dateModified":"2026-02-02T17:19:47+00:00","description":"Dites adieu aux mains cassantes et gerc\u00e9es avec notre Cr\u00e8me Mains Hommes Powerpack. Enrichie en aloe vera, beurre de karit\u00e9 et plus encore pour nourrir et prot\u00e9ger votre peau.","breadcrumb":{"@id":"https:\/\/www.lraloeverashop.eu\/fr\/produit\/creme-mains-hommes-powerpack\/#breadcrumb"},"inLanguage":"fr-FR","potentialAction":[{"@type":"ReadAction","target":["https:\/\/www.lraloeverashop.eu\/fr\/produit\/creme-mains-hommes-powerpack\/"]}]},{"@type":"ImageObject","inLanguage":"fr-FR","@id":"https:\/\/www.lraloeverashop.eu\/fr\/produit\/creme-mains-hommes-powerpack\/#primaryimage","url":"https:\/\/www.lraloeverashop.eu\/wp-content\/uploads\/2024\/11\/Men-Hand-Cream.jpg","contentUrl":"https:\/\/www.lraloeverashop.eu\/wp-content\/uploads\/2024\/11\/Men-Hand-Cream.jpg","width":1200,"height":1200,"caption":"Cr\u00e8me Mains Homme Aloe Vera"},{"@type":"BreadcrumbList","@id":"https:\/\/www.lraloeverashop.eu\/fr\/produit\/creme-mains-hommes-powerpack\/#breadcrumb","itemListElement":[{"@type":"ListItem","position":1,"name":"Home","item":"https:\/\/www.lraloeverashop.eu\/fr\/"},{"@type":"ListItem","position":2,"name":"Boutique","item":"https:\/\/www.lraloeverashop.eu\/fr\/boutique\/"},{"@type":"ListItem","position":3,"name":"Cr\u00e8me Mains Hommes Powerpack"}]},{"@type":"WebSite","@id":"https:\/\/www.lraloeverashop.eu\/fr\/#website","url":"https:\/\/www.lraloeverashop.eu\/fr\/","name":"Boutique Lr Aloe Vera","description":"High Quality Lr Aloe Vera Gel, Aloe Vera Cream and Shampoo","publisher":{"@id":"https:\/\/www.lraloeverashop.eu\/fr\/#organization"},"potentialAction":[{"@type":"SearchAction","target":{"@type":"EntryPoint","urlTemplate":"https:\/\/www.lraloeverashop.eu\/fr\/?s={search_term_string}"},"query-input":{"@type":"PropertyValueSpecification","valueRequired":true,"valueName":"search_term_string"}}],"inLanguage":"fr-FR"},{"@type":"Organization","@id":"https:\/\/www.lraloeverashop.eu\/fr\/#organization","name":"Boutique Lr Aloe Vera","alternateName":"LR","url":"https:\/\/www.lraloeverashop.eu\/fr\/","logo":{"@type":"ImageObject","inLanguage":"fr-FR","@id":"https:\/\/www.lraloeverashop.eu\/fr\/#\/schema\/logo\/image\/","url":"https:\/\/www.lraloeverashop.eu\/wp-content\/uploads\/2022\/09\/cropped-Lr-Aloe-Vera-Shop.jpg","contentUrl":"https:\/\/www.lraloeverashop.eu\/wp-content\/uploads\/2022\/09\/cropped-Lr-Aloe-Vera-Shop.jpg","width":228,"height":76,"caption":"Boutique Lr Aloe Vera"},"image":{"@id":"https:\/\/www.lraloeverashop.eu\/fr\/#\/schema\/logo\/image\/"},"sameAs":["https:\/\/www.facebook.com\/lraloeverashop.eu","https:\/\/x.com\/natur__kosmetik","https:\/\/www.youtube.com\/channel\/UC5oN7BJ8nfYb8RpVtjwDEBA","https:\/\/www.instagram.com\/lrbeautyeu\/"]}]},"product_price_amount":"12.99","product_price_currency":"EUR","og_availability":"out of stock","product_availability":"out of stock","product_retailer_item_id":"20447-1FR","product_condition":"new"},"taxonomy_info":{"product_cat":[{"value":212,"label":"Aloe Vera"},{"value":248,"label":"Soins pour homme"}],"product_tag":[{"value":529,"label":"Produits pour hommes"}]},"featured_image_src_large":["https:\/\/www.lraloeverashop.eu\/wp-content\/uploads\/2024\/11\/Men-Hand-Cream-1024x1024.jpg",1024,1024,true],"author_info":[],"comment_info":0,"_links":{"self":[{"href":"https:\/\/www.lraloeverashop.eu\/fr\/wp-json\/wp\/v2\/product\/18572","targetHints":{"allow":["GET"]}}],"collection":[{"href":"https:\/\/www.lraloeverashop.eu\/fr\/wp-json\/wp\/v2\/product"}],"about":[{"href":"https:\/\/www.lraloeverashop.eu\/fr\/wp-json\/wp\/v2\/types\/product"}],"replies":[{"embeddable":true,"href":"https:\/\/www.lraloeverashop.eu\/fr\/wp-json\/wp\/v2\/comments?post=18572"}],"wp:featuredmedia":[{"embeddable":true,"href":"https:\/\/www.lraloeverashop.eu\/fr\/wp-json\/wp\/v2\/media\/18276"}],"wp:attachment":[{"href":"https:\/\/www.lraloeverashop.eu\/fr\/wp-json\/wp\/v2\/media?parent=18572"}],"wp:term":[{"taxonomy":"product_brand","embeddable":true,"href":"https:\/\/www.lraloeverashop.eu\/fr\/wp-json\/wp\/v2\/product_brand?post=18572"},{"taxonomy":"product_cat","embeddable":true,"href":"https:\/\/www.lraloeverashop.eu\/fr\/wp-json\/wp\/v2\/product_cat?post=18572"},{"taxonomy":"product_tag","embeddable":true,"href":"https:\/\/www.lraloeverashop.eu\/fr\/wp-json\/wp\/v2\/product_tag?post=18572"}],"curies":[{"name":"wp","href":"https:\/\/api.w.org\/{rel}","templated":true}]}}