{"id":18536,"date":"2024-11-04T15:27:18","date_gmt":"2024-11-04T14:27:18","guid":{"rendered":"https:\/\/www.lraloeverashop.eu\/product\/set-soins-du-corps-au-cbd\/"},"modified":"2026-02-02T18:18:46","modified_gmt":"2026-02-02T17:18:46","slug":"set-soins-du-corps-au-cbd","status":"publish","type":"product","link":"https:\/\/www.lraloeverashop.eu\/fr\/produit\/set-soins-du-corps-au-cbd\/","title":{"rendered":"Set Soins du Corps au CBD"},"content":{"rendered":"<h2><strong><span style=\"font-size: 16pt;\">Set Soins du Corps au CBD<\/span><\/strong><\/h2>\n<p><strong><span style=\"font-size: 14pt;\">Set Soins du Corps au CBD et Aloe Vera pour un traitement bien-\u00eatre efficace<\/span><\/strong><\/p>\n<p>Peau stress\u00e9e, s\u00e8che et d\u00e9s\u00e9quilibr\u00e9e ? Il est temps de proc\u00e9der \u00e0 un traitement bien-\u00eatre efficace.<\/p>\n<p>L&#8217;huile de gel douche au CBD et \u00e0 l&#8217;Aloe Vera nettoie en douceur la peau stress\u00e9e sans la dess\u00e9cher. Elle apaise et prot\u00e8ge la peau de votre corps et lui apporte de l&#8217;hydratation.<\/p>\n<p>Le gommage corporel au CBD et \u00e0 l&#8217;Aloe Vera nettoie et nourrit en douceur la peau stress\u00e9e sans la dess\u00e9cher. Il apaise la peau de votre corps et affine le grain de peau de mani\u00e8re naturelle.<\/p>\n<p>Le s\u00e9rum visage au CBD et \u00e0 l&#8217;Aloe Vera traitera votre peau avec 50 % d&#8217;aloe vera, de l&#8217;huile de graines de cannabis sativa biologique et du CBD. Le secret de l&#8217;effet unique du nouveau s\u00e9rum biphas\u00e9 est la combinaison de 50 % de gel d&#8217;aloe vera hydratant et d&#8217;huile de graines de cannabis sativa biologique protectrice et de CBD.<\/p>\n<p>Offrez \u00e0 votre peau des soins apaisants et une r\u00e9g\u00e9n\u00e9ration avec le coffret de soins de la peau au CBD et \u00e0 l&#8217;Aloe Vera. Le secret de l\u2019effet unique du nouveau soin corporel premium \u00e0 l\u2019Aloe Vera CBD r\u00e9side dans la combinaison d\u2019aloe vera hydratant, d\u2019huile de graines de cannabis sativa biologique protectrice et de CBD. Pour une sensation de peau \u00e9quilibr\u00e9e, hydrat\u00e9e et d\u00e9tendue\u00a0!<\/p>\n<p>&nbsp;<\/p>\n<h3><span style=\"font-size: 16pt;\"><strong>Le saviez-vous?<\/strong><\/span><\/h3>\n<p>L\u2019huile de graines de cannabis sativa biologique est connue pour calmer la peau irrit\u00e9e et apaiser les irritations cutan\u00e9es gr\u00e2ce \u00e0 ses propri\u00e9t\u00e9s protectrices. Le CBD contenu dans l\u2019huile de cannabis a un effet relaxant sur la <a href=\"https:\/\/www.lraloeverashop.eu\/fr\/produit\/lr-cbd-roll-on-de-massage\/\">peau stress\u00e9e<\/a> sujette aux rougeurs et la prot\u00e8ge des influences environnementales ext\u00e9rieures.<\/p>\n<p>Le cannabidiol \u2013 CBD en abr\u00e9g\u00e9 \u2013 est un ingr\u00e9dient naturel issu de la plante de chanvre et est extrait de ses feuilles et de ses p\u00e9tioles. L\u2019huile de graines de cannabis sativa biologique m\u00e9lang\u00e9e au CBD peut particuli\u00e8rement bien soigner la peau stress\u00e9e gr\u00e2ce \u00e0 ses propri\u00e9t\u00e9s apaisantes pour la peau.<\/p>\n","protected":false},"excerpt":{"rendered":"<ul>\n<li><strong><span style=\"color: #ff0000;\">OFFRE LIMIT\u00c9E<\/span><\/strong><\/li>\n<li>S\u00e9rum de soin du visage en 2 phases pour les peaux stress\u00e9es<\/li>\n<li>L&#8217;huile de gel douche nettoie en douceur la peau stress\u00e9e et lui apporte beaucoup d&#8217;hydratation<\/li>\n<li>Le gommage corporel au sel de mer affine le teint et apaise la peau<\/li>\n<li>Avec 50 % de gel d&#8217;aloe vera, de l&#8217;huile de graines de cannabis sativa biologique et du CBD<\/li>\n<\/ul>\n<p style=\"text-align: left;\"><span style=\"color: #ff0000;\"><a style=\"color: #ff0000;\" href=\"https:\/\/shop.lrworld.com\/openpao?PHP=0vFlt7jT938BEnBI3a6e9w%3D%3D\"><span style=\"font-size: 14pt;\"><strong>Inscrivez-vous et \u00e9conomisez 35% sur chaque commande<\/strong><\/span><\/a><\/span><\/p>\n","protected":false},"featured_media":18248,"comment_status":"open","ping_status":"closed","template":"","meta":{"_kad_blocks_custom_css":"","_kad_blocks_head_custom_js":"","_kad_blocks_body_custom_js":"","_kad_blocks_footer_custom_js":"","_kadence_starter_templates_imported_post":false,"_kad_post_transparent":"default","_kad_post_title":"","_kad_post_layout":"default","_kad_post_sidebar_id":"","_kad_post_content_style":"default","_kad_post_vertical_padding":"default","_kad_post_feature":"","_kad_post_feature_position":"","_kad_post_header":false,"_kad_post_footer":false,"_kad_post_classname":""},"product_brand":[],"product_cat":[212,225,224,226,351],"product_tag":[579],"class_list":{"0":"post-18536","1":"product","2":"type-product","3":"status-publish","4":"has-post-thumbnail","6":"product_cat-aloe-vera-fr","7":"product_cat-cbd-fr","8":"product_cat-soins-du-corps","9":"product_cat-soins-du-visage","10":"product_cat-soldes","11":"product_tag-produits-cbd","13":"first","14":"outofstock","15":"sale","16":"taxable","17":"shipping-taxable","18":"purchasable","19":"product-type-simple","20":"entry","21":"content-bg","22":"loop-entry"},"yoast_head":"<!-- This site is optimized with the Yoast SEO Premium plugin v27.5 (Yoast SEO v27.5) - https:\/\/yoast.com\/product\/yoast-seo-premium-wordpress\/ -->\n<title>Set Soins du Corps au CBD<\/title>\n<meta name=\"description\" content=\"Dites adieu \u00e0 la peau stress\u00e9e et s\u00e8che avec notre Set Soins du Corps au CBD. Nettoyez, apaisez et hydratez en douceur pour une apparence saine et radieuse.\" \/>\n<meta name=\"robots\" content=\"index, follow, max-snippet:-1, max-image-preview:large, max-video-preview:-1\" \/>\n<link rel=\"canonical\" href=\"https:\/\/www.lraloeverashop.eu\/fr\/produit\/set-soins-du-corps-au-cbd\/\" \/>\n<meta property=\"og:locale\" content=\"fr_FR\" \/>\n<meta property=\"og:type\" content=\"article\" \/>\n<meta property=\"og:title\" content=\"Set Soins du Corps au CBD\" \/>\n<meta property=\"og:description\" content=\"Dites adieu \u00e0 la peau stress\u00e9e et s\u00e8che avec notre Set Soins du Corps au CBD. Nettoyez, apaisez et hydratez en douceur pour une apparence saine et radieuse.\" \/>\n<meta property=\"og:url\" content=\"https:\/\/www.lraloeverashop.eu\/fr\/produit\/set-soins-du-corps-au-cbd\/\" \/>\n<meta property=\"og:site_name\" content=\"Boutique Lr Aloe Vera\" \/>\n<meta property=\"article:publisher\" content=\"https:\/\/www.facebook.com\/lraloeverashop.eu\" \/>\n<meta property=\"article:modified_time\" content=\"2026-02-02T17:18:46+00:00\" \/>\n<meta property=\"og:image\" content=\"https:\/\/www.lraloeverashop.eu\/wp-content\/uploads\/2024\/11\/CBD-Skin-Care.jpg\" \/>\n\t<meta property=\"og:image:width\" content=\"1200\" \/>\n\t<meta property=\"og:image:height\" content=\"1200\" \/>\n\t<meta property=\"og:image:type\" content=\"image\/jpeg\" \/>\n<meta name=\"twitter:card\" content=\"summary_large_image\" \/>\n<meta name=\"twitter:site\" content=\"@natur__kosmetik\" \/>\n<script type=\"application\/ld+json\" class=\"yoast-schema-graph\">{\"@context\":\"https:\\\/\\\/schema.org\",\"@graph\":[{\"@type\":[\"WebPage\",\"ItemPage\"],\"@id\":\"https:\\\/\\\/www.lraloeverashop.eu\\\/fr\\\/produit\\\/set-soins-du-corps-au-cbd\\\/\",\"url\":\"https:\\\/\\\/www.lraloeverashop.eu\\\/fr\\\/produit\\\/set-soins-du-corps-au-cbd\\\/\",\"name\":\"Set Soins du Corps au CBD\",\"isPartOf\":{\"@id\":\"https:\\\/\\\/www.lraloeverashop.eu\\\/fr\\\/#website\"},\"primaryImageOfPage\":{\"@id\":\"https:\\\/\\\/www.lraloeverashop.eu\\\/fr\\\/produit\\\/set-soins-du-corps-au-cbd\\\/#primaryimage\"},\"image\":{\"@id\":\"https:\\\/\\\/www.lraloeverashop.eu\\\/fr\\\/produit\\\/set-soins-du-corps-au-cbd\\\/#primaryimage\"},\"thumbnailUrl\":\"https:\\\/\\\/www.lraloeverashop.eu\\\/wp-content\\\/uploads\\\/2024\\\/11\\\/CBD-Skin-Care.jpg\",\"datePublished\":\"2024-11-04T14:27:18+00:00\",\"dateModified\":\"2026-02-02T17:18:46+00:00\",\"description\":\"Dites adieu \u00e0 la peau stress\u00e9e et s\u00e8che avec notre Set Soins du Corps au CBD. Nettoyez, apaisez et hydratez en douceur pour une apparence saine et radieuse.\",\"breadcrumb\":{\"@id\":\"https:\\\/\\\/www.lraloeverashop.eu\\\/fr\\\/produit\\\/set-soins-du-corps-au-cbd\\\/#breadcrumb\"},\"inLanguage\":\"fr-FR\",\"potentialAction\":[{\"@type\":\"ReadAction\",\"target\":[\"https:\\\/\\\/www.lraloeverashop.eu\\\/fr\\\/produit\\\/set-soins-du-corps-au-cbd\\\/\"]}]},{\"@type\":\"ImageObject\",\"inLanguage\":\"fr-FR\",\"@id\":\"https:\\\/\\\/www.lraloeverashop.eu\\\/fr\\\/produit\\\/set-soins-du-corps-au-cbd\\\/#primaryimage\",\"url\":\"https:\\\/\\\/www.lraloeverashop.eu\\\/wp-content\\\/uploads\\\/2024\\\/11\\\/CBD-Skin-Care.jpg\",\"contentUrl\":\"https:\\\/\\\/www.lraloeverashop.eu\\\/wp-content\\\/uploads\\\/2024\\\/11\\\/CBD-Skin-Care.jpg\",\"width\":1200,\"height\":1200,\"caption\":\"Soins de la peau au CBD\"},{\"@type\":\"BreadcrumbList\",\"@id\":\"https:\\\/\\\/www.lraloeverashop.eu\\\/fr\\\/produit\\\/set-soins-du-corps-au-cbd\\\/#breadcrumb\",\"itemListElement\":[{\"@type\":\"ListItem\",\"position\":1,\"name\":\"Home\",\"item\":\"https:\\\/\\\/www.lraloeverashop.eu\\\/fr\\\/home\\\/\"},{\"@type\":\"ListItem\",\"position\":2,\"name\":\"Boutique\",\"item\":\"https:\\\/\\\/www.lraloeverashop.eu\\\/fr\\\/boutique\\\/\"},{\"@type\":\"ListItem\",\"position\":3,\"name\":\"Set Soins du Corps au CBD\"}]},{\"@type\":\"WebSite\",\"@id\":\"https:\\\/\\\/www.lraloeverashop.eu\\\/fr\\\/#website\",\"url\":\"https:\\\/\\\/www.lraloeverashop.eu\\\/fr\\\/\",\"name\":\"Boutique Lr Aloe Vera\",\"description\":\"High Quality Lr Aloe Vera Gel, Aloe Vera Cream and Shampoo\",\"publisher\":{\"@id\":\"https:\\\/\\\/www.lraloeverashop.eu\\\/fr\\\/#organization\"},\"alternateName\":\"LR\",\"potentialAction\":[{\"@type\":\"SearchAction\",\"target\":{\"@type\":\"EntryPoint\",\"urlTemplate\":\"https:\\\/\\\/www.lraloeverashop.eu\\\/fr\\\/?s={search_term_string}\"},\"query-input\":{\"@type\":\"PropertyValueSpecification\",\"valueRequired\":true,\"valueName\":\"search_term_string\"}}],\"inLanguage\":\"fr-FR\"},{\"@type\":\"Organization\",\"@id\":\"https:\\\/\\\/www.lraloeverashop.eu\\\/fr\\\/#organization\",\"name\":\"Boutique Lr Aloe Vera\",\"alternateName\":\"LR\",\"url\":\"https:\\\/\\\/www.lraloeverashop.eu\\\/fr\\\/\",\"logo\":{\"@type\":\"ImageObject\",\"inLanguage\":\"fr-FR\",\"@id\":\"https:\\\/\\\/www.lraloeverashop.eu\\\/fr\\\/#\\\/schema\\\/logo\\\/image\\\/\",\"url\":\"https:\\\/\\\/www.lraloeverashop.eu\\\/wp-content\\\/uploads\\\/2022\\\/09\\\/cropped-Lr-Aloe-Vera-Shop.jpg\",\"contentUrl\":\"https:\\\/\\\/www.lraloeverashop.eu\\\/wp-content\\\/uploads\\\/2022\\\/09\\\/cropped-Lr-Aloe-Vera-Shop.jpg\",\"width\":228,\"height\":76,\"caption\":\"Boutique Lr Aloe Vera\"},\"image\":{\"@id\":\"https:\\\/\\\/www.lraloeverashop.eu\\\/fr\\\/#\\\/schema\\\/logo\\\/image\\\/\"},\"sameAs\":[\"https:\\\/\\\/www.facebook.com\\\/lraloeverashop.eu\",\"https:\\\/\\\/x.com\\\/natur__kosmetik\",\"https:\\\/\\\/www.youtube.com\\\/channel\\\/UC5oN7BJ8nfYb8RpVtjwDEBA\",\"https:\\\/\\\/www.instagram.com\\\/lrbeautyeu\\\/\"],\"description\":\"La boutique LR Aloe Vera est votre destination de confiance pour les produits de sant\u00e9 et de beaut\u00e9 haut de gamme LR, fabriqu\u00e9s en Allemagne. Nous proposons des soins de la peau, des compl\u00e9ments nutritionnels et des solutions anti-\u00e2ge \u00e0 l'aloe vera de haute qualit\u00e9, \u00e9labor\u00e9s \u00e0 partir d'ingr\u00e9dients purs et valid\u00e9s par la recherche scientifique. D\u00e9couvrez des soins naturels qui r\u00e9g\u00e9n\u00e8rent, prot\u00e8gent et revitalisent votre peau, et profitez d'offres mensuelles exclusives sur nos produits LR Aloe Vera les plus vendus.\\n\\nCommencez d\u00e8s aujourd'hui votre parcours vers des soins naturels et constatez la diff\u00e9rence.\",\"email\":\"info@lraloeverashop.eu\",\"telephone\":\"+49 17670609653\",\"legalName\":\"Lr Aloe Vera Shop\",\"foundingDate\":\"2018-04-21\",\"numberOfEmployees\":{\"@type\":\"QuantitativeValue\",\"minValue\":\"1\",\"maxValue\":\"10\"}}]}<\/script>\n<meta property=\"product:price:amount\" content=\"53.99\" \/>\n<meta property=\"product:price:currency\" content=\"EUR\" \/>\n<meta property=\"og:availability\" content=\"out of stock\" \/>\n<meta property=\"product:availability\" content=\"out of stock\" \/>\n<meta property=\"product:retailer_item_id\" content=\"20853-1FR\" \/>\n<meta property=\"product:condition\" content=\"new\" \/>\n<!-- \/ Yoast SEO Premium plugin. -->","yoast_head_json":{"title":"Set Soins du Corps au CBD","description":"Dites adieu \u00e0 la peau stress\u00e9e et s\u00e8che avec notre Set Soins du Corps au CBD. Nettoyez, apaisez et hydratez en douceur pour une apparence saine et radieuse.","robots":{"index":"index","follow":"follow","max-snippet":"max-snippet:-1","max-image-preview":"max-image-preview:large","max-video-preview":"max-video-preview:-1"},"canonical":"https:\/\/www.lraloeverashop.eu\/fr\/produit\/set-soins-du-corps-au-cbd\/","og_locale":"fr_FR","og_type":"article","og_title":"Set Soins du Corps au CBD","og_description":"Dites adieu \u00e0 la peau stress\u00e9e et s\u00e8che avec notre Set Soins du Corps au CBD. Nettoyez, apaisez et hydratez en douceur pour une apparence saine et radieuse.","og_url":"https:\/\/www.lraloeverashop.eu\/fr\/produit\/set-soins-du-corps-au-cbd\/","og_site_name":"Boutique Lr Aloe Vera","article_publisher":"https:\/\/www.facebook.com\/lraloeverashop.eu","article_modified_time":"2026-02-02T17:18:46+00:00","og_image":[{"width":1200,"height":1200,"url":"https:\/\/www.lraloeverashop.eu\/wp-content\/uploads\/2024\/11\/CBD-Skin-Care.jpg","type":"image\/jpeg"}],"twitter_card":"summary_large_image","twitter_site":"@natur__kosmetik","schema":{"@context":"https:\/\/schema.org","@graph":[{"@type":["WebPage","ItemPage"],"@id":"https:\/\/www.lraloeverashop.eu\/fr\/produit\/set-soins-du-corps-au-cbd\/","url":"https:\/\/www.lraloeverashop.eu\/fr\/produit\/set-soins-du-corps-au-cbd\/","name":"Set Soins du Corps au CBD","isPartOf":{"@id":"https:\/\/www.lraloeverashop.eu\/fr\/#website"},"primaryImageOfPage":{"@id":"https:\/\/www.lraloeverashop.eu\/fr\/produit\/set-soins-du-corps-au-cbd\/#primaryimage"},"image":{"@id":"https:\/\/www.lraloeverashop.eu\/fr\/produit\/set-soins-du-corps-au-cbd\/#primaryimage"},"thumbnailUrl":"https:\/\/www.lraloeverashop.eu\/wp-content\/uploads\/2024\/11\/CBD-Skin-Care.jpg","datePublished":"2024-11-04T14:27:18+00:00","dateModified":"2026-02-02T17:18:46+00:00","description":"Dites adieu \u00e0 la peau stress\u00e9e et s\u00e8che avec notre Set Soins du Corps au CBD. Nettoyez, apaisez et hydratez en douceur pour une apparence saine et radieuse.","breadcrumb":{"@id":"https:\/\/www.lraloeverashop.eu\/fr\/produit\/set-soins-du-corps-au-cbd\/#breadcrumb"},"inLanguage":"fr-FR","potentialAction":[{"@type":"ReadAction","target":["https:\/\/www.lraloeverashop.eu\/fr\/produit\/set-soins-du-corps-au-cbd\/"]}]},{"@type":"ImageObject","inLanguage":"fr-FR","@id":"https:\/\/www.lraloeverashop.eu\/fr\/produit\/set-soins-du-corps-au-cbd\/#primaryimage","url":"https:\/\/www.lraloeverashop.eu\/wp-content\/uploads\/2024\/11\/CBD-Skin-Care.jpg","contentUrl":"https:\/\/www.lraloeverashop.eu\/wp-content\/uploads\/2024\/11\/CBD-Skin-Care.jpg","width":1200,"height":1200,"caption":"Soins de la peau au CBD"},{"@type":"BreadcrumbList","@id":"https:\/\/www.lraloeverashop.eu\/fr\/produit\/set-soins-du-corps-au-cbd\/#breadcrumb","itemListElement":[{"@type":"ListItem","position":1,"name":"Home","item":"https:\/\/www.lraloeverashop.eu\/fr\/home\/"},{"@type":"ListItem","position":2,"name":"Boutique","item":"https:\/\/www.lraloeverashop.eu\/fr\/boutique\/"},{"@type":"ListItem","position":3,"name":"Set Soins du Corps au CBD"}]},{"@type":"WebSite","@id":"https:\/\/www.lraloeverashop.eu\/fr\/#website","url":"https:\/\/www.lraloeverashop.eu\/fr\/","name":"Boutique Lr Aloe Vera","description":"High Quality Lr Aloe Vera Gel, Aloe Vera Cream and Shampoo","publisher":{"@id":"https:\/\/www.lraloeverashop.eu\/fr\/#organization"},"alternateName":"LR","potentialAction":[{"@type":"SearchAction","target":{"@type":"EntryPoint","urlTemplate":"https:\/\/www.lraloeverashop.eu\/fr\/?s={search_term_string}"},"query-input":{"@type":"PropertyValueSpecification","valueRequired":true,"valueName":"search_term_string"}}],"inLanguage":"fr-FR"},{"@type":"Organization","@id":"https:\/\/www.lraloeverashop.eu\/fr\/#organization","name":"Boutique Lr Aloe Vera","alternateName":"LR","url":"https:\/\/www.lraloeverashop.eu\/fr\/","logo":{"@type":"ImageObject","inLanguage":"fr-FR","@id":"https:\/\/www.lraloeverashop.eu\/fr\/#\/schema\/logo\/image\/","url":"https:\/\/www.lraloeverashop.eu\/wp-content\/uploads\/2022\/09\/cropped-Lr-Aloe-Vera-Shop.jpg","contentUrl":"https:\/\/www.lraloeverashop.eu\/wp-content\/uploads\/2022\/09\/cropped-Lr-Aloe-Vera-Shop.jpg","width":228,"height":76,"caption":"Boutique Lr Aloe Vera"},"image":{"@id":"https:\/\/www.lraloeverashop.eu\/fr\/#\/schema\/logo\/image\/"},"sameAs":["https:\/\/www.facebook.com\/lraloeverashop.eu","https:\/\/x.com\/natur__kosmetik","https:\/\/www.youtube.com\/channel\/UC5oN7BJ8nfYb8RpVtjwDEBA","https:\/\/www.instagram.com\/lrbeautyeu\/"],"description":"La boutique LR Aloe Vera est votre destination de confiance pour les produits de sant\u00e9 et de beaut\u00e9 haut de gamme LR, fabriqu\u00e9s en Allemagne. Nous proposons des soins de la peau, des compl\u00e9ments nutritionnels et des solutions anti-\u00e2ge \u00e0 l'aloe vera de haute qualit\u00e9, \u00e9labor\u00e9s \u00e0 partir d'ingr\u00e9dients purs et valid\u00e9s par la recherche scientifique. D\u00e9couvrez des soins naturels qui r\u00e9g\u00e9n\u00e8rent, prot\u00e8gent et revitalisent votre peau, et profitez d'offres mensuelles exclusives sur nos produits LR Aloe Vera les plus vendus.\n\nCommencez d\u00e8s aujourd'hui votre parcours vers des soins naturels et constatez la diff\u00e9rence.","email":"info@lraloeverashop.eu","telephone":"+49 17670609653","legalName":"Lr Aloe Vera Shop","foundingDate":"2018-04-21","numberOfEmployees":{"@type":"QuantitativeValue","minValue":"1","maxValue":"10"}}]},"product_price_amount":"53.99","product_price_currency":"EUR","og_availability":"out of stock","product_availability":"out of stock","product_retailer_item_id":"20853-1FR","product_condition":"new"},"taxonomy_info":{"product_cat":[{"value":212,"label":"Aloe Vera"},{"value":225,"label":"CBD"},{"value":224,"label":"Soins du corps"},{"value":226,"label":"Soins du visage"},{"value":351,"label":"Soldes"}],"product_tag":[{"value":579,"label":"Produits CBD"}]},"featured_image_src_large":["https:\/\/www.lraloeverashop.eu\/wp-content\/uploads\/2024\/11\/CBD-Skin-Care-1024x1024.jpg",1024,1024,true],"author_info":[],"comment_info":0,"_links":{"self":[{"href":"https:\/\/www.lraloeverashop.eu\/fr\/wp-json\/wp\/v2\/product\/18536","targetHints":{"allow":["GET"]}}],"collection":[{"href":"https:\/\/www.lraloeverashop.eu\/fr\/wp-json\/wp\/v2\/product"}],"about":[{"href":"https:\/\/www.lraloeverashop.eu\/fr\/wp-json\/wp\/v2\/types\/product"}],"replies":[{"embeddable":true,"href":"https:\/\/www.lraloeverashop.eu\/fr\/wp-json\/wp\/v2\/comments?post=18536"}],"wp:featuredmedia":[{"embeddable":true,"href":"https:\/\/www.lraloeverashop.eu\/fr\/wp-json\/wp\/v2\/media\/18248"}],"wp:attachment":[{"href":"https:\/\/www.lraloeverashop.eu\/fr\/wp-json\/wp\/v2\/media?parent=18536"}],"wp:term":[{"taxonomy":"product_brand","embeddable":true,"href":"https:\/\/www.lraloeverashop.eu\/fr\/wp-json\/wp\/v2\/product_brand?post=18536"},{"taxonomy":"product_cat","embeddable":true,"href":"https:\/\/www.lraloeverashop.eu\/fr\/wp-json\/wp\/v2\/product_cat?post=18536"},{"taxonomy":"product_tag","embeddable":true,"href":"https:\/\/www.lraloeverashop.eu\/fr\/wp-json\/wp\/v2\/product_tag?post=18536"}],"curies":[{"name":"wp","href":"https:\/\/api.w.org\/{rel}","templated":true}]}}