{"id":18330,"date":"2024-11-04T18:29:02","date_gmt":"2024-11-04T17:29:02","guid":{"rendered":"https:\/\/www.lraloeverashop.eu\/product\/kit-soins-visage-nanogold\/"},"modified":"2026-02-02T18:17:32","modified_gmt":"2026-02-02T17:17:32","slug":"kit-soins-visage-nanogold","status":"publish","type":"product","link":"https:\/\/www.lraloeverashop.eu\/fr\/produit\/kit-soins-visage-nanogold\/","title":{"rendered":"Kit Soins Visage NanoGold"},"content":{"rendered":"<h2><span style=\"font-size: 16pt;\"><strong>Kit Soins Visage NanoGold<\/strong><\/span><\/h2>\n<p><span style=\"font-size: 14pt;\"><strong>Kit Soins Visage Nanogold pour un soin du visage de haute qualit\u00e9<\/strong><\/span><\/p>\n<p>La Cr\u00e8me de Jour Nanogold prot\u00e8ge la peau et pr\u00e9vient le vieillissement pr\u00e9matur\u00e9. La texture soyeuse et luxueuse de la cr\u00e8me augmente l&rsquo;\u00e9lasticit\u00e9 et la r\u00e9sistance de la peau et renforce sa barri\u00e8re d&rsquo;hydratation. L\u2019huile de noyau d\u2019abricot, les prot\u00e9ines, glycoprot\u00e9ines et polysaccharides de soja stimulent les fonctions r\u00e9g\u00e9n\u00e9ratives de la peau et favorisent la formation de collag\u00e8ne, am\u00e9liorant ainsi sa r\u00e9sistance.<\/p>\n<p>La Cr\u00e8me de Nuit Nanogold est une cr\u00e8me de haute qualit\u00e9 qui nourrit et r\u00e9g\u00e9n\u00e8re la peau durant la nuit. Gr\u00e2ce \u00e0 l\u2019extrait d\u2019Euglena Gracilis de micro-algue, la riche cr\u00e8me de nuit aide \u00e0 soutenir la r\u00e9g\u00e9n\u00e9ration naturelle de la peau et am\u00e9liore sa structure, de sorte que les rides et les ridules sont visiblement r\u00e9duites.<\/p>\n<p>La Cr\u00e8me &amp; Masque pour les Yeux Nanogold, enrichie en particules d\u2019or et en soie, pour les peaux jusqu&rsquo;\u00e0 40 ans, r\u00e9duit visiblement les rides. Les particules d\u2019or, bas\u00e9es sur un booster de collag\u00e8ne, am\u00e9liorent l&rsquo;\u00e9lasticit\u00e9 de la peau. Les prot\u00e9ines de soie assurent une sensation de peau douce et prot\u00e8gent la peau des influences environnementales.<\/p>\n<p>La combinaison d\u2019huile de jojoba, d\u2019huile d\u2019olive, de beurre de karit\u00e9 et de vitamine E rend votre peau plus lisse, plus fra\u00eeche et plus d\u00e9tendue \u2013 comme si vous aviez dormi un peu plus longtemps. Pour une peau r\u00e9g\u00e9n\u00e9r\u00e9e et liss\u00e9e avec un teint frais.<\/p>\n<h3><span style=\"font-size: 16pt;\"><strong>Kit Anti-\u00c2ge pour femmes<\/strong><\/span><\/h3>\n<p>\u2026 \u00e0 partir de 30 ans<br \/>\n\u2026 souhaitant pr\u00e9venir les premi\u00e8res rides<br \/>\n\u2026 qui veulent prot\u00e9ger leur peau du vieillissement<br \/>\n\u2026 attachant de l&rsquo;importance \u00e0 un soin du visage de haute qualit\u00e9<\/p>\n<p>&nbsp;<\/p>\n<h4><strong><span style=\"font-size: 16pt;\">Mode d\u2019Utilisation<\/span><\/strong><\/h4>\n<p>Appliquez la Cr\u00e8me de Jour Anti-\u00c2ge Nanogold chaque matin apr\u00e8s le nettoyage du visage. Ensuite, vous pouvez poursuivre avec votre maquillage.<br \/>\nLa Cr\u00e8me de Nuit Nanogold doit \u00eatre appliqu\u00e9e g\u00e9n\u00e9reusement chaque soir sur un visage propre.<\/p>\n<p><span style=\"font-size: 14pt;\"><strong>Pour une efficacit\u00e9 maximale de l\u2019Ensemble de Soins Visage Nanogold, utilisez-le en combinaison avec l\u2019Outil Lissant pour le Visage:<\/strong><\/span><\/p>\n<p><strong>\u00c9TAPE 1:<\/strong> Nettoyez votre peau avec l\u2019Outil de Nettoyage du Visage ou l\u2019Outil de Peeling pour le Visage.<\/p>\n<p><strong>\u00c9TAPE 2:<\/strong> Appliquez votre Cr\u00e8me Nanogold et massez-la en utilisant l\u2019Outil Lissant pour le Visage. Traitez les c\u00f4t\u00e9s gauche et droit du visage ainsi que le front pendant 30 secondes chacun. Faites attention aux mouvements circulaires de l&rsquo;int\u00e9rieur vers l&rsquo;ext\u00e9rieur et de bas en haut.<\/p>\n","protected":false},"excerpt":{"rendered":"<ul>\n<li><strong><span style=\"color: #ff0000;\">Offre Limit\u00e9e<br \/>\n<\/span><\/strong><\/li>\n<li>Kit de soins anti-\u00e2ge luxueux<\/li>\n<li>Contre le vieillissement pr\u00e9matur\u00e9 de la peau<\/li>\n<li>Contient 1 x cr\u00e8me de jour, 1 x cr\u00e8me de nuit et 1 x cr\u00e8me pour les yeux<\/li>\n<li>Soin de haute qualit\u00e9 avec des prot\u00e9ines d\u2019or et de soie<\/li>\n<li>Fabriqu\u00e9 en Allemagne<\/li>\n<\/ul>\n<p style=\"text-align: left;\"><span style=\"color: #ff0000;\"><a style=\"color: #ff0000;\" href=\"https:\/\/shop.lrworld.com\/openpao?PHP=0vFlt7jT938BEnBI3a6e9w%3D%3D\"><span style=\"font-size: 14pt;\"><strong>Inscrivez-vous et \u00e9conomisez 35% sur chaque commande<\/strong><\/span><\/a><\/span><\/p>\n","protected":false},"featured_media":18290,"comment_status":"open","ping_status":"closed","template":"","meta":{"_kad_blocks_custom_css":"","_kad_blocks_head_custom_js":"","_kad_blocks_body_custom_js":"","_kad_blocks_footer_custom_js":"","_kadence_starter_templates_imported_post":false,"_kad_post_transparent":"default","_kad_post_title":"","_kad_post_layout":"default","_kad_post_sidebar_id":"","_kad_post_content_style":"default","_kad_post_vertical_padding":"default","_kad_post_feature":"","_kad_post_feature_position":"","_kad_post_header":false,"_kad_post_footer":false,"_kad_post_classname":""},"product_brand":[],"product_cat":[284,368,266],"product_tag":[698,699],"class_list":{"0":"post-18330","1":"product","2":"type-product","3":"status-publish","4":"has-post-thumbnail","6":"product_cat-femmes-jusqua-40-ans","7":"product_cat-nano-gold-fr","8":"product_cat-soins-anti-age","9":"product_tag-pour-les-rides-du-visage","10":"product_tag-pour-les-rides-sous-les-yeux","12":"first","13":"instock","14":"taxable","15":"shipping-taxable","16":"purchasable","17":"product-type-simple","18":"entry","19":"content-bg","20":"loop-entry"},"yoast_head":"<!-- This site is optimized with the Yoast SEO Premium plugin v27.4 (Yoast SEO v27.4) - https:\/\/yoast.com\/product\/yoast-seo-premium-wordpress\/ -->\n<title>Kit Soins Visage Nanogold pour un soin du visage de haute qualit\u00e9.<\/title>\n<meta name=\"description\" content=\"D\u00e9couvrez des soins du visage de haute qualit\u00e9 avec Kit Soins Visage Nanogold. Prot\u00e9gez votre peau, stimulez la r\u00e9g\u00e9n\u00e9ration et r\u00e9duisez les rides. Obtenez le v\u00f4tre maintenant !\" \/>\n<meta name=\"robots\" content=\"index, follow, max-snippet:-1, max-image-preview:large, max-video-preview:-1\" \/>\n<link rel=\"canonical\" href=\"https:\/\/www.lraloeverashop.eu\/fr\/produit\/kit-soins-visage-nanogold\/\" \/>\n<meta property=\"og:locale\" content=\"fr_FR\" \/>\n<meta property=\"og:type\" content=\"article\" \/>\n<meta property=\"og:title\" content=\"Kit Soins Visage NanoGold\" \/>\n<meta property=\"og:description\" content=\"D\u00e9couvrez des soins du visage de haute qualit\u00e9 avec Kit Soins Visage Nanogold. Prot\u00e9gez votre peau, stimulez la r\u00e9g\u00e9n\u00e9ration et r\u00e9duisez les rides. Obtenez le v\u00f4tre maintenant !\" \/>\n<meta property=\"og:url\" content=\"https:\/\/www.lraloeverashop.eu\/fr\/produit\/kit-soins-visage-nanogold\/\" \/>\n<meta property=\"og:site_name\" content=\"Boutique Lr Aloe Vera\" \/>\n<meta property=\"article:publisher\" content=\"https:\/\/www.facebook.com\/lraloeverashop.eu\" \/>\n<meta property=\"article:modified_time\" content=\"2026-02-02T17:17:32+00:00\" \/>\n<meta property=\"og:image\" content=\"https:\/\/www.lraloeverashop.eu\/wp-content\/uploads\/2024\/11\/Nano-Gold-Face-Care.jpg\" \/>\n\t<meta property=\"og:image:width\" content=\"1200\" \/>\n\t<meta property=\"og:image:height\" content=\"1200\" \/>\n\t<meta property=\"og:image:type\" content=\"image\/jpeg\" \/>\n<meta name=\"twitter:card\" content=\"summary_large_image\" \/>\n<meta name=\"twitter:site\" content=\"@natur__kosmetik\" \/>\n<script type=\"application\/ld+json\" class=\"yoast-schema-graph\">{\"@context\":\"https:\\\/\\\/schema.org\",\"@graph\":[{\"@type\":[\"WebPage\",\"ItemPage\"],\"@id\":\"https:\\\/\\\/www.lraloeverashop.eu\\\/fr\\\/produit\\\/kit-soins-visage-nanogold\\\/\",\"url\":\"https:\\\/\\\/www.lraloeverashop.eu\\\/fr\\\/produit\\\/kit-soins-visage-nanogold\\\/\",\"name\":\"Kit Soins Visage Nanogold pour un soin du visage de haute qualit\u00e9.\",\"isPartOf\":{\"@id\":\"https:\\\/\\\/www.lraloeverashop.eu\\\/fr\\\/#website\"},\"primaryImageOfPage\":{\"@id\":\"https:\\\/\\\/www.lraloeverashop.eu\\\/fr\\\/produit\\\/kit-soins-visage-nanogold\\\/#primaryimage\"},\"image\":{\"@id\":\"https:\\\/\\\/www.lraloeverashop.eu\\\/fr\\\/produit\\\/kit-soins-visage-nanogold\\\/#primaryimage\"},\"thumbnailUrl\":\"https:\\\/\\\/www.lraloeverashop.eu\\\/wp-content\\\/uploads\\\/2024\\\/11\\\/Nano-Gold-Face-Care.jpg\",\"datePublished\":\"2024-11-04T17:29:02+00:00\",\"dateModified\":\"2026-02-02T17:17:32+00:00\",\"description\":\"D\u00e9couvrez des soins du visage de haute qualit\u00e9 avec Kit Soins Visage Nanogold. Prot\u00e9gez votre peau, stimulez la r\u00e9g\u00e9n\u00e9ration et r\u00e9duisez les rides. Obtenez le v\u00f4tre maintenant !\",\"breadcrumb\":{\"@id\":\"https:\\\/\\\/www.lraloeverashop.eu\\\/fr\\\/produit\\\/kit-soins-visage-nanogold\\\/#breadcrumb\"},\"inLanguage\":\"fr-FR\",\"potentialAction\":[{\"@type\":\"ReadAction\",\"target\":[\"https:\\\/\\\/www.lraloeverashop.eu\\\/fr\\\/produit\\\/kit-soins-visage-nanogold\\\/\"]}]},{\"@type\":\"ImageObject\",\"inLanguage\":\"fr-FR\",\"@id\":\"https:\\\/\\\/www.lraloeverashop.eu\\\/fr\\\/produit\\\/kit-soins-visage-nanogold\\\/#primaryimage\",\"url\":\"https:\\\/\\\/www.lraloeverashop.eu\\\/wp-content\\\/uploads\\\/2024\\\/11\\\/Nano-Gold-Face-Care.jpg\",\"contentUrl\":\"https:\\\/\\\/www.lraloeverashop.eu\\\/wp-content\\\/uploads\\\/2024\\\/11\\\/Nano-Gold-Face-Care.jpg\",\"width\":1200,\"height\":1200,\"caption\":\"Soins du visage Nano Gold\"},{\"@type\":\"BreadcrumbList\",\"@id\":\"https:\\\/\\\/www.lraloeverashop.eu\\\/fr\\\/produit\\\/kit-soins-visage-nanogold\\\/#breadcrumb\",\"itemListElement\":[{\"@type\":\"ListItem\",\"position\":1,\"name\":\"Home\",\"item\":\"https:\\\/\\\/www.lraloeverashop.eu\\\/fr\\\/\"},{\"@type\":\"ListItem\",\"position\":2,\"name\":\"Boutique\",\"item\":\"https:\\\/\\\/www.lraloeverashop.eu\\\/fr\\\/boutique\\\/\"},{\"@type\":\"ListItem\",\"position\":3,\"name\":\"Kit Soins Visage NanoGold\"}]},{\"@type\":\"WebSite\",\"@id\":\"https:\\\/\\\/www.lraloeverashop.eu\\\/fr\\\/#website\",\"url\":\"https:\\\/\\\/www.lraloeverashop.eu\\\/fr\\\/\",\"name\":\"Boutique Lr Aloe Vera\",\"description\":\"High Quality Lr Aloe Vera Gel, Aloe Vera Cream and Shampoo\",\"publisher\":{\"@id\":\"https:\\\/\\\/www.lraloeverashop.eu\\\/fr\\\/#organization\"},\"potentialAction\":[{\"@type\":\"SearchAction\",\"target\":{\"@type\":\"EntryPoint\",\"urlTemplate\":\"https:\\\/\\\/www.lraloeverashop.eu\\\/fr\\\/?s={search_term_string}\"},\"query-input\":{\"@type\":\"PropertyValueSpecification\",\"valueRequired\":true,\"valueName\":\"search_term_string\"}}],\"inLanguage\":\"fr-FR\"},{\"@type\":\"Organization\",\"@id\":\"https:\\\/\\\/www.lraloeverashop.eu\\\/fr\\\/#organization\",\"name\":\"Boutique Lr Aloe Vera\",\"alternateName\":\"LR\",\"url\":\"https:\\\/\\\/www.lraloeverashop.eu\\\/fr\\\/\",\"logo\":{\"@type\":\"ImageObject\",\"inLanguage\":\"fr-FR\",\"@id\":\"https:\\\/\\\/www.lraloeverashop.eu\\\/fr\\\/#\\\/schema\\\/logo\\\/image\\\/\",\"url\":\"https:\\\/\\\/www.lraloeverashop.eu\\\/wp-content\\\/uploads\\\/2022\\\/09\\\/cropped-Lr-Aloe-Vera-Shop.jpg\",\"contentUrl\":\"https:\\\/\\\/www.lraloeverashop.eu\\\/wp-content\\\/uploads\\\/2022\\\/09\\\/cropped-Lr-Aloe-Vera-Shop.jpg\",\"width\":228,\"height\":76,\"caption\":\"Boutique Lr Aloe Vera\"},\"image\":{\"@id\":\"https:\\\/\\\/www.lraloeverashop.eu\\\/fr\\\/#\\\/schema\\\/logo\\\/image\\\/\"},\"sameAs\":[\"https:\\\/\\\/www.facebook.com\\\/lraloeverashop.eu\",\"https:\\\/\\\/x.com\\\/natur__kosmetik\",\"https:\\\/\\\/www.youtube.com\\\/channel\\\/UC5oN7BJ8nfYb8RpVtjwDEBA\",\"https:\\\/\\\/www.instagram.com\\\/lrbeautyeu\\\/\"],\"description\":\"La boutique LR Aloe Vera est votre destination de confiance pour les produits de sant\u00e9 et de beaut\u00e9 haut de gamme LR, fabriqu\u00e9s en Allemagne. Nous proposons des soins de la peau, des compl\u00e9ments nutritionnels et des solutions anti-\u00e2ge \u00e0 l'aloe vera de haute qualit\u00e9, \u00e9labor\u00e9s \u00e0 partir d'ingr\u00e9dients purs et valid\u00e9s par la recherche scientifique. D\u00e9couvrez des soins naturels qui r\u00e9g\u00e9n\u00e8rent, prot\u00e8gent et revitalisent votre peau, et profitez d'offres mensuelles exclusives sur nos produits LR Aloe Vera les plus vendus.\\n\\nCommencez d\u00e8s aujourd'hui votre parcours vers des soins naturels et constatez la diff\u00e9rence.\",\"email\":\"info@lraloeverashop.eu\",\"telephone\":\"+49 17670609653\",\"legalName\":\"Lr Aloe Vera Shop\",\"foundingDate\":\"2018-04-21\",\"numberOfEmployees\":{\"@type\":\"QuantitativeValue\",\"minValue\":\"1\",\"maxValue\":\"10\"}}]}<\/script>\n<meta property=\"product:price:amount\" content=\"129.99\" \/>\n<meta property=\"product:price:currency\" content=\"EUR\" \/>\n<meta property=\"og:availability\" content=\"instock\" \/>\n<meta property=\"product:availability\" content=\"instock\" \/>\n<meta property=\"product:retailer_item_id\" content=\"28195-1FR\" \/>\n<meta property=\"product:condition\" content=\"new\" \/>\n<!-- \/ Yoast SEO Premium plugin. -->","yoast_head_json":{"title":"Kit Soins Visage Nanogold pour un soin du visage de haute qualit\u00e9.","description":"D\u00e9couvrez des soins du visage de haute qualit\u00e9 avec Kit Soins Visage Nanogold. Prot\u00e9gez votre peau, stimulez la r\u00e9g\u00e9n\u00e9ration et r\u00e9duisez les rides. Obtenez le v\u00f4tre maintenant !","robots":{"index":"index","follow":"follow","max-snippet":"max-snippet:-1","max-image-preview":"max-image-preview:large","max-video-preview":"max-video-preview:-1"},"canonical":"https:\/\/www.lraloeverashop.eu\/fr\/produit\/kit-soins-visage-nanogold\/","og_locale":"fr_FR","og_type":"article","og_title":"Kit Soins Visage NanoGold","og_description":"D\u00e9couvrez des soins du visage de haute qualit\u00e9 avec Kit Soins Visage Nanogold. Prot\u00e9gez votre peau, stimulez la r\u00e9g\u00e9n\u00e9ration et r\u00e9duisez les rides. Obtenez le v\u00f4tre maintenant !","og_url":"https:\/\/www.lraloeverashop.eu\/fr\/produit\/kit-soins-visage-nanogold\/","og_site_name":"Boutique Lr Aloe Vera","article_publisher":"https:\/\/www.facebook.com\/lraloeverashop.eu","article_modified_time":"2026-02-02T17:17:32+00:00","og_image":[{"width":1200,"height":1200,"url":"https:\/\/www.lraloeverashop.eu\/wp-content\/uploads\/2024\/11\/Nano-Gold-Face-Care.jpg","type":"image\/jpeg"}],"twitter_card":"summary_large_image","twitter_site":"@natur__kosmetik","schema":{"@context":"https:\/\/schema.org","@graph":[{"@type":["WebPage","ItemPage"],"@id":"https:\/\/www.lraloeverashop.eu\/fr\/produit\/kit-soins-visage-nanogold\/","url":"https:\/\/www.lraloeverashop.eu\/fr\/produit\/kit-soins-visage-nanogold\/","name":"Kit Soins Visage Nanogold pour un soin du visage de haute qualit\u00e9.","isPartOf":{"@id":"https:\/\/www.lraloeverashop.eu\/fr\/#website"},"primaryImageOfPage":{"@id":"https:\/\/www.lraloeverashop.eu\/fr\/produit\/kit-soins-visage-nanogold\/#primaryimage"},"image":{"@id":"https:\/\/www.lraloeverashop.eu\/fr\/produit\/kit-soins-visage-nanogold\/#primaryimage"},"thumbnailUrl":"https:\/\/www.lraloeverashop.eu\/wp-content\/uploads\/2024\/11\/Nano-Gold-Face-Care.jpg","datePublished":"2024-11-04T17:29:02+00:00","dateModified":"2026-02-02T17:17:32+00:00","description":"D\u00e9couvrez des soins du visage de haute qualit\u00e9 avec Kit Soins Visage Nanogold. Prot\u00e9gez votre peau, stimulez la r\u00e9g\u00e9n\u00e9ration et r\u00e9duisez les rides. Obtenez le v\u00f4tre maintenant !","breadcrumb":{"@id":"https:\/\/www.lraloeverashop.eu\/fr\/produit\/kit-soins-visage-nanogold\/#breadcrumb"},"inLanguage":"fr-FR","potentialAction":[{"@type":"ReadAction","target":["https:\/\/www.lraloeverashop.eu\/fr\/produit\/kit-soins-visage-nanogold\/"]}]},{"@type":"ImageObject","inLanguage":"fr-FR","@id":"https:\/\/www.lraloeverashop.eu\/fr\/produit\/kit-soins-visage-nanogold\/#primaryimage","url":"https:\/\/www.lraloeverashop.eu\/wp-content\/uploads\/2024\/11\/Nano-Gold-Face-Care.jpg","contentUrl":"https:\/\/www.lraloeverashop.eu\/wp-content\/uploads\/2024\/11\/Nano-Gold-Face-Care.jpg","width":1200,"height":1200,"caption":"Soins du visage Nano Gold"},{"@type":"BreadcrumbList","@id":"https:\/\/www.lraloeverashop.eu\/fr\/produit\/kit-soins-visage-nanogold\/#breadcrumb","itemListElement":[{"@type":"ListItem","position":1,"name":"Home","item":"https:\/\/www.lraloeverashop.eu\/fr\/"},{"@type":"ListItem","position":2,"name":"Boutique","item":"https:\/\/www.lraloeverashop.eu\/fr\/boutique\/"},{"@type":"ListItem","position":3,"name":"Kit Soins Visage NanoGold"}]},{"@type":"WebSite","@id":"https:\/\/www.lraloeverashop.eu\/fr\/#website","url":"https:\/\/www.lraloeverashop.eu\/fr\/","name":"Boutique Lr Aloe Vera","description":"High Quality Lr Aloe Vera Gel, Aloe Vera Cream and Shampoo","publisher":{"@id":"https:\/\/www.lraloeverashop.eu\/fr\/#organization"},"potentialAction":[{"@type":"SearchAction","target":{"@type":"EntryPoint","urlTemplate":"https:\/\/www.lraloeverashop.eu\/fr\/?s={search_term_string}"},"query-input":{"@type":"PropertyValueSpecification","valueRequired":true,"valueName":"search_term_string"}}],"inLanguage":"fr-FR"},{"@type":"Organization","@id":"https:\/\/www.lraloeverashop.eu\/fr\/#organization","name":"Boutique Lr Aloe Vera","alternateName":"LR","url":"https:\/\/www.lraloeverashop.eu\/fr\/","logo":{"@type":"ImageObject","inLanguage":"fr-FR","@id":"https:\/\/www.lraloeverashop.eu\/fr\/#\/schema\/logo\/image\/","url":"https:\/\/www.lraloeverashop.eu\/wp-content\/uploads\/2022\/09\/cropped-Lr-Aloe-Vera-Shop.jpg","contentUrl":"https:\/\/www.lraloeverashop.eu\/wp-content\/uploads\/2022\/09\/cropped-Lr-Aloe-Vera-Shop.jpg","width":228,"height":76,"caption":"Boutique Lr Aloe Vera"},"image":{"@id":"https:\/\/www.lraloeverashop.eu\/fr\/#\/schema\/logo\/image\/"},"sameAs":["https:\/\/www.facebook.com\/lraloeverashop.eu","https:\/\/x.com\/natur__kosmetik","https:\/\/www.youtube.com\/channel\/UC5oN7BJ8nfYb8RpVtjwDEBA","https:\/\/www.instagram.com\/lrbeautyeu\/"],"description":"La boutique LR Aloe Vera est votre destination de confiance pour les produits de sant\u00e9 et de beaut\u00e9 haut de gamme LR, fabriqu\u00e9s en Allemagne. Nous proposons des soins de la peau, des compl\u00e9ments nutritionnels et des solutions anti-\u00e2ge \u00e0 l'aloe vera de haute qualit\u00e9, \u00e9labor\u00e9s \u00e0 partir d'ingr\u00e9dients purs et valid\u00e9s par la recherche scientifique. D\u00e9couvrez des soins naturels qui r\u00e9g\u00e9n\u00e8rent, prot\u00e8gent et revitalisent votre peau, et profitez d'offres mensuelles exclusives sur nos produits LR Aloe Vera les plus vendus.\n\nCommencez d\u00e8s aujourd'hui votre parcours vers des soins naturels et constatez la diff\u00e9rence.","email":"info@lraloeverashop.eu","telephone":"+49 17670609653","legalName":"Lr Aloe Vera Shop","foundingDate":"2018-04-21","numberOfEmployees":{"@type":"QuantitativeValue","minValue":"1","maxValue":"10"}}]},"product_price_amount":"129.99","product_price_currency":"EUR","og_availability":"instock","product_availability":"instock","product_retailer_item_id":"28195-1FR","product_condition":"new"},"taxonomy_info":{"product_cat":[{"value":284,"label":"Femmes jusqu'\u00e0 40 ans"},{"value":368,"label":"Nano Gold"},{"value":266,"label":"Soins anti-\u00e2ge"}],"product_tag":[{"value":698,"label":"pour les rides du visage"},{"value":699,"label":"pour les rides sous les yeux"}]},"featured_image_src_large":["https:\/\/www.lraloeverashop.eu\/wp-content\/uploads\/2024\/11\/Nano-Gold-Face-Care-1024x1024.jpg",1024,1024,true],"author_info":[],"comment_info":0,"_links":{"self":[{"href":"https:\/\/www.lraloeverashop.eu\/fr\/wp-json\/wp\/v2\/product\/18330","targetHints":{"allow":["GET"]}}],"collection":[{"href":"https:\/\/www.lraloeverashop.eu\/fr\/wp-json\/wp\/v2\/product"}],"about":[{"href":"https:\/\/www.lraloeverashop.eu\/fr\/wp-json\/wp\/v2\/types\/product"}],"replies":[{"embeddable":true,"href":"https:\/\/www.lraloeverashop.eu\/fr\/wp-json\/wp\/v2\/comments?post=18330"}],"wp:featuredmedia":[{"embeddable":true,"href":"https:\/\/www.lraloeverashop.eu\/fr\/wp-json\/wp\/v2\/media\/18290"}],"wp:attachment":[{"href":"https:\/\/www.lraloeverashop.eu\/fr\/wp-json\/wp\/v2\/media?parent=18330"}],"wp:term":[{"taxonomy":"product_brand","embeddable":true,"href":"https:\/\/www.lraloeverashop.eu\/fr\/wp-json\/wp\/v2\/product_brand?post=18330"},{"taxonomy":"product_cat","embeddable":true,"href":"https:\/\/www.lraloeverashop.eu\/fr\/wp-json\/wp\/v2\/product_cat?post=18330"},{"taxonomy":"product_tag","embeddable":true,"href":"https:\/\/www.lraloeverashop.eu\/fr\/wp-json\/wp\/v2\/product_tag?post=18330"}],"curies":[{"name":"wp","href":"https:\/\/api.w.org\/{rel}","templated":true}]}}