{"id":18297,"date":"2024-11-04T10:37:55","date_gmt":"2024-11-04T09:37:55","guid":{"rendered":"https:\/\/www.lraloeverashop.eu\/?post_type=product&#038;p=18297"},"modified":"2026-02-15T08:00:07","modified_gmt":"2026-02-15T07:00:07","slug":"coffret-soin-cheveux","status":"publish","type":"product","link":"https:\/\/www.lraloeverashop.eu\/fr\/produit\/coffret-soin-cheveux\/","title":{"rendered":"Coffret soin cheveux"},"content":{"rendered":"<h2><span style=\"font-size: 16pt;\"><strong>Coffret soin cheveux Aloe Vera<\/strong><\/span><\/h2>\n<p><span style=\"font-size: 14pt;\"><strong>Coffret soin cheveux Aloe Vera Offre limit\u00e9e<\/strong><\/span><\/p>\n<p>Voulez-vous vous sentir fort, confiant et beau? D\u00e9couvrez le nouvel Coffret soin cheveux Aloe Vera pour Cheveux sains et soyeux et une confiance en soi accrue.<\/p>\n<h3><span style=\"font-size: 14pt;\"><strong>Lr Set contient:<\/strong><\/span><\/h3>\n<p><a href=\"https:\/\/www.lraloeverashop.eu\/fr\/produit\/aloe-vera-nutri-repair-shampoing\/\">Shampooing<\/a> du Soin Cheveux Secs Aloe Vera nourrit quotidiennement la peau et les cheveux. Ce shampooing naturel contient des ingr\u00e9dients qui agissent comme un aimant pour enlever la salet\u00e9 sur les cheveux, les laissant propres, frais et sains. Enrichi en Pro Vitamine B5, les cheveux deviennent plus forts et plus lisses que jamais.<\/p>\n<p>Contient 45% d&rsquo;aloe vera qui aide \u00e0 hydrater les cheveux et \u00e0 les rendre sains. Vous allez adorer le parfum fruit\u00e9 du shampooing qui stimulera vos sens. Essayez le Lr Aloe Vera Nutri Repair Shampooing pour des cheveux naturellement beaux que vous adorerez toucher!<\/p>\n<p>Lr Aloe Vera Nutri Repair conditionneur de cheveux du Soin Pour Cheveux Secs Aloe Vera r\u00e9g\u00e9n\u00e8re l&rsquo;humidit\u00e9 et les nutriments perdus dans vos cheveux avec le complexe de 7 huiles naturelles. Ces ingr\u00e9dients actifs p\u00e9n\u00e8trent profond\u00e9ment dans les cheveux et scellent la couche externe avec des nutriments essentiels.<\/p>\n<p>Les 7 huiles naturelles et 15% de gel naturel \u00e0 l&rsquo;Aloe Vera restructurent le cheveu en l&rsquo;hydratant. Plus de cheveux lourds. De plus, il a un parfum propre, frais et fruit\u00e9!<\/p>\n<p>Avec l&rsquo;utilisation quotidienne, les <a href=\"https:\/\/www.lraloeverashop.eu\/fr\/soins-cheveux-aloe-vera-nutri-repair\/\">cheveux deviennent plus sains<\/a> tandis que la brillance est restaur\u00e9e. Vos cheveux deviennent \u00e9galement plus forts et moins sujets \u00e0 la casse; vous aurez enfin des cheveux plus lisses \u00e0 la racine!<\/p>\n<p>&nbsp;<\/p>\n<p><iframe loading=\"lazy\" src=\"\/\/www.youtube.com\/embed\/y-z_p6hQtNY?rel=0&amp;showinfo=0\" width=\"1280\" height=\"720\" frameborder=\"0\" allowfullscreen=\"allowfullscreen\"><\/iframe><\/p>\n<p>&nbsp;<\/p>\n<h4><span style=\"font-size: 14pt;\"><strong>Des \u00e9tudes confirment l\u2019efficacit\u00e9 des soins capillaires Aloe Vera Nutri-Repair \u00e0 partir des tests suivants:<\/strong><\/span><\/h4>\n<p>&nbsp;<\/p>\n<ul>\n<li>Les cheveux deviennent plus doux et soyeux et trois fois plus faciles \u00e0 g\u00e9rer *<\/li>\n<li>Avec une brillance et une douceur naturelles, ils permettent une r\u00e9duction de la casse de 90% *<\/li>\n<li>90% des participants examin\u00e9s sont enthousiasm\u00e9s par l&rsquo;ar\u00f4me rafra\u00eechissant du shampooing **<\/li>\n<\/ul>\n<p>&nbsp;<\/p>\n<p>* L&rsquo;utilisation quotidienne du Soin Cheveux Secs Aloe Vera am\u00e9liore l&rsquo;\u00e9lasticit\u00e9 et la r\u00e9sistance des cheveux \u00e0 la <a href=\"https:\/\/www.lraloeverashop.eu\/fr\/produit\/aloe-vera-nutri-repair-cure\/\">rupture<\/a>. Les r\u00e9sultats sont plus prometteurs que ceux de ceux qui ne comptent que sur le shampooing. Ces donn\u00e9es sont bas\u00e9es sur l&rsquo;\u00e9tude proDERM r\u00e9alis\u00e9e en janvier 2018.<\/p>\n<p>** Bas\u00e9 sur les r\u00e9sultats de 40 participants \u00e0 l&rsquo;enqu\u00eate men\u00e9s par l&rsquo;Institut Dermatest en d\u00e9cembre 2017<\/p>\n","protected":false},"excerpt":{"rendered":"<ul>\n<li><span style=\"color: #ff0000;\"><strong>Offre limit\u00e9e<\/strong><\/span><\/li>\n<li>Set compos\u00e9 de shampoing et apr\u00e8s-shampoing<\/li>\n<li>Pour des cheveux sains et brillants aux pointes<\/li>\n<li>Avec jusqu&rsquo;\u00e0 45% de gel d&rsquo;Aloe Vera et Nutri Oil Repair Complex de 7 huiles<\/li>\n<li>Nourrit, renforce et r\u00e9pare les cheveux<\/li>\n<li>Prot\u00e8ge contre la casse des cheveux<\/li>\n<li>Produit fabriqu\u00e9 en Allemagne<\/li>\n<\/ul>\n<p style=\"text-align: left;\"><span style=\"color: #ff0000;\"><a style=\"color: #ff0000;\" href=\"https:\/\/shop.lrworld.com\/openpao?PHP=0vFlt7jT938BEnBI3a6e9w%3D%3D\"><span style=\"font-size: 14pt;\"><strong>Inscrivez-vous et \u00e9conomisez 35% sur chaque commande<\/strong><\/span><\/a><\/span><\/p>\n","protected":false},"featured_media":18262,"comment_status":"open","ping_status":"closed","template":"","meta":{"_kad_blocks_custom_css":"","_kad_blocks_head_custom_js":"","_kad_blocks_body_custom_js":"","_kad_blocks_footer_custom_js":"","_kadence_starter_templates_imported_post":false,"_kad_post_transparent":"default","_kad_post_title":"","_kad_post_layout":"default","_kad_post_sidebar_id":"","_kad_post_content_style":"default","_kad_post_vertical_padding":"default","_kad_post_feature":"","_kad_post_feature_position":"","_kad_post_header":false,"_kad_post_footer":false,"_kad_post_classname":""},"product_brand":[],"product_cat":[212,227,351],"product_tag":[581,585],"class_list":{"0":"post-18297","1":"product","2":"type-product","3":"status-publish","4":"has-post-thumbnail","6":"product_cat-aloe-vera-fr","7":"product_cat-soins-des-cheveux","8":"product_cat-soldes","9":"product_tag-cheveux-abimes","10":"product_tag-cheveux-secs","12":"first","13":"outofstock","14":"sale","15":"taxable","16":"shipping-taxable","17":"purchasable","18":"product-type-simple","19":"entry","20":"content-bg","21":"loop-entry"},"yoast_head":"<!-- This site is optimized with the Yoast SEO Premium plugin v27.3 (Yoast SEO v27.3) - https:\/\/yoast.com\/product\/yoast-seo-premium-wordpress\/ -->\n<title>Coffret soin cheveux: des cheveux plus forts et plus lisses avec B5<\/title>\n<meta name=\"description\" content=\"Obtenez des cheveux splendides, sains et soyeux avec notre coffret de soins capillaires \u00e0 l&#039;aloe vera de Lr. Sentez-vous confiante et belle chaque jour.\" \/>\n<meta name=\"robots\" content=\"index, follow, max-snippet:-1, max-image-preview:large, max-video-preview:-1\" \/>\n<link rel=\"canonical\" href=\"https:\/\/www.lraloeverashop.eu\/fr\/produit\/coffret-soin-cheveux\/\" \/>\n<meta property=\"og:locale\" content=\"fr_FR\" \/>\n<meta property=\"og:type\" content=\"article\" \/>\n<meta property=\"og:title\" content=\"Coffret soin cheveux\" \/>\n<meta property=\"og:description\" content=\"Obtenez des cheveux splendides, sains et soyeux avec notre coffret de soins capillaires \u00e0 l&#039;aloe vera de Lr. Sentez-vous confiante et belle chaque jour.\" \/>\n<meta property=\"og:url\" content=\"https:\/\/www.lraloeverashop.eu\/fr\/produit\/coffret-soin-cheveux\/\" \/>\n<meta property=\"og:site_name\" content=\"Boutique Lr Aloe Vera\" \/>\n<meta property=\"article:publisher\" content=\"https:\/\/www.facebook.com\/lraloeverashop.eu\" \/>\n<meta property=\"article:modified_time\" content=\"2026-02-15T07:00:07+00:00\" \/>\n<meta property=\"og:image\" content=\"https:\/\/www.lraloeverashop.eu\/wp-content\/uploads\/2024\/11\/Hair-Care-Set.jpg\" \/>\n\t<meta property=\"og:image:width\" content=\"1200\" \/>\n\t<meta property=\"og:image:height\" content=\"1200\" \/>\n\t<meta property=\"og:image:type\" content=\"image\/jpeg\" \/>\n<meta name=\"twitter:card\" content=\"summary_large_image\" \/>\n<meta name=\"twitter:site\" content=\"@natur__kosmetik\" \/>\n<script type=\"application\/ld+json\" class=\"yoast-schema-graph\">{\"@context\":\"https:\\\/\\\/schema.org\",\"@graph\":[{\"@type\":[\"WebPage\",\"ItemPage\"],\"@id\":\"https:\\\/\\\/www.lraloeverashop.eu\\\/fr\\\/produit\\\/coffret-soin-cheveux\\\/\",\"url\":\"https:\\\/\\\/www.lraloeverashop.eu\\\/fr\\\/produit\\\/coffret-soin-cheveux\\\/\",\"name\":\"Coffret soin cheveux: des cheveux plus forts et plus lisses avec B5\",\"isPartOf\":{\"@id\":\"https:\\\/\\\/www.lraloeverashop.eu\\\/fr\\\/#website\"},\"primaryImageOfPage\":{\"@id\":\"https:\\\/\\\/www.lraloeverashop.eu\\\/fr\\\/produit\\\/coffret-soin-cheveux\\\/#primaryimage\"},\"image\":{\"@id\":\"https:\\\/\\\/www.lraloeverashop.eu\\\/fr\\\/produit\\\/coffret-soin-cheveux\\\/#primaryimage\"},\"thumbnailUrl\":\"https:\\\/\\\/www.lraloeverashop.eu\\\/wp-content\\\/uploads\\\/2024\\\/11\\\/Hair-Care-Set.jpg\",\"datePublished\":\"2024-11-04T09:37:55+00:00\",\"dateModified\":\"2026-02-15T07:00:07+00:00\",\"description\":\"Obtenez des cheveux splendides, sains et soyeux avec notre coffret de soins capillaires \u00e0 l'aloe vera de Lr. Sentez-vous confiante et belle chaque jour.\",\"breadcrumb\":{\"@id\":\"https:\\\/\\\/www.lraloeverashop.eu\\\/fr\\\/produit\\\/coffret-soin-cheveux\\\/#breadcrumb\"},\"inLanguage\":\"fr-FR\",\"potentialAction\":[{\"@type\":\"ReadAction\",\"target\":[\"https:\\\/\\\/www.lraloeverashop.eu\\\/fr\\\/produit\\\/coffret-soin-cheveux\\\/\"]}]},{\"@type\":\"ImageObject\",\"inLanguage\":\"fr-FR\",\"@id\":\"https:\\\/\\\/www.lraloeverashop.eu\\\/fr\\\/produit\\\/coffret-soin-cheveux\\\/#primaryimage\",\"url\":\"https:\\\/\\\/www.lraloeverashop.eu\\\/wp-content\\\/uploads\\\/2024\\\/11\\\/Hair-Care-Set.jpg\",\"contentUrl\":\"https:\\\/\\\/www.lraloeverashop.eu\\\/wp-content\\\/uploads\\\/2024\\\/11\\\/Hair-Care-Set.jpg\",\"width\":1200,\"height\":1200,\"caption\":\"Soin Cheveux Aloe Vera\"},{\"@type\":\"BreadcrumbList\",\"@id\":\"https:\\\/\\\/www.lraloeverashop.eu\\\/fr\\\/produit\\\/coffret-soin-cheveux\\\/#breadcrumb\",\"itemListElement\":[{\"@type\":\"ListItem\",\"position\":1,\"name\":\"Home\",\"item\":\"https:\\\/\\\/www.lraloeverashop.eu\\\/fr\\\/\"},{\"@type\":\"ListItem\",\"position\":2,\"name\":\"Boutique\",\"item\":\"https:\\\/\\\/www.lraloeverashop.eu\\\/fr\\\/boutique\\\/\"},{\"@type\":\"ListItem\",\"position\":3,\"name\":\"Coffret soin cheveux\"}]},{\"@type\":\"WebSite\",\"@id\":\"https:\\\/\\\/www.lraloeverashop.eu\\\/fr\\\/#website\",\"url\":\"https:\\\/\\\/www.lraloeverashop.eu\\\/fr\\\/\",\"name\":\"Boutique Lr Aloe Vera\",\"description\":\"High Quality Lr Aloe Vera Gel, Aloe Vera Cream and Shampoo\",\"publisher\":{\"@id\":\"https:\\\/\\\/www.lraloeverashop.eu\\\/fr\\\/#organization\"},\"potentialAction\":[{\"@type\":\"SearchAction\",\"target\":{\"@type\":\"EntryPoint\",\"urlTemplate\":\"https:\\\/\\\/www.lraloeverashop.eu\\\/fr\\\/?s={search_term_string}\"},\"query-input\":{\"@type\":\"PropertyValueSpecification\",\"valueRequired\":true,\"valueName\":\"search_term_string\"}}],\"inLanguage\":\"fr-FR\"},{\"@type\":\"Organization\",\"@id\":\"https:\\\/\\\/www.lraloeverashop.eu\\\/fr\\\/#organization\",\"name\":\"Boutique Lr Aloe Vera\",\"alternateName\":\"LR\",\"url\":\"https:\\\/\\\/www.lraloeverashop.eu\\\/fr\\\/\",\"logo\":{\"@type\":\"ImageObject\",\"inLanguage\":\"fr-FR\",\"@id\":\"https:\\\/\\\/www.lraloeverashop.eu\\\/fr\\\/#\\\/schema\\\/logo\\\/image\\\/\",\"url\":\"https:\\\/\\\/www.lraloeverashop.eu\\\/wp-content\\\/uploads\\\/2022\\\/09\\\/cropped-Lr-Aloe-Vera-Shop.jpg\",\"contentUrl\":\"https:\\\/\\\/www.lraloeverashop.eu\\\/wp-content\\\/uploads\\\/2022\\\/09\\\/cropped-Lr-Aloe-Vera-Shop.jpg\",\"width\":228,\"height\":76,\"caption\":\"Boutique Lr Aloe Vera\"},\"image\":{\"@id\":\"https:\\\/\\\/www.lraloeverashop.eu\\\/fr\\\/#\\\/schema\\\/logo\\\/image\\\/\"},\"sameAs\":[\"https:\\\/\\\/www.facebook.com\\\/lraloeverashop.eu\",\"https:\\\/\\\/x.com\\\/natur__kosmetik\",\"https:\\\/\\\/www.youtube.com\\\/channel\\\/UC5oN7BJ8nfYb8RpVtjwDEBA\",\"https:\\\/\\\/www.instagram.com\\\/lrbeautyeu\\\/\"]}]}<\/script>\n<meta property=\"product:price:amount\" content=\"21.00\" \/>\n<meta property=\"product:price:currency\" content=\"EUR\" \/>\n<meta property=\"og:availability\" content=\"out of stock\" \/>\n<meta property=\"product:availability\" content=\"out of stock\" \/>\n<meta property=\"product:retailer_item_id\" content=\"20881-1FR\" \/>\n<meta property=\"product:condition\" content=\"new\" \/>\n<!-- \/ Yoast SEO Premium plugin. -->","yoast_head_json":{"title":"Coffret soin cheveux: des cheveux plus forts et plus lisses avec B5","description":"Obtenez des cheveux splendides, sains et soyeux avec notre coffret de soins capillaires \u00e0 l'aloe vera de Lr. Sentez-vous confiante et belle chaque jour.","robots":{"index":"index","follow":"follow","max-snippet":"max-snippet:-1","max-image-preview":"max-image-preview:large","max-video-preview":"max-video-preview:-1"},"canonical":"https:\/\/www.lraloeverashop.eu\/fr\/produit\/coffret-soin-cheveux\/","og_locale":"fr_FR","og_type":"article","og_title":"Coffret soin cheveux","og_description":"Obtenez des cheveux splendides, sains et soyeux avec notre coffret de soins capillaires \u00e0 l'aloe vera de Lr. Sentez-vous confiante et belle chaque jour.","og_url":"https:\/\/www.lraloeverashop.eu\/fr\/produit\/coffret-soin-cheveux\/","og_site_name":"Boutique Lr Aloe Vera","article_publisher":"https:\/\/www.facebook.com\/lraloeverashop.eu","article_modified_time":"2026-02-15T07:00:07+00:00","og_image":[{"width":1200,"height":1200,"url":"https:\/\/www.lraloeverashop.eu\/wp-content\/uploads\/2024\/11\/Hair-Care-Set.jpg","type":"image\/jpeg"}],"twitter_card":"summary_large_image","twitter_site":"@natur__kosmetik","schema":{"@context":"https:\/\/schema.org","@graph":[{"@type":["WebPage","ItemPage"],"@id":"https:\/\/www.lraloeverashop.eu\/fr\/produit\/coffret-soin-cheveux\/","url":"https:\/\/www.lraloeverashop.eu\/fr\/produit\/coffret-soin-cheveux\/","name":"Coffret soin cheveux: des cheveux plus forts et plus lisses avec B5","isPartOf":{"@id":"https:\/\/www.lraloeverashop.eu\/fr\/#website"},"primaryImageOfPage":{"@id":"https:\/\/www.lraloeverashop.eu\/fr\/produit\/coffret-soin-cheveux\/#primaryimage"},"image":{"@id":"https:\/\/www.lraloeverashop.eu\/fr\/produit\/coffret-soin-cheveux\/#primaryimage"},"thumbnailUrl":"https:\/\/www.lraloeverashop.eu\/wp-content\/uploads\/2024\/11\/Hair-Care-Set.jpg","datePublished":"2024-11-04T09:37:55+00:00","dateModified":"2026-02-15T07:00:07+00:00","description":"Obtenez des cheveux splendides, sains et soyeux avec notre coffret de soins capillaires \u00e0 l'aloe vera de Lr. Sentez-vous confiante et belle chaque jour.","breadcrumb":{"@id":"https:\/\/www.lraloeverashop.eu\/fr\/produit\/coffret-soin-cheveux\/#breadcrumb"},"inLanguage":"fr-FR","potentialAction":[{"@type":"ReadAction","target":["https:\/\/www.lraloeverashop.eu\/fr\/produit\/coffret-soin-cheveux\/"]}]},{"@type":"ImageObject","inLanguage":"fr-FR","@id":"https:\/\/www.lraloeverashop.eu\/fr\/produit\/coffret-soin-cheveux\/#primaryimage","url":"https:\/\/www.lraloeverashop.eu\/wp-content\/uploads\/2024\/11\/Hair-Care-Set.jpg","contentUrl":"https:\/\/www.lraloeverashop.eu\/wp-content\/uploads\/2024\/11\/Hair-Care-Set.jpg","width":1200,"height":1200,"caption":"Soin Cheveux Aloe Vera"},{"@type":"BreadcrumbList","@id":"https:\/\/www.lraloeverashop.eu\/fr\/produit\/coffret-soin-cheveux\/#breadcrumb","itemListElement":[{"@type":"ListItem","position":1,"name":"Home","item":"https:\/\/www.lraloeverashop.eu\/fr\/"},{"@type":"ListItem","position":2,"name":"Boutique","item":"https:\/\/www.lraloeverashop.eu\/fr\/boutique\/"},{"@type":"ListItem","position":3,"name":"Coffret soin cheveux"}]},{"@type":"WebSite","@id":"https:\/\/www.lraloeverashop.eu\/fr\/#website","url":"https:\/\/www.lraloeverashop.eu\/fr\/","name":"Boutique Lr Aloe Vera","description":"High Quality Lr Aloe Vera Gel, Aloe Vera Cream and Shampoo","publisher":{"@id":"https:\/\/www.lraloeverashop.eu\/fr\/#organization"},"potentialAction":[{"@type":"SearchAction","target":{"@type":"EntryPoint","urlTemplate":"https:\/\/www.lraloeverashop.eu\/fr\/?s={search_term_string}"},"query-input":{"@type":"PropertyValueSpecification","valueRequired":true,"valueName":"search_term_string"}}],"inLanguage":"fr-FR"},{"@type":"Organization","@id":"https:\/\/www.lraloeverashop.eu\/fr\/#organization","name":"Boutique Lr Aloe Vera","alternateName":"LR","url":"https:\/\/www.lraloeverashop.eu\/fr\/","logo":{"@type":"ImageObject","inLanguage":"fr-FR","@id":"https:\/\/www.lraloeverashop.eu\/fr\/#\/schema\/logo\/image\/","url":"https:\/\/www.lraloeverashop.eu\/wp-content\/uploads\/2022\/09\/cropped-Lr-Aloe-Vera-Shop.jpg","contentUrl":"https:\/\/www.lraloeverashop.eu\/wp-content\/uploads\/2022\/09\/cropped-Lr-Aloe-Vera-Shop.jpg","width":228,"height":76,"caption":"Boutique Lr Aloe Vera"},"image":{"@id":"https:\/\/www.lraloeverashop.eu\/fr\/#\/schema\/logo\/image\/"},"sameAs":["https:\/\/www.facebook.com\/lraloeverashop.eu","https:\/\/x.com\/natur__kosmetik","https:\/\/www.youtube.com\/channel\/UC5oN7BJ8nfYb8RpVtjwDEBA","https:\/\/www.instagram.com\/lrbeautyeu\/"]}]},"product_price_amount":"21.00","product_price_currency":"EUR","og_availability":"out of stock","product_availability":"out of stock","product_retailer_item_id":"20881-1FR","product_condition":"new"},"taxonomy_info":{"product_cat":[{"value":212,"label":"Aloe Vera"},{"value":227,"label":"Soins des cheveux"},{"value":351,"label":"Soldes"}],"product_tag":[{"value":581,"label":"Cheveux ab\u00eem\u00e9s"},{"value":585,"label":"Cheveux secs"}]},"featured_image_src_large":["https:\/\/www.lraloeverashop.eu\/wp-content\/uploads\/2024\/11\/Hair-Care-Set-1024x1024.jpg",1024,1024,true],"author_info":[],"comment_info":0,"_links":{"self":[{"href":"https:\/\/www.lraloeverashop.eu\/fr\/wp-json\/wp\/v2\/product\/18297","targetHints":{"allow":["GET"]}}],"collection":[{"href":"https:\/\/www.lraloeverashop.eu\/fr\/wp-json\/wp\/v2\/product"}],"about":[{"href":"https:\/\/www.lraloeverashop.eu\/fr\/wp-json\/wp\/v2\/types\/product"}],"replies":[{"embeddable":true,"href":"https:\/\/www.lraloeverashop.eu\/fr\/wp-json\/wp\/v2\/comments?post=18297"}],"wp:featuredmedia":[{"embeddable":true,"href":"https:\/\/www.lraloeverashop.eu\/fr\/wp-json\/wp\/v2\/media\/18262"}],"wp:attachment":[{"href":"https:\/\/www.lraloeverashop.eu\/fr\/wp-json\/wp\/v2\/media?parent=18297"}],"wp:term":[{"taxonomy":"product_brand","embeddable":true,"href":"https:\/\/www.lraloeverashop.eu\/fr\/wp-json\/wp\/v2\/product_brand?post=18297"},{"taxonomy":"product_cat","embeddable":true,"href":"https:\/\/www.lraloeverashop.eu\/fr\/wp-json\/wp\/v2\/product_cat?post=18297"},{"taxonomy":"product_tag","embeddable":true,"href":"https:\/\/www.lraloeverashop.eu\/fr\/wp-json\/wp\/v2\/product_tag?post=18297"}],"curies":[{"name":"wp","href":"https:\/\/api.w.org\/{rel}","templated":true}]}}