{"id":16558,"date":"2024-09-30T22:57:35","date_gmt":"2024-09-30T20:57:35","guid":{"rendered":"https:\/\/www.lraloeverashop.eu\/?post_type=product&#038;p=16558"},"modified":"2026-02-02T18:20:25","modified_gmt":"2026-02-02T17:20:25","slug":"pro-12-plus-gelules-offre-limitee","status":"publish","type":"product","link":"https:\/\/www.lraloeverashop.eu\/fr\/produit\/pro-12-plus-gelules-offre-limitee\/","title":{"rendered":"Pro 12 Plus G\u00e9lules Offre limit\u00e9e"},"content":{"rendered":"<h2><strong><span style=\"font-size: 16pt; color: #000000;\">Pro 12 Plus G\u00e9lules Offre limit\u00e9e<\/span><\/strong><\/h2>\n<p><span style=\"font-size: 14pt;\"><strong>Pro 12 Plus G\u00e9lules est la prochaine g\u00e9n\u00e9ration de pr\u00e9parations bact\u00e9riennes avec le nouveau complexe TRIPLEBIOTIC.<\/strong><\/span><\/p>\n<p>1. Les fructo-oligosaccharides &#8211; fibres &#8211; assurent le confort des bact\u00e9ries pr\u00e9sentes dans nos intestins<br \/>\n2. BACT\u00c9RIES : 1 milliard de bact\u00e9ries par capsule provenant de 12 souches bact\u00e9riennes diff\u00e9rentes<br \/>\n3. POSTBIOTIQUES : Contient l&rsquo;ingr\u00e9dient postbiotique brevet\u00e9 Prolac-T\u2122<\/p>\n<p>La double encapsulation innovante garantit que le complexe TRIPLEBIOTIC atteint l&rsquo;intestin sans dommage.<\/p>\n<p>&nbsp;<\/p>\n<h3><strong><span style=\"font-size: 16pt; color: #000000;\">Comment utiliser<\/span><\/strong><\/h3>\n<p><strong>Posologie recommand\u00e9e de Pro 12 Plus Probiotiques:<\/strong> Prendre une capsule de Pro 12+ une fois par jour &#8211; de pr\u00e9f\u00e9rence le soir &#8211; avec un verre de liquide.<\/p>\n<p>La dose journali\u00e8re recommand\u00e9e ne doit pas \u00eatre d\u00e9pass\u00e9e. Les compl\u00e9ments alimentaires ne remplacent pas une alimentation vari\u00e9e et \u00e9quilibr\u00e9e, indispensable \u00e0 un mode de <a href=\"https:\/\/www.lraloeverashop.eu\/fr\/produit\/vita-active-fruits-rouges-vitamines\/\">vie sain<\/a>. Conservez le produit hors de port\u00e9e des jeunes enfants. Peut contenir des traces de lactose et de soja.<\/p>\n<p>Conserver bien ferm\u00e9, au sec et \u00e0 temp\u00e9rature ambiante. Bien refermer apr\u00e8s ouverture.<\/p>\n<p>&nbsp;<\/p>\n<h4><strong><span style=\"font-size: 16pt; color: #000000;\">Saviez-vous?<\/span><\/strong><\/h4>\n<p>Les capsules Pro 12 Plus contiennent les douze souches bact\u00e9riennes pr\u00e9cieuses suivantes : Bifidobacterium longum, Bifidobacterium breve, Bifidobacterium bifidum, Bifidobacterium infantis, Bifidobacterium lactis, Lactobacillus plantarum, Lactobacillus casei, Lactobacillus paracasei, Lactobacillus rhamnosus, Lactobacillus acidophilus, Lactobacillus bulgaricus et Streptococcus thermophilus.<\/p>\n","protected":false},"excerpt":{"rendered":"<ul>\n<li><span style=\"color: #ff0000;\"><strong>Offre limit\u00e9e<\/strong><\/span><\/li>\n<li>Formule optimis\u00e9e avec complexe TRIPLEBIOTIC et double encapsulation<\/li>\n<li>Pr\u00e9biotiques, bact\u00e9ries et postbiotiques<\/li>\n<li>1 milliard de bact\u00e9ries par capsule provenant de 12 souches bact\u00e9riennes diff\u00e9rentes<\/li>\n<li>Soutien au bien-\u00eatre g\u00e9n\u00e9ral<\/li>\n<li>Contenu: 2 x 30 g\u00e9lules<\/li>\n<\/ul>\n<h5 style=\"text-align: left;\"><span style=\"color: #ff0000;\"><a style=\"color: #ff0000;\" href=\"https:\/\/shop.lrworld.com\/openpao?PHP=0vFlt7jT938BEnBI3a6e9w%3D%3D\"><span style=\"font-size: 14pt;\"><strong>Inscrivez-vous et \u00e9conomisez 35% sur chaque commande<\/strong><\/span><\/a><\/span><\/h5>\n","protected":false},"featured_media":16572,"comment_status":"open","ping_status":"closed","template":"","meta":{"_kad_blocks_custom_css":"","_kad_blocks_head_custom_js":"","_kad_blocks_body_custom_js":"","_kad_blocks_footer_custom_js":"","_kadence_starter_templates_imported_post":false,"_kad_post_transparent":"default","_kad_post_title":"","_kad_post_layout":"default","_kad_post_sidebar_id":"","_kad_post_content_style":"default","_kad_post_vertical_padding":"default","_kad_post_feature":"","_kad_post_feature_position":"","_kad_post_header":false,"_kad_post_footer":false,"_kad_post_classname":""},"product_brand":[],"product_cat":[434,506,410,351,464],"product_tag":[643],"class_list":{"0":"post-16558","1":"product","2":"type-product","3":"status-publish","4":"has-post-thumbnail","6":"product_cat-intestins-digestion","7":"product_cat-probiotiques","8":"product_cat-produits-speciaux","9":"product_cat-soldes","10":"product_cat-specialistes","11":"product_tag-booster-immunitaire","13":"first","14":"outofstock","15":"sale","16":"taxable","17":"shipping-taxable","18":"purchasable","19":"product-type-simple","20":"entry","21":"content-bg","22":"loop-entry"},"yoast_head":"<!-- This site is optimized with the Yoast SEO Premium plugin v27.4 (Yoast SEO v27.4) - https:\/\/yoast.com\/product\/yoast-seo-premium-wordpress\/ -->\n<title>Pro 12 Plus G\u00e9lules avec pr\u00e9biotiques, bact\u00e9ries, postbiotiques<\/title>\n<meta name=\"description\" content=\"Pro 12 Plus G\u00e9lules dans une nouvelle formulation optimis\u00e9e avec complexe triplebiotique et double encapsulation. 1 milliard de bact\u00e9ries par capsule.\" \/>\n<meta name=\"robots\" content=\"index, follow, max-snippet:-1, max-image-preview:large, max-video-preview:-1\" \/>\n<link rel=\"canonical\" href=\"https:\/\/www.lraloeverashop.eu\/fr\/produit\/pro-12-plus-gelules-offre-limitee\/\" \/>\n<meta property=\"og:locale\" content=\"fr_FR\" \/>\n<meta property=\"og:type\" content=\"article\" \/>\n<meta property=\"og:title\" content=\"Pro 12 Plus G\u00e9lules Offre limit\u00e9e\" \/>\n<meta property=\"og:description\" content=\"Pro 12 Plus G\u00e9lules dans une nouvelle formulation optimis\u00e9e avec complexe triplebiotique et double encapsulation. 1 milliard de bact\u00e9ries par capsule.\" \/>\n<meta property=\"og:url\" content=\"https:\/\/www.lraloeverashop.eu\/fr\/produit\/pro-12-plus-gelules-offre-limitee\/\" \/>\n<meta property=\"og:site_name\" content=\"Boutique Lr Aloe Vera\" \/>\n<meta property=\"article:publisher\" content=\"https:\/\/www.facebook.com\/lraloeverashop.eu\" \/>\n<meta property=\"article:modified_time\" content=\"2026-02-02T17:20:25+00:00\" \/>\n<meta property=\"og:image\" content=\"https:\/\/www.lraloeverashop.eu\/wp-content\/uploads\/2024\/09\/Pro-12-Plus-2.jpg\" \/>\n\t<meta property=\"og:image:width\" content=\"1200\" \/>\n\t<meta property=\"og:image:height\" content=\"1200\" \/>\n\t<meta property=\"og:image:type\" content=\"image\/jpeg\" \/>\n<meta name=\"twitter:card\" content=\"summary_large_image\" \/>\n<meta name=\"twitter:site\" content=\"@natur__kosmetik\" \/>\n<script type=\"application\/ld+json\" class=\"yoast-schema-graph\">{\"@context\":\"https:\\\/\\\/schema.org\",\"@graph\":[{\"@type\":[\"WebPage\",\"ItemPage\"],\"@id\":\"https:\\\/\\\/www.lraloeverashop.eu\\\/fr\\\/produit\\\/pro-12-plus-gelules-offre-limitee\\\/\",\"url\":\"https:\\\/\\\/www.lraloeverashop.eu\\\/fr\\\/produit\\\/pro-12-plus-gelules-offre-limitee\\\/\",\"name\":\"Pro 12 Plus G\u00e9lules avec pr\u00e9biotiques, bact\u00e9ries, postbiotiques\",\"isPartOf\":{\"@id\":\"https:\\\/\\\/www.lraloeverashop.eu\\\/fr\\\/#website\"},\"primaryImageOfPage\":{\"@id\":\"https:\\\/\\\/www.lraloeverashop.eu\\\/fr\\\/produit\\\/pro-12-plus-gelules-offre-limitee\\\/#primaryimage\"},\"image\":{\"@id\":\"https:\\\/\\\/www.lraloeverashop.eu\\\/fr\\\/produit\\\/pro-12-plus-gelules-offre-limitee\\\/#primaryimage\"},\"thumbnailUrl\":\"https:\\\/\\\/www.lraloeverashop.eu\\\/wp-content\\\/uploads\\\/2024\\\/09\\\/Pro-12-Plus-2.jpg\",\"datePublished\":\"2024-09-30T20:57:35+00:00\",\"dateModified\":\"2026-02-02T17:20:25+00:00\",\"description\":\"Pro 12 Plus G\u00e9lules dans une nouvelle formulation optimis\u00e9e avec complexe triplebiotique et double encapsulation. 1 milliard de bact\u00e9ries par capsule.\",\"breadcrumb\":{\"@id\":\"https:\\\/\\\/www.lraloeverashop.eu\\\/fr\\\/produit\\\/pro-12-plus-gelules-offre-limitee\\\/#breadcrumb\"},\"inLanguage\":\"fr-FR\",\"potentialAction\":[{\"@type\":\"ReadAction\",\"target\":[\"https:\\\/\\\/www.lraloeverashop.eu\\\/fr\\\/produit\\\/pro-12-plus-gelules-offre-limitee\\\/\"]}]},{\"@type\":\"ImageObject\",\"inLanguage\":\"fr-FR\",\"@id\":\"https:\\\/\\\/www.lraloeverashop.eu\\\/fr\\\/produit\\\/pro-12-plus-gelules-offre-limitee\\\/#primaryimage\",\"url\":\"https:\\\/\\\/www.lraloeverashop.eu\\\/wp-content\\\/uploads\\\/2024\\\/09\\\/Pro-12-Plus-2.jpg\",\"contentUrl\":\"https:\\\/\\\/www.lraloeverashop.eu\\\/wp-content\\\/uploads\\\/2024\\\/09\\\/Pro-12-Plus-2.jpg\",\"width\":1200,\"height\":1200,\"caption\":\"Pro 12 Plus Offre limit\u00e9e\"},{\"@type\":\"BreadcrumbList\",\"@id\":\"https:\\\/\\\/www.lraloeverashop.eu\\\/fr\\\/produit\\\/pro-12-plus-gelules-offre-limitee\\\/#breadcrumb\",\"itemListElement\":[{\"@type\":\"ListItem\",\"position\":1,\"name\":\"Home\",\"item\":\"https:\\\/\\\/www.lraloeverashop.eu\\\/fr\\\/\"},{\"@type\":\"ListItem\",\"position\":2,\"name\":\"Boutique\",\"item\":\"https:\\\/\\\/www.lraloeverashop.eu\\\/fr\\\/boutique\\\/\"},{\"@type\":\"ListItem\",\"position\":3,\"name\":\"Pro 12 Plus G\u00e9lules Offre limit\u00e9e\"}]},{\"@type\":\"WebSite\",\"@id\":\"https:\\\/\\\/www.lraloeverashop.eu\\\/fr\\\/#website\",\"url\":\"https:\\\/\\\/www.lraloeverashop.eu\\\/fr\\\/\",\"name\":\"Boutique Lr Aloe Vera\",\"description\":\"High Quality Lr Aloe Vera Gel, Aloe Vera Cream and Shampoo\",\"publisher\":{\"@id\":\"https:\\\/\\\/www.lraloeverashop.eu\\\/fr\\\/#organization\"},\"potentialAction\":[{\"@type\":\"SearchAction\",\"target\":{\"@type\":\"EntryPoint\",\"urlTemplate\":\"https:\\\/\\\/www.lraloeverashop.eu\\\/fr\\\/?s={search_term_string}\"},\"query-input\":{\"@type\":\"PropertyValueSpecification\",\"valueRequired\":true,\"valueName\":\"search_term_string\"}}],\"inLanguage\":\"fr-FR\"},{\"@type\":\"Organization\",\"@id\":\"https:\\\/\\\/www.lraloeverashop.eu\\\/fr\\\/#organization\",\"name\":\"Boutique Lr Aloe Vera\",\"alternateName\":\"LR\",\"url\":\"https:\\\/\\\/www.lraloeverashop.eu\\\/fr\\\/\",\"logo\":{\"@type\":\"ImageObject\",\"inLanguage\":\"fr-FR\",\"@id\":\"https:\\\/\\\/www.lraloeverashop.eu\\\/fr\\\/#\\\/schema\\\/logo\\\/image\\\/\",\"url\":\"https:\\\/\\\/www.lraloeverashop.eu\\\/wp-content\\\/uploads\\\/2022\\\/09\\\/cropped-Lr-Aloe-Vera-Shop.jpg\",\"contentUrl\":\"https:\\\/\\\/www.lraloeverashop.eu\\\/wp-content\\\/uploads\\\/2022\\\/09\\\/cropped-Lr-Aloe-Vera-Shop.jpg\",\"width\":228,\"height\":76,\"caption\":\"Boutique Lr Aloe Vera\"},\"image\":{\"@id\":\"https:\\\/\\\/www.lraloeverashop.eu\\\/fr\\\/#\\\/schema\\\/logo\\\/image\\\/\"},\"sameAs\":[\"https:\\\/\\\/www.facebook.com\\\/lraloeverashop.eu\",\"https:\\\/\\\/x.com\\\/natur__kosmetik\",\"https:\\\/\\\/www.youtube.com\\\/channel\\\/UC5oN7BJ8nfYb8RpVtjwDEBA\",\"https:\\\/\\\/www.instagram.com\\\/lrbeautyeu\\\/\"],\"description\":\"La boutique LR Aloe Vera est votre destination de confiance pour les produits de sant\u00e9 et de beaut\u00e9 haut de gamme LR, fabriqu\u00e9s en Allemagne. Nous proposons des soins de la peau, des compl\u00e9ments nutritionnels et des solutions anti-\u00e2ge \u00e0 l'aloe vera de haute qualit\u00e9, \u00e9labor\u00e9s \u00e0 partir d'ingr\u00e9dients purs et valid\u00e9s par la recherche scientifique. D\u00e9couvrez des soins naturels qui r\u00e9g\u00e9n\u00e8rent, prot\u00e8gent et revitalisent votre peau, et profitez d'offres mensuelles exclusives sur nos produits LR Aloe Vera les plus vendus.\\n\\nCommencez d\u00e8s aujourd'hui votre parcours vers des soins naturels et constatez la diff\u00e9rence.\",\"email\":\"info@lraloeverashop.eu\",\"telephone\":\"+49 17670609653\",\"legalName\":\"Lr Aloe Vera Shop\",\"foundingDate\":\"2018-04-21\",\"numberOfEmployees\":{\"@type\":\"QuantitativeValue\",\"minValue\":\"1\",\"maxValue\":\"10\"}}]}<\/script>\n<meta property=\"product:price:amount\" content=\"78.99\" \/>\n<meta property=\"product:price:currency\" content=\"EUR\" \/>\n<meta property=\"og:availability\" content=\"out of stock\" \/>\n<meta property=\"product:availability\" content=\"out of stock\" \/>\n<meta property=\"product:retailer_item_id\" content=\"81182-FR\" \/>\n<meta property=\"product:condition\" content=\"new\" \/>\n<!-- \/ Yoast SEO Premium plugin. -->","yoast_head_json":{"title":"Pro 12 Plus G\u00e9lules avec pr\u00e9biotiques, bact\u00e9ries, postbiotiques","description":"Pro 12 Plus G\u00e9lules dans une nouvelle formulation optimis\u00e9e avec complexe triplebiotique et double encapsulation. 1 milliard de bact\u00e9ries par capsule.","robots":{"index":"index","follow":"follow","max-snippet":"max-snippet:-1","max-image-preview":"max-image-preview:large","max-video-preview":"max-video-preview:-1"},"canonical":"https:\/\/www.lraloeverashop.eu\/fr\/produit\/pro-12-plus-gelules-offre-limitee\/","og_locale":"fr_FR","og_type":"article","og_title":"Pro 12 Plus G\u00e9lules Offre limit\u00e9e","og_description":"Pro 12 Plus G\u00e9lules dans une nouvelle formulation optimis\u00e9e avec complexe triplebiotique et double encapsulation. 1 milliard de bact\u00e9ries par capsule.","og_url":"https:\/\/www.lraloeverashop.eu\/fr\/produit\/pro-12-plus-gelules-offre-limitee\/","og_site_name":"Boutique Lr Aloe Vera","article_publisher":"https:\/\/www.facebook.com\/lraloeverashop.eu","article_modified_time":"2026-02-02T17:20:25+00:00","og_image":[{"width":1200,"height":1200,"url":"https:\/\/www.lraloeverashop.eu\/wp-content\/uploads\/2024\/09\/Pro-12-Plus-2.jpg","type":"image\/jpeg"}],"twitter_card":"summary_large_image","twitter_site":"@natur__kosmetik","schema":{"@context":"https:\/\/schema.org","@graph":[{"@type":["WebPage","ItemPage"],"@id":"https:\/\/www.lraloeverashop.eu\/fr\/produit\/pro-12-plus-gelules-offre-limitee\/","url":"https:\/\/www.lraloeverashop.eu\/fr\/produit\/pro-12-plus-gelules-offre-limitee\/","name":"Pro 12 Plus G\u00e9lules avec pr\u00e9biotiques, bact\u00e9ries, postbiotiques","isPartOf":{"@id":"https:\/\/www.lraloeverashop.eu\/fr\/#website"},"primaryImageOfPage":{"@id":"https:\/\/www.lraloeverashop.eu\/fr\/produit\/pro-12-plus-gelules-offre-limitee\/#primaryimage"},"image":{"@id":"https:\/\/www.lraloeverashop.eu\/fr\/produit\/pro-12-plus-gelules-offre-limitee\/#primaryimage"},"thumbnailUrl":"https:\/\/www.lraloeverashop.eu\/wp-content\/uploads\/2024\/09\/Pro-12-Plus-2.jpg","datePublished":"2024-09-30T20:57:35+00:00","dateModified":"2026-02-02T17:20:25+00:00","description":"Pro 12 Plus G\u00e9lules dans une nouvelle formulation optimis\u00e9e avec complexe triplebiotique et double encapsulation. 1 milliard de bact\u00e9ries par capsule.","breadcrumb":{"@id":"https:\/\/www.lraloeverashop.eu\/fr\/produit\/pro-12-plus-gelules-offre-limitee\/#breadcrumb"},"inLanguage":"fr-FR","potentialAction":[{"@type":"ReadAction","target":["https:\/\/www.lraloeverashop.eu\/fr\/produit\/pro-12-plus-gelules-offre-limitee\/"]}]},{"@type":"ImageObject","inLanguage":"fr-FR","@id":"https:\/\/www.lraloeverashop.eu\/fr\/produit\/pro-12-plus-gelules-offre-limitee\/#primaryimage","url":"https:\/\/www.lraloeverashop.eu\/wp-content\/uploads\/2024\/09\/Pro-12-Plus-2.jpg","contentUrl":"https:\/\/www.lraloeverashop.eu\/wp-content\/uploads\/2024\/09\/Pro-12-Plus-2.jpg","width":1200,"height":1200,"caption":"Pro 12 Plus Offre limit\u00e9e"},{"@type":"BreadcrumbList","@id":"https:\/\/www.lraloeverashop.eu\/fr\/produit\/pro-12-plus-gelules-offre-limitee\/#breadcrumb","itemListElement":[{"@type":"ListItem","position":1,"name":"Home","item":"https:\/\/www.lraloeverashop.eu\/fr\/"},{"@type":"ListItem","position":2,"name":"Boutique","item":"https:\/\/www.lraloeverashop.eu\/fr\/boutique\/"},{"@type":"ListItem","position":3,"name":"Pro 12 Plus G\u00e9lules Offre limit\u00e9e"}]},{"@type":"WebSite","@id":"https:\/\/www.lraloeverashop.eu\/fr\/#website","url":"https:\/\/www.lraloeverashop.eu\/fr\/","name":"Boutique Lr Aloe Vera","description":"High Quality Lr Aloe Vera Gel, Aloe Vera Cream and Shampoo","publisher":{"@id":"https:\/\/www.lraloeverashop.eu\/fr\/#organization"},"potentialAction":[{"@type":"SearchAction","target":{"@type":"EntryPoint","urlTemplate":"https:\/\/www.lraloeverashop.eu\/fr\/?s={search_term_string}"},"query-input":{"@type":"PropertyValueSpecification","valueRequired":true,"valueName":"search_term_string"}}],"inLanguage":"fr-FR"},{"@type":"Organization","@id":"https:\/\/www.lraloeverashop.eu\/fr\/#organization","name":"Boutique Lr Aloe Vera","alternateName":"LR","url":"https:\/\/www.lraloeverashop.eu\/fr\/","logo":{"@type":"ImageObject","inLanguage":"fr-FR","@id":"https:\/\/www.lraloeverashop.eu\/fr\/#\/schema\/logo\/image\/","url":"https:\/\/www.lraloeverashop.eu\/wp-content\/uploads\/2022\/09\/cropped-Lr-Aloe-Vera-Shop.jpg","contentUrl":"https:\/\/www.lraloeverashop.eu\/wp-content\/uploads\/2022\/09\/cropped-Lr-Aloe-Vera-Shop.jpg","width":228,"height":76,"caption":"Boutique Lr Aloe Vera"},"image":{"@id":"https:\/\/www.lraloeverashop.eu\/fr\/#\/schema\/logo\/image\/"},"sameAs":["https:\/\/www.facebook.com\/lraloeverashop.eu","https:\/\/x.com\/natur__kosmetik","https:\/\/www.youtube.com\/channel\/UC5oN7BJ8nfYb8RpVtjwDEBA","https:\/\/www.instagram.com\/lrbeautyeu\/"],"description":"La boutique LR Aloe Vera est votre destination de confiance pour les produits de sant\u00e9 et de beaut\u00e9 haut de gamme LR, fabriqu\u00e9s en Allemagne. Nous proposons des soins de la peau, des compl\u00e9ments nutritionnels et des solutions anti-\u00e2ge \u00e0 l'aloe vera de haute qualit\u00e9, \u00e9labor\u00e9s \u00e0 partir d'ingr\u00e9dients purs et valid\u00e9s par la recherche scientifique. D\u00e9couvrez des soins naturels qui r\u00e9g\u00e9n\u00e8rent, prot\u00e8gent et revitalisent votre peau, et profitez d'offres mensuelles exclusives sur nos produits LR Aloe Vera les plus vendus.\n\nCommencez d\u00e8s aujourd'hui votre parcours vers des soins naturels et constatez la diff\u00e9rence.","email":"info@lraloeverashop.eu","telephone":"+49 17670609653","legalName":"Lr Aloe Vera Shop","foundingDate":"2018-04-21","numberOfEmployees":{"@type":"QuantitativeValue","minValue":"1","maxValue":"10"}}]},"product_price_amount":"78.99","product_price_currency":"EUR","og_availability":"out of stock","product_availability":"out of stock","product_retailer_item_id":"81182-FR","product_condition":"new"},"taxonomy_info":{"product_cat":[{"value":434,"label":"Intestins &amp; Digestion"},{"value":506,"label":"Probiotiques"},{"value":410,"label":"Produits Speciaux"},{"value":351,"label":"Soldes"},{"value":464,"label":"Sp\u00e9cialistes"}],"product_tag":[{"value":643,"label":"Booster immunitaire"}]},"featured_image_src_large":["https:\/\/www.lraloeverashop.eu\/wp-content\/uploads\/2024\/09\/Pro-12-Plus-2-1024x1024.jpg",1024,1024,true],"author_info":[],"comment_info":0,"_links":{"self":[{"href":"https:\/\/www.lraloeverashop.eu\/fr\/wp-json\/wp\/v2\/product\/16558","targetHints":{"allow":["GET"]}}],"collection":[{"href":"https:\/\/www.lraloeverashop.eu\/fr\/wp-json\/wp\/v2\/product"}],"about":[{"href":"https:\/\/www.lraloeverashop.eu\/fr\/wp-json\/wp\/v2\/types\/product"}],"replies":[{"embeddable":true,"href":"https:\/\/www.lraloeverashop.eu\/fr\/wp-json\/wp\/v2\/comments?post=16558"}],"wp:featuredmedia":[{"embeddable":true,"href":"https:\/\/www.lraloeverashop.eu\/fr\/wp-json\/wp\/v2\/media\/16572"}],"wp:attachment":[{"href":"https:\/\/www.lraloeverashop.eu\/fr\/wp-json\/wp\/v2\/media?parent=16558"}],"wp:term":[{"taxonomy":"product_brand","embeddable":true,"href":"https:\/\/www.lraloeverashop.eu\/fr\/wp-json\/wp\/v2\/product_brand?post=16558"},{"taxonomy":"product_cat","embeddable":true,"href":"https:\/\/www.lraloeverashop.eu\/fr\/wp-json\/wp\/v2\/product_cat?post=16558"},{"taxonomy":"product_tag","embeddable":true,"href":"https:\/\/www.lraloeverashop.eu\/fr\/wp-json\/wp\/v2\/product_tag?post=16558"}],"curies":[{"name":"wp","href":"https:\/\/api.w.org\/{rel}","templated":true}]}}