{"id":16219,"date":"2024-07-12T15:05:38","date_gmt":"2024-07-12T13:05:38","guid":{"rendered":"https:\/\/www.lraloeverashop.eu\/?post_type=product&#038;p=16219"},"modified":"2026-04-19T07:50:00","modified_gmt":"2026-04-19T05:50:00","slug":"gel-a-raser-transparent-aloe-vera","status":"publish","type":"product","link":"https:\/\/www.lraloeverashop.eu\/fr\/produit\/gel-a-raser-transparent-aloe-vera\/","title":{"rendered":"Gel \u00e0 Raser Transparent Aloe Vera"},"content":{"rendered":"<h2><span style=\"font-size: 16pt;\"><strong>Gel \u00e0 Raser Transparent Aloe Vera<\/strong><\/span><\/h2>\n<p><span style=\"font-size: 14pt;\"><strong>Gel \u00e0 Raser Transparent Aloe Vera revitalisera votre peau \u00e0 chaque rasage.<\/strong><\/span><\/p>\n<p>D\u00e9couvrez l&rsquo;exp\u00e9rience de rasage ultime avec le Gel \u00e0 Raser Aloe Vera de <a href=\"https:\/\/lrworld.com\/join-me\">LR Health &amp; Beauty<\/a>. Que vous soigniez votre barbe ou rasiez d&rsquo;autres zones, ce gel innovant offre un rasage pr\u00e9cis et doux de la t\u00eate aux pieds.<\/p>\n<p>&nbsp;<\/p>\n<h3><span style=\"font-size: 16pt;\"><strong>Avantages Que Vous Allez Adorer<\/strong><\/span><\/h3>\n<p><strong>Utilisation Polyvalente<\/strong>: Id\u00e9al pour raser les barbes et diverses zones de la peau.<br \/>\n<strong>Pr\u00e9cision Accrue<\/strong>: Formule transparente pour une visibilit\u00e9 claire des contours.<br \/>\n<strong>Soin de la Peau<\/strong>: Contient 50% d&rsquo;aloe vera, de l&rsquo;acide hyaluronique et de la provitamine B5 pour apaiser et prot\u00e9ger la peau.<br \/>\n<strong>Pr\u00e9vention des Irritations<\/strong>: R\u00e9duit les rougeurs, les br\u00fblures, la s\u00e9cheresse et les tensions.<br \/>\n<strong>Apparence Fra\u00eeche<\/strong>: Laisse la peau fra\u00eeche et r\u00e9g\u00e9n\u00e9r\u00e9e.<\/p>\n<p>Le Gel \u00e0 Raser Transparent Aloe Vera adoucit et soul\u00e8ve les poils pour un rasage complet tout en pr\u00e9venant activement les irritations cutan\u00e9es comme les rougeurs, les br\u00fblures, la s\u00e9cheresse et la sensation de tiraillement. Infus\u00e9 avec de l&rsquo;acide hyaluronique et de la provitamine B5, il nourrit et hydrate en profondeur votre peau, favorisant la <a href=\"https:\/\/www.lraloeverashop.eu\/fr\/produit\/baume-apres-rasage-a-laloe-vera\/\">r\u00e9g\u00e9n\u00e9ration et la vitalit\u00e9<\/a>. Le m\u00e9lange apaisant de Defensil\u2122 et d&rsquo;extrait de th\u00e9 blanc biologique fortifie la barri\u00e8re cutan\u00e9e, offrant une protection et un confort in\u00e9gal\u00e9s \u00e0 chaque rasage.<\/p>\n<p>&nbsp;<\/p>\n<h4><span style=\"font-size: 16pt;\"><strong>Comment utiliser<\/strong><\/span><\/h4>\n<ol>\n<li><strong>Humidifier<\/strong>: Mouillez la zone \u00e0 raser avec de l&rsquo;eau ti\u00e8de.<\/li>\n<li><strong>Appliquer<\/strong>: \u00c9talez le gel \u00e0 raser jusqu&rsquo;\u00e0 ce qu&rsquo;un \u00ab\u00a0film de gel\u00a0\u00bb suffisant se forme sur la peau.<\/li>\n<li><strong>Raser<\/strong>: Utilisez une lame propre et aff\u00fbt\u00e9e pour raser comme d&rsquo;habitude.<\/li>\n<li><strong>Rincer<\/strong>: Lavez la zone ras\u00e9e avec de l&rsquo;eau ti\u00e8de.<\/li>\n<\/ol>\n<p>&nbsp;<\/p>\n<p><strong>Tip:<\/strong> Pour un rasage de barbe compl\u00e8te, pensez \u00e0 utiliser la <a href=\"https:\/\/www.lraloeverashop.eu\/fr\/produit\/aloe-vera-mousse-a-raser-anti-irritation\/\">mousse \u00e0 raser apaisante \u00e0 l&rsquo;aloe vera<\/a> pour une finition encore plus lisse.<\/p>\n<p>Adoptez la clart\u00e9 et le confort du Gel \u00e0 Raser Transparent Aloe Vera pour votre prochain rasage. D\u00e9couvrez la douceur et le soin que votre peau m\u00e9rite. N&rsquo;attendez plus am\u00e9liorez votre <a href=\"https:\/\/www.lraloeverashop.eu\/fr\/produit\/mousse-a-raser-femme-aloe-vera\/\">routine de rasage<\/a> d\u00e8s aujourd&rsquo;hui et profitez d&rsquo;une finition fra\u00eeche et sans irritation \u00e0 chaque fois !<\/p>\n","protected":false},"excerpt":{"rendered":"<ul>\n<li>Gel \u00e0 raser transparent, non moussant<\/li>\n<li>Parfait pour raser les contours de la barbe<\/li>\n<li>Avec 50% d&rsquo;aloe vera, de l&rsquo;acide hyaluronique et de la provitamine B5<\/li>\n<li>Prot\u00e8ge contre les irritations de la peau telles que les rougeurs<\/li>\n<li>Avec Defensil\u2122 et extrait de th\u00e9 blanc biologique<\/li>\n<li>Contenu: 150 ml<\/li>\n<\/ul>\n<p style=\"text-align: left;\"><span style=\"color: #ff0000;\"><a style=\"color: #ff0000;\" href=\"https:\/\/shop.lrworld.com\/openpao?PHP=0vFlt7jT938BEnBI3a6e9w%3D%3D\"><span style=\"font-size: 14pt;\"><strong>Inscrivez-vous et \u00e9conomisez 35% sur chaque commande<\/strong><\/span><\/a><\/span><\/p>\n","protected":false},"featured_media":16212,"comment_status":"open","ping_status":"closed","template":"","meta":{"_kad_blocks_custom_css":"","_kad_blocks_head_custom_js":"","_kad_blocks_body_custom_js":"","_kad_blocks_footer_custom_js":"","_kadence_starter_templates_imported_post":false,"_kad_post_transparent":"default","_kad_post_title":"","_kad_post_layout":"default","_kad_post_sidebar_id":"","_kad_post_content_style":"default","_kad_post_vertical_padding":"default","_kad_post_feature":"","_kad_post_feature_position":"","_kad_post_header":false,"_kad_post_footer":false,"_kad_post_classname":""},"product_brand":[],"product_cat":[212,248],"product_tag":[518,529],"class_list":{"0":"post-16219","1":"product","2":"type-product","3":"status-publish","4":"has-post-thumbnail","6":"product_cat-aloe-vera-fr","7":"product_cat-soins-pour-homme","8":"product_tag-barbe","9":"product_tag-produits-pour-hommes","11":"first","12":"instock","13":"taxable","14":"shipping-taxable","15":"purchasable","16":"product-type-simple","17":"entry","18":"content-bg","19":"loop-entry"},"yoast_head":"<!-- This site is optimized with the Yoast SEO Premium plugin v27.4 (Yoast SEO v27.4) - https:\/\/yoast.com\/product\/yoast-seo-premium-wordpress\/ -->\n<title>Gel \u00e0 Raser Transparent Aloe Vera pour un rasage sup\u00e9rieur<\/title>\n<meta name=\"description\" content=\"Adoptez la clart\u00e9 et le confort du Gel \u00e0 Raser Transparent Aloe Vera pour votre prochain rasage. D\u00e9couvrez la douceur et le soin que votre peau m\u00e9rite.\" \/>\n<meta name=\"robots\" content=\"index, follow, max-snippet:-1, max-image-preview:large, max-video-preview:-1\" \/>\n<link rel=\"canonical\" href=\"https:\/\/www.lraloeverashop.eu\/fr\/produit\/gel-a-raser-transparent-aloe-vera\/\" \/>\n<meta property=\"og:locale\" content=\"fr_FR\" \/>\n<meta property=\"og:type\" content=\"article\" \/>\n<meta property=\"og:title\" content=\"Gel \u00e0 Raser Transparent Aloe Vera\" \/>\n<meta property=\"og:description\" content=\"Adoptez la clart\u00e9 et le confort du Gel \u00e0 Raser Transparent Aloe Vera pour votre prochain rasage. D\u00e9couvrez la douceur et le soin que votre peau m\u00e9rite.\" \/>\n<meta property=\"og:url\" content=\"https:\/\/www.lraloeverashop.eu\/fr\/produit\/gel-a-raser-transparent-aloe-vera\/\" \/>\n<meta property=\"og:site_name\" content=\"Boutique Lr Aloe Vera\" \/>\n<meta property=\"article:publisher\" content=\"https:\/\/www.facebook.com\/lraloeverashop.eu\" \/>\n<meta property=\"article:modified_time\" content=\"2026-04-19T05:50:00+00:00\" \/>\n<meta property=\"og:image\" content=\"https:\/\/www.lraloeverashop.eu\/wp-content\/uploads\/2024\/07\/Aloe-Vera-Clear-Shaving-Gel.jpg\" \/>\n\t<meta property=\"og:image:width\" content=\"1200\" \/>\n\t<meta property=\"og:image:height\" content=\"1200\" \/>\n\t<meta property=\"og:image:type\" content=\"image\/jpeg\" \/>\n<meta name=\"twitter:card\" content=\"summary_large_image\" \/>\n<meta name=\"twitter:site\" content=\"@natur__kosmetik\" \/>\n<script type=\"application\/ld+json\" class=\"yoast-schema-graph\">{\"@context\":\"https:\\\/\\\/schema.org\",\"@graph\":[{\"@type\":[\"WebPage\",\"ItemPage\"],\"@id\":\"https:\\\/\\\/www.lraloeverashop.eu\\\/fr\\\/produit\\\/gel-a-raser-transparent-aloe-vera\\\/\",\"url\":\"https:\\\/\\\/www.lraloeverashop.eu\\\/fr\\\/produit\\\/gel-a-raser-transparent-aloe-vera\\\/\",\"name\":\"Gel \u00e0 Raser Transparent Aloe Vera pour un rasage sup\u00e9rieur\",\"isPartOf\":{\"@id\":\"https:\\\/\\\/www.lraloeverashop.eu\\\/fr\\\/#website\"},\"primaryImageOfPage\":{\"@id\":\"https:\\\/\\\/www.lraloeverashop.eu\\\/fr\\\/produit\\\/gel-a-raser-transparent-aloe-vera\\\/#primaryimage\"},\"image\":{\"@id\":\"https:\\\/\\\/www.lraloeverashop.eu\\\/fr\\\/produit\\\/gel-a-raser-transparent-aloe-vera\\\/#primaryimage\"},\"thumbnailUrl\":\"https:\\\/\\\/www.lraloeverashop.eu\\\/wp-content\\\/uploads\\\/2024\\\/07\\\/Aloe-Vera-Clear-Shaving-Gel.jpg\",\"datePublished\":\"2024-07-12T13:05:38+00:00\",\"dateModified\":\"2026-04-19T05:50:00+00:00\",\"description\":\"Adoptez la clart\u00e9 et le confort du Gel \u00e0 Raser Transparent Aloe Vera pour votre prochain rasage. D\u00e9couvrez la douceur et le soin que votre peau m\u00e9rite.\",\"breadcrumb\":{\"@id\":\"https:\\\/\\\/www.lraloeverashop.eu\\\/fr\\\/produit\\\/gel-a-raser-transparent-aloe-vera\\\/#breadcrumb\"},\"inLanguage\":\"fr-FR\",\"potentialAction\":[{\"@type\":\"ReadAction\",\"target\":[\"https:\\\/\\\/www.lraloeverashop.eu\\\/fr\\\/produit\\\/gel-a-raser-transparent-aloe-vera\\\/\"]}]},{\"@type\":\"ImageObject\",\"inLanguage\":\"fr-FR\",\"@id\":\"https:\\\/\\\/www.lraloeverashop.eu\\\/fr\\\/produit\\\/gel-a-raser-transparent-aloe-vera\\\/#primaryimage\",\"url\":\"https:\\\/\\\/www.lraloeverashop.eu\\\/wp-content\\\/uploads\\\/2024\\\/07\\\/Aloe-Vera-Clear-Shaving-Gel.jpg\",\"contentUrl\":\"https:\\\/\\\/www.lraloeverashop.eu\\\/wp-content\\\/uploads\\\/2024\\\/07\\\/Aloe-Vera-Clear-Shaving-Gel.jpg\",\"width\":1200,\"height\":1200,\"caption\":\"Gel de rasage transparent Aloe Vera pour des contours de barbe parfaits\"},{\"@type\":\"BreadcrumbList\",\"@id\":\"https:\\\/\\\/www.lraloeverashop.eu\\\/fr\\\/produit\\\/gel-a-raser-transparent-aloe-vera\\\/#breadcrumb\",\"itemListElement\":[{\"@type\":\"ListItem\",\"position\":1,\"name\":\"Home\",\"item\":\"https:\\\/\\\/www.lraloeverashop.eu\\\/fr\\\/\"},{\"@type\":\"ListItem\",\"position\":2,\"name\":\"Boutique\",\"item\":\"https:\\\/\\\/www.lraloeverashop.eu\\\/fr\\\/boutique\\\/\"},{\"@type\":\"ListItem\",\"position\":3,\"name\":\"Gel \u00e0 Raser Transparent Aloe Vera\"}]},{\"@type\":\"WebSite\",\"@id\":\"https:\\\/\\\/www.lraloeverashop.eu\\\/fr\\\/#website\",\"url\":\"https:\\\/\\\/www.lraloeverashop.eu\\\/fr\\\/\",\"name\":\"Boutique Lr Aloe Vera\",\"description\":\"High Quality Lr Aloe Vera Gel, Aloe Vera Cream and Shampoo\",\"publisher\":{\"@id\":\"https:\\\/\\\/www.lraloeverashop.eu\\\/fr\\\/#organization\"},\"potentialAction\":[{\"@type\":\"SearchAction\",\"target\":{\"@type\":\"EntryPoint\",\"urlTemplate\":\"https:\\\/\\\/www.lraloeverashop.eu\\\/fr\\\/?s={search_term_string}\"},\"query-input\":{\"@type\":\"PropertyValueSpecification\",\"valueRequired\":true,\"valueName\":\"search_term_string\"}}],\"inLanguage\":\"fr-FR\"},{\"@type\":\"Organization\",\"@id\":\"https:\\\/\\\/www.lraloeverashop.eu\\\/fr\\\/#organization\",\"name\":\"Boutique Lr Aloe Vera\",\"alternateName\":\"LR\",\"url\":\"https:\\\/\\\/www.lraloeverashop.eu\\\/fr\\\/\",\"logo\":{\"@type\":\"ImageObject\",\"inLanguage\":\"fr-FR\",\"@id\":\"https:\\\/\\\/www.lraloeverashop.eu\\\/fr\\\/#\\\/schema\\\/logo\\\/image\\\/\",\"url\":\"https:\\\/\\\/www.lraloeverashop.eu\\\/wp-content\\\/uploads\\\/2022\\\/09\\\/cropped-Lr-Aloe-Vera-Shop.jpg\",\"contentUrl\":\"https:\\\/\\\/www.lraloeverashop.eu\\\/wp-content\\\/uploads\\\/2022\\\/09\\\/cropped-Lr-Aloe-Vera-Shop.jpg\",\"width\":228,\"height\":76,\"caption\":\"Boutique Lr Aloe Vera\"},\"image\":{\"@id\":\"https:\\\/\\\/www.lraloeverashop.eu\\\/fr\\\/#\\\/schema\\\/logo\\\/image\\\/\"},\"sameAs\":[\"https:\\\/\\\/www.facebook.com\\\/lraloeverashop.eu\",\"https:\\\/\\\/x.com\\\/natur__kosmetik\",\"https:\\\/\\\/www.youtube.com\\\/channel\\\/UC5oN7BJ8nfYb8RpVtjwDEBA\",\"https:\\\/\\\/www.instagram.com\\\/lrbeautyeu\\\/\"],\"description\":\"La boutique LR Aloe Vera est votre destination de confiance pour les produits de sant\u00e9 et de beaut\u00e9 haut de gamme LR, fabriqu\u00e9s en Allemagne. Nous proposons des soins de la peau, des compl\u00e9ments nutritionnels et des solutions anti-\u00e2ge \u00e0 l'aloe vera de haute qualit\u00e9, \u00e9labor\u00e9s \u00e0 partir d'ingr\u00e9dients purs et valid\u00e9s par la recherche scientifique. D\u00e9couvrez des soins naturels qui r\u00e9g\u00e9n\u00e8rent, prot\u00e8gent et revitalisent votre peau, et profitez d'offres mensuelles exclusives sur nos produits LR Aloe Vera les plus vendus.\\n\\nCommencez d\u00e8s aujourd'hui votre parcours vers des soins naturels et constatez la diff\u00e9rence.\",\"email\":\"info@lraloeverashop.eu\",\"telephone\":\"+49 17670609653\",\"legalName\":\"Lr Aloe Vera Shop\",\"foundingDate\":\"2018-04-21\",\"numberOfEmployees\":{\"@type\":\"QuantitativeValue\",\"minValue\":\"1\",\"maxValue\":\"10\"}}]}<\/script>\n<meta property=\"product:price:amount\" content=\"14.39\" \/>\n<meta property=\"product:price:currency\" content=\"EUR\" \/>\n<meta property=\"og:availability\" content=\"instock\" \/>\n<meta property=\"product:availability\" content=\"instock\" \/>\n<meta property=\"product:retailer_item_id\" content=\"20446-1FR\" \/>\n<meta property=\"product:condition\" content=\"new\" \/>\n<!-- \/ Yoast SEO Premium plugin. -->","yoast_head_json":{"title":"Gel \u00e0 Raser Transparent Aloe Vera pour un rasage sup\u00e9rieur","description":"Adoptez la clart\u00e9 et le confort du Gel \u00e0 Raser Transparent Aloe Vera pour votre prochain rasage. D\u00e9couvrez la douceur et le soin que votre peau m\u00e9rite.","robots":{"index":"index","follow":"follow","max-snippet":"max-snippet:-1","max-image-preview":"max-image-preview:large","max-video-preview":"max-video-preview:-1"},"canonical":"https:\/\/www.lraloeverashop.eu\/fr\/produit\/gel-a-raser-transparent-aloe-vera\/","og_locale":"fr_FR","og_type":"article","og_title":"Gel \u00e0 Raser Transparent Aloe Vera","og_description":"Adoptez la clart\u00e9 et le confort du Gel \u00e0 Raser Transparent Aloe Vera pour votre prochain rasage. D\u00e9couvrez la douceur et le soin que votre peau m\u00e9rite.","og_url":"https:\/\/www.lraloeverashop.eu\/fr\/produit\/gel-a-raser-transparent-aloe-vera\/","og_site_name":"Boutique Lr Aloe Vera","article_publisher":"https:\/\/www.facebook.com\/lraloeverashop.eu","article_modified_time":"2026-04-19T05:50:00+00:00","og_image":[{"width":1200,"height":1200,"url":"https:\/\/www.lraloeverashop.eu\/wp-content\/uploads\/2024\/07\/Aloe-Vera-Clear-Shaving-Gel.jpg","type":"image\/jpeg"}],"twitter_card":"summary_large_image","twitter_site":"@natur__kosmetik","schema":{"@context":"https:\/\/schema.org","@graph":[{"@type":["WebPage","ItemPage"],"@id":"https:\/\/www.lraloeverashop.eu\/fr\/produit\/gel-a-raser-transparent-aloe-vera\/","url":"https:\/\/www.lraloeverashop.eu\/fr\/produit\/gel-a-raser-transparent-aloe-vera\/","name":"Gel \u00e0 Raser Transparent Aloe Vera pour un rasage sup\u00e9rieur","isPartOf":{"@id":"https:\/\/www.lraloeverashop.eu\/fr\/#website"},"primaryImageOfPage":{"@id":"https:\/\/www.lraloeverashop.eu\/fr\/produit\/gel-a-raser-transparent-aloe-vera\/#primaryimage"},"image":{"@id":"https:\/\/www.lraloeverashop.eu\/fr\/produit\/gel-a-raser-transparent-aloe-vera\/#primaryimage"},"thumbnailUrl":"https:\/\/www.lraloeverashop.eu\/wp-content\/uploads\/2024\/07\/Aloe-Vera-Clear-Shaving-Gel.jpg","datePublished":"2024-07-12T13:05:38+00:00","dateModified":"2026-04-19T05:50:00+00:00","description":"Adoptez la clart\u00e9 et le confort du Gel \u00e0 Raser Transparent Aloe Vera pour votre prochain rasage. D\u00e9couvrez la douceur et le soin que votre peau m\u00e9rite.","breadcrumb":{"@id":"https:\/\/www.lraloeverashop.eu\/fr\/produit\/gel-a-raser-transparent-aloe-vera\/#breadcrumb"},"inLanguage":"fr-FR","potentialAction":[{"@type":"ReadAction","target":["https:\/\/www.lraloeverashop.eu\/fr\/produit\/gel-a-raser-transparent-aloe-vera\/"]}]},{"@type":"ImageObject","inLanguage":"fr-FR","@id":"https:\/\/www.lraloeverashop.eu\/fr\/produit\/gel-a-raser-transparent-aloe-vera\/#primaryimage","url":"https:\/\/www.lraloeverashop.eu\/wp-content\/uploads\/2024\/07\/Aloe-Vera-Clear-Shaving-Gel.jpg","contentUrl":"https:\/\/www.lraloeverashop.eu\/wp-content\/uploads\/2024\/07\/Aloe-Vera-Clear-Shaving-Gel.jpg","width":1200,"height":1200,"caption":"Gel de rasage transparent Aloe Vera pour des contours de barbe parfaits"},{"@type":"BreadcrumbList","@id":"https:\/\/www.lraloeverashop.eu\/fr\/produit\/gel-a-raser-transparent-aloe-vera\/#breadcrumb","itemListElement":[{"@type":"ListItem","position":1,"name":"Home","item":"https:\/\/www.lraloeverashop.eu\/fr\/"},{"@type":"ListItem","position":2,"name":"Boutique","item":"https:\/\/www.lraloeverashop.eu\/fr\/boutique\/"},{"@type":"ListItem","position":3,"name":"Gel \u00e0 Raser Transparent Aloe Vera"}]},{"@type":"WebSite","@id":"https:\/\/www.lraloeverashop.eu\/fr\/#website","url":"https:\/\/www.lraloeverashop.eu\/fr\/","name":"Boutique Lr Aloe Vera","description":"High Quality Lr Aloe Vera Gel, Aloe Vera Cream and Shampoo","publisher":{"@id":"https:\/\/www.lraloeverashop.eu\/fr\/#organization"},"potentialAction":[{"@type":"SearchAction","target":{"@type":"EntryPoint","urlTemplate":"https:\/\/www.lraloeverashop.eu\/fr\/?s={search_term_string}"},"query-input":{"@type":"PropertyValueSpecification","valueRequired":true,"valueName":"search_term_string"}}],"inLanguage":"fr-FR"},{"@type":"Organization","@id":"https:\/\/www.lraloeverashop.eu\/fr\/#organization","name":"Boutique Lr Aloe Vera","alternateName":"LR","url":"https:\/\/www.lraloeverashop.eu\/fr\/","logo":{"@type":"ImageObject","inLanguage":"fr-FR","@id":"https:\/\/www.lraloeverashop.eu\/fr\/#\/schema\/logo\/image\/","url":"https:\/\/www.lraloeverashop.eu\/wp-content\/uploads\/2022\/09\/cropped-Lr-Aloe-Vera-Shop.jpg","contentUrl":"https:\/\/www.lraloeverashop.eu\/wp-content\/uploads\/2022\/09\/cropped-Lr-Aloe-Vera-Shop.jpg","width":228,"height":76,"caption":"Boutique Lr Aloe Vera"},"image":{"@id":"https:\/\/www.lraloeverashop.eu\/fr\/#\/schema\/logo\/image\/"},"sameAs":["https:\/\/www.facebook.com\/lraloeverashop.eu","https:\/\/x.com\/natur__kosmetik","https:\/\/www.youtube.com\/channel\/UC5oN7BJ8nfYb8RpVtjwDEBA","https:\/\/www.instagram.com\/lrbeautyeu\/"],"description":"La boutique LR Aloe Vera est votre destination de confiance pour les produits de sant\u00e9 et de beaut\u00e9 haut de gamme LR, fabriqu\u00e9s en Allemagne. Nous proposons des soins de la peau, des compl\u00e9ments nutritionnels et des solutions anti-\u00e2ge \u00e0 l'aloe vera de haute qualit\u00e9, \u00e9labor\u00e9s \u00e0 partir d'ingr\u00e9dients purs et valid\u00e9s par la recherche scientifique. D\u00e9couvrez des soins naturels qui r\u00e9g\u00e9n\u00e8rent, prot\u00e8gent et revitalisent votre peau, et profitez d'offres mensuelles exclusives sur nos produits LR Aloe Vera les plus vendus.\n\nCommencez d\u00e8s aujourd'hui votre parcours vers des soins naturels et constatez la diff\u00e9rence.","email":"info@lraloeverashop.eu","telephone":"+49 17670609653","legalName":"Lr Aloe Vera Shop","foundingDate":"2018-04-21","numberOfEmployees":{"@type":"QuantitativeValue","minValue":"1","maxValue":"10"}}]},"product_price_amount":"14.39","product_price_currency":"EUR","og_availability":"instock","product_availability":"instock","product_retailer_item_id":"20446-1FR","product_condition":"new"},"taxonomy_info":{"product_cat":[{"value":212,"label":"Aloe Vera"},{"value":248,"label":"Soins pour homme"}],"product_tag":[{"value":518,"label":"Barbe"},{"value":529,"label":"Produits pour hommes"}]},"featured_image_src_large":["https:\/\/www.lraloeverashop.eu\/wp-content\/uploads\/2024\/07\/Aloe-Vera-Clear-Shaving-Gel-1024x1024.jpg",1024,1024,true],"author_info":[],"comment_info":0,"_links":{"self":[{"href":"https:\/\/www.lraloeverashop.eu\/fr\/wp-json\/wp\/v2\/product\/16219","targetHints":{"allow":["GET"]}}],"collection":[{"href":"https:\/\/www.lraloeverashop.eu\/fr\/wp-json\/wp\/v2\/product"}],"about":[{"href":"https:\/\/www.lraloeverashop.eu\/fr\/wp-json\/wp\/v2\/types\/product"}],"replies":[{"embeddable":true,"href":"https:\/\/www.lraloeverashop.eu\/fr\/wp-json\/wp\/v2\/comments?post=16219"}],"wp:featuredmedia":[{"embeddable":true,"href":"https:\/\/www.lraloeverashop.eu\/fr\/wp-json\/wp\/v2\/media\/16212"}],"wp:attachment":[{"href":"https:\/\/www.lraloeverashop.eu\/fr\/wp-json\/wp\/v2\/media?parent=16219"}],"wp:term":[{"taxonomy":"product_brand","embeddable":true,"href":"https:\/\/www.lraloeverashop.eu\/fr\/wp-json\/wp\/v2\/product_brand?post=16219"},{"taxonomy":"product_cat","embeddable":true,"href":"https:\/\/www.lraloeverashop.eu\/fr\/wp-json\/wp\/v2\/product_cat?post=16219"},{"taxonomy":"product_tag","embeddable":true,"href":"https:\/\/www.lraloeverashop.eu\/fr\/wp-json\/wp\/v2\/product_tag?post=16219"}],"curies":[{"name":"wp","href":"https:\/\/api.w.org\/{rel}","templated":true}]}}