{"id":15745,"date":"2024-06-16T12:17:12","date_gmt":"2024-06-16T10:17:12","guid":{"rendered":"https:\/\/www.lraloeverashop.eu\/product\/serum-visage-zeitgard-niacinamide\/"},"modified":"2026-02-02T18:21:16","modified_gmt":"2026-02-02T17:21:16","slug":"serum-visage-zeitgard-niacinamide","status":"publish","type":"product","link":"https:\/\/www.lraloeverashop.eu\/fr\/produit\/serum-visage-zeitgard-niacinamide\/","title":{"rendered":"Serum visage Zeitgard Niacinamide"},"content":{"rendered":"<h2><span style=\"font-size: 16pt;\"><strong>Serum visage Zeitgard Niacinamide<\/strong><\/span><\/h2>\n<p><span style=\"font-size: 14pt;\"><strong>Serum visage Zeitgard Niacinamide R\u00e9duit les Pores et Am\u00e9liore l&rsquo;\u00c9lasticit\u00e9<\/strong><\/span><\/p>\n<p>D\u00e9couvrez le pouvoir transformateur du Serum visage Zeitgard Niacinamide, sp\u00e9cialement formul\u00e9 pour affiner la texture de votre peau et r\u00e9duire les pores. Infus\u00e9 avec une concentration puissante de 10% de niacinamide, ce s\u00e9rum stimule la production de c\u00e9ramides et de lipides, r\u00e9gule le s\u00e9bum et donne \u00e0 votre peau un \u00e9clat sain et radieux. Dites adieu \u00e0 une peau p\u00e2le et sans vie et bonjour \u00e0 un <a href=\"https:\/\/www.lraloeverashop.eu\/fr\/produit\/zeitgard-pro-set-de-soin-de-la-peau\/\">teint \u00e9quilibr\u00e9 et uniforme<\/a> qui rayonne de confiance.<\/p>\n<ul>\n<li><strong>\u00c9quilibre l&rsquo;Hyperpigmentation:<\/strong> La niacinamide aide \u00e0 <a href=\"https:\/\/www.lraloeverashop.eu\/fr\/produit\/serum-pour-le-visage-skin-balance\/\">\u00e9quilibrer l&rsquo;hyperpigmentation<\/a>, uniformisant les textures de peau rugueuses et grossi\u00e8res.<\/li>\n<li><strong>R\u00e9gule la Production de S\u00e9bum:<\/strong> Parfait pour les peaux grasses, ce s\u00e9rum matifie et contr\u00f4le l&rsquo;exc\u00e8s de s\u00e9bum.<\/li>\n<li><strong>Am\u00e9liore l&rsquo;\u00c9lasticit\u00e9:<\/strong> Renforce l&rsquo;\u00e9lasticit\u00e9 de la peau et active le renouvellement cellulaire pour un <a href=\"https:\/\/www.lraloeverashop.eu\/fr\/produit\/aloe-vera-creme-pour-les-yeux\/\">look jeune et ferme<\/a><\/li>\n<\/ul>\n<p>&nbsp;<\/p>\n<h3><span style=\"font-size: 16pt;\"><strong>Parfaite Symbiose de Niacinamide et d&rsquo;Extrait d&rsquo;Arnica Mexicaine<\/strong><\/span><\/h3>\n<p>Obtenez une peau plus ferme et plus lisse gr\u00e2ce \u00e0 la combinaison puissante de niacinamide et d&rsquo;extrait d&rsquo;arnica mexicaine. Ce duo dynamique du Serum visage Zeitgard Niacinamide assure des rides visiblement r\u00e9duites et une irritation de la peau significativement moindre, ce qui le rend id\u00e9al pour tous les types de peau, en particulier ceux avec des pores visibles et des <a href=\"https:\/\/www.lraloeverashop.eu\/fr\/creme-de-jour-aloe-vera-apaise-et-hydrate\/\">textures in\u00e9gales<\/a>.<\/p>\n<ul>\n<li><strong>R\u00e9duit les Rides:<\/strong> Une utilisation r\u00e9guli\u00e8re diminue l&rsquo;apparence des ridules et des rides.<\/li>\n<li><strong>Apaise les Irritations:<\/strong> L&rsquo;extrait d&rsquo;arnica mexicaine calme et apaise la peau, r\u00e9duisant les rougeurs et les irritations.<\/li>\n<li><strong>Favorise la R\u00e9g\u00e9n\u00e9ration de la Peau:<\/strong> Acc\u00e9l\u00e8re la r\u00e9g\u00e9n\u00e9ration cellulaire pour un teint plus frais et plus jeune.<\/li>\n<\/ul>\n<h3><span style=\"font-size: 16pt;\"><strong>Int\u00e9grez le Serum visage Zeitgard Niacinamide Facilement Dans Votre Routine de Soins de la Peau<\/strong><\/span><\/h3>\n<p>Que vous soyez novice en mati\u00e8re de soins de la peau ou un professionnel chevronn\u00e9, int\u00e9grer le Lr Zeitgard Niacinamide Serum dans votre routine est simple et efficace. Commencez avec 1-2 gouttes pour une introduction douce, puis augmentez progressivement \u00e0 3-4 gouttes pour des b\u00e9n\u00e9fices avanc\u00e9s. Pour de meilleurs r\u00e9sultats, appliquez sur une peau nettoy\u00e9e avant vos produits de soin de jour ou de nuit.<\/p>\n<p>&nbsp;<\/p>\n<h3><strong>Comment Utiliser<\/strong><\/h3>\n<p>Nous recommandons d&rsquo;int\u00e9grer progressivement le tr\u00e8s efficace Serum Visage Zeitgard Niacinamide dans votre routine de soins du visage afin que votre peau puisse s&rsquo;habituer progressivement \u00e0 l&rsquo;ingr\u00e9dient actif. Pourquoi ? Le s\u00e9rum de niacinamide contient une concentration \u00e9lev\u00e9e de 10%, qui est bien s\u00fbr inoffensive pour la peau. Cependant, chaque peau r\u00e9agit diff\u00e9remment aux concentrations \u00e9lev\u00e9es, c&rsquo;est pourquoi il est conseill\u00e9 d&rsquo;introduire lentement l&rsquo;ingr\u00e9dient actif.<\/p>\n<ul>\n<li><strong>D\u00e9butants:<\/strong> Commencez avec 1-2 gouttes une fois par jour.<\/li>\n<li><strong>Utilisateurs Avanc\u00e9s:<\/strong> Utilisez 3-4 gouttes le matin et\/ou le soir.<\/li>\n<\/ul>\n<p><strong>Conseil Pro:<\/strong> Suivez avec les soins Lr Zeitgard Beauty Diamonds, Nanogold ou Platinum en fonction des besoins de votre peau li\u00e9s \u00e0 l&rsquo;\u00e2ge pour des r\u00e9sultats am\u00e9lior\u00e9s.<\/p>\n","protected":false},"excerpt":{"rendered":"<ul>\n<li>Affine la texture de la peau et les pores<\/li>\n<li>Stimule la production de c\u00e9ramides, lipides et r\u00e9gule la production de s\u00e9bum<\/li>\n<li>Donne un \u00e9clat sain \u00e0 la peau du visage p\u00e2le<\/li>\n<li>Lisse les peaux rugueuses et grossi\u00e8res<\/li>\n<li>Matifie les peaux grasses<\/li>\n<li>Augmente l&rsquo;\u00e9lasticit\u00e9 de la peau<\/li>\n<li>Contenu: 30 ml<\/li>\n<\/ul>\n<p style=\"text-align: left;\"><span style=\"color: #ff0000;\"><a style=\"color: #ff0000;\" href=\"https:\/\/shop.lrworld.com\/openpao?PHP=0vFlt7jT938BEnBI3a6e9w%3D%3D\"><span style=\"font-size: 14pt;\"><strong>Inscrivez-vous et \u00e9conomisez 35% sur chaque commande<\/strong><\/span><\/a><\/span><\/p>\n","protected":false},"featured_media":15738,"comment_status":"open","ping_status":"closed","template":"","meta":{"_kad_blocks_custom_css":"","_kad_blocks_head_custom_js":"","_kad_blocks_body_custom_js":"","_kad_blocks_footer_custom_js":"","_kadence_starter_templates_imported_post":false,"_kad_post_transparent":"default","_kad_post_title":"","_kad_post_layout":"default","_kad_post_sidebar_id":"","_kad_post_content_style":"default","_kad_post_vertical_padding":"default","_kad_post_feature":"","_kad_post_feature_position":"","_kad_post_header":false,"_kad_post_footer":false,"_kad_post_classname":""},"product_brand":[],"product_cat":[278,284,272,327,266,392],"product_tag":[698],"class_list":{"0":"post-15745","1":"product","2":"type-product","3":"status-publish","4":"has-post-thumbnail","6":"product_cat-femmes-de-plus-de-40-ans","7":"product_cat-femmes-jusqua-40-ans","8":"product_cat-hommes-a-partir-de-25-ans","9":"product_cat-produits-anti-age","10":"product_cat-soins-anti-age","11":"product_cat-zeitgard-fr","12":"product_tag-pour-les-rides-du-visage","14":"first","15":"instock","16":"taxable","17":"shipping-taxable","18":"purchasable","19":"product-type-simple","20":"entry","21":"content-bg","22":"loop-entry"},"yoast_head":"<!-- This site is optimized with the Yoast SEO Premium plugin v27.3 (Yoast SEO v27.3) - https:\/\/yoast.com\/product\/yoast-seo-premium-wordpress\/ -->\n<title>Serum visage Zeitgard Niacinamide pour une peau impeccable<\/title>\n<meta name=\"description\" content=\"D\u00e9couvrez un \u00e9clat sain et radieux avec notre Serum visage Zeitgard Niacinamide. R\u00e9duisez les pores et am\u00e9liorez l&#039;\u00e9lasticit\u00e9 pour un teint confiant\" \/>\n<meta name=\"robots\" content=\"index, follow, max-snippet:-1, max-image-preview:large, max-video-preview:-1\" \/>\n<link rel=\"canonical\" href=\"https:\/\/www.lraloeverashop.eu\/fr\/produit\/serum-visage-zeitgard-niacinamide\/\" \/>\n<meta property=\"og:locale\" content=\"fr_FR\" \/>\n<meta property=\"og:type\" content=\"article\" \/>\n<meta property=\"og:title\" content=\"Serum visage Zeitgard Niacinamide\" \/>\n<meta property=\"og:description\" content=\"D\u00e9couvrez un \u00e9clat sain et radieux avec notre Serum visage Zeitgard Niacinamide. R\u00e9duisez les pores et am\u00e9liorez l&#039;\u00e9lasticit\u00e9 pour un teint confiant\" \/>\n<meta property=\"og:url\" content=\"https:\/\/www.lraloeverashop.eu\/fr\/produit\/serum-visage-zeitgard-niacinamide\/\" \/>\n<meta property=\"og:site_name\" content=\"Boutique Lr Aloe Vera\" \/>\n<meta property=\"article:publisher\" content=\"https:\/\/www.facebook.com\/lraloeverashop.eu\" \/>\n<meta property=\"article:modified_time\" content=\"2026-02-02T17:21:16+00:00\" \/>\n<meta property=\"og:image\" content=\"https:\/\/www.lraloeverashop.eu\/wp-content\/uploads\/2024\/06\/Zeitgard-Niacinamide-Face-Serum.jpg\" \/>\n\t<meta property=\"og:image:width\" content=\"1200\" \/>\n\t<meta property=\"og:image:height\" content=\"1200\" \/>\n\t<meta property=\"og:image:type\" content=\"image\/jpeg\" \/>\n<meta name=\"twitter:card\" content=\"summary_large_image\" \/>\n<meta name=\"twitter:site\" content=\"@natur__kosmetik\" \/>\n<script type=\"application\/ld+json\" class=\"yoast-schema-graph\">{\"@context\":\"https:\\\/\\\/schema.org\",\"@graph\":[{\"@type\":[\"WebPage\",\"ItemPage\"],\"@id\":\"https:\\\/\\\/www.lraloeverashop.eu\\\/fr\\\/produit\\\/serum-visage-zeitgard-niacinamide\\\/\",\"url\":\"https:\\\/\\\/www.lraloeverashop.eu\\\/fr\\\/produit\\\/serum-visage-zeitgard-niacinamide\\\/\",\"name\":\"Serum visage Zeitgard Niacinamide pour une peau impeccable\",\"isPartOf\":{\"@id\":\"https:\\\/\\\/www.lraloeverashop.eu\\\/fr\\\/#website\"},\"primaryImageOfPage\":{\"@id\":\"https:\\\/\\\/www.lraloeverashop.eu\\\/fr\\\/produit\\\/serum-visage-zeitgard-niacinamide\\\/#primaryimage\"},\"image\":{\"@id\":\"https:\\\/\\\/www.lraloeverashop.eu\\\/fr\\\/produit\\\/serum-visage-zeitgard-niacinamide\\\/#primaryimage\"},\"thumbnailUrl\":\"https:\\\/\\\/www.lraloeverashop.eu\\\/wp-content\\\/uploads\\\/2024\\\/06\\\/Zeitgard-Niacinamide-Face-Serum.jpg\",\"datePublished\":\"2024-06-16T10:17:12+00:00\",\"dateModified\":\"2026-02-02T17:21:16+00:00\",\"description\":\"D\u00e9couvrez un \u00e9clat sain et radieux avec notre Serum visage Zeitgard Niacinamide. R\u00e9duisez les pores et am\u00e9liorez l'\u00e9lasticit\u00e9 pour un teint confiant\",\"breadcrumb\":{\"@id\":\"https:\\\/\\\/www.lraloeverashop.eu\\\/fr\\\/produit\\\/serum-visage-zeitgard-niacinamide\\\/#breadcrumb\"},\"inLanguage\":\"fr-FR\",\"potentialAction\":[{\"@type\":\"ReadAction\",\"target\":[\"https:\\\/\\\/www.lraloeverashop.eu\\\/fr\\\/produit\\\/serum-visage-zeitgard-niacinamide\\\/\"]}]},{\"@type\":\"ImageObject\",\"inLanguage\":\"fr-FR\",\"@id\":\"https:\\\/\\\/www.lraloeverashop.eu\\\/fr\\\/produit\\\/serum-visage-zeitgard-niacinamide\\\/#primaryimage\",\"url\":\"https:\\\/\\\/www.lraloeverashop.eu\\\/wp-content\\\/uploads\\\/2024\\\/06\\\/Zeitgard-Niacinamide-Face-Serum.jpg\",\"contentUrl\":\"https:\\\/\\\/www.lraloeverashop.eu\\\/wp-content\\\/uploads\\\/2024\\\/06\\\/Zeitgard-Niacinamide-Face-Serum.jpg\",\"width\":1200,\"height\":1200,\"caption\":\"Le s\u00e9rum visage Zeitgard Niacinamide minimise les pores et augmente l'\u00e9lasticit\u00e9\"},{\"@type\":\"BreadcrumbList\",\"@id\":\"https:\\\/\\\/www.lraloeverashop.eu\\\/fr\\\/produit\\\/serum-visage-zeitgard-niacinamide\\\/#breadcrumb\",\"itemListElement\":[{\"@type\":\"ListItem\",\"position\":1,\"name\":\"Home\",\"item\":\"https:\\\/\\\/www.lraloeverashop.eu\\\/fr\\\/\"},{\"@type\":\"ListItem\",\"position\":2,\"name\":\"Boutique\",\"item\":\"https:\\\/\\\/www.lraloeverashop.eu\\\/fr\\\/boutique\\\/\"},{\"@type\":\"ListItem\",\"position\":3,\"name\":\"Serum visage Zeitgard Niacinamide\"}]},{\"@type\":\"WebSite\",\"@id\":\"https:\\\/\\\/www.lraloeverashop.eu\\\/fr\\\/#website\",\"url\":\"https:\\\/\\\/www.lraloeverashop.eu\\\/fr\\\/\",\"name\":\"Boutique Lr Aloe Vera\",\"description\":\"High Quality Lr Aloe Vera Gel, Aloe Vera Cream and Shampoo\",\"publisher\":{\"@id\":\"https:\\\/\\\/www.lraloeverashop.eu\\\/fr\\\/#organization\"},\"potentialAction\":[{\"@type\":\"SearchAction\",\"target\":{\"@type\":\"EntryPoint\",\"urlTemplate\":\"https:\\\/\\\/www.lraloeverashop.eu\\\/fr\\\/?s={search_term_string}\"},\"query-input\":{\"@type\":\"PropertyValueSpecification\",\"valueRequired\":true,\"valueName\":\"search_term_string\"}}],\"inLanguage\":\"fr-FR\"},{\"@type\":\"Organization\",\"@id\":\"https:\\\/\\\/www.lraloeverashop.eu\\\/fr\\\/#organization\",\"name\":\"Boutique Lr Aloe Vera\",\"alternateName\":\"LR\",\"url\":\"https:\\\/\\\/www.lraloeverashop.eu\\\/fr\\\/\",\"logo\":{\"@type\":\"ImageObject\",\"inLanguage\":\"fr-FR\",\"@id\":\"https:\\\/\\\/www.lraloeverashop.eu\\\/fr\\\/#\\\/schema\\\/logo\\\/image\\\/\",\"url\":\"https:\\\/\\\/www.lraloeverashop.eu\\\/wp-content\\\/uploads\\\/2022\\\/09\\\/cropped-Lr-Aloe-Vera-Shop.jpg\",\"contentUrl\":\"https:\\\/\\\/www.lraloeverashop.eu\\\/wp-content\\\/uploads\\\/2022\\\/09\\\/cropped-Lr-Aloe-Vera-Shop.jpg\",\"width\":228,\"height\":76,\"caption\":\"Boutique Lr Aloe Vera\"},\"image\":{\"@id\":\"https:\\\/\\\/www.lraloeverashop.eu\\\/fr\\\/#\\\/schema\\\/logo\\\/image\\\/\"},\"sameAs\":[\"https:\\\/\\\/www.facebook.com\\\/lraloeverashop.eu\",\"https:\\\/\\\/x.com\\\/natur__kosmetik\",\"https:\\\/\\\/www.youtube.com\\\/channel\\\/UC5oN7BJ8nfYb8RpVtjwDEBA\",\"https:\\\/\\\/www.instagram.com\\\/lrbeautyeu\\\/\"]}]}<\/script>\n<meta property=\"product:price:amount\" content=\"48.59\" \/>\n<meta property=\"product:price:currency\" content=\"EUR\" \/>\n<meta property=\"og:availability\" content=\"instock\" \/>\n<meta property=\"product:availability\" content=\"instock\" \/>\n<meta property=\"product:retailer_item_id\" content=\"28280-1FR\" \/>\n<meta property=\"product:condition\" content=\"new\" \/>\n<!-- \/ Yoast SEO Premium plugin. -->","yoast_head_json":{"title":"Serum visage Zeitgard Niacinamide pour une peau impeccable","description":"D\u00e9couvrez un \u00e9clat sain et radieux avec notre Serum visage Zeitgard Niacinamide. R\u00e9duisez les pores et am\u00e9liorez l'\u00e9lasticit\u00e9 pour un teint confiant","robots":{"index":"index","follow":"follow","max-snippet":"max-snippet:-1","max-image-preview":"max-image-preview:large","max-video-preview":"max-video-preview:-1"},"canonical":"https:\/\/www.lraloeverashop.eu\/fr\/produit\/serum-visage-zeitgard-niacinamide\/","og_locale":"fr_FR","og_type":"article","og_title":"Serum visage Zeitgard Niacinamide","og_description":"D\u00e9couvrez un \u00e9clat sain et radieux avec notre Serum visage Zeitgard Niacinamide. R\u00e9duisez les pores et am\u00e9liorez l'\u00e9lasticit\u00e9 pour un teint confiant","og_url":"https:\/\/www.lraloeverashop.eu\/fr\/produit\/serum-visage-zeitgard-niacinamide\/","og_site_name":"Boutique Lr Aloe Vera","article_publisher":"https:\/\/www.facebook.com\/lraloeverashop.eu","article_modified_time":"2026-02-02T17:21:16+00:00","og_image":[{"width":1200,"height":1200,"url":"https:\/\/www.lraloeverashop.eu\/wp-content\/uploads\/2024\/06\/Zeitgard-Niacinamide-Face-Serum.jpg","type":"image\/jpeg"}],"twitter_card":"summary_large_image","twitter_site":"@natur__kosmetik","schema":{"@context":"https:\/\/schema.org","@graph":[{"@type":["WebPage","ItemPage"],"@id":"https:\/\/www.lraloeverashop.eu\/fr\/produit\/serum-visage-zeitgard-niacinamide\/","url":"https:\/\/www.lraloeverashop.eu\/fr\/produit\/serum-visage-zeitgard-niacinamide\/","name":"Serum visage Zeitgard Niacinamide pour une peau impeccable","isPartOf":{"@id":"https:\/\/www.lraloeverashop.eu\/fr\/#website"},"primaryImageOfPage":{"@id":"https:\/\/www.lraloeverashop.eu\/fr\/produit\/serum-visage-zeitgard-niacinamide\/#primaryimage"},"image":{"@id":"https:\/\/www.lraloeverashop.eu\/fr\/produit\/serum-visage-zeitgard-niacinamide\/#primaryimage"},"thumbnailUrl":"https:\/\/www.lraloeverashop.eu\/wp-content\/uploads\/2024\/06\/Zeitgard-Niacinamide-Face-Serum.jpg","datePublished":"2024-06-16T10:17:12+00:00","dateModified":"2026-02-02T17:21:16+00:00","description":"D\u00e9couvrez un \u00e9clat sain et radieux avec notre Serum visage Zeitgard Niacinamide. R\u00e9duisez les pores et am\u00e9liorez l'\u00e9lasticit\u00e9 pour un teint confiant","breadcrumb":{"@id":"https:\/\/www.lraloeverashop.eu\/fr\/produit\/serum-visage-zeitgard-niacinamide\/#breadcrumb"},"inLanguage":"fr-FR","potentialAction":[{"@type":"ReadAction","target":["https:\/\/www.lraloeverashop.eu\/fr\/produit\/serum-visage-zeitgard-niacinamide\/"]}]},{"@type":"ImageObject","inLanguage":"fr-FR","@id":"https:\/\/www.lraloeverashop.eu\/fr\/produit\/serum-visage-zeitgard-niacinamide\/#primaryimage","url":"https:\/\/www.lraloeverashop.eu\/wp-content\/uploads\/2024\/06\/Zeitgard-Niacinamide-Face-Serum.jpg","contentUrl":"https:\/\/www.lraloeverashop.eu\/wp-content\/uploads\/2024\/06\/Zeitgard-Niacinamide-Face-Serum.jpg","width":1200,"height":1200,"caption":"Le s\u00e9rum visage Zeitgard Niacinamide minimise les pores et augmente l'\u00e9lasticit\u00e9"},{"@type":"BreadcrumbList","@id":"https:\/\/www.lraloeverashop.eu\/fr\/produit\/serum-visage-zeitgard-niacinamide\/#breadcrumb","itemListElement":[{"@type":"ListItem","position":1,"name":"Home","item":"https:\/\/www.lraloeverashop.eu\/fr\/"},{"@type":"ListItem","position":2,"name":"Boutique","item":"https:\/\/www.lraloeverashop.eu\/fr\/boutique\/"},{"@type":"ListItem","position":3,"name":"Serum visage Zeitgard Niacinamide"}]},{"@type":"WebSite","@id":"https:\/\/www.lraloeverashop.eu\/fr\/#website","url":"https:\/\/www.lraloeverashop.eu\/fr\/","name":"Boutique Lr Aloe Vera","description":"High Quality Lr Aloe Vera Gel, Aloe Vera Cream and Shampoo","publisher":{"@id":"https:\/\/www.lraloeverashop.eu\/fr\/#organization"},"potentialAction":[{"@type":"SearchAction","target":{"@type":"EntryPoint","urlTemplate":"https:\/\/www.lraloeverashop.eu\/fr\/?s={search_term_string}"},"query-input":{"@type":"PropertyValueSpecification","valueRequired":true,"valueName":"search_term_string"}}],"inLanguage":"fr-FR"},{"@type":"Organization","@id":"https:\/\/www.lraloeverashop.eu\/fr\/#organization","name":"Boutique Lr Aloe Vera","alternateName":"LR","url":"https:\/\/www.lraloeverashop.eu\/fr\/","logo":{"@type":"ImageObject","inLanguage":"fr-FR","@id":"https:\/\/www.lraloeverashop.eu\/fr\/#\/schema\/logo\/image\/","url":"https:\/\/www.lraloeverashop.eu\/wp-content\/uploads\/2022\/09\/cropped-Lr-Aloe-Vera-Shop.jpg","contentUrl":"https:\/\/www.lraloeverashop.eu\/wp-content\/uploads\/2022\/09\/cropped-Lr-Aloe-Vera-Shop.jpg","width":228,"height":76,"caption":"Boutique Lr Aloe Vera"},"image":{"@id":"https:\/\/www.lraloeverashop.eu\/fr\/#\/schema\/logo\/image\/"},"sameAs":["https:\/\/www.facebook.com\/lraloeverashop.eu","https:\/\/x.com\/natur__kosmetik","https:\/\/www.youtube.com\/channel\/UC5oN7BJ8nfYb8RpVtjwDEBA","https:\/\/www.instagram.com\/lrbeautyeu\/"]}]},"product_price_amount":"48.59","product_price_currency":"EUR","og_availability":"instock","product_availability":"instock","product_retailer_item_id":"28280-1FR","product_condition":"new"},"taxonomy_info":{"product_cat":[{"value":278,"label":"Femmes de plus de 40 ans"},{"value":284,"label":"Femmes jusqu'\u00e0 40 ans"},{"value":272,"label":"Hommes \u00e0 partir de 25 ans"},{"value":327,"label":"Produits anti-\u00e2ge"},{"value":266,"label":"Soins anti-\u00e2ge"},{"value":392,"label":"Zeitgard"}],"product_tag":[{"value":698,"label":"pour les rides du visage"}]},"featured_image_src_large":["https:\/\/www.lraloeverashop.eu\/wp-content\/uploads\/2024\/06\/Zeitgard-Niacinamide-Face-Serum-1024x1024.jpg",1024,1024,true],"author_info":[],"comment_info":0,"_links":{"self":[{"href":"https:\/\/www.lraloeverashop.eu\/fr\/wp-json\/wp\/v2\/product\/15745","targetHints":{"allow":["GET"]}}],"collection":[{"href":"https:\/\/www.lraloeverashop.eu\/fr\/wp-json\/wp\/v2\/product"}],"about":[{"href":"https:\/\/www.lraloeverashop.eu\/fr\/wp-json\/wp\/v2\/types\/product"}],"replies":[{"embeddable":true,"href":"https:\/\/www.lraloeverashop.eu\/fr\/wp-json\/wp\/v2\/comments?post=15745"}],"wp:featuredmedia":[{"embeddable":true,"href":"https:\/\/www.lraloeverashop.eu\/fr\/wp-json\/wp\/v2\/media\/15738"}],"wp:attachment":[{"href":"https:\/\/www.lraloeverashop.eu\/fr\/wp-json\/wp\/v2\/media?parent=15745"}],"wp:term":[{"taxonomy":"product_brand","embeddable":true,"href":"https:\/\/www.lraloeverashop.eu\/fr\/wp-json\/wp\/v2\/product_brand?post=15745"},{"taxonomy":"product_cat","embeddable":true,"href":"https:\/\/www.lraloeverashop.eu\/fr\/wp-json\/wp\/v2\/product_cat?post=15745"},{"taxonomy":"product_tag","embeddable":true,"href":"https:\/\/www.lraloeverashop.eu\/fr\/wp-json\/wp\/v2\/product_tag?post=15745"}],"curies":[{"name":"wp","href":"https:\/\/api.w.org\/{rel}","templated":true}]}}