{"id":15346,"date":"2024-05-25T14:36:04","date_gmt":"2024-05-25T12:36:04","guid":{"rendered":"https:\/\/www.lraloeverashop.eu\/?post_type=product&#038;p=15346"},"modified":"2026-02-02T18:22:29","modified_gmt":"2026-02-02T17:22:29","slug":"lr-liver-support-gelules","status":"publish","type":"product","link":"https:\/\/www.lraloeverashop.eu\/fr\/produit\/lr-liver-support-gelules\/","title":{"rendered":"Lr Liver Support G\u00e9lules"},"content":{"rendered":"<h2><strong><span style=\"font-size: 16pt; color: #000000;\">Lr Liver Support G\u00e9lules<\/span><\/strong><\/h2>\n<p><span style=\"font-size: 14pt;\"><strong>Lr Liver Support G\u00e9lules soutient les propres processus du corps.<\/strong><\/span><\/p>\n<p>Revitalisez votre foie avec les Lr Liver Support G\u00e9lules de <a href=\"https:\/\/lrworld.com\/join-me\">Lr Health &amp; Beauty<\/a>. Formul\u00e9es avec des ingr\u00e9dients de premi\u00e8re qualit\u00e9, ces capsules sont con\u00e7ues pour favoriser une fonction h\u00e9patique saine, contribuant ainsi \u00e0 la d\u00e9toxification et au bien-\u00eatre g\u00e9n\u00e9ral. <a href=\"https:\/\/www.lraloeverashop.eu\/fr\/produit\/liver-support-gelules\/\">Lr Liver G\u00e9lules<\/a> soutient les propres processus du corps\u00b9\u00b2 avec une triple combinaison unique:<\/p>\n<p><strong>1. Approvisionnement et m\u00e9tabolisme\u00b9:<\/strong><br \/>\nSoutenir le foie dans sa fonction de r\u00e9gulation des nutriments\u00b9 &#8211; cela inclut, par exemple, B. le m\u00e9tabolisme des nutriments tels que les glucides, les prot\u00e9ines et les graisses et le stockage des vitamines (telles que A, D, B12) et des <a href=\"https:\/\/www.lraloeverashop.eu\/fr\/produit\/pro-balance-en-comprimes\/\">min\u00e9raux<\/a> (tels que le fer, cuivre, zinc et s\u00e9l\u00e9nium).<\/p>\n<p><strong>2. D\u00e9sintoxication\u00b9<\/strong><br \/>\nSoutenir le foie dans l&rsquo;\u00e9limination\u00b9, la d\u00e9composition, la concentration et l&rsquo;excr\u00e9tion des substances nocives, notamment en favorisant la synth\u00e8se de cyst\u00e9ine\u00b3\u2074 dans les processus de d\u00e9toxification du foie\u00b9.<\/p>\n<p><strong>3. Protection<\/strong><br \/>\nLe min\u00e9ral mangan\u00e8se prot\u00e8ge les cellules du stress oxydatif gr\u00e2ce aux processus m\u00e9taboliques et \u00e0 la d\u00e9toxification\u00b2. En favorisant la synth\u00e8se de cyst\u00e9ine\u00b3\u2074, le foie est prot\u00e9g\u00e9 (gr\u00e2ce \u00e0 la formation d&rsquo;antioxydants glutathion et de taurine\u00b3).<\/p>\n<p>Lr Liver Support G\u00e9lules contient, entre autres, de l&rsquo;armoise, du chardon-Marie et de la chlorelle. Chaque plante ou ingr\u00e9dient a ses avantages particuliers et, lorsqu\u2019ils sont combin\u00e9s, des <a href=\"https:\/\/www.lraloeverashop.eu\/fr\/produit\/reishi-plus-gelules\/\">effets synergiques id\u00e9aux<\/a> peuvent se d\u00e9velopper. Les ingr\u00e9dients du traitement du m\u00e9tabolisme intestinal LR fonctionnent le plus efficacement en tant qu&rsquo;esprit d&rsquo;\u00e9quipe et promouvoir un \u00e9quilibre sain dans le corps.<\/p>\n<p>&nbsp;<\/p>\n<h3><strong><span style=\"font-size: 16pt; color: #000000;\">Comment utiliser<\/span><\/strong><\/h3>\n<p><strong>Posologie recommand\u00e9e: <\/strong>Prendre une des Lr Liver Support G\u00e9lules une fois par jour &#8211; de pr\u00e9f\u00e9rence le soir &#8211; avec un verre de liquide. Une utilisation coh\u00e9rente est essentielle pour obtenir des avantages optimaux.<\/p>\n<p>La dose journali\u00e8re recommand\u00e9e ne doit pas \u00eatre d\u00e9pass\u00e9e. Les compl\u00e9ments alimentaires ne remplacent pas une alimentation vari\u00e9e et \u00e9quilibr\u00e9e, indispensable \u00e0 un mode de vie sain. Conserver le produit hors de port\u00e9e des jeunes enfants<\/p>\n<p>Conserver bien ferm\u00e9, au sec et \u00e0 temp\u00e9rature ambiante. Bien refermer apr\u00e8s ouverture.<\/p>\n<p>&nbsp;<\/p>\n<h4><strong><span style=\"font-size: 16pt; color: #000000;\">Le saviez-vous<\/span><\/strong><\/h4>\n<p>Chaque plante ou ingr\u00e9dient a ses atouts particuliers, certains sont m\u00eame de v\u00e9ritables sp\u00e9cialistes. Cependant, en interaction, des effets synergiques particuli\u00e8rement efficaces peuvent se d\u00e9velopper et soutenir le maintien naturel de la sant\u00e9. Les ingr\u00e9dients du traitement du m\u00e9tabolisme intestinal Lr Liver Support G\u00e9lules fonctionnent ensemble le plus efficacement et favorisent l\u2019\u00e9quilibre du corps.<\/p>\n<p>&nbsp;<\/p>\n<p><strong>CHARDON-MARIE<\/strong><br \/>\n<strong>Protection du foie:<\/strong> le chardon-Marie est surtout connu pour son effet positif sur la sant\u00e9 du foie\u00b9. On pense que la silymarine, l\u2019ingr\u00e9dient principal du chardon-Marie, peut favoriser la r\u00e9g\u00e9n\u00e9ration des cellules h\u00e9patiques.<\/p>\n<p><strong>D\u00e9toxification du foie:<\/strong> le chardon-Marie peut \u00e9galement favoriser la fonction de d\u00e9toxification\u00b9 du foie en augmentant l&rsquo;activit\u00e9 des enzymes impliqu\u00e9es dans la d\u00e9gradation des toxines et des polluants.<\/p>\n<p><strong>Soutien:<\/strong> La prise de chardon-Marie ou de silymarine est souvent utilis\u00e9e comme compl\u00e9ment pour soutenir la fonction h\u00e9patique.<\/p>\n<p>&nbsp;<\/p>\n<p><strong>ART\u00c9MISIE<\/strong><br \/>\nL&rsquo;Artemisia absinthium, commun\u00e9ment appel\u00e9e absinthe, a diverses applications en raison de ses propri\u00e9t\u00e9s et avantages polyvalents.<\/p>\n<p><strong>Soutien digestif:<\/strong> L&rsquo;Artemisia est traditionnellement utilis\u00e9e depuis longtemps pour favoriser la digestion. On pense que l\u2019Artemisia peut stimuler la production de sucs digestifs et peut donc \u00eatre utile en cas de probl\u00e8mes gastro-intestinaux tels que les gaz et les ballonnements.<\/p>\n<p><strong>Effet antioxydant:<\/strong> AL&rsquo;Artemisia contient naturellement des antioxydants\u00b2, tels que des polyph\u00e9nols, des flavono\u00efdes et des terp\u00e8nes. Les antioxydants sont connus pour aider \u00e0 prot\u00e9ger les cellules du <a href=\"https:\/\/www.lraloeverashop.eu\/fr\/produit\/mind-master-boisson-gold\/\">stress oxydatif<\/a> et des dommages caus\u00e9s par les radicaux libres.<\/p>\n<p>&nbsp;<\/p>\n<p><strong>CYST\u00c9INE<\/strong><br \/>\nLa cyst\u00e9ine contenue dans les Lr Liver Support G\u00e9lules est un acide amin\u00e9 essentiel qui joue un r\u00f4le dans de nombreuses fonctions vitales. Une carence en cyst\u00e9ine ou en ses pr\u00e9curseurs peut affecter n\u00e9gativement divers aspects du m\u00e9tabolisme du corps et alt\u00e9rer les fonctions du foie et d&rsquo;autres organes. Par cons\u00e9quent, la capacit\u00e9 du foie \u00e0 synth\u00e9tiser la cyst\u00e9ine est importante pour maintenir un m\u00e9tabolisme sain et une fonction de <a href=\"https:\/\/www.lraloeverashop.eu\/fr\/produit\/gel-a-boire-aloe-vera-acai\/\">d\u00e9toxification ad\u00e9quate<\/a>.<\/p>\n<p>&nbsp;<\/p>\n<p><strong>CHLORELLE<\/strong><br \/>\nLa chlorelle est une algue d&rsquo;eau douce appr\u00e9ci\u00e9e comme compl\u00e9ment alimentaire pour ses propri\u00e9t\u00e9s nutritionnelles et ses bienfaits potentiels pour la sant\u00e9.<\/p>\n<p><strong>Propri\u00e9t\u00e9s antioxydantes:<\/strong> La chlorelle pr\u00e9sente dans les Lr Liver Support G\u00e9lules contient des antioxydants naturels tels que la vitamine C, la vitamine E et les carot\u00e9no\u00efdes. Les antioxydants prot\u00e8gent l\u2019organisme du stress oxydatif et peuvent aider \u00e0 minimiser les dommages cellulaires caus\u00e9s par les radicaux libres.<\/p>\n<p><strong>Riche en nutriments:<\/strong> La chlorelle est riche en divers nutriments, notamment des prot\u00e9ines, des vitamines (telles que les vitamines B, la <a href=\"https:\/\/www.lraloeverashop.eu\/fr\/produit\/vita-active-fruits-rouges-vitamines\/\">vitamine C<\/a> et la vitamine K), des min\u00e9raux (tels que le fer, le magn\u00e9sium et le zinc), des fibres et des compos\u00e9s phytochimiques. Cette composition nutritionnelle fait de la chlorelle un compl\u00e9ment potentiellement nutritif pour soutenir la sant\u00e9.<\/p>\n<p><strong>Faites le premier pas vers une meilleure sant\u00e9. Commandez les Lr Liver Support G\u00e9lules d\u00e8s aujourd\u2019hui et commencez votre voyage vers une meilleure sant\u00e9 h\u00e9patique!<\/strong><\/p>\n<p>1. La choline contribue au maintien d\u2019une fonction h\u00e9patique normale.<br \/>\n2. Le mangan\u00e8se aide \u00e0 prot\u00e9ger les cellules du stress oxydatif.<br \/>\n3. La vitamine B6 contribue \u00e0 la synth\u00e8se normale de la cyst\u00e9ine.<br \/>\n4. Le molybd\u00e8ne contribue au m\u00e9tabolisme normal du soufre et des acides amin\u00e9s.<\/p>\n","protected":false},"excerpt":{"rendered":"<ul>\n<li>1. D\u00e9toxification: aider le foie \u00e0 se d\u00e9barrasser\u00b9<\/li>\n<li>2. Le mangan\u00e8se prot\u00e8ge les cellules du stress oxydatif\u00b2<\/li>\n<li>3. La vitamine B6 contribue \u00e0 la synth\u00e8se de l&rsquo;important acide amin\u00e9 cyst\u00e9ine<\/li>\n<li>Contient de l&rsquo;armoise, chardon-Marie, chlorelle, choline, mangan\u00e8se, molybd\u00e8ne, vitamine B6.<\/li>\n<li>Contenu : 3 x 30 g\u00e9lules<\/li>\n<\/ul>\n<p style=\"text-align: left;\"><span style=\"color: #ff0000;\"><a style=\"color: #ff0000;\" href=\"https:\/\/shop.lrworld.com\/openpao?PHP=0vFlt7jT938BEnBI3a6e9w%3D%3D\"><span style=\"font-size: 14pt;\"><strong>Inscrivez-vous et \u00e9conomisez 35% sur chaque commande<\/strong><\/span><\/a><\/span><\/p>\n","protected":false},"featured_media":15004,"comment_status":"open","ping_status":"closed","template":"","meta":{"_kad_blocks_custom_css":"","_kad_blocks_head_custom_js":"","_kad_blocks_body_custom_js":"","_kad_blocks_footer_custom_js":"","_kadence_starter_templates_imported_post":false,"_kad_post_transparent":"default","_kad_post_title":"","_kad_post_layout":"default","_kad_post_sidebar_id":"","_kad_post_content_style":"default","_kad_post_vertical_padding":"default","_kad_post_feature":"","_kad_post_feature_position":"","_kad_post_header":false,"_kad_post_footer":false,"_kad_post_classname":""},"product_brand":[],"product_cat":[463,434,446,464],"product_tag":[643],"class_list":{"0":"post-15346","1":"product","2":"type-product","3":"status-publish","4":"has-post-thumbnail","6":"product_cat-economisez-sur-les-ensembles","7":"product_cat-intestins-digestion","8":"product_cat-relaxation-fr","9":"product_cat-specialistes","10":"product_tag-booster-immunitaire","12":"first","13":"instock","14":"taxable","15":"shipping-taxable","16":"purchasable","17":"product-type-simple","18":"entry","19":"content-bg","20":"loop-entry"},"yoast_head":"<!-- This site is optimized with the Yoast SEO Premium plugin v27.3 (Yoast SEO v27.3) - https:\/\/yoast.com\/product\/yoast-seo-premium-wordpress\/ -->\n<title>Lr Liver Support G\u00e9lules soutient les propres processus du corps<\/title>\n<meta name=\"description\" content=\"Lr Liver Support G\u00e9lules aide le foie \u00e0 \u00e9liminer les substances ind\u00e9sirables : d\u00e9composition, concentration et excr\u00e9tion. Contre le stress oxydatif\" \/>\n<meta name=\"robots\" content=\"index, follow, max-snippet:-1, max-image-preview:large, max-video-preview:-1\" \/>\n<link rel=\"canonical\" href=\"https:\/\/www.lraloeverashop.eu\/fr\/produit\/lr-liver-support-gelules\/\" \/>\n<meta property=\"og:locale\" content=\"fr_FR\" \/>\n<meta property=\"og:type\" content=\"article\" \/>\n<meta property=\"og:title\" content=\"Lr Liver Support G\u00e9lules\" \/>\n<meta property=\"og:description\" content=\"Lr Liver Support G\u00e9lules aide le foie \u00e0 \u00e9liminer les substances ind\u00e9sirables : d\u00e9composition, concentration et excr\u00e9tion. Contre le stress oxydatif\" \/>\n<meta property=\"og:url\" content=\"https:\/\/www.lraloeverashop.eu\/fr\/produit\/lr-liver-support-gelules\/\" \/>\n<meta property=\"og:site_name\" content=\"Boutique Lr Aloe Vera\" \/>\n<meta property=\"article:publisher\" content=\"https:\/\/www.facebook.com\/lraloeverashop.eu\" \/>\n<meta property=\"article:modified_time\" content=\"2026-02-02T17:22:29+00:00\" \/>\n<meta property=\"og:image\" content=\"https:\/\/www.lraloeverashop.eu\/wp-content\/uploads\/2024\/05\/Lr-Liver-Support-Capsules.jpg\" \/>\n\t<meta property=\"og:image:width\" content=\"1200\" \/>\n\t<meta property=\"og:image:height\" content=\"1200\" \/>\n\t<meta property=\"og:image:type\" content=\"image\/jpeg\" \/>\n<meta name=\"twitter:card\" content=\"summary_large_image\" \/>\n<meta name=\"twitter:site\" content=\"@natur__kosmetik\" \/>\n<script type=\"application\/ld+json\" class=\"yoast-schema-graph\">{\"@context\":\"https:\\\/\\\/schema.org\",\"@graph\":[{\"@type\":[\"WebPage\",\"ItemPage\"],\"@id\":\"https:\\\/\\\/www.lraloeverashop.eu\\\/fr\\\/produit\\\/lr-liver-support-gelules\\\/\",\"url\":\"https:\\\/\\\/www.lraloeverashop.eu\\\/fr\\\/produit\\\/lr-liver-support-gelules\\\/\",\"name\":\"Lr Liver Support G\u00e9lules soutient les propres processus du corps\",\"isPartOf\":{\"@id\":\"https:\\\/\\\/www.lraloeverashop.eu\\\/fr\\\/#website\"},\"primaryImageOfPage\":{\"@id\":\"https:\\\/\\\/www.lraloeverashop.eu\\\/fr\\\/produit\\\/lr-liver-support-gelules\\\/#primaryimage\"},\"image\":{\"@id\":\"https:\\\/\\\/www.lraloeverashop.eu\\\/fr\\\/produit\\\/lr-liver-support-gelules\\\/#primaryimage\"},\"thumbnailUrl\":\"https:\\\/\\\/www.lraloeverashop.eu\\\/wp-content\\\/uploads\\\/2024\\\/05\\\/Lr-Liver-Support-Capsules.jpg\",\"datePublished\":\"2024-05-25T12:36:04+00:00\",\"dateModified\":\"2026-02-02T17:22:29+00:00\",\"description\":\"Lr Liver Support G\u00e9lules aide le foie \u00e0 \u00e9liminer les substances ind\u00e9sirables : d\u00e9composition, concentration et excr\u00e9tion. Contre le stress oxydatif\",\"breadcrumb\":{\"@id\":\"https:\\\/\\\/www.lraloeverashop.eu\\\/fr\\\/produit\\\/lr-liver-support-gelules\\\/#breadcrumb\"},\"inLanguage\":\"fr-FR\",\"potentialAction\":[{\"@type\":\"ReadAction\",\"target\":[\"https:\\\/\\\/www.lraloeverashop.eu\\\/fr\\\/produit\\\/lr-liver-support-gelules\\\/\"]}]},{\"@type\":\"ImageObject\",\"inLanguage\":\"fr-FR\",\"@id\":\"https:\\\/\\\/www.lraloeverashop.eu\\\/fr\\\/produit\\\/lr-liver-support-gelules\\\/#primaryimage\",\"url\":\"https:\\\/\\\/www.lraloeverashop.eu\\\/wp-content\\\/uploads\\\/2024\\\/05\\\/Lr-Liver-Support-Capsules.jpg\",\"contentUrl\":\"https:\\\/\\\/www.lraloeverashop.eu\\\/wp-content\\\/uploads\\\/2024\\\/05\\\/Lr-Liver-Support-Capsules.jpg\",\"width\":1200,\"height\":1200,\"caption\":\"Lr Liver Support G\u00e9lules soutient les propres processus du corps\"},{\"@type\":\"BreadcrumbList\",\"@id\":\"https:\\\/\\\/www.lraloeverashop.eu\\\/fr\\\/produit\\\/lr-liver-support-gelules\\\/#breadcrumb\",\"itemListElement\":[{\"@type\":\"ListItem\",\"position\":1,\"name\":\"Home\",\"item\":\"https:\\\/\\\/www.lraloeverashop.eu\\\/fr\\\/\"},{\"@type\":\"ListItem\",\"position\":2,\"name\":\"Boutique\",\"item\":\"https:\\\/\\\/www.lraloeverashop.eu\\\/fr\\\/boutique\\\/\"},{\"@type\":\"ListItem\",\"position\":3,\"name\":\"Lr Liver Support G\u00e9lules\"}]},{\"@type\":\"WebSite\",\"@id\":\"https:\\\/\\\/www.lraloeverashop.eu\\\/fr\\\/#website\",\"url\":\"https:\\\/\\\/www.lraloeverashop.eu\\\/fr\\\/\",\"name\":\"Boutique Lr Aloe Vera\",\"description\":\"High Quality Lr Aloe Vera Gel, Aloe Vera Cream and Shampoo\",\"publisher\":{\"@id\":\"https:\\\/\\\/www.lraloeverashop.eu\\\/fr\\\/#organization\"},\"potentialAction\":[{\"@type\":\"SearchAction\",\"target\":{\"@type\":\"EntryPoint\",\"urlTemplate\":\"https:\\\/\\\/www.lraloeverashop.eu\\\/fr\\\/?s={search_term_string}\"},\"query-input\":{\"@type\":\"PropertyValueSpecification\",\"valueRequired\":true,\"valueName\":\"search_term_string\"}}],\"inLanguage\":\"fr-FR\"},{\"@type\":\"Organization\",\"@id\":\"https:\\\/\\\/www.lraloeverashop.eu\\\/fr\\\/#organization\",\"name\":\"Boutique Lr Aloe Vera\",\"alternateName\":\"LR\",\"url\":\"https:\\\/\\\/www.lraloeverashop.eu\\\/fr\\\/\",\"logo\":{\"@type\":\"ImageObject\",\"inLanguage\":\"fr-FR\",\"@id\":\"https:\\\/\\\/www.lraloeverashop.eu\\\/fr\\\/#\\\/schema\\\/logo\\\/image\\\/\",\"url\":\"https:\\\/\\\/www.lraloeverashop.eu\\\/wp-content\\\/uploads\\\/2022\\\/09\\\/cropped-Lr-Aloe-Vera-Shop.jpg\",\"contentUrl\":\"https:\\\/\\\/www.lraloeverashop.eu\\\/wp-content\\\/uploads\\\/2022\\\/09\\\/cropped-Lr-Aloe-Vera-Shop.jpg\",\"width\":228,\"height\":76,\"caption\":\"Boutique Lr Aloe Vera\"},\"image\":{\"@id\":\"https:\\\/\\\/www.lraloeverashop.eu\\\/fr\\\/#\\\/schema\\\/logo\\\/image\\\/\"},\"sameAs\":[\"https:\\\/\\\/www.facebook.com\\\/lraloeverashop.eu\",\"https:\\\/\\\/x.com\\\/natur__kosmetik\",\"https:\\\/\\\/www.youtube.com\\\/channel\\\/UC5oN7BJ8nfYb8RpVtjwDEBA\",\"https:\\\/\\\/www.instagram.com\\\/lrbeautyeu\\\/\"]}]}<\/script>\n<meta property=\"product:price:amount\" content=\"101.49\" \/>\n<meta property=\"product:price:currency\" content=\"EUR\" \/>\n<meta property=\"og:availability\" content=\"instock\" \/>\n<meta property=\"product:availability\" content=\"instock\" \/>\n<meta property=\"product:retailer_item_id\" content=\"97329-99FR\" \/>\n<meta property=\"product:condition\" content=\"new\" \/>\n<!-- \/ Yoast SEO Premium plugin. -->","yoast_head_json":{"title":"Lr Liver Support G\u00e9lules soutient les propres processus du corps","description":"Lr Liver Support G\u00e9lules aide le foie \u00e0 \u00e9liminer les substances ind\u00e9sirables : d\u00e9composition, concentration et excr\u00e9tion. Contre le stress oxydatif","robots":{"index":"index","follow":"follow","max-snippet":"max-snippet:-1","max-image-preview":"max-image-preview:large","max-video-preview":"max-video-preview:-1"},"canonical":"https:\/\/www.lraloeverashop.eu\/fr\/produit\/lr-liver-support-gelules\/","og_locale":"fr_FR","og_type":"article","og_title":"Lr Liver Support G\u00e9lules","og_description":"Lr Liver Support G\u00e9lules aide le foie \u00e0 \u00e9liminer les substances ind\u00e9sirables : d\u00e9composition, concentration et excr\u00e9tion. Contre le stress oxydatif","og_url":"https:\/\/www.lraloeverashop.eu\/fr\/produit\/lr-liver-support-gelules\/","og_site_name":"Boutique Lr Aloe Vera","article_publisher":"https:\/\/www.facebook.com\/lraloeverashop.eu","article_modified_time":"2026-02-02T17:22:29+00:00","og_image":[{"width":1200,"height":1200,"url":"https:\/\/www.lraloeverashop.eu\/wp-content\/uploads\/2024\/05\/Lr-Liver-Support-Capsules.jpg","type":"image\/jpeg"}],"twitter_card":"summary_large_image","twitter_site":"@natur__kosmetik","schema":{"@context":"https:\/\/schema.org","@graph":[{"@type":["WebPage","ItemPage"],"@id":"https:\/\/www.lraloeverashop.eu\/fr\/produit\/lr-liver-support-gelules\/","url":"https:\/\/www.lraloeverashop.eu\/fr\/produit\/lr-liver-support-gelules\/","name":"Lr Liver Support G\u00e9lules soutient les propres processus du corps","isPartOf":{"@id":"https:\/\/www.lraloeverashop.eu\/fr\/#website"},"primaryImageOfPage":{"@id":"https:\/\/www.lraloeverashop.eu\/fr\/produit\/lr-liver-support-gelules\/#primaryimage"},"image":{"@id":"https:\/\/www.lraloeverashop.eu\/fr\/produit\/lr-liver-support-gelules\/#primaryimage"},"thumbnailUrl":"https:\/\/www.lraloeverashop.eu\/wp-content\/uploads\/2024\/05\/Lr-Liver-Support-Capsules.jpg","datePublished":"2024-05-25T12:36:04+00:00","dateModified":"2026-02-02T17:22:29+00:00","description":"Lr Liver Support G\u00e9lules aide le foie \u00e0 \u00e9liminer les substances ind\u00e9sirables : d\u00e9composition, concentration et excr\u00e9tion. Contre le stress oxydatif","breadcrumb":{"@id":"https:\/\/www.lraloeverashop.eu\/fr\/produit\/lr-liver-support-gelules\/#breadcrumb"},"inLanguage":"fr-FR","potentialAction":[{"@type":"ReadAction","target":["https:\/\/www.lraloeverashop.eu\/fr\/produit\/lr-liver-support-gelules\/"]}]},{"@type":"ImageObject","inLanguage":"fr-FR","@id":"https:\/\/www.lraloeverashop.eu\/fr\/produit\/lr-liver-support-gelules\/#primaryimage","url":"https:\/\/www.lraloeverashop.eu\/wp-content\/uploads\/2024\/05\/Lr-Liver-Support-Capsules.jpg","contentUrl":"https:\/\/www.lraloeverashop.eu\/wp-content\/uploads\/2024\/05\/Lr-Liver-Support-Capsules.jpg","width":1200,"height":1200,"caption":"Lr Liver Support G\u00e9lules soutient les propres processus du corps"},{"@type":"BreadcrumbList","@id":"https:\/\/www.lraloeverashop.eu\/fr\/produit\/lr-liver-support-gelules\/#breadcrumb","itemListElement":[{"@type":"ListItem","position":1,"name":"Home","item":"https:\/\/www.lraloeverashop.eu\/fr\/"},{"@type":"ListItem","position":2,"name":"Boutique","item":"https:\/\/www.lraloeverashop.eu\/fr\/boutique\/"},{"@type":"ListItem","position":3,"name":"Lr Liver Support G\u00e9lules"}]},{"@type":"WebSite","@id":"https:\/\/www.lraloeverashop.eu\/fr\/#website","url":"https:\/\/www.lraloeverashop.eu\/fr\/","name":"Boutique Lr Aloe Vera","description":"High Quality Lr Aloe Vera Gel, Aloe Vera Cream and Shampoo","publisher":{"@id":"https:\/\/www.lraloeverashop.eu\/fr\/#organization"},"potentialAction":[{"@type":"SearchAction","target":{"@type":"EntryPoint","urlTemplate":"https:\/\/www.lraloeverashop.eu\/fr\/?s={search_term_string}"},"query-input":{"@type":"PropertyValueSpecification","valueRequired":true,"valueName":"search_term_string"}}],"inLanguage":"fr-FR"},{"@type":"Organization","@id":"https:\/\/www.lraloeverashop.eu\/fr\/#organization","name":"Boutique Lr Aloe Vera","alternateName":"LR","url":"https:\/\/www.lraloeverashop.eu\/fr\/","logo":{"@type":"ImageObject","inLanguage":"fr-FR","@id":"https:\/\/www.lraloeverashop.eu\/fr\/#\/schema\/logo\/image\/","url":"https:\/\/www.lraloeverashop.eu\/wp-content\/uploads\/2022\/09\/cropped-Lr-Aloe-Vera-Shop.jpg","contentUrl":"https:\/\/www.lraloeverashop.eu\/wp-content\/uploads\/2022\/09\/cropped-Lr-Aloe-Vera-Shop.jpg","width":228,"height":76,"caption":"Boutique Lr Aloe Vera"},"image":{"@id":"https:\/\/www.lraloeverashop.eu\/fr\/#\/schema\/logo\/image\/"},"sameAs":["https:\/\/www.facebook.com\/lraloeverashop.eu","https:\/\/x.com\/natur__kosmetik","https:\/\/www.youtube.com\/channel\/UC5oN7BJ8nfYb8RpVtjwDEBA","https:\/\/www.instagram.com\/lrbeautyeu\/"]}]},"product_price_amount":"101.49","product_price_currency":"EUR","og_availability":"instock","product_availability":"instock","product_retailer_item_id":"97329-99FR","product_condition":"new"},"taxonomy_info":{"product_cat":[{"value":463,"label":"\u00c9conomisez sur les ensembles"},{"value":434,"label":"Intestins &amp; Digestion"},{"value":446,"label":"Relaxation"},{"value":464,"label":"Sp\u00e9cialistes"}],"product_tag":[{"value":643,"label":"Booster immunitaire"}]},"featured_image_src_large":["https:\/\/www.lraloeverashop.eu\/wp-content\/uploads\/2024\/05\/Lr-Liver-Support-Capsules-1024x1024.jpg",1024,1024,true],"author_info":[],"comment_info":0,"_links":{"self":[{"href":"https:\/\/www.lraloeverashop.eu\/fr\/wp-json\/wp\/v2\/product\/15346","targetHints":{"allow":["GET"]}}],"collection":[{"href":"https:\/\/www.lraloeverashop.eu\/fr\/wp-json\/wp\/v2\/product"}],"about":[{"href":"https:\/\/www.lraloeverashop.eu\/fr\/wp-json\/wp\/v2\/types\/product"}],"replies":[{"embeddable":true,"href":"https:\/\/www.lraloeverashop.eu\/fr\/wp-json\/wp\/v2\/comments?post=15346"}],"wp:featuredmedia":[{"embeddable":true,"href":"https:\/\/www.lraloeverashop.eu\/fr\/wp-json\/wp\/v2\/media\/15004"}],"wp:attachment":[{"href":"https:\/\/www.lraloeverashop.eu\/fr\/wp-json\/wp\/v2\/media?parent=15346"}],"wp:term":[{"taxonomy":"product_brand","embeddable":true,"href":"https:\/\/www.lraloeverashop.eu\/fr\/wp-json\/wp\/v2\/product_brand?post=15346"},{"taxonomy":"product_cat","embeddable":true,"href":"https:\/\/www.lraloeverashop.eu\/fr\/wp-json\/wp\/v2\/product_cat?post=15346"},{"taxonomy":"product_tag","embeddable":true,"href":"https:\/\/www.lraloeverashop.eu\/fr\/wp-json\/wp\/v2\/product_tag?post=15346"}],"curies":[{"name":"wp","href":"https:\/\/api.w.org\/{rel}","templated":true}]}}