{"id":15324,"date":"2024-05-25T07:03:53","date_gmt":"2024-05-25T05:03:53","guid":{"rendered":"https:\/\/www.lraloeverashop.eu\/?post_type=product&#038;p=15324"},"modified":"2026-02-02T18:22:51","modified_gmt":"2026-02-02T17:22:51","slug":"mind-master-gold-boisson-de-performance","status":"publish","type":"product","link":"https:\/\/www.lraloeverashop.eu\/fr\/produit\/mind-master-gold-boisson-de-performance\/","title":{"rendered":"Mind Master Gold Boisson De Performance"},"content":{"rendered":"<h2><span style=\"font-size: 16pt;\"><strong>Mind Master Gold Boisson De Performance<\/strong><\/span><\/h2>\n<p><span style=\"font-size: 14pt;\"><strong>Mind Master Gold Boisson De Performance augmente votre concentration et votre \u00e9nergie <\/strong><\/span><\/p>\n<p>D\u00e9couvrez la puissance de Mind Master Gold de <a href=\"https:\/\/lrworld.com\/join-me\">LR Health &amp; La beaut\u00e9<\/a>, la solution ultime pour am\u00e9liorer vos performances mentales et votre <a href=\"https:\/\/www.lraloeverashop.eu\/fr\/produit\/colostrum-bovin-bio-gelules\/\">bien-\u00eatre g\u00e9n\u00e9ral<\/a>. Que vous soyez confront\u00e9 \u00e0 une journ\u00e9e de travail difficile, que vous \u00e9tudiiez pour des examens ou que vous ayez simplement besoin d&rsquo;un remontant, Mind Master Gold Boisson De Performance est con\u00e7u pour soutenir votre vitalit\u00e9 mentale et physique.<\/p>\n<p>&nbsp;<\/p>\n<h3><span style=\"font-size: 16pt;\"><strong>Principaux avantages de la boisson de performance Mind Master Gold<\/strong><\/span><\/h3>\n<ul>\n<li><strong>Augmente les niveaux d&rsquo;\u00e9nergie\u00a0:<\/strong> Sentez-vous plus \u00e9nergique et pr\u00eat \u00e0 affronter votre journ\u00e9e en toute simplicit\u00e9.<\/li>\n<li><strong>Am\u00e9liore la concentration\u00a0:<\/strong> Am\u00e9liorez votre concentration et <a href=\"https:\/\/www.lraloeverashop.eu\/fr\/produit\/mind-master-boisson-gold\/\">restez alerte<\/a> dans toutes vos t\u00e2ches.<\/li>\n<li><strong>R\u00e9duit le stress\u00a0:<\/strong> Combat le stress et maintient un \u00e9tat d&rsquo;esprit \u00e9quilibr\u00e9.<\/li>\n<li><strong>Soutient le bien-\u00eatre g\u00e9n\u00e9ral\u00a0:<\/strong> Rempli de nutriments essentiels pour <a href=\"https:\/\/www.lraloeverashop.eu\/fr\/produit\/mind-master-boisson-verte\/\">soutenir votre sant\u00e9<\/a>.<\/li>\n<\/ul>\n<p>&nbsp;<\/p>\n<h3><strong><span style=\"font-size: 16pt;\">Comment utiliser\u00a0<\/span><\/strong><\/h3>\n<p><strong>Posologie quotidienne recommand\u00e9e\u00a0:<\/strong><br \/>\nBien agiter le flacon avant utilisation. Prendre 80 ml de Mind Master Gold Boisson De Performance une fois par jour, de pr\u00e9f\u00e9rence apr\u00e8s un repas. Selon vos pr\u00e9f\u00e9rences, il peut \u00eatre consomm\u00e9 pur ou dissous dans de l&rsquo;eau ou du jus. Agiter avant utilisation. Apr\u00e8s ouverture, conservez-le au r\u00e9frig\u00e9rateur.<\/p>\n<p>Pour de meilleurs r\u00e9sultats, int\u00e9grez Mind Master Gold \u00e0 votre routine quotidienne. La coh\u00e9rence est la cl\u00e9 pour lib\u00e9rer tout son potentiel.<\/p>\n<p><strong>Ne d\u00e9passez pas la dose quotidienne recommand\u00e9e.<\/strong><br \/>\nLes compl\u00e9ments alimentaires ne remplacent pas une alimentation vari\u00e9e et \u00e9quilibr\u00e9e, associ\u00e9e \u00e0 un mode de vie sain. Tenir hors de port\u00e9e des enfants.<\/p>\n<p>&nbsp;<\/p>\n<h4><span style=\"font-size: 16pt;\"><strong>Pourquoi choisir Mind Master Gold\u00a0?<\/strong><\/span><\/h4>\n<ul>\n<li><strong>Ingr\u00e9dients naturels\u00a0:<\/strong> Formul\u00e9 avec des ingr\u00e9dients naturels de haute qualit\u00e9 pour garantir la s\u00e9curit\u00e9 et l&rsquo;efficacit\u00e9.<\/li>\n<li><strong>Soutenu scientifiquement\u00a0:<\/strong> D\u00e9velopp\u00e9 sur la base de la recherche scientifique pour maximiser les avantages.<\/li>\n<li><strong>Go\u00fbt d\u00e9licieux\u00a0:<\/strong> Profitez de la saveur agr\u00e9able qui fait de la prise de votre dose quotidienne un r\u00e9gal.<\/li>\n<li><strong>Pratique\u00a0:<\/strong> facile \u00e0 utiliser et \u00e0 int\u00e9grer \u00e0 votre style de vie occup\u00e9.<\/li>\n<\/ul>\n<p>&nbsp;<\/p>\n<p>Prenez en charge votre sant\u00e9 mentale et physique d\u00e8s aujourd&rsquo;hui avec Mind Master Gold. Ne laissez pas la fatigue ou le stress vous emp\u00eacher d&rsquo;atteindre vos objectifs. D\u00e9couvrez la diff\u00e9rence et ressentez les avantages \u00e0 chaque utilisation.<\/p>\n<p>Pr\u00eat \u00e0 \u00e9lever votre \u00e9nergie et votre concentration\u00a0? Essayez Mind Master Gold Boisson De Performance d\u00e8s maintenant et lib\u00e9rez tout votre potentiel\u00a0!<\/p>\n<p>1. La vitamine E aide \u00e0 prot\u00e9ger les cellules du <span style=\"color: #000000;\"><a style=\"color: #000000;\" href=\"https:\/\/www.lraloeverashop.eu\/fr\/produit\/mind-master-boisson-de-performance\/\">stress oxydatif<\/a><\/span>.<br \/>\n2. La vitamine B12 contribue au m\u00e9tabolisme \u00e9nerg\u00e9tique normal, au fonctionnement normal du syst\u00e8me nerveux et \u00e0 la r\u00e9duction de la fatigue et de l&rsquo;\u00e9puisement. Le fer contribue \u00e0 une fonction cognitive normale et au transport normal de l\u2019oxyg\u00e8ne dans l\u2019organisme. La vitamine D contribue au maintien d\u2019os normaux et d\u2019une fonction musculaire normale.<br \/>\n3. La vitamine B12 contribue \u00e0 une fonction psychologique normale et au fonctionnement normal du syst\u00e8me nerveux. Le fer contribue \u00e0 une fonction cognitive normale.<\/p>\n","protected":false},"excerpt":{"rendered":"<ul>\n<li>Prot\u00e8ge contre le stress oxydatif\u00b9<\/li>\n<li>Soutien contre la fatigue et la fatigue \u00e9puisement\u00b2<\/li>\n<li>Avec des nutriments pr\u00e9cieux pour le psychisme et le bien-\u00eatre mental\u00b3<\/li>\n<li>Avec Q10, des vitamines D et K, th\u00e9 blanc, curcuma, aloe vera et L-carnitine<\/li>\n<li>Gout fruit\u00e9 et frais d&rsquo;orange sanguine, de melon miel et de citron<\/li>\n<li>Quantit\u00e9\u00a0: 5 x 500\u00a0ml<\/li>\n<\/ul>\n<p style=\"text-align: left;\"><span style=\"color: #ff0000;\"><a style=\"color: #ff0000;\" href=\"https:\/\/shop.lrworld.com\/openpao?PHP=0vFlt7jT938BEnBI3a6e9w%3D%3D\"><span style=\"font-size: 14pt;\"><strong>Inscrivez-vous et \u00e9conomisez 35% sur chaque commande<\/strong><\/span><\/a><\/span><\/p>\n","protected":false},"featured_media":15282,"comment_status":"open","ping_status":"closed","template":"","meta":{"_kad_blocks_custom_css":"","_kad_blocks_head_custom_js":"","_kad_blocks_body_custom_js":"","_kad_blocks_footer_custom_js":"","_kadence_starter_templates_imported_post":false,"_kad_post_transparent":"default","_kad_post_title":"","_kad_post_layout":"default","_kad_post_sidebar_id":"","_kad_post_content_style":"default","_kad_post_vertical_padding":"default","_kad_post_feature":"","_kad_post_feature_position":"","_kad_post_header":false,"_kad_post_footer":false,"_kad_post_classname":""},"product_brand":[],"product_cat":[463,500,440,410,351,464],"product_tag":[638],"class_list":{"0":"post-15324","1":"product","2":"type-product","3":"status-publish","4":"has-post-thumbnail","6":"product_cat-economisez-sur-les-ensembles","7":"product_cat-mind-master-fr","8":"product_cat-performances-energie","9":"product_cat-produits-speciaux","10":"product_cat-soldes","11":"product_cat-specialistes","12":"product_tag-energie","14":"first","15":"instock","16":"sale","17":"taxable","18":"shipping-taxable","19":"purchasable","20":"product-type-simple","21":"entry","22":"content-bg","23":"loop-entry"},"yoast_head":"<!-- This site is optimized with the Yoast SEO Premium plugin v27.3 (Yoast SEO v27.3) - https:\/\/yoast.com\/product\/yoast-seo-premium-wordpress\/ -->\n<title>Mind Master Gold Boisson de Performance augmente votre \u00e9nergie<\/title>\n<meta name=\"description\" content=\"Am\u00e9liorez votre concentration et \u00e9nergie avec Mind Master Gold Boisson de Performance. Boostez votre vitalit\u00e9 mentale et physique.\" \/>\n<meta name=\"robots\" content=\"index, follow, max-snippet:-1, max-image-preview:large, max-video-preview:-1\" \/>\n<link rel=\"canonical\" href=\"https:\/\/www.lraloeverashop.eu\/fr\/produit\/mind-master-gold-boisson-de-performance\/\" \/>\n<meta property=\"og:locale\" content=\"fr_FR\" \/>\n<meta property=\"og:type\" content=\"article\" \/>\n<meta property=\"og:title\" content=\"Mind Master Gold Boisson De Performance\" \/>\n<meta property=\"og:description\" content=\"Am\u00e9liorez votre concentration et \u00e9nergie avec Mind Master Gold Boisson de Performance. Boostez votre vitalit\u00e9 mentale et physique.\" \/>\n<meta property=\"og:url\" content=\"https:\/\/www.lraloeverashop.eu\/fr\/produit\/mind-master-gold-boisson-de-performance\/\" \/>\n<meta property=\"og:site_name\" content=\"Boutique Lr Aloe Vera\" \/>\n<meta property=\"article:publisher\" content=\"https:\/\/www.facebook.com\/lraloeverashop.eu\" \/>\n<meta property=\"article:modified_time\" content=\"2026-02-02T17:22:51+00:00\" \/>\n<meta property=\"og:image\" content=\"https:\/\/www.lraloeverashop.eu\/wp-content\/uploads\/2024\/05\/Lr-Lifetakt-Mind-Master-Gold.jpeg\" \/>\n\t<meta property=\"og:image:width\" content=\"1200\" \/>\n\t<meta property=\"og:image:height\" content=\"1200\" \/>\n\t<meta property=\"og:image:type\" content=\"image\/jpeg\" \/>\n<meta name=\"twitter:card\" content=\"summary_large_image\" \/>\n<meta name=\"twitter:site\" content=\"@natur__kosmetik\" \/>\n<script type=\"application\/ld+json\" class=\"yoast-schema-graph\">{\"@context\":\"https:\\\/\\\/schema.org\",\"@graph\":[{\"@type\":[\"WebPage\",\"ItemPage\"],\"@id\":\"https:\\\/\\\/www.lraloeverashop.eu\\\/fr\\\/produit\\\/mind-master-gold-boisson-de-performance\\\/\",\"url\":\"https:\\\/\\\/www.lraloeverashop.eu\\\/fr\\\/produit\\\/mind-master-gold-boisson-de-performance\\\/\",\"name\":\"Mind Master Gold Boisson de Performance augmente votre \u00e9nergie\",\"isPartOf\":{\"@id\":\"https:\\\/\\\/www.lraloeverashop.eu\\\/fr\\\/#website\"},\"primaryImageOfPage\":{\"@id\":\"https:\\\/\\\/www.lraloeverashop.eu\\\/fr\\\/produit\\\/mind-master-gold-boisson-de-performance\\\/#primaryimage\"},\"image\":{\"@id\":\"https:\\\/\\\/www.lraloeverashop.eu\\\/fr\\\/produit\\\/mind-master-gold-boisson-de-performance\\\/#primaryimage\"},\"thumbnailUrl\":\"https:\\\/\\\/www.lraloeverashop.eu\\\/wp-content\\\/uploads\\\/2024\\\/05\\\/Lr-Lifetakt-Mind-Master-Gold.jpeg\",\"datePublished\":\"2024-05-25T05:03:53+00:00\",\"dateModified\":\"2026-02-02T17:22:51+00:00\",\"description\":\"Am\u00e9liorez votre concentration et \u00e9nergie avec Mind Master Gold Boisson de Performance. Boostez votre vitalit\u00e9 mentale et physique.\",\"breadcrumb\":{\"@id\":\"https:\\\/\\\/www.lraloeverashop.eu\\\/fr\\\/produit\\\/mind-master-gold-boisson-de-performance\\\/#breadcrumb\"},\"inLanguage\":\"fr-FR\",\"potentialAction\":[{\"@type\":\"ReadAction\",\"target\":[\"https:\\\/\\\/www.lraloeverashop.eu\\\/fr\\\/produit\\\/mind-master-gold-boisson-de-performance\\\/\"]}]},{\"@type\":\"ImageObject\",\"inLanguage\":\"fr-FR\",\"@id\":\"https:\\\/\\\/www.lraloeverashop.eu\\\/fr\\\/produit\\\/mind-master-gold-boisson-de-performance\\\/#primaryimage\",\"url\":\"https:\\\/\\\/www.lraloeverashop.eu\\\/wp-content\\\/uploads\\\/2024\\\/05\\\/Lr-Lifetakt-Mind-Master-Gold.jpeg\",\"contentUrl\":\"https:\\\/\\\/www.lraloeverashop.eu\\\/wp-content\\\/uploads\\\/2024\\\/05\\\/Lr-Lifetakt-Mind-Master-Gold.jpeg\",\"width\":1200,\"height\":1200,\"caption\":\"Boisson de performance Mind Master Gold soutient la m\u00e9moire et la concentration\"},{\"@type\":\"BreadcrumbList\",\"@id\":\"https:\\\/\\\/www.lraloeverashop.eu\\\/fr\\\/produit\\\/mind-master-gold-boisson-de-performance\\\/#breadcrumb\",\"itemListElement\":[{\"@type\":\"ListItem\",\"position\":1,\"name\":\"Home\",\"item\":\"https:\\\/\\\/www.lraloeverashop.eu\\\/fr\\\/\"},{\"@type\":\"ListItem\",\"position\":2,\"name\":\"Boutique\",\"item\":\"https:\\\/\\\/www.lraloeverashop.eu\\\/fr\\\/boutique\\\/\"},{\"@type\":\"ListItem\",\"position\":3,\"name\":\"Mind Master Gold Boisson De Performance\"}]},{\"@type\":\"WebSite\",\"@id\":\"https:\\\/\\\/www.lraloeverashop.eu\\\/fr\\\/#website\",\"url\":\"https:\\\/\\\/www.lraloeverashop.eu\\\/fr\\\/\",\"name\":\"Boutique Lr Aloe Vera\",\"description\":\"High Quality Lr Aloe Vera Gel, Aloe Vera Cream and Shampoo\",\"publisher\":{\"@id\":\"https:\\\/\\\/www.lraloeverashop.eu\\\/fr\\\/#organization\"},\"potentialAction\":[{\"@type\":\"SearchAction\",\"target\":{\"@type\":\"EntryPoint\",\"urlTemplate\":\"https:\\\/\\\/www.lraloeverashop.eu\\\/fr\\\/?s={search_term_string}\"},\"query-input\":{\"@type\":\"PropertyValueSpecification\",\"valueRequired\":true,\"valueName\":\"search_term_string\"}}],\"inLanguage\":\"fr-FR\"},{\"@type\":\"Organization\",\"@id\":\"https:\\\/\\\/www.lraloeverashop.eu\\\/fr\\\/#organization\",\"name\":\"Boutique Lr Aloe Vera\",\"alternateName\":\"LR\",\"url\":\"https:\\\/\\\/www.lraloeverashop.eu\\\/fr\\\/\",\"logo\":{\"@type\":\"ImageObject\",\"inLanguage\":\"fr-FR\",\"@id\":\"https:\\\/\\\/www.lraloeverashop.eu\\\/fr\\\/#\\\/schema\\\/logo\\\/image\\\/\",\"url\":\"https:\\\/\\\/www.lraloeverashop.eu\\\/wp-content\\\/uploads\\\/2022\\\/09\\\/cropped-Lr-Aloe-Vera-Shop.jpg\",\"contentUrl\":\"https:\\\/\\\/www.lraloeverashop.eu\\\/wp-content\\\/uploads\\\/2022\\\/09\\\/cropped-Lr-Aloe-Vera-Shop.jpg\",\"width\":228,\"height\":76,\"caption\":\"Boutique Lr Aloe Vera\"},\"image\":{\"@id\":\"https:\\\/\\\/www.lraloeverashop.eu\\\/fr\\\/#\\\/schema\\\/logo\\\/image\\\/\"},\"sameAs\":[\"https:\\\/\\\/www.facebook.com\\\/lraloeverashop.eu\",\"https:\\\/\\\/x.com\\\/natur__kosmetik\",\"https:\\\/\\\/www.youtube.com\\\/channel\\\/UC5oN7BJ8nfYb8RpVtjwDEBA\",\"https:\\\/\\\/www.instagram.com\\\/lrbeautyeu\\\/\"]}]}<\/script>\n<meta property=\"product:price:amount\" content=\"117.60\" \/>\n<meta property=\"product:price:currency\" content=\"EUR\" \/>\n<meta property=\"og:availability\" content=\"instock\" \/>\n<meta property=\"product:availability\" content=\"instock\" \/>\n<meta property=\"product:retailer_item_id\" content=\"80945-1FR\" \/>\n<meta property=\"product:condition\" content=\"new\" \/>\n<!-- \/ Yoast SEO Premium plugin. -->","yoast_head_json":{"title":"Mind Master Gold Boisson de Performance augmente votre \u00e9nergie","description":"Am\u00e9liorez votre concentration et \u00e9nergie avec Mind Master Gold Boisson de Performance. Boostez votre vitalit\u00e9 mentale et physique.","robots":{"index":"index","follow":"follow","max-snippet":"max-snippet:-1","max-image-preview":"max-image-preview:large","max-video-preview":"max-video-preview:-1"},"canonical":"https:\/\/www.lraloeverashop.eu\/fr\/produit\/mind-master-gold-boisson-de-performance\/","og_locale":"fr_FR","og_type":"article","og_title":"Mind Master Gold Boisson De Performance","og_description":"Am\u00e9liorez votre concentration et \u00e9nergie avec Mind Master Gold Boisson de Performance. Boostez votre vitalit\u00e9 mentale et physique.","og_url":"https:\/\/www.lraloeverashop.eu\/fr\/produit\/mind-master-gold-boisson-de-performance\/","og_site_name":"Boutique Lr Aloe Vera","article_publisher":"https:\/\/www.facebook.com\/lraloeverashop.eu","article_modified_time":"2026-02-02T17:22:51+00:00","og_image":[{"width":1200,"height":1200,"url":"https:\/\/www.lraloeverashop.eu\/wp-content\/uploads\/2024\/05\/Lr-Lifetakt-Mind-Master-Gold.jpeg","type":"image\/jpeg"}],"twitter_card":"summary_large_image","twitter_site":"@natur__kosmetik","schema":{"@context":"https:\/\/schema.org","@graph":[{"@type":["WebPage","ItemPage"],"@id":"https:\/\/www.lraloeverashop.eu\/fr\/produit\/mind-master-gold-boisson-de-performance\/","url":"https:\/\/www.lraloeverashop.eu\/fr\/produit\/mind-master-gold-boisson-de-performance\/","name":"Mind Master Gold Boisson de Performance augmente votre \u00e9nergie","isPartOf":{"@id":"https:\/\/www.lraloeverashop.eu\/fr\/#website"},"primaryImageOfPage":{"@id":"https:\/\/www.lraloeverashop.eu\/fr\/produit\/mind-master-gold-boisson-de-performance\/#primaryimage"},"image":{"@id":"https:\/\/www.lraloeverashop.eu\/fr\/produit\/mind-master-gold-boisson-de-performance\/#primaryimage"},"thumbnailUrl":"https:\/\/www.lraloeverashop.eu\/wp-content\/uploads\/2024\/05\/Lr-Lifetakt-Mind-Master-Gold.jpeg","datePublished":"2024-05-25T05:03:53+00:00","dateModified":"2026-02-02T17:22:51+00:00","description":"Am\u00e9liorez votre concentration et \u00e9nergie avec Mind Master Gold Boisson de Performance. Boostez votre vitalit\u00e9 mentale et physique.","breadcrumb":{"@id":"https:\/\/www.lraloeverashop.eu\/fr\/produit\/mind-master-gold-boisson-de-performance\/#breadcrumb"},"inLanguage":"fr-FR","potentialAction":[{"@type":"ReadAction","target":["https:\/\/www.lraloeverashop.eu\/fr\/produit\/mind-master-gold-boisson-de-performance\/"]}]},{"@type":"ImageObject","inLanguage":"fr-FR","@id":"https:\/\/www.lraloeverashop.eu\/fr\/produit\/mind-master-gold-boisson-de-performance\/#primaryimage","url":"https:\/\/www.lraloeverashop.eu\/wp-content\/uploads\/2024\/05\/Lr-Lifetakt-Mind-Master-Gold.jpeg","contentUrl":"https:\/\/www.lraloeverashop.eu\/wp-content\/uploads\/2024\/05\/Lr-Lifetakt-Mind-Master-Gold.jpeg","width":1200,"height":1200,"caption":"Boisson de performance Mind Master Gold soutient la m\u00e9moire et la concentration"},{"@type":"BreadcrumbList","@id":"https:\/\/www.lraloeverashop.eu\/fr\/produit\/mind-master-gold-boisson-de-performance\/#breadcrumb","itemListElement":[{"@type":"ListItem","position":1,"name":"Home","item":"https:\/\/www.lraloeverashop.eu\/fr\/"},{"@type":"ListItem","position":2,"name":"Boutique","item":"https:\/\/www.lraloeverashop.eu\/fr\/boutique\/"},{"@type":"ListItem","position":3,"name":"Mind Master Gold Boisson De Performance"}]},{"@type":"WebSite","@id":"https:\/\/www.lraloeverashop.eu\/fr\/#website","url":"https:\/\/www.lraloeverashop.eu\/fr\/","name":"Boutique Lr Aloe Vera","description":"High Quality Lr Aloe Vera Gel, Aloe Vera Cream and Shampoo","publisher":{"@id":"https:\/\/www.lraloeverashop.eu\/fr\/#organization"},"potentialAction":[{"@type":"SearchAction","target":{"@type":"EntryPoint","urlTemplate":"https:\/\/www.lraloeverashop.eu\/fr\/?s={search_term_string}"},"query-input":{"@type":"PropertyValueSpecification","valueRequired":true,"valueName":"search_term_string"}}],"inLanguage":"fr-FR"},{"@type":"Organization","@id":"https:\/\/www.lraloeverashop.eu\/fr\/#organization","name":"Boutique Lr Aloe Vera","alternateName":"LR","url":"https:\/\/www.lraloeverashop.eu\/fr\/","logo":{"@type":"ImageObject","inLanguage":"fr-FR","@id":"https:\/\/www.lraloeverashop.eu\/fr\/#\/schema\/logo\/image\/","url":"https:\/\/www.lraloeverashop.eu\/wp-content\/uploads\/2022\/09\/cropped-Lr-Aloe-Vera-Shop.jpg","contentUrl":"https:\/\/www.lraloeverashop.eu\/wp-content\/uploads\/2022\/09\/cropped-Lr-Aloe-Vera-Shop.jpg","width":228,"height":76,"caption":"Boutique Lr Aloe Vera"},"image":{"@id":"https:\/\/www.lraloeverashop.eu\/fr\/#\/schema\/logo\/image\/"},"sameAs":["https:\/\/www.facebook.com\/lraloeverashop.eu","https:\/\/x.com\/natur__kosmetik","https:\/\/www.youtube.com\/channel\/UC5oN7BJ8nfYb8RpVtjwDEBA","https:\/\/www.instagram.com\/lrbeautyeu\/"]}]},"product_price_amount":"117.60","product_price_currency":"EUR","og_availability":"instock","product_availability":"instock","product_retailer_item_id":"80945-1FR","product_condition":"new"},"taxonomy_info":{"product_cat":[{"value":463,"label":"\u00c9conomisez sur les ensembles"},{"value":500,"label":"Mind Master"},{"value":440,"label":"Performances &amp; \u00c9nergie"},{"value":410,"label":"Produits Speciaux"},{"value":351,"label":"Soldes"},{"value":464,"label":"Sp\u00e9cialistes"}],"product_tag":[{"value":638,"label":"\u00e9nergie"}]},"featured_image_src_large":["https:\/\/www.lraloeverashop.eu\/wp-content\/uploads\/2024\/05\/Lr-Lifetakt-Mind-Master-Gold-1024x1024.jpeg",1024,1024,true],"author_info":[],"comment_info":0,"_links":{"self":[{"href":"https:\/\/www.lraloeverashop.eu\/fr\/wp-json\/wp\/v2\/product\/15324","targetHints":{"allow":["GET"]}}],"collection":[{"href":"https:\/\/www.lraloeverashop.eu\/fr\/wp-json\/wp\/v2\/product"}],"about":[{"href":"https:\/\/www.lraloeverashop.eu\/fr\/wp-json\/wp\/v2\/types\/product"}],"replies":[{"embeddable":true,"href":"https:\/\/www.lraloeverashop.eu\/fr\/wp-json\/wp\/v2\/comments?post=15324"}],"wp:featuredmedia":[{"embeddable":true,"href":"https:\/\/www.lraloeverashop.eu\/fr\/wp-json\/wp\/v2\/media\/15282"}],"wp:attachment":[{"href":"https:\/\/www.lraloeverashop.eu\/fr\/wp-json\/wp\/v2\/media?parent=15324"}],"wp:term":[{"taxonomy":"product_brand","embeddable":true,"href":"https:\/\/www.lraloeverashop.eu\/fr\/wp-json\/wp\/v2\/product_brand?post=15324"},{"taxonomy":"product_cat","embeddable":true,"href":"https:\/\/www.lraloeverashop.eu\/fr\/wp-json\/wp\/v2\/product_cat?post=15324"},{"taxonomy":"product_tag","embeddable":true,"href":"https:\/\/www.lraloeverashop.eu\/fr\/wp-json\/wp\/v2\/product_tag?post=15324"}],"curies":[{"name":"wp","href":"https:\/\/api.w.org\/{rel}","templated":true}]}}