{"id":15299,"date":"2024-05-23T10:30:42","date_gmt":"2024-05-23T08:30:42","guid":{"rendered":"https:\/\/www.lraloeverashop.eu\/product\/mind-master-boisson-gold\/"},"modified":"2026-02-02T18:23:06","modified_gmt":"2026-02-02T17:23:06","slug":"mind-master-boisson-gold","status":"publish","type":"product","link":"https:\/\/www.lraloeverashop.eu\/fr\/produit\/mind-master-boisson-gold\/","title":{"rendered":"Mind Master Boisson Gold"},"content":{"rendered":"<h2><span style=\"font-size: 16pt;\"><strong>Mind Master Boisson Gold<\/strong><\/span><\/h2>\n<p><span style=\"font-size: 14pt;\"><strong>Mind Master Boisson Gold soutient la m\u00e9moire et la concentration<\/strong><\/span><\/p>\n<p>Boostez vos performances mentales et partez \u00e0 la conqu\u00eate de votre journ\u00e9e avec LR LIFETAKT Mind Master Boisson Gold. Con\u00e7ue pour am\u00e9liorer les fonctions cognitives et r\u00e9duire le stress, cette formule premium est votre cl\u00e9 pour lib\u00e9rer votre potentiel mental optimal. Que vous affrontiez une journ\u00e9e de travail charg\u00e9e, r\u00e9visiez pour des examens ou g\u00e9riez des t\u00e2ches quotidiennes, Mind Master Formula Gold soutient votre cerveau \u00e0 chaque \u00e9tape du processus.<\/p>\n<p>&nbsp;<\/p>\n<p><span style=\"font-size: 16pt;\"><strong>Pourquoi choisir Mind Master Boisson Gold ?<\/strong><\/span><\/p>\n<ul>\n<li><strong>Fonction cognitive am\u00e9lior\u00e9e:<\/strong> b\u00e9n\u00e9ficiez d&rsquo;une concentration, d&rsquo;une clart\u00e9 et d&rsquo;une endurance mentale am\u00e9lior\u00e9es.<\/li>\n<li><strong>R\u00e9duction du stress:<\/strong> Formul\u00e9 avec des ingr\u00e9dients qui aident \u00e0 g\u00e9rer et \u00e0 r\u00e9duire le stress.<\/li>\n<li><strong>Ingr\u00e9dients naturels:<\/strong> fabriqu\u00e9s avec des composants naturels de haute qualit\u00e9 pour une <a href=\"https:\/\/www.lraloeverashop.eu\/fr\/aloe-vera-a-boire-de-lr-health-beauty\/\">sant\u00e9 c\u00e9r\u00e9brale<\/a> optimale.<\/li>\n<li><strong>Facile \u00e0 utiliser:<\/strong> int\u00e9grez sans effort \u00e0 votre routine quotidienne avec une formule liquide pratique.<\/li>\n<\/ul>\n<p>&nbsp;<\/p>\n<p><span style=\"font-size: 16pt;\"><strong>Principaux avantages de Mind Master Boisson Gold:<\/strong><\/span><\/p>\n<ul>\n<li><strong>Prend en charge la m\u00e9moire et la concentration:<\/strong> parfait pour les \u00e9tudiants, les professionnels et tous ceux qui ont besoin d\u2019un avantage mental.<\/li>\n<li><strong>Favorise le bien-\u00eatre g\u00e9n\u00e9ral:<\/strong> Aide \u00e0 maintenir une humeur \u00e9quilibr\u00e9e et \u00e0 r\u00e9duire l\u2019anxi\u00e9t\u00e9.<\/li>\n<li><strong>Augmente les niveaux d&rsquo;\u00e9nergie:<\/strong> Mind Master Gold Fournit un regain d&rsquo;\u00e9nergie naturel sans le frisson de la caf\u00e9ine.<\/li>\n<li><strong>Protection antioxydante:<\/strong> prot\u00e8ge votre cerveau du stress oxydatif et du vieillissement.<\/li>\n<\/ul>\n<p>&nbsp;<\/p>\n<h3><strong><span style=\"font-size: 16pt;\">Comment utiliser<\/span><\/strong><\/h3>\n<p><strong>Dosage quotidien recommand\u00e9:<\/strong><br \/>\nPrendre 80 ml de Mind Master Boisson Gold une fois par jour, de pr\u00e9f\u00e9rence apr\u00e8s un repas. Selon vos pr\u00e9f\u00e9rences, il peut \u00eatre consomm\u00e9 pur ou dissous dans de l&rsquo;eau ou du jus. Agiter avant utilisation. Apr\u00e8s ouverture, conservez-le au r\u00e9frig\u00e9rateur.<\/p>\n<p><strong>Ne pas d\u00e9passer la dose journali\u00e8re recommand\u00e9e.<\/strong><br \/>\nLes compl\u00e9ments alimentaires ne se substituent pas \u00e0 une alimentation vari\u00e9e et \u00e9quilibr\u00e9e, associ\u00e9e \u00e0 un mode de vie sain. Tenir hors de port\u00e9e des enfants.<\/p>\n<p>&nbsp;<\/p>\n<p><span style=\"font-size: 16pt;\"><strong>Avantages de Mind Master Boisson Gold:<\/strong><\/span><\/p>\n<ul>\n<li>Am\u00e9liore la clart\u00e9 <a href=\"https:\/\/www.lraloeverashop.eu\/fr\/produit\/mind-master-poudre-avec-guarana\/\">mentale et la concentration<\/a><\/li>\n<li>R\u00e9duit le stress et l\u2019anxi\u00e9t\u00e9<\/li>\n<li>Am\u00e9liore la m\u00e9moire et la capacit\u00e9 d\u2019apprentissage<\/li>\n<li>Fournit une \u00e9nergie soutenue tout au long de la journ\u00e9e<\/li>\n<li>Fabriqu\u00e9 \u00e0 partir d&rsquo;ingr\u00e9dients naturels de haute qualit\u00e9<\/li>\n<\/ul>\n<p>\u00cates-vous pr\u00eat \u00e0 prendre le contr\u00f4le de vos performances mentales et de votre bien-\u00eatre ? Essayez LR LIFETAKT Mind Master Boisson Gold aujourd&rsquo;hui et d\u00e9couvrez la diff\u00e9rence. Lib\u00e9rez tout votre potentiel et conqu\u00e9rez votre journ\u00e9e en toute confiance. N\u2019attendez pas, faites d\u00e8s maintenant le choix intelligent pour votre esprit et votre corps!<\/p>\n<p>1. La vitamine E aide \u00e0 prot\u00e9ger les cellules du stress oxydatif.<br \/>\n2. La vitamine B12 dans Mind Master Boisson Gold contribue au <a href=\"https:\/\/www.lraloeverashop.eu\/fr\/produit\/aloe-vera-boisson-immune-plus\/\">m\u00e9tabolisme \u00e9nerg\u00e9tique<\/a> normal, au fonctionnement normal du syst\u00e8me nerveux et \u00e0 la r\u00e9duction de la fatigue et de l&rsquo;\u00e9puisement. Le fer contribue \u00e0 une fonction cognitive normale et au transport normal de l\u2019oxyg\u00e8ne dans l\u2019organisme. La vitamine D contribue au maintien d\u2019os normaux et d\u2019une fonction musculaire normale.<br \/>\n3. La vitamine B12 contribue \u00e0 une fonction psychologique normale et au fonctionnement normal du syst\u00e8me nerveux. Le fer contribue \u00e0 une fonction cognitive normale.<\/p>\n","protected":false},"excerpt":{"rendered":"<ul>\n<li>Prot\u00e8ge contre stress oxydatif gr\u00e2ce \u00e0 de pr\u00e9cieux antioxydants\u00b9<\/li>\n<li>Soutiens par fatigue et \u00e9puisement\u00b2<\/li>\n<li>Pour le psychisme et le bien-\u00eatre mental\u00b3<\/li>\n<li>Avec coenzyme Q10, vitamines D, K, th\u00e9 blanc, curcuma, aloe vera et L-carnitine<\/li>\n<li>Go\u00fbt fruit\u00e9 et frais d&rsquo;orange sanguine, de melon miel et de citron<\/li>\n<li>Quantit\u00e9 : 500 ml<\/li>\n<\/ul>\n<p style=\"text-align: left;\"><span style=\"color: #ff0000;\"><a style=\"color: #ff0000;\" href=\"https:\/\/shop.lrworld.com\/openpao?PHP=0vFlt7jT938BEnBI3a6e9w%3D%3D\"><span style=\"font-size: 14pt;\"><strong>Inscrivez-vous et \u00e9conomisez 35% sur chaque commande<\/strong><\/span><\/a><\/span><\/p>\n","protected":false},"featured_media":15275,"comment_status":"open","ping_status":"closed","template":"","meta":{"_kad_blocks_custom_css":"","_kad_blocks_head_custom_js":"","_kad_blocks_body_custom_js":"","_kad_blocks_footer_custom_js":"","_kadence_starter_templates_imported_post":false,"_kad_post_transparent":"default","_kad_post_title":"","_kad_post_layout":"default","_kad_post_sidebar_id":"","_kad_post_content_style":"default","_kad_post_vertical_padding":"default","_kad_post_feature":"","_kad_post_feature_position":"","_kad_post_header":false,"_kad_post_footer":false,"_kad_post_classname":""},"product_brand":[],"product_cat":[500,440,410,464],"product_tag":[638],"class_list":{"0":"post-15299","1":"product","2":"type-product","3":"status-publish","4":"has-post-thumbnail","6":"product_cat-mind-master-fr","7":"product_cat-performances-energie","8":"product_cat-produits-speciaux","9":"product_cat-specialistes","10":"product_tag-energie","12":"first","13":"instock","14":"taxable","15":"shipping-taxable","16":"purchasable","17":"product-type-simple","18":"entry","19":"content-bg","20":"loop-entry"},"yoast_head":"<!-- This site is optimized with the Yoast SEO Premium plugin v27.4 (Yoast SEO v27.4) - https:\/\/yoast.com\/product\/yoast-seo-premium-wordpress\/ -->\n<title>Mind Master Boisson Gold stimule la m\u00e9moire et la concentration<\/title>\n<meta name=\"description\" content=\"Mind Master Boisson Gold am\u00e9liore la clart\u00e9 mentale et la concentration. R\u00e9duit le stress et l\u2019anxi\u00e9t\u00e9. Am\u00e9liore la m\u00e9moire et la capacit\u00e9 d\u2019apprentissage.\" \/>\n<meta name=\"robots\" content=\"index, follow, max-snippet:-1, max-image-preview:large, max-video-preview:-1\" \/>\n<link rel=\"canonical\" href=\"https:\/\/www.lraloeverashop.eu\/fr\/produit\/mind-master-boisson-gold\/\" \/>\n<meta property=\"og:locale\" content=\"fr_FR\" \/>\n<meta property=\"og:type\" content=\"article\" \/>\n<meta property=\"og:title\" content=\"Mind Master Boisson Gold\" \/>\n<meta property=\"og:description\" content=\"Mind Master Boisson Gold am\u00e9liore la clart\u00e9 mentale et la concentration. R\u00e9duit le stress et l\u2019anxi\u00e9t\u00e9. Am\u00e9liore la m\u00e9moire et la capacit\u00e9 d\u2019apprentissage.\" \/>\n<meta property=\"og:url\" content=\"https:\/\/www.lraloeverashop.eu\/fr\/produit\/mind-master-boisson-gold\/\" \/>\n<meta property=\"og:site_name\" content=\"Boutique Lr Aloe Vera\" \/>\n<meta property=\"article:publisher\" content=\"https:\/\/www.facebook.com\/lraloeverashop.eu\" \/>\n<meta property=\"article:modified_time\" content=\"2026-02-02T17:23:06+00:00\" \/>\n<meta property=\"og:image\" content=\"https:\/\/www.lraloeverashop.eu\/wp-content\/uploads\/2024\/05\/Mind-Master-Gold.jpeg\" \/>\n\t<meta property=\"og:image:width\" content=\"1200\" \/>\n\t<meta property=\"og:image:height\" content=\"1200\" \/>\n\t<meta property=\"og:image:type\" content=\"image\/jpeg\" \/>\n<meta name=\"twitter:card\" content=\"summary_large_image\" \/>\n<meta name=\"twitter:site\" content=\"@natur__kosmetik\" \/>\n<script type=\"application\/ld+json\" class=\"yoast-schema-graph\">{\"@context\":\"https:\\\/\\\/schema.org\",\"@graph\":[{\"@type\":[\"WebPage\",\"ItemPage\"],\"@id\":\"https:\\\/\\\/www.lraloeverashop.eu\\\/fr\\\/produit\\\/mind-master-boisson-gold\\\/\",\"url\":\"https:\\\/\\\/www.lraloeverashop.eu\\\/fr\\\/produit\\\/mind-master-boisson-gold\\\/\",\"name\":\"Mind Master Boisson Gold stimule la m\u00e9moire et la concentration\",\"isPartOf\":{\"@id\":\"https:\\\/\\\/www.lraloeverashop.eu\\\/fr\\\/#website\"},\"primaryImageOfPage\":{\"@id\":\"https:\\\/\\\/www.lraloeverashop.eu\\\/fr\\\/produit\\\/mind-master-boisson-gold\\\/#primaryimage\"},\"image\":{\"@id\":\"https:\\\/\\\/www.lraloeverashop.eu\\\/fr\\\/produit\\\/mind-master-boisson-gold\\\/#primaryimage\"},\"thumbnailUrl\":\"https:\\\/\\\/www.lraloeverashop.eu\\\/wp-content\\\/uploads\\\/2024\\\/05\\\/Mind-Master-Gold.jpeg\",\"datePublished\":\"2024-05-23T08:30:42+00:00\",\"dateModified\":\"2026-02-02T17:23:06+00:00\",\"description\":\"Mind Master Boisson Gold am\u00e9liore la clart\u00e9 mentale et la concentration. R\u00e9duit le stress et l\u2019anxi\u00e9t\u00e9. Am\u00e9liore la m\u00e9moire et la capacit\u00e9 d\u2019apprentissage.\",\"breadcrumb\":{\"@id\":\"https:\\\/\\\/www.lraloeverashop.eu\\\/fr\\\/produit\\\/mind-master-boisson-gold\\\/#breadcrumb\"},\"inLanguage\":\"fr-FR\",\"potentialAction\":[{\"@type\":\"ReadAction\",\"target\":[\"https:\\\/\\\/www.lraloeverashop.eu\\\/fr\\\/produit\\\/mind-master-boisson-gold\\\/\"]}]},{\"@type\":\"ImageObject\",\"inLanguage\":\"fr-FR\",\"@id\":\"https:\\\/\\\/www.lraloeverashop.eu\\\/fr\\\/produit\\\/mind-master-boisson-gold\\\/#primaryimage\",\"url\":\"https:\\\/\\\/www.lraloeverashop.eu\\\/wp-content\\\/uploads\\\/2024\\\/05\\\/Mind-Master-Gold.jpeg\",\"contentUrl\":\"https:\\\/\\\/www.lraloeverashop.eu\\\/wp-content\\\/uploads\\\/2024\\\/05\\\/Mind-Master-Gold.jpeg\",\"width\":1200,\"height\":1200,\"caption\":\"Boisson Mind Master Gold am\u00e9liore la fonction cognitive\"},{\"@type\":\"BreadcrumbList\",\"@id\":\"https:\\\/\\\/www.lraloeverashop.eu\\\/fr\\\/produit\\\/mind-master-boisson-gold\\\/#breadcrumb\",\"itemListElement\":[{\"@type\":\"ListItem\",\"position\":1,\"name\":\"Home\",\"item\":\"https:\\\/\\\/www.lraloeverashop.eu\\\/fr\\\/\"},{\"@type\":\"ListItem\",\"position\":2,\"name\":\"Boutique\",\"item\":\"https:\\\/\\\/www.lraloeverashop.eu\\\/fr\\\/boutique\\\/\"},{\"@type\":\"ListItem\",\"position\":3,\"name\":\"Mind Master Boisson Gold\"}]},{\"@type\":\"WebSite\",\"@id\":\"https:\\\/\\\/www.lraloeverashop.eu\\\/fr\\\/#website\",\"url\":\"https:\\\/\\\/www.lraloeverashop.eu\\\/fr\\\/\",\"name\":\"Boutique Lr Aloe Vera\",\"description\":\"High Quality Lr Aloe Vera Gel, Aloe Vera Cream and Shampoo\",\"publisher\":{\"@id\":\"https:\\\/\\\/www.lraloeverashop.eu\\\/fr\\\/#organization\"},\"potentialAction\":[{\"@type\":\"SearchAction\",\"target\":{\"@type\":\"EntryPoint\",\"urlTemplate\":\"https:\\\/\\\/www.lraloeverashop.eu\\\/fr\\\/?s={search_term_string}\"},\"query-input\":{\"@type\":\"PropertyValueSpecification\",\"valueRequired\":true,\"valueName\":\"search_term_string\"}}],\"inLanguage\":\"fr-FR\"},{\"@type\":\"Organization\",\"@id\":\"https:\\\/\\\/www.lraloeverashop.eu\\\/fr\\\/#organization\",\"name\":\"Boutique Lr Aloe Vera\",\"alternateName\":\"LR\",\"url\":\"https:\\\/\\\/www.lraloeverashop.eu\\\/fr\\\/\",\"logo\":{\"@type\":\"ImageObject\",\"inLanguage\":\"fr-FR\",\"@id\":\"https:\\\/\\\/www.lraloeverashop.eu\\\/fr\\\/#\\\/schema\\\/logo\\\/image\\\/\",\"url\":\"https:\\\/\\\/www.lraloeverashop.eu\\\/wp-content\\\/uploads\\\/2022\\\/09\\\/cropped-Lr-Aloe-Vera-Shop.jpg\",\"contentUrl\":\"https:\\\/\\\/www.lraloeverashop.eu\\\/wp-content\\\/uploads\\\/2022\\\/09\\\/cropped-Lr-Aloe-Vera-Shop.jpg\",\"width\":228,\"height\":76,\"caption\":\"Boutique Lr Aloe Vera\"},\"image\":{\"@id\":\"https:\\\/\\\/www.lraloeverashop.eu\\\/fr\\\/#\\\/schema\\\/logo\\\/image\\\/\"},\"sameAs\":[\"https:\\\/\\\/www.facebook.com\\\/lraloeverashop.eu\",\"https:\\\/\\\/x.com\\\/natur__kosmetik\",\"https:\\\/\\\/www.youtube.com\\\/channel\\\/UC5oN7BJ8nfYb8RpVtjwDEBA\",\"https:\\\/\\\/www.instagram.com\\\/lrbeautyeu\\\/\"],\"description\":\"La boutique LR Aloe Vera est votre destination de confiance pour les produits de sant\u00e9 et de beaut\u00e9 haut de gamme LR, fabriqu\u00e9s en Allemagne. Nous proposons des soins de la peau, des compl\u00e9ments nutritionnels et des solutions anti-\u00e2ge \u00e0 l'aloe vera de haute qualit\u00e9, \u00e9labor\u00e9s \u00e0 partir d'ingr\u00e9dients purs et valid\u00e9s par la recherche scientifique. D\u00e9couvrez des soins naturels qui r\u00e9g\u00e9n\u00e8rent, prot\u00e8gent et revitalisent votre peau, et profitez d'offres mensuelles exclusives sur nos produits LR Aloe Vera les plus vendus.\\n\\nCommencez d\u00e8s aujourd'hui votre parcours vers des soins naturels et constatez la diff\u00e9rence.\",\"email\":\"info@lraloeverashop.eu\",\"telephone\":\"+49 17670609653\",\"legalName\":\"Lr Aloe Vera Shop\",\"foundingDate\":\"2018-04-21\",\"numberOfEmployees\":{\"@type\":\"QuantitativeValue\",\"minValue\":\"1\",\"maxValue\":\"10\"}}]}<\/script>\n<meta property=\"product:price:amount\" content=\"25.59\" \/>\n<meta property=\"product:price:currency\" content=\"EUR\" \/>\n<meta property=\"og:availability\" content=\"instock\" \/>\n<meta property=\"product:availability\" content=\"instock\" \/>\n<meta property=\"product:retailer_item_id\" content=\"80940-1FR\" \/>\n<meta property=\"product:condition\" content=\"new\" \/>\n<!-- \/ Yoast SEO Premium plugin. -->","yoast_head_json":{"title":"Mind Master Boisson Gold stimule la m\u00e9moire et la concentration","description":"Mind Master Boisson Gold am\u00e9liore la clart\u00e9 mentale et la concentration. R\u00e9duit le stress et l\u2019anxi\u00e9t\u00e9. Am\u00e9liore la m\u00e9moire et la capacit\u00e9 d\u2019apprentissage.","robots":{"index":"index","follow":"follow","max-snippet":"max-snippet:-1","max-image-preview":"max-image-preview:large","max-video-preview":"max-video-preview:-1"},"canonical":"https:\/\/www.lraloeverashop.eu\/fr\/produit\/mind-master-boisson-gold\/","og_locale":"fr_FR","og_type":"article","og_title":"Mind Master Boisson Gold","og_description":"Mind Master Boisson Gold am\u00e9liore la clart\u00e9 mentale et la concentration. R\u00e9duit le stress et l\u2019anxi\u00e9t\u00e9. Am\u00e9liore la m\u00e9moire et la capacit\u00e9 d\u2019apprentissage.","og_url":"https:\/\/www.lraloeverashop.eu\/fr\/produit\/mind-master-boisson-gold\/","og_site_name":"Boutique Lr Aloe Vera","article_publisher":"https:\/\/www.facebook.com\/lraloeverashop.eu","article_modified_time":"2026-02-02T17:23:06+00:00","og_image":[{"width":1200,"height":1200,"url":"https:\/\/www.lraloeverashop.eu\/wp-content\/uploads\/2024\/05\/Mind-Master-Gold.jpeg","type":"image\/jpeg"}],"twitter_card":"summary_large_image","twitter_site":"@natur__kosmetik","schema":{"@context":"https:\/\/schema.org","@graph":[{"@type":["WebPage","ItemPage"],"@id":"https:\/\/www.lraloeverashop.eu\/fr\/produit\/mind-master-boisson-gold\/","url":"https:\/\/www.lraloeverashop.eu\/fr\/produit\/mind-master-boisson-gold\/","name":"Mind Master Boisson Gold stimule la m\u00e9moire et la concentration","isPartOf":{"@id":"https:\/\/www.lraloeverashop.eu\/fr\/#website"},"primaryImageOfPage":{"@id":"https:\/\/www.lraloeverashop.eu\/fr\/produit\/mind-master-boisson-gold\/#primaryimage"},"image":{"@id":"https:\/\/www.lraloeverashop.eu\/fr\/produit\/mind-master-boisson-gold\/#primaryimage"},"thumbnailUrl":"https:\/\/www.lraloeverashop.eu\/wp-content\/uploads\/2024\/05\/Mind-Master-Gold.jpeg","datePublished":"2024-05-23T08:30:42+00:00","dateModified":"2026-02-02T17:23:06+00:00","description":"Mind Master Boisson Gold am\u00e9liore la clart\u00e9 mentale et la concentration. R\u00e9duit le stress et l\u2019anxi\u00e9t\u00e9. Am\u00e9liore la m\u00e9moire et la capacit\u00e9 d\u2019apprentissage.","breadcrumb":{"@id":"https:\/\/www.lraloeverashop.eu\/fr\/produit\/mind-master-boisson-gold\/#breadcrumb"},"inLanguage":"fr-FR","potentialAction":[{"@type":"ReadAction","target":["https:\/\/www.lraloeverashop.eu\/fr\/produit\/mind-master-boisson-gold\/"]}]},{"@type":"ImageObject","inLanguage":"fr-FR","@id":"https:\/\/www.lraloeverashop.eu\/fr\/produit\/mind-master-boisson-gold\/#primaryimage","url":"https:\/\/www.lraloeverashop.eu\/wp-content\/uploads\/2024\/05\/Mind-Master-Gold.jpeg","contentUrl":"https:\/\/www.lraloeverashop.eu\/wp-content\/uploads\/2024\/05\/Mind-Master-Gold.jpeg","width":1200,"height":1200,"caption":"Boisson Mind Master Gold am\u00e9liore la fonction cognitive"},{"@type":"BreadcrumbList","@id":"https:\/\/www.lraloeverashop.eu\/fr\/produit\/mind-master-boisson-gold\/#breadcrumb","itemListElement":[{"@type":"ListItem","position":1,"name":"Home","item":"https:\/\/www.lraloeverashop.eu\/fr\/"},{"@type":"ListItem","position":2,"name":"Boutique","item":"https:\/\/www.lraloeverashop.eu\/fr\/boutique\/"},{"@type":"ListItem","position":3,"name":"Mind Master Boisson Gold"}]},{"@type":"WebSite","@id":"https:\/\/www.lraloeverashop.eu\/fr\/#website","url":"https:\/\/www.lraloeverashop.eu\/fr\/","name":"Boutique Lr Aloe Vera","description":"High Quality Lr Aloe Vera Gel, Aloe Vera Cream and Shampoo","publisher":{"@id":"https:\/\/www.lraloeverashop.eu\/fr\/#organization"},"potentialAction":[{"@type":"SearchAction","target":{"@type":"EntryPoint","urlTemplate":"https:\/\/www.lraloeverashop.eu\/fr\/?s={search_term_string}"},"query-input":{"@type":"PropertyValueSpecification","valueRequired":true,"valueName":"search_term_string"}}],"inLanguage":"fr-FR"},{"@type":"Organization","@id":"https:\/\/www.lraloeverashop.eu\/fr\/#organization","name":"Boutique Lr Aloe Vera","alternateName":"LR","url":"https:\/\/www.lraloeverashop.eu\/fr\/","logo":{"@type":"ImageObject","inLanguage":"fr-FR","@id":"https:\/\/www.lraloeverashop.eu\/fr\/#\/schema\/logo\/image\/","url":"https:\/\/www.lraloeverashop.eu\/wp-content\/uploads\/2022\/09\/cropped-Lr-Aloe-Vera-Shop.jpg","contentUrl":"https:\/\/www.lraloeverashop.eu\/wp-content\/uploads\/2022\/09\/cropped-Lr-Aloe-Vera-Shop.jpg","width":228,"height":76,"caption":"Boutique Lr Aloe Vera"},"image":{"@id":"https:\/\/www.lraloeverashop.eu\/fr\/#\/schema\/logo\/image\/"},"sameAs":["https:\/\/www.facebook.com\/lraloeverashop.eu","https:\/\/x.com\/natur__kosmetik","https:\/\/www.youtube.com\/channel\/UC5oN7BJ8nfYb8RpVtjwDEBA","https:\/\/www.instagram.com\/lrbeautyeu\/"],"description":"La boutique LR Aloe Vera est votre destination de confiance pour les produits de sant\u00e9 et de beaut\u00e9 haut de gamme LR, fabriqu\u00e9s en Allemagne. Nous proposons des soins de la peau, des compl\u00e9ments nutritionnels et des solutions anti-\u00e2ge \u00e0 l'aloe vera de haute qualit\u00e9, \u00e9labor\u00e9s \u00e0 partir d'ingr\u00e9dients purs et valid\u00e9s par la recherche scientifique. D\u00e9couvrez des soins naturels qui r\u00e9g\u00e9n\u00e8rent, prot\u00e8gent et revitalisent votre peau, et profitez d'offres mensuelles exclusives sur nos produits LR Aloe Vera les plus vendus.\n\nCommencez d\u00e8s aujourd'hui votre parcours vers des soins naturels et constatez la diff\u00e9rence.","email":"info@lraloeverashop.eu","telephone":"+49 17670609653","legalName":"Lr Aloe Vera Shop","foundingDate":"2018-04-21","numberOfEmployees":{"@type":"QuantitativeValue","minValue":"1","maxValue":"10"}}]},"product_price_amount":"25.59","product_price_currency":"EUR","og_availability":"instock","product_availability":"instock","product_retailer_item_id":"80940-1FR","product_condition":"new"},"taxonomy_info":{"product_cat":[{"value":500,"label":"Mind Master"},{"value":440,"label":"Performances &amp; \u00c9nergie"},{"value":410,"label":"Produits Speciaux"},{"value":464,"label":"Sp\u00e9cialistes"}],"product_tag":[{"value":638,"label":"\u00e9nergie"}]},"featured_image_src_large":["https:\/\/www.lraloeverashop.eu\/wp-content\/uploads\/2024\/05\/Mind-Master-Gold-1024x1024.jpeg",1024,1024,true],"author_info":[],"comment_info":0,"_links":{"self":[{"href":"https:\/\/www.lraloeverashop.eu\/fr\/wp-json\/wp\/v2\/product\/15299","targetHints":{"allow":["GET"]}}],"collection":[{"href":"https:\/\/www.lraloeverashop.eu\/fr\/wp-json\/wp\/v2\/product"}],"about":[{"href":"https:\/\/www.lraloeverashop.eu\/fr\/wp-json\/wp\/v2\/types\/product"}],"replies":[{"embeddable":true,"href":"https:\/\/www.lraloeverashop.eu\/fr\/wp-json\/wp\/v2\/comments?post=15299"}],"wp:featuredmedia":[{"embeddable":true,"href":"https:\/\/www.lraloeverashop.eu\/fr\/wp-json\/wp\/v2\/media\/15275"}],"wp:attachment":[{"href":"https:\/\/www.lraloeverashop.eu\/fr\/wp-json\/wp\/v2\/media?parent=15299"}],"wp:term":[{"taxonomy":"product_brand","embeddable":true,"href":"https:\/\/www.lraloeverashop.eu\/fr\/wp-json\/wp\/v2\/product_brand?post=15299"},{"taxonomy":"product_cat","embeddable":true,"href":"https:\/\/www.lraloeverashop.eu\/fr\/wp-json\/wp\/v2\/product_cat?post=15299"},{"taxonomy":"product_tag","embeddable":true,"href":"https:\/\/www.lraloeverashop.eu\/fr\/wp-json\/wp\/v2\/product_tag?post=15299"}],"curies":[{"name":"wp","href":"https:\/\/api.w.org\/{rel}","templated":true}]}}