{"id":14758,"date":"2024-04-21T15:19:37","date_gmt":"2024-04-21T13:19:37","guid":{"rendered":"https:\/\/www.lraloeverashop.eu\/?post_type=product&#038;p=14758"},"modified":"2026-04-18T21:38:25","modified_gmt":"2026-04-18T19:38:25","slug":"gel-a-boire-aloe-vera-acai","status":"publish","type":"product","link":"https:\/\/www.lraloeverashop.eu\/fr\/produit\/gel-a-boire-aloe-vera-acai\/","title":{"rendered":"Gel \u00e0 Boire Aloe Vera Acai Pro"},"content":{"rendered":"<h2><span style=\"font-size: 16pt;\"><strong>Gel \u00e0 boire Aloe Vera Acai Pro<\/strong><\/span><\/h2>\n<p><span style=\"font-size: 14pt;\"><strong>Gel \u00e0 boire Aloe Vera Acai Pro avec groseilles, fruits des bois et miel<\/strong><\/span><\/p>\n<p><strong>LA TRIPLE PROTECTION POUR VOTRE \u00c9T\u00c9<\/strong><\/p>\n<p>ACAI \u2013 vous pouvez d\u00e9sormais boire le superaliment populaire chez LR! La baie d&rsquo;a\u00e7a\u00ed est connue pour sa teneur inhabituellement <a href=\"https:\/\/www.lraloeverashop.eu\/fr\/produit\/gel-a-boire-aloe-vera-freedom\/\">\u00e9lev\u00e9e en antioxydants<\/a> ainsi que pour ses nombreuses vitamines et min\u00e9raux.<\/p>\n<p><strong>\u00c9QUILIBRE \u00c9LECTROLYTIQUE:<\/strong> Assure un \u00e9quilibre \u00e9lectrolytique et un m\u00e9tabolisme \u00e9quilibr\u00e9s.\u00b9<br \/>\n<strong>PROTECTION SOLAIRE:<\/strong> soutient la protection cutan\u00e9e du corps et assure une pigmentation naturelle de la peau.\u00b2<br \/>\n<strong>PROTECTION DE D\u00c9FENSE:<\/strong> Soutient le syst\u00e8me immunitaire.\u00b3<\/p>\n<h3><span style=\"font-size: 16pt;\"><strong>Gel \u00e0 Boire Aloe Vera A\u00e7a\u00ed Pro est votre \u00e9lixir de vie pour plus de protection en \u00e9t\u00e9!<\/strong><\/span><\/h3>\n<p>Il assure un \u00e9quilibre \u00e9lectrolytique et un m\u00e9tabolisme \u00e9quilibr\u00e9\u00b9, soutient la protection solaire du corps\u00b2 et assure une pigmentation naturelle de la peau\u00b2. Il soutient \u00e9galement le syst\u00e8me immunitaire\u00b3. La <a href=\"https:\/\/www.lraloeverashop.eu\/fr\/produit\/boisson-aloe-vera-acai-pro\/\">boisson \u00e9nergisante<\/a> d&rsquo;\u00e9t\u00e9 avec 85 % de filet de feuilles d&rsquo;aloe vera, de baies d&rsquo;a\u00e7a\u00ed, de groseilles, de fruits des bois et de <a href=\"https:\/\/www.lraloeverashop.eu\/fr\/aloe-vera-gel-a-boire-miel\/\">miel<\/a> impressionne par son go\u00fbt naturel, fruit\u00e9 et frais de baies d&rsquo;a\u00e7a\u00ed.<\/p>\n<p>La qualit\u00e9 exceptionnelle \u00ab\u00a0made in Germany\u00a0\u00bb a \u00e9t\u00e9 certifi\u00e9e par le SGS Institut Fresenius et l&rsquo;IASC (International Aloe Science Council).<\/p>\n<p>1. La vitamine C contribue \u00e0 un <a href=\"https:\/\/www.lraloeverashop.eu\/fr\/produit\/aloe-vera-a-boire-miel-6\/\">m\u00e9tabolisme \u00e9nerg\u00e9tique<\/a> normal, Le zinc contribue au m\u00e9tabolisme normal de la vitamine A, Le magn\u00e9sium contribue \u00e0 l&rsquo;\u00e9quilibre \u00e9lectrolytique.<br \/>\n2. Le cuivre et le zinc aident \u00e0 prot\u00e9ger les cellules du stress oxydatif, Le zinc aide \u00e0 maintenir une peau normale, Le cuivre contribue \u00e0 une pigmentation normale de la peau.<br \/>\n3. Le zinc, la vitamine C et le cuivre contribuent au fonctionnement normal du syst\u00e8me immunitaire.<\/p>\n<h3><span style=\"font-size: 16pt;\"><strong>Comment utiliser<\/strong><\/span><\/h3>\n<p>Consommation recommand\u00e9e : Nous recommandons de consommer 3 x 30 ml de Gel \u00e0 boire Aloe Vera Acai Pro par jour.<\/p>\n<p><strong>Remarque:<\/strong> agiter avant utilisation. Apr\u00e8s ouverture, \u00e0 conserver au r\u00e9frig\u00e9rateur et \u00e0 utiliser rapidement. La dose quotidienne recommand\u00e9e ne doit pas \u00eatre d\u00e9pass\u00e9e. Les <a href=\"https:\/\/www.lraloeverashop.eu\/fr\/produit\/pro-12-plus-probiotiques\/\">compl\u00e9ments alimentaires<\/a> ne remplacent pas une alimentation vari\u00e9e et \u00e9quilibr\u00e9e, indispensable \u00e0 un mode de vie sain.<br \/>\nGardez le produit hors de port\u00e9e des jeunes enfants.<\/p>\n<h4><span style=\"font-size: 16pt;\"><strong>Le saviez-vous?<\/strong><\/span><\/h4>\n<p><span style=\"font-size: 14pt;\"><strong>Chez LR, la qualit\u00e9 rencontre la comp\u00e9tence<\/strong><\/span><\/p>\n<p><strong>Une qualit\u00e9 exceptionnellement \u00e9lev\u00e9e<\/strong><br \/>\nSeuls les gels \u00e0 boire LR Aloe Vera ont re\u00e7u le SGS INSTITUT FRESENIUS et le label IASC pour:<\/p>\n<p>\u2022 Produit de haute qualit\u00e9 \u2013 \u00e0 base de gel de feuilles d&rsquo;aloe vera pur, sans alo\u00efne*<br \/>\n\u2022 Culture durable au Mexique (Test\u00e9 par l&rsquo;IASC)<br \/>\n\u2022 Traitement doux<br \/>\n\u2022 normes de production \u00e9lev\u00e9es<\/p>\n<p><strong>Ann\u00e9es d&rsquo;exp\u00e9rience<\/strong><br \/>\nLes gels \u00e0 boire LR Aloe Vera sont synonymes de qualit\u00e9 fabriqu\u00e9e en Allemagne:<\/p>\n<p>\u2022 LR est expert en aloe vera depuis plus de 20 ans<br \/>\n\u2022 Production propre dans l&rsquo;une des installations de production d&rsquo;aloe vera les plus modernes d&rsquo;Allemagne<br \/>\n\u2022 Coop\u00e9ration avec des experts renomm\u00e9s<\/p>\n<p><strong>Non seulement sain, mais aussi d\u00e9licieux<\/strong><br \/>\nLes <a href=\"https:\/\/www.lraloeverashop.eu\/fr\/aloe-vera-a-boire-de-lr-health-beauty\/\">Gels \u00e0 boire LR Aloe Vera<\/a> offrent non seulement un soutien dans une large gamme de situations, mais \u00e9galement une large gamme de saveurs. Que ce soit avec une note naturelle d&rsquo;ortie ou un agr\u00e9able go\u00fbt de miel, il y en a pour tous les go\u00fbts.<\/p>\n<p>Le Gel \u00e0 boire Aloe Vera Acai Pro est un produit naturel et avec le temps, la couleur du gel peut changer. Cela n&rsquo;a aucun impact sur la qualit\u00e9.<\/p>\n","protected":false},"excerpt":{"rendered":"<ul>\n<li>compl\u00e9ment alimentaire liquide \u00e0 base de vitamine C et de min\u00e9raux<\/li>\n<li>Naturel\u00a0: 85% de filet de feuilles d&rsquo;Aloe Vera<\/li>\n<li>Estival\u00a0: Avec de l&rsquo;a\u00e7a\u00ed, des groseilles, des fruits des bois et du miel<\/li>\n<li>Qualit\u00e9 exceptionnelle \u2013 fabriqu\u00e9 en Allemagne<\/li>\n<li>Quantit\u00e9: 1000 ml<\/li>\n<\/ul>\n<p style=\"text-align: left;\"><span style=\"color: #ff0000;\"><a style=\"color: #ff0000;\" href=\"https:\/\/shop.lrworld.com\/openpao?PHP=0vFlt7jT938BEnBI3a6e9w%3D%3D\"><span style=\"font-size: 14pt;\"><strong>Inscrivez-vous et \u00e9conomisez 35% sur chaque commande<\/strong><\/span><\/a><\/span><\/p>\n","protected":false},"featured_media":14737,"comment_status":"open","ping_status":"closed","template":"","meta":{"_kad_blocks_custom_css":"","_kad_blocks_head_custom_js":"","_kad_blocks_body_custom_js":"","_kad_blocks_footer_custom_js":"","_kadence_starter_templates_imported_post":false,"_kad_post_transparent":"default","_kad_post_title":"","_kad_post_layout":"default","_kad_post_sidebar_id":"","_kad_post_content_style":"default","_kad_post_vertical_padding":"default","_kad_post_feature":"","_kad_post_feature_position":"","_kad_post_header":false,"_kad_post_footer":false,"_kad_post_classname":""},"product_brand":[],"product_cat":[398,291,434,416,464],"product_tag":[582],"class_list":{"0":"post-14758","1":"product","2":"type-product","3":"status-publish","4":"has-post-thumbnail","6":"product_cat-base","7":"product_cat-gels-a-boire","8":"product_cat-intestins-digestion","9":"product_cat-os-articulations-et-muscles","10":"product_cat-specialistes","11":"product_tag-boissons-detox","13":"first","14":"instock","15":"taxable","16":"shipping-taxable","17":"purchasable","18":"product-type-simple","19":"entry","20":"content-bg","21":"loop-entry"},"yoast_head":"<!-- This site is optimized with the Yoast SEO Premium plugin v27.4 (Yoast SEO v27.4) - https:\/\/yoast.com\/product\/yoast-seo-premium-wordpress\/ -->\n<title>Gel \u00e0 boire aloe vera acai pro avec groseilles, fruits des bois et miel<\/title>\n<meta name=\"description\" content=\"Gel \u00e0 boire aloe vera acai pro est connu pour sa teneur inhabituellement \u00e9lev\u00e9e en antioxydants ainsi que pour ses nombreuses vitamines et min\u00e9raux.\" \/>\n<meta name=\"robots\" content=\"index, follow, max-snippet:-1, max-image-preview:large, max-video-preview:-1\" \/>\n<link rel=\"canonical\" href=\"https:\/\/www.lraloeverashop.eu\/fr\/produit\/gel-a-boire-aloe-vera-acai\/\" \/>\n<meta property=\"og:locale\" content=\"fr_FR\" \/>\n<meta property=\"og:type\" content=\"article\" \/>\n<meta property=\"og:title\" content=\"Gel \u00e0 Boire Aloe Vera Acai Pro\" \/>\n<meta property=\"og:description\" content=\"Gel \u00e0 boire aloe vera acai pro est connu pour sa teneur inhabituellement \u00e9lev\u00e9e en antioxydants ainsi que pour ses nombreuses vitamines et min\u00e9raux.\" \/>\n<meta property=\"og:url\" content=\"https:\/\/www.lraloeverashop.eu\/fr\/produit\/gel-a-boire-aloe-vera-acai\/\" \/>\n<meta property=\"og:site_name\" content=\"Boutique Lr Aloe Vera\" \/>\n<meta property=\"article:publisher\" content=\"https:\/\/www.facebook.com\/lraloeverashop.eu\" \/>\n<meta property=\"article:modified_time\" content=\"2026-04-18T19:38:25+00:00\" \/>\n<meta property=\"og:image\" content=\"https:\/\/www.lraloeverashop.eu\/wp-content\/uploads\/2024\/04\/Aloe-Vera-Drinking-Gel-Acai.jpeg\" \/>\n\t<meta property=\"og:image:width\" content=\"1200\" \/>\n\t<meta property=\"og:image:height\" content=\"1200\" \/>\n\t<meta property=\"og:image:type\" content=\"image\/jpeg\" \/>\n<meta name=\"twitter:card\" content=\"summary_large_image\" \/>\n<meta name=\"twitter:site\" content=\"@natur__kosmetik\" \/>\n<script type=\"application\/ld+json\" class=\"yoast-schema-graph\">{\"@context\":\"https:\\\/\\\/schema.org\",\"@graph\":[{\"@type\":[\"WebPage\",\"ItemPage\"],\"@id\":\"https:\\\/\\\/www.lraloeverashop.eu\\\/fr\\\/produit\\\/gel-a-boire-aloe-vera-acai\\\/\",\"url\":\"https:\\\/\\\/www.lraloeverashop.eu\\\/fr\\\/produit\\\/gel-a-boire-aloe-vera-acai\\\/\",\"name\":\"Gel \u00e0 boire aloe vera acai pro avec groseilles, fruits des bois et miel\",\"isPartOf\":{\"@id\":\"https:\\\/\\\/www.lraloeverashop.eu\\\/fr\\\/#website\"},\"primaryImageOfPage\":{\"@id\":\"https:\\\/\\\/www.lraloeverashop.eu\\\/fr\\\/produit\\\/gel-a-boire-aloe-vera-acai\\\/#primaryimage\"},\"image\":{\"@id\":\"https:\\\/\\\/www.lraloeverashop.eu\\\/fr\\\/produit\\\/gel-a-boire-aloe-vera-acai\\\/#primaryimage\"},\"thumbnailUrl\":\"https:\\\/\\\/www.lraloeverashop.eu\\\/wp-content\\\/uploads\\\/2024\\\/04\\\/Aloe-Vera-Drinking-Gel-Acai.jpeg\",\"datePublished\":\"2024-04-21T13:19:37+00:00\",\"dateModified\":\"2026-04-18T19:38:25+00:00\",\"description\":\"Gel \u00e0 boire aloe vera acai pro est connu pour sa teneur inhabituellement \u00e9lev\u00e9e en antioxydants ainsi que pour ses nombreuses vitamines et min\u00e9raux.\",\"breadcrumb\":{\"@id\":\"https:\\\/\\\/www.lraloeverashop.eu\\\/fr\\\/produit\\\/gel-a-boire-aloe-vera-acai\\\/#breadcrumb\"},\"inLanguage\":\"fr-FR\",\"potentialAction\":[{\"@type\":\"ReadAction\",\"target\":[\"https:\\\/\\\/www.lraloeverashop.eu\\\/fr\\\/produit\\\/gel-a-boire-aloe-vera-acai\\\/\"]}]},{\"@type\":\"ImageObject\",\"inLanguage\":\"fr-FR\",\"@id\":\"https:\\\/\\\/www.lraloeverashop.eu\\\/fr\\\/produit\\\/gel-a-boire-aloe-vera-acai\\\/#primaryimage\",\"url\":\"https:\\\/\\\/www.lraloeverashop.eu\\\/wp-content\\\/uploads\\\/2024\\\/04\\\/Aloe-Vera-Drinking-Gel-Acai.jpeg\",\"contentUrl\":\"https:\\\/\\\/www.lraloeverashop.eu\\\/wp-content\\\/uploads\\\/2024\\\/04\\\/Aloe-Vera-Drinking-Gel-Acai.jpeg\",\"width\":1200,\"height\":1200,\"caption\":\"Gel \u00e0 boire Aloe Vera Aca\u00ed Pro avec groseilles, fruits des bois et miel\"},{\"@type\":\"BreadcrumbList\",\"@id\":\"https:\\\/\\\/www.lraloeverashop.eu\\\/fr\\\/produit\\\/gel-a-boire-aloe-vera-acai\\\/#breadcrumb\",\"itemListElement\":[{\"@type\":\"ListItem\",\"position\":1,\"name\":\"Home\",\"item\":\"https:\\\/\\\/www.lraloeverashop.eu\\\/fr\\\/\"},{\"@type\":\"ListItem\",\"position\":2,\"name\":\"Boutique\",\"item\":\"https:\\\/\\\/www.lraloeverashop.eu\\\/fr\\\/boutique\\\/\"},{\"@type\":\"ListItem\",\"position\":3,\"name\":\"Gel \u00e0 Boire Aloe Vera Acai Pro\"}]},{\"@type\":\"WebSite\",\"@id\":\"https:\\\/\\\/www.lraloeverashop.eu\\\/fr\\\/#website\",\"url\":\"https:\\\/\\\/www.lraloeverashop.eu\\\/fr\\\/\",\"name\":\"Boutique Lr Aloe Vera\",\"description\":\"High Quality Lr Aloe Vera Gel, Aloe Vera Cream and Shampoo\",\"publisher\":{\"@id\":\"https:\\\/\\\/www.lraloeverashop.eu\\\/fr\\\/#organization\"},\"potentialAction\":[{\"@type\":\"SearchAction\",\"target\":{\"@type\":\"EntryPoint\",\"urlTemplate\":\"https:\\\/\\\/www.lraloeverashop.eu\\\/fr\\\/?s={search_term_string}\"},\"query-input\":{\"@type\":\"PropertyValueSpecification\",\"valueRequired\":true,\"valueName\":\"search_term_string\"}}],\"inLanguage\":\"fr-FR\"},{\"@type\":\"Organization\",\"@id\":\"https:\\\/\\\/www.lraloeverashop.eu\\\/fr\\\/#organization\",\"name\":\"Boutique Lr Aloe Vera\",\"alternateName\":\"LR\",\"url\":\"https:\\\/\\\/www.lraloeverashop.eu\\\/fr\\\/\",\"logo\":{\"@type\":\"ImageObject\",\"inLanguage\":\"fr-FR\",\"@id\":\"https:\\\/\\\/www.lraloeverashop.eu\\\/fr\\\/#\\\/schema\\\/logo\\\/image\\\/\",\"url\":\"https:\\\/\\\/www.lraloeverashop.eu\\\/wp-content\\\/uploads\\\/2022\\\/09\\\/cropped-Lr-Aloe-Vera-Shop.jpg\",\"contentUrl\":\"https:\\\/\\\/www.lraloeverashop.eu\\\/wp-content\\\/uploads\\\/2022\\\/09\\\/cropped-Lr-Aloe-Vera-Shop.jpg\",\"width\":228,\"height\":76,\"caption\":\"Boutique Lr Aloe Vera\"},\"image\":{\"@id\":\"https:\\\/\\\/www.lraloeverashop.eu\\\/fr\\\/#\\\/schema\\\/logo\\\/image\\\/\"},\"sameAs\":[\"https:\\\/\\\/www.facebook.com\\\/lraloeverashop.eu\",\"https:\\\/\\\/x.com\\\/natur__kosmetik\",\"https:\\\/\\\/www.youtube.com\\\/channel\\\/UC5oN7BJ8nfYb8RpVtjwDEBA\",\"https:\\\/\\\/www.instagram.com\\\/lrbeautyeu\\\/\"],\"description\":\"La boutique LR Aloe Vera est votre destination de confiance pour les produits de sant\u00e9 et de beaut\u00e9 haut de gamme LR, fabriqu\u00e9s en Allemagne. Nous proposons des soins de la peau, des compl\u00e9ments nutritionnels et des solutions anti-\u00e2ge \u00e0 l'aloe vera de haute qualit\u00e9, \u00e9labor\u00e9s \u00e0 partir d'ingr\u00e9dients purs et valid\u00e9s par la recherche scientifique. D\u00e9couvrez des soins naturels qui r\u00e9g\u00e9n\u00e8rent, prot\u00e8gent et revitalisent votre peau, et profitez d'offres mensuelles exclusives sur nos produits LR Aloe Vera les plus vendus.\\n\\nCommencez d\u00e8s aujourd'hui votre parcours vers des soins naturels et constatez la diff\u00e9rence.\",\"email\":\"info@lraloeverashop.eu\",\"telephone\":\"+49 17670609653\",\"legalName\":\"Lr Aloe Vera Shop\",\"foundingDate\":\"2018-04-21\",\"numberOfEmployees\":{\"@type\":\"QuantitativeValue\",\"minValue\":\"1\",\"maxValue\":\"10\"}}]}<\/script>\n<meta property=\"product:price:amount\" content=\"45.79\" \/>\n<meta property=\"product:price:currency\" content=\"EUR\" \/>\n<meta property=\"og:availability\" content=\"instock\" \/>\n<meta property=\"product:availability\" content=\"instock\" \/>\n<meta property=\"product:retailer_item_id\" content=\"81100-1FR\" \/>\n<meta property=\"product:condition\" content=\"new\" \/>\n<!-- \/ Yoast SEO Premium plugin. -->","yoast_head_json":{"title":"Gel \u00e0 boire aloe vera acai pro avec groseilles, fruits des bois et miel","description":"Gel \u00e0 boire aloe vera acai pro est connu pour sa teneur inhabituellement \u00e9lev\u00e9e en antioxydants ainsi que pour ses nombreuses vitamines et min\u00e9raux.","robots":{"index":"index","follow":"follow","max-snippet":"max-snippet:-1","max-image-preview":"max-image-preview:large","max-video-preview":"max-video-preview:-1"},"canonical":"https:\/\/www.lraloeverashop.eu\/fr\/produit\/gel-a-boire-aloe-vera-acai\/","og_locale":"fr_FR","og_type":"article","og_title":"Gel \u00e0 Boire Aloe Vera Acai Pro","og_description":"Gel \u00e0 boire aloe vera acai pro est connu pour sa teneur inhabituellement \u00e9lev\u00e9e en antioxydants ainsi que pour ses nombreuses vitamines et min\u00e9raux.","og_url":"https:\/\/www.lraloeverashop.eu\/fr\/produit\/gel-a-boire-aloe-vera-acai\/","og_site_name":"Boutique Lr Aloe Vera","article_publisher":"https:\/\/www.facebook.com\/lraloeverashop.eu","article_modified_time":"2026-04-18T19:38:25+00:00","og_image":[{"width":1200,"height":1200,"url":"https:\/\/www.lraloeverashop.eu\/wp-content\/uploads\/2024\/04\/Aloe-Vera-Drinking-Gel-Acai.jpeg","type":"image\/jpeg"}],"twitter_card":"summary_large_image","twitter_site":"@natur__kosmetik","schema":{"@context":"https:\/\/schema.org","@graph":[{"@type":["WebPage","ItemPage"],"@id":"https:\/\/www.lraloeverashop.eu\/fr\/produit\/gel-a-boire-aloe-vera-acai\/","url":"https:\/\/www.lraloeverashop.eu\/fr\/produit\/gel-a-boire-aloe-vera-acai\/","name":"Gel \u00e0 boire aloe vera acai pro avec groseilles, fruits des bois et miel","isPartOf":{"@id":"https:\/\/www.lraloeverashop.eu\/fr\/#website"},"primaryImageOfPage":{"@id":"https:\/\/www.lraloeverashop.eu\/fr\/produit\/gel-a-boire-aloe-vera-acai\/#primaryimage"},"image":{"@id":"https:\/\/www.lraloeverashop.eu\/fr\/produit\/gel-a-boire-aloe-vera-acai\/#primaryimage"},"thumbnailUrl":"https:\/\/www.lraloeverashop.eu\/wp-content\/uploads\/2024\/04\/Aloe-Vera-Drinking-Gel-Acai.jpeg","datePublished":"2024-04-21T13:19:37+00:00","dateModified":"2026-04-18T19:38:25+00:00","description":"Gel \u00e0 boire aloe vera acai pro est connu pour sa teneur inhabituellement \u00e9lev\u00e9e en antioxydants ainsi que pour ses nombreuses vitamines et min\u00e9raux.","breadcrumb":{"@id":"https:\/\/www.lraloeverashop.eu\/fr\/produit\/gel-a-boire-aloe-vera-acai\/#breadcrumb"},"inLanguage":"fr-FR","potentialAction":[{"@type":"ReadAction","target":["https:\/\/www.lraloeverashop.eu\/fr\/produit\/gel-a-boire-aloe-vera-acai\/"]}]},{"@type":"ImageObject","inLanguage":"fr-FR","@id":"https:\/\/www.lraloeverashop.eu\/fr\/produit\/gel-a-boire-aloe-vera-acai\/#primaryimage","url":"https:\/\/www.lraloeverashop.eu\/wp-content\/uploads\/2024\/04\/Aloe-Vera-Drinking-Gel-Acai.jpeg","contentUrl":"https:\/\/www.lraloeverashop.eu\/wp-content\/uploads\/2024\/04\/Aloe-Vera-Drinking-Gel-Acai.jpeg","width":1200,"height":1200,"caption":"Gel \u00e0 boire Aloe Vera Aca\u00ed Pro avec groseilles, fruits des bois et miel"},{"@type":"BreadcrumbList","@id":"https:\/\/www.lraloeverashop.eu\/fr\/produit\/gel-a-boire-aloe-vera-acai\/#breadcrumb","itemListElement":[{"@type":"ListItem","position":1,"name":"Home","item":"https:\/\/www.lraloeverashop.eu\/fr\/"},{"@type":"ListItem","position":2,"name":"Boutique","item":"https:\/\/www.lraloeverashop.eu\/fr\/boutique\/"},{"@type":"ListItem","position":3,"name":"Gel \u00e0 Boire Aloe Vera Acai Pro"}]},{"@type":"WebSite","@id":"https:\/\/www.lraloeverashop.eu\/fr\/#website","url":"https:\/\/www.lraloeverashop.eu\/fr\/","name":"Boutique Lr Aloe Vera","description":"High Quality Lr Aloe Vera Gel, Aloe Vera Cream and Shampoo","publisher":{"@id":"https:\/\/www.lraloeverashop.eu\/fr\/#organization"},"potentialAction":[{"@type":"SearchAction","target":{"@type":"EntryPoint","urlTemplate":"https:\/\/www.lraloeverashop.eu\/fr\/?s={search_term_string}"},"query-input":{"@type":"PropertyValueSpecification","valueRequired":true,"valueName":"search_term_string"}}],"inLanguage":"fr-FR"},{"@type":"Organization","@id":"https:\/\/www.lraloeverashop.eu\/fr\/#organization","name":"Boutique Lr Aloe Vera","alternateName":"LR","url":"https:\/\/www.lraloeverashop.eu\/fr\/","logo":{"@type":"ImageObject","inLanguage":"fr-FR","@id":"https:\/\/www.lraloeverashop.eu\/fr\/#\/schema\/logo\/image\/","url":"https:\/\/www.lraloeverashop.eu\/wp-content\/uploads\/2022\/09\/cropped-Lr-Aloe-Vera-Shop.jpg","contentUrl":"https:\/\/www.lraloeverashop.eu\/wp-content\/uploads\/2022\/09\/cropped-Lr-Aloe-Vera-Shop.jpg","width":228,"height":76,"caption":"Boutique Lr Aloe Vera"},"image":{"@id":"https:\/\/www.lraloeverashop.eu\/fr\/#\/schema\/logo\/image\/"},"sameAs":["https:\/\/www.facebook.com\/lraloeverashop.eu","https:\/\/x.com\/natur__kosmetik","https:\/\/www.youtube.com\/channel\/UC5oN7BJ8nfYb8RpVtjwDEBA","https:\/\/www.instagram.com\/lrbeautyeu\/"],"description":"La boutique LR Aloe Vera est votre destination de confiance pour les produits de sant\u00e9 et de beaut\u00e9 haut de gamme LR, fabriqu\u00e9s en Allemagne. Nous proposons des soins de la peau, des compl\u00e9ments nutritionnels et des solutions anti-\u00e2ge \u00e0 l'aloe vera de haute qualit\u00e9, \u00e9labor\u00e9s \u00e0 partir d'ingr\u00e9dients purs et valid\u00e9s par la recherche scientifique. D\u00e9couvrez des soins naturels qui r\u00e9g\u00e9n\u00e8rent, prot\u00e8gent et revitalisent votre peau, et profitez d'offres mensuelles exclusives sur nos produits LR Aloe Vera les plus vendus.\n\nCommencez d\u00e8s aujourd'hui votre parcours vers des soins naturels et constatez la diff\u00e9rence.","email":"info@lraloeverashop.eu","telephone":"+49 17670609653","legalName":"Lr Aloe Vera Shop","foundingDate":"2018-04-21","numberOfEmployees":{"@type":"QuantitativeValue","minValue":"1","maxValue":"10"}}]},"product_price_amount":"45.79","product_price_currency":"EUR","og_availability":"instock","product_availability":"instock","product_retailer_item_id":"81100-1FR","product_condition":"new"},"taxonomy_info":{"product_cat":[{"value":398,"label":"Base"},{"value":291,"label":"Gels \u00e0 boire Aloe Vera"},{"value":434,"label":"Intestins &amp; Digestion"},{"value":416,"label":"Os, Articulations et Muscles"},{"value":464,"label":"Sp\u00e9cialistes"}],"product_tag":[{"value":582,"label":"Boissons d\u00e9tox"}]},"featured_image_src_large":["https:\/\/www.lraloeverashop.eu\/wp-content\/uploads\/2024\/04\/Aloe-Vera-Drinking-Gel-Acai-1024x1024.jpeg",1024,1024,true],"author_info":[],"comment_info":0,"_links":{"self":[{"href":"https:\/\/www.lraloeverashop.eu\/fr\/wp-json\/wp\/v2\/product\/14758","targetHints":{"allow":["GET"]}}],"collection":[{"href":"https:\/\/www.lraloeverashop.eu\/fr\/wp-json\/wp\/v2\/product"}],"about":[{"href":"https:\/\/www.lraloeverashop.eu\/fr\/wp-json\/wp\/v2\/types\/product"}],"replies":[{"embeddable":true,"href":"https:\/\/www.lraloeverashop.eu\/fr\/wp-json\/wp\/v2\/comments?post=14758"}],"wp:featuredmedia":[{"embeddable":true,"href":"https:\/\/www.lraloeverashop.eu\/fr\/wp-json\/wp\/v2\/media\/14737"}],"wp:attachment":[{"href":"https:\/\/www.lraloeverashop.eu\/fr\/wp-json\/wp\/v2\/media?parent=14758"}],"wp:term":[{"taxonomy":"product_brand","embeddable":true,"href":"https:\/\/www.lraloeverashop.eu\/fr\/wp-json\/wp\/v2\/product_brand?post=14758"},{"taxonomy":"product_cat","embeddable":true,"href":"https:\/\/www.lraloeverashop.eu\/fr\/wp-json\/wp\/v2\/product_cat?post=14758"},{"taxonomy":"product_tag","embeddable":true,"href":"https:\/\/www.lraloeverashop.eu\/fr\/wp-json\/wp\/v2\/product_tag?post=14758"}],"curies":[{"name":"wp","href":"https:\/\/api.w.org\/{rel}","templated":true}]}}