{"id":13738,"date":"2023-11-01T07:50:29","date_gmt":"2023-11-01T06:50:29","guid":{"rendered":"https:\/\/www.lraloeverashop.eu\/?post_type=product&#038;p=13738"},"modified":"2026-02-02T18:25:38","modified_gmt":"2026-02-02T17:25:38","slug":"boisson-miel-aloe-vera-offre-limitee","status":"publish","type":"product","link":"https:\/\/www.lraloeverashop.eu\/fr\/produit\/boisson-miel-aloe-vera-offre-limitee\/","title":{"rendered":"Boisson Miel Aloe Vera Offre limit\u00e9e"},"content":{"rendered":"<h2><span style=\"font-size: 16pt;\"><strong>Boisson Miel Aloe Vera Offre limit\u00e9e<\/strong><\/span><\/h2>\n<p><span style=\"font-size: 14pt;\"><strong>Boisson Miel Aloe Vera renforce l&#8217;immunit\u00e9 du corps<\/strong><\/span><\/p>\n<p>Saviez-vous que le Boisson Miel Aloe Vera peut aider \u00e0 am\u00e9liorer votre sant\u00e9 et votre bien-\u00eatre de base? L&#8217;Aloe Vera est l&#8217;un des produits les plus admir\u00e9s et les plus efficaces en termes de sant\u00e9 et de <a href=\"https:\/\/www.lraloeverashop.eu\/fr\/produit\/boisson-aloe-vera-sivera-set-3-pieces\/\">bien-\u00eatre g\u00e9n\u00e9ral<\/a>.<\/p>\n<p>Le Boisson Miel Aloe Vera est compos\u00e9 \u00e0 90% de gel d\u2019Aloe Vera Barbadensis Miller pur et biologique. Le miel naturel pur produit 9% de plus, tandis que le 1% restant est constitu\u00e9 de vitamine C et d\u2019autres composants. La recherche sugg\u00e8re que le miel de gel de boisson contient plus de 200 ingr\u00e9dients essentiels et naturels b\u00e9n\u00e9fiques pour votre corps.<\/p>\n<p>Ceux-ci comprennent des <a href=\"https:\/\/www.lraloeverashop.eu\/fr\/produit\/mind-master-boisson-rouge\/\">vitamines<\/a>, des min\u00e9raux, des anti-oxydants, des anti-inflammatoires, des huiles naturelles, des mucopolysaccharides (sucres naturels), des enzymes, des acides gras, des bioflavono\u00efdes, des antrachiantes, des acides amin\u00e9s, des saponines, des antiseptiques et bien plus encore.\u00a0Et puisque le gel est fabriqu\u00e9 par\u00a0<a href=\"https:\/\/www.lrworld.com\/join-me\">LR<\/a>\u00a0, vous pouvez \u00eatre s\u00fbr que tous les ingr\u00e9dients sont purs.<\/p>\n<p>La vitamine C contribue au fonctionnement normal du syst\u00e8me immunitaire.\u00a0Il est \u00e9galement impliqu\u00e9 dans de nombreuses autres fonctions dans le m\u00e9tabolisme du corps, par exemple, il favorise la formation de collag\u00e8ne corporel pour le <a href=\"https:\/\/www.lraloeverashop.eu\/fr\/produit\/boisson-aloe-vera-freedom\/\">bon fonctionnement des articulations<\/a>.\u00a0**<\/p>\n<p>** La vitamine C contribue \u00e0 la formation normale de collag\u00e8ne pour une fonction normale du cartilage.<\/p>\n<p>&nbsp;<\/p>\n<h3><strong><span style=\"font-size: 16pt;\">Comment utiliser\u00a0<\/span><\/strong><\/h3>\n<p><strong>Conseil d\u2019utilisation:<\/strong> boire 3 x par jour 30 ml de Boisson Miel Aloe Vera, de pr\u00e9f\u00e9rence avant les repas (diluer \u00e9ventuellement avec de l\u2019eau ou du jus de fruit).<\/p>\n<p><strong>Id\u00e9e de recette<\/strong> : essayez donc le <a href=\"https:\/\/www.lraloeverashop.eu\/fr\/aloe-vera-a-boire-de-lr-health-beauty\/\">Boisson Aloe Vera<\/a> avec un verre de jus d\u2019orange ou m\u00e9langez le gel dans un smoothie tout juste fait avec de nombreux fruits et l\u00e9gumes sains.<br \/>\nSecouer avant usage. Apr\u00e8s ouverture, \u00e0 conserver au r\u00e9frig\u00e9rateur et \u00e0 consommer rapidement.<\/p>\n<p>La dose journali\u00e8re conseill\u00e9e ne doit pas \u00eatre d\u00e9pass\u00e9e. Les <a href=\"https:\/\/www.lraloeverashop.eu\/fr\/categorie-produit\/produits-speciaux\/\">compl\u00e9ments alimentaires<\/a> ne remplacent pas une alimentation vari\u00e9e et \u00e9quilibr\u00e9e qui est aussi importante qu\u2019un mode de vie sain.<\/p>\n<p>Ranger le produit hors de port\u00e9e des jeunes enfants.<\/p>\n<p>&nbsp;<\/p>\n<h4><strong><span style=\"font-size: 16pt;\">Le saviez-vous?<\/span><\/strong><\/h4>\n<p>23 millions de feuilles d&#8217;Aloe Vera sont collect\u00e9es chaque ann\u00e9e pour LR. Ils sont cultiv\u00e9s exclusivement dans une zone montagneuse du Mexique avec les meilleures conditions de croissance. Ces cultures poussent compl\u00e8tement sans ajout de pesticides et sont r\u00e9colt\u00e9es manuellement.<\/p>\n<p><strong>Chez LR, la qualit\u00e9 va de pair avec la comp\u00e9tence:<\/strong><\/p>\n<ul>\n<li>Grande qualit\u00e9 de produit \u2013 \u00e0 base de gel de feuille d\u2019Aloe Vera pur, sans alo\u00efne*<\/li>\n<li>Culture durable au Mexique<\/li>\n<li>Respect de l\u2019environnement et de la l\u00e9gislation en vigueur<\/li>\n<\/ul>\n<p><strong>Une grande exp\u00e9rience:<\/strong><\/p>\n<ul>\n<li>LR est expert en Aloe Vera depuis plus de 17 ans<\/li>\n<li>Production en interne dans l\u2019un des sites de production les plus modernes d\u00e9di\u00e9es \u00e0 l\u2019Aloe Vera en Allemagne<\/li>\n<li>Collaboration avec des experts renomm\u00e9s<\/li>\n<\/ul>\n<p><strong>Soutien et plaisir:<\/strong><\/p>\n<p>Boisson Miel Aloe Vera vous apportent le soutien n\u00e9cessaire pour affronter toutes les situations de la vie. En plus de cela, les gels \u00e0 boires LR sont d\u00e9licieux. Variez les plaisirs avec leurs diff\u00e9rentes saveurs.<\/p>\n","protected":false},"excerpt":{"rendered":"<ul>\n<li><span style=\"color: #ff0000;\"><strong>Offre limit\u00e9e<\/strong><\/span><\/li>\n<li><span class=\"goog-text-highlight\">Se compose de 90% de gel de feuilles d\u2019Aloe Vera pur<\/span><\/li>\n<li>9% de miel de fleur de valeur<\/li>\n<li>\u00e9liminer les toxines dans votre corps<\/li>\n<li>renforce l&#8217;immunit\u00e9 du corps<\/li>\n<li>Quantit\u00e9: 2 x 1000 ml<\/li>\n<\/ul>\n<p style=\"text-align: left;\"><span style=\"color: #ff0000;\"><a style=\"color: #ff0000;\" href=\"https:\/\/shop.lrworld.com\/openpao?PHP=0vFlt7jT938BEnBI3a6e9w%3D%3D\"><span style=\"font-size: 14pt;\"><strong>Inscrivez-vous et \u00e9conomisez 35% sur chaque commande<\/strong><\/span><\/a><\/span><\/p>\n","protected":false},"featured_media":11195,"comment_status":"open","ping_status":"closed","template":"","meta":{"_kad_blocks_custom_css":"","_kad_blocks_head_custom_js":"","_kad_blocks_body_custom_js":"","_kad_blocks_footer_custom_js":"","_kadence_starter_templates_imported_post":false,"_kad_post_transparent":"default","_kad_post_title":"","_kad_post_layout":"default","_kad_post_sidebar_id":"","_kad_post_content_style":"default","_kad_post_vertical_padding":"default","_kad_post_feature":"","_kad_post_feature_position":"","_kad_post_header":false,"_kad_post_footer":false,"_kad_post_classname":""},"product_brand":[],"product_cat":[398,463,291,434,351,464],"product_tag":[582],"class_list":{"0":"post-13738","1":"product","2":"type-product","3":"status-publish","4":"has-post-thumbnail","6":"product_cat-base","7":"product_cat-economisez-sur-les-ensembles","8":"product_cat-gels-a-boire","9":"product_cat-intestins-digestion","10":"product_cat-soldes","11":"product_cat-specialistes","12":"product_tag-boissons-detox","14":"first","15":"outofstock","16":"sale","17":"taxable","18":"shipping-taxable","19":"purchasable","20":"product-type-simple","21":"entry","22":"content-bg","23":"loop-entry"},"yoast_head":"<!-- This site is optimized with the Yoast SEO Premium plugin v27.6 (Yoast SEO v27.6) - https:\/\/yoast.com\/product\/yoast-seo-premium-wordpress\/ -->\n<title>Boisson Miel Aloe Vera renforce l&#039;immunit\u00e9 du corps.<\/title>\n<meta name=\"description\" content=\"Boisson Miel Aloe Vera avec 90% de gel d&#039;aloe vera de Barbadensis Miller et 9% de miel, \u00e9limine les toxines dans votre corps et renforce l&#039;immunit\u00e9 du corps\" \/>\n<meta name=\"robots\" content=\"index, follow, max-snippet:-1, max-image-preview:large, max-video-preview:-1\" \/>\n<link rel=\"canonical\" href=\"https:\/\/www.lraloeverashop.eu\/fr\/produit\/boisson-miel-aloe-vera-offre-limitee\/\" \/>\n<meta property=\"og:locale\" content=\"fr_FR\" \/>\n<meta property=\"og:type\" content=\"article\" \/>\n<meta property=\"og:title\" content=\"Boisson Miel Aloe Vera Offre limit\u00e9e\" \/>\n<meta property=\"og:description\" content=\"Boisson Miel Aloe Vera avec 90% de gel d&#039;aloe vera de Barbadensis Miller et 9% de miel, \u00e9limine les toxines dans votre corps et renforce l&#039;immunit\u00e9 du corps\" \/>\n<meta property=\"og:url\" content=\"https:\/\/www.lraloeverashop.eu\/fr\/produit\/boisson-miel-aloe-vera-offre-limitee\/\" \/>\n<meta property=\"og:site_name\" content=\"Boutique Lr Aloe Vera\" \/>\n<meta property=\"article:publisher\" content=\"https:\/\/www.facebook.com\/lraloeverashop.eu\" \/>\n<meta property=\"article:modified_time\" content=\"2026-02-02T17:25:38+00:00\" \/>\n<meta property=\"og:image\" content=\"https:\/\/www.lraloeverashop.eu\/wp-content\/uploads\/2023\/03\/Aloe-Vera-Gel-Honey-2-Pieces-Set.jpeg\" \/>\n\t<meta property=\"og:image:width\" content=\"1200\" \/>\n\t<meta property=\"og:image:height\" content=\"1200\" \/>\n\t<meta property=\"og:image:type\" content=\"image\/jpeg\" \/>\n<meta name=\"twitter:card\" content=\"summary_large_image\" \/>\n<meta name=\"twitter:site\" content=\"@natur__kosmetik\" \/>\n<script type=\"application\/ld+json\" class=\"yoast-schema-graph\">{\"@context\":\"https:\\\/\\\/schema.org\",\"@graph\":[{\"@type\":[\"WebPage\",\"ItemPage\"],\"@id\":\"https:\\\/\\\/www.lraloeverashop.eu\\\/fr\\\/produit\\\/boisson-miel-aloe-vera-offre-limitee\\\/\",\"url\":\"https:\\\/\\\/www.lraloeverashop.eu\\\/fr\\\/produit\\\/boisson-miel-aloe-vera-offre-limitee\\\/\",\"name\":\"Boisson Miel Aloe Vera renforce l'immunit\u00e9 du corps.\",\"isPartOf\":{\"@id\":\"https:\\\/\\\/www.lraloeverashop.eu\\\/fr\\\/#website\"},\"primaryImageOfPage\":{\"@id\":\"https:\\\/\\\/www.lraloeverashop.eu\\\/fr\\\/produit\\\/boisson-miel-aloe-vera-offre-limitee\\\/#primaryimage\"},\"image\":{\"@id\":\"https:\\\/\\\/www.lraloeverashop.eu\\\/fr\\\/produit\\\/boisson-miel-aloe-vera-offre-limitee\\\/#primaryimage\"},\"thumbnailUrl\":\"https:\\\/\\\/www.lraloeverashop.eu\\\/wp-content\\\/uploads\\\/2023\\\/03\\\/Aloe-Vera-Gel-Honey-2-Pieces-Set.jpeg\",\"datePublished\":\"2023-11-01T06:50:29+00:00\",\"dateModified\":\"2026-02-02T17:25:38+00:00\",\"description\":\"Boisson Miel Aloe Vera avec 90% de gel d'aloe vera de Barbadensis Miller et 9% de miel, \u00e9limine les toxines dans votre corps et renforce l'immunit\u00e9 du corps\",\"breadcrumb\":{\"@id\":\"https:\\\/\\\/www.lraloeverashop.eu\\\/fr\\\/produit\\\/boisson-miel-aloe-vera-offre-limitee\\\/#breadcrumb\"},\"inLanguage\":\"fr-FR\",\"potentialAction\":[{\"@type\":\"ReadAction\",\"target\":[\"https:\\\/\\\/www.lraloeverashop.eu\\\/fr\\\/produit\\\/boisson-miel-aloe-vera-offre-limitee\\\/\"]}]},{\"@type\":\"ImageObject\",\"inLanguage\":\"fr-FR\",\"@id\":\"https:\\\/\\\/www.lraloeverashop.eu\\\/fr\\\/produit\\\/boisson-miel-aloe-vera-offre-limitee\\\/#primaryimage\",\"url\":\"https:\\\/\\\/www.lraloeverashop.eu\\\/wp-content\\\/uploads\\\/2023\\\/03\\\/Aloe-Vera-Gel-Honey-2-Pieces-Set.jpeg\",\"contentUrl\":\"https:\\\/\\\/www.lraloeverashop.eu\\\/wp-content\\\/uploads\\\/2023\\\/03\\\/Aloe-Vera-Gel-Honey-2-Pieces-Set.jpeg\",\"width\":1200,\"height\":1200,\"caption\":\"Boisson Miel Aloe Vera Offre limit\u00e9e 2 pi\u00e8ces\"},{\"@type\":\"BreadcrumbList\",\"@id\":\"https:\\\/\\\/www.lraloeverashop.eu\\\/fr\\\/produit\\\/boisson-miel-aloe-vera-offre-limitee\\\/#breadcrumb\",\"itemListElement\":[{\"@type\":\"ListItem\",\"position\":1,\"name\":\"Home\",\"item\":\"https:\\\/\\\/www.lraloeverashop.eu\\\/fr\\\/home\\\/\"},{\"@type\":\"ListItem\",\"position\":2,\"name\":\"Boutique\",\"item\":\"https:\\\/\\\/www.lraloeverashop.eu\\\/fr\\\/boutique\\\/\"},{\"@type\":\"ListItem\",\"position\":3,\"name\":\"Boisson Miel Aloe Vera Offre limit\u00e9e\"}]},{\"@type\":\"WebSite\",\"@id\":\"https:\\\/\\\/www.lraloeverashop.eu\\\/fr\\\/#website\",\"url\":\"https:\\\/\\\/www.lraloeverashop.eu\\\/fr\\\/\",\"name\":\"Boutique Lr Aloe Vera\",\"description\":\"High Quality Lr Aloe Vera Gel, Aloe Vera Cream and Shampoo\",\"publisher\":{\"@id\":\"https:\\\/\\\/www.lraloeverashop.eu\\\/fr\\\/#organization\"},\"alternateName\":\"LR\",\"potentialAction\":[{\"@type\":\"SearchAction\",\"target\":{\"@type\":\"EntryPoint\",\"urlTemplate\":\"https:\\\/\\\/www.lraloeverashop.eu\\\/fr\\\/?s={search_term_string}\"},\"query-input\":{\"@type\":\"PropertyValueSpecification\",\"valueRequired\":true,\"valueName\":\"search_term_string\"}}],\"inLanguage\":\"fr-FR\"},{\"@type\":\"Organization\",\"@id\":\"https:\\\/\\\/www.lraloeverashop.eu\\\/fr\\\/#organization\",\"name\":\"Boutique Lr Aloe Vera\",\"alternateName\":\"LR\",\"url\":\"https:\\\/\\\/www.lraloeverashop.eu\\\/fr\\\/\",\"logo\":{\"@type\":\"ImageObject\",\"inLanguage\":\"fr-FR\",\"@id\":\"https:\\\/\\\/www.lraloeverashop.eu\\\/fr\\\/#\\\/schema\\\/logo\\\/image\\\/\",\"url\":\"https:\\\/\\\/www.lraloeverashop.eu\\\/wp-content\\\/uploads\\\/2022\\\/09\\\/cropped-Lr-Aloe-Vera-Shop.jpg\",\"contentUrl\":\"https:\\\/\\\/www.lraloeverashop.eu\\\/wp-content\\\/uploads\\\/2022\\\/09\\\/cropped-Lr-Aloe-Vera-Shop.jpg\",\"width\":228,\"height\":76,\"caption\":\"Boutique Lr Aloe Vera\"},\"image\":{\"@id\":\"https:\\\/\\\/www.lraloeverashop.eu\\\/fr\\\/#\\\/schema\\\/logo\\\/image\\\/\"},\"sameAs\":[\"https:\\\/\\\/www.facebook.com\\\/lraloeverashop.eu\",\"https:\\\/\\\/x.com\\\/natur__kosmetik\",\"https:\\\/\\\/www.youtube.com\\\/channel\\\/UC5oN7BJ8nfYb8RpVtjwDEBA\",\"https:\\\/\\\/www.instagram.com\\\/lrbeautyeu\\\/\"],\"description\":\"La boutique LR Aloe Vera est votre destination de confiance pour les produits de sant\u00e9 et de beaut\u00e9 haut de gamme LR, fabriqu\u00e9s en Allemagne. Nous proposons des soins de la peau, des compl\u00e9ments nutritionnels et des solutions anti-\u00e2ge \u00e0 l'aloe vera de haute qualit\u00e9, \u00e9labor\u00e9s \u00e0 partir d'ingr\u00e9dients purs et valid\u00e9s par la recherche scientifique. D\u00e9couvrez des soins naturels qui r\u00e9g\u00e9n\u00e8rent, prot\u00e8gent et revitalisent votre peau, et profitez d'offres mensuelles exclusives sur nos produits LR Aloe Vera les plus vendus.\\n\\nCommencez d\u00e8s aujourd'hui votre parcours vers des soins naturels et constatez la diff\u00e9rence.\",\"email\":\"info@lraloeverashop.eu\",\"telephone\":\"+49 17670609653\",\"legalName\":\"Lr Aloe Vera Shop\",\"foundingDate\":\"2018-04-21\",\"numberOfEmployees\":{\"@type\":\"QuantitativeValue\",\"minValue\":\"1\",\"maxValue\":\"10\"}}]}<\/script>\n<meta property=\"product:price:amount\" content=\"76.99\" \/>\n<meta property=\"product:price:currency\" content=\"EUR\" \/>\n<meta property=\"og:availability\" content=\"out of stock\" \/>\n<meta property=\"product:availability\" content=\"out of stock\" \/>\n<meta property=\"product:retailer_item_id\" content=\"80702-681FR\" \/>\n<meta property=\"product:condition\" content=\"new\" \/>\n<!-- \/ Yoast SEO Premium plugin. -->","yoast_head_json":{"title":"Boisson Miel Aloe Vera renforce l'immunit\u00e9 du corps.","description":"Boisson Miel Aloe Vera avec 90% de gel d'aloe vera de Barbadensis Miller et 9% de miel, \u00e9limine les toxines dans votre corps et renforce l'immunit\u00e9 du corps","robots":{"index":"index","follow":"follow","max-snippet":"max-snippet:-1","max-image-preview":"max-image-preview:large","max-video-preview":"max-video-preview:-1"},"canonical":"https:\/\/www.lraloeverashop.eu\/fr\/produit\/boisson-miel-aloe-vera-offre-limitee\/","og_locale":"fr_FR","og_type":"article","og_title":"Boisson Miel Aloe Vera Offre limit\u00e9e","og_description":"Boisson Miel Aloe Vera avec 90% de gel d'aloe vera de Barbadensis Miller et 9% de miel, \u00e9limine les toxines dans votre corps et renforce l'immunit\u00e9 du corps","og_url":"https:\/\/www.lraloeverashop.eu\/fr\/produit\/boisson-miel-aloe-vera-offre-limitee\/","og_site_name":"Boutique Lr Aloe Vera","article_publisher":"https:\/\/www.facebook.com\/lraloeverashop.eu","article_modified_time":"2026-02-02T17:25:38+00:00","og_image":[{"width":1200,"height":1200,"url":"https:\/\/www.lraloeverashop.eu\/wp-content\/uploads\/2023\/03\/Aloe-Vera-Gel-Honey-2-Pieces-Set.jpeg","type":"image\/jpeg"}],"twitter_card":"summary_large_image","twitter_site":"@natur__kosmetik","schema":{"@context":"https:\/\/schema.org","@graph":[{"@type":["WebPage","ItemPage"],"@id":"https:\/\/www.lraloeverashop.eu\/fr\/produit\/boisson-miel-aloe-vera-offre-limitee\/","url":"https:\/\/www.lraloeverashop.eu\/fr\/produit\/boisson-miel-aloe-vera-offre-limitee\/","name":"Boisson Miel Aloe Vera renforce l'immunit\u00e9 du corps.","isPartOf":{"@id":"https:\/\/www.lraloeverashop.eu\/fr\/#website"},"primaryImageOfPage":{"@id":"https:\/\/www.lraloeverashop.eu\/fr\/produit\/boisson-miel-aloe-vera-offre-limitee\/#primaryimage"},"image":{"@id":"https:\/\/www.lraloeverashop.eu\/fr\/produit\/boisson-miel-aloe-vera-offre-limitee\/#primaryimage"},"thumbnailUrl":"https:\/\/www.lraloeverashop.eu\/wp-content\/uploads\/2023\/03\/Aloe-Vera-Gel-Honey-2-Pieces-Set.jpeg","datePublished":"2023-11-01T06:50:29+00:00","dateModified":"2026-02-02T17:25:38+00:00","description":"Boisson Miel Aloe Vera avec 90% de gel d'aloe vera de Barbadensis Miller et 9% de miel, \u00e9limine les toxines dans votre corps et renforce l'immunit\u00e9 du corps","breadcrumb":{"@id":"https:\/\/www.lraloeverashop.eu\/fr\/produit\/boisson-miel-aloe-vera-offre-limitee\/#breadcrumb"},"inLanguage":"fr-FR","potentialAction":[{"@type":"ReadAction","target":["https:\/\/www.lraloeverashop.eu\/fr\/produit\/boisson-miel-aloe-vera-offre-limitee\/"]}]},{"@type":"ImageObject","inLanguage":"fr-FR","@id":"https:\/\/www.lraloeverashop.eu\/fr\/produit\/boisson-miel-aloe-vera-offre-limitee\/#primaryimage","url":"https:\/\/www.lraloeverashop.eu\/wp-content\/uploads\/2023\/03\/Aloe-Vera-Gel-Honey-2-Pieces-Set.jpeg","contentUrl":"https:\/\/www.lraloeverashop.eu\/wp-content\/uploads\/2023\/03\/Aloe-Vera-Gel-Honey-2-Pieces-Set.jpeg","width":1200,"height":1200,"caption":"Boisson Miel Aloe Vera Offre limit\u00e9e 2 pi\u00e8ces"},{"@type":"BreadcrumbList","@id":"https:\/\/www.lraloeverashop.eu\/fr\/produit\/boisson-miel-aloe-vera-offre-limitee\/#breadcrumb","itemListElement":[{"@type":"ListItem","position":1,"name":"Home","item":"https:\/\/www.lraloeverashop.eu\/fr\/home\/"},{"@type":"ListItem","position":2,"name":"Boutique","item":"https:\/\/www.lraloeverashop.eu\/fr\/boutique\/"},{"@type":"ListItem","position":3,"name":"Boisson Miel Aloe Vera Offre limit\u00e9e"}]},{"@type":"WebSite","@id":"https:\/\/www.lraloeverashop.eu\/fr\/#website","url":"https:\/\/www.lraloeverashop.eu\/fr\/","name":"Boutique Lr Aloe Vera","description":"High Quality Lr Aloe Vera Gel, Aloe Vera Cream and Shampoo","publisher":{"@id":"https:\/\/www.lraloeverashop.eu\/fr\/#organization"},"alternateName":"LR","potentialAction":[{"@type":"SearchAction","target":{"@type":"EntryPoint","urlTemplate":"https:\/\/www.lraloeverashop.eu\/fr\/?s={search_term_string}"},"query-input":{"@type":"PropertyValueSpecification","valueRequired":true,"valueName":"search_term_string"}}],"inLanguage":"fr-FR"},{"@type":"Organization","@id":"https:\/\/www.lraloeverashop.eu\/fr\/#organization","name":"Boutique Lr Aloe Vera","alternateName":"LR","url":"https:\/\/www.lraloeverashop.eu\/fr\/","logo":{"@type":"ImageObject","inLanguage":"fr-FR","@id":"https:\/\/www.lraloeverashop.eu\/fr\/#\/schema\/logo\/image\/","url":"https:\/\/www.lraloeverashop.eu\/wp-content\/uploads\/2022\/09\/cropped-Lr-Aloe-Vera-Shop.jpg","contentUrl":"https:\/\/www.lraloeverashop.eu\/wp-content\/uploads\/2022\/09\/cropped-Lr-Aloe-Vera-Shop.jpg","width":228,"height":76,"caption":"Boutique Lr Aloe Vera"},"image":{"@id":"https:\/\/www.lraloeverashop.eu\/fr\/#\/schema\/logo\/image\/"},"sameAs":["https:\/\/www.facebook.com\/lraloeverashop.eu","https:\/\/x.com\/natur__kosmetik","https:\/\/www.youtube.com\/channel\/UC5oN7BJ8nfYb8RpVtjwDEBA","https:\/\/www.instagram.com\/lrbeautyeu\/"],"description":"La boutique LR Aloe Vera est votre destination de confiance pour les produits de sant\u00e9 et de beaut\u00e9 haut de gamme LR, fabriqu\u00e9s en Allemagne. Nous proposons des soins de la peau, des compl\u00e9ments nutritionnels et des solutions anti-\u00e2ge \u00e0 l'aloe vera de haute qualit\u00e9, \u00e9labor\u00e9s \u00e0 partir d'ingr\u00e9dients purs et valid\u00e9s par la recherche scientifique. D\u00e9couvrez des soins naturels qui r\u00e9g\u00e9n\u00e8rent, prot\u00e8gent et revitalisent votre peau, et profitez d'offres mensuelles exclusives sur nos produits LR Aloe Vera les plus vendus.\n\nCommencez d\u00e8s aujourd'hui votre parcours vers des soins naturels et constatez la diff\u00e9rence.","email":"info@lraloeverashop.eu","telephone":"+49 17670609653","legalName":"Lr Aloe Vera Shop","foundingDate":"2018-04-21","numberOfEmployees":{"@type":"QuantitativeValue","minValue":"1","maxValue":"10"}}]},"product_price_amount":"76.99","product_price_currency":"EUR","og_availability":"out of stock","product_availability":"out of stock","product_retailer_item_id":"80702-681FR","product_condition":"new"},"taxonomy_info":{"product_cat":[{"value":398,"label":"Base"},{"value":463,"label":"\u00c9conomisez sur les ensembles"},{"value":291,"label":"Gels \u00e0 boire Aloe Vera"},{"value":434,"label":"Intestins &amp; Digestion"},{"value":351,"label":"Soldes"},{"value":464,"label":"Sp\u00e9cialistes"}],"product_tag":[{"value":582,"label":"Boissons d\u00e9tox"}]},"featured_image_src_large":["https:\/\/www.lraloeverashop.eu\/wp-content\/uploads\/2023\/03\/Aloe-Vera-Gel-Honey-2-Pieces-Set-1024x1024.jpeg",1024,1024,true],"author_info":[],"comment_info":0,"_links":{"self":[{"href":"https:\/\/www.lraloeverashop.eu\/fr\/wp-json\/wp\/v2\/product\/13738","targetHints":{"allow":["GET"]}}],"collection":[{"href":"https:\/\/www.lraloeverashop.eu\/fr\/wp-json\/wp\/v2\/product"}],"about":[{"href":"https:\/\/www.lraloeverashop.eu\/fr\/wp-json\/wp\/v2\/types\/product"}],"replies":[{"embeddable":true,"href":"https:\/\/www.lraloeverashop.eu\/fr\/wp-json\/wp\/v2\/comments?post=13738"}],"wp:featuredmedia":[{"embeddable":true,"href":"https:\/\/www.lraloeverashop.eu\/fr\/wp-json\/wp\/v2\/media\/11195"}],"wp:attachment":[{"href":"https:\/\/www.lraloeverashop.eu\/fr\/wp-json\/wp\/v2\/media?parent=13738"}],"wp:term":[{"taxonomy":"product_brand","embeddable":true,"href":"https:\/\/www.lraloeverashop.eu\/fr\/wp-json\/wp\/v2\/product_brand?post=13738"},{"taxonomy":"product_cat","embeddable":true,"href":"https:\/\/www.lraloeverashop.eu\/fr\/wp-json\/wp\/v2\/product_cat?post=13738"},{"taxonomy":"product_tag","embeddable":true,"href":"https:\/\/www.lraloeverashop.eu\/fr\/wp-json\/wp\/v2\/product_tag?post=13738"}],"curies":[{"name":"wp","href":"https:\/\/api.w.org\/{rel}","templated":true}]}}