{"id":11934,"date":"2023-04-02T17:59:18","date_gmt":"2023-04-02T15:59:18","guid":{"rendered":"https:\/\/www.lraloeverashop.eu\/?post_type=product&#038;p=11934"},"modified":"2026-02-02T18:26:50","modified_gmt":"2026-02-02T17:26:50","slug":"the-vert-pour-maigrir","status":"publish","type":"product","link":"https:\/\/www.lraloeverashop.eu\/fr\/produit\/the-vert-pour-maigrir\/","title":{"rendered":"Th\u00e9 Vert Pour Maigrir"},"content":{"rendered":"<h2><span style=\"font-size: 16pt;\"><strong>Th\u00e9 Vert Pour Maigrir<\/strong><\/span><\/h2>\n<p><span style=\"font-size: 14pt;\"><strong>Th\u00e9 Vert Pour Maigrir aide \u00e0 \u00e9liminer les graisses<\/strong><\/span><\/p>\n<p>Boire beaucoup est particuli\u00e8rement important pendant la journ\u00e9e. Le <a href=\"https:\/\/www.lraloeverashop.eu\/fr\/la-tisane-minceur-pour-la-perte-de-poids\/\">Th\u00e9 Vert minceur<\/a> est le compagnon id\u00e9al, car son go\u00fbt d\u00e9licieux facilite la consommation de suffisamment de liquides tout au long de la journ\u00e9e. De plus, boire en abondance peut stimuler le m\u00e9tabolisme et donc vous aider activement.<\/p>\n<p>M\u00eame apr\u00e8s un r\u00e9gime, il est tr\u00e8s important de boire suffisamment. La Tisane minceur vous soutient pleinement \u00e0 ce stade.<\/p>\n<p>&nbsp;<\/p>\n<h3><span style=\"font-size: 16pt;\"><strong>Comment pr\u00e9parer Tisane Minceur<\/strong><\/span><\/h3>\n<p>1-2 cuill\u00e8res \u00e0 Th\u00e9 Vert Pour Maigrir dans une grande tasse avec de l\u2019eau bouillante (environ 200 ml) blanchies, couvrez pendant 5-7 minutes et filtrez. Buvez 3-4 tasses par jour.<\/p>\n<p>Vous pouvez donc prendre les 1,5 litres de liquide recommand\u00e9s: c\u00e9l\u00e9brez-les! Pourquoi ne vous donnez-vous pas une nouvelle tasse avec laquelle vous amusez particuli\u00e8rement? Il est pr\u00e9f\u00e9rable de faire une tasse de <a href=\"https:\/\/www.lraloeverashop.eu\/fr\/produit\/tisane-pour-maigrir\/\">Th\u00e9 Vert Minceur<\/a>\u00a0et de faire attention au temps de pr\u00e9paration. Si vous laissez le th\u00e9 trop court ou trop long, il peut avoir un go\u00fbt diff\u00e9rent.<\/p>\n<p>Assurez-vous d\u2019avoir une <a href=\"https:\/\/www.lraloeverashop.eu\/fr\/produit\/lr-figu-active-shake-latte-macchiato\/\">alimentation vari\u00e9e<\/a> et \u00e9quilibr\u00e9e et un mode de vie sain.<\/p>\n<p>&nbsp;<\/p>\n<h4><span style=\"font-size: 16pt;\"><strong>Le saviez-vous?<\/strong><\/span><\/h4>\n<p>La Soci\u00e9t\u00e9 allemande de nutrition recommande de boire environ 1,5 litre d\u2019eau ou de th\u00e9 non sucr\u00e9 par jour. En fonction de la temp\u00e9rature ext\u00e9rieure et des <a href=\"https:\/\/www.lraloeverashop.eu\/fr\/produit\/figu-active-shake-de-chocolat-cremeux\/\">activit\u00e9s<\/a>, et surtout lorsque vous suivez un r\u00e9gime, vous devriez boire un peu plus.<\/p>\n","protected":false},"excerpt":{"rendered":"<ul>\n<li><span style=\"color: #ff0000;\"><strong>Offre limit\u00e9e<\/strong><\/span><\/li>\n<li>Aide \u00e0 \u00e9liminer les graisses<\/li>\n<li>Aide \u00e0 \u00e9liminer la r\u00e9tention d&#8217;eau<\/li>\n<li>Agit naturellement sur la digestion et la flore intestinale<\/li>\n<li>M\u00e9lange sp\u00e9cial de diff\u00e9rentes herbes, feuilles de mat\u00e9, ortie et autres<\/li>\n<li>Produit fabriqu\u00e9 en Allemagne<\/li>\n<li>Quantit\u00e9: 2 x 250g<\/li>\n<\/ul>\n<p style=\"text-align: left;\"><span style=\"color: #ff0000;\"><a style=\"color: #ff0000;\" href=\"https:\/\/shop.lrworld.com\/openpao?PHP=0vFlt7jT938BEnBI3a6e9w%3D%3D\"><span style=\"font-size: 14pt;\"><strong>Inscrivez-vous et \u00e9conomisez 35% sur chaque commande<\/strong><\/span><\/a><\/span><\/p>\n","protected":false},"featured_media":11868,"comment_status":"open","ping_status":"closed","template":"","meta":{"_kad_blocks_custom_css":"","_kad_blocks_head_custom_js":"","_kad_blocks_body_custom_js":"","_kad_blocks_footer_custom_js":"","_kadence_starter_templates_imported_post":false,"_kad_post_transparent":"default","_kad_post_title":"","_kad_post_layout":"default","_kad_post_sidebar_id":"","_kad_post_content_style":"default","_kad_post_vertical_padding":"default","_kad_post_feature":"","_kad_post_feature_position":"","_kad_post_header":false,"_kad_post_footer":false,"_kad_post_classname":""},"product_brand":[],"product_cat":[339,434,351,464,333],"product_tag":[583],"class_list":{"0":"post-11934","1":"product","2":"type-product","3":"status-publish","4":"has-post-thumbnail","6":"product_cat-compagnon-de-regime","7":"product_cat-intestins-digestion","8":"product_cat-soldes","9":"product_cat-specialistes","10":"product_cat-supplements-dietetiques","11":"product_tag-diete","13":"first","14":"outofstock","15":"sale","16":"taxable","17":"shipping-taxable","18":"purchasable","19":"product-type-simple","20":"entry","21":"content-bg","22":"loop-entry"},"yoast_head":"<!-- This site is optimized with the Yoast SEO Premium plugin v27.6 (Yoast SEO v27.6) - https:\/\/yoast.com\/product\/yoast-seo-premium-wordpress\/ -->\n<title>Th\u00e9 Vert Pour Maigrir aide \u00e0 \u00e9liminer les graisses et r\u00e9tention d&#039;eau<\/title>\n<meta name=\"description\" content=\"Le Th\u00e9 Vert Pour Maigrir avec des feuilles de mat\u00e9, l&#039;\u00e9corce, lapacho, d&#039;ortie, rooibos, citronnelle et r\u00e9glisse fait du th\u00e9 un produit minceur efficace\" \/>\n<meta name=\"robots\" content=\"index, follow, max-snippet:-1, max-image-preview:large, max-video-preview:-1\" \/>\n<link rel=\"canonical\" href=\"https:\/\/www.lraloeverashop.eu\/fr\/produit\/the-vert-pour-maigrir\/\" \/>\n<meta property=\"og:locale\" content=\"fr_FR\" \/>\n<meta property=\"og:type\" content=\"article\" \/>\n<meta property=\"og:title\" content=\"Th\u00e9 Vert Pour Maigrir\" \/>\n<meta property=\"og:description\" content=\"Le Th\u00e9 Vert Pour Maigrir avec des feuilles de mat\u00e9, l&#039;\u00e9corce, lapacho, d&#039;ortie, rooibos, citronnelle et r\u00e9glisse fait du th\u00e9 un produit minceur efficace\" \/>\n<meta property=\"og:url\" content=\"https:\/\/www.lraloeverashop.eu\/fr\/produit\/the-vert-pour-maigrir\/\" \/>\n<meta property=\"og:site_name\" content=\"Boutique Lr Aloe Vera\" \/>\n<meta property=\"article:publisher\" content=\"https:\/\/www.facebook.com\/lraloeverashop.eu\" \/>\n<meta property=\"article:modified_time\" content=\"2026-02-02T17:26:50+00:00\" \/>\n<meta property=\"og:image\" content=\"https:\/\/www.lraloeverashop.eu\/wp-content\/uploads\/2023\/04\/Weigh-Loss-Tea-Set.jpg\" \/>\n\t<meta property=\"og:image:width\" content=\"1200\" \/>\n\t<meta property=\"og:image:height\" content=\"1200\" \/>\n\t<meta property=\"og:image:type\" content=\"image\/jpeg\" \/>\n<meta name=\"twitter:card\" content=\"summary_large_image\" \/>\n<meta name=\"twitter:site\" content=\"@natur__kosmetik\" \/>\n<script type=\"application\/ld+json\" class=\"yoast-schema-graph\">{\"@context\":\"https:\\\/\\\/schema.org\",\"@graph\":[{\"@type\":[\"WebPage\",\"ItemPage\"],\"@id\":\"https:\\\/\\\/www.lraloeverashop.eu\\\/fr\\\/produit\\\/the-vert-pour-maigrir\\\/\",\"url\":\"https:\\\/\\\/www.lraloeverashop.eu\\\/fr\\\/produit\\\/the-vert-pour-maigrir\\\/\",\"name\":\"Th\u00e9 Vert Pour Maigrir aide \u00e0 \u00e9liminer les graisses et r\u00e9tention d'eau\",\"isPartOf\":{\"@id\":\"https:\\\/\\\/www.lraloeverashop.eu\\\/fr\\\/#website\"},\"primaryImageOfPage\":{\"@id\":\"https:\\\/\\\/www.lraloeverashop.eu\\\/fr\\\/produit\\\/the-vert-pour-maigrir\\\/#primaryimage\"},\"image\":{\"@id\":\"https:\\\/\\\/www.lraloeverashop.eu\\\/fr\\\/produit\\\/the-vert-pour-maigrir\\\/#primaryimage\"},\"thumbnailUrl\":\"https:\\\/\\\/www.lraloeverashop.eu\\\/wp-content\\\/uploads\\\/2023\\\/04\\\/Weigh-Loss-Tea-Set.jpg\",\"datePublished\":\"2023-04-02T15:59:18+00:00\",\"dateModified\":\"2026-02-02T17:26:50+00:00\",\"description\":\"Le Th\u00e9 Vert Pour Maigrir avec des feuilles de mat\u00e9, l'\u00e9corce, lapacho, d'ortie, rooibos, citronnelle et r\u00e9glisse fait du th\u00e9 un produit minceur efficace\",\"breadcrumb\":{\"@id\":\"https:\\\/\\\/www.lraloeverashop.eu\\\/fr\\\/produit\\\/the-vert-pour-maigrir\\\/#breadcrumb\"},\"inLanguage\":\"fr-FR\",\"potentialAction\":[{\"@type\":\"ReadAction\",\"target\":[\"https:\\\/\\\/www.lraloeverashop.eu\\\/fr\\\/produit\\\/the-vert-pour-maigrir\\\/\"]}]},{\"@type\":\"ImageObject\",\"inLanguage\":\"fr-FR\",\"@id\":\"https:\\\/\\\/www.lraloeverashop.eu\\\/fr\\\/produit\\\/the-vert-pour-maigrir\\\/#primaryimage\",\"url\":\"https:\\\/\\\/www.lraloeverashop.eu\\\/wp-content\\\/uploads\\\/2023\\\/04\\\/Weigh-Loss-Tea-Set.jpg\",\"contentUrl\":\"https:\\\/\\\/www.lraloeverashop.eu\\\/wp-content\\\/uploads\\\/2023\\\/04\\\/Weigh-Loss-Tea-Set.jpg\",\"width\":1200,\"height\":1200,\"caption\":\"Th\u00e9 Vert Pour Maigrir du Ventre\"},{\"@type\":\"BreadcrumbList\",\"@id\":\"https:\\\/\\\/www.lraloeverashop.eu\\\/fr\\\/produit\\\/the-vert-pour-maigrir\\\/#breadcrumb\",\"itemListElement\":[{\"@type\":\"ListItem\",\"position\":1,\"name\":\"Home\",\"item\":\"https:\\\/\\\/www.lraloeverashop.eu\\\/fr\\\/home\\\/\"},{\"@type\":\"ListItem\",\"position\":2,\"name\":\"Boutique\",\"item\":\"https:\\\/\\\/www.lraloeverashop.eu\\\/fr\\\/boutique\\\/\"},{\"@type\":\"ListItem\",\"position\":3,\"name\":\"Th\u00e9 Vert Pour Maigrir\"}]},{\"@type\":\"WebSite\",\"@id\":\"https:\\\/\\\/www.lraloeverashop.eu\\\/fr\\\/#website\",\"url\":\"https:\\\/\\\/www.lraloeverashop.eu\\\/fr\\\/\",\"name\":\"Boutique Lr Aloe Vera\",\"description\":\"High Quality Lr Aloe Vera Gel, Aloe Vera Cream and Shampoo\",\"publisher\":{\"@id\":\"https:\\\/\\\/www.lraloeverashop.eu\\\/fr\\\/#organization\"},\"alternateName\":\"LR\",\"potentialAction\":[{\"@type\":\"SearchAction\",\"target\":{\"@type\":\"EntryPoint\",\"urlTemplate\":\"https:\\\/\\\/www.lraloeverashop.eu\\\/fr\\\/?s={search_term_string}\"},\"query-input\":{\"@type\":\"PropertyValueSpecification\",\"valueRequired\":true,\"valueName\":\"search_term_string\"}}],\"inLanguage\":\"fr-FR\"},{\"@type\":\"Organization\",\"@id\":\"https:\\\/\\\/www.lraloeverashop.eu\\\/fr\\\/#organization\",\"name\":\"Boutique Lr Aloe Vera\",\"alternateName\":\"LR\",\"url\":\"https:\\\/\\\/www.lraloeverashop.eu\\\/fr\\\/\",\"logo\":{\"@type\":\"ImageObject\",\"inLanguage\":\"fr-FR\",\"@id\":\"https:\\\/\\\/www.lraloeverashop.eu\\\/fr\\\/#\\\/schema\\\/logo\\\/image\\\/\",\"url\":\"https:\\\/\\\/www.lraloeverashop.eu\\\/wp-content\\\/uploads\\\/2022\\\/09\\\/cropped-Lr-Aloe-Vera-Shop.jpg\",\"contentUrl\":\"https:\\\/\\\/www.lraloeverashop.eu\\\/wp-content\\\/uploads\\\/2022\\\/09\\\/cropped-Lr-Aloe-Vera-Shop.jpg\",\"width\":228,\"height\":76,\"caption\":\"Boutique Lr Aloe Vera\"},\"image\":{\"@id\":\"https:\\\/\\\/www.lraloeverashop.eu\\\/fr\\\/#\\\/schema\\\/logo\\\/image\\\/\"},\"sameAs\":[\"https:\\\/\\\/www.facebook.com\\\/lraloeverashop.eu\",\"https:\\\/\\\/x.com\\\/natur__kosmetik\",\"https:\\\/\\\/www.youtube.com\\\/channel\\\/UC5oN7BJ8nfYb8RpVtjwDEBA\",\"https:\\\/\\\/www.instagram.com\\\/lrbeautyeu\\\/\"],\"description\":\"La boutique LR Aloe Vera est votre destination de confiance pour les produits de sant\u00e9 et de beaut\u00e9 haut de gamme LR, fabriqu\u00e9s en Allemagne. Nous proposons des soins de la peau, des compl\u00e9ments nutritionnels et des solutions anti-\u00e2ge \u00e0 l'aloe vera de haute qualit\u00e9, \u00e9labor\u00e9s \u00e0 partir d'ingr\u00e9dients purs et valid\u00e9s par la recherche scientifique. D\u00e9couvrez des soins naturels qui r\u00e9g\u00e9n\u00e8rent, prot\u00e8gent et revitalisent votre peau, et profitez d'offres mensuelles exclusives sur nos produits LR Aloe Vera les plus vendus.\\n\\nCommencez d\u00e8s aujourd'hui votre parcours vers des soins naturels et constatez la diff\u00e9rence.\",\"email\":\"info@lraloeverashop.eu\",\"telephone\":\"+49 17670609653\",\"legalName\":\"Lr Aloe Vera Shop\",\"foundingDate\":\"2018-04-21\",\"numberOfEmployees\":{\"@type\":\"QuantitativeValue\",\"minValue\":\"1\",\"maxValue\":\"10\"}}]}<\/script>\n<meta property=\"product:price:amount\" content=\"38.99\" \/>\n<meta property=\"product:price:currency\" content=\"EUR\" \/>\n<meta property=\"og:availability\" content=\"out of stock\" \/>\n<meta property=\"product:availability\" content=\"out of stock\" \/>\n<meta property=\"product:retailer_item_id\" content=\"80399-1FR\" \/>\n<meta property=\"product:condition\" content=\"new\" \/>\n<!-- \/ Yoast SEO Premium plugin. -->","yoast_head_json":{"title":"Th\u00e9 Vert Pour Maigrir aide \u00e0 \u00e9liminer les graisses et r\u00e9tention d'eau","description":"Le Th\u00e9 Vert Pour Maigrir avec des feuilles de mat\u00e9, l'\u00e9corce, lapacho, d'ortie, rooibos, citronnelle et r\u00e9glisse fait du th\u00e9 un produit minceur efficace","robots":{"index":"index","follow":"follow","max-snippet":"max-snippet:-1","max-image-preview":"max-image-preview:large","max-video-preview":"max-video-preview:-1"},"canonical":"https:\/\/www.lraloeverashop.eu\/fr\/produit\/the-vert-pour-maigrir\/","og_locale":"fr_FR","og_type":"article","og_title":"Th\u00e9 Vert Pour Maigrir","og_description":"Le Th\u00e9 Vert Pour Maigrir avec des feuilles de mat\u00e9, l'\u00e9corce, lapacho, d'ortie, rooibos, citronnelle et r\u00e9glisse fait du th\u00e9 un produit minceur efficace","og_url":"https:\/\/www.lraloeverashop.eu\/fr\/produit\/the-vert-pour-maigrir\/","og_site_name":"Boutique Lr Aloe Vera","article_publisher":"https:\/\/www.facebook.com\/lraloeverashop.eu","article_modified_time":"2026-02-02T17:26:50+00:00","og_image":[{"width":1200,"height":1200,"url":"https:\/\/www.lraloeverashop.eu\/wp-content\/uploads\/2023\/04\/Weigh-Loss-Tea-Set.jpg","type":"image\/jpeg"}],"twitter_card":"summary_large_image","twitter_site":"@natur__kosmetik","schema":{"@context":"https:\/\/schema.org","@graph":[{"@type":["WebPage","ItemPage"],"@id":"https:\/\/www.lraloeverashop.eu\/fr\/produit\/the-vert-pour-maigrir\/","url":"https:\/\/www.lraloeverashop.eu\/fr\/produit\/the-vert-pour-maigrir\/","name":"Th\u00e9 Vert Pour Maigrir aide \u00e0 \u00e9liminer les graisses et r\u00e9tention d'eau","isPartOf":{"@id":"https:\/\/www.lraloeverashop.eu\/fr\/#website"},"primaryImageOfPage":{"@id":"https:\/\/www.lraloeverashop.eu\/fr\/produit\/the-vert-pour-maigrir\/#primaryimage"},"image":{"@id":"https:\/\/www.lraloeverashop.eu\/fr\/produit\/the-vert-pour-maigrir\/#primaryimage"},"thumbnailUrl":"https:\/\/www.lraloeverashop.eu\/wp-content\/uploads\/2023\/04\/Weigh-Loss-Tea-Set.jpg","datePublished":"2023-04-02T15:59:18+00:00","dateModified":"2026-02-02T17:26:50+00:00","description":"Le Th\u00e9 Vert Pour Maigrir avec des feuilles de mat\u00e9, l'\u00e9corce, lapacho, d'ortie, rooibos, citronnelle et r\u00e9glisse fait du th\u00e9 un produit minceur efficace","breadcrumb":{"@id":"https:\/\/www.lraloeverashop.eu\/fr\/produit\/the-vert-pour-maigrir\/#breadcrumb"},"inLanguage":"fr-FR","potentialAction":[{"@type":"ReadAction","target":["https:\/\/www.lraloeverashop.eu\/fr\/produit\/the-vert-pour-maigrir\/"]}]},{"@type":"ImageObject","inLanguage":"fr-FR","@id":"https:\/\/www.lraloeverashop.eu\/fr\/produit\/the-vert-pour-maigrir\/#primaryimage","url":"https:\/\/www.lraloeverashop.eu\/wp-content\/uploads\/2023\/04\/Weigh-Loss-Tea-Set.jpg","contentUrl":"https:\/\/www.lraloeverashop.eu\/wp-content\/uploads\/2023\/04\/Weigh-Loss-Tea-Set.jpg","width":1200,"height":1200,"caption":"Th\u00e9 Vert Pour Maigrir du Ventre"},{"@type":"BreadcrumbList","@id":"https:\/\/www.lraloeverashop.eu\/fr\/produit\/the-vert-pour-maigrir\/#breadcrumb","itemListElement":[{"@type":"ListItem","position":1,"name":"Home","item":"https:\/\/www.lraloeverashop.eu\/fr\/home\/"},{"@type":"ListItem","position":2,"name":"Boutique","item":"https:\/\/www.lraloeverashop.eu\/fr\/boutique\/"},{"@type":"ListItem","position":3,"name":"Th\u00e9 Vert Pour Maigrir"}]},{"@type":"WebSite","@id":"https:\/\/www.lraloeverashop.eu\/fr\/#website","url":"https:\/\/www.lraloeverashop.eu\/fr\/","name":"Boutique Lr Aloe Vera","description":"High Quality Lr Aloe Vera Gel, Aloe Vera Cream and Shampoo","publisher":{"@id":"https:\/\/www.lraloeverashop.eu\/fr\/#organization"},"alternateName":"LR","potentialAction":[{"@type":"SearchAction","target":{"@type":"EntryPoint","urlTemplate":"https:\/\/www.lraloeverashop.eu\/fr\/?s={search_term_string}"},"query-input":{"@type":"PropertyValueSpecification","valueRequired":true,"valueName":"search_term_string"}}],"inLanguage":"fr-FR"},{"@type":"Organization","@id":"https:\/\/www.lraloeverashop.eu\/fr\/#organization","name":"Boutique Lr Aloe Vera","alternateName":"LR","url":"https:\/\/www.lraloeverashop.eu\/fr\/","logo":{"@type":"ImageObject","inLanguage":"fr-FR","@id":"https:\/\/www.lraloeverashop.eu\/fr\/#\/schema\/logo\/image\/","url":"https:\/\/www.lraloeverashop.eu\/wp-content\/uploads\/2022\/09\/cropped-Lr-Aloe-Vera-Shop.jpg","contentUrl":"https:\/\/www.lraloeverashop.eu\/wp-content\/uploads\/2022\/09\/cropped-Lr-Aloe-Vera-Shop.jpg","width":228,"height":76,"caption":"Boutique Lr Aloe Vera"},"image":{"@id":"https:\/\/www.lraloeverashop.eu\/fr\/#\/schema\/logo\/image\/"},"sameAs":["https:\/\/www.facebook.com\/lraloeverashop.eu","https:\/\/x.com\/natur__kosmetik","https:\/\/www.youtube.com\/channel\/UC5oN7BJ8nfYb8RpVtjwDEBA","https:\/\/www.instagram.com\/lrbeautyeu\/"],"description":"La boutique LR Aloe Vera est votre destination de confiance pour les produits de sant\u00e9 et de beaut\u00e9 haut de gamme LR, fabriqu\u00e9s en Allemagne. Nous proposons des soins de la peau, des compl\u00e9ments nutritionnels et des solutions anti-\u00e2ge \u00e0 l'aloe vera de haute qualit\u00e9, \u00e9labor\u00e9s \u00e0 partir d'ingr\u00e9dients purs et valid\u00e9s par la recherche scientifique. D\u00e9couvrez des soins naturels qui r\u00e9g\u00e9n\u00e8rent, prot\u00e8gent et revitalisent votre peau, et profitez d'offres mensuelles exclusives sur nos produits LR Aloe Vera les plus vendus.\n\nCommencez d\u00e8s aujourd'hui votre parcours vers des soins naturels et constatez la diff\u00e9rence.","email":"info@lraloeverashop.eu","telephone":"+49 17670609653","legalName":"Lr Aloe Vera Shop","foundingDate":"2018-04-21","numberOfEmployees":{"@type":"QuantitativeValue","minValue":"1","maxValue":"10"}}]},"product_price_amount":"38.99","product_price_currency":"EUR","og_availability":"out of stock","product_availability":"out of stock","product_retailer_item_id":"80399-1FR","product_condition":"new"},"taxonomy_info":{"product_cat":[{"value":339,"label":"Compagnon de r\u00e9gime"},{"value":434,"label":"Intestins &amp; Digestion"},{"value":351,"label":"Soldes"},{"value":464,"label":"Sp\u00e9cialistes"},{"value":333,"label":"Substitut de repas"}],"product_tag":[{"value":583,"label":"Di\u00e8te"}]},"featured_image_src_large":["https:\/\/www.lraloeverashop.eu\/wp-content\/uploads\/2023\/04\/Weigh-Loss-Tea-Set-1024x1024.jpg",1024,1024,true],"author_info":[],"comment_info":0,"_links":{"self":[{"href":"https:\/\/www.lraloeverashop.eu\/fr\/wp-json\/wp\/v2\/product\/11934","targetHints":{"allow":["GET"]}}],"collection":[{"href":"https:\/\/www.lraloeverashop.eu\/fr\/wp-json\/wp\/v2\/product"}],"about":[{"href":"https:\/\/www.lraloeverashop.eu\/fr\/wp-json\/wp\/v2\/types\/product"}],"replies":[{"embeddable":true,"href":"https:\/\/www.lraloeverashop.eu\/fr\/wp-json\/wp\/v2\/comments?post=11934"}],"wp:featuredmedia":[{"embeddable":true,"href":"https:\/\/www.lraloeverashop.eu\/fr\/wp-json\/wp\/v2\/media\/11868"}],"wp:attachment":[{"href":"https:\/\/www.lraloeverashop.eu\/fr\/wp-json\/wp\/v2\/media?parent=11934"}],"wp:term":[{"taxonomy":"product_brand","embeddable":true,"href":"https:\/\/www.lraloeverashop.eu\/fr\/wp-json\/wp\/v2\/product_brand?post=11934"},{"taxonomy":"product_cat","embeddable":true,"href":"https:\/\/www.lraloeverashop.eu\/fr\/wp-json\/wp\/v2\/product_cat?post=11934"},{"taxonomy":"product_tag","embeddable":true,"href":"https:\/\/www.lraloeverashop.eu\/fr\/wp-json\/wp\/v2\/product_tag?post=11934"}],"curies":[{"name":"wp","href":"https:\/\/api.w.org\/{rel}","templated":true}]}}