{"id":10931,"date":"2021-02-06T21:01:27","date_gmt":"2021-02-06T20:01:27","guid":{"rendered":"https:\/\/www.lraloeverashop.eu\/product\/aloe-vera-boite-soins-speciaux\/"},"modified":"2026-04-19T07:49:05","modified_gmt":"2026-04-19T05:49:05","slug":"aloe-vera-boite-soins-speciaux","status":"publish","type":"product","link":"https:\/\/www.lraloeverashop.eu\/fr\/produit\/aloe-vera-boite-soins-speciaux\/","title":{"rendered":"Aloe Vera Bo\u00eete Soins Sp\u00e9ciaux avec du gel d&rsquo;aloe vera ferment\u00e9"},"content":{"rendered":"<h2><span style=\"font-size: 16pt;\"><strong>Aloe Vera Bo\u00eete Soins Sp\u00e9ciaux<\/strong><\/span><\/h2>\n<p><span style=\"font-size: 14pt;\"><strong>Aloe Vera Bo\u00eete Soins Sp\u00e9ciaux &#8211; \u00ab\u00a0Trousse de secours\u00a0\u00bb pour tous les cas. Maintenant avec du gel d&rsquo;aloe vera ferment\u00e9<\/strong><\/span><\/p>\n<p>Les quatre sp\u00e9cialistes de l&rsquo;aloe vera soutiennent la r\u00e9g\u00e9n\u00e9ration naturelle de la <a href=\"https:\/\/www.lraloeverashop.eu\/fr\/categorie-produit\/aloe-vera-fr\/soins-du-corps\/\">peau<\/a> irrit\u00e9e en offrant des soins suppl\u00e9mentaires. La bo\u00eete de soins sp\u00e9ciaux est la bo\u00eete de soins SOS id\u00e9ale \u00e0 utiliser \u00e0 la maison et en d\u00e9placement.<\/p>\n<p>Aloe Vera Bo\u00eete Soins Sp\u00e9ciaux pour les irritations de la peau, les quatre sp\u00e9cialistes de <a href=\"https:\/\/www.lraloeverashop.eu\/fr\/\">Lr aloe vera<\/a> soutiennent la r\u00e9g\u00e9n\u00e9ration naturelle de la peau au quotidien &#8211; avec le plus grand soin. La bo\u00eete de soins sp\u00e9ciaux est le forfait de <a href=\"https:\/\/www.lraloeverashop.eu\/fr\/categorie-produit\/aloe-vera-fr\/soins-speciaux\/\">soins SOS<\/a> id\u00e9al pour la maison et sur la route.<\/p>\n<p>&nbsp;<\/p>\n<p><a href=\"https:\/\/www.lraloeverashop.eu\/fr\/produit\/aloe-vera-gel-concentre-hydratant\/\"><strong>Aloe Vera Gel hydratant<\/strong><\/a> compos\u00e9 de 90% de gel d\u2019aloe vera pur, il rafra\u00eechit et procure \u00e0 la peau une hydratation apaisante. La peau s\u00e8che s\u2019am\u00e9liore consid\u00e9rablement gr\u00e2ce aux propri\u00e9t\u00e9s hydratantes du concentr\u00e9. L\u2019Aloe Vera procure une peau plus fra\u00eeche et plus souple.<\/p>\n<p>&nbsp;<\/p>\n<p><a href=\"https:\/\/www.lraloeverashop.eu\/fr\/produit\/aloe-vera-spray-durgence-instantanee\/\"><strong>Lr Emergency Spray Aloe Vera<\/strong><\/a> en Aloe Vera Bo\u00eete Soins Sp\u00e9ciaux pose une couche protectrice sur les zones cutan\u00e9es exigeantes. Gr\u00e2ce \u00e0 sa teneur de 83% en Aloe Vera et \u00e0 ses 12 extraits d\u2019herbes s\u00e9lectionn\u00e9s et test\u00e9s, il apaise, prot\u00e8ge la peau et procure une hydratation maximale. Le soin d\u2019urgence parfait gr\u00e2ce \u00e0 la puissance de l\u2019Aloe Vera.<\/p>\n<p>&nbsp;<\/p>\n<p><a href=\"https:\/\/www.lraloeverashop.eu\/fr\/produit\/lr-aloe-vera-creme-protectrice-a-la-propolis\/\"><strong>Cr\u00e8me Propolis Aloe Vera<\/strong><\/a> riche avec 79 % d\u2019Aloe Vera convient particuli\u00e8rement au soin des peaux s\u00e8ches et ab\u00eem\u00e9es. L\u2019extrait de Propolis \u00e0 base de cire d\u2019abeille a un effet thermique isolant tandis que la forte teneur en Aloe Vera <a href=\"https:\/\/www.lraloeverashop.eu\/fr\/produit\/zeitgard-pro-set-de-soin-de-la-peau\/\">hydrate la peau<\/a> et la d\u00e9tend.<\/p>\n<p>&nbsp;<\/p>\n<p>Le <strong>Gel-Cr\u00e8me d\u2019urgence instantan\u00e9e Aloe Vera<\/strong> acc\u00e9l\u00e8re la r\u00e9g\u00e9n\u00e9ration cutan\u00e9e face aux petits d\u00e9sagr\u00e9ments du quotidien.* Il forme un l\u00e9ger film protecteur et hydrate en profondeur pour des effets imm\u00e9diats et durables\u00a0: le taux d&rsquo;hydratation de la peau est plus que doubl\u00e9 en seulement 20\u00a0minutes.** Ce gel-cr\u00e8me r\u00e9tablit l&rsquo;\u00e9quilibre cutan\u00e9, renforce sa barri\u00e8re protectrice et am\u00e9liore ainsi sa r\u00e9silience.<\/p>\n<p>&nbsp;<\/p>\n<p><strong>+139%<\/strong> d&rsquo;hydratation imm\u00e9diate apr\u00e8s 20 min.<br \/>\n<strong>+176%<\/strong> d&rsquo;hydratation comme effet \u00e0 long terme apr\u00e8s 4 semaines.<br \/>\n<strong>\u00a0 \u00a090%<\/strong> des personnes test\u00e9es confirment une r\u00e9g\u00e9n\u00e9ration plus rapide et un apaisement de la peau irrit\u00e9e.<br \/>\n<strong>\u00a0 \u00a095%<\/strong> des volontaires confirment une sensation de peau lisse et souple.<br \/>\n<strong>+53%<\/strong> d&rsquo;am\u00e9lioration de l&rsquo;aspect g\u00e9n\u00e9ral de la peau.<\/p>\n<p>&nbsp;<\/p>\n<p>* Confirm\u00e9 par des tests d&rsquo;application sur 4\u00a0semaines aupr\u00e8s de 20\u00a0volontaires, suivis d&rsquo;une \u00e9valuation dermatologique en octobre\u00a02024.<br \/>\n** Confirm\u00e9 par des mesures au corn\u00e9om\u00e8tre sur 20\u00a0volontaires en octobre\u00a02024.<\/p>\n<p>&nbsp;<\/p>\n<h3><span style=\"color: #000000;\"><strong><span style=\"font-size: 16pt;\">Qu&rsquo;est-ce que le Aloe Vera Bo\u00eete Soins Sp\u00e9ciaux Power Duo?<\/span><\/strong><\/span><\/h3>\n<p>Le pouvoir nourrissant et r\u00e9g\u00e9n\u00e9rant du gel d&rsquo;aloe vera est renforc\u00e9 par le gel d&rsquo;aloe vera ferment\u00e9 et compl\u00e9t\u00e9 par de nombreuses propri\u00e9t\u00e9s b\u00e9n\u00e9fiques. La fermentation du gel d&rsquo;aloe vera extrait des ingr\u00e9dients des nutriments toujours plus puissants, permettant ainsi d&rsquo;exploiter pleinement son potentiel.<\/p>\n<p>&nbsp;<\/p>\n<h3><span style=\"color: #000000;\"><strong><span style=\"font-size: 16pt;\">Quels sont les bienfaits du gel d&rsquo;aloe vera ferment\u00e9?<\/span><\/strong><\/span><\/h3>\n<p><strong>Le gel d&rsquo;aloe vera ferment\u00e9:<\/strong><\/p>\n<ol>\n<li>P\u00e9n\u00e8tre plus profond\u00e9ment dans la peau<\/li>\n<li>Permet \u00e0 la peau d&rsquo;absorber les nutriments plus rapidement<\/li>\n<li>Acc\u00e9l\u00e8re la r\u00e9g\u00e9n\u00e9ration cutan\u00e9e<\/li>\n<li>Hydrate en profondeur<\/li>\n<li>Agit comme un agent anti-\u00e2ge naturel<\/li>\n<\/ol>\n<p>&nbsp;<\/p>\n<p>Gr\u00e2ce \u00e0 ces experts en soins sp\u00e9cifiques, vous et vos proches \u00eates parfaitement \u00e9quip\u00e9s pour affronter tous les d\u00e9fis du quotidien. Le coffret de soins sp\u00e9cifiques, compos\u00e9 de quatre produits polyvalents, est le compagnon id\u00e9al pour une <a href=\"https:\/\/www.lraloeverashop.eu\/fr\/produit\/aloe-vera-boite-de-premiers-secours\/\">peau<\/a> durablement belle et saine.<\/p>\n<p><strong>Le plus:<\/strong> gr\u00e2ce \u00e0 la trousse de soins sp\u00e9cifiques pratique, vous les avez toujours \u00e0 port\u00e9e de main et \u00eates parfaitement pr\u00e9par\u00e9(e) en cas de besoin!<\/p>\n<p>&nbsp;<\/p>\n<h3><span style=\"color: #000000;\"><strong><span style=\"font-size: 16pt;\">Essayez d\u00e8s maintenant et laissez-vous convaincre<\/span><\/strong><\/span><\/h3>\n<p>Gr\u00e2ce au Power Duo unique, nos quatre experts en soins de la peau offrent un soin hydratant intensif et une r\u00e9g\u00e9n\u00e9ration rapide, notamment pour les zones cutan\u00e9es extr\u00eamement sollicit\u00e9es.<\/p>\n","protected":false},"excerpt":{"rendered":"<ul>\n<li>Aloe Vera spray d&rsquo;urgence rapide 150 ml, apaise et rafra\u00eechit<\/li>\n<li>Aloe Vera concentr\u00e9 de gel hydratant 100 ml, favorise la r\u00e9g\u00e9n\u00e9ration<\/li>\n<li>Lr Aloe Vera cr\u00e8me protectrice \u00e0 la propolis 100 ml, procure hydratation et souplesse \u00e0 la peau.<\/li>\n<li>Gel-Cr\u00e8me d\u2019urgence instantan\u00e9e Aloe Vera 30 ml, Acc\u00e9l\u00e9rer la r\u00e9g\u00e9n\u00e9ration cutan\u00e9e<\/li>\n<\/ul>\n<p style=\"text-align: left;\"><span style=\"color: #ff0000;\"><a style=\"color: #ff0000;\" href=\"https:\/\/shop.lrworld.com\/openpao?PHP=0vFlt7jT938BEnBI3a6e9w%3D%3D\"><span style=\"font-size: 14pt;\"><strong>Inscrivez-vous et \u00e9conomisez 35% sur chaque commande<\/strong><\/span><\/a><\/span><\/p>\n","protected":false},"featured_media":27250,"comment_status":"open","ping_status":"closed","template":"","meta":{"_kad_blocks_custom_css":"","_kad_blocks_head_custom_js":"","_kad_blocks_body_custom_js":"","_kad_blocks_footer_custom_js":"","_kadence_starter_templates_imported_post":false,"_kad_post_transparent":"default","_kad_post_title":"","_kad_post_layout":"default","_kad_post_sidebar_id":"","_kad_post_content_style":"default","_kad_post_vertical_padding":"default","_kad_post_feature":"","_kad_post_feature_position":"","_kad_post_header":false,"_kad_post_footer":false,"_kad_post_classname":""},"product_brand":[],"product_cat":[212,224,226,260],"product_tag":[578,524,525,1202,586],"class_list":{"0":"post-10931","1":"product","2":"type-product","3":"status-publish","4":"has-post-thumbnail","6":"product_cat-aloe-vera-fr","7":"product_cat-soins-du-corps","8":"product_cat-soins-du-visage","9":"product_cat-soins-speciaux","10":"product_tag-blessures","11":"product_tag-coupures","12":"product_tag-eczema-fr","13":"product_tag-gel-daloe-fermente","14":"product_tag-mains-seches","16":"first","17":"instock","18":"taxable","19":"shipping-taxable","20":"purchasable","21":"product-type-simple","22":"entry","23":"content-bg","24":"loop-entry"},"yoast_head":"<!-- This site is optimized with the Yoast SEO Premium plugin v27.4 (Yoast SEO v27.4) - https:\/\/yoast.com\/product\/yoast-seo-premium-wordpress\/ -->\n<title>Aloe Vera Bo\u00eete Soins Sp\u00e9ciaux pour les irritations de la peau<\/title>\n<meta name=\"description\" content=\"Aloe Vera Bo\u00eete Soins Sp\u00e9ciaux avec les quatre sp\u00e9cialistes de l&#039;aloe vera soutiennent la r\u00e9g\u00e9n\u00e9ration naturelle de la peau irrit\u00e9e en offrant soins extra\" \/>\n<meta name=\"robots\" content=\"index, follow, max-snippet:-1, max-image-preview:large, max-video-preview:-1\" \/>\n<link rel=\"canonical\" href=\"https:\/\/www.lraloeverashop.eu\/fr\/produit\/aloe-vera-boite-soins-speciaux\/\" \/>\n<meta property=\"og:locale\" content=\"fr_FR\" \/>\n<meta property=\"og:type\" content=\"article\" \/>\n<meta property=\"og:title\" content=\"Aloe Vera Bo\u00eete Soins Sp\u00e9ciaux avec du gel d&#039;aloe vera ferment\u00e9\" \/>\n<meta property=\"og:description\" content=\"Aloe Vera Bo\u00eete Soins Sp\u00e9ciaux avec les quatre sp\u00e9cialistes de l&#039;aloe vera soutiennent la r\u00e9g\u00e9n\u00e9ration naturelle de la peau irrit\u00e9e en offrant soins extra\" \/>\n<meta property=\"og:url\" content=\"https:\/\/www.lraloeverashop.eu\/fr\/produit\/aloe-vera-boite-soins-speciaux\/\" \/>\n<meta property=\"og:site_name\" content=\"Boutique Lr Aloe Vera\" \/>\n<meta property=\"article:publisher\" content=\"https:\/\/www.facebook.com\/lraloeverashop.eu\" \/>\n<meta property=\"article:modified_time\" content=\"2026-04-19T05:49:05+00:00\" \/>\n<meta property=\"og:image\" content=\"https:\/\/www.lraloeverashop.eu\/wp-content\/uploads\/2025\/04\/Aloe-Vera-Special-Care-Bag.jpg\" \/>\n\t<meta property=\"og:image:width\" content=\"1200\" \/>\n\t<meta property=\"og:image:height\" content=\"1200\" \/>\n\t<meta property=\"og:image:type\" content=\"image\/jpeg\" \/>\n<meta name=\"twitter:card\" content=\"summary_large_image\" \/>\n<meta name=\"twitter:site\" content=\"@natur__kosmetik\" \/>\n<script type=\"application\/ld+json\" class=\"yoast-schema-graph\">{\"@context\":\"https:\\\/\\\/schema.org\",\"@graph\":[{\"@type\":[\"WebPage\",\"ItemPage\"],\"@id\":\"https:\\\/\\\/www.lraloeverashop.eu\\\/fr\\\/produit\\\/aloe-vera-boite-soins-speciaux\\\/\",\"url\":\"https:\\\/\\\/www.lraloeverashop.eu\\\/fr\\\/produit\\\/aloe-vera-boite-soins-speciaux\\\/\",\"name\":\"Aloe Vera Bo\u00eete Soins Sp\u00e9ciaux pour les irritations de la peau\",\"isPartOf\":{\"@id\":\"https:\\\/\\\/www.lraloeverashop.eu\\\/fr\\\/#website\"},\"primaryImageOfPage\":{\"@id\":\"https:\\\/\\\/www.lraloeverashop.eu\\\/fr\\\/produit\\\/aloe-vera-boite-soins-speciaux\\\/#primaryimage\"},\"image\":{\"@id\":\"https:\\\/\\\/www.lraloeverashop.eu\\\/fr\\\/produit\\\/aloe-vera-boite-soins-speciaux\\\/#primaryimage\"},\"thumbnailUrl\":\"https:\\\/\\\/www.lraloeverashop.eu\\\/wp-content\\\/uploads\\\/2025\\\/04\\\/Aloe-Vera-Special-Care-Bag.jpg\",\"datePublished\":\"2021-02-06T20:01:27+00:00\",\"dateModified\":\"2026-04-19T05:49:05+00:00\",\"description\":\"Aloe Vera Bo\u00eete Soins Sp\u00e9ciaux avec les quatre sp\u00e9cialistes de l'aloe vera soutiennent la r\u00e9g\u00e9n\u00e9ration naturelle de la peau irrit\u00e9e en offrant soins extra\",\"breadcrumb\":{\"@id\":\"https:\\\/\\\/www.lraloeverashop.eu\\\/fr\\\/produit\\\/aloe-vera-boite-soins-speciaux\\\/#breadcrumb\"},\"inLanguage\":\"fr-FR\",\"potentialAction\":[{\"@type\":\"ReadAction\",\"target\":[\"https:\\\/\\\/www.lraloeverashop.eu\\\/fr\\\/produit\\\/aloe-vera-boite-soins-speciaux\\\/\"]}]},{\"@type\":\"ImageObject\",\"inLanguage\":\"fr-FR\",\"@id\":\"https:\\\/\\\/www.lraloeverashop.eu\\\/fr\\\/produit\\\/aloe-vera-boite-soins-speciaux\\\/#primaryimage\",\"url\":\"https:\\\/\\\/www.lraloeverashop.eu\\\/wp-content\\\/uploads\\\/2025\\\/04\\\/Aloe-Vera-Special-Care-Bag.jpg\",\"contentUrl\":\"https:\\\/\\\/www.lraloeverashop.eu\\\/wp-content\\\/uploads\\\/2025\\\/04\\\/Aloe-Vera-Special-Care-Bag.jpg\",\"width\":1200,\"height\":1200,\"caption\":\"Sac de soins sp\u00e9ciaux Aloe Vera - Les sp\u00e9cialistes de l'aloe vera pour chaque cas\"},{\"@type\":\"BreadcrumbList\",\"@id\":\"https:\\\/\\\/www.lraloeverashop.eu\\\/fr\\\/produit\\\/aloe-vera-boite-soins-speciaux\\\/#breadcrumb\",\"itemListElement\":[{\"@type\":\"ListItem\",\"position\":1,\"name\":\"Home\",\"item\":\"https:\\\/\\\/www.lraloeverashop.eu\\\/fr\\\/\"},{\"@type\":\"ListItem\",\"position\":2,\"name\":\"Boutique\",\"item\":\"https:\\\/\\\/www.lraloeverashop.eu\\\/fr\\\/boutique\\\/\"},{\"@type\":\"ListItem\",\"position\":3,\"name\":\"Aloe Vera Bo\u00eete Soins Sp\u00e9ciaux avec du gel d&#8217;aloe vera ferment\u00e9\"}]},{\"@type\":\"WebSite\",\"@id\":\"https:\\\/\\\/www.lraloeverashop.eu\\\/fr\\\/#website\",\"url\":\"https:\\\/\\\/www.lraloeverashop.eu\\\/fr\\\/\",\"name\":\"Boutique Lr Aloe Vera\",\"description\":\"High Quality Lr Aloe Vera Gel, Aloe Vera Cream and Shampoo\",\"publisher\":{\"@id\":\"https:\\\/\\\/www.lraloeverashop.eu\\\/fr\\\/#organization\"},\"potentialAction\":[{\"@type\":\"SearchAction\",\"target\":{\"@type\":\"EntryPoint\",\"urlTemplate\":\"https:\\\/\\\/www.lraloeverashop.eu\\\/fr\\\/?s={search_term_string}\"},\"query-input\":{\"@type\":\"PropertyValueSpecification\",\"valueRequired\":true,\"valueName\":\"search_term_string\"}}],\"inLanguage\":\"fr-FR\"},{\"@type\":\"Organization\",\"@id\":\"https:\\\/\\\/www.lraloeverashop.eu\\\/fr\\\/#organization\",\"name\":\"Boutique Lr Aloe Vera\",\"alternateName\":\"LR\",\"url\":\"https:\\\/\\\/www.lraloeverashop.eu\\\/fr\\\/\",\"logo\":{\"@type\":\"ImageObject\",\"inLanguage\":\"fr-FR\",\"@id\":\"https:\\\/\\\/www.lraloeverashop.eu\\\/fr\\\/#\\\/schema\\\/logo\\\/image\\\/\",\"url\":\"https:\\\/\\\/www.lraloeverashop.eu\\\/wp-content\\\/uploads\\\/2022\\\/09\\\/cropped-Lr-Aloe-Vera-Shop.jpg\",\"contentUrl\":\"https:\\\/\\\/www.lraloeverashop.eu\\\/wp-content\\\/uploads\\\/2022\\\/09\\\/cropped-Lr-Aloe-Vera-Shop.jpg\",\"width\":228,\"height\":76,\"caption\":\"Boutique Lr Aloe Vera\"},\"image\":{\"@id\":\"https:\\\/\\\/www.lraloeverashop.eu\\\/fr\\\/#\\\/schema\\\/logo\\\/image\\\/\"},\"sameAs\":[\"https:\\\/\\\/www.facebook.com\\\/lraloeverashop.eu\",\"https:\\\/\\\/x.com\\\/natur__kosmetik\",\"https:\\\/\\\/www.youtube.com\\\/channel\\\/UC5oN7BJ8nfYb8RpVtjwDEBA\",\"https:\\\/\\\/www.instagram.com\\\/lrbeautyeu\\\/\"],\"description\":\"La boutique LR Aloe Vera est votre destination de confiance pour les produits de sant\u00e9 et de beaut\u00e9 haut de gamme LR, fabriqu\u00e9s en Allemagne. Nous proposons des soins de la peau, des compl\u00e9ments nutritionnels et des solutions anti-\u00e2ge \u00e0 l'aloe vera de haute qualit\u00e9, \u00e9labor\u00e9s \u00e0 partir d'ingr\u00e9dients purs et valid\u00e9s par la recherche scientifique. D\u00e9couvrez des soins naturels qui r\u00e9g\u00e9n\u00e8rent, prot\u00e8gent et revitalisent votre peau, et profitez d'offres mensuelles exclusives sur nos produits LR Aloe Vera les plus vendus.\\n\\nCommencez d\u00e8s aujourd'hui votre parcours vers des soins naturels et constatez la diff\u00e9rence.\",\"email\":\"info@lraloeverashop.eu\",\"telephone\":\"+49 17670609653\",\"legalName\":\"Lr Aloe Vera Shop\",\"foundingDate\":\"2018-04-21\",\"numberOfEmployees\":{\"@type\":\"QuantitativeValue\",\"minValue\":\"1\",\"maxValue\":\"10\"}}]}<\/script>\n<meta property=\"product:price:amount\" content=\"76.89\" \/>\n<meta property=\"product:price:currency\" content=\"EUR\" \/>\n<meta property=\"og:availability\" content=\"instock\" \/>\n<meta property=\"product:availability\" content=\"instock\" \/>\n<meta property=\"product:retailer_item_id\" content=\"20905-1FR\" \/>\n<meta property=\"product:condition\" content=\"new\" \/>\n<!-- \/ Yoast SEO Premium plugin. -->","yoast_head_json":{"title":"Aloe Vera Bo\u00eete Soins Sp\u00e9ciaux pour les irritations de la peau","description":"Aloe Vera Bo\u00eete Soins Sp\u00e9ciaux avec les quatre sp\u00e9cialistes de l'aloe vera soutiennent la r\u00e9g\u00e9n\u00e9ration naturelle de la peau irrit\u00e9e en offrant soins extra","robots":{"index":"index","follow":"follow","max-snippet":"max-snippet:-1","max-image-preview":"max-image-preview:large","max-video-preview":"max-video-preview:-1"},"canonical":"https:\/\/www.lraloeverashop.eu\/fr\/produit\/aloe-vera-boite-soins-speciaux\/","og_locale":"fr_FR","og_type":"article","og_title":"Aloe Vera Bo\u00eete Soins Sp\u00e9ciaux avec du gel d'aloe vera ferment\u00e9","og_description":"Aloe Vera Bo\u00eete Soins Sp\u00e9ciaux avec les quatre sp\u00e9cialistes de l'aloe vera soutiennent la r\u00e9g\u00e9n\u00e9ration naturelle de la peau irrit\u00e9e en offrant soins extra","og_url":"https:\/\/www.lraloeverashop.eu\/fr\/produit\/aloe-vera-boite-soins-speciaux\/","og_site_name":"Boutique Lr Aloe Vera","article_publisher":"https:\/\/www.facebook.com\/lraloeverashop.eu","article_modified_time":"2026-04-19T05:49:05+00:00","og_image":[{"width":1200,"height":1200,"url":"https:\/\/www.lraloeverashop.eu\/wp-content\/uploads\/2025\/04\/Aloe-Vera-Special-Care-Bag.jpg","type":"image\/jpeg"}],"twitter_card":"summary_large_image","twitter_site":"@natur__kosmetik","schema":{"@context":"https:\/\/schema.org","@graph":[{"@type":["WebPage","ItemPage"],"@id":"https:\/\/www.lraloeverashop.eu\/fr\/produit\/aloe-vera-boite-soins-speciaux\/","url":"https:\/\/www.lraloeverashop.eu\/fr\/produit\/aloe-vera-boite-soins-speciaux\/","name":"Aloe Vera Bo\u00eete Soins Sp\u00e9ciaux pour les irritations de la peau","isPartOf":{"@id":"https:\/\/www.lraloeverashop.eu\/fr\/#website"},"primaryImageOfPage":{"@id":"https:\/\/www.lraloeverashop.eu\/fr\/produit\/aloe-vera-boite-soins-speciaux\/#primaryimage"},"image":{"@id":"https:\/\/www.lraloeverashop.eu\/fr\/produit\/aloe-vera-boite-soins-speciaux\/#primaryimage"},"thumbnailUrl":"https:\/\/www.lraloeverashop.eu\/wp-content\/uploads\/2025\/04\/Aloe-Vera-Special-Care-Bag.jpg","datePublished":"2021-02-06T20:01:27+00:00","dateModified":"2026-04-19T05:49:05+00:00","description":"Aloe Vera Bo\u00eete Soins Sp\u00e9ciaux avec les quatre sp\u00e9cialistes de l'aloe vera soutiennent la r\u00e9g\u00e9n\u00e9ration naturelle de la peau irrit\u00e9e en offrant soins extra","breadcrumb":{"@id":"https:\/\/www.lraloeverashop.eu\/fr\/produit\/aloe-vera-boite-soins-speciaux\/#breadcrumb"},"inLanguage":"fr-FR","potentialAction":[{"@type":"ReadAction","target":["https:\/\/www.lraloeverashop.eu\/fr\/produit\/aloe-vera-boite-soins-speciaux\/"]}]},{"@type":"ImageObject","inLanguage":"fr-FR","@id":"https:\/\/www.lraloeverashop.eu\/fr\/produit\/aloe-vera-boite-soins-speciaux\/#primaryimage","url":"https:\/\/www.lraloeverashop.eu\/wp-content\/uploads\/2025\/04\/Aloe-Vera-Special-Care-Bag.jpg","contentUrl":"https:\/\/www.lraloeverashop.eu\/wp-content\/uploads\/2025\/04\/Aloe-Vera-Special-Care-Bag.jpg","width":1200,"height":1200,"caption":"Sac de soins sp\u00e9ciaux Aloe Vera - Les sp\u00e9cialistes de l'aloe vera pour chaque cas"},{"@type":"BreadcrumbList","@id":"https:\/\/www.lraloeverashop.eu\/fr\/produit\/aloe-vera-boite-soins-speciaux\/#breadcrumb","itemListElement":[{"@type":"ListItem","position":1,"name":"Home","item":"https:\/\/www.lraloeverashop.eu\/fr\/"},{"@type":"ListItem","position":2,"name":"Boutique","item":"https:\/\/www.lraloeverashop.eu\/fr\/boutique\/"},{"@type":"ListItem","position":3,"name":"Aloe Vera Bo\u00eete Soins Sp\u00e9ciaux avec du gel d&#8217;aloe vera ferment\u00e9"}]},{"@type":"WebSite","@id":"https:\/\/www.lraloeverashop.eu\/fr\/#website","url":"https:\/\/www.lraloeverashop.eu\/fr\/","name":"Boutique Lr Aloe Vera","description":"High Quality Lr Aloe Vera Gel, Aloe Vera Cream and Shampoo","publisher":{"@id":"https:\/\/www.lraloeverashop.eu\/fr\/#organization"},"potentialAction":[{"@type":"SearchAction","target":{"@type":"EntryPoint","urlTemplate":"https:\/\/www.lraloeverashop.eu\/fr\/?s={search_term_string}"},"query-input":{"@type":"PropertyValueSpecification","valueRequired":true,"valueName":"search_term_string"}}],"inLanguage":"fr-FR"},{"@type":"Organization","@id":"https:\/\/www.lraloeverashop.eu\/fr\/#organization","name":"Boutique Lr Aloe Vera","alternateName":"LR","url":"https:\/\/www.lraloeverashop.eu\/fr\/","logo":{"@type":"ImageObject","inLanguage":"fr-FR","@id":"https:\/\/www.lraloeverashop.eu\/fr\/#\/schema\/logo\/image\/","url":"https:\/\/www.lraloeverashop.eu\/wp-content\/uploads\/2022\/09\/cropped-Lr-Aloe-Vera-Shop.jpg","contentUrl":"https:\/\/www.lraloeverashop.eu\/wp-content\/uploads\/2022\/09\/cropped-Lr-Aloe-Vera-Shop.jpg","width":228,"height":76,"caption":"Boutique Lr Aloe Vera"},"image":{"@id":"https:\/\/www.lraloeverashop.eu\/fr\/#\/schema\/logo\/image\/"},"sameAs":["https:\/\/www.facebook.com\/lraloeverashop.eu","https:\/\/x.com\/natur__kosmetik","https:\/\/www.youtube.com\/channel\/UC5oN7BJ8nfYb8RpVtjwDEBA","https:\/\/www.instagram.com\/lrbeautyeu\/"],"description":"La boutique LR Aloe Vera est votre destination de confiance pour les produits de sant\u00e9 et de beaut\u00e9 haut de gamme LR, fabriqu\u00e9s en Allemagne. Nous proposons des soins de la peau, des compl\u00e9ments nutritionnels et des solutions anti-\u00e2ge \u00e0 l'aloe vera de haute qualit\u00e9, \u00e9labor\u00e9s \u00e0 partir d'ingr\u00e9dients purs et valid\u00e9s par la recherche scientifique. D\u00e9couvrez des soins naturels qui r\u00e9g\u00e9n\u00e8rent, prot\u00e8gent et revitalisent votre peau, et profitez d'offres mensuelles exclusives sur nos produits LR Aloe Vera les plus vendus.\n\nCommencez d\u00e8s aujourd'hui votre parcours vers des soins naturels et constatez la diff\u00e9rence.","email":"info@lraloeverashop.eu","telephone":"+49 17670609653","legalName":"Lr Aloe Vera Shop","foundingDate":"2018-04-21","numberOfEmployees":{"@type":"QuantitativeValue","minValue":"1","maxValue":"10"}}]},"product_price_amount":"76.89","product_price_currency":"EUR","og_availability":"instock","product_availability":"instock","product_retailer_item_id":"20905-1FR","product_condition":"new"},"taxonomy_info":{"product_cat":[{"value":212,"label":"Aloe Vera"},{"value":224,"label":"Soins du corps"},{"value":226,"label":"Soins du visage"},{"value":260,"label":"Soins Sp\u00e9ciaux"}],"product_tag":[{"value":578,"label":"Blessures"},{"value":524,"label":"Coupures"},{"value":525,"label":"Ecz\u00e9ma"},{"value":1202,"label":"Gel d&#039;Aloe Ferment\u00e9"},{"value":586,"label":"Mains s\u00e8ches"}]},"featured_image_src_large":["https:\/\/www.lraloeverashop.eu\/wp-content\/uploads\/2025\/04\/Aloe-Vera-Special-Care-Bag-1024x1024.jpg",1024,1024,true],"author_info":[],"comment_info":0,"_links":{"self":[{"href":"https:\/\/www.lraloeverashop.eu\/fr\/wp-json\/wp\/v2\/product\/10931","targetHints":{"allow":["GET"]}}],"collection":[{"href":"https:\/\/www.lraloeverashop.eu\/fr\/wp-json\/wp\/v2\/product"}],"about":[{"href":"https:\/\/www.lraloeverashop.eu\/fr\/wp-json\/wp\/v2\/types\/product"}],"replies":[{"embeddable":true,"href":"https:\/\/www.lraloeverashop.eu\/fr\/wp-json\/wp\/v2\/comments?post=10931"}],"wp:featuredmedia":[{"embeddable":true,"href":"https:\/\/www.lraloeverashop.eu\/fr\/wp-json\/wp\/v2\/media\/27250"}],"wp:attachment":[{"href":"https:\/\/www.lraloeverashop.eu\/fr\/wp-json\/wp\/v2\/media?parent=10931"}],"wp:term":[{"taxonomy":"product_brand","embeddable":true,"href":"https:\/\/www.lraloeverashop.eu\/fr\/wp-json\/wp\/v2\/product_brand?post=10931"},{"taxonomy":"product_cat","embeddable":true,"href":"https:\/\/www.lraloeverashop.eu\/fr\/wp-json\/wp\/v2\/product_cat?post=10931"},{"taxonomy":"product_tag","embeddable":true,"href":"https:\/\/www.lraloeverashop.eu\/fr\/wp-json\/wp\/v2\/product_tag?post=10931"}],"curies":[{"name":"wp","href":"https:\/\/api.w.org\/{rel}","templated":true}]}}