{"id":10889,"date":"2022-10-09T11:47:33","date_gmt":"2022-10-09T09:47:33","guid":{"rendered":"https:\/\/www.lraloeverashop.eu\/product\/aloe-vera-gel-concentre-hydratant\/"},"modified":"2026-02-02T20:27:20","modified_gmt":"2026-02-02T19:27:20","slug":"aloe-vera-gel-concentre-hydratant","status":"publish","type":"product","link":"https:\/\/www.lraloeverashop.eu\/fr\/produit\/aloe-vera-gel-concentre-hydratant\/","title":{"rendered":"Aloe Vera Gel Concentr\u00e9 Hydratant"},"content":{"rendered":"<h2><span style=\"font-size: 16pt;\"><strong>Aloe Vera Gel Concentr\u00e9 Hydratant<\/strong><\/span><\/h2>\n<p><span style=\"font-size: 14pt;\"><strong>Aloe Vera Gel Concentr\u00e9 Hydratant Am\u00e9liore l&#8217;\u00e9lasticit\u00e9 de la peau<\/strong><\/span><\/p>\n<p>Aloe Vera Gel hydratant compos\u00e9 de 90% de gel d\u2019aloe vera pur, il rafra\u00eechit et procure \u00e0 la peau une hydratation apaisante. La <a href=\"https:\/\/www.lraloeverashop.eu\/fr\/lr-aloe-vera-concentre\/\">peau s\u00e8che<\/a> s&#8217;am\u00e9liore consid\u00e9rablement gr\u00e2ce aux propri\u00e9t\u00e9s hydratantes du concentr\u00e9. L&#8217;Aloe Vera procure une peau plus fra\u00eeche et plus souple.<\/p>\n<p>Le gel \u00e0 absorption rapide peut \u00eatre utilis\u00e9 comme produit de <a href=\"https:\/\/www.lraloeverashop.eu\/fr\/produit\/aloe-vera-gel-creme-hydratant\/\">soin de la peau<\/a>. En cas de surexposition au soleil, par exemple, le concentr\u00e9 refroidit tout en maintenant la zone touch\u00e9e.<\/p>\n<p>&nbsp;<\/p>\n<p><strong>Les testeurs ont indiqu\u00e9 :<\/strong><\/p>\n<p>\u2022 70\u00a0% conviennent que la peau est tr\u00e8s confortable apr\u00e8s utilisation**<br \/>\n\u2022 67\u00a0% sont d&#8217;accord pour dire que le concentr\u00e9 soulage le dess\u00e8chement de la peau**<br \/>\n\u2022 63\u00a0% sont d&#8217;accord pour dire que la peau est instantan\u00e9ment nourrie et hydrat\u00e9e**<\/p>\n<p>** Aloe Vera Gel Concentrate a \u00e9t\u00e9 test\u00e9 sur 30 femmes \u00e2g\u00e9es de 30 \u00e0 49 ans par Dermatest GmbH sur une p\u00e9riode de 2 semaines en octobre 2007.<\/p>\n<p>Aucun parfum suppl\u00e9mentaire n&#8217;est ajout\u00e9 au concentr\u00e9, il a donc une l\u00e9g\u00e8re odeur d&#8217;aloe vera. Le gel est un hydratant \u00e9prouv\u00e9. La combinaison parfaite avec le <a href=\"https:\/\/www.lraloeverashop.eu\/fr\/produit\/aloe-vera-spray-durgence-instantanee\/\">Aloe Vera spray d&#8217;urgence<\/a> .<\/p>\n<p>Gel Concentr\u00e9 Aloe Vera est particuli\u00e8rement b\u00e9n\u00e9fique et r\u00e9g\u00e9n\u00e9rant pour les peaux stress\u00e9es et les irritations de la peau. Les produits sont un film <a href=\"https:\/\/www.lraloeverashop.eu\/fr\/produit\/creme-pour-vergetures\/\">protecteur sur la peau stress\u00e9e<\/a>; rafra\u00eechissant, apaisant et favorise sa r\u00e9g\u00e9n\u00e9ration. Excellent pour le traitement de l&#8217;ecz\u00e9ma<\/p>\n<p>&nbsp;<\/p>\n<h3><span style=\"font-size: 16pt;\"><strong>Saviez-vous?<\/strong><\/span><\/h3>\n<p>Vous pouvez obtenir un effet accru en pulv\u00e9risant le spray d&#8217;urgence \u00e0 l&#8217;Aloe Vera avant d&#8217;appliquer le gel concentr\u00e9 \u00e0 l&#8217;Aloe Vera. Si vous l&#8217;utilisez sur votre visage, vous devez ensuite appliquer une cr\u00e8me de soin pour la peau. Par exemple la <a href=\"https:\/\/www.lraloeverashop.eu\/fr\/produit\/aloe-vera-creme-de-jour\/\">Cr\u00e8me de Jour Multi-Active<\/a>.<\/p>\n<p>La peau impure b\u00e9n\u00e9ficie des propri\u00e9t\u00e9s hydratantes et \u00e9quilibrantes du gel d&#8217;aloe vera. La peau irrit\u00e9e par le soleil b\u00e9n\u00e9ficie de l&#8217;effet rafra\u00eechissant du concentr\u00e9 de gel d&#8217;aloe vera. Le gel apaise et hydrate.<\/p>\n","protected":false},"excerpt":{"rendered":"<ul>\n<li>Gel hydratant concentr\u00e9 pour peau irrit\u00e9e et d\u00e9shydrat\u00e9e<\/li>\n<li>Avec 90% de gel d&#8217;Aloe Vera<\/li>\n<li>Avec du gel d&#8217;aloe vera ferment\u00e9 pour plus d&#8217;hydratation<\/li>\n<li>Am\u00e9liore l&#8217;\u00e9lasticit\u00e9<\/li>\n<li>La peau est imm\u00e9diatement calm\u00e9e et d\u00e9tendue<\/li>\n<li>Quantit\u00e9: 100 ml<\/li>\n<\/ul>\n<p style=\"text-align: left;\"><span style=\"color: #ff0000;\"><a style=\"color: #ff0000;\" href=\"https:\/\/shop.lrworld.com\/openpao?PHP=0vFlt7jT938BEnBI3a6e9w%3D%3D\"><span style=\"font-size: 14pt;\"><strong>Inscrivez-vous et \u00e9conomisez 35% sur chaque commande<\/strong><\/span><\/a><\/span><\/p>\n","protected":false},"featured_media":27234,"comment_status":"open","ping_status":"closed","template":"","meta":{"_kad_blocks_custom_css":"","_kad_blocks_head_custom_js":"","_kad_blocks_body_custom_js":"","_kad_blocks_footer_custom_js":"","_kadence_starter_templates_imported_post":false,"_kad_post_transparent":"default","_kad_post_title":"","_kad_post_layout":"default","_kad_post_sidebar_id":"","_kad_post_content_style":"default","_kad_post_vertical_padding":"default","_kad_post_feature":"","_kad_post_feature_position":"","_kad_post_header":false,"_kad_post_footer":false,"_kad_post_classname":""},"product_brand":[],"product_cat":[212,260],"product_tag":[578,524,525,1202],"class_list":{"0":"post-10889","1":"product","2":"type-product","3":"status-publish","4":"has-post-thumbnail","6":"product_cat-aloe-vera-fr","7":"product_cat-soins-speciaux","8":"product_tag-blessures","9":"product_tag-coupures","10":"product_tag-eczema-fr","11":"product_tag-gel-daloe-fermente","13":"first","14":"instock","15":"taxable","16":"shipping-taxable","17":"purchasable","18":"product-type-simple","19":"entry","20":"content-bg","21":"loop-entry"},"yoast_head":"<!-- This site is optimized with the Yoast SEO Premium plugin v27.6 (Yoast SEO v27.6) - https:\/\/yoast.com\/product\/yoast-seo-premium-wordpress\/ -->\n<title>Aloe Vera Gel Concentr\u00e9 Hydratant pour peau s\u00e8che et irrit\u00e9e<\/title>\n<meta name=\"description\" content=\"Lr Aloe Vera Gel Concentr\u00e9 Hydratant compos\u00e9 de 90% de gel d\u2019aloe vera pur. Excellent pour le traitement de l&#039;ecz\u00e9ma et autres probl\u00e8mes cutan\u00e9es.\" \/>\n<meta name=\"robots\" content=\"index, follow, max-snippet:-1, max-image-preview:large, max-video-preview:-1\" \/>\n<link rel=\"canonical\" href=\"https:\/\/www.lraloeverashop.eu\/fr\/produit\/aloe-vera-gel-concentre-hydratant\/\" \/>\n<meta property=\"og:locale\" content=\"fr_FR\" \/>\n<meta property=\"og:type\" content=\"article\" \/>\n<meta property=\"og:title\" content=\"Aloe Vera Gel Concentr\u00e9 Hydratant\" \/>\n<meta property=\"og:description\" content=\"Lr Aloe Vera Gel Concentr\u00e9 Hydratant compos\u00e9 de 90% de gel d\u2019aloe vera pur. Excellent pour le traitement de l&#039;ecz\u00e9ma et autres probl\u00e8mes cutan\u00e9es.\" \/>\n<meta property=\"og:url\" content=\"https:\/\/www.lraloeverashop.eu\/fr\/produit\/aloe-vera-gel-concentre-hydratant\/\" \/>\n<meta property=\"og:site_name\" content=\"Boutique Lr Aloe Vera\" \/>\n<meta property=\"article:publisher\" content=\"https:\/\/www.facebook.com\/lraloeverashop.eu\" \/>\n<meta property=\"article:modified_time\" content=\"2026-02-02T19:27:20+00:00\" \/>\n<meta property=\"og:image\" content=\"https:\/\/www.lraloeverashop.eu\/wp-content\/uploads\/2025\/04\/Lr-Aloe-Vera-Concentrated-Gel.jpg\" \/>\n\t<meta property=\"og:image:width\" content=\"1200\" \/>\n\t<meta property=\"og:image:height\" content=\"1200\" \/>\n\t<meta property=\"og:image:type\" content=\"image\/jpeg\" \/>\n<meta name=\"twitter:card\" content=\"summary_large_image\" \/>\n<meta name=\"twitter:site\" content=\"@natur__kosmetik\" \/>\n<script type=\"application\/ld+json\" class=\"yoast-schema-graph\">{\"@context\":\"https:\\\/\\\/schema.org\",\"@graph\":[{\"@type\":[\"WebPage\",\"ItemPage\"],\"@id\":\"https:\\\/\\\/www.lraloeverashop.eu\\\/fr\\\/produit\\\/aloe-vera-gel-concentre-hydratant\\\/\",\"url\":\"https:\\\/\\\/www.lraloeverashop.eu\\\/fr\\\/produit\\\/aloe-vera-gel-concentre-hydratant\\\/\",\"name\":\"Aloe Vera Gel Concentr\u00e9 Hydratant pour peau s\u00e8che et irrit\u00e9e\",\"isPartOf\":{\"@id\":\"https:\\\/\\\/www.lraloeverashop.eu\\\/fr\\\/#website\"},\"primaryImageOfPage\":{\"@id\":\"https:\\\/\\\/www.lraloeverashop.eu\\\/fr\\\/produit\\\/aloe-vera-gel-concentre-hydratant\\\/#primaryimage\"},\"image\":{\"@id\":\"https:\\\/\\\/www.lraloeverashop.eu\\\/fr\\\/produit\\\/aloe-vera-gel-concentre-hydratant\\\/#primaryimage\"},\"thumbnailUrl\":\"https:\\\/\\\/www.lraloeverashop.eu\\\/wp-content\\\/uploads\\\/2025\\\/04\\\/Lr-Aloe-Vera-Concentrated-Gel.jpg\",\"datePublished\":\"2022-10-09T09:47:33+00:00\",\"dateModified\":\"2026-02-02T19:27:20+00:00\",\"description\":\"Lr Aloe Vera Gel Concentr\u00e9 Hydratant compos\u00e9 de 90% de gel d\u2019aloe vera pur. Excellent pour le traitement de l'ecz\u00e9ma et autres probl\u00e8mes cutan\u00e9es.\",\"breadcrumb\":{\"@id\":\"https:\\\/\\\/www.lraloeverashop.eu\\\/fr\\\/produit\\\/aloe-vera-gel-concentre-hydratant\\\/#breadcrumb\"},\"inLanguage\":\"fr-FR\",\"potentialAction\":[{\"@type\":\"ReadAction\",\"target\":[\"https:\\\/\\\/www.lraloeverashop.eu\\\/fr\\\/produit\\\/aloe-vera-gel-concentre-hydratant\\\/\"]}]},{\"@type\":\"ImageObject\",\"inLanguage\":\"fr-FR\",\"@id\":\"https:\\\/\\\/www.lraloeverashop.eu\\\/fr\\\/produit\\\/aloe-vera-gel-concentre-hydratant\\\/#primaryimage\",\"url\":\"https:\\\/\\\/www.lraloeverashop.eu\\\/wp-content\\\/uploads\\\/2025\\\/04\\\/Lr-Aloe-Vera-Concentrated-Gel.jpg\",\"contentUrl\":\"https:\\\/\\\/www.lraloeverashop.eu\\\/wp-content\\\/uploads\\\/2025\\\/04\\\/Lr-Aloe-Vera-Concentrated-Gel.jpg\",\"width\":1200,\"height\":1200,\"caption\":\"Aloe Vera Gel Concentr\u00e9 Hydratant avec du gel d'aloe vera ferment\u00e9 pour plus d'hydratation\"},{\"@type\":\"BreadcrumbList\",\"@id\":\"https:\\\/\\\/www.lraloeverashop.eu\\\/fr\\\/produit\\\/aloe-vera-gel-concentre-hydratant\\\/#breadcrumb\",\"itemListElement\":[{\"@type\":\"ListItem\",\"position\":1,\"name\":\"Home\",\"item\":\"https:\\\/\\\/www.lraloeverashop.eu\\\/fr\\\/home\\\/\"},{\"@type\":\"ListItem\",\"position\":2,\"name\":\"Boutique\",\"item\":\"https:\\\/\\\/www.lraloeverashop.eu\\\/fr\\\/boutique\\\/\"},{\"@type\":\"ListItem\",\"position\":3,\"name\":\"Aloe Vera Gel Concentr\u00e9 Hydratant\"}]},{\"@type\":\"WebSite\",\"@id\":\"https:\\\/\\\/www.lraloeverashop.eu\\\/fr\\\/#website\",\"url\":\"https:\\\/\\\/www.lraloeverashop.eu\\\/fr\\\/\",\"name\":\"Boutique Lr Aloe Vera\",\"description\":\"High Quality Lr Aloe Vera Gel, Aloe Vera Cream and Shampoo\",\"publisher\":{\"@id\":\"https:\\\/\\\/www.lraloeverashop.eu\\\/fr\\\/#organization\"},\"alternateName\":\"LR\",\"potentialAction\":[{\"@type\":\"SearchAction\",\"target\":{\"@type\":\"EntryPoint\",\"urlTemplate\":\"https:\\\/\\\/www.lraloeverashop.eu\\\/fr\\\/?s={search_term_string}\"},\"query-input\":{\"@type\":\"PropertyValueSpecification\",\"valueRequired\":true,\"valueName\":\"search_term_string\"}}],\"inLanguage\":\"fr-FR\"},{\"@type\":\"Organization\",\"@id\":\"https:\\\/\\\/www.lraloeverashop.eu\\\/fr\\\/#organization\",\"name\":\"Boutique Lr Aloe Vera\",\"alternateName\":\"LR\",\"url\":\"https:\\\/\\\/www.lraloeverashop.eu\\\/fr\\\/\",\"logo\":{\"@type\":\"ImageObject\",\"inLanguage\":\"fr-FR\",\"@id\":\"https:\\\/\\\/www.lraloeverashop.eu\\\/fr\\\/#\\\/schema\\\/logo\\\/image\\\/\",\"url\":\"https:\\\/\\\/www.lraloeverashop.eu\\\/wp-content\\\/uploads\\\/2022\\\/09\\\/cropped-Lr-Aloe-Vera-Shop.jpg\",\"contentUrl\":\"https:\\\/\\\/www.lraloeverashop.eu\\\/wp-content\\\/uploads\\\/2022\\\/09\\\/cropped-Lr-Aloe-Vera-Shop.jpg\",\"width\":228,\"height\":76,\"caption\":\"Boutique Lr Aloe Vera\"},\"image\":{\"@id\":\"https:\\\/\\\/www.lraloeverashop.eu\\\/fr\\\/#\\\/schema\\\/logo\\\/image\\\/\"},\"sameAs\":[\"https:\\\/\\\/www.facebook.com\\\/lraloeverashop.eu\",\"https:\\\/\\\/x.com\\\/natur__kosmetik\",\"https:\\\/\\\/www.youtube.com\\\/channel\\\/UC5oN7BJ8nfYb8RpVtjwDEBA\",\"https:\\\/\\\/www.instagram.com\\\/lrbeautyeu\\\/\"],\"description\":\"La boutique LR Aloe Vera est votre destination de confiance pour les produits de sant\u00e9 et de beaut\u00e9 haut de gamme LR, fabriqu\u00e9s en Allemagne. Nous proposons des soins de la peau, des compl\u00e9ments nutritionnels et des solutions anti-\u00e2ge \u00e0 l'aloe vera de haute qualit\u00e9, \u00e9labor\u00e9s \u00e0 partir d'ingr\u00e9dients purs et valid\u00e9s par la recherche scientifique. D\u00e9couvrez des soins naturels qui r\u00e9g\u00e9n\u00e8rent, prot\u00e8gent et revitalisent votre peau, et profitez d'offres mensuelles exclusives sur nos produits LR Aloe Vera les plus vendus.\\n\\nCommencez d\u00e8s aujourd'hui votre parcours vers des soins naturels et constatez la diff\u00e9rence.\",\"email\":\"info@lraloeverashop.eu\",\"telephone\":\"+49 17670609653\",\"legalName\":\"Lr Aloe Vera Shop\",\"foundingDate\":\"2018-04-21\",\"numberOfEmployees\":{\"@type\":\"QuantitativeValue\",\"minValue\":\"1\",\"maxValue\":\"10\"}}]}<\/script>\n<meta property=\"product:price:amount\" content=\"21.99\" \/>\n<meta property=\"product:price:currency\" content=\"EUR\" \/>\n<meta property=\"og:availability\" content=\"instock\" \/>\n<meta property=\"product:availability\" content=\"instock\" \/>\n<meta property=\"product:retailer_item_id\" content=\"20601-101FR\" \/>\n<meta property=\"product:condition\" content=\"new\" \/>\n<!-- \/ Yoast SEO Premium plugin. -->","yoast_head_json":{"title":"Aloe Vera Gel Concentr\u00e9 Hydratant pour peau s\u00e8che et irrit\u00e9e","description":"Lr Aloe Vera Gel Concentr\u00e9 Hydratant compos\u00e9 de 90% de gel d\u2019aloe vera pur. Excellent pour le traitement de l'ecz\u00e9ma et autres probl\u00e8mes cutan\u00e9es.","robots":{"index":"index","follow":"follow","max-snippet":"max-snippet:-1","max-image-preview":"max-image-preview:large","max-video-preview":"max-video-preview:-1"},"canonical":"https:\/\/www.lraloeverashop.eu\/fr\/produit\/aloe-vera-gel-concentre-hydratant\/","og_locale":"fr_FR","og_type":"article","og_title":"Aloe Vera Gel Concentr\u00e9 Hydratant","og_description":"Lr Aloe Vera Gel Concentr\u00e9 Hydratant compos\u00e9 de 90% de gel d\u2019aloe vera pur. Excellent pour le traitement de l'ecz\u00e9ma et autres probl\u00e8mes cutan\u00e9es.","og_url":"https:\/\/www.lraloeverashop.eu\/fr\/produit\/aloe-vera-gel-concentre-hydratant\/","og_site_name":"Boutique Lr Aloe Vera","article_publisher":"https:\/\/www.facebook.com\/lraloeverashop.eu","article_modified_time":"2026-02-02T19:27:20+00:00","og_image":[{"width":1200,"height":1200,"url":"https:\/\/www.lraloeverashop.eu\/wp-content\/uploads\/2025\/04\/Lr-Aloe-Vera-Concentrated-Gel.jpg","type":"image\/jpeg"}],"twitter_card":"summary_large_image","twitter_site":"@natur__kosmetik","schema":{"@context":"https:\/\/schema.org","@graph":[{"@type":["WebPage","ItemPage"],"@id":"https:\/\/www.lraloeverashop.eu\/fr\/produit\/aloe-vera-gel-concentre-hydratant\/","url":"https:\/\/www.lraloeverashop.eu\/fr\/produit\/aloe-vera-gel-concentre-hydratant\/","name":"Aloe Vera Gel Concentr\u00e9 Hydratant pour peau s\u00e8che et irrit\u00e9e","isPartOf":{"@id":"https:\/\/www.lraloeverashop.eu\/fr\/#website"},"primaryImageOfPage":{"@id":"https:\/\/www.lraloeverashop.eu\/fr\/produit\/aloe-vera-gel-concentre-hydratant\/#primaryimage"},"image":{"@id":"https:\/\/www.lraloeverashop.eu\/fr\/produit\/aloe-vera-gel-concentre-hydratant\/#primaryimage"},"thumbnailUrl":"https:\/\/www.lraloeverashop.eu\/wp-content\/uploads\/2025\/04\/Lr-Aloe-Vera-Concentrated-Gel.jpg","datePublished":"2022-10-09T09:47:33+00:00","dateModified":"2026-02-02T19:27:20+00:00","description":"Lr Aloe Vera Gel Concentr\u00e9 Hydratant compos\u00e9 de 90% de gel d\u2019aloe vera pur. Excellent pour le traitement de l'ecz\u00e9ma et autres probl\u00e8mes cutan\u00e9es.","breadcrumb":{"@id":"https:\/\/www.lraloeverashop.eu\/fr\/produit\/aloe-vera-gel-concentre-hydratant\/#breadcrumb"},"inLanguage":"fr-FR","potentialAction":[{"@type":"ReadAction","target":["https:\/\/www.lraloeverashop.eu\/fr\/produit\/aloe-vera-gel-concentre-hydratant\/"]}]},{"@type":"ImageObject","inLanguage":"fr-FR","@id":"https:\/\/www.lraloeverashop.eu\/fr\/produit\/aloe-vera-gel-concentre-hydratant\/#primaryimage","url":"https:\/\/www.lraloeverashop.eu\/wp-content\/uploads\/2025\/04\/Lr-Aloe-Vera-Concentrated-Gel.jpg","contentUrl":"https:\/\/www.lraloeverashop.eu\/wp-content\/uploads\/2025\/04\/Lr-Aloe-Vera-Concentrated-Gel.jpg","width":1200,"height":1200,"caption":"Aloe Vera Gel Concentr\u00e9 Hydratant avec du gel d'aloe vera ferment\u00e9 pour plus d'hydratation"},{"@type":"BreadcrumbList","@id":"https:\/\/www.lraloeverashop.eu\/fr\/produit\/aloe-vera-gel-concentre-hydratant\/#breadcrumb","itemListElement":[{"@type":"ListItem","position":1,"name":"Home","item":"https:\/\/www.lraloeverashop.eu\/fr\/home\/"},{"@type":"ListItem","position":2,"name":"Boutique","item":"https:\/\/www.lraloeverashop.eu\/fr\/boutique\/"},{"@type":"ListItem","position":3,"name":"Aloe Vera Gel Concentr\u00e9 Hydratant"}]},{"@type":"WebSite","@id":"https:\/\/www.lraloeverashop.eu\/fr\/#website","url":"https:\/\/www.lraloeverashop.eu\/fr\/","name":"Boutique Lr Aloe Vera","description":"High Quality Lr Aloe Vera Gel, Aloe Vera Cream and Shampoo","publisher":{"@id":"https:\/\/www.lraloeverashop.eu\/fr\/#organization"},"alternateName":"LR","potentialAction":[{"@type":"SearchAction","target":{"@type":"EntryPoint","urlTemplate":"https:\/\/www.lraloeverashop.eu\/fr\/?s={search_term_string}"},"query-input":{"@type":"PropertyValueSpecification","valueRequired":true,"valueName":"search_term_string"}}],"inLanguage":"fr-FR"},{"@type":"Organization","@id":"https:\/\/www.lraloeverashop.eu\/fr\/#organization","name":"Boutique Lr Aloe Vera","alternateName":"LR","url":"https:\/\/www.lraloeverashop.eu\/fr\/","logo":{"@type":"ImageObject","inLanguage":"fr-FR","@id":"https:\/\/www.lraloeverashop.eu\/fr\/#\/schema\/logo\/image\/","url":"https:\/\/www.lraloeverashop.eu\/wp-content\/uploads\/2022\/09\/cropped-Lr-Aloe-Vera-Shop.jpg","contentUrl":"https:\/\/www.lraloeverashop.eu\/wp-content\/uploads\/2022\/09\/cropped-Lr-Aloe-Vera-Shop.jpg","width":228,"height":76,"caption":"Boutique Lr Aloe Vera"},"image":{"@id":"https:\/\/www.lraloeverashop.eu\/fr\/#\/schema\/logo\/image\/"},"sameAs":["https:\/\/www.facebook.com\/lraloeverashop.eu","https:\/\/x.com\/natur__kosmetik","https:\/\/www.youtube.com\/channel\/UC5oN7BJ8nfYb8RpVtjwDEBA","https:\/\/www.instagram.com\/lrbeautyeu\/"],"description":"La boutique LR Aloe Vera est votre destination de confiance pour les produits de sant\u00e9 et de beaut\u00e9 haut de gamme LR, fabriqu\u00e9s en Allemagne. Nous proposons des soins de la peau, des compl\u00e9ments nutritionnels et des solutions anti-\u00e2ge \u00e0 l'aloe vera de haute qualit\u00e9, \u00e9labor\u00e9s \u00e0 partir d'ingr\u00e9dients purs et valid\u00e9s par la recherche scientifique. D\u00e9couvrez des soins naturels qui r\u00e9g\u00e9n\u00e8rent, prot\u00e8gent et revitalisent votre peau, et profitez d'offres mensuelles exclusives sur nos produits LR Aloe Vera les plus vendus.\n\nCommencez d\u00e8s aujourd'hui votre parcours vers des soins naturels et constatez la diff\u00e9rence.","email":"info@lraloeverashop.eu","telephone":"+49 17670609653","legalName":"Lr Aloe Vera Shop","foundingDate":"2018-04-21","numberOfEmployees":{"@type":"QuantitativeValue","minValue":"1","maxValue":"10"}}]},"product_price_amount":"21.99","product_price_currency":"EUR","og_availability":"instock","product_availability":"instock","product_retailer_item_id":"20601-101FR","product_condition":"new"},"taxonomy_info":{"product_cat":[{"value":212,"label":"Aloe Vera"},{"value":260,"label":"Soins Sp\u00e9ciaux"}],"product_tag":[{"value":578,"label":"Blessures"},{"value":524,"label":"Coupures"},{"value":525,"label":"Ecz\u00e9ma"},{"value":1202,"label":"Gel d&#039;Aloe Ferment\u00e9"}]},"featured_image_src_large":["https:\/\/www.lraloeverashop.eu\/wp-content\/uploads\/2025\/04\/Lr-Aloe-Vera-Concentrated-Gel-1024x1024.jpg",1024,1024,true],"author_info":[],"comment_info":0,"_links":{"self":[{"href":"https:\/\/www.lraloeverashop.eu\/fr\/wp-json\/wp\/v2\/product\/10889","targetHints":{"allow":["GET"]}}],"collection":[{"href":"https:\/\/www.lraloeverashop.eu\/fr\/wp-json\/wp\/v2\/product"}],"about":[{"href":"https:\/\/www.lraloeverashop.eu\/fr\/wp-json\/wp\/v2\/types\/product"}],"replies":[{"embeddable":true,"href":"https:\/\/www.lraloeverashop.eu\/fr\/wp-json\/wp\/v2\/comments?post=10889"}],"wp:featuredmedia":[{"embeddable":true,"href":"https:\/\/www.lraloeverashop.eu\/fr\/wp-json\/wp\/v2\/media\/27234"}],"wp:attachment":[{"href":"https:\/\/www.lraloeverashop.eu\/fr\/wp-json\/wp\/v2\/media?parent=10889"}],"wp:term":[{"taxonomy":"product_brand","embeddable":true,"href":"https:\/\/www.lraloeverashop.eu\/fr\/wp-json\/wp\/v2\/product_brand?post=10889"},{"taxonomy":"product_cat","embeddable":true,"href":"https:\/\/www.lraloeverashop.eu\/fr\/wp-json\/wp\/v2\/product_cat?post=10889"},{"taxonomy":"product_tag","embeddable":true,"href":"https:\/\/www.lraloeverashop.eu\/fr\/wp-json\/wp\/v2\/product_tag?post=10889"}],"curies":[{"name":"wp","href":"https:\/\/api.w.org\/{rel}","templated":true}]}}