{"id":10865,"date":"2022-10-09T13:04:55","date_gmt":"2022-10-09T11:04:55","guid":{"rendered":"https:\/\/www.lraloeverashop.eu\/product\/lr-aloe-vera-creme-protectrice-a-la-propolis\/"},"modified":"2026-02-02T20:26:49","modified_gmt":"2026-02-02T19:26:49","slug":"lr-aloe-vera-creme-protectrice-a-la-propolis","status":"publish","type":"product","link":"https:\/\/www.lraloeverashop.eu\/fr\/produit\/lr-aloe-vera-creme-protectrice-a-la-propolis\/","title":{"rendered":"Cr\u00e8me Propolis Aloe Vera"},"content":{"rendered":"<h2><span style=\"font-size: 16pt;\"><strong>Cr\u00e8me Propolis Aloe Vera<\/strong><\/span><\/h2>\n<p><span style=\"font-size: 14pt;\"><strong>Cr\u00e8me Propolis Aloe Vera apaise et nourrit les peaux extr\u00eamement s\u00e8ches et exigeantes.<\/strong><\/span><\/p>\n<p>Cette cr\u00e8me riche avec 79 % d&rsquo;Aloe Vera convient particuli\u00e8rement au soin des peaux s\u00e8ches et ab\u00eem\u00e9es. L&rsquo;extrait de Propolis \u00e0 base de cire d&rsquo;abeille a un effet thermique isolant tandis que la forte teneur en <a href=\"https:\/\/www.lraloeverashop.eu\/fr\/produit\/aloe-vera-lait-demaquillant-hydratant\/\">Aloe Vera<\/a> hydrate la peau et la d\u00e9tend.<\/p>\n<p>Les bienfaits de l&rsquo;Aloe Vera sont connus depuis des milliers d&rsquo;ann\u00e9es. Avec ses nombreuses substances actives, l&rsquo;Aloe Vera a fait ses preuves dans les soins cutan\u00e9s en fortifiant les m\u00e9canismes de <a href=\"https:\/\/www.lraloeverashop.eu\/fr\/aloe-vera-creme-a-la-propolis\/\">protection de la peau<\/a> tout en r\u00e9gulant son hydratation naturelle. Utilis\u00e9 r\u00e9guli\u00e8rement, l&rsquo;Aloe Vera peut \u00e9galement rendre la peau plus souple et plus douce.<\/p>\n<p>&nbsp;<\/p>\n<h3><strong><span style=\"font-size: 16pt;\">Comment utiliser\u00a0<\/span><\/strong><\/h3>\n<p>La Cr\u00e8me Propolis Aloe Vera convient particuli\u00e8rement bien pour prot\u00e9ger le visage\u00a0et les mains. La cr\u00e8me peut en fait \u00eatre appliqu\u00e9e partout o\u00fb la peau est <a href=\"https:\/\/www.lraloeverashop.eu\/fr\/produit\/aloe-vera-creme-extra-riche-pour-les-mains\/\">s\u00e8che<\/a> et o\u00fb le soin est requis. Si besoin est, masser tout simplement pour faire p\u00e9n\u00e9trer dans la peau.<\/p>\n<p>&nbsp;<\/p>\n<h4><span style=\"font-size: 16pt;\"><strong>Le saviez-vous?<\/strong><\/span><\/h4>\n<p>Outre l\u2019Aloe Vera, la propolis constitue un composant important du lait. Les abeilles fabriquent la substance r\u00e9sineuse comme mat\u00e9riau de construction protecteur \u00e0 l\u2019int\u00e9rieur de la ruche.<\/p>\n<p>&nbsp;<\/p>\n<h5><span style=\"font-size: 16pt;\"><strong>Questions fr\u00e9quemment pos\u00e9es<\/strong><\/span><\/h5>\n<p><strong>Qu\u2019est-ce que la propolis\u00a0?<\/strong><br \/>\nLa propolis est un m\u00e9lange r\u00e9sineux produit par les abeilles. Elle est utilis\u00e9e comme mat\u00e9riel de construction afin de couvrir les parois \u00e0 l\u2019int\u00e9rieur de la ruche et de combler les petites ouvertures et fissures.<br \/>\nLa propolis se combine parfaitement avec le gel issu de l\u2019Aloe Vera et agit particuli\u00e8rement bien sur une <a href=\"https:\/\/www.lraloeverashop.eu\/fr\/produit\/lr-aloe-vera-creme-pour-les-pieds\/\">peau s\u00e8che<\/a> et ayant besoin d\u2019hydratation.<\/p>\n<p><strong>De quoi la propolis se compose-t-elle\u00a0?<\/strong><br \/>\nLa propolis est issue majoritairement de r\u00e9sines naturelles de bourgeons et d\u2019arbres \u2013 mais \u00e9galement de cire d\u2019abeille, de pollens, d\u2019huiles essentielles, d\u2019oligo\u00e9l\u00e9ments et de vitamines.<\/p>\n","protected":false},"excerpt":{"rendered":"<ul>\n<li>Cr\u00e8me riche pour la peau s\u00e8che n\u00e9cessitant des soins<\/li>\n<li>Avec 79% d&rsquo;extrait d&rsquo;aloe vera et de cire d&rsquo;abeille<\/li>\n<li>Avec du gel d&rsquo;aloe vera ferment\u00e9 pour plus d&rsquo;hydratation<\/li>\n<li>Augmente la barri\u00e8re naturelle de la peau et applique un rev\u00eatement protecteur sur la peau<\/li>\n<li>D\u00e9tendez-vous et apaisez<\/li>\n<li>Contient: 100 ml<\/li>\n<\/ul>\n<p style=\"text-align: left;\"><span style=\"color: #ff0000;\"><a style=\"color: #ff0000;\" href=\"https:\/\/shop.lrworld.com\/openpao?PHP=0vFlt7jT938BEnBI3a6e9w%3D%3D\"><span style=\"font-size: 14pt;\"><strong>Inscrivez-vous et \u00e9conomisez 35% sur chaque commande<\/strong><\/span><\/a><\/span><\/p>\n","protected":false},"featured_media":27226,"comment_status":"open","ping_status":"closed","template":"","meta":{"_kad_blocks_custom_css":"","_kad_blocks_head_custom_js":"","_kad_blocks_body_custom_js":"","_kad_blocks_footer_custom_js":"","_kadence_starter_templates_imported_post":false,"_kad_post_transparent":"default","_kad_post_title":"","_kad_post_layout":"default","_kad_post_sidebar_id":"","_kad_post_content_style":"default","_kad_post_vertical_padding":"default","_kad_post_feature":"","_kad_post_feature_position":"","_kad_post_header":false,"_kad_post_footer":false,"_kad_post_classname":""},"product_brand":[],"product_cat":[212,260],"product_tag":[1202,586,587],"class_list":{"0":"post-10865","1":"product","2":"type-product","3":"status-publish","4":"has-post-thumbnail","6":"product_cat-aloe-vera-fr","7":"product_cat-soins-speciaux","8":"product_tag-gel-daloe-fermente","9":"product_tag-mains-seches","10":"product_tag-peau-seche","12":"first","13":"instock","14":"taxable","15":"shipping-taxable","16":"purchasable","17":"product-type-simple","18":"entry","19":"content-bg","20":"loop-entry"},"yoast_head":"<!-- This site is optimized with the Yoast SEO Premium plugin v27.4 (Yoast SEO v27.4) - https:\/\/yoast.com\/product\/yoast-seo-premium-wordpress\/ -->\n<title>Cr\u00e8me Propolis Aloe Vera Pour Peau s\u00e8ches et exigeantes<\/title>\n<meta name=\"description\" content=\"Cr\u00e8me Propolis Aloe Vera avec 79% Gel d&#039;Aloe Vera et de cire d&#039;abeille convient particuli\u00e8rement au soin des peaux s\u00e8ches et ab\u00eem\u00e9es. Offre humidit\u00e9 intense\" \/>\n<meta name=\"robots\" content=\"index, follow, max-snippet:-1, max-image-preview:large, max-video-preview:-1\" \/>\n<link rel=\"canonical\" href=\"https:\/\/www.lraloeverashop.eu\/fr\/produit\/lr-aloe-vera-creme-protectrice-a-la-propolis\/\" \/>\n<meta property=\"og:locale\" content=\"fr_FR\" \/>\n<meta property=\"og:type\" content=\"article\" \/>\n<meta property=\"og:title\" content=\"Cr\u00e8me Propolis Aloe Vera\" \/>\n<meta property=\"og:description\" content=\"Cr\u00e8me Propolis Aloe Vera avec 79% Gel d&#039;Aloe Vera et de cire d&#039;abeille convient particuli\u00e8rement au soin des peaux s\u00e8ches et ab\u00eem\u00e9es. Offre humidit\u00e9 intense\" \/>\n<meta property=\"og:url\" content=\"https:\/\/www.lraloeverashop.eu\/fr\/produit\/lr-aloe-vera-creme-protectrice-a-la-propolis\/\" \/>\n<meta property=\"og:site_name\" content=\"Boutique Lr Aloe Vera\" \/>\n<meta property=\"article:publisher\" content=\"https:\/\/www.facebook.com\/lraloeverashop.eu\" \/>\n<meta property=\"article:modified_time\" content=\"2026-02-02T19:26:49+00:00\" \/>\n<meta property=\"og:image\" content=\"https:\/\/www.lraloeverashop.eu\/wp-content\/uploads\/2025\/04\/Aloe-Vera-Cream-with-Propolis.jpg\" \/>\n\t<meta property=\"og:image:width\" content=\"1200\" \/>\n\t<meta property=\"og:image:height\" content=\"1200\" \/>\n\t<meta property=\"og:image:type\" content=\"image\/jpeg\" \/>\n<meta name=\"twitter:card\" content=\"summary_large_image\" \/>\n<meta name=\"twitter:site\" content=\"@natur__kosmetik\" \/>\n<script type=\"application\/ld+json\" class=\"yoast-schema-graph\">{\"@context\":\"https:\\\/\\\/schema.org\",\"@graph\":[{\"@type\":[\"WebPage\",\"ItemPage\"],\"@id\":\"https:\\\/\\\/www.lraloeverashop.eu\\\/fr\\\/produit\\\/lr-aloe-vera-creme-protectrice-a-la-propolis\\\/\",\"url\":\"https:\\\/\\\/www.lraloeverashop.eu\\\/fr\\\/produit\\\/lr-aloe-vera-creme-protectrice-a-la-propolis\\\/\",\"name\":\"Cr\u00e8me Propolis Aloe Vera Pour Peau s\u00e8ches et exigeantes\",\"isPartOf\":{\"@id\":\"https:\\\/\\\/www.lraloeverashop.eu\\\/fr\\\/#website\"},\"primaryImageOfPage\":{\"@id\":\"https:\\\/\\\/www.lraloeverashop.eu\\\/fr\\\/produit\\\/lr-aloe-vera-creme-protectrice-a-la-propolis\\\/#primaryimage\"},\"image\":{\"@id\":\"https:\\\/\\\/www.lraloeverashop.eu\\\/fr\\\/produit\\\/lr-aloe-vera-creme-protectrice-a-la-propolis\\\/#primaryimage\"},\"thumbnailUrl\":\"https:\\\/\\\/www.lraloeverashop.eu\\\/wp-content\\\/uploads\\\/2025\\\/04\\\/Aloe-Vera-Cream-with-Propolis.jpg\",\"datePublished\":\"2022-10-09T11:04:55+00:00\",\"dateModified\":\"2026-02-02T19:26:49+00:00\",\"description\":\"Cr\u00e8me Propolis Aloe Vera avec 79% Gel d'Aloe Vera et de cire d'abeille convient particuli\u00e8rement au soin des peaux s\u00e8ches et ab\u00eem\u00e9es. Offre humidit\u00e9 intense\",\"breadcrumb\":{\"@id\":\"https:\\\/\\\/www.lraloeverashop.eu\\\/fr\\\/produit\\\/lr-aloe-vera-creme-protectrice-a-la-propolis\\\/#breadcrumb\"},\"inLanguage\":\"fr-FR\",\"potentialAction\":[{\"@type\":\"ReadAction\",\"target\":[\"https:\\\/\\\/www.lraloeverashop.eu\\\/fr\\\/produit\\\/lr-aloe-vera-creme-protectrice-a-la-propolis\\\/\"]}]},{\"@type\":\"ImageObject\",\"inLanguage\":\"fr-FR\",\"@id\":\"https:\\\/\\\/www.lraloeverashop.eu\\\/fr\\\/produit\\\/lr-aloe-vera-creme-protectrice-a-la-propolis\\\/#primaryimage\",\"url\":\"https:\\\/\\\/www.lraloeverashop.eu\\\/wp-content\\\/uploads\\\/2025\\\/04\\\/Aloe-Vera-Cream-with-Propolis.jpg\",\"contentUrl\":\"https:\\\/\\\/www.lraloeverashop.eu\\\/wp-content\\\/uploads\\\/2025\\\/04\\\/Aloe-Vera-Cream-with-Propolis.jpg\",\"width\":1200,\"height\":1200,\"caption\":\"Cr\u00e8me Aloe Vera \u00e0 la Propolis avec du gel d'aloe vera ferment\u00e9 pour plus d'hydratation\"},{\"@type\":\"BreadcrumbList\",\"@id\":\"https:\\\/\\\/www.lraloeverashop.eu\\\/fr\\\/produit\\\/lr-aloe-vera-creme-protectrice-a-la-propolis\\\/#breadcrumb\",\"itemListElement\":[{\"@type\":\"ListItem\",\"position\":1,\"name\":\"Home\",\"item\":\"https:\\\/\\\/www.lraloeverashop.eu\\\/fr\\\/\"},{\"@type\":\"ListItem\",\"position\":2,\"name\":\"Boutique\",\"item\":\"https:\\\/\\\/www.lraloeverashop.eu\\\/fr\\\/boutique\\\/\"},{\"@type\":\"ListItem\",\"position\":3,\"name\":\"Cr\u00e8me Propolis Aloe Vera\"}]},{\"@type\":\"WebSite\",\"@id\":\"https:\\\/\\\/www.lraloeverashop.eu\\\/fr\\\/#website\",\"url\":\"https:\\\/\\\/www.lraloeverashop.eu\\\/fr\\\/\",\"name\":\"Boutique Lr Aloe Vera\",\"description\":\"High Quality Lr Aloe Vera Gel, Aloe Vera Cream and Shampoo\",\"publisher\":{\"@id\":\"https:\\\/\\\/www.lraloeverashop.eu\\\/fr\\\/#organization\"},\"potentialAction\":[{\"@type\":\"SearchAction\",\"target\":{\"@type\":\"EntryPoint\",\"urlTemplate\":\"https:\\\/\\\/www.lraloeverashop.eu\\\/fr\\\/?s={search_term_string}\"},\"query-input\":{\"@type\":\"PropertyValueSpecification\",\"valueRequired\":true,\"valueName\":\"search_term_string\"}}],\"inLanguage\":\"fr-FR\"},{\"@type\":\"Organization\",\"@id\":\"https:\\\/\\\/www.lraloeverashop.eu\\\/fr\\\/#organization\",\"name\":\"Boutique Lr Aloe Vera\",\"alternateName\":\"LR\",\"url\":\"https:\\\/\\\/www.lraloeverashop.eu\\\/fr\\\/\",\"logo\":{\"@type\":\"ImageObject\",\"inLanguage\":\"fr-FR\",\"@id\":\"https:\\\/\\\/www.lraloeverashop.eu\\\/fr\\\/#\\\/schema\\\/logo\\\/image\\\/\",\"url\":\"https:\\\/\\\/www.lraloeverashop.eu\\\/wp-content\\\/uploads\\\/2022\\\/09\\\/cropped-Lr-Aloe-Vera-Shop.jpg\",\"contentUrl\":\"https:\\\/\\\/www.lraloeverashop.eu\\\/wp-content\\\/uploads\\\/2022\\\/09\\\/cropped-Lr-Aloe-Vera-Shop.jpg\",\"width\":228,\"height\":76,\"caption\":\"Boutique Lr Aloe Vera\"},\"image\":{\"@id\":\"https:\\\/\\\/www.lraloeverashop.eu\\\/fr\\\/#\\\/schema\\\/logo\\\/image\\\/\"},\"sameAs\":[\"https:\\\/\\\/www.facebook.com\\\/lraloeverashop.eu\",\"https:\\\/\\\/x.com\\\/natur__kosmetik\",\"https:\\\/\\\/www.youtube.com\\\/channel\\\/UC5oN7BJ8nfYb8RpVtjwDEBA\",\"https:\\\/\\\/www.instagram.com\\\/lrbeautyeu\\\/\"],\"description\":\"La boutique LR Aloe Vera est votre destination de confiance pour les produits de sant\u00e9 et de beaut\u00e9 haut de gamme LR, fabriqu\u00e9s en Allemagne. Nous proposons des soins de la peau, des compl\u00e9ments nutritionnels et des solutions anti-\u00e2ge \u00e0 l'aloe vera de haute qualit\u00e9, \u00e9labor\u00e9s \u00e0 partir d'ingr\u00e9dients purs et valid\u00e9s par la recherche scientifique. D\u00e9couvrez des soins naturels qui r\u00e9g\u00e9n\u00e8rent, prot\u00e8gent et revitalisent votre peau, et profitez d'offres mensuelles exclusives sur nos produits LR Aloe Vera les plus vendus.\\n\\nCommencez d\u00e8s aujourd'hui votre parcours vers des soins naturels et constatez la diff\u00e9rence.\",\"email\":\"info@lraloeverashop.eu\",\"telephone\":\"+49 17670609653\",\"legalName\":\"Lr Aloe Vera Shop\",\"foundingDate\":\"2018-04-21\",\"numberOfEmployees\":{\"@type\":\"QuantitativeValue\",\"minValue\":\"1\",\"maxValue\":\"10\"}}]}<\/script>\n<meta property=\"product:price:amount\" content=\"27.99\" \/>\n<meta property=\"product:price:currency\" content=\"EUR\" \/>\n<meta property=\"og:availability\" content=\"instock\" \/>\n<meta property=\"product:availability\" content=\"instock\" \/>\n<meta property=\"product:retailer_item_id\" content=\"20602-201FR\" \/>\n<meta property=\"product:condition\" content=\"new\" \/>\n<!-- \/ Yoast SEO Premium plugin. -->","yoast_head_json":{"title":"Cr\u00e8me Propolis Aloe Vera Pour Peau s\u00e8ches et exigeantes","description":"Cr\u00e8me Propolis Aloe Vera avec 79% Gel d'Aloe Vera et de cire d'abeille convient particuli\u00e8rement au soin des peaux s\u00e8ches et ab\u00eem\u00e9es. Offre humidit\u00e9 intense","robots":{"index":"index","follow":"follow","max-snippet":"max-snippet:-1","max-image-preview":"max-image-preview:large","max-video-preview":"max-video-preview:-1"},"canonical":"https:\/\/www.lraloeverashop.eu\/fr\/produit\/lr-aloe-vera-creme-protectrice-a-la-propolis\/","og_locale":"fr_FR","og_type":"article","og_title":"Cr\u00e8me Propolis Aloe Vera","og_description":"Cr\u00e8me Propolis Aloe Vera avec 79% Gel d'Aloe Vera et de cire d'abeille convient particuli\u00e8rement au soin des peaux s\u00e8ches et ab\u00eem\u00e9es. Offre humidit\u00e9 intense","og_url":"https:\/\/www.lraloeverashop.eu\/fr\/produit\/lr-aloe-vera-creme-protectrice-a-la-propolis\/","og_site_name":"Boutique Lr Aloe Vera","article_publisher":"https:\/\/www.facebook.com\/lraloeverashop.eu","article_modified_time":"2026-02-02T19:26:49+00:00","og_image":[{"width":1200,"height":1200,"url":"https:\/\/www.lraloeverashop.eu\/wp-content\/uploads\/2025\/04\/Aloe-Vera-Cream-with-Propolis.jpg","type":"image\/jpeg"}],"twitter_card":"summary_large_image","twitter_site":"@natur__kosmetik","schema":{"@context":"https:\/\/schema.org","@graph":[{"@type":["WebPage","ItemPage"],"@id":"https:\/\/www.lraloeverashop.eu\/fr\/produit\/lr-aloe-vera-creme-protectrice-a-la-propolis\/","url":"https:\/\/www.lraloeverashop.eu\/fr\/produit\/lr-aloe-vera-creme-protectrice-a-la-propolis\/","name":"Cr\u00e8me Propolis Aloe Vera Pour Peau s\u00e8ches et exigeantes","isPartOf":{"@id":"https:\/\/www.lraloeverashop.eu\/fr\/#website"},"primaryImageOfPage":{"@id":"https:\/\/www.lraloeverashop.eu\/fr\/produit\/lr-aloe-vera-creme-protectrice-a-la-propolis\/#primaryimage"},"image":{"@id":"https:\/\/www.lraloeverashop.eu\/fr\/produit\/lr-aloe-vera-creme-protectrice-a-la-propolis\/#primaryimage"},"thumbnailUrl":"https:\/\/www.lraloeverashop.eu\/wp-content\/uploads\/2025\/04\/Aloe-Vera-Cream-with-Propolis.jpg","datePublished":"2022-10-09T11:04:55+00:00","dateModified":"2026-02-02T19:26:49+00:00","description":"Cr\u00e8me Propolis Aloe Vera avec 79% Gel d'Aloe Vera et de cire d'abeille convient particuli\u00e8rement au soin des peaux s\u00e8ches et ab\u00eem\u00e9es. Offre humidit\u00e9 intense","breadcrumb":{"@id":"https:\/\/www.lraloeverashop.eu\/fr\/produit\/lr-aloe-vera-creme-protectrice-a-la-propolis\/#breadcrumb"},"inLanguage":"fr-FR","potentialAction":[{"@type":"ReadAction","target":["https:\/\/www.lraloeverashop.eu\/fr\/produit\/lr-aloe-vera-creme-protectrice-a-la-propolis\/"]}]},{"@type":"ImageObject","inLanguage":"fr-FR","@id":"https:\/\/www.lraloeverashop.eu\/fr\/produit\/lr-aloe-vera-creme-protectrice-a-la-propolis\/#primaryimage","url":"https:\/\/www.lraloeverashop.eu\/wp-content\/uploads\/2025\/04\/Aloe-Vera-Cream-with-Propolis.jpg","contentUrl":"https:\/\/www.lraloeverashop.eu\/wp-content\/uploads\/2025\/04\/Aloe-Vera-Cream-with-Propolis.jpg","width":1200,"height":1200,"caption":"Cr\u00e8me Aloe Vera \u00e0 la Propolis avec du gel d'aloe vera ferment\u00e9 pour plus d'hydratation"},{"@type":"BreadcrumbList","@id":"https:\/\/www.lraloeverashop.eu\/fr\/produit\/lr-aloe-vera-creme-protectrice-a-la-propolis\/#breadcrumb","itemListElement":[{"@type":"ListItem","position":1,"name":"Home","item":"https:\/\/www.lraloeverashop.eu\/fr\/"},{"@type":"ListItem","position":2,"name":"Boutique","item":"https:\/\/www.lraloeverashop.eu\/fr\/boutique\/"},{"@type":"ListItem","position":3,"name":"Cr\u00e8me Propolis Aloe Vera"}]},{"@type":"WebSite","@id":"https:\/\/www.lraloeverashop.eu\/fr\/#website","url":"https:\/\/www.lraloeverashop.eu\/fr\/","name":"Boutique Lr Aloe Vera","description":"High Quality Lr Aloe Vera Gel, Aloe Vera Cream and Shampoo","publisher":{"@id":"https:\/\/www.lraloeverashop.eu\/fr\/#organization"},"potentialAction":[{"@type":"SearchAction","target":{"@type":"EntryPoint","urlTemplate":"https:\/\/www.lraloeverashop.eu\/fr\/?s={search_term_string}"},"query-input":{"@type":"PropertyValueSpecification","valueRequired":true,"valueName":"search_term_string"}}],"inLanguage":"fr-FR"},{"@type":"Organization","@id":"https:\/\/www.lraloeverashop.eu\/fr\/#organization","name":"Boutique Lr Aloe Vera","alternateName":"LR","url":"https:\/\/www.lraloeverashop.eu\/fr\/","logo":{"@type":"ImageObject","inLanguage":"fr-FR","@id":"https:\/\/www.lraloeverashop.eu\/fr\/#\/schema\/logo\/image\/","url":"https:\/\/www.lraloeverashop.eu\/wp-content\/uploads\/2022\/09\/cropped-Lr-Aloe-Vera-Shop.jpg","contentUrl":"https:\/\/www.lraloeverashop.eu\/wp-content\/uploads\/2022\/09\/cropped-Lr-Aloe-Vera-Shop.jpg","width":228,"height":76,"caption":"Boutique Lr Aloe Vera"},"image":{"@id":"https:\/\/www.lraloeverashop.eu\/fr\/#\/schema\/logo\/image\/"},"sameAs":["https:\/\/www.facebook.com\/lraloeverashop.eu","https:\/\/x.com\/natur__kosmetik","https:\/\/www.youtube.com\/channel\/UC5oN7BJ8nfYb8RpVtjwDEBA","https:\/\/www.instagram.com\/lrbeautyeu\/"],"description":"La boutique LR Aloe Vera est votre destination de confiance pour les produits de sant\u00e9 et de beaut\u00e9 haut de gamme LR, fabriqu\u00e9s en Allemagne. Nous proposons des soins de la peau, des compl\u00e9ments nutritionnels et des solutions anti-\u00e2ge \u00e0 l'aloe vera de haute qualit\u00e9, \u00e9labor\u00e9s \u00e0 partir d'ingr\u00e9dients purs et valid\u00e9s par la recherche scientifique. D\u00e9couvrez des soins naturels qui r\u00e9g\u00e9n\u00e8rent, prot\u00e8gent et revitalisent votre peau, et profitez d'offres mensuelles exclusives sur nos produits LR Aloe Vera les plus vendus.\n\nCommencez d\u00e8s aujourd'hui votre parcours vers des soins naturels et constatez la diff\u00e9rence.","email":"info@lraloeverashop.eu","telephone":"+49 17670609653","legalName":"Lr Aloe Vera Shop","foundingDate":"2018-04-21","numberOfEmployees":{"@type":"QuantitativeValue","minValue":"1","maxValue":"10"}}]},"product_price_amount":"27.99","product_price_currency":"EUR","og_availability":"instock","product_availability":"instock","product_retailer_item_id":"20602-201FR","product_condition":"new"},"taxonomy_info":{"product_cat":[{"value":212,"label":"Aloe Vera"},{"value":260,"label":"Soins Sp\u00e9ciaux"}],"product_tag":[{"value":1202,"label":"Gel d&#039;Aloe Ferment\u00e9"},{"value":586,"label":"Mains s\u00e8ches"},{"value":587,"label":"Peau s\u00e8che"}]},"featured_image_src_large":["https:\/\/www.lraloeverashop.eu\/wp-content\/uploads\/2025\/04\/Aloe-Vera-Cream-with-Propolis-1024x1024.jpg",1024,1024,true],"author_info":[],"comment_info":0,"_links":{"self":[{"href":"https:\/\/www.lraloeverashop.eu\/fr\/wp-json\/wp\/v2\/product\/10865","targetHints":{"allow":["GET"]}}],"collection":[{"href":"https:\/\/www.lraloeverashop.eu\/fr\/wp-json\/wp\/v2\/product"}],"about":[{"href":"https:\/\/www.lraloeverashop.eu\/fr\/wp-json\/wp\/v2\/types\/product"}],"replies":[{"embeddable":true,"href":"https:\/\/www.lraloeverashop.eu\/fr\/wp-json\/wp\/v2\/comments?post=10865"}],"wp:featuredmedia":[{"embeddable":true,"href":"https:\/\/www.lraloeverashop.eu\/fr\/wp-json\/wp\/v2\/media\/27226"}],"wp:attachment":[{"href":"https:\/\/www.lraloeverashop.eu\/fr\/wp-json\/wp\/v2\/media?parent=10865"}],"wp:term":[{"taxonomy":"product_brand","embeddable":true,"href":"https:\/\/www.lraloeverashop.eu\/fr\/wp-json\/wp\/v2\/product_brand?post=10865"},{"taxonomy":"product_cat","embeddable":true,"href":"https:\/\/www.lraloeverashop.eu\/fr\/wp-json\/wp\/v2\/product_cat?post=10865"},{"taxonomy":"product_tag","embeddable":true,"href":"https:\/\/www.lraloeverashop.eu\/fr\/wp-json\/wp\/v2\/product_tag?post=10865"}],"curies":[{"name":"wp","href":"https:\/\/api.w.org\/{rel}","templated":true}]}}