{"id":10853,"date":"2022-10-09T13:28:06","date_gmt":"2022-10-09T11:28:06","guid":{"rendered":"https:\/\/www.lraloeverashop.eu\/product\/aloe-vera-dermaintense-creme\/"},"modified":"2026-02-02T20:26:36","modified_gmt":"2026-02-02T19:26:36","slug":"aloe-vera-dermaintense-creme","status":"publish","type":"product","link":"https:\/\/www.lraloeverashop.eu\/fr\/produit\/aloe-vera-dermaintense-creme\/","title":{"rendered":"Aloe Vera DermaIntense Cr\u00e8me"},"content":{"rendered":"<h2><span style=\"font-size: 16pt;\"><strong>Aloe Vera DermaIntense cr\u00e8me<\/strong><\/span><\/h2>\n<p><span style=\"font-size: 14pt;\"><strong>Aloe Vera DermaIntense cr\u00e8me <\/strong><strong>\u2013 soins innovants pour les parties les plus exigeantes de la peau<\/strong><\/span><\/p>\n<p>Aloe Vera DermaIntense cr\u00e8me est la solution innovante pour les peaux fragiles. Elle est sp\u00e9cialement con\u00e7ue pour les zones sensibles de la peau, telles que le visage, le d\u00e9collet\u00e9, les coudes ou le creux des genoux. Le complexe actif \u00e0 base d&rsquo;aloe vera, d&rsquo;huile d&rsquo;onagre, d&rsquo;extrait de mahonia et de <a href=\"https:\/\/fr.wikipedia.org\/wiki\/Vitamine_B12\">vitamine B12<\/a> a \u00e9t\u00e9 mis au point pour hydrater les zones tr\u00e8s s\u00e8ches de la peau.<\/p>\n<p>L&rsquo;aloe vera favorise les m\u00e9canismes de protection naturels de la peau et aide \u00e0 r\u00e9guler son hydratation. Les substances actives complexes d&rsquo;aloe vera rendent la peau plus soyeuse et la revitalisent visiblement. L&rsquo;huile d&rsquo;onagre am\u00e9liore l&rsquo;aspect des peaux s\u00e8ches et irrit\u00e9es.<\/p>\n<p>L&rsquo;extrait de mahonia peut \u00eatre utilis\u00e9 par ex. pour les irritations cutan\u00e9es et il a une action calmante. La vitamine B12 aide les <a href=\"https:\/\/www.lraloeverashop.eu\/fr\/produit\/aloe-vera-creme-peau-douce\/\">peaux s\u00e8ches<\/a> et irrit\u00e9es \u00e0 se r\u00e9g\u00e9n\u00e9rer.<\/p>\n<p>Le soin sp\u00e9cial <a href=\"https:\/\/www.lraloeverashop.eu\/fr\/gel-daloe-vera-pour-le-visage-les-cheveux-et-le-corps\/\">Lr Aloe Vera<\/a> est particuli\u00e8rement bienfaisant et r\u00e9g\u00e9n\u00e9rant pour la peau endommag\u00e9e ainsi que les <a href=\"https:\/\/www.lraloeverashop.eu\/fr\/produit\/aloe-vera-gel-concentre-hydratant\/\">irritations cutan\u00e9es<\/a>. Les produits Lr Aloe Vera d\u00e9posent un film protecteur sur la peau endommag\u00e9e, rafraichissent, apaisent et favorisent la r\u00e9g\u00e9n\u00e9ration.<\/p>\n<p>&nbsp;<\/p>\n<h3><strong><span style=\"font-size: 16pt;\">Comment utiliser\u00a0<\/span><\/strong><\/h3>\n<p>Appliquer plusieurs fois par jour en quantit\u00e9 suffisante sur les zones de la peau nettoy\u00e9es puis r\u00e9partir uniform\u00e9ment.<\/p>\n<p>&nbsp;<\/p>\n<h4><strong><span style=\"font-size: 16pt;\">Le saviez-vous?<\/span><\/strong><\/h4>\n<p>L&rsquo;efficacit\u00e9 de l&rsquo;onagre repose sur la tr\u00e8s forte proportion d&rsquo;acide gamma linol\u00e9nique, un acide gras essentiel triple insatur\u00e9. L&rsquo;huile d&rsquo;onagre est fortement recommand\u00e9e pour les personnes \u00e0 la peau tr\u00e8s s\u00e8che et craquel\u00e9e. Le teint redevient nettement meilleur et plus lisse.<\/p>\n<p>&nbsp;<\/p>\n<h5><strong><span style=\"font-size: 16pt;\">Questions fr\u00e9quemment pos\u00e9es<\/span><\/strong><\/h5>\n<p><strong>Dans quels cas l\u2019utilisation de la cr\u00e8me r\u00e9gulatrice Aloe Vera Dermaintense est-elle recommand\u00e9e?<\/strong><br \/>\nLa cr\u00e8me r\u00e9gulatrice Aloe Vera Dermaintense a \u00e9t\u00e9 sp\u00e9cialement con\u00e7ue pour le traitement des zones les plus exigeantes des zones brutes et s\u00e8ches. Il offre un traitement efficace pour les parties les plus sensibles du corps, telles que les coudes et les genoux.<\/p>\n<p><strong>Quelle est la cause de la couleur rose dans la cr\u00e8me r\u00e9gulatrice Aloe Vera Dermaintense?<\/strong><br \/>\nLa cr\u00e8me n\u2019est pas pigment\u00e9e. Sa couleur est caus\u00e9e par la vitamine B12 qu\u2019il contient.<\/p>\n<p><strong>La cr\u00e8me a-t-elle une action anti-\u00e2ge?<\/strong><br \/>\nL\u2019huile d\u2019onagre est un composant important de la cr\u00e8me DermaIntense. Cet ingr\u00e9dient offre des soins intensifs et une apparence jeune de la peau. Il augmente \u00e9galement l\u2019\u00e9lasticit\u00e9 de la peau et l\u2019hydratation naturelle.<\/p>\n","protected":false},"excerpt":{"rendered":"<ul>\n<li>Avec 20% d&rsquo;Aloe Vera<\/li>\n<li>\u00c0 l&rsquo;huile de primev\u00e8re, \u00e0 l&rsquo;extrait d&rsquo;aub\u00e9pine et \u00e0 la vitamine 12<\/li>\n<li>Pour le traitement cibl\u00e9 de la peau stress\u00e9e et extr\u00eamement s\u00e8che<\/li>\n<li>La peau est r\u00e9g\u00e9n\u00e9r\u00e9e et restaur\u00e9e \u00e0 un \u00e9quilibre naturel<\/li>\n<li>Ne contient pas d&rsquo;huile de parfum<\/li>\n<li>Quantit\u00e9: 50 ml<\/li>\n<\/ul>\n<p style=\"text-align: left;\"><span style=\"color: #ff0000;\"><a style=\"color: #ff0000;\" href=\"https:\/\/shop.lrworld.com\/openpao?PHP=0vFlt7jT938BEnBI3a6e9w%3D%3D\"><span style=\"font-size: 14pt;\"><strong>Inscrivez-vous et \u00e9conomisez 35% sur chaque commande<\/strong><\/span><\/a><\/span><\/p>\n","protected":false},"featured_media":4734,"comment_status":"open","ping_status":"closed","template":"","meta":{"_kad_blocks_custom_css":"","_kad_blocks_head_custom_js":"","_kad_blocks_body_custom_js":"","_kad_blocks_footer_custom_js":"","_kadence_starter_templates_imported_post":false,"_kad_post_transparent":"default","_kad_post_title":"","_kad_post_layout":"default","_kad_post_sidebar_id":"","_kad_post_content_style":"default","_kad_post_vertical_padding":"default","_kad_post_feature":"","_kad_post_feature_position":"","_kad_post_header":false,"_kad_post_footer":false,"_kad_post_classname":""},"product_brand":[],"product_cat":[212,260],"product_tag":[586,587],"class_list":{"0":"post-10853","1":"product","2":"type-product","3":"status-publish","4":"has-post-thumbnail","6":"product_cat-aloe-vera-fr","7":"product_cat-soins-speciaux","8":"product_tag-mains-seches","9":"product_tag-peau-seche","11":"first","12":"instock","13":"taxable","14":"shipping-taxable","15":"purchasable","16":"product-type-simple","17":"entry","18":"content-bg","19":"loop-entry"},"yoast_head":"<!-- This site is optimized with the Yoast SEO Premium plugin v27.4 (Yoast SEO v27.4) - https:\/\/yoast.com\/product\/yoast-seo-premium-wordpress\/ -->\n<title>Aloe Vera DermaIntense cr\u00e8me pour parties exigeantes de la peau<\/title>\n<meta name=\"description\" content=\"Aloe Vera DermaIntense Cr\u00e8me est la solution innovante pour les peaux fragiles. Elle est sp\u00e9cialement con\u00e7ue pour les zones sensibles de peau\" \/>\n<meta name=\"robots\" content=\"index, follow, max-snippet:-1, max-image-preview:large, max-video-preview:-1\" \/>\n<link rel=\"canonical\" href=\"https:\/\/www.lraloeverashop.eu\/fr\/produit\/aloe-vera-dermaintense-creme\/\" \/>\n<meta property=\"og:locale\" content=\"fr_FR\" \/>\n<meta property=\"og:type\" content=\"article\" \/>\n<meta property=\"og:title\" content=\"Aloe Vera DermaIntense Cr\u00e8me\" \/>\n<meta property=\"og:description\" content=\"Aloe Vera DermaIntense Cr\u00e8me est la solution innovante pour les peaux fragiles. Elle est sp\u00e9cialement con\u00e7ue pour les zones sensibles de peau\" \/>\n<meta property=\"og:url\" content=\"https:\/\/www.lraloeverashop.eu\/fr\/produit\/aloe-vera-dermaintense-creme\/\" \/>\n<meta property=\"og:site_name\" content=\"Boutique Lr Aloe Vera\" \/>\n<meta property=\"article:publisher\" content=\"https:\/\/www.facebook.com\/lraloeverashop.eu\" \/>\n<meta property=\"article:modified_time\" content=\"2026-02-02T19:26:36+00:00\" \/>\n<meta property=\"og:image\" content=\"https:\/\/www.lraloeverashop.eu\/wp-content\/uploads\/2022\/10\/Lr-Aloe-Vera-Acute-Control-DermaIntense-Cream.jpg\" \/>\n\t<meta property=\"og:image:width\" content=\"1200\" \/>\n\t<meta property=\"og:image:height\" content=\"1200\" \/>\n\t<meta property=\"og:image:type\" content=\"image\/jpeg\" \/>\n<meta name=\"twitter:card\" content=\"summary_large_image\" \/>\n<meta name=\"twitter:site\" content=\"@natur__kosmetik\" \/>\n<script type=\"application\/ld+json\" class=\"yoast-schema-graph\">{\"@context\":\"https:\\\/\\\/schema.org\",\"@graph\":[{\"@type\":[\"WebPage\",\"ItemPage\"],\"@id\":\"https:\\\/\\\/www.lraloeverashop.eu\\\/fr\\\/produit\\\/aloe-vera-dermaintense-creme\\\/\",\"url\":\"https:\\\/\\\/www.lraloeverashop.eu\\\/fr\\\/produit\\\/aloe-vera-dermaintense-creme\\\/\",\"name\":\"Aloe Vera DermaIntense cr\u00e8me pour parties exigeantes de la peau\",\"isPartOf\":{\"@id\":\"https:\\\/\\\/www.lraloeverashop.eu\\\/fr\\\/#website\"},\"primaryImageOfPage\":{\"@id\":\"https:\\\/\\\/www.lraloeverashop.eu\\\/fr\\\/produit\\\/aloe-vera-dermaintense-creme\\\/#primaryimage\"},\"image\":{\"@id\":\"https:\\\/\\\/www.lraloeverashop.eu\\\/fr\\\/produit\\\/aloe-vera-dermaintense-creme\\\/#primaryimage\"},\"thumbnailUrl\":\"https:\\\/\\\/www.lraloeverashop.eu\\\/wp-content\\\/uploads\\\/2022\\\/10\\\/Lr-Aloe-Vera-Acute-Control-DermaIntense-Cream.jpg\",\"datePublished\":\"2022-10-09T11:28:06+00:00\",\"dateModified\":\"2026-02-02T19:26:36+00:00\",\"description\":\"Aloe Vera DermaIntense Cr\u00e8me est la solution innovante pour les peaux fragiles. Elle est sp\u00e9cialement con\u00e7ue pour les zones sensibles de peau\",\"breadcrumb\":{\"@id\":\"https:\\\/\\\/www.lraloeverashop.eu\\\/fr\\\/produit\\\/aloe-vera-dermaintense-creme\\\/#breadcrumb\"},\"inLanguage\":\"fr-FR\",\"potentialAction\":[{\"@type\":\"ReadAction\",\"target\":[\"https:\\\/\\\/www.lraloeverashop.eu\\\/fr\\\/produit\\\/aloe-vera-dermaintense-creme\\\/\"]}]},{\"@type\":\"ImageObject\",\"inLanguage\":\"fr-FR\",\"@id\":\"https:\\\/\\\/www.lraloeverashop.eu\\\/fr\\\/produit\\\/aloe-vera-dermaintense-creme\\\/#primaryimage\",\"url\":\"https:\\\/\\\/www.lraloeverashop.eu\\\/wp-content\\\/uploads\\\/2022\\\/10\\\/Lr-Aloe-Vera-Acute-Control-DermaIntense-Cream.jpg\",\"contentUrl\":\"https:\\\/\\\/www.lraloeverashop.eu\\\/wp-content\\\/uploads\\\/2022\\\/10\\\/Lr-Aloe-Vera-Acute-Control-DermaIntense-Cream.jpg\",\"width\":1200,\"height\":1200,\"caption\":\"Aloe Vera DermaIntense Cr\u00e8me pour le traitement cibl\u00e9 de la peau stress\u00e9e et extr\u00eamement s\u00e8che\"},{\"@type\":\"BreadcrumbList\",\"@id\":\"https:\\\/\\\/www.lraloeverashop.eu\\\/fr\\\/produit\\\/aloe-vera-dermaintense-creme\\\/#breadcrumb\",\"itemListElement\":[{\"@type\":\"ListItem\",\"position\":1,\"name\":\"Home\",\"item\":\"https:\\\/\\\/www.lraloeverashop.eu\\\/fr\\\/\"},{\"@type\":\"ListItem\",\"position\":2,\"name\":\"Boutique\",\"item\":\"https:\\\/\\\/www.lraloeverashop.eu\\\/fr\\\/boutique\\\/\"},{\"@type\":\"ListItem\",\"position\":3,\"name\":\"Aloe Vera DermaIntense Cr\u00e8me\"}]},{\"@type\":\"WebSite\",\"@id\":\"https:\\\/\\\/www.lraloeverashop.eu\\\/fr\\\/#website\",\"url\":\"https:\\\/\\\/www.lraloeverashop.eu\\\/fr\\\/\",\"name\":\"Boutique Lr Aloe Vera\",\"description\":\"High Quality Lr Aloe Vera Gel, Aloe Vera Cream and Shampoo\",\"publisher\":{\"@id\":\"https:\\\/\\\/www.lraloeverashop.eu\\\/fr\\\/#organization\"},\"potentialAction\":[{\"@type\":\"SearchAction\",\"target\":{\"@type\":\"EntryPoint\",\"urlTemplate\":\"https:\\\/\\\/www.lraloeverashop.eu\\\/fr\\\/?s={search_term_string}\"},\"query-input\":{\"@type\":\"PropertyValueSpecification\",\"valueRequired\":true,\"valueName\":\"search_term_string\"}}],\"inLanguage\":\"fr-FR\"},{\"@type\":\"Organization\",\"@id\":\"https:\\\/\\\/www.lraloeverashop.eu\\\/fr\\\/#organization\",\"name\":\"Boutique Lr Aloe Vera\",\"alternateName\":\"LR\",\"url\":\"https:\\\/\\\/www.lraloeverashop.eu\\\/fr\\\/\",\"logo\":{\"@type\":\"ImageObject\",\"inLanguage\":\"fr-FR\",\"@id\":\"https:\\\/\\\/www.lraloeverashop.eu\\\/fr\\\/#\\\/schema\\\/logo\\\/image\\\/\",\"url\":\"https:\\\/\\\/www.lraloeverashop.eu\\\/wp-content\\\/uploads\\\/2022\\\/09\\\/cropped-Lr-Aloe-Vera-Shop.jpg\",\"contentUrl\":\"https:\\\/\\\/www.lraloeverashop.eu\\\/wp-content\\\/uploads\\\/2022\\\/09\\\/cropped-Lr-Aloe-Vera-Shop.jpg\",\"width\":228,\"height\":76,\"caption\":\"Boutique Lr Aloe Vera\"},\"image\":{\"@id\":\"https:\\\/\\\/www.lraloeverashop.eu\\\/fr\\\/#\\\/schema\\\/logo\\\/image\\\/\"},\"sameAs\":[\"https:\\\/\\\/www.facebook.com\\\/lraloeverashop.eu\",\"https:\\\/\\\/x.com\\\/natur__kosmetik\",\"https:\\\/\\\/www.youtube.com\\\/channel\\\/UC5oN7BJ8nfYb8RpVtjwDEBA\",\"https:\\\/\\\/www.instagram.com\\\/lrbeautyeu\\\/\"],\"description\":\"La boutique LR Aloe Vera est votre destination de confiance pour les produits de sant\u00e9 et de beaut\u00e9 haut de gamme LR, fabriqu\u00e9s en Allemagne. Nous proposons des soins de la peau, des compl\u00e9ments nutritionnels et des solutions anti-\u00e2ge \u00e0 l'aloe vera de haute qualit\u00e9, \u00e9labor\u00e9s \u00e0 partir d'ingr\u00e9dients purs et valid\u00e9s par la recherche scientifique. D\u00e9couvrez des soins naturels qui r\u00e9g\u00e9n\u00e8rent, prot\u00e8gent et revitalisent votre peau, et profitez d'offres mensuelles exclusives sur nos produits LR Aloe Vera les plus vendus.\\n\\nCommencez d\u00e8s aujourd'hui votre parcours vers des soins naturels et constatez la diff\u00e9rence.\",\"email\":\"info@lraloeverashop.eu\",\"telephone\":\"+49 17670609653\",\"legalName\":\"Lr Aloe Vera Shop\",\"foundingDate\":\"2018-04-21\",\"numberOfEmployees\":{\"@type\":\"QuantitativeValue\",\"minValue\":\"1\",\"maxValue\":\"10\"}}]}<\/script>\n<meta property=\"product:price:amount\" content=\"38.79\" \/>\n<meta property=\"product:price:currency\" content=\"EUR\" \/>\n<meta property=\"og:availability\" content=\"instock\" \/>\n<meta property=\"product:availability\" content=\"instock\" \/>\n<meta property=\"product:retailer_item_id\" content=\"20606-101FR\" \/>\n<meta property=\"product:condition\" content=\"new\" \/>\n<!-- \/ Yoast SEO Premium plugin. -->","yoast_head_json":{"title":"Aloe Vera DermaIntense cr\u00e8me pour parties exigeantes de la peau","description":"Aloe Vera DermaIntense Cr\u00e8me est la solution innovante pour les peaux fragiles. Elle est sp\u00e9cialement con\u00e7ue pour les zones sensibles de peau","robots":{"index":"index","follow":"follow","max-snippet":"max-snippet:-1","max-image-preview":"max-image-preview:large","max-video-preview":"max-video-preview:-1"},"canonical":"https:\/\/www.lraloeverashop.eu\/fr\/produit\/aloe-vera-dermaintense-creme\/","og_locale":"fr_FR","og_type":"article","og_title":"Aloe Vera DermaIntense Cr\u00e8me","og_description":"Aloe Vera DermaIntense Cr\u00e8me est la solution innovante pour les peaux fragiles. Elle est sp\u00e9cialement con\u00e7ue pour les zones sensibles de peau","og_url":"https:\/\/www.lraloeverashop.eu\/fr\/produit\/aloe-vera-dermaintense-creme\/","og_site_name":"Boutique Lr Aloe Vera","article_publisher":"https:\/\/www.facebook.com\/lraloeverashop.eu","article_modified_time":"2026-02-02T19:26:36+00:00","og_image":[{"width":1200,"height":1200,"url":"https:\/\/www.lraloeverashop.eu\/wp-content\/uploads\/2022\/10\/Lr-Aloe-Vera-Acute-Control-DermaIntense-Cream.jpg","type":"image\/jpeg"}],"twitter_card":"summary_large_image","twitter_site":"@natur__kosmetik","schema":{"@context":"https:\/\/schema.org","@graph":[{"@type":["WebPage","ItemPage"],"@id":"https:\/\/www.lraloeverashop.eu\/fr\/produit\/aloe-vera-dermaintense-creme\/","url":"https:\/\/www.lraloeverashop.eu\/fr\/produit\/aloe-vera-dermaintense-creme\/","name":"Aloe Vera DermaIntense cr\u00e8me pour parties exigeantes de la peau","isPartOf":{"@id":"https:\/\/www.lraloeverashop.eu\/fr\/#website"},"primaryImageOfPage":{"@id":"https:\/\/www.lraloeverashop.eu\/fr\/produit\/aloe-vera-dermaintense-creme\/#primaryimage"},"image":{"@id":"https:\/\/www.lraloeverashop.eu\/fr\/produit\/aloe-vera-dermaintense-creme\/#primaryimage"},"thumbnailUrl":"https:\/\/www.lraloeverashop.eu\/wp-content\/uploads\/2022\/10\/Lr-Aloe-Vera-Acute-Control-DermaIntense-Cream.jpg","datePublished":"2022-10-09T11:28:06+00:00","dateModified":"2026-02-02T19:26:36+00:00","description":"Aloe Vera DermaIntense Cr\u00e8me est la solution innovante pour les peaux fragiles. Elle est sp\u00e9cialement con\u00e7ue pour les zones sensibles de peau","breadcrumb":{"@id":"https:\/\/www.lraloeverashop.eu\/fr\/produit\/aloe-vera-dermaintense-creme\/#breadcrumb"},"inLanguage":"fr-FR","potentialAction":[{"@type":"ReadAction","target":["https:\/\/www.lraloeverashop.eu\/fr\/produit\/aloe-vera-dermaintense-creme\/"]}]},{"@type":"ImageObject","inLanguage":"fr-FR","@id":"https:\/\/www.lraloeverashop.eu\/fr\/produit\/aloe-vera-dermaintense-creme\/#primaryimage","url":"https:\/\/www.lraloeverashop.eu\/wp-content\/uploads\/2022\/10\/Lr-Aloe-Vera-Acute-Control-DermaIntense-Cream.jpg","contentUrl":"https:\/\/www.lraloeverashop.eu\/wp-content\/uploads\/2022\/10\/Lr-Aloe-Vera-Acute-Control-DermaIntense-Cream.jpg","width":1200,"height":1200,"caption":"Aloe Vera DermaIntense Cr\u00e8me pour le traitement cibl\u00e9 de la peau stress\u00e9e et extr\u00eamement s\u00e8che"},{"@type":"BreadcrumbList","@id":"https:\/\/www.lraloeverashop.eu\/fr\/produit\/aloe-vera-dermaintense-creme\/#breadcrumb","itemListElement":[{"@type":"ListItem","position":1,"name":"Home","item":"https:\/\/www.lraloeverashop.eu\/fr\/"},{"@type":"ListItem","position":2,"name":"Boutique","item":"https:\/\/www.lraloeverashop.eu\/fr\/boutique\/"},{"@type":"ListItem","position":3,"name":"Aloe Vera DermaIntense Cr\u00e8me"}]},{"@type":"WebSite","@id":"https:\/\/www.lraloeverashop.eu\/fr\/#website","url":"https:\/\/www.lraloeverashop.eu\/fr\/","name":"Boutique Lr Aloe Vera","description":"High Quality Lr Aloe Vera Gel, Aloe Vera Cream and Shampoo","publisher":{"@id":"https:\/\/www.lraloeverashop.eu\/fr\/#organization"},"potentialAction":[{"@type":"SearchAction","target":{"@type":"EntryPoint","urlTemplate":"https:\/\/www.lraloeverashop.eu\/fr\/?s={search_term_string}"},"query-input":{"@type":"PropertyValueSpecification","valueRequired":true,"valueName":"search_term_string"}}],"inLanguage":"fr-FR"},{"@type":"Organization","@id":"https:\/\/www.lraloeverashop.eu\/fr\/#organization","name":"Boutique Lr Aloe Vera","alternateName":"LR","url":"https:\/\/www.lraloeverashop.eu\/fr\/","logo":{"@type":"ImageObject","inLanguage":"fr-FR","@id":"https:\/\/www.lraloeverashop.eu\/fr\/#\/schema\/logo\/image\/","url":"https:\/\/www.lraloeverashop.eu\/wp-content\/uploads\/2022\/09\/cropped-Lr-Aloe-Vera-Shop.jpg","contentUrl":"https:\/\/www.lraloeverashop.eu\/wp-content\/uploads\/2022\/09\/cropped-Lr-Aloe-Vera-Shop.jpg","width":228,"height":76,"caption":"Boutique Lr Aloe Vera"},"image":{"@id":"https:\/\/www.lraloeverashop.eu\/fr\/#\/schema\/logo\/image\/"},"sameAs":["https:\/\/www.facebook.com\/lraloeverashop.eu","https:\/\/x.com\/natur__kosmetik","https:\/\/www.youtube.com\/channel\/UC5oN7BJ8nfYb8RpVtjwDEBA","https:\/\/www.instagram.com\/lrbeautyeu\/"],"description":"La boutique LR Aloe Vera est votre destination de confiance pour les produits de sant\u00e9 et de beaut\u00e9 haut de gamme LR, fabriqu\u00e9s en Allemagne. Nous proposons des soins de la peau, des compl\u00e9ments nutritionnels et des solutions anti-\u00e2ge \u00e0 l'aloe vera de haute qualit\u00e9, \u00e9labor\u00e9s \u00e0 partir d'ingr\u00e9dients purs et valid\u00e9s par la recherche scientifique. D\u00e9couvrez des soins naturels qui r\u00e9g\u00e9n\u00e8rent, prot\u00e8gent et revitalisent votre peau, et profitez d'offres mensuelles exclusives sur nos produits LR Aloe Vera les plus vendus.\n\nCommencez d\u00e8s aujourd'hui votre parcours vers des soins naturels et constatez la diff\u00e9rence.","email":"info@lraloeverashop.eu","telephone":"+49 17670609653","legalName":"Lr Aloe Vera Shop","foundingDate":"2018-04-21","numberOfEmployees":{"@type":"QuantitativeValue","minValue":"1","maxValue":"10"}}]},"product_price_amount":"38.79","product_price_currency":"EUR","og_availability":"instock","product_availability":"instock","product_retailer_item_id":"20606-101FR","product_condition":"new"},"taxonomy_info":{"product_cat":[{"value":212,"label":"Aloe Vera"},{"value":260,"label":"Soins Sp\u00e9ciaux"}],"product_tag":[{"value":586,"label":"Mains s\u00e8ches"},{"value":587,"label":"Peau s\u00e8che"}]},"featured_image_src_large":["https:\/\/www.lraloeverashop.eu\/wp-content\/uploads\/2022\/10\/Lr-Aloe-Vera-Acute-Control-DermaIntense-Cream-1024x1024.jpg",1024,1024,true],"author_info":[],"comment_info":0,"_links":{"self":[{"href":"https:\/\/www.lraloeverashop.eu\/fr\/wp-json\/wp\/v2\/product\/10853","targetHints":{"allow":["GET"]}}],"collection":[{"href":"https:\/\/www.lraloeverashop.eu\/fr\/wp-json\/wp\/v2\/product"}],"about":[{"href":"https:\/\/www.lraloeverashop.eu\/fr\/wp-json\/wp\/v2\/types\/product"}],"replies":[{"embeddable":true,"href":"https:\/\/www.lraloeverashop.eu\/fr\/wp-json\/wp\/v2\/comments?post=10853"}],"wp:featuredmedia":[{"embeddable":true,"href":"https:\/\/www.lraloeverashop.eu\/fr\/wp-json\/wp\/v2\/media\/4734"}],"wp:attachment":[{"href":"https:\/\/www.lraloeverashop.eu\/fr\/wp-json\/wp\/v2\/media?parent=10853"}],"wp:term":[{"taxonomy":"product_brand","embeddable":true,"href":"https:\/\/www.lraloeverashop.eu\/fr\/wp-json\/wp\/v2\/product_brand?post=10853"},{"taxonomy":"product_cat","embeddable":true,"href":"https:\/\/www.lraloeverashop.eu\/fr\/wp-json\/wp\/v2\/product_cat?post=10853"},{"taxonomy":"product_tag","embeddable":true,"href":"https:\/\/www.lraloeverashop.eu\/fr\/wp-json\/wp\/v2\/product_tag?post=10853"}],"curies":[{"name":"wp","href":"https:\/\/api.w.org\/{rel}","templated":true}]}}