{"id":10841,"date":"2022-10-09T14:54:30","date_gmt":"2022-10-09T12:54:30","guid":{"rendered":"https:\/\/www.lraloeverashop.eu\/product\/aloe-vera-thermo-lotion-set-2-pieces\/"},"modified":"2026-02-02T20:25:22","modified_gmt":"2026-02-02T19:25:22","slug":"aloe-vera-thermo-lotion-set-2-pieces","status":"publish","type":"product","link":"https:\/\/www.lraloeverashop.eu\/fr\/produit\/aloe-vera-thermo-lotion-set-2-pieces\/","title":{"rendered":"Aloe Vera Thermo Lotion Set 2 Pi\u00e8ces"},"content":{"rendered":"<h2><span style=\"font-size: 16pt;\"><strong>Aloe Vera Thermo Lotion Set 2 Pi\u00e8ces<\/strong><\/span><\/h2>\n<p><span style=\"font-size: 14pt;\"><strong>Aloe Vera Thermo Lotion Set 2 Pi\u00e8ces &#8211; Meilleure lotion pour massage relaxant<\/strong><\/span><\/p>\n<p>Dot\u00e9e de 45 % d&#8217;Aloe Vera et d&#8217;un effet thermique, cette lotion peut \u00eatre utilis\u00e9e comme huile de massage. Les huiles essentielles apportent une agr\u00e9able sensation de fra\u00eecheur \u00e0 la peau avant de la r\u00e9chauffer dans un second temps pour un effet apaisant imm\u00e9diat.<\/p>\n<p>L&#8217;eucalyptus stimule la circulation sanguine au niveau de la zone de massage tout en rafra\u00eechissant la peau. La forte teneur en Aloe Vera et le m\u00e9lange riche en huiles essentielles font de cette lotion un v\u00e9ritable <a href=\"https:\/\/www.lraloeverashop.eu\/fr\/produit\/aloe-vera-gel-concentre-hydratant\/\">bienfait pour la peau<\/a>.<\/p>\n<p>&nbsp;<\/p>\n<h3><strong><span style=\"font-size: 16pt;\">Comment utiliser<\/span><\/strong><\/h3>\n<p>Appliquer sur une large surface la <a href=\"https:\/\/www.lraloeverashop.eu\/fr\/produit\/aloe-vera-thermo-lotion\/\">thermo-lotion \u00e0 l\u2019Aloe Vera<\/a> et masser pour faire p\u00e9n\u00e9trer dans la peau. \u00c9viter tout contact avec les yeux\u00a0! Se laver les mains apr\u00e8s l\u2019application\u00a0!<\/p>\n<p>&nbsp;<\/p>\n<h4><span style=\"font-size: 16pt;\">Questions fr\u00e9quemment pos\u00e9es<\/span><\/h4>\n<p><strong>Quand est-il recommand\u00e9 d\u2019utiliser la thermo-lotion \u00e0 l\u2019Aloe Vera?<\/strong><br \/>\nLa lotion \u00e0 l\u2019Aloe Vera \u00e0 effet chauffant apaise et fait du bien, tout particuli\u00e8rement au quotidien\u00a0: avoir avoir \u00e9t\u00e9 assis ou debout pendant longtemps, la lotion associ\u00e9e \u00e0 un <a href=\"https:\/\/www.lraloeverashop.eu\/fr\/produit\/aloe-vera-gel-msm-pour-le-corps\/\">massage<\/a> constitue un moment de d\u00e9tente pour les jambes et les articulations sollicit\u00e9es. Apr\u00e8s application, il est recommand\u00e9 de sur\u00e9lever quelques instants les jambes et de les d\u00e9contracter.<\/p>\n<p><strong>La thermo-lotion \u00e0 l\u2019Aloe Vera convient-elle \u00e9galement pour le massage sportif?<\/strong><br \/>\nLa thermo-lotion \u00e0 l\u2019Aloe Vera allie les substances actives hydratantes de l\u2019Aloe Vera avec des huiles naturelles favorisant la circulation sanguine telles que l\u2019eucalyptus et la pyrola. Elle convient donc parfaitement comme lotion de massage hydratante et d\u00e9contractante.<\/p>\n<p><strong>Peut-on \u00e9galement utiliser la thermo-lotion \u00e0 l\u2019Aloe Vera pour les pieds?<\/strong><br \/>\nLes pieds froids n\u2019arrivent pas qu\u2019en hiver \u2013 les femmes notamment doivent r\u00e9guli\u00e8rement lutter contre ce probl\u00e8me. Si l\u2019on souffre constamment de pieds froids et que cela nous emp\u00eache de nous endormir le soir, il est n\u00e9cessaire de cr\u00e9mer r\u00e9guli\u00e8rement ses pieds avec la thermo-lotion \u00e0 l\u2019Aloe Vera.<\/p>\n","protected":false},"excerpt":{"rendered":"<ul>\n<li>Lotion de soin pour la peau qui soulage les tensions musculaires<\/li>\n<li>45% de gel d&#8217;aloe vera et d&#8217;huiles essentielles naturelles<\/li>\n<li>Hydrate et nourrit<\/li>\n<li>Favorise la circulation musculaire<\/li>\n<li>Les muscles sont rel\u00e2ch\u00e9s et la peau est souple<\/li>\n<li>Quantit\u00e9: 2 x 100ml<\/li>\n<\/ul>\n<p style=\"text-align: left;\"><span style=\"color: #ff0000;\"><a style=\"color: #ff0000;\" href=\"https:\/\/shop.lrworld.com\/openpao?PHP=0vFlt7jT938BEnBI3a6e9w%3D%3D\"><span style=\"font-size: 14pt;\"><strong>Inscrivez-vous et \u00e9conomisez 35% sur chaque commande<\/strong><\/span><\/a><\/span><\/p>\n","protected":false},"featured_media":4788,"comment_status":"open","ping_status":"closed","template":"","meta":{"_kad_blocks_custom_css":"","_kad_blocks_head_custom_js":"","_kad_blocks_body_custom_js":"","_kad_blocks_footer_custom_js":"","_kadence_starter_templates_imported_post":false,"_kad_post_transparent":"default","_kad_post_title":"","_kad_post_layout":"default","_kad_post_sidebar_id":"","_kad_post_content_style":"default","_kad_post_vertical_padding":"default","_kad_post_feature":"","_kad_post_feature_position":"","_kad_post_header":false,"_kad_post_footer":false,"_kad_post_classname":""},"product_brand":[],"product_cat":[212,260,351],"product_tag":[527,532,528,530],"class_list":{"0":"post-10841","1":"product","2":"type-product","3":"status-publish","4":"has-post-thumbnail","6":"product_cat-aloe-vera-fr","7":"product_cat-soins-speciaux","8":"product_cat-soldes","9":"product_tag-douleur-articulaire","10":"product_tag-jambes-fatiguees","11":"product_tag-massage-fr","12":"product_tag-tension-musculaire","14":"first","15":"outofstock","16":"sale","17":"taxable","18":"shipping-taxable","19":"purchasable","20":"product-type-simple","21":"entry","22":"content-bg","23":"loop-entry"},"yoast_head":"<!-- This site is optimized with the Yoast SEO Premium plugin v27.5 (Yoast SEO v27.5) - https:\/\/yoast.com\/product\/yoast-seo-premium-wordpress\/ -->\n<title>Aloe Vera Thermo Lotion Set 2 Pi\u00e8ces Pour Massage Relaxant<\/title>\n<meta name=\"description\" content=\"Aloe Vera Thermo Lotion Set 2 Pi\u00e8ces combine les propri\u00e9t\u00e9s hydratantes de l&#039;Aloe Vera avec des huiles naturelles. Il convient aux massages relaxants.\" \/>\n<meta name=\"robots\" content=\"index, follow, max-snippet:-1, max-image-preview:large, max-video-preview:-1\" \/>\n<link rel=\"canonical\" href=\"https:\/\/www.lraloeverashop.eu\/fr\/produit\/aloe-vera-thermo-lotion-set-2-pieces\/\" \/>\n<meta property=\"og:locale\" content=\"fr_FR\" \/>\n<meta property=\"og:type\" content=\"article\" \/>\n<meta property=\"og:title\" content=\"Aloe Vera Thermo Lotion Set 2 Pi\u00e8ces\" \/>\n<meta property=\"og:description\" content=\"Aloe Vera Thermo Lotion Set 2 Pi\u00e8ces combine les propri\u00e9t\u00e9s hydratantes de l&#039;Aloe Vera avec des huiles naturelles. Il convient aux massages relaxants.\" \/>\n<meta property=\"og:url\" content=\"https:\/\/www.lraloeverashop.eu\/fr\/produit\/aloe-vera-thermo-lotion-set-2-pieces\/\" \/>\n<meta property=\"og:site_name\" content=\"Boutique Lr Aloe Vera\" \/>\n<meta property=\"article:publisher\" content=\"https:\/\/www.facebook.com\/lraloeverashop.eu\" \/>\n<meta property=\"article:modified_time\" content=\"2026-02-02T19:25:22+00:00\" \/>\n<meta property=\"og:image\" content=\"https:\/\/www.lraloeverashop.eu\/wp-content\/uploads\/2022\/10\/Aloe-Vera-Relieving-Thermo-Lotion-Set-of-2-for-massage.jpg\" \/>\n\t<meta property=\"og:image:width\" content=\"1200\" \/>\n\t<meta property=\"og:image:height\" content=\"1200\" \/>\n\t<meta property=\"og:image:type\" content=\"image\/jpeg\" \/>\n<meta name=\"twitter:card\" content=\"summary_large_image\" \/>\n<meta name=\"twitter:site\" content=\"@natur__kosmetik\" \/>\n<script type=\"application\/ld+json\" class=\"yoast-schema-graph\">{\"@context\":\"https:\\\/\\\/schema.org\",\"@graph\":[{\"@type\":[\"WebPage\",\"ItemPage\"],\"@id\":\"https:\\\/\\\/www.lraloeverashop.eu\\\/fr\\\/produit\\\/aloe-vera-thermo-lotion-set-2-pieces\\\/\",\"url\":\"https:\\\/\\\/www.lraloeverashop.eu\\\/fr\\\/produit\\\/aloe-vera-thermo-lotion-set-2-pieces\\\/\",\"name\":\"Aloe Vera Thermo Lotion Set 2 Pi\u00e8ces Pour Massage Relaxant\",\"isPartOf\":{\"@id\":\"https:\\\/\\\/www.lraloeverashop.eu\\\/fr\\\/#website\"},\"primaryImageOfPage\":{\"@id\":\"https:\\\/\\\/www.lraloeverashop.eu\\\/fr\\\/produit\\\/aloe-vera-thermo-lotion-set-2-pieces\\\/#primaryimage\"},\"image\":{\"@id\":\"https:\\\/\\\/www.lraloeverashop.eu\\\/fr\\\/produit\\\/aloe-vera-thermo-lotion-set-2-pieces\\\/#primaryimage\"},\"thumbnailUrl\":\"https:\\\/\\\/www.lraloeverashop.eu\\\/wp-content\\\/uploads\\\/2022\\\/10\\\/Aloe-Vera-Relieving-Thermo-Lotion-Set-of-2-for-massage.jpg\",\"datePublished\":\"2022-10-09T12:54:30+00:00\",\"dateModified\":\"2026-02-02T19:25:22+00:00\",\"description\":\"Aloe Vera Thermo Lotion Set 2 Pi\u00e8ces combine les propri\u00e9t\u00e9s hydratantes de l'Aloe Vera avec des huiles naturelles. Il convient aux massages relaxants.\",\"breadcrumb\":{\"@id\":\"https:\\\/\\\/www.lraloeverashop.eu\\\/fr\\\/produit\\\/aloe-vera-thermo-lotion-set-2-pieces\\\/#breadcrumb\"},\"inLanguage\":\"fr-FR\",\"potentialAction\":[{\"@type\":\"ReadAction\",\"target\":[\"https:\\\/\\\/www.lraloeverashop.eu\\\/fr\\\/produit\\\/aloe-vera-thermo-lotion-set-2-pieces\\\/\"]}]},{\"@type\":\"ImageObject\",\"inLanguage\":\"fr-FR\",\"@id\":\"https:\\\/\\\/www.lraloeverashop.eu\\\/fr\\\/produit\\\/aloe-vera-thermo-lotion-set-2-pieces\\\/#primaryimage\",\"url\":\"https:\\\/\\\/www.lraloeverashop.eu\\\/wp-content\\\/uploads\\\/2022\\\/10\\\/Aloe-Vera-Relieving-Thermo-Lotion-Set-of-2-for-massage.jpg\",\"contentUrl\":\"https:\\\/\\\/www.lraloeverashop.eu\\\/wp-content\\\/uploads\\\/2022\\\/10\\\/Aloe-Vera-Relieving-Thermo-Lotion-Set-of-2-for-massage.jpg\",\"width\":1200,\"height\":1200,\"caption\":\"Aloe Vera thermo lotion apaisante lot de 2 pour massage\"},{\"@type\":\"BreadcrumbList\",\"@id\":\"https:\\\/\\\/www.lraloeverashop.eu\\\/fr\\\/produit\\\/aloe-vera-thermo-lotion-set-2-pieces\\\/#breadcrumb\",\"itemListElement\":[{\"@type\":\"ListItem\",\"position\":1,\"name\":\"Home\",\"item\":\"https:\\\/\\\/www.lraloeverashop.eu\\\/fr\\\/home\\\/\"},{\"@type\":\"ListItem\",\"position\":2,\"name\":\"Boutique\",\"item\":\"https:\\\/\\\/www.lraloeverashop.eu\\\/fr\\\/boutique\\\/\"},{\"@type\":\"ListItem\",\"position\":3,\"name\":\"Aloe Vera Thermo Lotion Set 2 Pi\u00e8ces\"}]},{\"@type\":\"WebSite\",\"@id\":\"https:\\\/\\\/www.lraloeverashop.eu\\\/fr\\\/#website\",\"url\":\"https:\\\/\\\/www.lraloeverashop.eu\\\/fr\\\/\",\"name\":\"Boutique Lr Aloe Vera\",\"description\":\"High Quality Lr Aloe Vera Gel, Aloe Vera Cream and Shampoo\",\"publisher\":{\"@id\":\"https:\\\/\\\/www.lraloeverashop.eu\\\/fr\\\/#organization\"},\"alternateName\":\"LR\",\"potentialAction\":[{\"@type\":\"SearchAction\",\"target\":{\"@type\":\"EntryPoint\",\"urlTemplate\":\"https:\\\/\\\/www.lraloeverashop.eu\\\/fr\\\/?s={search_term_string}\"},\"query-input\":{\"@type\":\"PropertyValueSpecification\",\"valueRequired\":true,\"valueName\":\"search_term_string\"}}],\"inLanguage\":\"fr-FR\"},{\"@type\":\"Organization\",\"@id\":\"https:\\\/\\\/www.lraloeverashop.eu\\\/fr\\\/#organization\",\"name\":\"Boutique Lr Aloe Vera\",\"alternateName\":\"LR\",\"url\":\"https:\\\/\\\/www.lraloeverashop.eu\\\/fr\\\/\",\"logo\":{\"@type\":\"ImageObject\",\"inLanguage\":\"fr-FR\",\"@id\":\"https:\\\/\\\/www.lraloeverashop.eu\\\/fr\\\/#\\\/schema\\\/logo\\\/image\\\/\",\"url\":\"https:\\\/\\\/www.lraloeverashop.eu\\\/wp-content\\\/uploads\\\/2022\\\/09\\\/cropped-Lr-Aloe-Vera-Shop.jpg\",\"contentUrl\":\"https:\\\/\\\/www.lraloeverashop.eu\\\/wp-content\\\/uploads\\\/2022\\\/09\\\/cropped-Lr-Aloe-Vera-Shop.jpg\",\"width\":228,\"height\":76,\"caption\":\"Boutique Lr Aloe Vera\"},\"image\":{\"@id\":\"https:\\\/\\\/www.lraloeverashop.eu\\\/fr\\\/#\\\/schema\\\/logo\\\/image\\\/\"},\"sameAs\":[\"https:\\\/\\\/www.facebook.com\\\/lraloeverashop.eu\",\"https:\\\/\\\/x.com\\\/natur__kosmetik\",\"https:\\\/\\\/www.youtube.com\\\/channel\\\/UC5oN7BJ8nfYb8RpVtjwDEBA\",\"https:\\\/\\\/www.instagram.com\\\/lrbeautyeu\\\/\"],\"description\":\"La boutique LR Aloe Vera est votre destination de confiance pour les produits de sant\u00e9 et de beaut\u00e9 haut de gamme LR, fabriqu\u00e9s en Allemagne. Nous proposons des soins de la peau, des compl\u00e9ments nutritionnels et des solutions anti-\u00e2ge \u00e0 l'aloe vera de haute qualit\u00e9, \u00e9labor\u00e9s \u00e0 partir d'ingr\u00e9dients purs et valid\u00e9s par la recherche scientifique. D\u00e9couvrez des soins naturels qui r\u00e9g\u00e9n\u00e8rent, prot\u00e8gent et revitalisent votre peau, et profitez d'offres mensuelles exclusives sur nos produits LR Aloe Vera les plus vendus.\\n\\nCommencez d\u00e8s aujourd'hui votre parcours vers des soins naturels et constatez la diff\u00e9rence.\",\"email\":\"info@lraloeverashop.eu\",\"telephone\":\"+49 17670609653\",\"legalName\":\"Lr Aloe Vera Shop\",\"foundingDate\":\"2018-04-21\",\"numberOfEmployees\":{\"@type\":\"QuantitativeValue\",\"minValue\":\"1\",\"maxValue\":\"10\"}}]}<\/script>\n<meta property=\"product:price:amount\" content=\"30.99\" \/>\n<meta property=\"product:price:currency\" content=\"EUR\" \/>\n<meta property=\"og:availability\" content=\"out of stock\" \/>\n<meta property=\"product:availability\" content=\"out of stock\" \/>\n<meta property=\"product:retailer_item_id\" content=\"20728-1FR\" \/>\n<meta property=\"product:condition\" content=\"new\" \/>\n<!-- \/ Yoast SEO Premium plugin. -->","yoast_head_json":{"title":"Aloe Vera Thermo Lotion Set 2 Pi\u00e8ces Pour Massage Relaxant","description":"Aloe Vera Thermo Lotion Set 2 Pi\u00e8ces combine les propri\u00e9t\u00e9s hydratantes de l'Aloe Vera avec des huiles naturelles. Il convient aux massages relaxants.","robots":{"index":"index","follow":"follow","max-snippet":"max-snippet:-1","max-image-preview":"max-image-preview:large","max-video-preview":"max-video-preview:-1"},"canonical":"https:\/\/www.lraloeverashop.eu\/fr\/produit\/aloe-vera-thermo-lotion-set-2-pieces\/","og_locale":"fr_FR","og_type":"article","og_title":"Aloe Vera Thermo Lotion Set 2 Pi\u00e8ces","og_description":"Aloe Vera Thermo Lotion Set 2 Pi\u00e8ces combine les propri\u00e9t\u00e9s hydratantes de l'Aloe Vera avec des huiles naturelles. Il convient aux massages relaxants.","og_url":"https:\/\/www.lraloeverashop.eu\/fr\/produit\/aloe-vera-thermo-lotion-set-2-pieces\/","og_site_name":"Boutique Lr Aloe Vera","article_publisher":"https:\/\/www.facebook.com\/lraloeverashop.eu","article_modified_time":"2026-02-02T19:25:22+00:00","og_image":[{"width":1200,"height":1200,"url":"https:\/\/www.lraloeverashop.eu\/wp-content\/uploads\/2022\/10\/Aloe-Vera-Relieving-Thermo-Lotion-Set-of-2-for-massage.jpg","type":"image\/jpeg"}],"twitter_card":"summary_large_image","twitter_site":"@natur__kosmetik","schema":{"@context":"https:\/\/schema.org","@graph":[{"@type":["WebPage","ItemPage"],"@id":"https:\/\/www.lraloeverashop.eu\/fr\/produit\/aloe-vera-thermo-lotion-set-2-pieces\/","url":"https:\/\/www.lraloeverashop.eu\/fr\/produit\/aloe-vera-thermo-lotion-set-2-pieces\/","name":"Aloe Vera Thermo Lotion Set 2 Pi\u00e8ces Pour Massage Relaxant","isPartOf":{"@id":"https:\/\/www.lraloeverashop.eu\/fr\/#website"},"primaryImageOfPage":{"@id":"https:\/\/www.lraloeverashop.eu\/fr\/produit\/aloe-vera-thermo-lotion-set-2-pieces\/#primaryimage"},"image":{"@id":"https:\/\/www.lraloeverashop.eu\/fr\/produit\/aloe-vera-thermo-lotion-set-2-pieces\/#primaryimage"},"thumbnailUrl":"https:\/\/www.lraloeverashop.eu\/wp-content\/uploads\/2022\/10\/Aloe-Vera-Relieving-Thermo-Lotion-Set-of-2-for-massage.jpg","datePublished":"2022-10-09T12:54:30+00:00","dateModified":"2026-02-02T19:25:22+00:00","description":"Aloe Vera Thermo Lotion Set 2 Pi\u00e8ces combine les propri\u00e9t\u00e9s hydratantes de l'Aloe Vera avec des huiles naturelles. Il convient aux massages relaxants.","breadcrumb":{"@id":"https:\/\/www.lraloeverashop.eu\/fr\/produit\/aloe-vera-thermo-lotion-set-2-pieces\/#breadcrumb"},"inLanguage":"fr-FR","potentialAction":[{"@type":"ReadAction","target":["https:\/\/www.lraloeverashop.eu\/fr\/produit\/aloe-vera-thermo-lotion-set-2-pieces\/"]}]},{"@type":"ImageObject","inLanguage":"fr-FR","@id":"https:\/\/www.lraloeverashop.eu\/fr\/produit\/aloe-vera-thermo-lotion-set-2-pieces\/#primaryimage","url":"https:\/\/www.lraloeverashop.eu\/wp-content\/uploads\/2022\/10\/Aloe-Vera-Relieving-Thermo-Lotion-Set-of-2-for-massage.jpg","contentUrl":"https:\/\/www.lraloeverashop.eu\/wp-content\/uploads\/2022\/10\/Aloe-Vera-Relieving-Thermo-Lotion-Set-of-2-for-massage.jpg","width":1200,"height":1200,"caption":"Aloe Vera thermo lotion apaisante lot de 2 pour massage"},{"@type":"BreadcrumbList","@id":"https:\/\/www.lraloeverashop.eu\/fr\/produit\/aloe-vera-thermo-lotion-set-2-pieces\/#breadcrumb","itemListElement":[{"@type":"ListItem","position":1,"name":"Home","item":"https:\/\/www.lraloeverashop.eu\/fr\/home\/"},{"@type":"ListItem","position":2,"name":"Boutique","item":"https:\/\/www.lraloeverashop.eu\/fr\/boutique\/"},{"@type":"ListItem","position":3,"name":"Aloe Vera Thermo Lotion Set 2 Pi\u00e8ces"}]},{"@type":"WebSite","@id":"https:\/\/www.lraloeverashop.eu\/fr\/#website","url":"https:\/\/www.lraloeverashop.eu\/fr\/","name":"Boutique Lr Aloe Vera","description":"High Quality Lr Aloe Vera Gel, Aloe Vera Cream and Shampoo","publisher":{"@id":"https:\/\/www.lraloeverashop.eu\/fr\/#organization"},"alternateName":"LR","potentialAction":[{"@type":"SearchAction","target":{"@type":"EntryPoint","urlTemplate":"https:\/\/www.lraloeverashop.eu\/fr\/?s={search_term_string}"},"query-input":{"@type":"PropertyValueSpecification","valueRequired":true,"valueName":"search_term_string"}}],"inLanguage":"fr-FR"},{"@type":"Organization","@id":"https:\/\/www.lraloeverashop.eu\/fr\/#organization","name":"Boutique Lr Aloe Vera","alternateName":"LR","url":"https:\/\/www.lraloeverashop.eu\/fr\/","logo":{"@type":"ImageObject","inLanguage":"fr-FR","@id":"https:\/\/www.lraloeverashop.eu\/fr\/#\/schema\/logo\/image\/","url":"https:\/\/www.lraloeverashop.eu\/wp-content\/uploads\/2022\/09\/cropped-Lr-Aloe-Vera-Shop.jpg","contentUrl":"https:\/\/www.lraloeverashop.eu\/wp-content\/uploads\/2022\/09\/cropped-Lr-Aloe-Vera-Shop.jpg","width":228,"height":76,"caption":"Boutique Lr Aloe Vera"},"image":{"@id":"https:\/\/www.lraloeverashop.eu\/fr\/#\/schema\/logo\/image\/"},"sameAs":["https:\/\/www.facebook.com\/lraloeverashop.eu","https:\/\/x.com\/natur__kosmetik","https:\/\/www.youtube.com\/channel\/UC5oN7BJ8nfYb8RpVtjwDEBA","https:\/\/www.instagram.com\/lrbeautyeu\/"],"description":"La boutique LR Aloe Vera est votre destination de confiance pour les produits de sant\u00e9 et de beaut\u00e9 haut de gamme LR, fabriqu\u00e9s en Allemagne. Nous proposons des soins de la peau, des compl\u00e9ments nutritionnels et des solutions anti-\u00e2ge \u00e0 l'aloe vera de haute qualit\u00e9, \u00e9labor\u00e9s \u00e0 partir d'ingr\u00e9dients purs et valid\u00e9s par la recherche scientifique. D\u00e9couvrez des soins naturels qui r\u00e9g\u00e9n\u00e8rent, prot\u00e8gent et revitalisent votre peau, et profitez d'offres mensuelles exclusives sur nos produits LR Aloe Vera les plus vendus.\n\nCommencez d\u00e8s aujourd'hui votre parcours vers des soins naturels et constatez la diff\u00e9rence.","email":"info@lraloeverashop.eu","telephone":"+49 17670609653","legalName":"Lr Aloe Vera Shop","foundingDate":"2018-04-21","numberOfEmployees":{"@type":"QuantitativeValue","minValue":"1","maxValue":"10"}}]},"product_price_amount":"30.99","product_price_currency":"EUR","og_availability":"out of stock","product_availability":"out of stock","product_retailer_item_id":"20728-1FR","product_condition":"new"},"taxonomy_info":{"product_cat":[{"value":212,"label":"Aloe Vera"},{"value":260,"label":"Soins Sp\u00e9ciaux"},{"value":351,"label":"Soldes"}],"product_tag":[{"value":527,"label":"Douleur articulaire"},{"value":532,"label":"Jambes fatigu\u00e9es"},{"value":528,"label":"Massage"},{"value":530,"label":"Tension musculaire"}]},"featured_image_src_large":["https:\/\/www.lraloeverashop.eu\/wp-content\/uploads\/2022\/10\/Aloe-Vera-Relieving-Thermo-Lotion-Set-of-2-for-massage-1024x1024.jpg",1024,1024,true],"author_info":[],"comment_info":0,"_links":{"self":[{"href":"https:\/\/www.lraloeverashop.eu\/fr\/wp-json\/wp\/v2\/product\/10841","targetHints":{"allow":["GET"]}}],"collection":[{"href":"https:\/\/www.lraloeverashop.eu\/fr\/wp-json\/wp\/v2\/product"}],"about":[{"href":"https:\/\/www.lraloeverashop.eu\/fr\/wp-json\/wp\/v2\/types\/product"}],"replies":[{"embeddable":true,"href":"https:\/\/www.lraloeverashop.eu\/fr\/wp-json\/wp\/v2\/comments?post=10841"}],"wp:featuredmedia":[{"embeddable":true,"href":"https:\/\/www.lraloeverashop.eu\/fr\/wp-json\/wp\/v2\/media\/4788"}],"wp:attachment":[{"href":"https:\/\/www.lraloeverashop.eu\/fr\/wp-json\/wp\/v2\/media?parent=10841"}],"wp:term":[{"taxonomy":"product_brand","embeddable":true,"href":"https:\/\/www.lraloeverashop.eu\/fr\/wp-json\/wp\/v2\/product_brand?post=10841"},{"taxonomy":"product_cat","embeddable":true,"href":"https:\/\/www.lraloeverashop.eu\/fr\/wp-json\/wp\/v2\/product_cat?post=10841"},{"taxonomy":"product_tag","embeddable":true,"href":"https:\/\/www.lraloeverashop.eu\/fr\/wp-json\/wp\/v2\/product_tag?post=10841"}],"curies":[{"name":"wp","href":"https:\/\/api.w.org\/{rel}","templated":true}]}}