{"id":10829,"date":"2022-10-09T15:33:02","date_gmt":"2022-10-09T13:33:02","guid":{"rendered":"https:\/\/www.lraloeverashop.eu\/product\/aloe-vera-baume-a-levres-hydratant\/"},"modified":"2026-02-02T20:25:07","modified_gmt":"2026-02-02T19:25:07","slug":"aloe-vera-baume-a-levres-hydratant","status":"publish","type":"product","link":"https:\/\/www.lraloeverashop.eu\/fr\/produit\/aloe-vera-baume-a-levres-hydratant\/","title":{"rendered":"Baume \u00e0 L\u00e8vres Hydratant Aloe Vera"},"content":{"rendered":"<h2><span style=\"font-size: 16pt; color: #000000;\"><strong>Baume \u00e0 L\u00e8vres Hydratant <\/strong><\/span><span style=\"font-size: 16pt; color: #000000;\"><strong>Aloe Vera <\/strong><\/span><\/h2>\n<p><span style=\"font-size: 14pt; color: #000000;\"><strong>Baume \u00e0 L\u00e8vres Hydratant Aloe Vera &#8211; Soin lisse des l\u00e8vres douces et velout\u00e9es<\/strong><\/span><\/p>\n<p>Le Baume \u00e0 L\u00e8vres Hydratant \u00e0 l&rsquo;Aloe Vera avec 40% d&rsquo;Aloe Vera traite et prot\u00e8ge les l\u00e8vres des agressions ext\u00e9rieures telles que le vent, les intemp\u00e9ries. stresse et d\u00e9shydrate les l\u00e8vres. Le baume \u00e0 l\u00e8vres hydratant \u00e0 l&rsquo;Aloe Vera offre une <a href=\"https:\/\/www.lraloeverashop.eu\/fr\/produit\/aloe-vera-gel-creme-hydratant\/\">hydratation maximale<\/a>, pour des l\u00e8vres douces et velout\u00e9es. Appliquez le baume \u00e0 l\u00e8vres chaque fois que vous en ressentez le besoin et dites adieu aux l\u00e8vres s\u00e8ches et gerc\u00e9es.<\/p>\n<p>La combinaison d&rsquo;huiles v\u00e9g\u00e9tales, d&rsquo;huile de ricin, d&rsquo;huile de jojoba, de cire de candelilla, de m\u00e9lange de cire d&rsquo;abeille et d&rsquo;huile de babassu forme la base de la formule riche.<\/p>\n<p>&nbsp;<\/p>\n<h3><span style=\"color: #000000;\"><strong><span style=\"font-size: 16pt;\">Comment utiliser<\/span><\/strong><\/span><\/h3>\n<p>Appliquez le baume \u00e0 l\u00e8vres plus d&rsquo;une fois par jour, chaque fois que vous en ressentez le besoin.<\/p>\n<p>&nbsp;<\/p>\n<h4><span style=\"color: #000000;\"><strong><span style=\"font-size: 16pt;\">Questions fr\u00e9quemment pos\u00e9es<\/span><\/strong><\/span><\/h4>\n<p><strong>Qu&rsquo;est-ce que la plante Aloe Vera et pourquoi est-elle utilis\u00e9e dans les produits de soin de la peau?<\/strong><br \/>\nL&rsquo;Aloe Vera est une plante qui pousse dans des r\u00e9gions et des climats tr\u00e8s chauds et secs, comme l&rsquo;Espagne et le Mexique. L&rsquo;int\u00e9rieur des feuilles est constitu\u00e9 du gel des feuilles, qui est utilis\u00e9 dans les soins de la peau depuis de nombreuses ann\u00e9es.<\/p>\n<p>Ses ingr\u00e9dients sont connus pour renforcer la protection naturelle de la peau et maintenir son haut niveau d&rsquo;hydratation. Gr\u00e2ce \u00e0 ces propri\u00e9t\u00e9s, l&rsquo;Aloe Vera lisse et <a href=\"https:\/\/www.lraloeverashop.eu\/fr\/produit\/set-de-soin-des-mains-a-laloe-vera\/\">hydrate la peau<\/a>, tout en offrant un aspect sain et radieux avec une utilisation r\u00e9guli\u00e8re.<\/p>\n<p><strong>Quelle est la particularit\u00e9 du soin LR Aloe Vera?<\/strong><br \/>\nLa teneur extr\u00eamement \u00e9lev\u00e9e en gel d&rsquo;Aloe Vera et les ingr\u00e9dients actifs s\u00e9lectionn\u00e9s rendent les produits LR <a href=\"https:\/\/www.lraloeverashop.eu\/fr\/produit\/aloe-vera-baume-corporel-hydratant\/\">Aloe Vera<\/a> si uniques. Depuis 2001, nous d\u00e9veloppons et produisons des produits avec la pr\u00e9tention d&rsquo;\u00eatre les meilleurs dans ce domaine. Pour cette raison, nous n&rsquo;utilisons que du gel de feuilles d&rsquo;Aloe Vera provenant de cultures s\u00e9lectionn\u00e9es au Mexique &#8211; une condition pr\u00e9alable \u00e0 une <a href=\"https:\/\/www.lraloeverashop.eu\/fr\/produit\/huile-pour-les-levres-aloe-vera-cbd\/\">qualit\u00e9 \u00e9lev\u00e9e<\/a>.<\/p>\n<p>De plus, le gel de feuilles d&rsquo;Aloe Vera pur subit un traitement minutieux, afin de pr\u00e9server au maximum ses pr\u00e9cieux ingr\u00e9dients, tout en garantissant la qualit\u00e9 sup\u00e9rieure de la tr\u00e8s haute teneur en gel d&rsquo;Aloe Vera de nos produits.<\/p>\n<p>Avec plus de 50 produits de soins de la peau \u00e0 l&rsquo;Aloe Vera de la plus haute qualit\u00e9, nous nous effor\u00e7ons de r\u00e9pondre \u00e0 vos attentes pour le soin de la peau id\u00e9al.<\/p>\n","protected":false},"excerpt":{"rendered":"<ul>\n<li>Avec 40 % d&rsquo;aloe vera et huiles v\u00e9g\u00e9tales<\/li>\n<li>Baume \u00e0 l\u00e8vres l\u00e9ger et incolore<\/li>\n<li>Hydrate les l\u00e8vres avec intensit\u00e9<\/li>\n<li>Soin doux pour des l\u00e8vres lisses et douces<\/li>\n<li>Produit fabriqu\u00e9 en Allemagne<\/li>\n<\/ul>\n<p style=\"text-align: left;\"><span style=\"color: #ff0000;\"><a style=\"color: #ff0000;\" href=\"https:\/\/shop.lrworld.com\/openpao?PHP=0vFlt7jT938BEnBI3a6e9w%3D%3D\"><span style=\"font-size: 14pt;\"><strong>Inscrivez-vous et \u00e9conomisez 35% sur chaque commande<\/strong><\/span><\/a><\/span><\/p>\n","protected":false},"featured_media":4800,"comment_status":"open","ping_status":"closed","template":"","meta":{"_kad_blocks_custom_css":"","_kad_blocks_head_custom_js":"","_kad_blocks_body_custom_js":"","_kad_blocks_footer_custom_js":"","_kadence_starter_templates_imported_post":false,"_kad_post_transparent":"default","_kad_post_title":"","_kad_post_layout":"default","_kad_post_sidebar_id":"","_kad_post_content_style":"default","_kad_post_vertical_padding":"default","_kad_post_feature":"","_kad_post_feature_position":"","_kad_post_header":false,"_kad_post_footer":false,"_kad_post_classname":""},"product_brand":[],"product_cat":[212,254,226],"product_tag":[645,587],"class_list":{"0":"post-10829","1":"product","2":"type-product","3":"status-publish","4":"has-post-thumbnail","6":"product_cat-aloe-vera-fr","7":"product_cat-soins-bucco-dentaires","8":"product_cat-soins-du-visage","9":"product_tag-levres","10":"product_tag-peau-seche","12":"first","13":"instock","14":"taxable","15":"shipping-taxable","16":"purchasable","17":"product-type-simple","18":"entry","19":"content-bg","20":"loop-entry"},"yoast_head":"<!-- This site is optimized with the Yoast SEO Premium plugin v27.3 (Yoast SEO v27.3) - https:\/\/yoast.com\/product\/yoast-seo-premium-wordpress\/ -->\n<title>Baume \u00e0 L\u00e8vres Hydratant Aloe Vera Pour L\u00e8vres Douces<\/title>\n<meta name=\"description\" content=\"Le Baume \u00e0 L\u00e8vres Hydratant \u00e0 l&#039;Aloe Vera offre une hydratation maximale, pour des l\u00e8vres douces et velout\u00e9es. Avec 40 % d&#039;aloe vera et huiles v\u00e9g\u00e9tales\" \/>\n<meta name=\"robots\" content=\"index, follow, max-snippet:-1, max-image-preview:large, max-video-preview:-1\" \/>\n<link rel=\"canonical\" href=\"https:\/\/www.lraloeverashop.eu\/fr\/produit\/aloe-vera-baume-a-levres-hydratant\/\" \/>\n<meta property=\"og:locale\" content=\"fr_FR\" \/>\n<meta property=\"og:type\" content=\"article\" \/>\n<meta property=\"og:title\" content=\"Baume \u00e0 L\u00e8vres Hydratant Aloe Vera\" \/>\n<meta property=\"og:description\" content=\"Le Baume \u00e0 L\u00e8vres Hydratant \u00e0 l&#039;Aloe Vera offre une hydratation maximale, pour des l\u00e8vres douces et velout\u00e9es. Avec 40 % d&#039;aloe vera et huiles v\u00e9g\u00e9tales\" \/>\n<meta property=\"og:url\" content=\"https:\/\/www.lraloeverashop.eu\/fr\/produit\/aloe-vera-baume-a-levres-hydratant\/\" \/>\n<meta property=\"og:site_name\" content=\"Boutique Lr Aloe Vera\" \/>\n<meta property=\"article:publisher\" content=\"https:\/\/www.facebook.com\/lraloeverashop.eu\" \/>\n<meta property=\"article:modified_time\" content=\"2026-02-02T19:25:07+00:00\" \/>\n<meta property=\"og:image\" content=\"https:\/\/www.lraloeverashop.eu\/wp-content\/uploads\/2022\/10\/Lr-Aloe-Vera-Moisturizing-Lip-Balm.jpg\" \/>\n\t<meta property=\"og:image:width\" content=\"1200\" \/>\n\t<meta property=\"og:image:height\" content=\"1200\" \/>\n\t<meta property=\"og:image:type\" content=\"image\/jpeg\" \/>\n<meta name=\"twitter:card\" content=\"summary_large_image\" \/>\n<meta name=\"twitter:site\" content=\"@natur__kosmetik\" \/>\n<script type=\"application\/ld+json\" class=\"yoast-schema-graph\">{\"@context\":\"https:\\\/\\\/schema.org\",\"@graph\":[{\"@type\":[\"WebPage\",\"ItemPage\"],\"@id\":\"https:\\\/\\\/www.lraloeverashop.eu\\\/fr\\\/produit\\\/aloe-vera-baume-a-levres-hydratant\\\/\",\"url\":\"https:\\\/\\\/www.lraloeverashop.eu\\\/fr\\\/produit\\\/aloe-vera-baume-a-levres-hydratant\\\/\",\"name\":\"Baume \u00e0 L\u00e8vres Hydratant Aloe Vera Pour L\u00e8vres Douces\",\"isPartOf\":{\"@id\":\"https:\\\/\\\/www.lraloeverashop.eu\\\/fr\\\/#website\"},\"primaryImageOfPage\":{\"@id\":\"https:\\\/\\\/www.lraloeverashop.eu\\\/fr\\\/produit\\\/aloe-vera-baume-a-levres-hydratant\\\/#primaryimage\"},\"image\":{\"@id\":\"https:\\\/\\\/www.lraloeverashop.eu\\\/fr\\\/produit\\\/aloe-vera-baume-a-levres-hydratant\\\/#primaryimage\"},\"thumbnailUrl\":\"https:\\\/\\\/www.lraloeverashop.eu\\\/wp-content\\\/uploads\\\/2022\\\/10\\\/Lr-Aloe-Vera-Moisturizing-Lip-Balm.jpg\",\"datePublished\":\"2022-10-09T13:33:02+00:00\",\"dateModified\":\"2026-02-02T19:25:07+00:00\",\"description\":\"Le Baume \u00e0 L\u00e8vres Hydratant \u00e0 l'Aloe Vera offre une hydratation maximale, pour des l\u00e8vres douces et velout\u00e9es. Avec 40 % d'aloe vera et huiles v\u00e9g\u00e9tales\",\"breadcrumb\":{\"@id\":\"https:\\\/\\\/www.lraloeverashop.eu\\\/fr\\\/produit\\\/aloe-vera-baume-a-levres-hydratant\\\/#breadcrumb\"},\"inLanguage\":\"fr-FR\",\"potentialAction\":[{\"@type\":\"ReadAction\",\"target\":[\"https:\\\/\\\/www.lraloeverashop.eu\\\/fr\\\/produit\\\/aloe-vera-baume-a-levres-hydratant\\\/\"]}]},{\"@type\":\"ImageObject\",\"inLanguage\":\"fr-FR\",\"@id\":\"https:\\\/\\\/www.lraloeverashop.eu\\\/fr\\\/produit\\\/aloe-vera-baume-a-levres-hydratant\\\/#primaryimage\",\"url\":\"https:\\\/\\\/www.lraloeverashop.eu\\\/wp-content\\\/uploads\\\/2022\\\/10\\\/Lr-Aloe-Vera-Moisturizing-Lip-Balm.jpg\",\"contentUrl\":\"https:\\\/\\\/www.lraloeverashop.eu\\\/wp-content\\\/uploads\\\/2022\\\/10\\\/Lr-Aloe-Vera-Moisturizing-Lip-Balm.jpg\",\"width\":1200,\"height\":1200,\"caption\":\"Aloe Vera Baume \u00e0 L\u00e8vres Hydratant hydrate les l\u00e8vres avec intensit\u00e9\"},{\"@type\":\"BreadcrumbList\",\"@id\":\"https:\\\/\\\/www.lraloeverashop.eu\\\/fr\\\/produit\\\/aloe-vera-baume-a-levres-hydratant\\\/#breadcrumb\",\"itemListElement\":[{\"@type\":\"ListItem\",\"position\":1,\"name\":\"Home\",\"item\":\"https:\\\/\\\/www.lraloeverashop.eu\\\/fr\\\/\"},{\"@type\":\"ListItem\",\"position\":2,\"name\":\"Boutique\",\"item\":\"https:\\\/\\\/www.lraloeverashop.eu\\\/fr\\\/boutique\\\/\"},{\"@type\":\"ListItem\",\"position\":3,\"name\":\"Baume \u00e0 L\u00e8vres Hydratant Aloe Vera\"}]},{\"@type\":\"WebSite\",\"@id\":\"https:\\\/\\\/www.lraloeverashop.eu\\\/fr\\\/#website\",\"url\":\"https:\\\/\\\/www.lraloeverashop.eu\\\/fr\\\/\",\"name\":\"Boutique Lr Aloe Vera\",\"description\":\"High Quality Lr Aloe Vera Gel, Aloe Vera Cream and Shampoo\",\"publisher\":{\"@id\":\"https:\\\/\\\/www.lraloeverashop.eu\\\/fr\\\/#organization\"},\"potentialAction\":[{\"@type\":\"SearchAction\",\"target\":{\"@type\":\"EntryPoint\",\"urlTemplate\":\"https:\\\/\\\/www.lraloeverashop.eu\\\/fr\\\/?s={search_term_string}\"},\"query-input\":{\"@type\":\"PropertyValueSpecification\",\"valueRequired\":true,\"valueName\":\"search_term_string\"}}],\"inLanguage\":\"fr-FR\"},{\"@type\":\"Organization\",\"@id\":\"https:\\\/\\\/www.lraloeverashop.eu\\\/fr\\\/#organization\",\"name\":\"Boutique Lr Aloe Vera\",\"alternateName\":\"LR\",\"url\":\"https:\\\/\\\/www.lraloeverashop.eu\\\/fr\\\/\",\"logo\":{\"@type\":\"ImageObject\",\"inLanguage\":\"fr-FR\",\"@id\":\"https:\\\/\\\/www.lraloeverashop.eu\\\/fr\\\/#\\\/schema\\\/logo\\\/image\\\/\",\"url\":\"https:\\\/\\\/www.lraloeverashop.eu\\\/wp-content\\\/uploads\\\/2022\\\/09\\\/cropped-Lr-Aloe-Vera-Shop.jpg\",\"contentUrl\":\"https:\\\/\\\/www.lraloeverashop.eu\\\/wp-content\\\/uploads\\\/2022\\\/09\\\/cropped-Lr-Aloe-Vera-Shop.jpg\",\"width\":228,\"height\":76,\"caption\":\"Boutique Lr Aloe Vera\"},\"image\":{\"@id\":\"https:\\\/\\\/www.lraloeverashop.eu\\\/fr\\\/#\\\/schema\\\/logo\\\/image\\\/\"},\"sameAs\":[\"https:\\\/\\\/www.facebook.com\\\/lraloeverashop.eu\",\"https:\\\/\\\/x.com\\\/natur__kosmetik\",\"https:\\\/\\\/www.youtube.com\\\/channel\\\/UC5oN7BJ8nfYb8RpVtjwDEBA\",\"https:\\\/\\\/www.instagram.com\\\/lrbeautyeu\\\/\"]}]}<\/script>\n<meta property=\"product:price:amount\" content=\"7.98\" \/>\n<meta property=\"product:price:currency\" content=\"EUR\" \/>\n<meta property=\"og:availability\" content=\"instock\" \/>\n<meta property=\"product:availability\" content=\"instock\" \/>\n<meta property=\"product:retailer_item_id\" content=\"20676-101FR\" \/>\n<meta property=\"product:condition\" content=\"new\" \/>\n<!-- \/ Yoast SEO Premium plugin. -->","yoast_head_json":{"title":"Baume \u00e0 L\u00e8vres Hydratant Aloe Vera Pour L\u00e8vres Douces","description":"Le Baume \u00e0 L\u00e8vres Hydratant \u00e0 l'Aloe Vera offre une hydratation maximale, pour des l\u00e8vres douces et velout\u00e9es. Avec 40 % d'aloe vera et huiles v\u00e9g\u00e9tales","robots":{"index":"index","follow":"follow","max-snippet":"max-snippet:-1","max-image-preview":"max-image-preview:large","max-video-preview":"max-video-preview:-1"},"canonical":"https:\/\/www.lraloeverashop.eu\/fr\/produit\/aloe-vera-baume-a-levres-hydratant\/","og_locale":"fr_FR","og_type":"article","og_title":"Baume \u00e0 L\u00e8vres Hydratant Aloe Vera","og_description":"Le Baume \u00e0 L\u00e8vres Hydratant \u00e0 l'Aloe Vera offre une hydratation maximale, pour des l\u00e8vres douces et velout\u00e9es. Avec 40 % d'aloe vera et huiles v\u00e9g\u00e9tales","og_url":"https:\/\/www.lraloeverashop.eu\/fr\/produit\/aloe-vera-baume-a-levres-hydratant\/","og_site_name":"Boutique Lr Aloe Vera","article_publisher":"https:\/\/www.facebook.com\/lraloeverashop.eu","article_modified_time":"2026-02-02T19:25:07+00:00","og_image":[{"width":1200,"height":1200,"url":"https:\/\/www.lraloeverashop.eu\/wp-content\/uploads\/2022\/10\/Lr-Aloe-Vera-Moisturizing-Lip-Balm.jpg","type":"image\/jpeg"}],"twitter_card":"summary_large_image","twitter_site":"@natur__kosmetik","schema":{"@context":"https:\/\/schema.org","@graph":[{"@type":["WebPage","ItemPage"],"@id":"https:\/\/www.lraloeverashop.eu\/fr\/produit\/aloe-vera-baume-a-levres-hydratant\/","url":"https:\/\/www.lraloeverashop.eu\/fr\/produit\/aloe-vera-baume-a-levres-hydratant\/","name":"Baume \u00e0 L\u00e8vres Hydratant Aloe Vera Pour L\u00e8vres Douces","isPartOf":{"@id":"https:\/\/www.lraloeverashop.eu\/fr\/#website"},"primaryImageOfPage":{"@id":"https:\/\/www.lraloeverashop.eu\/fr\/produit\/aloe-vera-baume-a-levres-hydratant\/#primaryimage"},"image":{"@id":"https:\/\/www.lraloeverashop.eu\/fr\/produit\/aloe-vera-baume-a-levres-hydratant\/#primaryimage"},"thumbnailUrl":"https:\/\/www.lraloeverashop.eu\/wp-content\/uploads\/2022\/10\/Lr-Aloe-Vera-Moisturizing-Lip-Balm.jpg","datePublished":"2022-10-09T13:33:02+00:00","dateModified":"2026-02-02T19:25:07+00:00","description":"Le Baume \u00e0 L\u00e8vres Hydratant \u00e0 l'Aloe Vera offre une hydratation maximale, pour des l\u00e8vres douces et velout\u00e9es. Avec 40 % d'aloe vera et huiles v\u00e9g\u00e9tales","breadcrumb":{"@id":"https:\/\/www.lraloeverashop.eu\/fr\/produit\/aloe-vera-baume-a-levres-hydratant\/#breadcrumb"},"inLanguage":"fr-FR","potentialAction":[{"@type":"ReadAction","target":["https:\/\/www.lraloeverashop.eu\/fr\/produit\/aloe-vera-baume-a-levres-hydratant\/"]}]},{"@type":"ImageObject","inLanguage":"fr-FR","@id":"https:\/\/www.lraloeverashop.eu\/fr\/produit\/aloe-vera-baume-a-levres-hydratant\/#primaryimage","url":"https:\/\/www.lraloeverashop.eu\/wp-content\/uploads\/2022\/10\/Lr-Aloe-Vera-Moisturizing-Lip-Balm.jpg","contentUrl":"https:\/\/www.lraloeverashop.eu\/wp-content\/uploads\/2022\/10\/Lr-Aloe-Vera-Moisturizing-Lip-Balm.jpg","width":1200,"height":1200,"caption":"Aloe Vera Baume \u00e0 L\u00e8vres Hydratant hydrate les l\u00e8vres avec intensit\u00e9"},{"@type":"BreadcrumbList","@id":"https:\/\/www.lraloeverashop.eu\/fr\/produit\/aloe-vera-baume-a-levres-hydratant\/#breadcrumb","itemListElement":[{"@type":"ListItem","position":1,"name":"Home","item":"https:\/\/www.lraloeverashop.eu\/fr\/"},{"@type":"ListItem","position":2,"name":"Boutique","item":"https:\/\/www.lraloeverashop.eu\/fr\/boutique\/"},{"@type":"ListItem","position":3,"name":"Baume \u00e0 L\u00e8vres Hydratant Aloe Vera"}]},{"@type":"WebSite","@id":"https:\/\/www.lraloeverashop.eu\/fr\/#website","url":"https:\/\/www.lraloeverashop.eu\/fr\/","name":"Boutique Lr Aloe Vera","description":"High Quality Lr Aloe Vera Gel, Aloe Vera Cream and Shampoo","publisher":{"@id":"https:\/\/www.lraloeverashop.eu\/fr\/#organization"},"potentialAction":[{"@type":"SearchAction","target":{"@type":"EntryPoint","urlTemplate":"https:\/\/www.lraloeverashop.eu\/fr\/?s={search_term_string}"},"query-input":{"@type":"PropertyValueSpecification","valueRequired":true,"valueName":"search_term_string"}}],"inLanguage":"fr-FR"},{"@type":"Organization","@id":"https:\/\/www.lraloeverashop.eu\/fr\/#organization","name":"Boutique Lr Aloe Vera","alternateName":"LR","url":"https:\/\/www.lraloeverashop.eu\/fr\/","logo":{"@type":"ImageObject","inLanguage":"fr-FR","@id":"https:\/\/www.lraloeverashop.eu\/fr\/#\/schema\/logo\/image\/","url":"https:\/\/www.lraloeverashop.eu\/wp-content\/uploads\/2022\/09\/cropped-Lr-Aloe-Vera-Shop.jpg","contentUrl":"https:\/\/www.lraloeverashop.eu\/wp-content\/uploads\/2022\/09\/cropped-Lr-Aloe-Vera-Shop.jpg","width":228,"height":76,"caption":"Boutique Lr Aloe Vera"},"image":{"@id":"https:\/\/www.lraloeverashop.eu\/fr\/#\/schema\/logo\/image\/"},"sameAs":["https:\/\/www.facebook.com\/lraloeverashop.eu","https:\/\/x.com\/natur__kosmetik","https:\/\/www.youtube.com\/channel\/UC5oN7BJ8nfYb8RpVtjwDEBA","https:\/\/www.instagram.com\/lrbeautyeu\/"]}]},"product_price_amount":"7.98","product_price_currency":"EUR","og_availability":"instock","product_availability":"instock","product_retailer_item_id":"20676-101FR","product_condition":"new"},"taxonomy_info":{"product_cat":[{"value":212,"label":"Aloe Vera"},{"value":254,"label":"Soins bucco-dentaires"},{"value":226,"label":"Soins du visage"}],"product_tag":[{"value":645,"label":"L\u00e8vres"},{"value":587,"label":"Peau s\u00e8che"}]},"featured_image_src_large":["https:\/\/www.lraloeverashop.eu\/wp-content\/uploads\/2022\/10\/Lr-Aloe-Vera-Moisturizing-Lip-Balm-1024x1024.jpg",1024,1024,true],"author_info":[],"comment_info":0,"_links":{"self":[{"href":"https:\/\/www.lraloeverashop.eu\/fr\/wp-json\/wp\/v2\/product\/10829","targetHints":{"allow":["GET"]}}],"collection":[{"href":"https:\/\/www.lraloeverashop.eu\/fr\/wp-json\/wp\/v2\/product"}],"about":[{"href":"https:\/\/www.lraloeverashop.eu\/fr\/wp-json\/wp\/v2\/types\/product"}],"replies":[{"embeddable":true,"href":"https:\/\/www.lraloeverashop.eu\/fr\/wp-json\/wp\/v2\/comments?post=10829"}],"wp:featuredmedia":[{"embeddable":true,"href":"https:\/\/www.lraloeverashop.eu\/fr\/wp-json\/wp\/v2\/media\/4800"}],"wp:attachment":[{"href":"https:\/\/www.lraloeverashop.eu\/fr\/wp-json\/wp\/v2\/media?parent=10829"}],"wp:term":[{"taxonomy":"product_brand","embeddable":true,"href":"https:\/\/www.lraloeverashop.eu\/fr\/wp-json\/wp\/v2\/product_brand?post=10829"},{"taxonomy":"product_cat","embeddable":true,"href":"https:\/\/www.lraloeverashop.eu\/fr\/wp-json\/wp\/v2\/product_cat?post=10829"},{"taxonomy":"product_tag","embeddable":true,"href":"https:\/\/www.lraloeverashop.eu\/fr\/wp-json\/wp\/v2\/product_tag?post=10829"}],"curies":[{"name":"wp","href":"https:\/\/api.w.org\/{rel}","templated":true}]}}