{"id":10817,"date":"2022-10-09T15:46:17","date_gmt":"2022-10-09T13:46:17","guid":{"rendered":"https:\/\/www.lraloeverashop.eu\/product\/aloe-vera-gel-de-dents-extra-frais\/"},"modified":"2026-02-02T20:24:47","modified_gmt":"2026-02-02T19:24:47","slug":"aloe-vera-gel-de-dents-extra-frais","status":"publish","type":"product","link":"https:\/\/www.lraloeverashop.eu\/fr\/produit\/aloe-vera-gel-de-dents-extra-frais\/","title":{"rendered":"Dentifrice Sans Fluoride Aloe Vera Extra Frais"},"content":{"rendered":"<h2><span style=\"font-size: 16pt;\"><strong>Dentifrice Sans Fluoride Aloe Vera Extra Frais<\/strong><\/span><\/h2>\n<p><span style=\"font-size: 14pt;\"><strong>Dentifrice Sans Fluoride Aloe Vera Extra Frais pour Soin Buccal Doux Et Efficace<\/strong><\/span><\/p>\n<p>Dentifrice Sans Fluorure sous forme d&rsquo;hydrogel pour un nettoyage en douceur et en profondeur des gencives et des dents. Pr\u00e9vient la plaque dentaire et procure une sensation de fra\u00eecheur dans toute la bouche. Dentifrice Sans Fluorure favorise des gencives saines, des dents brillantes et une haleine fra\u00eeche. Avec 43% d&rsquo;aloe vera et d&rsquo;extrait d&rsquo;\u00e9chinac\u00e9e.<\/p>\n<p>Le Dentifrice Sans Fluoride Aloe Vera Extra Frais nettoie en douceur les <a href=\"https:\/\/www.lraloeverashop.eu\/fr\/produit\/gel-dentifrice-scintillant-aloe-vera\/\">dents<\/a> et la cavit\u00e9 buccale des traces d&rsquo;aliments et de la plaque dentaire qui peuvent provoquer des caries et des gingivites. Il laisse une respiration pure et fra\u00eeche.<\/p>\n<p>&nbsp;<\/p>\n<p>La combinaison de cire de propolis et d&rsquo;extrait d&rsquo;\u00e9chinac\u00e9e aide \u00e0 garder les gencives saines pendant le brossage des dents.<\/p>\n<p>Pour les dents et les gencives tr\u00e8s sensibles, utilisez le <a href=\"https:\/\/www.lraloeverashop.eu\/fr\/produit\/aloe-vera-dentifrice-protecteur\/\">dentifrice Sensitive au fluor<\/a> de la s\u00e9rie Lr Aloe Vera.<\/p>\n<p>&nbsp;<\/p>\n<h3><span style=\"font-size: 16pt;\"><strong>Comment utiliser<\/strong><\/span><\/h3>\n<p>Il est recommand\u00e9 de se brosser les dents avec Dentifrice Sans Fluoride deux ou trois fois par jour et apr\u00e8s un repas. Pour \u00eatre s\u00fbr d&rsquo;avoir \u00e9limin\u00e9 tout r\u00e9sidu, chaque brossage doit durer au moins deux \u00e0 trois minutes.<\/p>\n<p>&nbsp;<\/p>\n<h4><span style=\"font-size: 16pt;\"><strong>Saviez-vous?<\/strong><\/span><\/h4>\n<p>Apr\u00e8s avoir consomm\u00e9 des aliments ou des boissons acides, tels que B. Vin, agrumes, jus de fruits, yaourt ou salade avec vinaigrette \u00e0 l&rsquo;huile et au vinaigre, attendez au moins une demi-heure avant de vous brosser les dents avec Dentifrice Sans Fluoride.<\/p>\n<p>L&rsquo;acide des aliments peut dissoudre les min\u00e9raux de l&rsquo;\u00e9mail des dents. Apr\u00e8s un court laps de temps, la surface de la dent peut \u00eatre remin\u00e9ralis\u00e9e \u00e0 l&rsquo;aide de la salive.<\/p>\n","protected":false},"excerpt":{"rendered":"<ul>\n<li>Avec 43% d&rsquo;Aloe Vera<\/li>\n<li>Avec extrait d&rsquo;Echinacea<\/li>\n<li>Sans fluoride<\/li>\n<li>Il offre un nettoyage complet des dents et des gencives<\/li>\n<li>Gel offre une agr\u00e9able sensation de fra\u00eecheur<\/li>\n<li>Produit fabriqu\u00e9 en Allemagne<\/li>\n<li>Quantit\u00e9: 100 ml<\/li>\n<\/ul>\n<p style=\"text-align: left;\"><span style=\"color: #ff0000;\"><a style=\"color: #ff0000;\" href=\"https:\/\/shop.lrworld.com\/openpao?PHP=0vFlt7jT938BEnBI3a6e9w%3D%3D\"><span style=\"font-size: 14pt;\"><strong>Inscrivez-vous et \u00e9conomisez 35% sur chaque commande<\/strong><\/span><\/a><\/span><\/p>\n","protected":false},"featured_media":4806,"comment_status":"open","ping_status":"closed","template":"","meta":{"_kad_blocks_custom_css":"","_kad_blocks_head_custom_js":"","_kad_blocks_body_custom_js":"","_kad_blocks_footer_custom_js":"","_kadence_starter_templates_imported_post":false,"_kad_post_transparent":"default","_kad_post_title":"","_kad_post_layout":"default","_kad_post_sidebar_id":"","_kad_post_content_style":"default","_kad_post_vertical_padding":"default","_kad_post_feature":"","_kad_post_feature_position":"","_kad_post_header":false,"_kad_post_footer":false,"_kad_post_classname":""},"product_brand":[],"product_cat":[212,254],"product_tag":[531,526],"class_list":{"0":"post-10817","1":"product","2":"type-product","3":"status-publish","4":"has-post-thumbnail","6":"product_cat-aloe-vera-fr","7":"product_cat-soins-bucco-dentaires","8":"product_tag-dents","9":"product_tag-gencives","11":"first","12":"instock","13":"taxable","14":"shipping-taxable","15":"purchasable","16":"product-type-simple","17":"entry","18":"content-bg","19":"loop-entry"},"yoast_head":"<!-- This site is optimized with the Yoast SEO Premium plugin v27.3 (Yoast SEO v27.3) - https:\/\/yoast.com\/product\/yoast-seo-premium-wordpress\/ -->\n<title>Dentifrice Sans Fluoride Extra Frais, Doux Et Efficace<\/title>\n<meta name=\"description\" content=\"Dentifrice Sans Fluoride Aloe Vera Extra Frais nettoie les gencives et des dents en profondeur procure une incroyable sensation de fra\u00eecheur.\" \/>\n<meta name=\"robots\" content=\"index, follow, max-snippet:-1, max-image-preview:large, max-video-preview:-1\" \/>\n<link rel=\"canonical\" href=\"https:\/\/www.lraloeverashop.eu\/fr\/produit\/aloe-vera-gel-de-dents-extra-frais\/\" \/>\n<meta property=\"og:locale\" content=\"fr_FR\" \/>\n<meta property=\"og:type\" content=\"article\" \/>\n<meta property=\"og:title\" content=\"Dentifrice Sans Fluoride Aloe Vera Extra Frais\" \/>\n<meta property=\"og:description\" content=\"Dentifrice Sans Fluoride Aloe Vera Extra Frais nettoie les gencives et des dents en profondeur procure une incroyable sensation de fra\u00eecheur.\" \/>\n<meta property=\"og:url\" content=\"https:\/\/www.lraloeverashop.eu\/fr\/produit\/aloe-vera-gel-de-dents-extra-frais\/\" \/>\n<meta property=\"og:site_name\" content=\"Boutique Lr Aloe Vera\" \/>\n<meta property=\"article:publisher\" content=\"https:\/\/www.facebook.com\/lraloeverashop.eu\" \/>\n<meta property=\"article:modified_time\" content=\"2026-02-02T19:24:47+00:00\" \/>\n<meta property=\"og:image\" content=\"https:\/\/www.lraloeverashop.eu\/wp-content\/uploads\/2022\/10\/Aloe-Vera-Tooth-Gel.jpg\" \/>\n\t<meta property=\"og:image:width\" content=\"1200\" \/>\n\t<meta property=\"og:image:height\" content=\"1200\" \/>\n\t<meta property=\"og:image:type\" content=\"image\/jpeg\" \/>\n<meta name=\"twitter:card\" content=\"summary_large_image\" \/>\n<meta name=\"twitter:site\" content=\"@natur__kosmetik\" \/>\n<script type=\"application\/ld+json\" class=\"yoast-schema-graph\">{\"@context\":\"https:\\\/\\\/schema.org\",\"@graph\":[{\"@type\":[\"WebPage\",\"ItemPage\"],\"@id\":\"https:\\\/\\\/www.lraloeverashop.eu\\\/fr\\\/produit\\\/aloe-vera-gel-de-dents-extra-frais\\\/\",\"url\":\"https:\\\/\\\/www.lraloeverashop.eu\\\/fr\\\/produit\\\/aloe-vera-gel-de-dents-extra-frais\\\/\",\"name\":\"Dentifrice Sans Fluoride Extra Frais, Doux Et Efficace\",\"isPartOf\":{\"@id\":\"https:\\\/\\\/www.lraloeverashop.eu\\\/fr\\\/#website\"},\"primaryImageOfPage\":{\"@id\":\"https:\\\/\\\/www.lraloeverashop.eu\\\/fr\\\/produit\\\/aloe-vera-gel-de-dents-extra-frais\\\/#primaryimage\"},\"image\":{\"@id\":\"https:\\\/\\\/www.lraloeverashop.eu\\\/fr\\\/produit\\\/aloe-vera-gel-de-dents-extra-frais\\\/#primaryimage\"},\"thumbnailUrl\":\"https:\\\/\\\/www.lraloeverashop.eu\\\/wp-content\\\/uploads\\\/2022\\\/10\\\/Aloe-Vera-Tooth-Gel.jpg\",\"datePublished\":\"2022-10-09T13:46:17+00:00\",\"dateModified\":\"2026-02-02T19:24:47+00:00\",\"description\":\"Dentifrice Sans Fluoride Aloe Vera Extra Frais nettoie les gencives et des dents en profondeur procure une incroyable sensation de fra\u00eecheur.\",\"breadcrumb\":{\"@id\":\"https:\\\/\\\/www.lraloeverashop.eu\\\/fr\\\/produit\\\/aloe-vera-gel-de-dents-extra-frais\\\/#breadcrumb\"},\"inLanguage\":\"fr-FR\",\"potentialAction\":[{\"@type\":\"ReadAction\",\"target\":[\"https:\\\/\\\/www.lraloeverashop.eu\\\/fr\\\/produit\\\/aloe-vera-gel-de-dents-extra-frais\\\/\"]}]},{\"@type\":\"ImageObject\",\"inLanguage\":\"fr-FR\",\"@id\":\"https:\\\/\\\/www.lraloeverashop.eu\\\/fr\\\/produit\\\/aloe-vera-gel-de-dents-extra-frais\\\/#primaryimage\",\"url\":\"https:\\\/\\\/www.lraloeverashop.eu\\\/wp-content\\\/uploads\\\/2022\\\/10\\\/Aloe-Vera-Tooth-Gel.jpg\",\"contentUrl\":\"https:\\\/\\\/www.lraloeverashop.eu\\\/wp-content\\\/uploads\\\/2022\\\/10\\\/Aloe-Vera-Tooth-Gel.jpg\",\"width\":1200,\"height\":1200,\"caption\":\"Aloe vera Gel De Dents Extra Frais offre un nettoyage complet des dents et des gencives\"},{\"@type\":\"BreadcrumbList\",\"@id\":\"https:\\\/\\\/www.lraloeverashop.eu\\\/fr\\\/produit\\\/aloe-vera-gel-de-dents-extra-frais\\\/#breadcrumb\",\"itemListElement\":[{\"@type\":\"ListItem\",\"position\":1,\"name\":\"Home\",\"item\":\"https:\\\/\\\/www.lraloeverashop.eu\\\/fr\\\/\"},{\"@type\":\"ListItem\",\"position\":2,\"name\":\"Boutique\",\"item\":\"https:\\\/\\\/www.lraloeverashop.eu\\\/fr\\\/boutique\\\/\"},{\"@type\":\"ListItem\",\"position\":3,\"name\":\"Dentifrice Sans Fluoride Aloe Vera Extra Frais\"}]},{\"@type\":\"WebSite\",\"@id\":\"https:\\\/\\\/www.lraloeverashop.eu\\\/fr\\\/#website\",\"url\":\"https:\\\/\\\/www.lraloeverashop.eu\\\/fr\\\/\",\"name\":\"Boutique Lr Aloe Vera\",\"description\":\"High Quality Lr Aloe Vera Gel, Aloe Vera Cream and Shampoo\",\"publisher\":{\"@id\":\"https:\\\/\\\/www.lraloeverashop.eu\\\/fr\\\/#organization\"},\"potentialAction\":[{\"@type\":\"SearchAction\",\"target\":{\"@type\":\"EntryPoint\",\"urlTemplate\":\"https:\\\/\\\/www.lraloeverashop.eu\\\/fr\\\/?s={search_term_string}\"},\"query-input\":{\"@type\":\"PropertyValueSpecification\",\"valueRequired\":true,\"valueName\":\"search_term_string\"}}],\"inLanguage\":\"fr-FR\"},{\"@type\":\"Organization\",\"@id\":\"https:\\\/\\\/www.lraloeverashop.eu\\\/fr\\\/#organization\",\"name\":\"Boutique Lr Aloe Vera\",\"alternateName\":\"LR\",\"url\":\"https:\\\/\\\/www.lraloeverashop.eu\\\/fr\\\/\",\"logo\":{\"@type\":\"ImageObject\",\"inLanguage\":\"fr-FR\",\"@id\":\"https:\\\/\\\/www.lraloeverashop.eu\\\/fr\\\/#\\\/schema\\\/logo\\\/image\\\/\",\"url\":\"https:\\\/\\\/www.lraloeverashop.eu\\\/wp-content\\\/uploads\\\/2022\\\/09\\\/cropped-Lr-Aloe-Vera-Shop.jpg\",\"contentUrl\":\"https:\\\/\\\/www.lraloeverashop.eu\\\/wp-content\\\/uploads\\\/2022\\\/09\\\/cropped-Lr-Aloe-Vera-Shop.jpg\",\"width\":228,\"height\":76,\"caption\":\"Boutique Lr Aloe Vera\"},\"image\":{\"@id\":\"https:\\\/\\\/www.lraloeverashop.eu\\\/fr\\\/#\\\/schema\\\/logo\\\/image\\\/\"},\"sameAs\":[\"https:\\\/\\\/www.facebook.com\\\/lraloeverashop.eu\",\"https:\\\/\\\/x.com\\\/natur__kosmetik\",\"https:\\\/\\\/www.youtube.com\\\/channel\\\/UC5oN7BJ8nfYb8RpVtjwDEBA\",\"https:\\\/\\\/www.instagram.com\\\/lrbeautyeu\\\/\"]}]}<\/script>\n<meta property=\"product:price:amount\" content=\"7.98\" \/>\n<meta property=\"product:price:currency\" content=\"EUR\" \/>\n<meta property=\"og:availability\" content=\"instock\" \/>\n<meta property=\"product:availability\" content=\"instock\" \/>\n<meta property=\"product:retailer_item_id\" content=\"20690-101FR\" \/>\n<meta property=\"product:condition\" content=\"new\" \/>\n<!-- \/ Yoast SEO Premium plugin. -->","yoast_head_json":{"title":"Dentifrice Sans Fluoride Extra Frais, Doux Et Efficace","description":"Dentifrice Sans Fluoride Aloe Vera Extra Frais nettoie les gencives et des dents en profondeur procure une incroyable sensation de fra\u00eecheur.","robots":{"index":"index","follow":"follow","max-snippet":"max-snippet:-1","max-image-preview":"max-image-preview:large","max-video-preview":"max-video-preview:-1"},"canonical":"https:\/\/www.lraloeverashop.eu\/fr\/produit\/aloe-vera-gel-de-dents-extra-frais\/","og_locale":"fr_FR","og_type":"article","og_title":"Dentifrice Sans Fluoride Aloe Vera Extra Frais","og_description":"Dentifrice Sans Fluoride Aloe Vera Extra Frais nettoie les gencives et des dents en profondeur procure une incroyable sensation de fra\u00eecheur.","og_url":"https:\/\/www.lraloeverashop.eu\/fr\/produit\/aloe-vera-gel-de-dents-extra-frais\/","og_site_name":"Boutique Lr Aloe Vera","article_publisher":"https:\/\/www.facebook.com\/lraloeverashop.eu","article_modified_time":"2026-02-02T19:24:47+00:00","og_image":[{"width":1200,"height":1200,"url":"https:\/\/www.lraloeverashop.eu\/wp-content\/uploads\/2022\/10\/Aloe-Vera-Tooth-Gel.jpg","type":"image\/jpeg"}],"twitter_card":"summary_large_image","twitter_site":"@natur__kosmetik","schema":{"@context":"https:\/\/schema.org","@graph":[{"@type":["WebPage","ItemPage"],"@id":"https:\/\/www.lraloeverashop.eu\/fr\/produit\/aloe-vera-gel-de-dents-extra-frais\/","url":"https:\/\/www.lraloeverashop.eu\/fr\/produit\/aloe-vera-gel-de-dents-extra-frais\/","name":"Dentifrice Sans Fluoride Extra Frais, Doux Et Efficace","isPartOf":{"@id":"https:\/\/www.lraloeverashop.eu\/fr\/#website"},"primaryImageOfPage":{"@id":"https:\/\/www.lraloeverashop.eu\/fr\/produit\/aloe-vera-gel-de-dents-extra-frais\/#primaryimage"},"image":{"@id":"https:\/\/www.lraloeverashop.eu\/fr\/produit\/aloe-vera-gel-de-dents-extra-frais\/#primaryimage"},"thumbnailUrl":"https:\/\/www.lraloeverashop.eu\/wp-content\/uploads\/2022\/10\/Aloe-Vera-Tooth-Gel.jpg","datePublished":"2022-10-09T13:46:17+00:00","dateModified":"2026-02-02T19:24:47+00:00","description":"Dentifrice Sans Fluoride Aloe Vera Extra Frais nettoie les gencives et des dents en profondeur procure une incroyable sensation de fra\u00eecheur.","breadcrumb":{"@id":"https:\/\/www.lraloeverashop.eu\/fr\/produit\/aloe-vera-gel-de-dents-extra-frais\/#breadcrumb"},"inLanguage":"fr-FR","potentialAction":[{"@type":"ReadAction","target":["https:\/\/www.lraloeverashop.eu\/fr\/produit\/aloe-vera-gel-de-dents-extra-frais\/"]}]},{"@type":"ImageObject","inLanguage":"fr-FR","@id":"https:\/\/www.lraloeverashop.eu\/fr\/produit\/aloe-vera-gel-de-dents-extra-frais\/#primaryimage","url":"https:\/\/www.lraloeverashop.eu\/wp-content\/uploads\/2022\/10\/Aloe-Vera-Tooth-Gel.jpg","contentUrl":"https:\/\/www.lraloeverashop.eu\/wp-content\/uploads\/2022\/10\/Aloe-Vera-Tooth-Gel.jpg","width":1200,"height":1200,"caption":"Aloe vera Gel De Dents Extra Frais offre un nettoyage complet des dents et des gencives"},{"@type":"BreadcrumbList","@id":"https:\/\/www.lraloeverashop.eu\/fr\/produit\/aloe-vera-gel-de-dents-extra-frais\/#breadcrumb","itemListElement":[{"@type":"ListItem","position":1,"name":"Home","item":"https:\/\/www.lraloeverashop.eu\/fr\/"},{"@type":"ListItem","position":2,"name":"Boutique","item":"https:\/\/www.lraloeverashop.eu\/fr\/boutique\/"},{"@type":"ListItem","position":3,"name":"Dentifrice Sans Fluoride Aloe Vera Extra Frais"}]},{"@type":"WebSite","@id":"https:\/\/www.lraloeverashop.eu\/fr\/#website","url":"https:\/\/www.lraloeverashop.eu\/fr\/","name":"Boutique Lr Aloe Vera","description":"High Quality Lr Aloe Vera Gel, Aloe Vera Cream and Shampoo","publisher":{"@id":"https:\/\/www.lraloeverashop.eu\/fr\/#organization"},"potentialAction":[{"@type":"SearchAction","target":{"@type":"EntryPoint","urlTemplate":"https:\/\/www.lraloeverashop.eu\/fr\/?s={search_term_string}"},"query-input":{"@type":"PropertyValueSpecification","valueRequired":true,"valueName":"search_term_string"}}],"inLanguage":"fr-FR"},{"@type":"Organization","@id":"https:\/\/www.lraloeverashop.eu\/fr\/#organization","name":"Boutique Lr Aloe Vera","alternateName":"LR","url":"https:\/\/www.lraloeverashop.eu\/fr\/","logo":{"@type":"ImageObject","inLanguage":"fr-FR","@id":"https:\/\/www.lraloeverashop.eu\/fr\/#\/schema\/logo\/image\/","url":"https:\/\/www.lraloeverashop.eu\/wp-content\/uploads\/2022\/09\/cropped-Lr-Aloe-Vera-Shop.jpg","contentUrl":"https:\/\/www.lraloeverashop.eu\/wp-content\/uploads\/2022\/09\/cropped-Lr-Aloe-Vera-Shop.jpg","width":228,"height":76,"caption":"Boutique Lr Aloe Vera"},"image":{"@id":"https:\/\/www.lraloeverashop.eu\/fr\/#\/schema\/logo\/image\/"},"sameAs":["https:\/\/www.facebook.com\/lraloeverashop.eu","https:\/\/x.com\/natur__kosmetik","https:\/\/www.youtube.com\/channel\/UC5oN7BJ8nfYb8RpVtjwDEBA","https:\/\/www.instagram.com\/lrbeautyeu\/"]}]},"product_price_amount":"7.98","product_price_currency":"EUR","og_availability":"instock","product_availability":"instock","product_retailer_item_id":"20690-101FR","product_condition":"new"},"taxonomy_info":{"product_cat":[{"value":212,"label":"Aloe Vera"},{"value":254,"label":"Soins bucco-dentaires"}],"product_tag":[{"value":531,"label":"Dents"},{"value":526,"label":"Gencives"}]},"featured_image_src_large":["https:\/\/www.lraloeverashop.eu\/wp-content\/uploads\/2022\/10\/Aloe-Vera-Tooth-Gel-1024x1024.jpg",1024,1024,true],"author_info":[],"comment_info":0,"_links":{"self":[{"href":"https:\/\/www.lraloeverashop.eu\/fr\/wp-json\/wp\/v2\/product\/10817","targetHints":{"allow":["GET"]}}],"collection":[{"href":"https:\/\/www.lraloeverashop.eu\/fr\/wp-json\/wp\/v2\/product"}],"about":[{"href":"https:\/\/www.lraloeverashop.eu\/fr\/wp-json\/wp\/v2\/types\/product"}],"replies":[{"embeddable":true,"href":"https:\/\/www.lraloeverashop.eu\/fr\/wp-json\/wp\/v2\/comments?post=10817"}],"wp:featuredmedia":[{"embeddable":true,"href":"https:\/\/www.lraloeverashop.eu\/fr\/wp-json\/wp\/v2\/media\/4806"}],"wp:attachment":[{"href":"https:\/\/www.lraloeverashop.eu\/fr\/wp-json\/wp\/v2\/media?parent=10817"}],"wp:term":[{"taxonomy":"product_brand","embeddable":true,"href":"https:\/\/www.lraloeverashop.eu\/fr\/wp-json\/wp\/v2\/product_brand?post=10817"},{"taxonomy":"product_cat","embeddable":true,"href":"https:\/\/www.lraloeverashop.eu\/fr\/wp-json\/wp\/v2\/product_cat?post=10817"},{"taxonomy":"product_tag","embeddable":true,"href":"https:\/\/www.lraloeverashop.eu\/fr\/wp-json\/wp\/v2\/product_tag?post=10817"}],"curies":[{"name":"wp","href":"https:\/\/api.w.org\/{rel}","templated":true}]}}