{"id":10792,"date":"2022-10-09T17:04:18","date_gmt":"2022-10-09T15:04:18","guid":{"rendered":"https:\/\/www.lraloeverashop.eu\/product\/aloe-vera-set-pour-homme-iii\/"},"modified":"2026-02-02T20:24:14","modified_gmt":"2026-02-02T19:24:14","slug":"aloe-vera-set-pour-homme-iii","status":"publish","type":"product","link":"https:\/\/www.lraloeverashop.eu\/fr\/produit\/aloe-vera-set-pour-homme-iii\/","title":{"rendered":"Aloe Vera Set Pour Homme III"},"content":{"rendered":"<h2><span style=\"font-size: 16pt;\">Aloe Vera Set Pour Homme III<\/span><\/h2>\n<p><strong><span style=\"font-size: 14pt;\">Aloe Vera Set Pour Homme III &#8211; Tout ce dont un homme a besoin pour sa toilette quotidienne!<\/span><\/strong><\/p>\n<p>Il est important pour vous de toujours donner le meilleur de vous-m\u00eame ? Aloe Vera Set Pour Homme III, vous tirez le meilleur de vous-m\u00eame ! Des rituels de soins fonctionnels pour les vrais hommes avec un extrait de houblon biologique revitalisant, de <a href=\"https:\/\/www.lraloeverashop.eu\/fr\/produit\/aloe-vera-set-pour-homme-ii\/\">l&rsquo;aloe vera hydratant<\/a> et un parfum bois\u00e9 masculin.<\/p>\n<p><strong>Le set contient:<\/strong><\/p>\n<p><a href=\"https:\/\/www.lraloeverashop.eu\/fr\/produit\/shampooing-4en1-mens-essentials\/\"><strong>Shampoing Hommes 4en1 Aloe Vera <\/strong><\/a>nettoie en douceur et rafra\u00eechit tout votre corps en un seul geste. Un produit de douche pratique avec 15% d\u2019aloe vera et d\u2019extrait de houblon biologique. Le parfum irr\u00e9sistible, frais et bois\u00e9 compl\u00e8te l\u2019exp\u00e9rience de la douche.<\/p>\n<p>Il nettoie en douceur et de mani\u00e8re fiable la peau, les cheveux et la barbe et \u00e9limine les r\u00e9sidus des influences environnementales ext\u00e9rieures et des odeurs. Il hydrate de mani\u00e8re fiable la peau et les cheveux et laisse une sensation de fra\u00eecheur. Parfait pour la douche quotidienne.<\/p>\n<p><a href=\"https:\/\/www.lraloeverashop.eu\/fr\/produit\/aloe-vera-huile-visage-barbe\/\"><strong>Aloe Vera Huile Visage &amp; Barbe 2in1<\/strong><\/a> Pour les hommes avec une souplesse imm\u00e9diate pour votre peau et votre barbe! Avec de l\u2019aloe vera, de l\u2019extrait de houblon biologique et des huiles nourrissantes telles que l\u2019huile d\u2019argan, d\u2019amande, de jojoba et de tournesol, il <a href=\"https:\/\/www.lraloeverashop.eu\/fr\/produit\/gel-a-raser-transparent-aloe-vera\/\">prot\u00e8ge la peau<\/a> et les cheveux de la perte d\u2019humidit\u00e9.<\/p>\n<p>De plus, il nourrit la peau et les cheveux, laisse une sensation agr\u00e9able et soign\u00e9e car il s\u2019absorbe rapidement sans \u00eatre gras.<\/p>\n<p><a href=\"https:\/\/www.lraloeverashop.eu\/fr\/produit\/aloe-vera-baume-coiffant-pour-cheveux-et-barbe\/\"><strong>Aloe Vera Baume Coiffant Pour Cheveux et Barbe<\/strong><\/a> est le meilleur coiffant pour les cheveux et la barbe avec de l\u2019aloe vera et de l\u2019extrait de houblon biologique. Le baume coiffe et hydrate les cheveux et la barbe. L\u2019utilisation d\u2019un restaurateur de cheveux pr\u00e9vient la chute pr\u00e9matur\u00e9e des cheveux.<\/p>\n<p>Le Baume Cheveux et Barbe Aloe Vera donne de la tenue aux cheveux et assure un style de barbe et de coiffure parfait. Avec 15% d\u2019aloe vera et d\u2019extrait de houblon biologique, il hydrate, dompte les cheveux cr\u00e9pus et am\u00e9liore la facilit\u00e9 de coiffage. Accompagn\u00e9s d\u2019un parfum bois\u00e9 frais, la barbe et les cheveux re\u00e7oivent une brillance naturelle et une finition \u00e9l\u00e9gante. Peut pr\u00e9venir la <a href=\"https:\/\/www.lraloeverashop.eu\/fr\/produit\/box-beaute-homme-5en1\/\">perte de cheveux h\u00e9r\u00e9ditaire<\/a>.<\/p>\n<p>&nbsp;<\/p>\n<h3><span style=\"font-size: 16pt;\">Le saviez-vous?<\/span><\/h3>\n<p>L&rsquo;extrait de houblon bio est reconnu en cosm\u00e9tique pour ses propri\u00e9t\u00e9s soignantes et apaisantes. Le nombre \u00e9lev\u00e9 de flavono\u00efdes offre une bonne protection globale contre les radicaux libres. Les ingr\u00e9dients Kamperol et Querc\u00e9tine ont un puissant effet antioxydant et garantissent une peau douce et soign\u00e9e. Le houblon apaise \u00e9galement le cuir chevelu et ajoute de la force et de la pl\u00e9nitude aux cheveux.<\/p>\n<p>Aloe Vera Set Pour Homme III contient un gel douche 4en1 \u00e0 l&rsquo;Aloe Vera pour le visage, le corps, les cheveux et la barbe (250 ml) + une huile visage et barbe \u00e0 l&rsquo;Aloe Vera 2en1 (30 ml) + un baume coiffant cheveux et barbe \u00e0 l&rsquo;Aloe Vera 2en1 (50 ml)<\/p>\n","protected":false},"excerpt":{"rendered":"<ul>\n<li>Un nettoyage complet de la t\u00eate aux pieds<\/li>\n<li>Avec 15% d&rsquo;aloe vera et d&rsquo;extrait de houblon biologique<\/li>\n<li>1 x Huile visage et barbe,<\/li>\n<li>1 x Nettoyant pour le corps 4 en 1<\/li>\n<li>1 x Baume coiffant pour cheveux et barbe<\/li>\n<li>Fabriqu\u00e9 en Allemagne<\/li>\n<\/ul>\n<p style=\"text-align: left;\"><span style=\"color: #ff0000;\"><a style=\"color: #ff0000;\" href=\"https:\/\/shop.lrworld.com\/openpao?PHP=0vFlt7jT938BEnBI3a6e9w%3D%3D\"><span style=\"font-size: 14pt;\"><strong>Inscrivez-vous et \u00e9conomisez 35% sur chaque commande<\/strong><\/span><\/a><\/span><\/p>\n","protected":false},"featured_media":4836,"comment_status":"open","ping_status":"closed","template":"","meta":{"_kad_blocks_custom_css":"","_kad_blocks_head_custom_js":"","_kad_blocks_body_custom_js":"","_kad_blocks_footer_custom_js":"","_kadence_starter_templates_imported_post":false,"_kad_post_transparent":"default","_kad_post_title":"","_kad_post_layout":"default","_kad_post_sidebar_id":"","_kad_post_content_style":"default","_kad_post_vertical_padding":"default","_kad_post_feature":"","_kad_post_feature_position":"","_kad_post_header":false,"_kad_post_footer":false,"_kad_post_classname":""},"product_brand":[],"product_cat":[212,248,351],"product_tag":[518,529],"class_list":{"0":"post-10792","1":"product","2":"type-product","3":"status-publish","4":"has-post-thumbnail","6":"product_cat-aloe-vera-fr","7":"product_cat-soins-pour-homme","8":"product_cat-soldes","9":"product_tag-barbe","10":"product_tag-produits-pour-hommes","12":"first","13":"outofstock","14":"sale","15":"taxable","16":"shipping-taxable","17":"purchasable","18":"product-type-simple","19":"entry","20":"content-bg","21":"loop-entry"},"yoast_head":"<!-- This site is optimized with the Yoast SEO Premium plugin v27.3 (Yoast SEO v27.3) - https:\/\/yoast.com\/product\/yoast-seo-premium-wordpress\/ -->\n<title>Aloe Vera Set Pour Homme III - Tout ce dont un homme a besoin.<\/title>\n<meta name=\"description\" content=\"Aloe Vera Set Pour Homme III vous tirez le meilleur de vous-m\u00eame ! Des rituels de soins fonctionnels pour les vrais hommes avec de houblon revitalisant\" \/>\n<meta name=\"robots\" content=\"index, follow, max-snippet:-1, max-image-preview:large, max-video-preview:-1\" \/>\n<link rel=\"canonical\" href=\"https:\/\/www.lraloeverashop.eu\/fr\/produit\/aloe-vera-set-pour-homme-iii\/\" \/>\n<meta property=\"og:locale\" content=\"fr_FR\" \/>\n<meta property=\"og:type\" content=\"article\" \/>\n<meta property=\"og:title\" content=\"Aloe Vera Set Pour Homme III\" \/>\n<meta property=\"og:description\" content=\"Aloe Vera Set Pour Homme III vous tirez le meilleur de vous-m\u00eame ! Des rituels de soins fonctionnels pour les vrais hommes avec de houblon revitalisant\" \/>\n<meta property=\"og:url\" content=\"https:\/\/www.lraloeverashop.eu\/fr\/produit\/aloe-vera-set-pour-homme-iii\/\" \/>\n<meta property=\"og:site_name\" content=\"Boutique Lr Aloe Vera\" \/>\n<meta property=\"article:publisher\" content=\"https:\/\/www.facebook.com\/lraloeverashop.eu\" \/>\n<meta property=\"article:modified_time\" content=\"2026-02-02T19:24:14+00:00\" \/>\n<meta property=\"og:image\" content=\"https:\/\/www.lraloeverashop.eu\/wp-content\/uploads\/2022\/10\/Lr-Aloe-Vera-Men-Set-III.jpg\" \/>\n\t<meta property=\"og:image:width\" content=\"1200\" \/>\n\t<meta property=\"og:image:height\" content=\"1200\" \/>\n\t<meta property=\"og:image:type\" content=\"image\/jpeg\" \/>\n<meta name=\"twitter:card\" content=\"summary_large_image\" \/>\n<meta name=\"twitter:site\" content=\"@natur__kosmetik\" \/>\n<script type=\"application\/ld+json\" class=\"yoast-schema-graph\">{\"@context\":\"https:\\\/\\\/schema.org\",\"@graph\":[{\"@type\":[\"WebPage\",\"ItemPage\"],\"@id\":\"https:\\\/\\\/www.lraloeverashop.eu\\\/fr\\\/produit\\\/aloe-vera-set-pour-homme-iii\\\/\",\"url\":\"https:\\\/\\\/www.lraloeverashop.eu\\\/fr\\\/produit\\\/aloe-vera-set-pour-homme-iii\\\/\",\"name\":\"Aloe Vera Set Pour Homme III - Tout ce dont un homme a besoin.\",\"isPartOf\":{\"@id\":\"https:\\\/\\\/www.lraloeverashop.eu\\\/fr\\\/#website\"},\"primaryImageOfPage\":{\"@id\":\"https:\\\/\\\/www.lraloeverashop.eu\\\/fr\\\/produit\\\/aloe-vera-set-pour-homme-iii\\\/#primaryimage\"},\"image\":{\"@id\":\"https:\\\/\\\/www.lraloeverashop.eu\\\/fr\\\/produit\\\/aloe-vera-set-pour-homme-iii\\\/#primaryimage\"},\"thumbnailUrl\":\"https:\\\/\\\/www.lraloeverashop.eu\\\/wp-content\\\/uploads\\\/2022\\\/10\\\/Lr-Aloe-Vera-Men-Set-III.jpg\",\"datePublished\":\"2022-10-09T15:04:18+00:00\",\"dateModified\":\"2026-02-02T19:24:14+00:00\",\"description\":\"Aloe Vera Set Pour Homme III vous tirez le meilleur de vous-m\u00eame ! Des rituels de soins fonctionnels pour les vrais hommes avec de houblon revitalisant\",\"breadcrumb\":{\"@id\":\"https:\\\/\\\/www.lraloeverashop.eu\\\/fr\\\/produit\\\/aloe-vera-set-pour-homme-iii\\\/#breadcrumb\"},\"inLanguage\":\"fr-FR\",\"potentialAction\":[{\"@type\":\"ReadAction\",\"target\":[\"https:\\\/\\\/www.lraloeverashop.eu\\\/fr\\\/produit\\\/aloe-vera-set-pour-homme-iii\\\/\"]}]},{\"@type\":\"ImageObject\",\"inLanguage\":\"fr-FR\",\"@id\":\"https:\\\/\\\/www.lraloeverashop.eu\\\/fr\\\/produit\\\/aloe-vera-set-pour-homme-iii\\\/#primaryimage\",\"url\":\"https:\\\/\\\/www.lraloeverashop.eu\\\/wp-content\\\/uploads\\\/2022\\\/10\\\/Lr-Aloe-Vera-Men-Set-III.jpg\",\"contentUrl\":\"https:\\\/\\\/www.lraloeverashop.eu\\\/wp-content\\\/uploads\\\/2022\\\/10\\\/Lr-Aloe-Vera-Men-Set-III.jpg\",\"width\":1200,\"height\":1200,\"caption\":\"Lr Aloe Vera Set Pour Homme III\"},{\"@type\":\"BreadcrumbList\",\"@id\":\"https:\\\/\\\/www.lraloeverashop.eu\\\/fr\\\/produit\\\/aloe-vera-set-pour-homme-iii\\\/#breadcrumb\",\"itemListElement\":[{\"@type\":\"ListItem\",\"position\":1,\"name\":\"Home\",\"item\":\"https:\\\/\\\/www.lraloeverashop.eu\\\/fr\\\/\"},{\"@type\":\"ListItem\",\"position\":2,\"name\":\"Boutique\",\"item\":\"https:\\\/\\\/www.lraloeverashop.eu\\\/fr\\\/boutique\\\/\"},{\"@type\":\"ListItem\",\"position\":3,\"name\":\"Aloe Vera Set Pour Homme III\"}]},{\"@type\":\"WebSite\",\"@id\":\"https:\\\/\\\/www.lraloeverashop.eu\\\/fr\\\/#website\",\"url\":\"https:\\\/\\\/www.lraloeverashop.eu\\\/fr\\\/\",\"name\":\"Boutique Lr Aloe Vera\",\"description\":\"High Quality Lr Aloe Vera Gel, Aloe Vera Cream and Shampoo\",\"publisher\":{\"@id\":\"https:\\\/\\\/www.lraloeverashop.eu\\\/fr\\\/#organization\"},\"potentialAction\":[{\"@type\":\"SearchAction\",\"target\":{\"@type\":\"EntryPoint\",\"urlTemplate\":\"https:\\\/\\\/www.lraloeverashop.eu\\\/fr\\\/?s={search_term_string}\"},\"query-input\":{\"@type\":\"PropertyValueSpecification\",\"valueRequired\":true,\"valueName\":\"search_term_string\"}}],\"inLanguage\":\"fr-FR\"},{\"@type\":\"Organization\",\"@id\":\"https:\\\/\\\/www.lraloeverashop.eu\\\/fr\\\/#organization\",\"name\":\"Boutique Lr Aloe Vera\",\"alternateName\":\"LR\",\"url\":\"https:\\\/\\\/www.lraloeverashop.eu\\\/fr\\\/\",\"logo\":{\"@type\":\"ImageObject\",\"inLanguage\":\"fr-FR\",\"@id\":\"https:\\\/\\\/www.lraloeverashop.eu\\\/fr\\\/#\\\/schema\\\/logo\\\/image\\\/\",\"url\":\"https:\\\/\\\/www.lraloeverashop.eu\\\/wp-content\\\/uploads\\\/2022\\\/09\\\/cropped-Lr-Aloe-Vera-Shop.jpg\",\"contentUrl\":\"https:\\\/\\\/www.lraloeverashop.eu\\\/wp-content\\\/uploads\\\/2022\\\/09\\\/cropped-Lr-Aloe-Vera-Shop.jpg\",\"width\":228,\"height\":76,\"caption\":\"Boutique Lr Aloe Vera\"},\"image\":{\"@id\":\"https:\\\/\\\/www.lraloeverashop.eu\\\/fr\\\/#\\\/schema\\\/logo\\\/image\\\/\"},\"sameAs\":[\"https:\\\/\\\/www.facebook.com\\\/lraloeverashop.eu\",\"https:\\\/\\\/x.com\\\/natur__kosmetik\",\"https:\\\/\\\/www.youtube.com\\\/channel\\\/UC5oN7BJ8nfYb8RpVtjwDEBA\",\"https:\\\/\\\/www.instagram.com\\\/lrbeautyeu\\\/\"]}]}<\/script>\n<meta property=\"product:price:amount\" content=\"43.99\" \/>\n<meta property=\"product:price:currency\" content=\"EUR\" \/>\n<meta property=\"og:availability\" content=\"out of stock\" \/>\n<meta property=\"product:availability\" content=\"out of stock\" \/>\n<meta property=\"product:retailer_item_id\" content=\"20441-1FR\" \/>\n<meta property=\"product:condition\" content=\"new\" \/>\n<!-- \/ Yoast SEO Premium plugin. -->","yoast_head_json":{"title":"Aloe Vera Set Pour Homme III - Tout ce dont un homme a besoin.","description":"Aloe Vera Set Pour Homme III vous tirez le meilleur de vous-m\u00eame ! Des rituels de soins fonctionnels pour les vrais hommes avec de houblon revitalisant","robots":{"index":"index","follow":"follow","max-snippet":"max-snippet:-1","max-image-preview":"max-image-preview:large","max-video-preview":"max-video-preview:-1"},"canonical":"https:\/\/www.lraloeverashop.eu\/fr\/produit\/aloe-vera-set-pour-homme-iii\/","og_locale":"fr_FR","og_type":"article","og_title":"Aloe Vera Set Pour Homme III","og_description":"Aloe Vera Set Pour Homme III vous tirez le meilleur de vous-m\u00eame ! Des rituels de soins fonctionnels pour les vrais hommes avec de houblon revitalisant","og_url":"https:\/\/www.lraloeverashop.eu\/fr\/produit\/aloe-vera-set-pour-homme-iii\/","og_site_name":"Boutique Lr Aloe Vera","article_publisher":"https:\/\/www.facebook.com\/lraloeverashop.eu","article_modified_time":"2026-02-02T19:24:14+00:00","og_image":[{"width":1200,"height":1200,"url":"https:\/\/www.lraloeverashop.eu\/wp-content\/uploads\/2022\/10\/Lr-Aloe-Vera-Men-Set-III.jpg","type":"image\/jpeg"}],"twitter_card":"summary_large_image","twitter_site":"@natur__kosmetik","schema":{"@context":"https:\/\/schema.org","@graph":[{"@type":["WebPage","ItemPage"],"@id":"https:\/\/www.lraloeverashop.eu\/fr\/produit\/aloe-vera-set-pour-homme-iii\/","url":"https:\/\/www.lraloeverashop.eu\/fr\/produit\/aloe-vera-set-pour-homme-iii\/","name":"Aloe Vera Set Pour Homme III - Tout ce dont un homme a besoin.","isPartOf":{"@id":"https:\/\/www.lraloeverashop.eu\/fr\/#website"},"primaryImageOfPage":{"@id":"https:\/\/www.lraloeverashop.eu\/fr\/produit\/aloe-vera-set-pour-homme-iii\/#primaryimage"},"image":{"@id":"https:\/\/www.lraloeverashop.eu\/fr\/produit\/aloe-vera-set-pour-homme-iii\/#primaryimage"},"thumbnailUrl":"https:\/\/www.lraloeverashop.eu\/wp-content\/uploads\/2022\/10\/Lr-Aloe-Vera-Men-Set-III.jpg","datePublished":"2022-10-09T15:04:18+00:00","dateModified":"2026-02-02T19:24:14+00:00","description":"Aloe Vera Set Pour Homme III vous tirez le meilleur de vous-m\u00eame ! Des rituels de soins fonctionnels pour les vrais hommes avec de houblon revitalisant","breadcrumb":{"@id":"https:\/\/www.lraloeverashop.eu\/fr\/produit\/aloe-vera-set-pour-homme-iii\/#breadcrumb"},"inLanguage":"fr-FR","potentialAction":[{"@type":"ReadAction","target":["https:\/\/www.lraloeverashop.eu\/fr\/produit\/aloe-vera-set-pour-homme-iii\/"]}]},{"@type":"ImageObject","inLanguage":"fr-FR","@id":"https:\/\/www.lraloeverashop.eu\/fr\/produit\/aloe-vera-set-pour-homme-iii\/#primaryimage","url":"https:\/\/www.lraloeverashop.eu\/wp-content\/uploads\/2022\/10\/Lr-Aloe-Vera-Men-Set-III.jpg","contentUrl":"https:\/\/www.lraloeverashop.eu\/wp-content\/uploads\/2022\/10\/Lr-Aloe-Vera-Men-Set-III.jpg","width":1200,"height":1200,"caption":"Lr Aloe Vera Set Pour Homme III"},{"@type":"BreadcrumbList","@id":"https:\/\/www.lraloeverashop.eu\/fr\/produit\/aloe-vera-set-pour-homme-iii\/#breadcrumb","itemListElement":[{"@type":"ListItem","position":1,"name":"Home","item":"https:\/\/www.lraloeverashop.eu\/fr\/"},{"@type":"ListItem","position":2,"name":"Boutique","item":"https:\/\/www.lraloeverashop.eu\/fr\/boutique\/"},{"@type":"ListItem","position":3,"name":"Aloe Vera Set Pour Homme III"}]},{"@type":"WebSite","@id":"https:\/\/www.lraloeverashop.eu\/fr\/#website","url":"https:\/\/www.lraloeverashop.eu\/fr\/","name":"Boutique Lr Aloe Vera","description":"High Quality Lr Aloe Vera Gel, Aloe Vera Cream and Shampoo","publisher":{"@id":"https:\/\/www.lraloeverashop.eu\/fr\/#organization"},"potentialAction":[{"@type":"SearchAction","target":{"@type":"EntryPoint","urlTemplate":"https:\/\/www.lraloeverashop.eu\/fr\/?s={search_term_string}"},"query-input":{"@type":"PropertyValueSpecification","valueRequired":true,"valueName":"search_term_string"}}],"inLanguage":"fr-FR"},{"@type":"Organization","@id":"https:\/\/www.lraloeverashop.eu\/fr\/#organization","name":"Boutique Lr Aloe Vera","alternateName":"LR","url":"https:\/\/www.lraloeverashop.eu\/fr\/","logo":{"@type":"ImageObject","inLanguage":"fr-FR","@id":"https:\/\/www.lraloeverashop.eu\/fr\/#\/schema\/logo\/image\/","url":"https:\/\/www.lraloeverashop.eu\/wp-content\/uploads\/2022\/09\/cropped-Lr-Aloe-Vera-Shop.jpg","contentUrl":"https:\/\/www.lraloeverashop.eu\/wp-content\/uploads\/2022\/09\/cropped-Lr-Aloe-Vera-Shop.jpg","width":228,"height":76,"caption":"Boutique Lr Aloe Vera"},"image":{"@id":"https:\/\/www.lraloeverashop.eu\/fr\/#\/schema\/logo\/image\/"},"sameAs":["https:\/\/www.facebook.com\/lraloeverashop.eu","https:\/\/x.com\/natur__kosmetik","https:\/\/www.youtube.com\/channel\/UC5oN7BJ8nfYb8RpVtjwDEBA","https:\/\/www.instagram.com\/lrbeautyeu\/"]}]},"product_price_amount":"43.99","product_price_currency":"EUR","og_availability":"out of stock","product_availability":"out of stock","product_retailer_item_id":"20441-1FR","product_condition":"new"},"taxonomy_info":{"product_cat":[{"value":212,"label":"Aloe Vera"},{"value":248,"label":"Soins pour homme"},{"value":351,"label":"Soldes"}],"product_tag":[{"value":518,"label":"Barbe"},{"value":529,"label":"Produits pour hommes"}]},"featured_image_src_large":["https:\/\/www.lraloeverashop.eu\/wp-content\/uploads\/2022\/10\/Lr-Aloe-Vera-Men-Set-III-1024x1024.jpg",1024,1024,true],"author_info":[],"comment_info":0,"_links":{"self":[{"href":"https:\/\/www.lraloeverashop.eu\/fr\/wp-json\/wp\/v2\/product\/10792","targetHints":{"allow":["GET"]}}],"collection":[{"href":"https:\/\/www.lraloeverashop.eu\/fr\/wp-json\/wp\/v2\/product"}],"about":[{"href":"https:\/\/www.lraloeverashop.eu\/fr\/wp-json\/wp\/v2\/types\/product"}],"replies":[{"embeddable":true,"href":"https:\/\/www.lraloeverashop.eu\/fr\/wp-json\/wp\/v2\/comments?post=10792"}],"wp:featuredmedia":[{"embeddable":true,"href":"https:\/\/www.lraloeverashop.eu\/fr\/wp-json\/wp\/v2\/media\/4836"}],"wp:attachment":[{"href":"https:\/\/www.lraloeverashop.eu\/fr\/wp-json\/wp\/v2\/media?parent=10792"}],"wp:term":[{"taxonomy":"product_brand","embeddable":true,"href":"https:\/\/www.lraloeverashop.eu\/fr\/wp-json\/wp\/v2\/product_brand?post=10792"},{"taxonomy":"product_cat","embeddable":true,"href":"https:\/\/www.lraloeverashop.eu\/fr\/wp-json\/wp\/v2\/product_cat?post=10792"},{"taxonomy":"product_tag","embeddable":true,"href":"https:\/\/www.lraloeverashop.eu\/fr\/wp-json\/wp\/v2\/product_tag?post=10792"}],"curies":[{"name":"wp","href":"https:\/\/api.w.org\/{rel}","templated":true}]}}