{"id":10780,"date":"2022-10-09T17:30:17","date_gmt":"2022-10-09T15:30:17","guid":{"rendered":"https:\/\/www.lraloeverashop.eu\/product\/shampooing-4en1-mens-essentials\/"},"modified":"2026-02-02T20:23:59","modified_gmt":"2026-02-02T19:23:59","slug":"shampooing-4en1-mens-essentials","status":"publish","type":"product","link":"https:\/\/www.lraloeverashop.eu\/fr\/produit\/shampooing-4en1-mens-essentials\/","title":{"rendered":"Shampoing Hommes 4en1 Aloe Vera"},"content":{"rendered":"<h2><span style=\"font-size: 16pt;\">Shampoing Hommes 4en1 Aloe Vera<\/span><\/h2>\n<p><strong><span style=\"font-size: 14pt;\">Shampoing Hommes 4en1 Aloe Vera pour corps, visage, cheveux et barbe<\/span><\/strong><\/p>\n<p>Le Shampoing Gel Douche 4en1 nettoie en douceur et rafra\u00eechit tout votre corps en un seul geste. Un produit de <a href=\"https:\/\/www.lraloeverashop.eu\/fr\/produit\/aloe-vera-set-pour-homme-iii\/\">douche<\/a> pratique avec 15% d&rsquo;aloe vera et d&rsquo;extrait de houblon biologique. Le parfum irr\u00e9sistible, frais et bois\u00e9 compl\u00e8te l&rsquo;exp\u00e9rience de la douche.<\/p>\n<p>Il nettoie en douceur et de mani\u00e8re fiable la peau, les <a href=\"https:\/\/www.lraloeverashop.eu\/fr\/produit\/aloe-vera-nutri-repair-shampoing\/\">cheveux<\/a> et la barbe et \u00e9limine les r\u00e9sidus des influences environnementales ext\u00e9rieures et des odeurs. Il hydrate de mani\u00e8re fiable la peau et les <a href=\"https:\/\/www.lraloeverashop.eu\/fr\/produit\/aloe-vera-huile-visage-barbe\/\">cheveux<\/a> et laisse une sensation de fra\u00eecheur. Parfait pour la douche quotidienne.<\/p>\n<p>&nbsp;<\/p>\n<h3><span style=\"font-size: 16pt;\">Comment utiliser<\/span><\/h3>\n<p>R\u00e9partir sur l&rsquo;ensemble du corps sous la <a href=\"https:\/\/www.lraloeverashop.eu\/fr\/produit\/aloe-vera-gel-douche-relaxant\/\">douche<\/a>, faire mousser l\u00e9g\u00e8rement et rincer \u00e0 l&rsquo;eau.<\/p>\n","protected":false},"excerpt":{"rendered":"<ul>\n<li>Nouveau et limit\u00e9<\/li>\n<li>Nettoyage polyvalent de la t\u00eate aux pieds<\/li>\n<li>Avec 15% d&rsquo;Aloe Vera et d&rsquo;extrait de houblon biologique<\/li>\n<li>Fabriqu\u00e9 en Allemagne<\/li>\n<li>Contenu: 250 ml<\/li>\n<\/ul>\n<p style=\"text-align: left;\"><span style=\"color: #ff0000;\"><a style=\"color: #ff0000;\" href=\"https:\/\/shop.lrworld.com\/openpao?PHP=0vFlt7jT938BEnBI3a6e9w%3D%3D\"><span style=\"font-size: 14pt;\"><strong>Inscrivez-vous et \u00e9conomisez 35% sur chaque commande<\/strong><\/span><\/a><\/span><\/p>\n","protected":false},"featured_media":4842,"comment_status":"open","ping_status":"closed","template":"","meta":{"_kad_blocks_custom_css":"","_kad_blocks_head_custom_js":"","_kad_blocks_body_custom_js":"","_kad_blocks_footer_custom_js":"","_kadence_starter_templates_imported_post":false,"_kad_post_transparent":"default","_kad_post_title":"","_kad_post_layout":"default","_kad_post_sidebar_id":"","_kad_post_content_style":"default","_kad_post_vertical_padding":"default","_kad_post_feature":"","_kad_post_feature_position":"","_kad_post_header":false,"_kad_post_footer":false,"_kad_post_classname":""},"product_brand":[],"product_cat":[212,227,224,248],"product_tag":[518,647,529],"class_list":{"0":"post-10780","1":"product","2":"type-product","3":"status-publish","4":"has-post-thumbnail","6":"product_cat-aloe-vera-fr","7":"product_cat-soins-des-cheveux","8":"product_cat-soins-du-corps","9":"product_cat-soins-pour-homme","10":"product_tag-barbe","11":"product_tag-gel-douche","12":"product_tag-produits-pour-hommes","14":"first","15":"instock","16":"taxable","17":"shipping-taxable","18":"purchasable","19":"product-type-simple","20":"entry","21":"content-bg","22":"loop-entry"},"yoast_head":"<!-- This site is optimized with the Yoast SEO Premium plugin v27.3 (Yoast SEO v27.3) - https:\/\/yoast.com\/product\/yoast-seo-premium-wordpress\/ -->\n<title>Shampoing Hommes Aloe Vera pour corps, visage, cheveux, barbe<\/title>\n<meta name=\"description\" content=\"Shampoing Hommes Aloe Vera pour corps, visage, cheveux et barbe nettoie en douceur et rafra\u00eechit tout votre corps en une seule \u00e9tape. Avec 15% Aloe Vera\" \/>\n<meta name=\"robots\" content=\"index, follow, max-snippet:-1, max-image-preview:large, max-video-preview:-1\" \/>\n<link rel=\"canonical\" href=\"https:\/\/www.lraloeverashop.eu\/fr\/produit\/shampooing-4en1-mens-essentials\/\" \/>\n<meta property=\"og:locale\" content=\"fr_FR\" \/>\n<meta property=\"og:type\" content=\"article\" \/>\n<meta property=\"og:title\" content=\"Shampoing Hommes 4en1 Aloe Vera\" \/>\n<meta property=\"og:description\" content=\"Shampoing Hommes Aloe Vera pour corps, visage, cheveux et barbe nettoie en douceur et rafra\u00eechit tout votre corps en une seule \u00e9tape. Avec 15% Aloe Vera\" \/>\n<meta property=\"og:url\" content=\"https:\/\/www.lraloeverashop.eu\/fr\/produit\/shampooing-4en1-mens-essentials\/\" \/>\n<meta property=\"og:site_name\" content=\"Boutique Lr Aloe Vera\" \/>\n<meta property=\"article:publisher\" content=\"https:\/\/www.facebook.com\/lraloeverashop.eu\" \/>\n<meta property=\"article:modified_time\" content=\"2026-02-02T19:23:59+00:00\" \/>\n<meta property=\"og:image\" content=\"https:\/\/www.lraloeverashop.eu\/wp-content\/uploads\/2022\/10\/Lr-Aloe-Vera-Mens-Essentials-Shampoo.jpg\" \/>\n\t<meta property=\"og:image:width\" content=\"1200\" \/>\n\t<meta property=\"og:image:height\" content=\"1200\" \/>\n\t<meta property=\"og:image:type\" content=\"image\/jpeg\" \/>\n<meta name=\"twitter:card\" content=\"summary_large_image\" \/>\n<meta name=\"twitter:site\" content=\"@natur__kosmetik\" \/>\n<script type=\"application\/ld+json\" class=\"yoast-schema-graph\">{\"@context\":\"https:\\\/\\\/schema.org\",\"@graph\":[{\"@type\":[\"WebPage\",\"ItemPage\"],\"@id\":\"https:\\\/\\\/www.lraloeverashop.eu\\\/fr\\\/produit\\\/shampooing-4en1-mens-essentials\\\/\",\"url\":\"https:\\\/\\\/www.lraloeverashop.eu\\\/fr\\\/produit\\\/shampooing-4en1-mens-essentials\\\/\",\"name\":\"Shampoing Hommes Aloe Vera pour corps, visage, cheveux, barbe\",\"isPartOf\":{\"@id\":\"https:\\\/\\\/www.lraloeverashop.eu\\\/fr\\\/#website\"},\"primaryImageOfPage\":{\"@id\":\"https:\\\/\\\/www.lraloeverashop.eu\\\/fr\\\/produit\\\/shampooing-4en1-mens-essentials\\\/#primaryimage\"},\"image\":{\"@id\":\"https:\\\/\\\/www.lraloeverashop.eu\\\/fr\\\/produit\\\/shampooing-4en1-mens-essentials\\\/#primaryimage\"},\"thumbnailUrl\":\"https:\\\/\\\/www.lraloeverashop.eu\\\/wp-content\\\/uploads\\\/2022\\\/10\\\/Lr-Aloe-Vera-Mens-Essentials-Shampoo.jpg\",\"datePublished\":\"2022-10-09T15:30:17+00:00\",\"dateModified\":\"2026-02-02T19:23:59+00:00\",\"description\":\"Shampoing Hommes Aloe Vera pour corps, visage, cheveux et barbe nettoie en douceur et rafra\u00eechit tout votre corps en une seule \u00e9tape. Avec 15% Aloe Vera\",\"breadcrumb\":{\"@id\":\"https:\\\/\\\/www.lraloeverashop.eu\\\/fr\\\/produit\\\/shampooing-4en1-mens-essentials\\\/#breadcrumb\"},\"inLanguage\":\"fr-FR\",\"potentialAction\":[{\"@type\":\"ReadAction\",\"target\":[\"https:\\\/\\\/www.lraloeverashop.eu\\\/fr\\\/produit\\\/shampooing-4en1-mens-essentials\\\/\"]}]},{\"@type\":\"ImageObject\",\"inLanguage\":\"fr-FR\",\"@id\":\"https:\\\/\\\/www.lraloeverashop.eu\\\/fr\\\/produit\\\/shampooing-4en1-mens-essentials\\\/#primaryimage\",\"url\":\"https:\\\/\\\/www.lraloeverashop.eu\\\/wp-content\\\/uploads\\\/2022\\\/10\\\/Lr-Aloe-Vera-Mens-Essentials-Shampoo.jpg\",\"contentUrl\":\"https:\\\/\\\/www.lraloeverashop.eu\\\/wp-content\\\/uploads\\\/2022\\\/10\\\/Lr-Aloe-Vera-Mens-Essentials-Shampoo.jpg\",\"width\":1200,\"height\":1200,\"caption\":\"Lr Shampooing Homme 4en1 Men's Essentials\"},{\"@type\":\"BreadcrumbList\",\"@id\":\"https:\\\/\\\/www.lraloeverashop.eu\\\/fr\\\/produit\\\/shampooing-4en1-mens-essentials\\\/#breadcrumb\",\"itemListElement\":[{\"@type\":\"ListItem\",\"position\":1,\"name\":\"Home\",\"item\":\"https:\\\/\\\/www.lraloeverashop.eu\\\/fr\\\/\"},{\"@type\":\"ListItem\",\"position\":2,\"name\":\"Boutique\",\"item\":\"https:\\\/\\\/www.lraloeverashop.eu\\\/fr\\\/boutique\\\/\"},{\"@type\":\"ListItem\",\"position\":3,\"name\":\"Shampoing Hommes 4en1 Aloe Vera\"}]},{\"@type\":\"WebSite\",\"@id\":\"https:\\\/\\\/www.lraloeverashop.eu\\\/fr\\\/#website\",\"url\":\"https:\\\/\\\/www.lraloeverashop.eu\\\/fr\\\/\",\"name\":\"Boutique Lr Aloe Vera\",\"description\":\"High Quality Lr Aloe Vera Gel, Aloe Vera Cream and Shampoo\",\"publisher\":{\"@id\":\"https:\\\/\\\/www.lraloeverashop.eu\\\/fr\\\/#organization\"},\"potentialAction\":[{\"@type\":\"SearchAction\",\"target\":{\"@type\":\"EntryPoint\",\"urlTemplate\":\"https:\\\/\\\/www.lraloeverashop.eu\\\/fr\\\/?s={search_term_string}\"},\"query-input\":{\"@type\":\"PropertyValueSpecification\",\"valueRequired\":true,\"valueName\":\"search_term_string\"}}],\"inLanguage\":\"fr-FR\"},{\"@type\":\"Organization\",\"@id\":\"https:\\\/\\\/www.lraloeverashop.eu\\\/fr\\\/#organization\",\"name\":\"Boutique Lr Aloe Vera\",\"alternateName\":\"LR\",\"url\":\"https:\\\/\\\/www.lraloeverashop.eu\\\/fr\\\/\",\"logo\":{\"@type\":\"ImageObject\",\"inLanguage\":\"fr-FR\",\"@id\":\"https:\\\/\\\/www.lraloeverashop.eu\\\/fr\\\/#\\\/schema\\\/logo\\\/image\\\/\",\"url\":\"https:\\\/\\\/www.lraloeverashop.eu\\\/wp-content\\\/uploads\\\/2022\\\/09\\\/cropped-Lr-Aloe-Vera-Shop.jpg\",\"contentUrl\":\"https:\\\/\\\/www.lraloeverashop.eu\\\/wp-content\\\/uploads\\\/2022\\\/09\\\/cropped-Lr-Aloe-Vera-Shop.jpg\",\"width\":228,\"height\":76,\"caption\":\"Boutique Lr Aloe Vera\"},\"image\":{\"@id\":\"https:\\\/\\\/www.lraloeverashop.eu\\\/fr\\\/#\\\/schema\\\/logo\\\/image\\\/\"},\"sameAs\":[\"https:\\\/\\\/www.facebook.com\\\/lraloeverashop.eu\",\"https:\\\/\\\/x.com\\\/natur__kosmetik\",\"https:\\\/\\\/www.youtube.com\\\/channel\\\/UC5oN7BJ8nfYb8RpVtjwDEBA\",\"https:\\\/\\\/www.instagram.com\\\/lrbeautyeu\\\/\"]}]}<\/script>\n<meta property=\"product:price:amount\" content=\"16.79\" \/>\n<meta property=\"product:price:currency\" content=\"EUR\" \/>\n<meta property=\"og:availability\" content=\"instock\" \/>\n<meta property=\"product:availability\" content=\"instock\" \/>\n<meta property=\"product:retailer_item_id\" content=\"20436-101FR\" \/>\n<meta property=\"product:condition\" content=\"new\" \/>\n<!-- \/ Yoast SEO Premium plugin. -->","yoast_head_json":{"title":"Shampoing Hommes Aloe Vera pour corps, visage, cheveux, barbe","description":"Shampoing Hommes Aloe Vera pour corps, visage, cheveux et barbe nettoie en douceur et rafra\u00eechit tout votre corps en une seule \u00e9tape. Avec 15% Aloe Vera","robots":{"index":"index","follow":"follow","max-snippet":"max-snippet:-1","max-image-preview":"max-image-preview:large","max-video-preview":"max-video-preview:-1"},"canonical":"https:\/\/www.lraloeverashop.eu\/fr\/produit\/shampooing-4en1-mens-essentials\/","og_locale":"fr_FR","og_type":"article","og_title":"Shampoing Hommes 4en1 Aloe Vera","og_description":"Shampoing Hommes Aloe Vera pour corps, visage, cheveux et barbe nettoie en douceur et rafra\u00eechit tout votre corps en une seule \u00e9tape. Avec 15% Aloe Vera","og_url":"https:\/\/www.lraloeverashop.eu\/fr\/produit\/shampooing-4en1-mens-essentials\/","og_site_name":"Boutique Lr Aloe Vera","article_publisher":"https:\/\/www.facebook.com\/lraloeverashop.eu","article_modified_time":"2026-02-02T19:23:59+00:00","og_image":[{"width":1200,"height":1200,"url":"https:\/\/www.lraloeverashop.eu\/wp-content\/uploads\/2022\/10\/Lr-Aloe-Vera-Mens-Essentials-Shampoo.jpg","type":"image\/jpeg"}],"twitter_card":"summary_large_image","twitter_site":"@natur__kosmetik","schema":{"@context":"https:\/\/schema.org","@graph":[{"@type":["WebPage","ItemPage"],"@id":"https:\/\/www.lraloeverashop.eu\/fr\/produit\/shampooing-4en1-mens-essentials\/","url":"https:\/\/www.lraloeverashop.eu\/fr\/produit\/shampooing-4en1-mens-essentials\/","name":"Shampoing Hommes Aloe Vera pour corps, visage, cheveux, barbe","isPartOf":{"@id":"https:\/\/www.lraloeverashop.eu\/fr\/#website"},"primaryImageOfPage":{"@id":"https:\/\/www.lraloeverashop.eu\/fr\/produit\/shampooing-4en1-mens-essentials\/#primaryimage"},"image":{"@id":"https:\/\/www.lraloeverashop.eu\/fr\/produit\/shampooing-4en1-mens-essentials\/#primaryimage"},"thumbnailUrl":"https:\/\/www.lraloeverashop.eu\/wp-content\/uploads\/2022\/10\/Lr-Aloe-Vera-Mens-Essentials-Shampoo.jpg","datePublished":"2022-10-09T15:30:17+00:00","dateModified":"2026-02-02T19:23:59+00:00","description":"Shampoing Hommes Aloe Vera pour corps, visage, cheveux et barbe nettoie en douceur et rafra\u00eechit tout votre corps en une seule \u00e9tape. Avec 15% Aloe Vera","breadcrumb":{"@id":"https:\/\/www.lraloeverashop.eu\/fr\/produit\/shampooing-4en1-mens-essentials\/#breadcrumb"},"inLanguage":"fr-FR","potentialAction":[{"@type":"ReadAction","target":["https:\/\/www.lraloeverashop.eu\/fr\/produit\/shampooing-4en1-mens-essentials\/"]}]},{"@type":"ImageObject","inLanguage":"fr-FR","@id":"https:\/\/www.lraloeverashop.eu\/fr\/produit\/shampooing-4en1-mens-essentials\/#primaryimage","url":"https:\/\/www.lraloeverashop.eu\/wp-content\/uploads\/2022\/10\/Lr-Aloe-Vera-Mens-Essentials-Shampoo.jpg","contentUrl":"https:\/\/www.lraloeverashop.eu\/wp-content\/uploads\/2022\/10\/Lr-Aloe-Vera-Mens-Essentials-Shampoo.jpg","width":1200,"height":1200,"caption":"Lr Shampooing Homme 4en1 Men's Essentials"},{"@type":"BreadcrumbList","@id":"https:\/\/www.lraloeverashop.eu\/fr\/produit\/shampooing-4en1-mens-essentials\/#breadcrumb","itemListElement":[{"@type":"ListItem","position":1,"name":"Home","item":"https:\/\/www.lraloeverashop.eu\/fr\/"},{"@type":"ListItem","position":2,"name":"Boutique","item":"https:\/\/www.lraloeverashop.eu\/fr\/boutique\/"},{"@type":"ListItem","position":3,"name":"Shampoing Hommes 4en1 Aloe Vera"}]},{"@type":"WebSite","@id":"https:\/\/www.lraloeverashop.eu\/fr\/#website","url":"https:\/\/www.lraloeverashop.eu\/fr\/","name":"Boutique Lr Aloe Vera","description":"High Quality Lr Aloe Vera Gel, Aloe Vera Cream and Shampoo","publisher":{"@id":"https:\/\/www.lraloeverashop.eu\/fr\/#organization"},"potentialAction":[{"@type":"SearchAction","target":{"@type":"EntryPoint","urlTemplate":"https:\/\/www.lraloeverashop.eu\/fr\/?s={search_term_string}"},"query-input":{"@type":"PropertyValueSpecification","valueRequired":true,"valueName":"search_term_string"}}],"inLanguage":"fr-FR"},{"@type":"Organization","@id":"https:\/\/www.lraloeverashop.eu\/fr\/#organization","name":"Boutique Lr Aloe Vera","alternateName":"LR","url":"https:\/\/www.lraloeverashop.eu\/fr\/","logo":{"@type":"ImageObject","inLanguage":"fr-FR","@id":"https:\/\/www.lraloeverashop.eu\/fr\/#\/schema\/logo\/image\/","url":"https:\/\/www.lraloeverashop.eu\/wp-content\/uploads\/2022\/09\/cropped-Lr-Aloe-Vera-Shop.jpg","contentUrl":"https:\/\/www.lraloeverashop.eu\/wp-content\/uploads\/2022\/09\/cropped-Lr-Aloe-Vera-Shop.jpg","width":228,"height":76,"caption":"Boutique Lr Aloe Vera"},"image":{"@id":"https:\/\/www.lraloeverashop.eu\/fr\/#\/schema\/logo\/image\/"},"sameAs":["https:\/\/www.facebook.com\/lraloeverashop.eu","https:\/\/x.com\/natur__kosmetik","https:\/\/www.youtube.com\/channel\/UC5oN7BJ8nfYb8RpVtjwDEBA","https:\/\/www.instagram.com\/lrbeautyeu\/"]}]},"product_price_amount":"16.79","product_price_currency":"EUR","og_availability":"instock","product_availability":"instock","product_retailer_item_id":"20436-101FR","product_condition":"new"},"taxonomy_info":{"product_cat":[{"value":212,"label":"Aloe Vera"},{"value":227,"label":"Soins des cheveux"},{"value":224,"label":"Soins du corps"},{"value":248,"label":"Soins pour homme"}],"product_tag":[{"value":518,"label":"Barbe"},{"value":647,"label":"Gel douche"},{"value":529,"label":"Produits pour hommes"}]},"featured_image_src_large":["https:\/\/www.lraloeverashop.eu\/wp-content\/uploads\/2022\/10\/Lr-Aloe-Vera-Mens-Essentials-Shampoo-1024x1024.jpg",1024,1024,true],"author_info":[],"comment_info":0,"_links":{"self":[{"href":"https:\/\/www.lraloeverashop.eu\/fr\/wp-json\/wp\/v2\/product\/10780","targetHints":{"allow":["GET"]}}],"collection":[{"href":"https:\/\/www.lraloeverashop.eu\/fr\/wp-json\/wp\/v2\/product"}],"about":[{"href":"https:\/\/www.lraloeverashop.eu\/fr\/wp-json\/wp\/v2\/types\/product"}],"replies":[{"embeddable":true,"href":"https:\/\/www.lraloeverashop.eu\/fr\/wp-json\/wp\/v2\/comments?post=10780"}],"wp:featuredmedia":[{"embeddable":true,"href":"https:\/\/www.lraloeverashop.eu\/fr\/wp-json\/wp\/v2\/media\/4842"}],"wp:attachment":[{"href":"https:\/\/www.lraloeverashop.eu\/fr\/wp-json\/wp\/v2\/media?parent=10780"}],"wp:term":[{"taxonomy":"product_brand","embeddable":true,"href":"https:\/\/www.lraloeverashop.eu\/fr\/wp-json\/wp\/v2\/product_brand?post=10780"},{"taxonomy":"product_cat","embeddable":true,"href":"https:\/\/www.lraloeverashop.eu\/fr\/wp-json\/wp\/v2\/product_cat?post=10780"},{"taxonomy":"product_tag","embeddable":true,"href":"https:\/\/www.lraloeverashop.eu\/fr\/wp-json\/wp\/v2\/product_tag?post=10780"}],"curies":[{"name":"wp","href":"https:\/\/api.w.org\/{rel}","templated":true}]}}