{"id":10732,"date":"2022-10-09T18:07:55","date_gmt":"2022-10-09T16:07:55","guid":{"rendered":"https:\/\/www.lraloeverashop.eu\/product\/baume-apres-rasage-a-laloe-vera\/"},"modified":"2026-02-02T20:22:50","modified_gmt":"2026-02-02T19:22:50","slug":"baume-apres-rasage-a-laloe-vera","status":"publish","type":"product","link":"https:\/\/www.lraloeverashop.eu\/fr\/produit\/baume-apres-rasage-a-laloe-vera\/","title":{"rendered":"Baume Apr\u00e8s Rasage \u00e0 l&rsquo;Aloe Vera"},"content":{"rendered":"<h2><span style=\"font-size: 16pt;\"><strong>Baume Apr\u00e8s Rasage \u00e0 l&rsquo;Aloe Vera<\/strong><\/span><\/h2>\n<p><span style=\"font-size: 14pt;\"><strong>Baume Apr\u00e8s Rasage \u00e0 l&rsquo;Aloe Vera &#8211; Doux Soin Apr\u00e8s Le Rasage Pour Hommes<\/strong><\/span><\/p>\n<p>Les soins de la peau sont tr\u00e8s importants apr\u00e8s le <a href=\"https:\/\/www.lraloeverashop.eu\/fr\/produit\/aloe-vera-gel-de-rasage-anti-irritation\/\">rasage<\/a>. Baume Apr\u00e8s Rasage \u00e0 l&rsquo;Aloe Vera est un baume apaisant pour la peau. Gr\u00e2ce \u00e0 sa teneur \u00e0 50% en Aloe Vera et \u00e0 l&rsquo;extrait de th\u00e9 blanc qu&rsquo;il contient, le baume apaise et offre une <a href=\"https:\/\/www.lraloeverashop.eu\/fr\/produit\/aloe-vera-baume-coiffant-pour-cheveux-et-barbe\/\">hydratation efficace<\/a>.<\/p>\n<p>&nbsp;<\/p>\n<h3><span style=\"font-size: 16pt;\"><strong>Utilisez le soin homme \u00e0 l&rsquo;aloe vera pour votre rasage quotidien!<\/strong><\/span><\/h3>\n<p>Les teneurs \u00e9lev\u00e9es en gel de feuilles d&rsquo;aloe vera pur offrent une <a href=\"https:\/\/www.lraloeverashop.eu\/fr\/produit\/aloe-vera-baume-corporel-hydratant\/\">hydratation<\/a> maximale. Avec des ingr\u00e9dients biologiques issus de cultures certifi\u00e9es et des produits test\u00e9s dermatologiquement, sans parab\u00e8nes ni huiles min\u00e9rales,<br \/>\nLr aloe vera offre un <a href=\"https:\/\/www.lraloeverashop.eu\/fr\/produit\/aloe-vera-creme-anti-stress\/\">soin intensif et efficace<\/a>.<\/p>\n<p>&nbsp;<\/p>\n<h4><span style=\"font-size: 16pt;\"><strong>Saviez-vous?<\/strong><\/span><\/h4>\n<p>Le th\u00e9 blanc est fabriqu\u00e9 \u00e0 partir des bourgeons non ouverts du th\u00e9ier. Son nom vient des poils duveteux blancs trouv\u00e9s sur les bourgeons d\u00e9licats. Les bourgeons sont cueillis \u00e0 la main et d\u00e9licatement s\u00e9ch\u00e9s selon un proc\u00e9d\u00e9 sp\u00e9cial. Environ 30 000 bourgeons de th\u00e9 sont n\u00e9cessaires pour un kilogramme de th\u00e9 blanc.<\/p>\n","protected":false},"excerpt":{"rendered":"<ul>\n<li>Soin l\u00e9ger pour le visage apr\u00e8s le rasage<\/li>\n<li>Extrait de th\u00e9 blanc bio pour une action apaisante<\/li>\n<li>R\u00e9duit l&rsquo;irritation de la peau et les calme ensuite<\/li>\n<li>Avec 50% d&rsquo;Aloe Vera<\/li>\n<li>Quantit\u00e9: 100 ml<\/li>\n<\/ul>\n<p style=\"text-align: left;\"><span style=\"color: #ff0000;\"><a style=\"color: #ff0000;\" href=\"https:\/\/shop.lrworld.com\/openpao?PHP=0vFlt7jT938BEnBI3a6e9w%3D%3D\"><span style=\"font-size: 14pt;\"><strong>Inscrivez-vous et \u00e9conomisez 35% sur chaque commande<\/strong><\/span><\/a><\/span><\/p>\n","protected":false},"featured_media":4848,"comment_status":"open","ping_status":"closed","template":"","meta":{"_kad_blocks_custom_css":"","_kad_blocks_head_custom_js":"","_kad_blocks_body_custom_js":"","_kad_blocks_footer_custom_js":"","_kadence_starter_templates_imported_post":false,"_kad_post_transparent":"default","_kad_post_title":"","_kad_post_layout":"default","_kad_post_sidebar_id":"","_kad_post_content_style":"default","_kad_post_vertical_padding":"default","_kad_post_feature":"","_kad_post_feature_position":"","_kad_post_header":false,"_kad_post_footer":false,"_kad_post_classname":""},"product_brand":[],"product_cat":[212,248],"product_tag":[518,529],"class_list":{"0":"post-10732","1":"product","2":"type-product","3":"status-publish","4":"has-post-thumbnail","6":"product_cat-aloe-vera-fr","7":"product_cat-soins-pour-homme","8":"product_tag-barbe","9":"product_tag-produits-pour-hommes","11":"first","12":"instock","13":"taxable","14":"shipping-taxable","15":"purchasable","16":"product-type-simple","17":"entry","18":"content-bg","19":"loop-entry"},"yoast_head":"<!-- This site is optimized with the Yoast SEO Premium plugin v27.4 (Yoast SEO v27.4) - https:\/\/yoast.com\/product\/yoast-seo-premium-wordpress\/ -->\n<title>Baume Apr\u00e8s Rasage \u00e0 l&#039;Aloe Vera - Doux Soin Pour Hommes<\/title>\n<meta name=\"description\" content=\"Le soin apr\u00e8s le rasage est indispensable. Baume Apr\u00e8s Rasage \u00e0 l&#039;Aloe Vera avec 50% d&#039;Aloe Vera et Extrait de th\u00e9 blanc r\u00e9duit l&#039;irritationde la peau.\" \/>\n<meta name=\"robots\" content=\"index, follow, max-snippet:-1, max-image-preview:large, max-video-preview:-1\" \/>\n<link rel=\"canonical\" href=\"https:\/\/www.lraloeverashop.eu\/fr\/produit\/baume-apres-rasage-a-laloe-vera\/\" \/>\n<meta property=\"og:locale\" content=\"fr_FR\" \/>\n<meta property=\"og:type\" content=\"article\" \/>\n<meta property=\"og:title\" content=\"Baume Apr\u00e8s Rasage \u00e0 l&#039;Aloe Vera\" \/>\n<meta property=\"og:description\" content=\"Le soin apr\u00e8s le rasage est indispensable. Baume Apr\u00e8s Rasage \u00e0 l&#039;Aloe Vera avec 50% d&#039;Aloe Vera et Extrait de th\u00e9 blanc r\u00e9duit l&#039;irritationde la peau.\" \/>\n<meta property=\"og:url\" content=\"https:\/\/www.lraloeverashop.eu\/fr\/produit\/baume-apres-rasage-a-laloe-vera\/\" \/>\n<meta property=\"og:site_name\" content=\"Boutique Lr Aloe Vera\" \/>\n<meta property=\"article:publisher\" content=\"https:\/\/www.facebook.com\/lraloeverashop.eu\" \/>\n<meta property=\"article:modified_time\" content=\"2026-02-02T19:22:50+00:00\" \/>\n<meta property=\"og:image\" content=\"https:\/\/www.lraloeverashop.eu\/wp-content\/uploads\/2022\/10\/Soothing-Lr-Aloe-Vera-After-Shave-Balm.jpg\" \/>\n\t<meta property=\"og:image:width\" content=\"1200\" \/>\n\t<meta property=\"og:image:height\" content=\"1200\" \/>\n\t<meta property=\"og:image:type\" content=\"image\/jpeg\" \/>\n<meta name=\"twitter:card\" content=\"summary_large_image\" \/>\n<meta name=\"twitter:site\" content=\"@natur__kosmetik\" \/>\n<script type=\"application\/ld+json\" class=\"yoast-schema-graph\">{\"@context\":\"https:\\\/\\\/schema.org\",\"@graph\":[{\"@type\":[\"WebPage\",\"ItemPage\"],\"@id\":\"https:\\\/\\\/www.lraloeverashop.eu\\\/fr\\\/produit\\\/baume-apres-rasage-a-laloe-vera\\\/\",\"url\":\"https:\\\/\\\/www.lraloeverashop.eu\\\/fr\\\/produit\\\/baume-apres-rasage-a-laloe-vera\\\/\",\"name\":\"Baume Apr\u00e8s Rasage \u00e0 l'Aloe Vera - Doux Soin Pour Hommes\",\"isPartOf\":{\"@id\":\"https:\\\/\\\/www.lraloeverashop.eu\\\/fr\\\/#website\"},\"primaryImageOfPage\":{\"@id\":\"https:\\\/\\\/www.lraloeverashop.eu\\\/fr\\\/produit\\\/baume-apres-rasage-a-laloe-vera\\\/#primaryimage\"},\"image\":{\"@id\":\"https:\\\/\\\/www.lraloeverashop.eu\\\/fr\\\/produit\\\/baume-apres-rasage-a-laloe-vera\\\/#primaryimage\"},\"thumbnailUrl\":\"https:\\\/\\\/www.lraloeverashop.eu\\\/wp-content\\\/uploads\\\/2022\\\/10\\\/Soothing-Lr-Aloe-Vera-After-Shave-Balm.jpg\",\"datePublished\":\"2022-10-09T16:07:55+00:00\",\"dateModified\":\"2026-02-02T19:22:50+00:00\",\"description\":\"Le soin apr\u00e8s le rasage est indispensable. Baume Apr\u00e8s Rasage \u00e0 l'Aloe Vera avec 50% d'Aloe Vera et Extrait de th\u00e9 blanc r\u00e9duit l'irritationde la peau.\",\"breadcrumb\":{\"@id\":\"https:\\\/\\\/www.lraloeverashop.eu\\\/fr\\\/produit\\\/baume-apres-rasage-a-laloe-vera\\\/#breadcrumb\"},\"inLanguage\":\"fr-FR\",\"potentialAction\":[{\"@type\":\"ReadAction\",\"target\":[\"https:\\\/\\\/www.lraloeverashop.eu\\\/fr\\\/produit\\\/baume-apres-rasage-a-laloe-vera\\\/\"]}]},{\"@type\":\"ImageObject\",\"inLanguage\":\"fr-FR\",\"@id\":\"https:\\\/\\\/www.lraloeverashop.eu\\\/fr\\\/produit\\\/baume-apres-rasage-a-laloe-vera\\\/#primaryimage\",\"url\":\"https:\\\/\\\/www.lraloeverashop.eu\\\/wp-content\\\/uploads\\\/2022\\\/10\\\/Soothing-Lr-Aloe-Vera-After-Shave-Balm.jpg\",\"contentUrl\":\"https:\\\/\\\/www.lraloeverashop.eu\\\/wp-content\\\/uploads\\\/2022\\\/10\\\/Soothing-Lr-Aloe-Vera-After-Shave-Balm.jpg\",\"width\":1200,\"height\":1200,\"caption\":\"Baume Apr\u00e8s Rasage \u00e0 l'Aloe Vera\"},{\"@type\":\"BreadcrumbList\",\"@id\":\"https:\\\/\\\/www.lraloeverashop.eu\\\/fr\\\/produit\\\/baume-apres-rasage-a-laloe-vera\\\/#breadcrumb\",\"itemListElement\":[{\"@type\":\"ListItem\",\"position\":1,\"name\":\"Home\",\"item\":\"https:\\\/\\\/www.lraloeverashop.eu\\\/fr\\\/\"},{\"@type\":\"ListItem\",\"position\":2,\"name\":\"Boutique\",\"item\":\"https:\\\/\\\/www.lraloeverashop.eu\\\/fr\\\/boutique\\\/\"},{\"@type\":\"ListItem\",\"position\":3,\"name\":\"Baume Apr\u00e8s Rasage \u00e0 l&#8217;Aloe Vera\"}]},{\"@type\":\"WebSite\",\"@id\":\"https:\\\/\\\/www.lraloeverashop.eu\\\/fr\\\/#website\",\"url\":\"https:\\\/\\\/www.lraloeverashop.eu\\\/fr\\\/\",\"name\":\"Boutique Lr Aloe Vera\",\"description\":\"High Quality Lr Aloe Vera Gel, Aloe Vera Cream and Shampoo\",\"publisher\":{\"@id\":\"https:\\\/\\\/www.lraloeverashop.eu\\\/fr\\\/#organization\"},\"potentialAction\":[{\"@type\":\"SearchAction\",\"target\":{\"@type\":\"EntryPoint\",\"urlTemplate\":\"https:\\\/\\\/www.lraloeverashop.eu\\\/fr\\\/?s={search_term_string}\"},\"query-input\":{\"@type\":\"PropertyValueSpecification\",\"valueRequired\":true,\"valueName\":\"search_term_string\"}}],\"inLanguage\":\"fr-FR\"},{\"@type\":\"Organization\",\"@id\":\"https:\\\/\\\/www.lraloeverashop.eu\\\/fr\\\/#organization\",\"name\":\"Boutique Lr Aloe Vera\",\"alternateName\":\"LR\",\"url\":\"https:\\\/\\\/www.lraloeverashop.eu\\\/fr\\\/\",\"logo\":{\"@type\":\"ImageObject\",\"inLanguage\":\"fr-FR\",\"@id\":\"https:\\\/\\\/www.lraloeverashop.eu\\\/fr\\\/#\\\/schema\\\/logo\\\/image\\\/\",\"url\":\"https:\\\/\\\/www.lraloeverashop.eu\\\/wp-content\\\/uploads\\\/2022\\\/09\\\/cropped-Lr-Aloe-Vera-Shop.jpg\",\"contentUrl\":\"https:\\\/\\\/www.lraloeverashop.eu\\\/wp-content\\\/uploads\\\/2022\\\/09\\\/cropped-Lr-Aloe-Vera-Shop.jpg\",\"width\":228,\"height\":76,\"caption\":\"Boutique Lr Aloe Vera\"},\"image\":{\"@id\":\"https:\\\/\\\/www.lraloeverashop.eu\\\/fr\\\/#\\\/schema\\\/logo\\\/image\\\/\"},\"sameAs\":[\"https:\\\/\\\/www.facebook.com\\\/lraloeverashop.eu\",\"https:\\\/\\\/x.com\\\/natur__kosmetik\",\"https:\\\/\\\/www.youtube.com\\\/channel\\\/UC5oN7BJ8nfYb8RpVtjwDEBA\",\"https:\\\/\\\/www.instagram.com\\\/lrbeautyeu\\\/\"],\"description\":\"La boutique LR Aloe Vera est votre destination de confiance pour les produits de sant\u00e9 et de beaut\u00e9 haut de gamme LR, fabriqu\u00e9s en Allemagne. Nous proposons des soins de la peau, des compl\u00e9ments nutritionnels et des solutions anti-\u00e2ge \u00e0 l'aloe vera de haute qualit\u00e9, \u00e9labor\u00e9s \u00e0 partir d'ingr\u00e9dients purs et valid\u00e9s par la recherche scientifique. D\u00e9couvrez des soins naturels qui r\u00e9g\u00e9n\u00e8rent, prot\u00e8gent et revitalisent votre peau, et profitez d'offres mensuelles exclusives sur nos produits LR Aloe Vera les plus vendus.\\n\\nCommencez d\u00e8s aujourd'hui votre parcours vers des soins naturels et constatez la diff\u00e9rence.\",\"email\":\"info@lraloeverashop.eu\",\"telephone\":\"+49 17670609653\",\"legalName\":\"Lr Aloe Vera Shop\",\"foundingDate\":\"2018-04-21\",\"numberOfEmployees\":{\"@type\":\"QuantitativeValue\",\"minValue\":\"1\",\"maxValue\":\"10\"}}]}<\/script>\n<meta property=\"product:price:amount\" content=\"12.99\" \/>\n<meta property=\"product:price:currency\" content=\"EUR\" \/>\n<meta property=\"og:availability\" content=\"instock\" \/>\n<meta property=\"product:availability\" content=\"instock\" \/>\n<meta property=\"product:retailer_item_id\" content=\"20421-201FR\" \/>\n<meta property=\"product:condition\" content=\"new\" \/>\n<!-- \/ Yoast SEO Premium plugin. -->","yoast_head_json":{"title":"Baume Apr\u00e8s Rasage \u00e0 l'Aloe Vera - Doux Soin Pour Hommes","description":"Le soin apr\u00e8s le rasage est indispensable. Baume Apr\u00e8s Rasage \u00e0 l'Aloe Vera avec 50% d'Aloe Vera et Extrait de th\u00e9 blanc r\u00e9duit l'irritationde la peau.","robots":{"index":"index","follow":"follow","max-snippet":"max-snippet:-1","max-image-preview":"max-image-preview:large","max-video-preview":"max-video-preview:-1"},"canonical":"https:\/\/www.lraloeverashop.eu\/fr\/produit\/baume-apres-rasage-a-laloe-vera\/","og_locale":"fr_FR","og_type":"article","og_title":"Baume Apr\u00e8s Rasage \u00e0 l'Aloe Vera","og_description":"Le soin apr\u00e8s le rasage est indispensable. Baume Apr\u00e8s Rasage \u00e0 l'Aloe Vera avec 50% d'Aloe Vera et Extrait de th\u00e9 blanc r\u00e9duit l'irritationde la peau.","og_url":"https:\/\/www.lraloeverashop.eu\/fr\/produit\/baume-apres-rasage-a-laloe-vera\/","og_site_name":"Boutique Lr Aloe Vera","article_publisher":"https:\/\/www.facebook.com\/lraloeverashop.eu","article_modified_time":"2026-02-02T19:22:50+00:00","og_image":[{"width":1200,"height":1200,"url":"https:\/\/www.lraloeverashop.eu\/wp-content\/uploads\/2022\/10\/Soothing-Lr-Aloe-Vera-After-Shave-Balm.jpg","type":"image\/jpeg"}],"twitter_card":"summary_large_image","twitter_site":"@natur__kosmetik","schema":{"@context":"https:\/\/schema.org","@graph":[{"@type":["WebPage","ItemPage"],"@id":"https:\/\/www.lraloeverashop.eu\/fr\/produit\/baume-apres-rasage-a-laloe-vera\/","url":"https:\/\/www.lraloeverashop.eu\/fr\/produit\/baume-apres-rasage-a-laloe-vera\/","name":"Baume Apr\u00e8s Rasage \u00e0 l'Aloe Vera - Doux Soin Pour Hommes","isPartOf":{"@id":"https:\/\/www.lraloeverashop.eu\/fr\/#website"},"primaryImageOfPage":{"@id":"https:\/\/www.lraloeverashop.eu\/fr\/produit\/baume-apres-rasage-a-laloe-vera\/#primaryimage"},"image":{"@id":"https:\/\/www.lraloeverashop.eu\/fr\/produit\/baume-apres-rasage-a-laloe-vera\/#primaryimage"},"thumbnailUrl":"https:\/\/www.lraloeverashop.eu\/wp-content\/uploads\/2022\/10\/Soothing-Lr-Aloe-Vera-After-Shave-Balm.jpg","datePublished":"2022-10-09T16:07:55+00:00","dateModified":"2026-02-02T19:22:50+00:00","description":"Le soin apr\u00e8s le rasage est indispensable. Baume Apr\u00e8s Rasage \u00e0 l'Aloe Vera avec 50% d'Aloe Vera et Extrait de th\u00e9 blanc r\u00e9duit l'irritationde la peau.","breadcrumb":{"@id":"https:\/\/www.lraloeverashop.eu\/fr\/produit\/baume-apres-rasage-a-laloe-vera\/#breadcrumb"},"inLanguage":"fr-FR","potentialAction":[{"@type":"ReadAction","target":["https:\/\/www.lraloeverashop.eu\/fr\/produit\/baume-apres-rasage-a-laloe-vera\/"]}]},{"@type":"ImageObject","inLanguage":"fr-FR","@id":"https:\/\/www.lraloeverashop.eu\/fr\/produit\/baume-apres-rasage-a-laloe-vera\/#primaryimage","url":"https:\/\/www.lraloeverashop.eu\/wp-content\/uploads\/2022\/10\/Soothing-Lr-Aloe-Vera-After-Shave-Balm.jpg","contentUrl":"https:\/\/www.lraloeverashop.eu\/wp-content\/uploads\/2022\/10\/Soothing-Lr-Aloe-Vera-After-Shave-Balm.jpg","width":1200,"height":1200,"caption":"Baume Apr\u00e8s Rasage \u00e0 l'Aloe Vera"},{"@type":"BreadcrumbList","@id":"https:\/\/www.lraloeverashop.eu\/fr\/produit\/baume-apres-rasage-a-laloe-vera\/#breadcrumb","itemListElement":[{"@type":"ListItem","position":1,"name":"Home","item":"https:\/\/www.lraloeverashop.eu\/fr\/"},{"@type":"ListItem","position":2,"name":"Boutique","item":"https:\/\/www.lraloeverashop.eu\/fr\/boutique\/"},{"@type":"ListItem","position":3,"name":"Baume Apr\u00e8s Rasage \u00e0 l&#8217;Aloe Vera"}]},{"@type":"WebSite","@id":"https:\/\/www.lraloeverashop.eu\/fr\/#website","url":"https:\/\/www.lraloeverashop.eu\/fr\/","name":"Boutique Lr Aloe Vera","description":"High Quality Lr Aloe Vera Gel, Aloe Vera Cream and Shampoo","publisher":{"@id":"https:\/\/www.lraloeverashop.eu\/fr\/#organization"},"potentialAction":[{"@type":"SearchAction","target":{"@type":"EntryPoint","urlTemplate":"https:\/\/www.lraloeverashop.eu\/fr\/?s={search_term_string}"},"query-input":{"@type":"PropertyValueSpecification","valueRequired":true,"valueName":"search_term_string"}}],"inLanguage":"fr-FR"},{"@type":"Organization","@id":"https:\/\/www.lraloeverashop.eu\/fr\/#organization","name":"Boutique Lr Aloe Vera","alternateName":"LR","url":"https:\/\/www.lraloeverashop.eu\/fr\/","logo":{"@type":"ImageObject","inLanguage":"fr-FR","@id":"https:\/\/www.lraloeverashop.eu\/fr\/#\/schema\/logo\/image\/","url":"https:\/\/www.lraloeverashop.eu\/wp-content\/uploads\/2022\/09\/cropped-Lr-Aloe-Vera-Shop.jpg","contentUrl":"https:\/\/www.lraloeverashop.eu\/wp-content\/uploads\/2022\/09\/cropped-Lr-Aloe-Vera-Shop.jpg","width":228,"height":76,"caption":"Boutique Lr Aloe Vera"},"image":{"@id":"https:\/\/www.lraloeverashop.eu\/fr\/#\/schema\/logo\/image\/"},"sameAs":["https:\/\/www.facebook.com\/lraloeverashop.eu","https:\/\/x.com\/natur__kosmetik","https:\/\/www.youtube.com\/channel\/UC5oN7BJ8nfYb8RpVtjwDEBA","https:\/\/www.instagram.com\/lrbeautyeu\/"],"description":"La boutique LR Aloe Vera est votre destination de confiance pour les produits de sant\u00e9 et de beaut\u00e9 haut de gamme LR, fabriqu\u00e9s en Allemagne. Nous proposons des soins de la peau, des compl\u00e9ments nutritionnels et des solutions anti-\u00e2ge \u00e0 l'aloe vera de haute qualit\u00e9, \u00e9labor\u00e9s \u00e0 partir d'ingr\u00e9dients purs et valid\u00e9s par la recherche scientifique. D\u00e9couvrez des soins naturels qui r\u00e9g\u00e9n\u00e8rent, prot\u00e8gent et revitalisent votre peau, et profitez d'offres mensuelles exclusives sur nos produits LR Aloe Vera les plus vendus.\n\nCommencez d\u00e8s aujourd'hui votre parcours vers des soins naturels et constatez la diff\u00e9rence.","email":"info@lraloeverashop.eu","telephone":"+49 17670609653","legalName":"Lr Aloe Vera Shop","foundingDate":"2018-04-21","numberOfEmployees":{"@type":"QuantitativeValue","minValue":"1","maxValue":"10"}}]},"product_price_amount":"12.99","product_price_currency":"EUR","og_availability":"instock","product_availability":"instock","product_retailer_item_id":"20421-201FR","product_condition":"new"},"taxonomy_info":{"product_cat":[{"value":212,"label":"Aloe Vera"},{"value":248,"label":"Soins pour homme"}],"product_tag":[{"value":518,"label":"Barbe"},{"value":529,"label":"Produits pour hommes"}]},"featured_image_src_large":["https:\/\/www.lraloeverashop.eu\/wp-content\/uploads\/2022\/10\/Soothing-Lr-Aloe-Vera-After-Shave-Balm-1024x1024.jpg",1024,1024,true],"author_info":[],"comment_info":0,"_links":{"self":[{"href":"https:\/\/www.lraloeverashop.eu\/fr\/wp-json\/wp\/v2\/product\/10732","targetHints":{"allow":["GET"]}}],"collection":[{"href":"https:\/\/www.lraloeverashop.eu\/fr\/wp-json\/wp\/v2\/product"}],"about":[{"href":"https:\/\/www.lraloeverashop.eu\/fr\/wp-json\/wp\/v2\/types\/product"}],"replies":[{"embeddable":true,"href":"https:\/\/www.lraloeverashop.eu\/fr\/wp-json\/wp\/v2\/comments?post=10732"}],"wp:featuredmedia":[{"embeddable":true,"href":"https:\/\/www.lraloeverashop.eu\/fr\/wp-json\/wp\/v2\/media\/4848"}],"wp:attachment":[{"href":"https:\/\/www.lraloeverashop.eu\/fr\/wp-json\/wp\/v2\/media?parent=10732"}],"wp:term":[{"taxonomy":"product_brand","embeddable":true,"href":"https:\/\/www.lraloeverashop.eu\/fr\/wp-json\/wp\/v2\/product_brand?post=10732"},{"taxonomy":"product_cat","embeddable":true,"href":"https:\/\/www.lraloeverashop.eu\/fr\/wp-json\/wp\/v2\/product_cat?post=10732"},{"taxonomy":"product_tag","embeddable":true,"href":"https:\/\/www.lraloeverashop.eu\/fr\/wp-json\/wp\/v2\/product_tag?post=10732"}],"curies":[{"name":"wp","href":"https:\/\/api.w.org\/{rel}","templated":true}]}}