{"id":10671,"date":"2022-10-09T22:13:20","date_gmt":"2022-10-09T20:13:20","guid":{"rendered":"https:\/\/www.lraloeverashop.eu\/product\/set-pour-cheveux-corps-aloe-vera\/"},"modified":"2026-04-06T12:07:21","modified_gmt":"2026-04-06T10:07:21","slug":"set-pour-cheveux-corps-aloe-vera","status":"publish","type":"product","link":"https:\/\/www.lraloeverashop.eu\/fr\/produit\/set-pour-cheveux-corps-aloe-vera\/","title":{"rendered":"Set Pour Cheveux et Corps Aloe Vera"},"content":{"rendered":"<h2><span style=\"font-size: 16pt;\"><strong>Set Cheveux Et Corps Aloe Vera<\/strong><\/span><\/h2>\n<p><span style=\"font-size: 14pt;\"><strong>Set Cheveux Et Corps Aloe Vera &#8211; Parfait Soin et Nettoyage Des Cheveux et du Corps<\/strong><\/span><\/p>\n<p>Avec notre Set Cheveux Et Corps Aloe Vera parfaitement assorti, vous pouvez vous sentir compl\u00e8tement rafra\u00eechi. Le shampooing \u00e0 l&#8217;Aloe Vera nettoie et <a href=\"https:\/\/www.lraloeverashop.eu\/fr\/produit\/aloe-vera-set-pour-cheveux\/\">hydrate en douceur<\/a>. Le gel douche Lr Aloe Vera rafra\u00eechit tout le corps. Avec le baume corporel \u00e0 l&#8217;Aloe Vera, vous soignez votre peau de mani\u00e8re intensive.<\/p>\n<p>Le shampooing capillaire \u00e0 l&#8217;Aloe Vera contient des ingr\u00e9dients qui agissent comme un aimant pour \u00e9liminer la salet\u00e9 de vos cheveux, les laissant propres, frais et sains. Remplis de pro vitamine B5, les cheveux deviennent plus forts et <a href=\"https:\/\/www.lraloeverashop.eu\/fr\/produit\/aloe-vera-nutri-repair-cure\/\">plus lisses<\/a> que jamais.<\/p>\n<p>Avec la teneur en aloe vera de 45%, cela aide \u00e0 <a href=\"https:\/\/www.lraloeverashop.eu\/fr\/produit\/aloe-vera-nutri-repair-masque-capillaire\/\">hydrater vos cheveux<\/a> et \u00e0 les rendre sains. Vous aimerez le parfum fruit\u00e9 du shampooing qui stimulera vos sens.<\/p>\n<p>Le Gel Douche Vitalisant Aloe Vera, \u00e0 l&#8217;Aloe Vera et \u00e0 l&#8217;extrait de kiwi, hydrate et nourrit la peau. Fournit un nettoyage en douceur sans perturber la fonction normale du manteau acide protecteur de la peau. Convient \u00e0 tous les types de peau, m\u00eame les peaux tr\u00e8s s\u00e8ches et sensibles.<\/p>\n<p>Le Baume Corporel \u00e0 l&#8217;Aloe Vera offre un soin id\u00e9al de la peau apr\u00e8s le nettoyage, gr\u00e2ce \u00e0 sa texture onctueuse et son parfum relaxant. Avec sa teneur de 69% en Aloe Vera, le Baume Hydratant pour le Corps \u00e0 l&#8217;Aloe Vera offre une hydratation riche et laisse une sensation de fra\u00eecheur sur la peau.<\/p>\n<p>Visitez \u00e9galement notre blog pour en savoir plus sur l&#8217;Aloe Vera <a href=\"https:\/\/www.lraloeverashop.eu\/fr\/soins-cheveux-aloe-vera-nutri-repair\/\">pour les cheveux ab\u00eem\u00e9s<\/a><\/p>\n","protected":false},"excerpt":{"rendered":"<ul>\n<li>Soin et nettoyage pour les cheveux et le corps<\/li>\n<li>Lr Aloe Vera Nutri Repair Shampoingt nettoie chaque cheveu avec douceur<\/li>\n<li>Lr Aloe Vera Baume Corporel Hydratant rend la peau souple<\/li>\n<li>Lr Aloe Vera Gel Douche Relaxant rafra\u00eechit<\/li>\n<li>Sans parabens<\/li>\n<\/ul>\n<p style=\"text-align: left;\"><span style=\"color: #ff0000;\"><a style=\"color: #ff0000;\" href=\"https:\/\/shop.lrworld.com\/openpao?PHP=0vFlt7jT938BEnBI3a6e9w%3D%3D\"><span style=\"font-size: 14pt;\"><strong>Inscrivez-vous et \u00e9conomisez 35% sur chaque commande<\/strong><\/span><\/a><\/span><\/p>\n","protected":false},"featured_media":4884,"comment_status":"open","ping_status":"closed","template":"","meta":{"_kad_blocks_custom_css":"","_kad_blocks_head_custom_js":"","_kad_blocks_body_custom_js":"","_kad_blocks_footer_custom_js":"","_kadence_starter_templates_imported_post":false,"_kad_post_transparent":"default","_kad_post_title":"","_kad_post_layout":"default","_kad_post_sidebar_id":"","_kad_post_content_style":"default","_kad_post_vertical_padding":"default","_kad_post_feature":"","_kad_post_feature_position":"","_kad_post_header":false,"_kad_post_footer":false,"_kad_post_classname":""},"product_brand":[],"product_cat":[212,227,224],"product_tag":[585,587],"class_list":{"0":"post-10671","1":"product","2":"type-product","3":"status-publish","4":"has-post-thumbnail","6":"product_cat-aloe-vera-fr","7":"product_cat-soins-des-cheveux","8":"product_cat-soins-du-corps","9":"product_tag-cheveux-secs","10":"product_tag-peau-seche","12":"first","13":"instock","14":"taxable","15":"shipping-taxable","16":"purchasable","17":"product-type-simple","18":"entry","19":"content-bg","20":"loop-entry"},"yoast_head":"<!-- This site is optimized with the Yoast SEO Premium plugin v27.5 (Yoast SEO v27.5) - https:\/\/yoast.com\/product\/yoast-seo-premium-wordpress\/ -->\n<title>Set Cheveux Et Corps Aloe Vera - Parfait nettoyage sans parabens<\/title>\n<meta name=\"description\" content=\"Set Cheveux Et Corps Aloe Vera vous pouvez vous sentir compl\u00e8tement rafra\u00eechi. Le shampooing \u00e0 l&#039;Aloe Vera nettoie et hydrate en douceur.\" \/>\n<meta name=\"robots\" content=\"index, follow, max-snippet:-1, max-image-preview:large, max-video-preview:-1\" \/>\n<link rel=\"canonical\" href=\"https:\/\/www.lraloeverashop.eu\/fr\/produit\/set-pour-cheveux-corps-aloe-vera\/\" \/>\n<meta property=\"og:locale\" content=\"fr_FR\" \/>\n<meta property=\"og:type\" content=\"article\" \/>\n<meta property=\"og:title\" content=\"Set Pour Cheveux et Corps Aloe Vera\" \/>\n<meta property=\"og:description\" content=\"Set Cheveux Et Corps Aloe Vera vous pouvez vous sentir compl\u00e8tement rafra\u00eechi. Le shampooing \u00e0 l&#039;Aloe Vera nettoie et hydrate en douceur.\" \/>\n<meta property=\"og:url\" content=\"https:\/\/www.lraloeverashop.eu\/fr\/produit\/set-pour-cheveux-corps-aloe-vera\/\" \/>\n<meta property=\"og:site_name\" content=\"Boutique Lr Aloe Vera\" \/>\n<meta property=\"article:publisher\" content=\"https:\/\/www.facebook.com\/lraloeverashop.eu\" \/>\n<meta property=\"article:modified_time\" content=\"2026-04-06T10:07:21+00:00\" \/>\n<meta property=\"og:image\" content=\"https:\/\/www.lraloeverashop.eu\/wp-content\/uploads\/2022\/10\/Lr-Aloe-Vera-Hair-body-set.jpg\" \/>\n\t<meta property=\"og:image:width\" content=\"1200\" \/>\n\t<meta property=\"og:image:height\" content=\"1200\" \/>\n\t<meta property=\"og:image:type\" content=\"image\/jpeg\" \/>\n<meta name=\"twitter:card\" content=\"summary_large_image\" \/>\n<meta name=\"twitter:site\" content=\"@natur__kosmetik\" \/>\n<script type=\"application\/ld+json\" class=\"yoast-schema-graph\">{\"@context\":\"https:\\\/\\\/schema.org\",\"@graph\":[{\"@type\":[\"WebPage\",\"ItemPage\"],\"@id\":\"https:\\\/\\\/www.lraloeverashop.eu\\\/fr\\\/produit\\\/set-pour-cheveux-corps-aloe-vera\\\/\",\"url\":\"https:\\\/\\\/www.lraloeverashop.eu\\\/fr\\\/produit\\\/set-pour-cheveux-corps-aloe-vera\\\/\",\"name\":\"Set Cheveux Et Corps Aloe Vera - Parfait nettoyage sans parabens\",\"isPartOf\":{\"@id\":\"https:\\\/\\\/www.lraloeverashop.eu\\\/fr\\\/#website\"},\"primaryImageOfPage\":{\"@id\":\"https:\\\/\\\/www.lraloeverashop.eu\\\/fr\\\/produit\\\/set-pour-cheveux-corps-aloe-vera\\\/#primaryimage\"},\"image\":{\"@id\":\"https:\\\/\\\/www.lraloeverashop.eu\\\/fr\\\/produit\\\/set-pour-cheveux-corps-aloe-vera\\\/#primaryimage\"},\"thumbnailUrl\":\"https:\\\/\\\/www.lraloeverashop.eu\\\/wp-content\\\/uploads\\\/2022\\\/10\\\/Lr-Aloe-Vera-Hair-body-set.jpg\",\"datePublished\":\"2022-10-09T20:13:20+00:00\",\"dateModified\":\"2026-04-06T10:07:21+00:00\",\"description\":\"Set Cheveux Et Corps Aloe Vera vous pouvez vous sentir compl\u00e8tement rafra\u00eechi. Le shampooing \u00e0 l'Aloe Vera nettoie et hydrate en douceur.\",\"breadcrumb\":{\"@id\":\"https:\\\/\\\/www.lraloeverashop.eu\\\/fr\\\/produit\\\/set-pour-cheveux-corps-aloe-vera\\\/#breadcrumb\"},\"inLanguage\":\"fr-FR\",\"potentialAction\":[{\"@type\":\"ReadAction\",\"target\":[\"https:\\\/\\\/www.lraloeverashop.eu\\\/fr\\\/produit\\\/set-pour-cheveux-corps-aloe-vera\\\/\"]}]},{\"@type\":\"ImageObject\",\"inLanguage\":\"fr-FR\",\"@id\":\"https:\\\/\\\/www.lraloeverashop.eu\\\/fr\\\/produit\\\/set-pour-cheveux-corps-aloe-vera\\\/#primaryimage\",\"url\":\"https:\\\/\\\/www.lraloeverashop.eu\\\/wp-content\\\/uploads\\\/2022\\\/10\\\/Lr-Aloe-Vera-Hair-body-set.jpg\",\"contentUrl\":\"https:\\\/\\\/www.lraloeverashop.eu\\\/wp-content\\\/uploads\\\/2022\\\/10\\\/Lr-Aloe-Vera-Hair-body-set.jpg\",\"width\":1200,\"height\":1200,\"caption\":\"Set Pour Cheveux Et Corps Aloe Vera - Parfait Soin et Nettoyage Des Cheveux et du Corps\"},{\"@type\":\"BreadcrumbList\",\"@id\":\"https:\\\/\\\/www.lraloeverashop.eu\\\/fr\\\/produit\\\/set-pour-cheveux-corps-aloe-vera\\\/#breadcrumb\",\"itemListElement\":[{\"@type\":\"ListItem\",\"position\":1,\"name\":\"Home\",\"item\":\"https:\\\/\\\/www.lraloeverashop.eu\\\/fr\\\/home\\\/\"},{\"@type\":\"ListItem\",\"position\":2,\"name\":\"Boutique\",\"item\":\"https:\\\/\\\/www.lraloeverashop.eu\\\/fr\\\/boutique\\\/\"},{\"@type\":\"ListItem\",\"position\":3,\"name\":\"Set Pour Cheveux et Corps Aloe Vera\"}]},{\"@type\":\"WebSite\",\"@id\":\"https:\\\/\\\/www.lraloeverashop.eu\\\/fr\\\/#website\",\"url\":\"https:\\\/\\\/www.lraloeverashop.eu\\\/fr\\\/\",\"name\":\"Boutique Lr Aloe Vera\",\"description\":\"High Quality Lr Aloe Vera Gel, Aloe Vera Cream and Shampoo\",\"publisher\":{\"@id\":\"https:\\\/\\\/www.lraloeverashop.eu\\\/fr\\\/#organization\"},\"alternateName\":\"LR\",\"potentialAction\":[{\"@type\":\"SearchAction\",\"target\":{\"@type\":\"EntryPoint\",\"urlTemplate\":\"https:\\\/\\\/www.lraloeverashop.eu\\\/fr\\\/?s={search_term_string}\"},\"query-input\":{\"@type\":\"PropertyValueSpecification\",\"valueRequired\":true,\"valueName\":\"search_term_string\"}}],\"inLanguage\":\"fr-FR\"},{\"@type\":\"Organization\",\"@id\":\"https:\\\/\\\/www.lraloeverashop.eu\\\/fr\\\/#organization\",\"name\":\"Boutique Lr Aloe Vera\",\"alternateName\":\"LR\",\"url\":\"https:\\\/\\\/www.lraloeverashop.eu\\\/fr\\\/\",\"logo\":{\"@type\":\"ImageObject\",\"inLanguage\":\"fr-FR\",\"@id\":\"https:\\\/\\\/www.lraloeverashop.eu\\\/fr\\\/#\\\/schema\\\/logo\\\/image\\\/\",\"url\":\"https:\\\/\\\/www.lraloeverashop.eu\\\/wp-content\\\/uploads\\\/2022\\\/09\\\/cropped-Lr-Aloe-Vera-Shop.jpg\",\"contentUrl\":\"https:\\\/\\\/www.lraloeverashop.eu\\\/wp-content\\\/uploads\\\/2022\\\/09\\\/cropped-Lr-Aloe-Vera-Shop.jpg\",\"width\":228,\"height\":76,\"caption\":\"Boutique Lr Aloe Vera\"},\"image\":{\"@id\":\"https:\\\/\\\/www.lraloeverashop.eu\\\/fr\\\/#\\\/schema\\\/logo\\\/image\\\/\"},\"sameAs\":[\"https:\\\/\\\/www.facebook.com\\\/lraloeverashop.eu\",\"https:\\\/\\\/x.com\\\/natur__kosmetik\",\"https:\\\/\\\/www.youtube.com\\\/channel\\\/UC5oN7BJ8nfYb8RpVtjwDEBA\",\"https:\\\/\\\/www.instagram.com\\\/lrbeautyeu\\\/\"],\"description\":\"La boutique LR Aloe Vera est votre destination de confiance pour les produits de sant\u00e9 et de beaut\u00e9 haut de gamme LR, fabriqu\u00e9s en Allemagne. Nous proposons des soins de la peau, des compl\u00e9ments nutritionnels et des solutions anti-\u00e2ge \u00e0 l'aloe vera de haute qualit\u00e9, \u00e9labor\u00e9s \u00e0 partir d'ingr\u00e9dients purs et valid\u00e9s par la recherche scientifique. D\u00e9couvrez des soins naturels qui r\u00e9g\u00e9n\u00e8rent, prot\u00e8gent et revitalisent votre peau, et profitez d'offres mensuelles exclusives sur nos produits LR Aloe Vera les plus vendus.\\n\\nCommencez d\u00e8s aujourd'hui votre parcours vers des soins naturels et constatez la diff\u00e9rence.\",\"email\":\"info@lraloeverashop.eu\",\"telephone\":\"+49 17670609653\",\"legalName\":\"Lr Aloe Vera Shop\",\"foundingDate\":\"2018-04-21\",\"numberOfEmployees\":{\"@type\":\"QuantitativeValue\",\"minValue\":\"1\",\"maxValue\":\"10\"}}]}<\/script>\n<meta property=\"product:price:amount\" content=\"44.52\" \/>\n<meta property=\"product:price:currency\" content=\"EUR\" \/>\n<meta property=\"og:availability\" content=\"instock\" \/>\n<meta property=\"product:availability\" content=\"instock\" \/>\n<meta property=\"product:retailer_item_id\" content=\"20706-201FR\" \/>\n<meta property=\"product:condition\" content=\"new\" \/>\n<!-- \/ Yoast SEO Premium plugin. -->","yoast_head_json":{"title":"Set Cheveux Et Corps Aloe Vera - Parfait nettoyage sans parabens","description":"Set Cheveux Et Corps Aloe Vera vous pouvez vous sentir compl\u00e8tement rafra\u00eechi. Le shampooing \u00e0 l'Aloe Vera nettoie et hydrate en douceur.","robots":{"index":"index","follow":"follow","max-snippet":"max-snippet:-1","max-image-preview":"max-image-preview:large","max-video-preview":"max-video-preview:-1"},"canonical":"https:\/\/www.lraloeverashop.eu\/fr\/produit\/set-pour-cheveux-corps-aloe-vera\/","og_locale":"fr_FR","og_type":"article","og_title":"Set Pour Cheveux et Corps Aloe Vera","og_description":"Set Cheveux Et Corps Aloe Vera vous pouvez vous sentir compl\u00e8tement rafra\u00eechi. Le shampooing \u00e0 l'Aloe Vera nettoie et hydrate en douceur.","og_url":"https:\/\/www.lraloeverashop.eu\/fr\/produit\/set-pour-cheveux-corps-aloe-vera\/","og_site_name":"Boutique Lr Aloe Vera","article_publisher":"https:\/\/www.facebook.com\/lraloeverashop.eu","article_modified_time":"2026-04-06T10:07:21+00:00","og_image":[{"width":1200,"height":1200,"url":"https:\/\/www.lraloeverashop.eu\/wp-content\/uploads\/2022\/10\/Lr-Aloe-Vera-Hair-body-set.jpg","type":"image\/jpeg"}],"twitter_card":"summary_large_image","twitter_site":"@natur__kosmetik","schema":{"@context":"https:\/\/schema.org","@graph":[{"@type":["WebPage","ItemPage"],"@id":"https:\/\/www.lraloeverashop.eu\/fr\/produit\/set-pour-cheveux-corps-aloe-vera\/","url":"https:\/\/www.lraloeverashop.eu\/fr\/produit\/set-pour-cheveux-corps-aloe-vera\/","name":"Set Cheveux Et Corps Aloe Vera - Parfait nettoyage sans parabens","isPartOf":{"@id":"https:\/\/www.lraloeverashop.eu\/fr\/#website"},"primaryImageOfPage":{"@id":"https:\/\/www.lraloeverashop.eu\/fr\/produit\/set-pour-cheveux-corps-aloe-vera\/#primaryimage"},"image":{"@id":"https:\/\/www.lraloeverashop.eu\/fr\/produit\/set-pour-cheveux-corps-aloe-vera\/#primaryimage"},"thumbnailUrl":"https:\/\/www.lraloeverashop.eu\/wp-content\/uploads\/2022\/10\/Lr-Aloe-Vera-Hair-body-set.jpg","datePublished":"2022-10-09T20:13:20+00:00","dateModified":"2026-04-06T10:07:21+00:00","description":"Set Cheveux Et Corps Aloe Vera vous pouvez vous sentir compl\u00e8tement rafra\u00eechi. Le shampooing \u00e0 l'Aloe Vera nettoie et hydrate en douceur.","breadcrumb":{"@id":"https:\/\/www.lraloeverashop.eu\/fr\/produit\/set-pour-cheveux-corps-aloe-vera\/#breadcrumb"},"inLanguage":"fr-FR","potentialAction":[{"@type":"ReadAction","target":["https:\/\/www.lraloeverashop.eu\/fr\/produit\/set-pour-cheveux-corps-aloe-vera\/"]}]},{"@type":"ImageObject","inLanguage":"fr-FR","@id":"https:\/\/www.lraloeverashop.eu\/fr\/produit\/set-pour-cheveux-corps-aloe-vera\/#primaryimage","url":"https:\/\/www.lraloeverashop.eu\/wp-content\/uploads\/2022\/10\/Lr-Aloe-Vera-Hair-body-set.jpg","contentUrl":"https:\/\/www.lraloeverashop.eu\/wp-content\/uploads\/2022\/10\/Lr-Aloe-Vera-Hair-body-set.jpg","width":1200,"height":1200,"caption":"Set Pour Cheveux Et Corps Aloe Vera - Parfait Soin et Nettoyage Des Cheveux et du Corps"},{"@type":"BreadcrumbList","@id":"https:\/\/www.lraloeverashop.eu\/fr\/produit\/set-pour-cheveux-corps-aloe-vera\/#breadcrumb","itemListElement":[{"@type":"ListItem","position":1,"name":"Home","item":"https:\/\/www.lraloeverashop.eu\/fr\/home\/"},{"@type":"ListItem","position":2,"name":"Boutique","item":"https:\/\/www.lraloeverashop.eu\/fr\/boutique\/"},{"@type":"ListItem","position":3,"name":"Set Pour Cheveux et Corps Aloe Vera"}]},{"@type":"WebSite","@id":"https:\/\/www.lraloeverashop.eu\/fr\/#website","url":"https:\/\/www.lraloeverashop.eu\/fr\/","name":"Boutique Lr Aloe Vera","description":"High Quality Lr Aloe Vera Gel, Aloe Vera Cream and Shampoo","publisher":{"@id":"https:\/\/www.lraloeverashop.eu\/fr\/#organization"},"alternateName":"LR","potentialAction":[{"@type":"SearchAction","target":{"@type":"EntryPoint","urlTemplate":"https:\/\/www.lraloeverashop.eu\/fr\/?s={search_term_string}"},"query-input":{"@type":"PropertyValueSpecification","valueRequired":true,"valueName":"search_term_string"}}],"inLanguage":"fr-FR"},{"@type":"Organization","@id":"https:\/\/www.lraloeverashop.eu\/fr\/#organization","name":"Boutique Lr Aloe Vera","alternateName":"LR","url":"https:\/\/www.lraloeverashop.eu\/fr\/","logo":{"@type":"ImageObject","inLanguage":"fr-FR","@id":"https:\/\/www.lraloeverashop.eu\/fr\/#\/schema\/logo\/image\/","url":"https:\/\/www.lraloeverashop.eu\/wp-content\/uploads\/2022\/09\/cropped-Lr-Aloe-Vera-Shop.jpg","contentUrl":"https:\/\/www.lraloeverashop.eu\/wp-content\/uploads\/2022\/09\/cropped-Lr-Aloe-Vera-Shop.jpg","width":228,"height":76,"caption":"Boutique Lr Aloe Vera"},"image":{"@id":"https:\/\/www.lraloeverashop.eu\/fr\/#\/schema\/logo\/image\/"},"sameAs":["https:\/\/www.facebook.com\/lraloeverashop.eu","https:\/\/x.com\/natur__kosmetik","https:\/\/www.youtube.com\/channel\/UC5oN7BJ8nfYb8RpVtjwDEBA","https:\/\/www.instagram.com\/lrbeautyeu\/"],"description":"La boutique LR Aloe Vera est votre destination de confiance pour les produits de sant\u00e9 et de beaut\u00e9 haut de gamme LR, fabriqu\u00e9s en Allemagne. Nous proposons des soins de la peau, des compl\u00e9ments nutritionnels et des solutions anti-\u00e2ge \u00e0 l'aloe vera de haute qualit\u00e9, \u00e9labor\u00e9s \u00e0 partir d'ingr\u00e9dients purs et valid\u00e9s par la recherche scientifique. D\u00e9couvrez des soins naturels qui r\u00e9g\u00e9n\u00e8rent, prot\u00e8gent et revitalisent votre peau, et profitez d'offres mensuelles exclusives sur nos produits LR Aloe Vera les plus vendus.\n\nCommencez d\u00e8s aujourd'hui votre parcours vers des soins naturels et constatez la diff\u00e9rence.","email":"info@lraloeverashop.eu","telephone":"+49 17670609653","legalName":"Lr Aloe Vera Shop","foundingDate":"2018-04-21","numberOfEmployees":{"@type":"QuantitativeValue","minValue":"1","maxValue":"10"}}]},"product_price_amount":"44.52","product_price_currency":"EUR","og_availability":"instock","product_availability":"instock","product_retailer_item_id":"20706-201FR","product_condition":"new"},"taxonomy_info":{"product_cat":[{"value":212,"label":"Aloe Vera"},{"value":227,"label":"Soins des cheveux"},{"value":224,"label":"Soins du corps"}],"product_tag":[{"value":585,"label":"Cheveux secs"},{"value":587,"label":"Peau s\u00e8che"}]},"featured_image_src_large":["https:\/\/www.lraloeverashop.eu\/wp-content\/uploads\/2022\/10\/Lr-Aloe-Vera-Hair-body-set-1024x1024.jpg",1024,1024,true],"author_info":[],"comment_info":0,"_links":{"self":[{"href":"https:\/\/www.lraloeverashop.eu\/fr\/wp-json\/wp\/v2\/product\/10671","targetHints":{"allow":["GET"]}}],"collection":[{"href":"https:\/\/www.lraloeverashop.eu\/fr\/wp-json\/wp\/v2\/product"}],"about":[{"href":"https:\/\/www.lraloeverashop.eu\/fr\/wp-json\/wp\/v2\/types\/product"}],"replies":[{"embeddable":true,"href":"https:\/\/www.lraloeverashop.eu\/fr\/wp-json\/wp\/v2\/comments?post=10671"}],"wp:featuredmedia":[{"embeddable":true,"href":"https:\/\/www.lraloeverashop.eu\/fr\/wp-json\/wp\/v2\/media\/4884"}],"wp:attachment":[{"href":"https:\/\/www.lraloeverashop.eu\/fr\/wp-json\/wp\/v2\/media?parent=10671"}],"wp:term":[{"taxonomy":"product_brand","embeddable":true,"href":"https:\/\/www.lraloeverashop.eu\/fr\/wp-json\/wp\/v2\/product_brand?post=10671"},{"taxonomy":"product_cat","embeddable":true,"href":"https:\/\/www.lraloeverashop.eu\/fr\/wp-json\/wp\/v2\/product_cat?post=10671"},{"taxonomy":"product_tag","embeddable":true,"href":"https:\/\/www.lraloeverashop.eu\/fr\/wp-json\/wp\/v2\/product_tag?post=10671"}],"curies":[{"name":"wp","href":"https:\/\/api.w.org\/{rel}","templated":true}]}}