{"id":10610,"date":"2022-10-09T23:06:39","date_gmt":"2022-10-09T21:06:39","guid":{"rendered":"https:\/\/www.lraloeverashop.eu\/product\/aloe-vera-shampoing-pour-cheveux-corps\/"},"modified":"2026-02-02T20:19:47","modified_gmt":"2026-02-02T19:19:47","slug":"aloe-vera-shampoing-pour-cheveux-corps","status":"publish","type":"product","link":"https:\/\/www.lraloeverashop.eu\/fr\/produit\/aloe-vera-shampoing-pour-cheveux-corps\/","title":{"rendered":"Shampoing Aloe Vera Pour Cheveux &#038; Corps"},"content":{"rendered":"<h2><span style=\"font-size: 16pt;\"><strong>Shampoing <\/strong><\/span><span style=\"font-size: 16pt;\"><strong>Aloe Vera Pour Cheveux &amp; Corps<\/strong><\/span><\/h2>\n<p><span style=\"font-size: 14pt;\"><strong>Shampoing Aloe Vera Pour Cheveux &amp; Corps &#8211; Un Nettoyage Efficace De La T\u00eate Aux Pieds<\/strong><\/span><\/p>\n<p>Le shampoing est particuli\u00e8rement doux et peut \u00eatre utilis\u00e9 pour la douche quotidienne et les <a href=\"https:\/\/www.lraloeverashop.eu\/fr\/produit\/aloe-vera-nutri-repair-shampoing\/\">cheveux<\/a>. Avec 35 % d&rsquo;aloe vera et de l&rsquo;extrait de bambou bio, le gel douche rafra\u00eechissant est un produit de toilette et de soin tout en un rapide et simple.<\/p>\n<p>&nbsp;<\/p>\n<h3><span style=\"font-size: 16pt;\"><strong>Comment utiliser<\/strong><\/span><\/h3>\n<p>Utiliser au besoin matin et soir ou sous la douche apr\u00e8s l&rsquo;effort. Appliquer sur les cheveux ou la peau mouill\u00e9s et r\u00e9partir uniform\u00e9ment. Rincer abondamment \u00e0 l&rsquo;eau.<\/p>\n<p>&nbsp;<\/p>\n<h4><span style=\"font-size: 16pt;\"><strong>Le saviez-vous?<\/strong><\/span><\/h4>\n<p>Il est tr\u00e8s facile de relancer votre circulation avec une douche matinale en alternance: apr\u00e8s avoir <a href=\"https:\/\/www.lraloeverashop.eu\/fr\/produit\/aloe-vera-gel-douche-relaxant\/\">nettoy\u00e9 votre peau<\/a> et vos cheveux avec Shampoing Aloe Vera Pour Cheveux &amp; Corps, rincez votre <a href=\"https:\/\/www.lraloeverashop.eu\/fr\/produit\/set-pour-cheveux-corps-aloe-vera\/\">corps<\/a> \u00e0 l&rsquo;eau chaude, puis passez \u00e0 l&rsquo;eau froide et profitez de la sensation de fra\u00eecheur.<\/p>\n<p>Le bambou en Shampoing Aloe Vera Pour Cheveux &amp; Corps fait partie de la m\u00e9decine traditionnelle chinoise depuis des si\u00e8cles. Utilis\u00e9 dans les <a href=\"https:\/\/www.lraloeverashop.eu\/fr\/produit\/shampooing-4en1-mens-essentials\/\">soins capillaires<\/a>, l&rsquo;extrait de bambou apporte volume et brillance.<\/p>\n<p>Pour prendre soin de la peau apr\u00e8s la douche, nous vous conseillons le Baume Corps Hydratant Aloe Vera.<\/p>\n","protected":false},"excerpt":{"rendered":"<ul>\n<li>Avec 35% d&rsquo;Aloe Vera<\/li>\n<li>Avec extrait de bambou<\/li>\n<li>Nettoyant et soin complet, pratique et rapide pour le corps et les cheveux<\/li>\n<li>Pour une agr\u00e9able sensation de fra\u00eecheur sur la peau<\/li>\n<li>Quantit\u00e9: 250 ml<\/li>\n<\/ul>\n<p style=\"text-align: left;\"><span style=\"color: #ff0000;\"><a style=\"color: #ff0000;\" href=\"https:\/\/shop.lrworld.com\/openpao?PHP=0vFlt7jT938BEnBI3a6e9w%3D%3D\"><span style=\"font-size: 14pt;\"><strong>Inscrivez-vous et \u00e9conomisez 35% sur chaque commande<\/strong><\/span><\/a><\/span><\/p>\n","protected":false},"featured_media":4890,"comment_status":"open","ping_status":"closed","template":"","meta":{"_kad_blocks_custom_css":"","_kad_blocks_head_custom_js":"","_kad_blocks_body_custom_js":"","_kad_blocks_footer_custom_js":"","_kadence_starter_templates_imported_post":false,"_kad_post_transparent":"default","_kad_post_title":"","_kad_post_layout":"default","_kad_post_sidebar_id":"","_kad_post_content_style":"default","_kad_post_vertical_padding":"default","_kad_post_feature":"","_kad_post_feature_position":"","_kad_post_header":false,"_kad_post_footer":false,"_kad_post_classname":""},"product_brand":[],"product_cat":[212,227,224],"product_tag":[585,647],"class_list":{"0":"post-10610","1":"product","2":"type-product","3":"status-publish","4":"has-post-thumbnail","6":"product_cat-aloe-vera-fr","7":"product_cat-soins-des-cheveux","8":"product_cat-soins-du-corps","9":"product_tag-cheveux-secs","10":"product_tag-gel-douche","12":"first","13":"instock","14":"taxable","15":"shipping-taxable","16":"purchasable","17":"product-type-simple","18":"entry","19":"content-bg","20":"loop-entry"},"yoast_head":"<!-- This site is optimized with the Yoast SEO Premium plugin v27.3 (Yoast SEO v27.3) - https:\/\/yoast.com\/product\/yoast-seo-premium-wordpress\/ -->\n<title>Shampoing aloe vera pour cheveux &amp; corps - Un nettoyage efficace<\/title>\n<meta name=\"description\" content=\"Shampoing Aloe Vera Pour Cheveux &amp; Corps est particuli\u00e8rement doux et peut \u00eatre utilis\u00e9 pour la douche quotidienne et les cheveux. Avec 35% Aloe Vera.\" \/>\n<meta name=\"robots\" content=\"index, follow, max-snippet:-1, max-image-preview:large, max-video-preview:-1\" \/>\n<link rel=\"canonical\" href=\"https:\/\/www.lraloeverashop.eu\/fr\/produit\/aloe-vera-shampoing-pour-cheveux-corps\/\" \/>\n<meta property=\"og:locale\" content=\"fr_FR\" \/>\n<meta property=\"og:type\" content=\"article\" \/>\n<meta property=\"og:title\" content=\"Shampoing Aloe Vera Pour Cheveux &amp; Corps\" \/>\n<meta property=\"og:description\" content=\"Shampoing Aloe Vera Pour Cheveux &amp; Corps est particuli\u00e8rement doux et peut \u00eatre utilis\u00e9 pour la douche quotidienne et les cheveux. Avec 35% Aloe Vera.\" \/>\n<meta property=\"og:url\" content=\"https:\/\/www.lraloeverashop.eu\/fr\/produit\/aloe-vera-shampoing-pour-cheveux-corps\/\" \/>\n<meta property=\"og:site_name\" content=\"Boutique Lr Aloe Vera\" \/>\n<meta property=\"article:publisher\" content=\"https:\/\/www.facebook.com\/lraloeverashop.eu\" \/>\n<meta property=\"article:modified_time\" content=\"2026-02-02T19:19:47+00:00\" \/>\n<meta property=\"og:image\" content=\"https:\/\/www.lraloeverashop.eu\/wp-content\/uploads\/2022\/10\/Lr-Aloe-Vera-Hair-Body-Wash-Shampoo.jpg\" \/>\n\t<meta property=\"og:image:width\" content=\"1200\" \/>\n\t<meta property=\"og:image:height\" content=\"1200\" \/>\n\t<meta property=\"og:image:type\" content=\"image\/jpeg\" \/>\n<meta name=\"twitter:card\" content=\"summary_large_image\" \/>\n<meta name=\"twitter:site\" content=\"@natur__kosmetik\" \/>\n<script type=\"application\/ld+json\" class=\"yoast-schema-graph\">{\"@context\":\"https:\\\/\\\/schema.org\",\"@graph\":[{\"@type\":[\"WebPage\",\"ItemPage\"],\"@id\":\"https:\\\/\\\/www.lraloeverashop.eu\\\/fr\\\/produit\\\/aloe-vera-shampoing-pour-cheveux-corps\\\/\",\"url\":\"https:\\\/\\\/www.lraloeverashop.eu\\\/fr\\\/produit\\\/aloe-vera-shampoing-pour-cheveux-corps\\\/\",\"name\":\"Shampoing aloe vera pour cheveux & corps - Un nettoyage efficace\",\"isPartOf\":{\"@id\":\"https:\\\/\\\/www.lraloeverashop.eu\\\/fr\\\/#website\"},\"primaryImageOfPage\":{\"@id\":\"https:\\\/\\\/www.lraloeverashop.eu\\\/fr\\\/produit\\\/aloe-vera-shampoing-pour-cheveux-corps\\\/#primaryimage\"},\"image\":{\"@id\":\"https:\\\/\\\/www.lraloeverashop.eu\\\/fr\\\/produit\\\/aloe-vera-shampoing-pour-cheveux-corps\\\/#primaryimage\"},\"thumbnailUrl\":\"https:\\\/\\\/www.lraloeverashop.eu\\\/wp-content\\\/uploads\\\/2022\\\/10\\\/Lr-Aloe-Vera-Hair-Body-Wash-Shampoo.jpg\",\"datePublished\":\"2022-10-09T21:06:39+00:00\",\"dateModified\":\"2026-02-02T19:19:47+00:00\",\"description\":\"Shampoing Aloe Vera Pour Cheveux & Corps est particuli\u00e8rement doux et peut \u00eatre utilis\u00e9 pour la douche quotidienne et les cheveux. Avec 35% Aloe Vera.\",\"breadcrumb\":{\"@id\":\"https:\\\/\\\/www.lraloeverashop.eu\\\/fr\\\/produit\\\/aloe-vera-shampoing-pour-cheveux-corps\\\/#breadcrumb\"},\"inLanguage\":\"fr-FR\",\"potentialAction\":[{\"@type\":\"ReadAction\",\"target\":[\"https:\\\/\\\/www.lraloeverashop.eu\\\/fr\\\/produit\\\/aloe-vera-shampoing-pour-cheveux-corps\\\/\"]}]},{\"@type\":\"ImageObject\",\"inLanguage\":\"fr-FR\",\"@id\":\"https:\\\/\\\/www.lraloeverashop.eu\\\/fr\\\/produit\\\/aloe-vera-shampoing-pour-cheveux-corps\\\/#primaryimage\",\"url\":\"https:\\\/\\\/www.lraloeverashop.eu\\\/wp-content\\\/uploads\\\/2022\\\/10\\\/Lr-Aloe-Vera-Hair-Body-Wash-Shampoo.jpg\",\"contentUrl\":\"https:\\\/\\\/www.lraloeverashop.eu\\\/wp-content\\\/uploads\\\/2022\\\/10\\\/Lr-Aloe-Vera-Hair-Body-Wash-Shampoo.jpg\",\"width\":1200,\"height\":1200,\"caption\":\"Lr Aloe Vera Shampoing Pour Cheveux & Corps pour une agr\u00e9able sensation de fra\u00eecheur sur la peau\"},{\"@type\":\"BreadcrumbList\",\"@id\":\"https:\\\/\\\/www.lraloeverashop.eu\\\/fr\\\/produit\\\/aloe-vera-shampoing-pour-cheveux-corps\\\/#breadcrumb\",\"itemListElement\":[{\"@type\":\"ListItem\",\"position\":1,\"name\":\"Home\",\"item\":\"https:\\\/\\\/www.lraloeverashop.eu\\\/fr\\\/\"},{\"@type\":\"ListItem\",\"position\":2,\"name\":\"Boutique\",\"item\":\"https:\\\/\\\/www.lraloeverashop.eu\\\/fr\\\/boutique\\\/\"},{\"@type\":\"ListItem\",\"position\":3,\"name\":\"Shampoing Aloe Vera Pour Cheveux &#038; Corps\"}]},{\"@type\":\"WebSite\",\"@id\":\"https:\\\/\\\/www.lraloeverashop.eu\\\/fr\\\/#website\",\"url\":\"https:\\\/\\\/www.lraloeverashop.eu\\\/fr\\\/\",\"name\":\"Boutique Lr Aloe Vera\",\"description\":\"High Quality Lr Aloe Vera Gel, Aloe Vera Cream and Shampoo\",\"publisher\":{\"@id\":\"https:\\\/\\\/www.lraloeverashop.eu\\\/fr\\\/#organization\"},\"potentialAction\":[{\"@type\":\"SearchAction\",\"target\":{\"@type\":\"EntryPoint\",\"urlTemplate\":\"https:\\\/\\\/www.lraloeverashop.eu\\\/fr\\\/?s={search_term_string}\"},\"query-input\":{\"@type\":\"PropertyValueSpecification\",\"valueRequired\":true,\"valueName\":\"search_term_string\"}}],\"inLanguage\":\"fr-FR\"},{\"@type\":\"Organization\",\"@id\":\"https:\\\/\\\/www.lraloeverashop.eu\\\/fr\\\/#organization\",\"name\":\"Boutique Lr Aloe Vera\",\"alternateName\":\"LR\",\"url\":\"https:\\\/\\\/www.lraloeverashop.eu\\\/fr\\\/\",\"logo\":{\"@type\":\"ImageObject\",\"inLanguage\":\"fr-FR\",\"@id\":\"https:\\\/\\\/www.lraloeverashop.eu\\\/fr\\\/#\\\/schema\\\/logo\\\/image\\\/\",\"url\":\"https:\\\/\\\/www.lraloeverashop.eu\\\/wp-content\\\/uploads\\\/2022\\\/09\\\/cropped-Lr-Aloe-Vera-Shop.jpg\",\"contentUrl\":\"https:\\\/\\\/www.lraloeverashop.eu\\\/wp-content\\\/uploads\\\/2022\\\/09\\\/cropped-Lr-Aloe-Vera-Shop.jpg\",\"width\":228,\"height\":76,\"caption\":\"Boutique Lr Aloe Vera\"},\"image\":{\"@id\":\"https:\\\/\\\/www.lraloeverashop.eu\\\/fr\\\/#\\\/schema\\\/logo\\\/image\\\/\"},\"sameAs\":[\"https:\\\/\\\/www.facebook.com\\\/lraloeverashop.eu\",\"https:\\\/\\\/x.com\\\/natur__kosmetik\",\"https:\\\/\\\/www.youtube.com\\\/channel\\\/UC5oN7BJ8nfYb8RpVtjwDEBA\",\"https:\\\/\\\/www.instagram.com\\\/lrbeautyeu\\\/\"]}]}<\/script>\n<meta property=\"product:price:amount\" content=\"16.79\" \/>\n<meta property=\"product:price:currency\" content=\"EUR\" \/>\n<meta property=\"og:availability\" content=\"instock\" \/>\n<meta property=\"product:availability\" content=\"instock\" \/>\n<meta property=\"product:retailer_item_id\" content=\"20633-201FR\" \/>\n<meta property=\"product:condition\" content=\"new\" \/>\n<!-- \/ Yoast SEO Premium plugin. -->","yoast_head_json":{"title":"Shampoing aloe vera pour cheveux & corps - Un nettoyage efficace","description":"Shampoing Aloe Vera Pour Cheveux & Corps est particuli\u00e8rement doux et peut \u00eatre utilis\u00e9 pour la douche quotidienne et les cheveux. Avec 35% Aloe Vera.","robots":{"index":"index","follow":"follow","max-snippet":"max-snippet:-1","max-image-preview":"max-image-preview:large","max-video-preview":"max-video-preview:-1"},"canonical":"https:\/\/www.lraloeverashop.eu\/fr\/produit\/aloe-vera-shampoing-pour-cheveux-corps\/","og_locale":"fr_FR","og_type":"article","og_title":"Shampoing Aloe Vera Pour Cheveux & Corps","og_description":"Shampoing Aloe Vera Pour Cheveux & Corps est particuli\u00e8rement doux et peut \u00eatre utilis\u00e9 pour la douche quotidienne et les cheveux. Avec 35% Aloe Vera.","og_url":"https:\/\/www.lraloeverashop.eu\/fr\/produit\/aloe-vera-shampoing-pour-cheveux-corps\/","og_site_name":"Boutique Lr Aloe Vera","article_publisher":"https:\/\/www.facebook.com\/lraloeverashop.eu","article_modified_time":"2026-02-02T19:19:47+00:00","og_image":[{"width":1200,"height":1200,"url":"https:\/\/www.lraloeverashop.eu\/wp-content\/uploads\/2022\/10\/Lr-Aloe-Vera-Hair-Body-Wash-Shampoo.jpg","type":"image\/jpeg"}],"twitter_card":"summary_large_image","twitter_site":"@natur__kosmetik","schema":{"@context":"https:\/\/schema.org","@graph":[{"@type":["WebPage","ItemPage"],"@id":"https:\/\/www.lraloeverashop.eu\/fr\/produit\/aloe-vera-shampoing-pour-cheveux-corps\/","url":"https:\/\/www.lraloeverashop.eu\/fr\/produit\/aloe-vera-shampoing-pour-cheveux-corps\/","name":"Shampoing aloe vera pour cheveux & corps - Un nettoyage efficace","isPartOf":{"@id":"https:\/\/www.lraloeverashop.eu\/fr\/#website"},"primaryImageOfPage":{"@id":"https:\/\/www.lraloeverashop.eu\/fr\/produit\/aloe-vera-shampoing-pour-cheveux-corps\/#primaryimage"},"image":{"@id":"https:\/\/www.lraloeverashop.eu\/fr\/produit\/aloe-vera-shampoing-pour-cheveux-corps\/#primaryimage"},"thumbnailUrl":"https:\/\/www.lraloeverashop.eu\/wp-content\/uploads\/2022\/10\/Lr-Aloe-Vera-Hair-Body-Wash-Shampoo.jpg","datePublished":"2022-10-09T21:06:39+00:00","dateModified":"2026-02-02T19:19:47+00:00","description":"Shampoing Aloe Vera Pour Cheveux & Corps est particuli\u00e8rement doux et peut \u00eatre utilis\u00e9 pour la douche quotidienne et les cheveux. Avec 35% Aloe Vera.","breadcrumb":{"@id":"https:\/\/www.lraloeverashop.eu\/fr\/produit\/aloe-vera-shampoing-pour-cheveux-corps\/#breadcrumb"},"inLanguage":"fr-FR","potentialAction":[{"@type":"ReadAction","target":["https:\/\/www.lraloeverashop.eu\/fr\/produit\/aloe-vera-shampoing-pour-cheveux-corps\/"]}]},{"@type":"ImageObject","inLanguage":"fr-FR","@id":"https:\/\/www.lraloeverashop.eu\/fr\/produit\/aloe-vera-shampoing-pour-cheveux-corps\/#primaryimage","url":"https:\/\/www.lraloeverashop.eu\/wp-content\/uploads\/2022\/10\/Lr-Aloe-Vera-Hair-Body-Wash-Shampoo.jpg","contentUrl":"https:\/\/www.lraloeverashop.eu\/wp-content\/uploads\/2022\/10\/Lr-Aloe-Vera-Hair-Body-Wash-Shampoo.jpg","width":1200,"height":1200,"caption":"Lr Aloe Vera Shampoing Pour Cheveux & Corps pour une agr\u00e9able sensation de fra\u00eecheur sur la peau"},{"@type":"BreadcrumbList","@id":"https:\/\/www.lraloeverashop.eu\/fr\/produit\/aloe-vera-shampoing-pour-cheveux-corps\/#breadcrumb","itemListElement":[{"@type":"ListItem","position":1,"name":"Home","item":"https:\/\/www.lraloeverashop.eu\/fr\/"},{"@type":"ListItem","position":2,"name":"Boutique","item":"https:\/\/www.lraloeverashop.eu\/fr\/boutique\/"},{"@type":"ListItem","position":3,"name":"Shampoing Aloe Vera Pour Cheveux &#038; Corps"}]},{"@type":"WebSite","@id":"https:\/\/www.lraloeverashop.eu\/fr\/#website","url":"https:\/\/www.lraloeverashop.eu\/fr\/","name":"Boutique Lr Aloe Vera","description":"High Quality Lr Aloe Vera Gel, Aloe Vera Cream and Shampoo","publisher":{"@id":"https:\/\/www.lraloeverashop.eu\/fr\/#organization"},"potentialAction":[{"@type":"SearchAction","target":{"@type":"EntryPoint","urlTemplate":"https:\/\/www.lraloeverashop.eu\/fr\/?s={search_term_string}"},"query-input":{"@type":"PropertyValueSpecification","valueRequired":true,"valueName":"search_term_string"}}],"inLanguage":"fr-FR"},{"@type":"Organization","@id":"https:\/\/www.lraloeverashop.eu\/fr\/#organization","name":"Boutique Lr Aloe Vera","alternateName":"LR","url":"https:\/\/www.lraloeverashop.eu\/fr\/","logo":{"@type":"ImageObject","inLanguage":"fr-FR","@id":"https:\/\/www.lraloeverashop.eu\/fr\/#\/schema\/logo\/image\/","url":"https:\/\/www.lraloeverashop.eu\/wp-content\/uploads\/2022\/09\/cropped-Lr-Aloe-Vera-Shop.jpg","contentUrl":"https:\/\/www.lraloeverashop.eu\/wp-content\/uploads\/2022\/09\/cropped-Lr-Aloe-Vera-Shop.jpg","width":228,"height":76,"caption":"Boutique Lr Aloe Vera"},"image":{"@id":"https:\/\/www.lraloeverashop.eu\/fr\/#\/schema\/logo\/image\/"},"sameAs":["https:\/\/www.facebook.com\/lraloeverashop.eu","https:\/\/x.com\/natur__kosmetik","https:\/\/www.youtube.com\/channel\/UC5oN7BJ8nfYb8RpVtjwDEBA","https:\/\/www.instagram.com\/lrbeautyeu\/"]}]},"product_price_amount":"16.79","product_price_currency":"EUR","og_availability":"instock","product_availability":"instock","product_retailer_item_id":"20633-201FR","product_condition":"new"},"taxonomy_info":{"product_cat":[{"value":212,"label":"Aloe Vera"},{"value":227,"label":"Soins des cheveux"},{"value":224,"label":"Soins du corps"}],"product_tag":[{"value":585,"label":"Cheveux secs"},{"value":647,"label":"Gel douche"}]},"featured_image_src_large":["https:\/\/www.lraloeverashop.eu\/wp-content\/uploads\/2022\/10\/Lr-Aloe-Vera-Hair-Body-Wash-Shampoo-1024x1024.jpg",1024,1024,true],"author_info":[],"comment_info":0,"_links":{"self":[{"href":"https:\/\/www.lraloeverashop.eu\/fr\/wp-json\/wp\/v2\/product\/10610","targetHints":{"allow":["GET"]}}],"collection":[{"href":"https:\/\/www.lraloeverashop.eu\/fr\/wp-json\/wp\/v2\/product"}],"about":[{"href":"https:\/\/www.lraloeverashop.eu\/fr\/wp-json\/wp\/v2\/types\/product"}],"replies":[{"embeddable":true,"href":"https:\/\/www.lraloeverashop.eu\/fr\/wp-json\/wp\/v2\/comments?post=10610"}],"wp:featuredmedia":[{"embeddable":true,"href":"https:\/\/www.lraloeverashop.eu\/fr\/wp-json\/wp\/v2\/media\/4890"}],"wp:attachment":[{"href":"https:\/\/www.lraloeverashop.eu\/fr\/wp-json\/wp\/v2\/media?parent=10610"}],"wp:term":[{"taxonomy":"product_brand","embeddable":true,"href":"https:\/\/www.lraloeverashop.eu\/fr\/wp-json\/wp\/v2\/product_brand?post=10610"},{"taxonomy":"product_cat","embeddable":true,"href":"https:\/\/www.lraloeverashop.eu\/fr\/wp-json\/wp\/v2\/product_cat?post=10610"},{"taxonomy":"product_tag","embeddable":true,"href":"https:\/\/www.lraloeverashop.eu\/fr\/wp-json\/wp\/v2\/product_tag?post=10610"}],"curies":[{"name":"wp","href":"https:\/\/api.w.org\/{rel}","templated":true}]}}